{"id":986,"date":"2021-02-28T22:40:03","date_gmt":"2021-02-28T22:40:03","guid":{"rendered":"https:\/\/aigeviatges.com\/?post_type=product&#038;p=986"},"modified":"2022-05-30T18:23:19","modified_gmt":"2022-05-30T18:23:19","slug":"dinamarca-i-estocolm-6-dies","status":"publish","type":"product","link":"https:\/\/aigeviatges.com\/es\/producto\/dinamarca-y-estocolmo-6-dias\/","title":{"rendered":"DINAMARCA Y ESTOCOLMO \u2013 6 D\u00cdAS"},"content":{"rendered":"<p><strong>D\u00eda 1: BARCELONA \u2013 COPENHAGUE \u2013 TIVOLI<\/strong><br \/>\nSalida en avi\u00f3n a Copenhague. A su llegada visitaremos los famosos jardines del T\u00edvoli, el parque de atracciones m\u00e1s antiguo del mundo. Un sitio precioso que combina la belleza de sus jardines y paseos con la diversi\u00f3n de sus atracciones. El parque se construy\u00f3 a mediados del siglo XIX, conservando este encanto especial de los lugares de otras \u00e9pocas que siguen cumpliendo su funci\u00f3n. Cena y alojamiento.<\/p>\n<p><strong>D\u00eda 2: COPENHAGUE \u2013 PALACIO DE ROSENBORG<\/strong><br \/>\nPor la ma\u00f1ana realizaremos la visita panor\u00e1mica de la capital danesa. El recorrido nos llevar\u00e1 por el palacio Real de Amalienborg, el Palacio de Christiansborg (el parlamento dan\u00e9s), la Fuente de Gefion, el viejo puerto de Nyhavn, la famosa Sirenita, etc. Almuerzo. Por la tarde visitaremos el palacio de Rosenborg, aut\u00e9ntico palacio de cuento de hadas con capiteles y torres que deslumbra; una joya en el centro de la ciudad. Se construy\u00f3 entre 1605 y 1634 como \u201ccasa de verano\u201d del Rey Christian IV en estilo renacentista dan\u00e9s. Est\u00e1 rodeado por jardines de notable trazado. Cena y alojamiento.<\/p>\n<p><strong>D\u00eda 3: HILLEROD - HELSINGOR (ELSINOR)<\/strong><br \/>\nSalida al norte de la isla de Zelanda hasta Hiller\u00f8d. Visitaremos el castillo de Frederiksborg, uno de los palacios m\u00e1s importantes de Escandinavia. Trazado sobre tres islotes y completamente circundado por foso, este castillo del Renacimiento dan\u00e9s alberga el Museo de Historia Nacional que incluye pinturas, plata y porcelana, muebles y tapicer\u00edas. Continuaci\u00f3n hasta Fredensborg. Breve parada para sacar fotos exteriores del Castillo de Fredensborg, residencia de verano de la familia real, adem\u00e1s de la residencia permanente del pr\u00edncipe heredero, por lo que no se puede visitar el interior. Almuerzo en rto. Seguiremos la ruta por el extremo nororiental de la isla Zelanda hasta Helsing\u00f8r (Elsinor). Visitaremos el Castillo de Kronborg, donde William Shakespeare bas\u00f3 su Hamlet en la figura de Amleth, de la mitolog\u00eda danesa y, a pesar de no haber visto el castillo nunca, situ\u00f3 la acci\u00f3n en \u00e9l. Regreso a Copenhague. Cena y alojamiento.<\/p>\n<p><strong style=\"font-style: inherit;\">D\u00eda 4: ROSKILDE<\/strong><br \/>\nSalida a Roskilde. Visita al Museo de los barcos vikingos, un moderno edificio realizado para exponer cinco embarcaciones que fueron hundidas en el fiordo hace mil a\u00f1os para bloquear a los barcos enemigos. Se descubrieron en 1957. A continuaci\u00f3n visitaremos en la Catedral de Roskilde donde se guardan los sarc\u00f3fagos de 38 monarcas daneses. Actualmente abierta al culto. Almuerzo en rto. Tiempo libre y regreso a Copenhague. Cena y alojamiento.<\/p>\n<p><strong>D\u00eda 5: COPENHAGUE - ESTOCOLMO <\/strong><br \/>\nTraslado a la estaci\u00f3n y salida en tren r\u00e1pido a Estocolmo. Llegada y almuerzo. Por la tarde realizaremos la visita panor\u00e1mica. Recorreremos la ciudad antigua o Gamla Stan, con sus t\u00edpicas calles de \u00e9poca medieval, donde se encuentra el Palacio Real, la Catedral, etc. Almuerzo en rto. A continuaci\u00f3n realizaremos la visita art\u00edstica, visitaremos el Museo Vasa, donde est\u00e1 el famoso barco hundido en el s. XVII (construido por Gustav Vasa y rescatado tres siglos despu\u00e9s), el Ayuntamiento, donde se celebra el banquete de los premios Nobel. Cena y alojamiento.<\/p>\n<p><strong>D\u00eda 6: PALACIO REAL \u2013 APTO \u2013 BARCELONA<\/strong><br \/>\nPor la ma\u00f1ana visitaremos el Palacio Real de Estocolmo, uno de los m\u00e1s grandes de Europa. Su entorno hist\u00f3rico reflejo el arte y la cultura sueca desde la Edad Media hasta nuestros d\u00edas. El palacio, de estilo barroco italiano, se termin\u00f3 de construir en 1754. Finalizada la visita, traslado al aeropuerto y salida en avi\u00f3n a Barcelona. Fin de nuestros servicios.<\/p>","protected":false},"excerpt":{"rendered":"<p><strong>INCLUYE:\u00a0<\/strong><\/p>\n<ul>\n<li>Traslados al apt y vuelta (m\u00ednimo 25 pax)<\/li>\n<li>Avi\u00f3n BCN - Copenhague - BCN + Maleta (15 kg) y tasas<\/li>\n<li>Autocar local todo el circuito<\/li>\n<li>Gu\u00eda acompa\u00f1ante de AIGE<\/li>\n<li>Gu\u00eda local en Copenhague y Estocolmo<\/li>\n<li>Hotel 3*** o 4****<em><strong>\u00a0<\/strong><\/em><em>(seg\u00fan elecci\u00f3n)<\/em><\/li>\n<li>Pensi\u00f3n completa con agua (de la cena del d\u00eda 1 al almuerzo del d\u00eda 6)<\/li>\n<li>Entrada a los jardines del T\u00edvoli<\/li>\n<li>Entrada al palacio Rosenborg<\/li>\n<li>Entrada a los castillos de Frederiksborg y de Kronborg<\/li>\n<li>Entrada en el museo de los barcos vikingos<\/li>\n<li>Entrada en la catedral de Roskilde<\/li>\n<li>Tren r\u00e1pido Copenhague - Estocolmo<\/li>\n<li>Entrada al museo Vasa<\/li>\n<li>Entrada en el Palacio Real de Estocolmo<\/li>\n<li>Seguro de asistencia en viaje<\/li>\n<\/ul>\n<p><strong><em>Nota sobre el alojamiento: <\/em><\/strong><strong><em>4 noches en zona Copenhague + 1 noche en zona Estocolmo<\/em><\/strong><\/p>","protected":false},"featured_media":987,"template":"","meta":[],"product_cat":[25,41,90],"product_tag":[],"class_list":["post-986","product","type-product","status-publish","has-post-thumbnail","hentry","product_cat-circuits-tot-inclos","product_cat-islandia-2","product_cat-paisos-nordics"],"yoast_head":"<!-- This site is optimized with the Yoast SEO plugin v21.7 - https:\/\/yoast.com\/wordpress\/plugins\/seo\/ -->\n<title>DINAMARCA I ESTOCOLM - 6 DIES - AIGE Viatges<\/title>\n<meta name=\"description\" content=\"Agencia de viajes online | Descubre nuestros viajes inolvidables a DINAMARCA I ESTOCOLM - 6 DIES\" \/>\n<meta name=\"robots\" content=\"index, follow, max-snippet:-1, max-image-preview:large, max-video-preview:-1\" \/>\n<link rel=\"canonical\" href=\"https:\/\/aigeviatges.com\/es\/producto\/dinamarca-y-estocolmo-6-dias\/\" \/>\n<meta property=\"og:locale\" content=\"es_ES\" \/>\n<meta property=\"og:type\" content=\"article\" \/>\n<meta property=\"og:title\" content=\"DINAMARCA I ESTOCOLM - 6 DIES - AIGE Viatges\" \/>\n<meta property=\"og:description\" content=\"Agencia de viajes online | Descubre nuestros viajes inolvidables a DINAMARCA I ESTOCOLM - 6 DIES\" \/>\n<meta property=\"og:url\" content=\"https:\/\/aigeviatges.com\/es\/producto\/dinamarca-y-estocolmo-6-dias\/\" \/>\n<meta property=\"og:site_name\" content=\"AIGE Viatges\" \/>\n<meta property=\"article:publisher\" content=\"https:\/\/www.facebook.com\/viatgesaige\/\" \/>\n<meta property=\"article:modified_time\" content=\"2022-05-30T18:23:19+00:00\" \/>\n<meta property=\"og:image\" content=\"https:\/\/aigeviatges.com\/wp-content\/uploads\/2021\/02\/ES-1.jpg\" \/>\n\t<meta property=\"og:image:width\" content=\"720\" \/>\n\t<meta property=\"og:image:height\" content=\"360\" \/>\n\t<meta property=\"og:image:type\" content=\"image\/jpeg\" \/>\n<meta name=\"twitter:card\" content=\"summary_large_image\" \/>\n<meta name=\"twitter:label1\" content=\"Tiempo de lectura\" \/>\n\t<meta name=\"twitter:data1\" content=\"3 minutos\" \/>\n<script type=\"application\/ld+json\" class=\"yoast-schema-graph\">{\"@context\":\"https:\/\/schema.org\",\"@graph\":[{\"@type\":\"WebPage\",\"@id\":\"https:\/\/aigeviatges.com\/producto\/dinamarca-i-estocolm-6-dies\/\",\"url\":\"https:\/\/aigeviatges.com\/producto\/dinamarca-i-estocolm-6-dies\/\",\"name\":\"DINAMARCA I ESTOCOLM - 6 DIES - AIGE Viatges\",\"isPartOf\":{\"@id\":\"https:\/\/aigeviatges.com\/#website\"},\"datePublished\":\"2021-02-28T22:40:03+00:00\",\"dateModified\":\"2022-05-30T18:23:19+00:00\",\"description\":\"Agencia de viajes online | Descubre nuestros viajes inolvidables a DINAMARCA I ESTOCOLM - 6 DIES\",\"breadcrumb\":{\"@id\":\"https:\/\/aigeviatges.com\/producto\/dinamarca-i-estocolm-6-dies\/#breadcrumb\"},\"inLanguage\":\"es\",\"potentialAction\":[{\"@type\":\"ReadAction\",\"target\":[\"https:\/\/aigeviatges.com\/producto\/dinamarca-i-estocolm-6-dies\/\"]}]},{\"@type\":\"BreadcrumbList\",\"@id\":\"https:\/\/aigeviatges.com\/producto\/dinamarca-i-estocolm-6-dies\/#breadcrumb\",\"itemListElement\":[{\"@type\":\"ListItem\",\"position\":1,\"name\":\"Portada\",\"item\":\"https:\/\/aigeviatges.com\/\"},{\"@type\":\"ListItem\",\"position\":2,\"name\":\"Tienda\",\"item\":\"https:\/\/aigeviatges.com\/tienda-2\/\"},{\"@type\":\"ListItem\",\"position\":3,\"name\":\"DINAMARCA I ESTOCOLM &#8211; 6 DIES\"}]},{\"@type\":\"WebSite\",\"@id\":\"https:\/\/aigeviatges.com\/#website\",\"url\":\"https:\/\/aigeviatges.com\/\",\"name\":\"AIGE Viatges\",\"description\":\"Agencia de viajes especializada en producto propio para grupos.\",\"publisher\":{\"@id\":\"https:\/\/aigeviatges.com\/#organization\"},\"potentialAction\":[{\"@type\":\"SearchAction\",\"target\":{\"@type\":\"EntryPoint\",\"urlTemplate\":\"https:\/\/aigeviatges.com\/?s={search_term_string}\"},\"query-input\":\"required name=search_term_string\"}],\"inLanguage\":\"es\"},{\"@type\":\"Organization\",\"@id\":\"https:\/\/aigeviatges.com\/#organization\",\"name\":\"AIGE Viatges\",\"url\":\"https:\/\/aigeviatges.com\/\",\"logo\":{\"@type\":\"ImageObject\",\"inLanguage\":\"es\",\"@id\":\"https:\/\/aigeviatges.com\/#\/schema\/logo\/image\/\",\"url\":\"https:\/\/aigeviatges.com\/wp-content\/uploads\/2020\/03\/aig-viatges-logo-web.png\",\"contentUrl\":\"https:\/\/aigeviatges.com\/wp-content\/uploads\/2020\/03\/aig-viatges-logo-web.png\",\"width\":600,\"height\":166,\"caption\":\"AIGE Viatges\"},\"image\":{\"@id\":\"https:\/\/aigeviatges.com\/#\/schema\/logo\/image\/\"},\"sameAs\":[\"https:\/\/www.facebook.com\/viatgesaige\/\"]}]}<\/script>\n<!-- \/ Yoast SEO plugin. -->","yoast_head_json":{"title":"DINAMARCA I ESTOCOLM - 6 DIES - AIGE Viatges","description":"Agencia de viajes online | Descubre nuestros viajes inolvidables a DINAMARCA I ESTOCOLM - 6 DIES","robots":{"index":"index","follow":"follow","max-snippet":"max-snippet:-1","max-image-preview":"max-image-preview:large","max-video-preview":"max-video-preview:-1"},"canonical":"https:\/\/aigeviatges.com\/es\/producto\/dinamarca-y-estocolmo-6-dias\/","og_locale":"es_ES","og_type":"article","og_title":"DINAMARCA I ESTOCOLM - 6 DIES - AIGE Viatges","og_description":"Agencia de viajes online | Descubre nuestros viajes inolvidables a DINAMARCA I ESTOCOLM - 6 DIES","og_url":"https:\/\/aigeviatges.com\/es\/producto\/dinamarca-y-estocolmo-6-dias\/","og_site_name":"AIGE Viatges","article_publisher":"https:\/\/www.facebook.com\/viatgesaige\/","article_modified_time":"2022-05-30T18:23:19+00:00","og_image":[{"width":720,"height":360,"url":"https:\/\/aigeviatges.com\/wp-content\/uploads\/2021\/02\/ES-1.jpg","type":"image\/jpeg"}],"twitter_card":"summary_large_image","twitter_misc":{"Tiempo de lectura":"3 minutos"},"schema":{"@context":"https:\/\/schema.org","@graph":[{"@type":"WebPage","@id":"https:\/\/aigeviatges.com\/producto\/dinamarca-i-estocolm-6-dies\/","url":"https:\/\/aigeviatges.com\/producto\/dinamarca-i-estocolm-6-dies\/","name":"DINAMARCA I ESTOCOLM - 6 DIES - AIGE Viatges","isPartOf":{"@id":"https:\/\/aigeviatges.com\/#website"},"datePublished":"2021-02-28T22:40:03+00:00","dateModified":"2022-05-30T18:23:19+00:00","description":"Agencia de viajes online | Descubre nuestros viajes inolvidables a DINAMARCA I ESTOCOLM - 6 DIES","breadcrumb":{"@id":"https:\/\/aigeviatges.com\/producto\/dinamarca-i-estocolm-6-dies\/#breadcrumb"},"inLanguage":"es","potentialAction":[{"@type":"ReadAction","target":["https:\/\/aigeviatges.com\/producto\/dinamarca-i-estocolm-6-dies\/"]}]},{"@type":"BreadcrumbList","@id":"https:\/\/aigeviatges.com\/producto\/dinamarca-i-estocolm-6-dies\/#breadcrumb","itemListElement":[{"@type":"ListItem","position":1,"name":"Portada","item":"https:\/\/aigeviatges.com\/"},{"@type":"ListItem","position":2,"name":"Tienda","item":"https:\/\/aigeviatges.com\/tienda-2\/"},{"@type":"ListItem","position":3,"name":"DINAMARCA I ESTOCOLM &#8211; 6 DIES"}]},{"@type":"WebSite","@id":"https:\/\/aigeviatges.com\/#website","url":"https:\/\/aigeviatges.com\/","name":"AIGE Viatges","description":"Agencia de viajes especializada en producto propio para grupos.","publisher":{"@id":"https:\/\/aigeviatges.com\/#organization"},"potentialAction":[{"@type":"SearchAction","target":{"@type":"EntryPoint","urlTemplate":"https:\/\/aigeviatges.com\/?s={search_term_string}"},"query-input":"required name=search_term_string"}],"inLanguage":"es"},{"@type":"Organization","@id":"https:\/\/aigeviatges.com\/#organization","name":"AIGE Viatges","url":"https:\/\/aigeviatges.com\/","logo":{"@type":"ImageObject","inLanguage":"es","@id":"https:\/\/aigeviatges.com\/#\/schema\/logo\/image\/","url":"https:\/\/aigeviatges.com\/wp-content\/uploads\/2020\/03\/aig-viatges-logo-web.png","contentUrl":"https:\/\/aigeviatges.com\/wp-content\/uploads\/2020\/03\/aig-viatges-logo-web.png","width":600,"height":166,"caption":"AIGE Viatges"},"image":{"@id":"https:\/\/aigeviatges.com\/#\/schema\/logo\/image\/"},"sameAs":["https:\/\/www.facebook.com\/viatgesaige\/"]}]}},"jetpack_sharing_enabled":true,"jetpack_likes_enabled":false,"_links":{"self":[{"href":"https:\/\/aigeviatges.com\/es\/wp-json\/wp\/v2\/product\/986","targetHints":{"allow":["GET"]}}],"collection":[{"href":"https:\/\/aigeviatges.com\/es\/wp-json\/wp\/v2\/product"}],"about":[{"href":"https:\/\/aigeviatges.com\/es\/wp-json\/wp\/v2\/types\/product"}],"wp:featuredmedia":[{"embeddable":true,"href":"https:\/\/aigeviatges.com\/es\/wp-json\/wp\/v2\/media\/987"}],"wp:attachment":[{"href":"https:\/\/aigeviatges.com\/es\/wp-json\/wp\/v2\/media?parent=986"}],"wp:term":[{"taxonomy":"product_cat","embeddable":true,"href":"https:\/\/aigeviatges.com\/es\/wp-json\/wp\/v2\/product_cat?post=986"},{"taxonomy":"product_tag","embeddable":true,"href":"https:\/\/aigeviatges.com\/es\/wp-json\/wp\/v2\/product_tag?post=986"}],"curies":[{"name":"wp","href":"https:\/\/api.w.org\/{rel}","templated":true}]}}