{"id":979,"date":"2021-02-28T22:00:35","date_gmt":"2021-02-28T22:00:35","guid":{"rendered":"https:\/\/aigeviatges.com\/?post_type=product&#038;p=979"},"modified":"2021-03-18T14:48:34","modified_gmt":"2021-03-18T14:48:34","slug":"dinamarca-6-dies","status":"publish","type":"product","link":"https:\/\/aigeviatges.com\/es\/producto\/dinamarca-6-dias\/","title":{"rendered":"DINAMARCA - 6 D\u00cdAS"},"content":{"rendered":"<p><strong>D\u00eda 1: BARCELONA \u2013 COPENHAGUE \u2013 TIVOLI<\/strong><br \/>\nSalida en avi\u00f3n a Copenhague. A su llegada visitaremos los famosos jardines del T\u00edvoli, el parque de atracciones m\u00e1s antiguo del mundo. Un sitio precioso que combina la belleza de sus jardines y paseos con la diversi\u00f3n de sus atracciones. El parque se construy\u00f3 a mediados del siglo XIX, conservando este encanto especial de los lugares de otras \u00e9pocas que siguen cumpliendo su funci\u00f3n. Cena y alojamiento.<\/p>\n<p><strong>D\u00eda 2: COPENHAGUE \u2013 PALACIO DE ROSENBORG<\/strong><br \/>\nPor la ma\u00f1ana realizaremos la visita panor\u00e1mica de la capital danesa. El recorrido nos llevar\u00e1 por el palacio Real de Amalienborg, el Palacio de Christiansborg (el parlamento dan\u00e9s), la Fuente de Gefion, el viejo puerto de Nyhavn, la famosa Sirenita, etc. Almuerzo. Por la tarde visitaremos el palacio de Rosenborg, aut\u00e9ntico palacio de cuento de hadas con capiteles y torres que deslumbra; una joya en el centro de la ciudad. Se construy\u00f3 entre 1605 y 1634 como \u201ccasa de verano\u201d del Rey Christian IV en estilo renacentista dan\u00e9s. Est\u00e1 rodeado por jardines de notable trazado. Cena y alojamiento.<\/p>\n<p><strong>D\u00eda 3: HILLEROD - HELSINGOR (ELSINOR)<\/strong><br \/>\nSalida al norte de la isla de Zelanda hasta Hiller\u00f8d. Visitaremos el castillo de Frederiksborg, uno de los palacios m\u00e1s importantes de Escandinavia. Trazado sobre tres islotes y completamente circundado por foso, este castillo del Renacimiento dan\u00e9s alberga el Museo de Historia Nacional que incluye pinturas, plata y porcelana, muebles y tapicer\u00edas. Continuaci\u00f3n hasta Fredensborg. Breve parada para sacar fotos exteriores del Castillo de Fredensborg, residencia de verano de la familia real, adem\u00e1s de la residencia permanente del pr\u00edncipe heredero, por lo que no se puede visitar el interior. Almuerzo en rto. Seguiremos la ruta por el extremo nororiental de la isla Zelanda hasta Helsing\u00f8r (Elsinor). Visitaremos el Castillo de Kronborg, donde William Shakespeare bas\u00f3 su Hamlet en la figura de Amleth, de la mitolog\u00eda danesa y, a pesar de no haber visto el castillo nunca, situ\u00f3 la acci\u00f3n en \u00e9l. Regreso a Copenhague. Cena y alojamiento.<\/p>\n<p><strong>D\u00eda 4: ODENSE \u2013 MUSEO AL AIRE LIBRE<\/strong><br \/>\nSalida a la isla de Fiona. Visitaremos Odense, la ciudad natal de Hans Christian Andersen, visitaremos el centro hist\u00f3rico. Adem\u00e1s de la zona m\u00e1s antigua de la ciudad, la ciudad tiene otro de sus puntos de inter\u00e9s en torno al Ayuntamiento. La sede municipal es un edificio construido a finales del siglo XIX y ampliado a mediados del XX, con una bonita fachada que da a una de las plazas m\u00e1s interesantes de la ciudad y la catedral g\u00f3tica de Skt. Knud, del siglo XVI. Podremos visitar el museo dedicado al compositor Carl Nielsen y su esposa, la escultora Anne Marie, donde se explica la historia de la vida y la obra de ambos artistas que dejaron marcas indelebles en la vida cultural de Dinamarca. Almuerzo en rto. Por la tarde conoceremos algo del pasado de Dinamarca visitando la aldea Fionia, una especie de museo al aire libre en el que se reconstruyeron varias casas de los siglos XVIII y XIX y se intenta mostrar c\u00f3mo era la vida rural en aquellos a\u00f1os. Regreso a Copenhague. Cena y alojamiento.<\/p>\n<p><strong>D\u00eda 5: ROSKILDE<\/strong><br \/>\nSalida a Roskilde. Visita al Museo de los barcos vikingos, un moderno edificio realizado para exponer cinco embarcaciones que fueron hundidas en el fiordo hace mil a\u00f1os para bloquear a los barcos enemigos. Se descubrieron en 1957. A continuaci\u00f3n visitaremos en la Catedral de Roskilde donde se guardan los sarc\u00f3fagos de 38 monarcas daneses. Actualmente abierta al culto. Almuerzo en rto. Tiempo libre y regreso a Copenhague. Cena y alojamiento.<\/p>\n<p><strong>D\u00eda 6: CRUCERO PUERTO y CANALES - BARCELONA<\/strong><br \/>\nPor la ma\u00f1ana haremos un bonito crucero por el canal y puerto. Veremos los principales lugares de inter\u00e9s desde el agua con un relajante paseo por los canales y las principales atracciones de la ciudad frente al mar, como la estatua de la sirenita, el Castillo Amalienborg, la \u00d3pera y la antigua Bolsa. Descubriremos barrios fascinantes, como el barrio de canales de Christianshavn. Almuerzo en rto. Traslado al aeropuerto y salida en avi\u00f3n a Barcelona. Fin de nuestros servicios.<\/p>","protected":false},"excerpt":{"rendered":"<p><strong>INCLUYE:\u00a0<\/strong><\/p>\n<ul>\n<li>Traslados al apt y vuelta (m\u00ednimo 25 pax)<\/li>\n<li>Avi\u00f3n BCN - Copenhague - BCN + Maleta (15 kg) y tasas<\/li>\n<li>Autocar local todo el circuito<\/li>\n<li>Gu\u00eda acompa\u00f1ante de AIGE + gu\u00eda local en Copenhague<\/li>\n<li>Hotel 3*** o 4****<em><strong>\u00a0<\/strong><\/em><em>(seg\u00fan elecci\u00f3n)<\/em><\/li>\n<li>Pensi\u00f3n completa con agua (de la cena del d\u00eda 1 al almuerzo del d\u00eda 6)<\/li>\n<li>Entrada a los jardines del T\u00edvoli<\/li>\n<li>Entrada al palacio Rosenborg<\/li>\n<li>Entrada a los castillos de Frederiksborg y de Kronborg<\/li>\n<li>Entrada a la aldea Fionia<\/li>\n<li>Entrada en el museo de los barcos vikingos<\/li>\n<li>Entrada en la catedral de Roskilde<\/li>\n<li>Seguro de asistencia en viaje<\/li>\n<\/ul>\n<p><em><strong>Nota sobre el alojamiento: <\/strong><\/em><em><strong>todas las noches en el mismo hotel\u00a0 \u00a0\u00a0<\/strong><\/em><\/p>","protected":false},"featured_media":980,"template":"","meta":[],"product_cat":[25,41,90],"product_tag":[],"class_list":["post-979","product","type-product","status-publish","has-post-thumbnail","hentry","product_cat-circuits-tot-inclos","product_cat-islandia-2","product_cat-paisos-nordics"],"yoast_head":"<!-- This site is optimized with the Yoast SEO plugin v21.7 - https:\/\/yoast.com\/wordpress\/plugins\/seo\/ -->\n<title>DINAMARCA - 6 DIES - AIGE Viatges<\/title>\n<meta name=\"description\" content=\"Agencia de viajes online | Descubre nuestros viajes inolvidables a DINAMARCA - 6 DIES\" \/>\n<meta name=\"robots\" content=\"index, follow, max-snippet:-1, max-image-preview:large, max-video-preview:-1\" \/>\n<link rel=\"canonical\" href=\"https:\/\/aigeviatges.com\/es\/producto\/dinamarca-6-dias\/\" \/>\n<meta property=\"og:locale\" content=\"es_ES\" \/>\n<meta property=\"og:type\" content=\"article\" \/>\n<meta property=\"og:title\" content=\"DINAMARCA - 6 DIES - AIGE Viatges\" \/>\n<meta property=\"og:description\" content=\"Agencia de viajes online | Descubre nuestros viajes inolvidables a DINAMARCA - 6 DIES\" \/>\n<meta property=\"og:url\" content=\"https:\/\/aigeviatges.com\/es\/producto\/dinamarca-6-dias\/\" \/>\n<meta property=\"og:site_name\" content=\"AIGE Viatges\" \/>\n<meta property=\"article:publisher\" content=\"https:\/\/www.facebook.com\/viatgesaige\/\" \/>\n<meta property=\"article:modified_time\" content=\"2021-03-18T14:48:34+00:00\" \/>\n<meta property=\"og:image\" content=\"https:\/\/aigeviatges.com\/wp-content\/uploads\/2021\/02\/CO-10.jpg\" \/>\n\t<meta property=\"og:image:width\" content=\"547\" \/>\n\t<meta property=\"og:image:height\" content=\"360\" \/>\n\t<meta property=\"og:image:type\" content=\"image\/jpeg\" \/>\n<meta name=\"twitter:card\" content=\"summary_large_image\" \/>\n<meta name=\"twitter:label1\" content=\"Tiempo de lectura\" \/>\n\t<meta name=\"twitter:data1\" content=\"3 minutos\" \/>\n<script type=\"application\/ld+json\" class=\"yoast-schema-graph\">{\"@context\":\"https:\/\/schema.org\",\"@graph\":[{\"@type\":\"WebPage\",\"@id\":\"https:\/\/aigeviatges.com\/producto\/dinamarca-6-dies\/\",\"url\":\"https:\/\/aigeviatges.com\/producto\/dinamarca-6-dies\/\",\"name\":\"DINAMARCA - 6 DIES - AIGE Viatges\",\"isPartOf\":{\"@id\":\"https:\/\/aigeviatges.com\/#website\"},\"datePublished\":\"2021-02-28T22:00:35+00:00\",\"dateModified\":\"2021-03-18T14:48:34+00:00\",\"description\":\"Agencia de viajes online | Descubre nuestros viajes inolvidables a DINAMARCA - 6 DIES\",\"breadcrumb\":{\"@id\":\"https:\/\/aigeviatges.com\/producto\/dinamarca-6-dies\/#breadcrumb\"},\"inLanguage\":\"es\",\"potentialAction\":[{\"@type\":\"ReadAction\",\"target\":[\"https:\/\/aigeviatges.com\/producto\/dinamarca-6-dies\/\"]}]},{\"@type\":\"BreadcrumbList\",\"@id\":\"https:\/\/aigeviatges.com\/producto\/dinamarca-6-dies\/#breadcrumb\",\"itemListElement\":[{\"@type\":\"ListItem\",\"position\":1,\"name\":\"Portada\",\"item\":\"https:\/\/aigeviatges.com\/\"},{\"@type\":\"ListItem\",\"position\":2,\"name\":\"Tienda\",\"item\":\"https:\/\/aigeviatges.com\/tienda-2\/\"},{\"@type\":\"ListItem\",\"position\":3,\"name\":\"DINAMARCA &#8211; 6 DIES\"}]},{\"@type\":\"WebSite\",\"@id\":\"https:\/\/aigeviatges.com\/#website\",\"url\":\"https:\/\/aigeviatges.com\/\",\"name\":\"AIGE Viatges\",\"description\":\"Agencia de viajes especializada en producto propio para grupos.\",\"publisher\":{\"@id\":\"https:\/\/aigeviatges.com\/#organization\"},\"potentialAction\":[{\"@type\":\"SearchAction\",\"target\":{\"@type\":\"EntryPoint\",\"urlTemplate\":\"https:\/\/aigeviatges.com\/?s={search_term_string}\"},\"query-input\":\"required name=search_term_string\"}],\"inLanguage\":\"es\"},{\"@type\":\"Organization\",\"@id\":\"https:\/\/aigeviatges.com\/#organization\",\"name\":\"AIGE Viatges\",\"url\":\"https:\/\/aigeviatges.com\/\",\"logo\":{\"@type\":\"ImageObject\",\"inLanguage\":\"es\",\"@id\":\"https:\/\/aigeviatges.com\/#\/schema\/logo\/image\/\",\"url\":\"https:\/\/aigeviatges.com\/wp-content\/uploads\/2020\/03\/aig-viatges-logo-web.png\",\"contentUrl\":\"https:\/\/aigeviatges.com\/wp-content\/uploads\/2020\/03\/aig-viatges-logo-web.png\",\"width\":600,\"height\":166,\"caption\":\"AIGE Viatges\"},\"image\":{\"@id\":\"https:\/\/aigeviatges.com\/#\/schema\/logo\/image\/\"},\"sameAs\":[\"https:\/\/www.facebook.com\/viatgesaige\/\"]}]}<\/script>\n<!-- \/ Yoast SEO plugin. -->","yoast_head_json":{"title":"DINAMARCA - 6 DIES - AIGE Viatges","description":"Agencia de viajes online | Descubre nuestros viajes inolvidables a DINAMARCA - 6 DIES","robots":{"index":"index","follow":"follow","max-snippet":"max-snippet:-1","max-image-preview":"max-image-preview:large","max-video-preview":"max-video-preview:-1"},"canonical":"https:\/\/aigeviatges.com\/es\/producto\/dinamarca-6-dias\/","og_locale":"es_ES","og_type":"article","og_title":"DINAMARCA - 6 DIES - AIGE Viatges","og_description":"Agencia de viajes online | Descubre nuestros viajes inolvidables a DINAMARCA - 6 DIES","og_url":"https:\/\/aigeviatges.com\/es\/producto\/dinamarca-6-dias\/","og_site_name":"AIGE Viatges","article_publisher":"https:\/\/www.facebook.com\/viatgesaige\/","article_modified_time":"2021-03-18T14:48:34+00:00","og_image":[{"width":547,"height":360,"url":"https:\/\/aigeviatges.com\/wp-content\/uploads\/2021\/02\/CO-10.jpg","type":"image\/jpeg"}],"twitter_card":"summary_large_image","twitter_misc":{"Tiempo de lectura":"3 minutos"},"schema":{"@context":"https:\/\/schema.org","@graph":[{"@type":"WebPage","@id":"https:\/\/aigeviatges.com\/producto\/dinamarca-6-dies\/","url":"https:\/\/aigeviatges.com\/producto\/dinamarca-6-dies\/","name":"DINAMARCA - 6 DIES - AIGE Viatges","isPartOf":{"@id":"https:\/\/aigeviatges.com\/#website"},"datePublished":"2021-02-28T22:00:35+00:00","dateModified":"2021-03-18T14:48:34+00:00","description":"Agencia de viajes online | Descubre nuestros viajes inolvidables a DINAMARCA - 6 DIES","breadcrumb":{"@id":"https:\/\/aigeviatges.com\/producto\/dinamarca-6-dies\/#breadcrumb"},"inLanguage":"es","potentialAction":[{"@type":"ReadAction","target":["https:\/\/aigeviatges.com\/producto\/dinamarca-6-dies\/"]}]},{"@type":"BreadcrumbList","@id":"https:\/\/aigeviatges.com\/producto\/dinamarca-6-dies\/#breadcrumb","itemListElement":[{"@type":"ListItem","position":1,"name":"Portada","item":"https:\/\/aigeviatges.com\/"},{"@type":"ListItem","position":2,"name":"Tienda","item":"https:\/\/aigeviatges.com\/tienda-2\/"},{"@type":"ListItem","position":3,"name":"DINAMARCA &#8211; 6 DIES"}]},{"@type":"WebSite","@id":"https:\/\/aigeviatges.com\/#website","url":"https:\/\/aigeviatges.com\/","name":"AIGE Viatges","description":"Agencia de viajes especializada en producto propio para grupos.","publisher":{"@id":"https:\/\/aigeviatges.com\/#organization"},"potentialAction":[{"@type":"SearchAction","target":{"@type":"EntryPoint","urlTemplate":"https:\/\/aigeviatges.com\/?s={search_term_string}"},"query-input":"required name=search_term_string"}],"inLanguage":"es"},{"@type":"Organization","@id":"https:\/\/aigeviatges.com\/#organization","name":"AIGE Viatges","url":"https:\/\/aigeviatges.com\/","logo":{"@type":"ImageObject","inLanguage":"es","@id":"https:\/\/aigeviatges.com\/#\/schema\/logo\/image\/","url":"https:\/\/aigeviatges.com\/wp-content\/uploads\/2020\/03\/aig-viatges-logo-web.png","contentUrl":"https:\/\/aigeviatges.com\/wp-content\/uploads\/2020\/03\/aig-viatges-logo-web.png","width":600,"height":166,"caption":"AIGE Viatges"},"image":{"@id":"https:\/\/aigeviatges.com\/#\/schema\/logo\/image\/"},"sameAs":["https:\/\/www.facebook.com\/viatgesaige\/"]}]}},"jetpack_sharing_enabled":true,"jetpack_likes_enabled":false,"_links":{"self":[{"href":"https:\/\/aigeviatges.com\/es\/wp-json\/wp\/v2\/product\/979","targetHints":{"allow":["GET"]}}],"collection":[{"href":"https:\/\/aigeviatges.com\/es\/wp-json\/wp\/v2\/product"}],"about":[{"href":"https:\/\/aigeviatges.com\/es\/wp-json\/wp\/v2\/types\/product"}],"wp:featuredmedia":[{"embeddable":true,"href":"https:\/\/aigeviatges.com\/es\/wp-json\/wp\/v2\/media\/980"}],"wp:attachment":[{"href":"https:\/\/aigeviatges.com\/es\/wp-json\/wp\/v2\/media?parent=979"}],"wp:term":[{"taxonomy":"product_cat","embeddable":true,"href":"https:\/\/aigeviatges.com\/es\/wp-json\/wp\/v2\/product_cat?post=979"},{"taxonomy":"product_tag","embeddable":true,"href":"https:\/\/aigeviatges.com\/es\/wp-json\/wp\/v2\/product_tag?post=979"}],"curies":[{"name":"wp","href":"https:\/\/api.w.org\/{rel}","templated":true}]}}