{"id":967,"date":"2021-02-26T21:37:26","date_gmt":"2021-02-26T21:37:26","guid":{"rendered":"https:\/\/aigeviatges.com\/?post_type=product&#038;p=967"},"modified":"2021-03-18T15:08:13","modified_gmt":"2021-03-18T15:08:13","slug":"republiques-baltiques-8-dies","status":"publish","type":"product","link":"https:\/\/aigeviatges.com\/es\/producto\/republicas-balticas-8-dias\/","title":{"rendered":"REPUBLICAS BALTICAS \u2013 8 D\u00cdAS"},"content":{"rendered":"<p><strong>D\u00eda 1: BARCELONA \u2013 HELSINKI \u2013 TALLIN (EST\u00d3N) \u00a0<\/strong><br \/>\nSalida en avi\u00f3n a Helsinki. Llegada y visita panor\u00e1mica de la ciudad, capital de Finlandia desde 1812. La gran Plaza del Mercado es el lugar desde donde la ciudad se abre al mundo; aqu\u00ed comienza el elegante boulevard Esplanadi. Veremos la Iglesia construida en la roca. Salida en ferry en Tallin. . Cena buffet a bordo. Llegada y traslado al hotel y alojamiento en Tallin.<\/p>\n<p><strong>D\u00eda 2: CORTEN\u00a0<\/strong><br \/>\nVisita guiada de la ciudad de Tallin. Tras la independencia, recobrada en 1991, la ciudad ha sido restaurada y es hoy en d\u00eda una de las m\u00e1s bellas capitales europeas. Admiraremos el casco antiguo medieval, declarado Patrimonio de la Humanidad por la UNESCO, la catedral ortodoxa Alexander Nevsky y el imponente Castillo de Toompea, sede del Parlamento Estonio. Por la tarde visitaremos el Palau y Jardines Kadriorg. Cena y alojamiento en Tallin.<\/p>\n<p><strong>D\u00eda 3: TALLINN \u2013 SIGULDA \u2013 PARQUE NACIONAL DE GAUJA \u2013 RIGA (LETONIA)<\/strong><br \/>\nSalida en autocar a Riga. Visita del Parque Nacional de Gauja fundado en 1973 para proteger la excepcional belleza de la regi\u00f3n. Continuaremos con la visita de Sigulda preciosa ciudad situada en el centro del valle y el Castillo de Turaida construido en 1214, tambi\u00e9n visitaremos la iglesia de madera de Vidzeme y las grutas de Gutmanis donde tienen origen las m\u00e1s celebres leyendas de la historia de los Livons. Continuaci\u00f3n de la ruta hasta llegar a Letonia. Acomodaci\u00f3n en el hotel y cena. Alojamiento en Riga.<\/p>\n<p><strong>D\u00eda 4: MUSEO ETNOGRAFICO EN EL AIRE LIBRE \u2013 RIGA<\/strong><br \/>\nPor la ma\u00f1ana visitaremos el museo etnogr\u00e1fico al aire libre. Viajaremos en el tiempo a la vida diaria y la est\u00e9tica de la gente que ha vivido en el territorio de Letonia entre el siglo XVII hasta la primera mitad del siglo XX. Por la tarde visita panor\u00e1mica de Riga. Capital de Lituania independiente a partir de 1991, la ciudad ha recobrado su antiguo esplendor y por ello ha sido declarada Patrimonio de la Humanidad por la UNESCO. Realizaremos un recorrido a pie en el centro hist\u00f3rico as\u00ed como el Castillo, actual sede de la Presidencia de la Rep\u00fablica. Seguiremos con la visita de la Catedral, la mayor de los pa\u00edses b\u00e1lticos, joya g\u00f3tica construida en 1211. Cena y alojamiento en Riga.<\/p>\n<p><strong>D\u00eda 5: RIGA - PALACIO DE RUNDALE<\/strong><br \/>\nSalida a Rundale. Visitaremos el famoso Palau, antigua residencia de verano de los Duques de Curlandia. Realizado en estilo barroco-rococ\u00f3, fue proyectado por el arquitecto italiano de origen ruso, BF Rastrelli quien tambi\u00e9n proyect\u00f3 el Palacio de Invierno de los Zares en San Petersburgo. Tarde libre. Cena y alojamiento en Riga.<\/p>\n<p><strong>D\u00eda 6: RIGA \u2013 CIMA DE LAS CRUZES \u2013 VILNIUS (LITUANIA)<\/strong><br \/>\nVisita del Mercado Central de Riga. Es el mayor mercado de los Pa\u00edses B\u00e1lticos y uno de los mayores de Europa. Inaugurado en 1930. Imponente construcci\u00f3n de 5 grandes naves de estilo Art Nouveau en pleno centro de Riga. Seguidamente saldremos en autocar a la vecina Lituania. Almuerzo en ruta. En Siauliai, visitaremos la cima de las cruces, donde los peregrinos acuden a depositar sus cruces y rosarios desde el siglo XIV como signo de identidad religiosa. Continuaci\u00f3n hasta llegar a Lituania. Acomodaci\u00f3n en el hotel. Cena y alojamiento en Vilna.<\/p>\n<p><strong>D\u00eda 7: VILNIUS<\/strong><br \/>\nVisita panor\u00e1mica de la ciudad de Vilna. Es la capital y ciudad m\u00e1s populosa de Lituania. El centro originario era un fuerte construido sobre la cima de una colina del Ducado de Lituania. El rey de Polonia y gran duque de Lituania Wladyslaw II de Polonia concede a Vilna el derecho de ser ciudad en 1387. Su poblaci\u00f3n estaba inicialmente compuesta por lituanos, pero esto se acaba con la llegada de mercaderes y artesanos de diversas nacionalidades. En la Edad Moderna, lo que hoy es la ciudad antigua, fundada en 1323, fue rodeada de muros, con nueve puertas y tres torres. Contemplaremos la torre de Guedimino, la Catedral, la Iglesia de San Pedro y San Pablo. Almuerzo. Continuaremos con el magn\u00edfico casco viejo, el barrio jud\u00edo, etc.. Cena y alojamiento en Vilnius.<\/p>\n<p><strong>D\u00eda 8: VILNIUS \u2013 TRAKAI \u2013 BARCELONA<\/strong><br \/>\nPor la ma\u00f1ana, realizaremos una excursi\u00f3n a Trakai, conocida como \u201cciudad sobre el agua\u201d, rodeada totalmente por el lago Galve y fundada en el siglo XIV. Visitaremos su fascinante castillo g\u00f3tico, que se refleja en las aguas, fue construido para proteger la ciudad de los ataques de los croatas y sirvi\u00f3 tambi\u00e9n de residencia de los duques lituanos. Almuerzo. Traslado al aeropuerto y salida en avi\u00f3n a Barcelona. Llegada y fin de nuestros servicios.<\/p>","protected":false},"excerpt":{"rendered":"<p><strong>INCLUYE:\u00a0<\/strong><\/p>\n<ul>\n<li>Traslados al apt y vuelta (m\u00ednimo 25 pax)<\/li>\n<li>Avi\u00f3n BCN - Helsinki \/ Vilna - BCN + Maleta (15 kg) y tasas<\/li>\n<li>Autocar local todo el circuito<\/li>\n<li>Gu\u00eda acompa\u00f1ante de AIGE + gu\u00eda local en Helsinki, Tallin, Riga y Vilnius<\/li>\n<li>Hoteles 3*** o 4****<strong><em>\u00a0\u00a0<\/em><\/strong><em>(seg\u00fan elecci\u00f3n)<\/em><\/li>\n<li>Catering en el aeropuerto de BCN del d\u00eda 1 (bocadillo + fruta + agua)<\/li>\n<li>Pensi\u00f3n completa con agua (de la cena del d\u00eda 1 al almuerzo del d\u00eda 8)<\/li>\n<li>Entrada al Palacio y jardines de Kadriorg<\/li>\n<li>Entrada al Palacio y jardines de Rundale<\/li>\n<li>Entrada en la catedral de Nevsky<\/li>\n<li>Entrada al Dome de Riga<\/li>\n<li>Entrada en el Museo etnogr\u00e1fico de Letonia<\/li>\n<li>Visita al Parque Gauja (castillo de Turaida y cueva Gutman)<\/li>\n<li>Entrada al castillo de Trakai<\/li>\n<li>Seguro de asistencia en viaje<\/li>\n<\/ul>\n<p><em><strong>Nota sobre el alojamiento:<\/strong><\/em> <em><strong>2 noches en zona Tallin + 3 noches en zona Riga + 2 noches en zona Vilna<\/strong><\/em><strong><em>\u00a0 \u00a0<\/em><\/strong><\/p>","protected":false},"featured_media":969,"template":"","meta":[],"product_cat":[25,88,87],"product_tag":[],"class_list":["post-967","product","type-product","status-publish","has-post-thumbnail","hentry","product_cat-circuits-tot-inclos","product_cat-republiques-baltiques","product_cat-rep-baltiques-i-nord-deuropa"],"yoast_head":"<!-- This site is optimized with the Yoast SEO plugin v21.7 - https:\/\/yoast.com\/wordpress\/plugins\/seo\/ -->\n<title>REPUBLIQUES BALTIQUES - 8 DIES - AIGE Viatges<\/title>\n<meta name=\"description\" content=\"Agencia de viajes online | Descubre nuestros viajes inolvidables a REPUBLIQUES BALTIQUES - 8 DIES\" \/>\n<meta name=\"robots\" content=\"index, follow, max-snippet:-1, max-image-preview:large, max-video-preview:-1\" \/>\n<link rel=\"canonical\" href=\"https:\/\/aigeviatges.com\/es\/producto\/republicas-balticas-8-dias\/\" \/>\n<meta property=\"og:locale\" content=\"es_ES\" \/>\n<meta property=\"og:type\" content=\"article\" \/>\n<meta property=\"og:title\" content=\"REPUBLIQUES BALTIQUES - 8 DIES - AIGE Viatges\" \/>\n<meta property=\"og:description\" content=\"Agencia de viajes online | Descubre nuestros viajes inolvidables a REPUBLIQUES BALTIQUES - 8 DIES\" \/>\n<meta property=\"og:url\" content=\"https:\/\/aigeviatges.com\/es\/producto\/republicas-balticas-8-dias\/\" \/>\n<meta property=\"og:site_name\" content=\"AIGE Viatges\" \/>\n<meta property=\"article:publisher\" content=\"https:\/\/www.facebook.com\/viatgesaige\/\" \/>\n<meta property=\"article:modified_time\" content=\"2021-03-18T15:08:13+00:00\" \/>\n<meta property=\"og:image\" content=\"https:\/\/aigeviatges.com\/wp-content\/uploads\/2021\/02\/2-RIGA.jpg\" \/>\n\t<meta property=\"og:image:width\" content=\"561\" \/>\n\t<meta property=\"og:image:height\" content=\"361\" \/>\n\t<meta property=\"og:image:type\" content=\"image\/jpeg\" \/>\n<meta name=\"twitter:card\" content=\"summary_large_image\" \/>\n<meta name=\"twitter:label1\" content=\"Tiempo de lectura\" \/>\n\t<meta name=\"twitter:data1\" content=\"4 minutos\" \/>\n<script type=\"application\/ld+json\" class=\"yoast-schema-graph\">{\"@context\":\"https:\/\/schema.org\",\"@graph\":[{\"@type\":\"WebPage\",\"@id\":\"https:\/\/aigeviatges.com\/producto\/republiques-baltiques-8-dies\/\",\"url\":\"https:\/\/aigeviatges.com\/producto\/republiques-baltiques-8-dies\/\",\"name\":\"REPUBLIQUES BALTIQUES - 8 DIES - AIGE Viatges\",\"isPartOf\":{\"@id\":\"https:\/\/aigeviatges.com\/#website\"},\"datePublished\":\"2021-02-26T21:37:26+00:00\",\"dateModified\":\"2021-03-18T15:08:13+00:00\",\"description\":\"Agencia de viajes online | Descubre nuestros viajes inolvidables a REPUBLIQUES BALTIQUES - 8 DIES\",\"breadcrumb\":{\"@id\":\"https:\/\/aigeviatges.com\/producto\/republiques-baltiques-8-dies\/#breadcrumb\"},\"inLanguage\":\"es\",\"potentialAction\":[{\"@type\":\"ReadAction\",\"target\":[\"https:\/\/aigeviatges.com\/producto\/republiques-baltiques-8-dies\/\"]}]},{\"@type\":\"BreadcrumbList\",\"@id\":\"https:\/\/aigeviatges.com\/producto\/republiques-baltiques-8-dies\/#breadcrumb\",\"itemListElement\":[{\"@type\":\"ListItem\",\"position\":1,\"name\":\"Portada\",\"item\":\"https:\/\/aigeviatges.com\/\"},{\"@type\":\"ListItem\",\"position\":2,\"name\":\"Tienda\",\"item\":\"https:\/\/aigeviatges.com\/tienda-2\/\"},{\"@type\":\"ListItem\",\"position\":3,\"name\":\"REPUBLIQUES BALTIQUES &#8211; 8 DIES\"}]},{\"@type\":\"WebSite\",\"@id\":\"https:\/\/aigeviatges.com\/#website\",\"url\":\"https:\/\/aigeviatges.com\/\",\"name\":\"AIGE Viatges\",\"description\":\"Agencia de viajes especializada en producto propio para grupos.\",\"publisher\":{\"@id\":\"https:\/\/aigeviatges.com\/#organization\"},\"potentialAction\":[{\"@type\":\"SearchAction\",\"target\":{\"@type\":\"EntryPoint\",\"urlTemplate\":\"https:\/\/aigeviatges.com\/?s={search_term_string}\"},\"query-input\":\"required name=search_term_string\"}],\"inLanguage\":\"es\"},{\"@type\":\"Organization\",\"@id\":\"https:\/\/aigeviatges.com\/#organization\",\"name\":\"AIGE Viatges\",\"url\":\"https:\/\/aigeviatges.com\/\",\"logo\":{\"@type\":\"ImageObject\",\"inLanguage\":\"es\",\"@id\":\"https:\/\/aigeviatges.com\/#\/schema\/logo\/image\/\",\"url\":\"https:\/\/aigeviatges.com\/wp-content\/uploads\/2020\/03\/aig-viatges-logo-web.png\",\"contentUrl\":\"https:\/\/aigeviatges.com\/wp-content\/uploads\/2020\/03\/aig-viatges-logo-web.png\",\"width\":600,\"height\":166,\"caption\":\"AIGE Viatges\"},\"image\":{\"@id\":\"https:\/\/aigeviatges.com\/#\/schema\/logo\/image\/\"},\"sameAs\":[\"https:\/\/www.facebook.com\/viatgesaige\/\"]}]}<\/script>\n<!-- \/ Yoast SEO plugin. -->","yoast_head_json":{"title":"REPUBLIQUES BALTIQUES - 8 DIES - AIGE Viatges","description":"Agencia de viajes online | Descubre nuestros viajes inolvidables a REPUBLIQUES BALTIQUES - 8 DIES","robots":{"index":"index","follow":"follow","max-snippet":"max-snippet:-1","max-image-preview":"max-image-preview:large","max-video-preview":"max-video-preview:-1"},"canonical":"https:\/\/aigeviatges.com\/es\/producto\/republicas-balticas-8-dias\/","og_locale":"es_ES","og_type":"article","og_title":"REPUBLIQUES BALTIQUES - 8 DIES - AIGE Viatges","og_description":"Agencia de viajes online | Descubre nuestros viajes inolvidables a REPUBLIQUES BALTIQUES - 8 DIES","og_url":"https:\/\/aigeviatges.com\/es\/producto\/republicas-balticas-8-dias\/","og_site_name":"AIGE Viatges","article_publisher":"https:\/\/www.facebook.com\/viatgesaige\/","article_modified_time":"2021-03-18T15:08:13+00:00","og_image":[{"width":561,"height":361,"url":"https:\/\/aigeviatges.com\/wp-content\/uploads\/2021\/02\/2-RIGA.jpg","type":"image\/jpeg"}],"twitter_card":"summary_large_image","twitter_misc":{"Tiempo de lectura":"4 minutos"},"schema":{"@context":"https:\/\/schema.org","@graph":[{"@type":"WebPage","@id":"https:\/\/aigeviatges.com\/producto\/republiques-baltiques-8-dies\/","url":"https:\/\/aigeviatges.com\/producto\/republiques-baltiques-8-dies\/","name":"REPUBLIQUES BALTIQUES - 8 DIES - AIGE Viatges","isPartOf":{"@id":"https:\/\/aigeviatges.com\/#website"},"datePublished":"2021-02-26T21:37:26+00:00","dateModified":"2021-03-18T15:08:13+00:00","description":"Agencia de viajes online | Descubre nuestros viajes inolvidables a REPUBLIQUES BALTIQUES - 8 DIES","breadcrumb":{"@id":"https:\/\/aigeviatges.com\/producto\/republiques-baltiques-8-dies\/#breadcrumb"},"inLanguage":"es","potentialAction":[{"@type":"ReadAction","target":["https:\/\/aigeviatges.com\/producto\/republiques-baltiques-8-dies\/"]}]},{"@type":"BreadcrumbList","@id":"https:\/\/aigeviatges.com\/producto\/republiques-baltiques-8-dies\/#breadcrumb","itemListElement":[{"@type":"ListItem","position":1,"name":"Portada","item":"https:\/\/aigeviatges.com\/"},{"@type":"ListItem","position":2,"name":"Tienda","item":"https:\/\/aigeviatges.com\/tienda-2\/"},{"@type":"ListItem","position":3,"name":"REPUBLIQUES BALTIQUES &#8211; 8 DIES"}]},{"@type":"WebSite","@id":"https:\/\/aigeviatges.com\/#website","url":"https:\/\/aigeviatges.com\/","name":"AIGE Viatges","description":"Agencia de viajes especializada en producto propio para grupos.","publisher":{"@id":"https:\/\/aigeviatges.com\/#organization"},"potentialAction":[{"@type":"SearchAction","target":{"@type":"EntryPoint","urlTemplate":"https:\/\/aigeviatges.com\/?s={search_term_string}"},"query-input":"required name=search_term_string"}],"inLanguage":"es"},{"@type":"Organization","@id":"https:\/\/aigeviatges.com\/#organization","name":"AIGE Viatges","url":"https:\/\/aigeviatges.com\/","logo":{"@type":"ImageObject","inLanguage":"es","@id":"https:\/\/aigeviatges.com\/#\/schema\/logo\/image\/","url":"https:\/\/aigeviatges.com\/wp-content\/uploads\/2020\/03\/aig-viatges-logo-web.png","contentUrl":"https:\/\/aigeviatges.com\/wp-content\/uploads\/2020\/03\/aig-viatges-logo-web.png","width":600,"height":166,"caption":"AIGE Viatges"},"image":{"@id":"https:\/\/aigeviatges.com\/#\/schema\/logo\/image\/"},"sameAs":["https:\/\/www.facebook.com\/viatgesaige\/"]}]}},"jetpack_sharing_enabled":true,"jetpack_likes_enabled":false,"_links":{"self":[{"href":"https:\/\/aigeviatges.com\/es\/wp-json\/wp\/v2\/product\/967","targetHints":{"allow":["GET"]}}],"collection":[{"href":"https:\/\/aigeviatges.com\/es\/wp-json\/wp\/v2\/product"}],"about":[{"href":"https:\/\/aigeviatges.com\/es\/wp-json\/wp\/v2\/types\/product"}],"wp:featuredmedia":[{"embeddable":true,"href":"https:\/\/aigeviatges.com\/es\/wp-json\/wp\/v2\/media\/969"}],"wp:attachment":[{"href":"https:\/\/aigeviatges.com\/es\/wp-json\/wp\/v2\/media?parent=967"}],"wp:term":[{"taxonomy":"product_cat","embeddable":true,"href":"https:\/\/aigeviatges.com\/es\/wp-json\/wp\/v2\/product_cat?post=967"},{"taxonomy":"product_tag","embeddable":true,"href":"https:\/\/aigeviatges.com\/es\/wp-json\/wp\/v2\/product_tag?post=967"}],"curies":[{"name":"wp","href":"https:\/\/api.w.org\/{rel}","templated":true}]}}