{"id":930,"date":"2021-02-26T11:11:53","date_gmt":"2021-02-26T11:11:53","guid":{"rendered":"https:\/\/aigeviatges.com\/?post_type=product&#038;p=930"},"modified":"2021-03-18T15:11:44","modified_gmt":"2021-03-18T15:11:44","slug":"monestirs-de-bucovina-i-els-carpats-8-dies","status":"publish","type":"product","link":"https:\/\/aigeviatges.com\/es\/producto\/monasterios-de-bucovina-y-los-carpatos-8-dias\/","title":{"rendered":"MONASTERIOS DE BUCOVINA Y LOS CARPATOS \u2013 8 D\u00cdAS"},"content":{"rendered":"<p><strong>D\u00eda 1: BARCELONA - IASI - BUCOVINA (zona Bucovina)<\/strong><br \/>\nTraslado al aeropuerto de Barcelona y salida en avi\u00f3n a Iasi. Llegada y traslado por carretera a la regi\u00f3n de Bucovina. Llegada, acomodaci\u00f3n en el hotel y cena. Alojamiento.<\/p>\n<p><strong>D\u00eda 2: MONASTERIOS DE BUCOVINA (zona Bucovina)<\/strong><br \/>\nD\u00eda completo dedicado a visitar los monasterios de Bucovina, declarados Patrimonio de la Humanidad por la UNESCO. Se visitar\u00e1n el de Voronet, conocido como la \u201cCapilla Sixtina oriental\u201d, famoso por sus magn\u00edficas pinturas, el de Humor, Moldovita y Sucevita, en forma de fortificaci\u00f3n y el mayor de la regi\u00f3n. Regreso al hotel. Cena y alojamiento.<\/p>\n<p><strong>D\u00eda 3: BUCOVINA \u2013 CONGOSTO DE BICAZ \u2013 LAGO ROJO \u2013 BRASOV (zona Brasov)<\/strong><br \/>\nSalida a Brasov atravesando el desfiladero de Bicaz, uno de los lugares m\u00e1s bellos y sorprendentes de la naturaleza rumana. Seguiremos ruta hacia el lago rojo, el lago natural de monta\u00f1a m\u00e1s grande del pa\u00eds. Almuerzo. Continuaci\u00f3n hasta llegar a Brasov. Acomodaci\u00f3n en el hotel. Cena y alojamiento.<\/p>\n<p><strong>D\u00eda 4: BRASOV - CASTILLO DE BRAN (zona Brasov)<\/strong><br \/>\nDurante este d\u00eda visitaremos las poblaciones de Bran y de Brasov ciudad fundada en el a\u00f1o 1211 por los caballeros teut\u00f3nicos. Su iglesia negra es la mayor catedral g\u00f3tica de Rumania. Visitaremos el castillo de Bran m\u00e1s conocido como el castillo de Dr\u00e1cula. Este castillo fue construido en 1377 sobre una roca. Regreso al hotel. Cena y alojamiento.<\/p>\n<p><strong>D\u00eda 5: SIGHISOARA (zona Brasov)<\/strong><br \/>\nSalida a Sighisoara lugar de nacimiento de Vlad Tepes \u201cel empalador\u201d. Su casco antiguo est\u00e1 protegido por la UNESCO como Patrimonio de la Humanidad. La ciudad jug\u00f3 un papel importante, estrat\u00e9gico y comercial dentro de la Europa central por varios siglos. Lleg\u00f3 a ser una de las ciudades m\u00e1s importantes de Transilvania, con artesanos de todos los rincones del Sacro Imperio Romano Germ\u00e1nico. Regreso al hotel. Cena y alojamiento.<\/p>\n<p><strong>D\u00eda 6: BRASOV \u2013 SINAIA \u2013BUCAREST (zona Bucarest)<\/strong><br \/>\nSalida a Sinaia conocida como &quot;la perla de los c\u00e1rpatos&quot;. Esta ciudad es una de las m\u00e1s importantes estaciones tur\u00edsticas y de tratamiento de aguas termales del pa\u00eds. Visitaremos el palacio de Peles, considerado como uno de los m\u00e1s bellos de Europa y una obra maestra de la arquitectura renacentista alemana. seguiremos la ruta hacia Bucarest. Acomodaci\u00f3n en el hotel. Cena y alojamiento.<\/p>\n<p><strong>D\u00eda 7: BUCAREST \u2013 PALACIO DEL PARLAMENTO (zona Bucarest)\u00a0\u00a0\u00a0\u00a0\u00a0\u00a0<\/strong>\u00a0\u00a0\u00a0\u00a0\u00a0\u00a0\u00a0\u00a0\u00a0\u00a0\u00a0\u00a0\u00a0\u00a0\u00a0\u00a0\u00a0\u00a0\u00a0\u00a0\u00a0\u00a0\u00a0\u00a0\u00a0\u00a0\u00a0\u00a0\u00a0\u00a0\u00a0\u00a0\u00a0\u00a0\u00a0\u00a0\u00a0\u00a0\u00a0\u00a0\u00a0 \u00a0\u00a0\u00a0\u00a0\u00a0\u00a0\u00a0&#8212;&#8212;-<br \/>\nVisita panor\u00e1mica de Bucarest, conocida como &quot;el peque\u00f1o Paris&quot;. Durante la dictadura de Ceausescu muchos de los edificios emblem\u00e1ticos e hist\u00f3ricos fueron derruidos de los que se conservan algunos vestigios como el Ateneo Rumano, La \u00d3pera Rumana, El Arco de Triunfo..etc. Almuerzo. Por la tarde visitaremos el Palacio del Parlamento, uno de los edificios m\u00e1s impresionantes de Europa y uno de los m\u00e1s grandes del mundo, despu\u00e9s del Pent\u00e1gono. Cena y alojamiento.<\/p>\n<p><strong>D\u00eda 8: BUCAREST \u2013 MUSEO SATULUI \u2013 PALACIO DE MOGOSOAIA \u2013 BARCELONA<\/strong><br \/>\nSalida a las afueras de Bucarest para visitar el museo al aire libre de Satului. Se trata de un museo etnogr\u00e1fico situado dentro del Parque Her\u0103str\u0103u, en el que se re\u00fanen edificaciones y casas de cada regi\u00f3n de forma que al recorrerlo se viaja a trav\u00e9s de toda Rumania en diferentes \u00e9pocas de la historia y se conoce las tradiciones y cultura del pa\u00eds. Se extiende unos cien mil metros cuadrados donde existen construcciones de la Edad Media hasta el siglo XIX. Almuerzo en restaurante. Seguidamente visitaremos el palacio de Mogosoaia, construido a finales del siglo XVII en el que se conoce como estilo renacentista rumano o br\u00e2ncovenesco, este palacio presenta una combinaci\u00f3n \u00fanica de elementos venecianos y otomanos en su arquitectura y decoraci\u00f3n. Descubriremos los preciosos alrededores del palacio, donde se encuentran la capilla de Gheorghe Bibescu, la iglesia de Sant Jordi y los invernaderos de Mogo\u015foaia. Tras la visita, traslado al aeropuerto. Salida en avi\u00f3n a Barcelona. Llegada y fin de nuestros servicios.<\/p>","protected":false},"excerpt":{"rendered":"<p><strong>INCLUYE:<\/strong><\/p>\n<ul>\n<li>Traslados origen-apt y vuelta (m\u00ednimo 25 pax)<\/li>\n<li>Avi\u00f3n BCN \u2013 Iasi \/Bucarest \u2013 BCN + Tasas y maleta (15 kg)<\/li>\n<li>Catering en el aeropuerto de BCN del d\u00eda 1\u00a0 <em>(bocadillo + fruta + agua)<\/em><\/li>\n<li>Autocar local todo el circuito<\/li>\n<li>Gu\u00eda acompa\u00f1ante de AIGE<\/li>\n<li>Gu\u00eda local en Bucovina, Brasov, Sighisoara y Bucarest<\/li>\n<li>Hoteles 3*** o 4**** <em>(seg\u00fan elecci\u00f3n)<\/em><\/li>\n<li>Pensi\u00f3n completa con agua (de la cena del d\u00eda 1 al almuerzo del d\u00eda 8)<\/li>\n<li>Entradas: Palacio de Peles, Castillo de Bran, Iglesia negra<\/li>\n<li>Entradas a Monasterios de Bucovina (varios seg\u00fan disponibilidad)<\/li>\n<li>Entrada en el Palacio del parlamento<\/li>\n<li>Entrada en el palacio de Mogosoaia<\/li>\n<li>Entrada en el museo etnogr\u00e1fico de Satului<\/li>\n<li>Seguro de asistencia en viaje<\/li>\n<\/ul>\n<p><em><strong>Nota sobre el alojamiento:<\/strong><\/em><em><strong>\u00a0 2 noches en zona Bucovina + 3 noches en zona Brasov + 2 noches en zona Bucarest<\/strong><\/em><\/p>","protected":false},"featured_media":931,"template":"","meta":[],"product_cat":[25,74],"product_tag":[],"class_list":["post-930","product","type-product","status-publish","has-post-thumbnail","hentry","product_cat-circuits-tot-inclos","product_cat-romania-i-bulgaria"],"yoast_head":"<!-- This site is optimized with the Yoast SEO plugin v21.7 - https:\/\/yoast.com\/wordpress\/plugins\/seo\/ -->\n<title>MONESTIRS DE BUCOVINA I ELS C\u00c0RPATS - 8 DIES - AIGE Viatges<\/title>\n<meta name=\"description\" content=\"Agencia de viajes online | Descubre nuestros viajes inolvidables a MONESTIRS DE BUCOVINA I ELS C\u00c0RPATS - 8 DIES\" \/>\n<meta name=\"robots\" content=\"index, follow, max-snippet:-1, max-image-preview:large, max-video-preview:-1\" \/>\n<link rel=\"canonical\" href=\"https:\/\/aigeviatges.com\/es\/producto\/monasterios-de-bucovina-y-los-carpatos-8-dias\/\" \/>\n<meta property=\"og:locale\" content=\"es_ES\" \/>\n<meta property=\"og:type\" content=\"article\" \/>\n<meta property=\"og:title\" content=\"MONESTIRS DE BUCOVINA I ELS C\u00c0RPATS - 8 DIES - AIGE Viatges\" \/>\n<meta property=\"og:description\" content=\"Agencia de viajes online | Descubre nuestros viajes inolvidables a MONESTIRS DE BUCOVINA I ELS C\u00c0RPATS - 8 DIES\" \/>\n<meta property=\"og:url\" content=\"https:\/\/aigeviatges.com\/es\/producto\/monasterios-de-bucovina-y-los-carpatos-8-dias\/\" \/>\n<meta property=\"og:site_name\" content=\"AIGE Viatges\" \/>\n<meta property=\"article:publisher\" content=\"https:\/\/www.facebook.com\/viatgesaige\/\" \/>\n<meta property=\"article:modified_time\" content=\"2021-03-18T15:11:44+00:00\" \/>\n<meta property=\"og:image\" content=\"https:\/\/aigeviatges.com\/wp-content\/uploads\/2021\/02\/BUC.jpg\" \/>\n\t<meta property=\"og:image:width\" content=\"581\" \/>\n\t<meta property=\"og:image:height\" content=\"458\" \/>\n\t<meta property=\"og:image:type\" content=\"image\/jpeg\" \/>\n<meta name=\"twitter:card\" content=\"summary_large_image\" \/>\n<meta name=\"twitter:label1\" content=\"Tiempo de lectura\" \/>\n\t<meta name=\"twitter:data1\" content=\"3 minutos\" \/>\n<script type=\"application\/ld+json\" class=\"yoast-schema-graph\">{\"@context\":\"https:\/\/schema.org\",\"@graph\":[{\"@type\":\"WebPage\",\"@id\":\"https:\/\/aigeviatges.com\/producto\/monestirs-de-bucovina-i-els-carpats-8-dies\/\",\"url\":\"https:\/\/aigeviatges.com\/producto\/monestirs-de-bucovina-i-els-carpats-8-dies\/\",\"name\":\"MONESTIRS DE BUCOVINA I ELS C\u00c0RPATS - 8 DIES - AIGE Viatges\",\"isPartOf\":{\"@id\":\"https:\/\/aigeviatges.com\/#website\"},\"datePublished\":\"2021-02-26T11:11:53+00:00\",\"dateModified\":\"2021-03-18T15:11:44+00:00\",\"description\":\"Agencia de viajes online | Descubre nuestros viajes inolvidables a MONESTIRS DE BUCOVINA I ELS C\u00c0RPATS - 8 DIES\",\"breadcrumb\":{\"@id\":\"https:\/\/aigeviatges.com\/producto\/monestirs-de-bucovina-i-els-carpats-8-dies\/#breadcrumb\"},\"inLanguage\":\"es\",\"potentialAction\":[{\"@type\":\"ReadAction\",\"target\":[\"https:\/\/aigeviatges.com\/producto\/monestirs-de-bucovina-i-els-carpats-8-dies\/\"]}]},{\"@type\":\"BreadcrumbList\",\"@id\":\"https:\/\/aigeviatges.com\/producto\/monestirs-de-bucovina-i-els-carpats-8-dies\/#breadcrumb\",\"itemListElement\":[{\"@type\":\"ListItem\",\"position\":1,\"name\":\"Portada\",\"item\":\"https:\/\/aigeviatges.com\/\"},{\"@type\":\"ListItem\",\"position\":2,\"name\":\"Tienda\",\"item\":\"https:\/\/aigeviatges.com\/tienda-2\/\"},{\"@type\":\"ListItem\",\"position\":3,\"name\":\"MONESTIRS DE BUCOVINA I ELS C\u00c0RPATS &#8211; 8 DIES\"}]},{\"@type\":\"WebSite\",\"@id\":\"https:\/\/aigeviatges.com\/#website\",\"url\":\"https:\/\/aigeviatges.com\/\",\"name\":\"AIGE Viatges\",\"description\":\"Agencia de viajes especializada en producto propio para grupos.\",\"publisher\":{\"@id\":\"https:\/\/aigeviatges.com\/#organization\"},\"potentialAction\":[{\"@type\":\"SearchAction\",\"target\":{\"@type\":\"EntryPoint\",\"urlTemplate\":\"https:\/\/aigeviatges.com\/?s={search_term_string}\"},\"query-input\":\"required name=search_term_string\"}],\"inLanguage\":\"es\"},{\"@type\":\"Organization\",\"@id\":\"https:\/\/aigeviatges.com\/#organization\",\"name\":\"AIGE Viatges\",\"url\":\"https:\/\/aigeviatges.com\/\",\"logo\":{\"@type\":\"ImageObject\",\"inLanguage\":\"es\",\"@id\":\"https:\/\/aigeviatges.com\/#\/schema\/logo\/image\/\",\"url\":\"https:\/\/aigeviatges.com\/wp-content\/uploads\/2020\/03\/aig-viatges-logo-web.png\",\"contentUrl\":\"https:\/\/aigeviatges.com\/wp-content\/uploads\/2020\/03\/aig-viatges-logo-web.png\",\"width\":600,\"height\":166,\"caption\":\"AIGE Viatges\"},\"image\":{\"@id\":\"https:\/\/aigeviatges.com\/#\/schema\/logo\/image\/\"},\"sameAs\":[\"https:\/\/www.facebook.com\/viatgesaige\/\"]}]}<\/script>\n<!-- \/ Yoast SEO plugin. -->","yoast_head_json":{"title":"MONESTIRS DE BUCOVINA I ELS C\u00c0RPATS - 8 DIES - AIGE Viatges","description":"Agencia de viajes online | Descubre nuestros viajes inolvidables a MONESTIRS DE BUCOVINA I ELS C\u00c0RPATS - 8 DIES","robots":{"index":"index","follow":"follow","max-snippet":"max-snippet:-1","max-image-preview":"max-image-preview:large","max-video-preview":"max-video-preview:-1"},"canonical":"https:\/\/aigeviatges.com\/es\/producto\/monasterios-de-bucovina-y-los-carpatos-8-dias\/","og_locale":"es_ES","og_type":"article","og_title":"MONESTIRS DE BUCOVINA I ELS C\u00c0RPATS - 8 DIES - AIGE Viatges","og_description":"Agencia de viajes online | Descubre nuestros viajes inolvidables a MONESTIRS DE BUCOVINA I ELS C\u00c0RPATS - 8 DIES","og_url":"https:\/\/aigeviatges.com\/es\/producto\/monasterios-de-bucovina-y-los-carpatos-8-dias\/","og_site_name":"AIGE Viatges","article_publisher":"https:\/\/www.facebook.com\/viatgesaige\/","article_modified_time":"2021-03-18T15:11:44+00:00","og_image":[{"width":581,"height":458,"url":"https:\/\/aigeviatges.com\/wp-content\/uploads\/2021\/02\/BUC.jpg","type":"image\/jpeg"}],"twitter_card":"summary_large_image","twitter_misc":{"Tiempo de lectura":"3 minutos"},"schema":{"@context":"https:\/\/schema.org","@graph":[{"@type":"WebPage","@id":"https:\/\/aigeviatges.com\/producto\/monestirs-de-bucovina-i-els-carpats-8-dies\/","url":"https:\/\/aigeviatges.com\/producto\/monestirs-de-bucovina-i-els-carpats-8-dies\/","name":"MONESTIRS DE BUCOVINA I ELS C\u00c0RPATS - 8 DIES - AIGE Viatges","isPartOf":{"@id":"https:\/\/aigeviatges.com\/#website"},"datePublished":"2021-02-26T11:11:53+00:00","dateModified":"2021-03-18T15:11:44+00:00","description":"Agencia de viajes online | Descubre nuestros viajes inolvidables a MONESTIRS DE BUCOVINA I ELS C\u00c0RPATS - 8 DIES","breadcrumb":{"@id":"https:\/\/aigeviatges.com\/producto\/monestirs-de-bucovina-i-els-carpats-8-dies\/#breadcrumb"},"inLanguage":"es","potentialAction":[{"@type":"ReadAction","target":["https:\/\/aigeviatges.com\/producto\/monestirs-de-bucovina-i-els-carpats-8-dies\/"]}]},{"@type":"BreadcrumbList","@id":"https:\/\/aigeviatges.com\/producto\/monestirs-de-bucovina-i-els-carpats-8-dies\/#breadcrumb","itemListElement":[{"@type":"ListItem","position":1,"name":"Portada","item":"https:\/\/aigeviatges.com\/"},{"@type":"ListItem","position":2,"name":"Tienda","item":"https:\/\/aigeviatges.com\/tienda-2\/"},{"@type":"ListItem","position":3,"name":"MONESTIRS DE BUCOVINA I ELS C\u00c0RPATS &#8211; 8 DIES"}]},{"@type":"WebSite","@id":"https:\/\/aigeviatges.com\/#website","url":"https:\/\/aigeviatges.com\/","name":"AIGE Viatges","description":"Agencia de viajes especializada en producto propio para grupos.","publisher":{"@id":"https:\/\/aigeviatges.com\/#organization"},"potentialAction":[{"@type":"SearchAction","target":{"@type":"EntryPoint","urlTemplate":"https:\/\/aigeviatges.com\/?s={search_term_string}"},"query-input":"required name=search_term_string"}],"inLanguage":"es"},{"@type":"Organization","@id":"https:\/\/aigeviatges.com\/#organization","name":"AIGE Viatges","url":"https:\/\/aigeviatges.com\/","logo":{"@type":"ImageObject","inLanguage":"es","@id":"https:\/\/aigeviatges.com\/#\/schema\/logo\/image\/","url":"https:\/\/aigeviatges.com\/wp-content\/uploads\/2020\/03\/aig-viatges-logo-web.png","contentUrl":"https:\/\/aigeviatges.com\/wp-content\/uploads\/2020\/03\/aig-viatges-logo-web.png","width":600,"height":166,"caption":"AIGE Viatges"},"image":{"@id":"https:\/\/aigeviatges.com\/#\/schema\/logo\/image\/"},"sameAs":["https:\/\/www.facebook.com\/viatgesaige\/"]}]}},"jetpack_sharing_enabled":true,"jetpack_likes_enabled":false,"_links":{"self":[{"href":"https:\/\/aigeviatges.com\/es\/wp-json\/wp\/v2\/product\/930","targetHints":{"allow":["GET"]}}],"collection":[{"href":"https:\/\/aigeviatges.com\/es\/wp-json\/wp\/v2\/product"}],"about":[{"href":"https:\/\/aigeviatges.com\/es\/wp-json\/wp\/v2\/types\/product"}],"wp:featuredmedia":[{"embeddable":true,"href":"https:\/\/aigeviatges.com\/es\/wp-json\/wp\/v2\/media\/931"}],"wp:attachment":[{"href":"https:\/\/aigeviatges.com\/es\/wp-json\/wp\/v2\/media?parent=930"}],"wp:term":[{"taxonomy":"product_cat","embeddable":true,"href":"https:\/\/aigeviatges.com\/es\/wp-json\/wp\/v2\/product_cat?post=930"},{"taxonomy":"product_tag","embeddable":true,"href":"https:\/\/aigeviatges.com\/es\/wp-json\/wp\/v2\/product_tag?post=930"}],"curies":[{"name":"wp","href":"https:\/\/api.w.org\/{rel}","templated":true}]}}