{"id":919,"date":"2021-02-25T14:01:22","date_gmt":"2021-02-25T14:01:22","guid":{"rendered":"https:\/\/aigeviatges.com\/?post_type=product&#038;p=919"},"modified":"2023-11-14T14:29:14","modified_gmt":"2023-11-14T14:29:14","slug":"romania-6-dies","status":"publish","type":"product","link":"https:\/\/aigeviatges.com\/es\/producto\/permanecia-6-dias\/","title":{"rendered":"RUMAN\u00cdA Y TRANSILVANIA \u2013 6 D\u00cdAS"},"content":{"rendered":"<p><strong>D\u00eda 1: BARCELONA - RUMANIA - BRASOV<\/strong><br \/>\nSalida en avi\u00f3n a Ruman\u00eda. Llegada y traslado a Brasov. Acomodaci\u00f3n en el hotel. Cena y alojamiento.<\/p>\n<p><strong>D\u00eda 2: SIGHISOARA<\/strong><br \/>\nSalida a Sighisoara lugar de nacimiento de Vlad Tepes \u201cel empalador\u201d. Su casco antiguo est\u00e1 protegido por la UNESCO como Patrimonio de la Humanidad. La ciudad jug\u00f3 un papel importante, estrat\u00e9gico y comercial dentro de la Europa central por varios siglos. Lleg\u00f3 a ser una de las ciudades m\u00e1s importantes de Transilvania, con artesanos de todos los rincones del Sacro Imperio Romano Germ\u00e1nico. Cena y alojamiento en el hotel.<\/p>\n<p><strong>D\u00eda 3: BRASOV - CASTILLO DE BRAN<\/strong><br \/>\nDurante este d\u00eda visitaremos las poblaciones de Bran y de Brasov ciudad fundada en el a\u00f1o 1211 por los caballeros teut\u00f3nicos. Su iglesia negra es la mayor catedral g\u00f3tica de Rumania. Visitaremos el castillo de Bran m\u00e1s conocido como el castillo de Dr\u00e1cula. Este castillo fue construido en 1377 sobre una roca. Cena y alojamiento en el hotel.<\/p>\n<p><strong>D\u00eda 4: BRASOV \u2013 SIBIU \u2013 FAGARAS<\/strong><br \/>\nSalida a Sibiu. Visita de la ciudad medieval, el casco antiguo gira en torno a la Piata Madre, rodeada de coloridos edificios de los que destacan sus peculiares tejados a dos aguas con \u201cojos\u201d, peque\u00f1as ventanas en el techo que se han convertido en un distintivo propio de la ciudad. Veremos la torre del Consell, el puente de los mentirosos, la Piata poco etc\u2026de vuelta a Brasov, visitaremos la ciudadela medieval de Fagaras. Cena y alojamiento en el hotel.<\/p>\n<p><strong>D\u00eda 5: BRASOV (zona Brasov) \u2013 SINAIA \u2013 BUCAREST<\/strong><br \/>\nSalida a Sinaia conocida como &quot;la perla de los c\u00e1rpatos&quot;. Esta ciudad es una de las m\u00e1s importantes estaciones tur\u00edsticas y de tratamiento de aguas termales del pa\u00eds. Visitaremos el palacio de Peles, considerado como uno de los m\u00e1s bellos de Europa y una obra maestra de la arquitectura renacentista alemana. seguiremos la ruta hacia Bucarest. Acomodaci\u00f3n en el hotel. Cena y alojamiento.<\/p>\n<p><strong>D\u00eda 6: BUCAREST \u2013 BARCELONA<\/strong><br \/>\nVisita panor\u00e1mica de Bucarest, conocida como &quot;el peque\u00f1o Paris&quot;. Durante la dictadura de Ceausescu muchos de los edificios emblem\u00e1ticos e hist\u00f3ricos fueron derruidos de los que se conservan algunos vestigios como el Ateneo Rumano, La \u00d3pera, El Arco de Triunfo, El Palacio del Parlamento, el mayor edificio construido en el mundo, despu\u00e9s del Pent\u00e1gono..etc. Almuerzo en restaurante. Traslado al aeropuerto. Salida en avi\u00f3n a Barcelona. Llegada y fin de nuestros servicios.<\/p>","protected":false},"excerpt":{"rendered":"<p><strong>INCLUYE:<\/strong><\/p>\n<ul>\n<li>Traslados origen-apt y vuelta (m\u00ednimo 25 pax)<\/li>\n<li>Avi\u00f3n BCN \u2013 Bucarest \u2013 BCN<\/li>\n<li>Tasas y maleta<\/li>\n<li>Autocar local todo el circuito<\/li>\n<li>Gu\u00eda acompa\u00f1ante de AIGE + gu\u00eda local en Bucarest<\/li>\n<li>Hotel 3*** o 4****<strong><em>\u00a0\u00a0<\/em><\/strong><em>(seg\u00fan elecci\u00f3n)<\/em><\/li>\n<li>Pensi\u00f3n completa con agua (de la cena del d\u00eda 1 al almuerzo del d\u00eda 6)<\/li>\n<li>Entradas: Palacio de Peles, Castillo de Bran, Iglesia negra<\/li>\n<li>Seguro de asistencia en viaje<\/li>\n<\/ul>\n<p><em><strong>Nota sobre el alojamiento: 4 noches en zona Brasov + 1 noche en zona Bucarest\u00a0 \u00a0<\/strong><\/em><\/p>","protected":false},"featured_media":920,"template":"","meta":[],"product_cat":[25,74],"product_tag":[],"class_list":["post-919","product","type-product","status-publish","has-post-thumbnail","hentry","product_cat-circuits-tot-inclos","product_cat-romania-i-bulgaria"],"yoast_head":"<!-- This site is optimized with the Yoast SEO plugin v21.7 - https:\/\/yoast.com\/wordpress\/plugins\/seo\/ -->\n<title>ROMANIA I TRANSILV\u00c0NIA - 6 DIES - AIGE Viatges<\/title>\n<meta name=\"description\" content=\"Agencia de viajes online | Descubre nuestros viajes inolvidables a ROMANIA I TRANSILV\u00c0NIA - 6 DIES\" \/>\n<meta name=\"robots\" content=\"index, follow, max-snippet:-1, max-image-preview:large, max-video-preview:-1\" \/>\n<link rel=\"canonical\" href=\"https:\/\/aigeviatges.com\/es\/producto\/permanecia-6-dias\/\" \/>\n<meta property=\"og:locale\" content=\"es_ES\" \/>\n<meta property=\"og:type\" content=\"article\" \/>\n<meta property=\"og:title\" content=\"ROMANIA I TRANSILV\u00c0NIA - 6 DIES - AIGE Viatges\" \/>\n<meta property=\"og:description\" content=\"Agencia de viajes online | Descubre nuestros viajes inolvidables a ROMANIA I TRANSILV\u00c0NIA - 6 DIES\" \/>\n<meta property=\"og:url\" content=\"https:\/\/aigeviatges.com\/es\/producto\/permanecia-6-dias\/\" \/>\n<meta property=\"og:site_name\" content=\"AIGE Viatges\" \/>\n<meta property=\"article:publisher\" content=\"https:\/\/www.facebook.com\/viatgesaige\/\" \/>\n<meta property=\"article:modified_time\" content=\"2023-11-14T14:29:14+00:00\" \/>\n<meta property=\"og:image\" content=\"https:\/\/aigeviatges.com\/wp-content\/uploads\/2021\/02\/R-PELS.jpg\" \/>\n\t<meta property=\"og:image:width\" content=\"645\" \/>\n\t<meta property=\"og:image:height\" content=\"435\" \/>\n\t<meta property=\"og:image:type\" content=\"image\/jpeg\" \/>\n<meta name=\"twitter:card\" content=\"summary_large_image\" \/>\n<meta name=\"twitter:label1\" content=\"Tiempo de lectura\" \/>\n\t<meta name=\"twitter:data1\" content=\"2 minutos\" \/>\n<script type=\"application\/ld+json\" class=\"yoast-schema-graph\">{\"@context\":\"https:\/\/schema.org\",\"@graph\":[{\"@type\":\"WebPage\",\"@id\":\"https:\/\/aigeviatges.com\/producto\/romania-6-dies\/\",\"url\":\"https:\/\/aigeviatges.com\/producto\/romania-6-dies\/\",\"name\":\"ROMANIA I TRANSILV\u00c0NIA - 6 DIES - AIGE Viatges\",\"isPartOf\":{\"@id\":\"https:\/\/aigeviatges.com\/#website\"},\"datePublished\":\"2021-02-25T14:01:22+00:00\",\"dateModified\":\"2023-11-14T14:29:14+00:00\",\"description\":\"Agencia de viajes online | Descubre nuestros viajes inolvidables a ROMANIA I TRANSILV\u00c0NIA - 6 DIES\",\"breadcrumb\":{\"@id\":\"https:\/\/aigeviatges.com\/producto\/romania-6-dies\/#breadcrumb\"},\"inLanguage\":\"es\",\"potentialAction\":[{\"@type\":\"ReadAction\",\"target\":[\"https:\/\/aigeviatges.com\/producto\/romania-6-dies\/\"]}]},{\"@type\":\"BreadcrumbList\",\"@id\":\"https:\/\/aigeviatges.com\/producto\/romania-6-dies\/#breadcrumb\",\"itemListElement\":[{\"@type\":\"ListItem\",\"position\":1,\"name\":\"Portada\",\"item\":\"https:\/\/aigeviatges.com\/\"},{\"@type\":\"ListItem\",\"position\":2,\"name\":\"Tienda\",\"item\":\"https:\/\/aigeviatges.com\/tienda-2\/\"},{\"@type\":\"ListItem\",\"position\":3,\"name\":\"ROMANIA I TRANSILV\u00c0NIA &#8211; 6 DIES\"}]},{\"@type\":\"WebSite\",\"@id\":\"https:\/\/aigeviatges.com\/#website\",\"url\":\"https:\/\/aigeviatges.com\/\",\"name\":\"AIGE Viatges\",\"description\":\"Agencia de viajes especializada en producto propio para grupos.\",\"publisher\":{\"@id\":\"https:\/\/aigeviatges.com\/#organization\"},\"potentialAction\":[{\"@type\":\"SearchAction\",\"target\":{\"@type\":\"EntryPoint\",\"urlTemplate\":\"https:\/\/aigeviatges.com\/?s={search_term_string}\"},\"query-input\":\"required name=search_term_string\"}],\"inLanguage\":\"es\"},{\"@type\":\"Organization\",\"@id\":\"https:\/\/aigeviatges.com\/#organization\",\"name\":\"AIGE Viatges\",\"url\":\"https:\/\/aigeviatges.com\/\",\"logo\":{\"@type\":\"ImageObject\",\"inLanguage\":\"es\",\"@id\":\"https:\/\/aigeviatges.com\/#\/schema\/logo\/image\/\",\"url\":\"https:\/\/aigeviatges.com\/wp-content\/uploads\/2020\/03\/aig-viatges-logo-web.png\",\"contentUrl\":\"https:\/\/aigeviatges.com\/wp-content\/uploads\/2020\/03\/aig-viatges-logo-web.png\",\"width\":600,\"height\":166,\"caption\":\"AIGE Viatges\"},\"image\":{\"@id\":\"https:\/\/aigeviatges.com\/#\/schema\/logo\/image\/\"},\"sameAs\":[\"https:\/\/www.facebook.com\/viatgesaige\/\"]}]}<\/script>\n<!-- \/ Yoast SEO plugin. -->","yoast_head_json":{"title":"ROMANIA I TRANSILV\u00c0NIA - 6 DIES - AIGE Viatges","description":"Agencia de viajes online | Descubre nuestros viajes inolvidables a ROMANIA I TRANSILV\u00c0NIA - 6 DIES","robots":{"index":"index","follow":"follow","max-snippet":"max-snippet:-1","max-image-preview":"max-image-preview:large","max-video-preview":"max-video-preview:-1"},"canonical":"https:\/\/aigeviatges.com\/es\/producto\/permanecia-6-dias\/","og_locale":"es_ES","og_type":"article","og_title":"ROMANIA I TRANSILV\u00c0NIA - 6 DIES - AIGE Viatges","og_description":"Agencia de viajes online | Descubre nuestros viajes inolvidables a ROMANIA I TRANSILV\u00c0NIA - 6 DIES","og_url":"https:\/\/aigeviatges.com\/es\/producto\/permanecia-6-dias\/","og_site_name":"AIGE Viatges","article_publisher":"https:\/\/www.facebook.com\/viatgesaige\/","article_modified_time":"2023-11-14T14:29:14+00:00","og_image":[{"width":645,"height":435,"url":"https:\/\/aigeviatges.com\/wp-content\/uploads\/2021\/02\/R-PELS.jpg","type":"image\/jpeg"}],"twitter_card":"summary_large_image","twitter_misc":{"Tiempo de lectura":"2 minutos"},"schema":{"@context":"https:\/\/schema.org","@graph":[{"@type":"WebPage","@id":"https:\/\/aigeviatges.com\/producto\/romania-6-dies\/","url":"https:\/\/aigeviatges.com\/producto\/romania-6-dies\/","name":"ROMANIA I TRANSILV\u00c0NIA - 6 DIES - AIGE Viatges","isPartOf":{"@id":"https:\/\/aigeviatges.com\/#website"},"datePublished":"2021-02-25T14:01:22+00:00","dateModified":"2023-11-14T14:29:14+00:00","description":"Agencia de viajes online | Descubre nuestros viajes inolvidables a ROMANIA I TRANSILV\u00c0NIA - 6 DIES","breadcrumb":{"@id":"https:\/\/aigeviatges.com\/producto\/romania-6-dies\/#breadcrumb"},"inLanguage":"es","potentialAction":[{"@type":"ReadAction","target":["https:\/\/aigeviatges.com\/producto\/romania-6-dies\/"]}]},{"@type":"BreadcrumbList","@id":"https:\/\/aigeviatges.com\/producto\/romania-6-dies\/#breadcrumb","itemListElement":[{"@type":"ListItem","position":1,"name":"Portada","item":"https:\/\/aigeviatges.com\/"},{"@type":"ListItem","position":2,"name":"Tienda","item":"https:\/\/aigeviatges.com\/tienda-2\/"},{"@type":"ListItem","position":3,"name":"ROMANIA I TRANSILV\u00c0NIA &#8211; 6 DIES"}]},{"@type":"WebSite","@id":"https:\/\/aigeviatges.com\/#website","url":"https:\/\/aigeviatges.com\/","name":"AIGE Viatges","description":"Agencia de viajes especializada en producto propio para grupos.","publisher":{"@id":"https:\/\/aigeviatges.com\/#organization"},"potentialAction":[{"@type":"SearchAction","target":{"@type":"EntryPoint","urlTemplate":"https:\/\/aigeviatges.com\/?s={search_term_string}"},"query-input":"required name=search_term_string"}],"inLanguage":"es"},{"@type":"Organization","@id":"https:\/\/aigeviatges.com\/#organization","name":"AIGE Viatges","url":"https:\/\/aigeviatges.com\/","logo":{"@type":"ImageObject","inLanguage":"es","@id":"https:\/\/aigeviatges.com\/#\/schema\/logo\/image\/","url":"https:\/\/aigeviatges.com\/wp-content\/uploads\/2020\/03\/aig-viatges-logo-web.png","contentUrl":"https:\/\/aigeviatges.com\/wp-content\/uploads\/2020\/03\/aig-viatges-logo-web.png","width":600,"height":166,"caption":"AIGE Viatges"},"image":{"@id":"https:\/\/aigeviatges.com\/#\/schema\/logo\/image\/"},"sameAs":["https:\/\/www.facebook.com\/viatgesaige\/"]}]}},"jetpack_sharing_enabled":true,"jetpack_likes_enabled":false,"_links":{"self":[{"href":"https:\/\/aigeviatges.com\/es\/wp-json\/wp\/v2\/product\/919","targetHints":{"allow":["GET"]}}],"collection":[{"href":"https:\/\/aigeviatges.com\/es\/wp-json\/wp\/v2\/product"}],"about":[{"href":"https:\/\/aigeviatges.com\/es\/wp-json\/wp\/v2\/types\/product"}],"wp:featuredmedia":[{"embeddable":true,"href":"https:\/\/aigeviatges.com\/es\/wp-json\/wp\/v2\/media\/920"}],"wp:attachment":[{"href":"https:\/\/aigeviatges.com\/es\/wp-json\/wp\/v2\/media?parent=919"}],"wp:term":[{"taxonomy":"product_cat","embeddable":true,"href":"https:\/\/aigeviatges.com\/es\/wp-json\/wp\/v2\/product_cat?post=919"},{"taxonomy":"product_tag","embeddable":true,"href":"https:\/\/aigeviatges.com\/es\/wp-json\/wp\/v2\/product_tag?post=919"}],"curies":[{"name":"wp","href":"https:\/\/api.w.org\/{rel}","templated":true}]}}