{"id":908,"date":"2021-02-25T13:00:41","date_gmt":"2021-02-25T13:00:41","guid":{"rendered":"https:\/\/aigeviatges.com\/?post_type=product&#038;p=908"},"modified":"2021-03-18T14:03:06","modified_gmt":"2021-03-18T14:03:06","slug":"escapada-a-viena-4-dies","status":"publish","type":"product","link":"https:\/\/aigeviatges.com\/es\/producto\/escapada-a-viena-4-dias\/","title":{"rendered":"ESCAPADA EN VIENA - 4 D\u00cdAS"},"content":{"rendered":"<p><strong>D\u00eda 1: BARCELONA - VIENA - PANOR\u00c1MICA<\/strong><br \/>\nSalida en avi\u00f3n a Viena. Llegada y almuerzo. Por la tarde visita panor\u00e1mica de la antigua capital del imperio austro-h\u00fangaro. Durante el recorrido veremos el Palacio de Hofburg, situado en la antigua ciudad imperial, el Palacio de Belvedere, la Iglesia Votiva, la Catedral de San Esteban, la Opera, el museo de Bellas Artes, los monumentos a Goethe, Schiller y Mozart, etc\u2026 Cena y alojamiento.<\/p>\n<p><strong>D\u00eda 2: BRATISLAVA - PANOR\u00c1MICA<\/strong><br \/>\nSalida a Bratislava. Visita de la capital de Eslovaquia. Realizaremos un recorrido por la historia mientras paseamos por las calles que fueron escenario del auge del Reino de Hungr\u00eda, la Primera Guerra Mundial y la disoluci\u00f3n de Checoslovaquia: el barrio antiguo, el castillo de Bratislava, el palacio presidencial, el monumento a Slavin, el Antiguo Ayuntamiento, la Plaza de las Armas y la Catedral de Sant Mart\u00ed. Tambi\u00e9n descubriremos las esculturas callejeras: un bombero que emerge de un sumidero, un soldado franc\u00e9s, un hombre vestido y hasta un paparazzi etc. Regreso al hotel. Cena y alojamiento.<\/p>\n<p><strong>D\u00eda 3: PALACIO DE HOFBURG Y PASEO EN CARRUAJES POR EL CASCO HISTORICO \u2013 CENA A GRINZING<\/strong><br \/>\nPor la ma\u00f1ana visitaremos el Palacio de Hofburg. Durante el recorrido se visitan las habitaciones del que ha sido durante m\u00e1s de 600 a\u00f1os el lugar de residencia de los Habsburgo. Se recorren las estancias oficiales, adem\u00e1s de las privadas, en las que vivieron el emperador Francisco Jos\u00e9 y la emperatriz Elisabeth. Las habitaciones se encuentran perfectamente decoradas y amuebladas, dejando testimonio del esplendor de los Habsburgo. Seguiremos con un paseo en el t\u00edpico carruaje de caballos por el casco hist\u00f3rico de Viena. Tarde libre. Cena tradicional en Grinzing. Alojamiento.<\/p>\n<p><strong>D\u00eda 4: VIENA - PALACIO DE SHOENBRUNN - BARCELONA \u00a0<\/strong><br \/>\nPor la ma\u00f1ana visitaremos el Palacio de Sh\u00f6enbrunn. La antigua residencia imperial de verano. Las 40 estancias imperiales dan testimonio del esplendor de la vida cotidiana de la corte en la \u00e9poca de la emperatriz Mar\u00eda Teresa. Almuerzo en rto. Traslado al aeropuerto. Regreso a Barcelona.<\/p>","protected":false},"excerpt":{"rendered":"<p><strong>INCLUYE:\u00a0<\/strong><\/p>\n<ul>\n<li>Traslados al apt y vuelta (m\u00ednimo 25 pax)<\/li>\n<li>Avi\u00f3n BCN \u2013 Viena \u2013 BCN + Maleta (15 kg) y tasas<\/li>\n<li>Autocar local todo el circuito<\/li>\n<li>Gu\u00eda acompa\u00f1ante de AIGE + gu\u00eda local en Viena y Bratislava<\/li>\n<li>Hotel 3*** o 4****<em><strong>\u00a0<\/strong><\/em><em>(seg\u00fan elecci\u00f3n)<\/em><\/li>\n<li>Pensi\u00f3n completa con agua (del almuerzo del d\u00eda 1 al almuerzo del d\u00eda 4)<\/li>\n<li>Visita con audiogu\u00eda en el Palacio de Shoenbrunn<\/li>\n<li>Visita con audiogu\u00eda en el Palacio de Hofburg<\/li>\n<li>Paseo en carruaje<\/li>\n<li>Cena tradicional en Grinzing<\/li>\n<li>Seguro de asistencia en viaje<\/li>\n<\/ul>\n<p><em><strong>Nota sobre el alojamiento: todas las noches en el mismo hotel\u00a0 \u00a0 \u00a0<\/strong><\/em><\/p>","protected":false},"featured_media":909,"template":"","meta":[],"product_cat":[42,25],"product_tag":[],"class_list":["post-908","product","type-product","status-publish","has-post-thumbnail","hentry","product_cat-austria","product_cat-circuits-tot-inclos"],"yoast_head":"<!-- This site is optimized with the Yoast SEO plugin v21.7 - https:\/\/yoast.com\/wordpress\/plugins\/seo\/ -->\n<title>ESCAPADA A VIENA - 4 DIES - AIGE Viatges<\/title>\n<meta name=\"description\" content=\"Agencia de viajes online | Descubre nuestros viajes inolvidables a ESCAPADA A VIENA - 4 DIES\" \/>\n<meta name=\"robots\" content=\"index, follow, max-snippet:-1, max-image-preview:large, max-video-preview:-1\" \/>\n<link rel=\"canonical\" href=\"https:\/\/aigeviatges.com\/es\/producto\/escapada-a-viena-4-dias\/\" \/>\n<meta property=\"og:locale\" content=\"es_ES\" \/>\n<meta property=\"og:type\" content=\"article\" \/>\n<meta property=\"og:title\" content=\"ESCAPADA A VIENA - 4 DIES - AIGE Viatges\" \/>\n<meta property=\"og:description\" content=\"Agencia de viajes online | Descubre nuestros viajes inolvidables a ESCAPADA A VIENA - 4 DIES\" \/>\n<meta property=\"og:url\" content=\"https:\/\/aigeviatges.com\/es\/producto\/escapada-a-viena-4-dias\/\" \/>\n<meta property=\"og:site_name\" content=\"AIGE Viatges\" \/>\n<meta property=\"article:publisher\" content=\"https:\/\/www.facebook.com\/viatgesaige\/\" \/>\n<meta property=\"article:modified_time\" content=\"2021-03-18T14:03:06+00:00\" \/>\n<meta property=\"og:image\" content=\"https:\/\/aigeviatges.com\/wp-content\/uploads\/2021\/02\/v-sho.jpg\" \/>\n\t<meta property=\"og:image:width\" content=\"653\" \/>\n\t<meta property=\"og:image:height\" content=\"403\" \/>\n\t<meta property=\"og:image:type\" content=\"image\/jpeg\" \/>\n<meta name=\"twitter:card\" content=\"summary_large_image\" \/>\n<meta name=\"twitter:label1\" content=\"Tiempo de lectura\" \/>\n\t<meta name=\"twitter:data1\" content=\"2 minutos\" \/>\n<script type=\"application\/ld+json\" class=\"yoast-schema-graph\">{\"@context\":\"https:\/\/schema.org\",\"@graph\":[{\"@type\":\"WebPage\",\"@id\":\"https:\/\/aigeviatges.com\/producto\/escapada-a-viena-4-dies\/\",\"url\":\"https:\/\/aigeviatges.com\/producto\/escapada-a-viena-4-dies\/\",\"name\":\"ESCAPADA A VIENA - 4 DIES - AIGE Viatges\",\"isPartOf\":{\"@id\":\"https:\/\/aigeviatges.com\/#website\"},\"datePublished\":\"2021-02-25T13:00:41+00:00\",\"dateModified\":\"2021-03-18T14:03:06+00:00\",\"description\":\"Agencia de viajes online | Descubre nuestros viajes inolvidables a ESCAPADA A VIENA - 4 DIES\",\"breadcrumb\":{\"@id\":\"https:\/\/aigeviatges.com\/producto\/escapada-a-viena-4-dies\/#breadcrumb\"},\"inLanguage\":\"es\",\"potentialAction\":[{\"@type\":\"ReadAction\",\"target\":[\"https:\/\/aigeviatges.com\/producto\/escapada-a-viena-4-dies\/\"]}]},{\"@type\":\"BreadcrumbList\",\"@id\":\"https:\/\/aigeviatges.com\/producto\/escapada-a-viena-4-dies\/#breadcrumb\",\"itemListElement\":[{\"@type\":\"ListItem\",\"position\":1,\"name\":\"Portada\",\"item\":\"https:\/\/aigeviatges.com\/\"},{\"@type\":\"ListItem\",\"position\":2,\"name\":\"Tienda\",\"item\":\"https:\/\/aigeviatges.com\/tienda-2\/\"},{\"@type\":\"ListItem\",\"position\":3,\"name\":\"ESCAPADA A VIENA &#8211; 4 DIES\"}]},{\"@type\":\"WebSite\",\"@id\":\"https:\/\/aigeviatges.com\/#website\",\"url\":\"https:\/\/aigeviatges.com\/\",\"name\":\"AIGE Viatges\",\"description\":\"Agencia de viajes especializada en producto propio para grupos.\",\"publisher\":{\"@id\":\"https:\/\/aigeviatges.com\/#organization\"},\"potentialAction\":[{\"@type\":\"SearchAction\",\"target\":{\"@type\":\"EntryPoint\",\"urlTemplate\":\"https:\/\/aigeviatges.com\/?s={search_term_string}\"},\"query-input\":\"required name=search_term_string\"}],\"inLanguage\":\"es\"},{\"@type\":\"Organization\",\"@id\":\"https:\/\/aigeviatges.com\/#organization\",\"name\":\"AIGE Viatges\",\"url\":\"https:\/\/aigeviatges.com\/\",\"logo\":{\"@type\":\"ImageObject\",\"inLanguage\":\"es\",\"@id\":\"https:\/\/aigeviatges.com\/#\/schema\/logo\/image\/\",\"url\":\"https:\/\/aigeviatges.com\/wp-content\/uploads\/2020\/03\/aig-viatges-logo-web.png\",\"contentUrl\":\"https:\/\/aigeviatges.com\/wp-content\/uploads\/2020\/03\/aig-viatges-logo-web.png\",\"width\":600,\"height\":166,\"caption\":\"AIGE Viatges\"},\"image\":{\"@id\":\"https:\/\/aigeviatges.com\/#\/schema\/logo\/image\/\"},\"sameAs\":[\"https:\/\/www.facebook.com\/viatgesaige\/\"]}]}<\/script>\n<!-- \/ Yoast SEO plugin. -->","yoast_head_json":{"title":"ESCAPADA A VIENA - 4 DIES - AIGE Viatges","description":"Agencia de viajes online | Descubre nuestros viajes inolvidables a ESCAPADA A VIENA - 4 DIES","robots":{"index":"index","follow":"follow","max-snippet":"max-snippet:-1","max-image-preview":"max-image-preview:large","max-video-preview":"max-video-preview:-1"},"canonical":"https:\/\/aigeviatges.com\/es\/producto\/escapada-a-viena-4-dias\/","og_locale":"es_ES","og_type":"article","og_title":"ESCAPADA A VIENA - 4 DIES - AIGE Viatges","og_description":"Agencia de viajes online | Descubre nuestros viajes inolvidables a ESCAPADA A VIENA - 4 DIES","og_url":"https:\/\/aigeviatges.com\/es\/producto\/escapada-a-viena-4-dias\/","og_site_name":"AIGE Viatges","article_publisher":"https:\/\/www.facebook.com\/viatgesaige\/","article_modified_time":"2021-03-18T14:03:06+00:00","og_image":[{"width":653,"height":403,"url":"https:\/\/aigeviatges.com\/wp-content\/uploads\/2021\/02\/v-sho.jpg","type":"image\/jpeg"}],"twitter_card":"summary_large_image","twitter_misc":{"Tiempo de lectura":"2 minutos"},"schema":{"@context":"https:\/\/schema.org","@graph":[{"@type":"WebPage","@id":"https:\/\/aigeviatges.com\/producto\/escapada-a-viena-4-dies\/","url":"https:\/\/aigeviatges.com\/producto\/escapada-a-viena-4-dies\/","name":"ESCAPADA A VIENA - 4 DIES - AIGE Viatges","isPartOf":{"@id":"https:\/\/aigeviatges.com\/#website"},"datePublished":"2021-02-25T13:00:41+00:00","dateModified":"2021-03-18T14:03:06+00:00","description":"Agencia de viajes online | Descubre nuestros viajes inolvidables a ESCAPADA A VIENA - 4 DIES","breadcrumb":{"@id":"https:\/\/aigeviatges.com\/producto\/escapada-a-viena-4-dies\/#breadcrumb"},"inLanguage":"es","potentialAction":[{"@type":"ReadAction","target":["https:\/\/aigeviatges.com\/producto\/escapada-a-viena-4-dies\/"]}]},{"@type":"BreadcrumbList","@id":"https:\/\/aigeviatges.com\/producto\/escapada-a-viena-4-dies\/#breadcrumb","itemListElement":[{"@type":"ListItem","position":1,"name":"Portada","item":"https:\/\/aigeviatges.com\/"},{"@type":"ListItem","position":2,"name":"Tienda","item":"https:\/\/aigeviatges.com\/tienda-2\/"},{"@type":"ListItem","position":3,"name":"ESCAPADA A VIENA &#8211; 4 DIES"}]},{"@type":"WebSite","@id":"https:\/\/aigeviatges.com\/#website","url":"https:\/\/aigeviatges.com\/","name":"AIGE Viatges","description":"Agencia de viajes especializada en producto propio para grupos.","publisher":{"@id":"https:\/\/aigeviatges.com\/#organization"},"potentialAction":[{"@type":"SearchAction","target":{"@type":"EntryPoint","urlTemplate":"https:\/\/aigeviatges.com\/?s={search_term_string}"},"query-input":"required name=search_term_string"}],"inLanguage":"es"},{"@type":"Organization","@id":"https:\/\/aigeviatges.com\/#organization","name":"AIGE Viatges","url":"https:\/\/aigeviatges.com\/","logo":{"@type":"ImageObject","inLanguage":"es","@id":"https:\/\/aigeviatges.com\/#\/schema\/logo\/image\/","url":"https:\/\/aigeviatges.com\/wp-content\/uploads\/2020\/03\/aig-viatges-logo-web.png","contentUrl":"https:\/\/aigeviatges.com\/wp-content\/uploads\/2020\/03\/aig-viatges-logo-web.png","width":600,"height":166,"caption":"AIGE Viatges"},"image":{"@id":"https:\/\/aigeviatges.com\/#\/schema\/logo\/image\/"},"sameAs":["https:\/\/www.facebook.com\/viatgesaige\/"]}]}},"jetpack_sharing_enabled":true,"jetpack_likes_enabled":false,"_links":{"self":[{"href":"https:\/\/aigeviatges.com\/es\/wp-json\/wp\/v2\/product\/908","targetHints":{"allow":["GET"]}}],"collection":[{"href":"https:\/\/aigeviatges.com\/es\/wp-json\/wp\/v2\/product"}],"about":[{"href":"https:\/\/aigeviatges.com\/es\/wp-json\/wp\/v2\/types\/product"}],"wp:featuredmedia":[{"embeddable":true,"href":"https:\/\/aigeviatges.com\/es\/wp-json\/wp\/v2\/media\/909"}],"wp:attachment":[{"href":"https:\/\/aigeviatges.com\/es\/wp-json\/wp\/v2\/media?parent=908"}],"wp:term":[{"taxonomy":"product_cat","embeddable":true,"href":"https:\/\/aigeviatges.com\/es\/wp-json\/wp\/v2\/product_cat?post=908"},{"taxonomy":"product_tag","embeddable":true,"href":"https:\/\/aigeviatges.com\/es\/wp-json\/wp\/v2\/product_tag?post=908"}],"curies":[{"name":"wp","href":"https:\/\/api.w.org\/{rel}","templated":true}]}}