{"id":894,"date":"2021-02-25T11:19:59","date_gmt":"2021-02-25T11:19:59","guid":{"rendered":"https:\/\/aigeviatges.com\/?post_type=product&#038;p=894"},"modified":"2023-11-14T14:29:03","modified_gmt":"2023-11-14T14:29:03","slug":"suissa-classica-6-dies","status":"publish","type":"product","link":"https:\/\/aigeviatges.com\/es\/producto\/suiza-clasica-6-dias\/","title":{"rendered":"SUIZA CL\u00c1SICA \u2013 6 D\u00cdAS"},"content":{"rendered":"<p><strong>D\u00eda 1: BARCELONA \u2013 BERNA \u2013 VALLE DE AARAU (SUIZA)<\/strong><br \/>\nSalida en avi\u00f3n a Suiza. Traslado a Berna. Almuerzo. Haremos un recorrido por sus t\u00edpicas calles con ventanas adornadas de geranios, las fuentes medievales, la Torre del Reloj con su carill\u00f3n, el Parlamento, la Catedral y el foso de los huesos que dan nombre a la ciudad. Continuaci\u00f3n en el hotel. Acomodaci\u00f3n, cena y alojamiento.<\/p>\n<p><strong>D\u00eda 2: LUCERNA \u2013 CRUCERO POR EL LAGO DE LOS CUATRO ESQUINAS<\/strong><br \/>\nJornada dedicada a Lucerna, la m\u00e1s bonita de las ciudades suizas, en la que efectuaremos un recorrido por la ciudad, con sus tranquilas plazas y callejones, Kornmarkt, Hirschenplatz, Weinmarktplatz, los puentes de madera, las iglesias de los jesuitas y de los franciscanos, el monumento al le\u00f3n herido. Despu\u00e9s de comer en restaurante efectuaremos un paseo en barco por el Lago de los Cuatro Cantones y dispondremos de tiempo libre para las t\u00edpicas compras de recuerdos y regalos. Regreso al hotel. Cena y alojamiento.<\/p>\n<p><strong>D\u00eda 3: SCHAFFHAUSSEN \u2013 CATARATAS DEL RIN \u2013 STEIN AM RHEIN<\/strong><br \/>\nPor la ma\u00f1ana, salida a Shaffhaussen. Visitaremos el casco medieval, las casas del barrio antiguo son adornadas abundantemente con voladizos y fachadas pintadas, dominado por la impresionante fortaleza del siglo XVI: el \u201cMunot\u201d. Accederemos al recinto a trav\u00e9s de una escalinata que discurre entre vi\u00f1edos, y desde el donjon, torre del homenaje, se disfrutan magn\u00edficas vistas sobre la ciudad y el Rin. Al mediod\u00eda proseguiremos hasta cerca de la frontera alemana, donde el Rin salva un desnivel de m\u00e1s de 20 metros de altura, en un lugar donde su anchura supera los 200 metros, dando lugar a una espectacular catarata, que podremos observar desde los miradores. Seguiremos con la visita de Stein am Rhein, encantadora poblaci\u00f3n con construcciones medievales y fachadas pintadas con motivos aleg\u00f3ricos. Regreso al hotel. Cena y alojamiento.<\/p>\n<p><strong>D\u00eda 4: PLANPLATTEN \u2013 TRUMMELBACH \u2013 INTERLAKEN<\/strong><br \/>\nEsta jornada es la culminaci\u00f3n de todo viaje a Suiza, al estar dedicada a la alta monta\u00f1a. Por la ma\u00f1ana, nos dirigiremos a Meiringen, encantadora poblaci\u00f3n en el coraz\u00f3n de los Alpes Suizos desde donde ascenderemos en tres telecabinas en Planplatten, a 2250 metros de altitud, con la maravillosa vista que se extiende desde el Titlis al Schilthorn, con el grupo del Sustenhorn y del Wetterhorn. Despu\u00e9s de comer, nos dirigiremos al valle de Lauterbrunnen para visitar las espectaculares Cataratas interiores de Tr\u00fcmmelbach. A media tarde llegada a Interlaken, la famosa estaci\u00f3n alpina ubicada entre los lagos de Brienz y Thun, donde dispondremos de tiempo libre. Regreso al hotel atravesando el valle del Emmental. Cena y alojamiento.<\/p>\n<p><strong>D\u00eda 5: ZURICH - BASILEA\u00a0\u00a0<\/strong><br \/>\nSalida a Zurich, la capital econ\u00f3mica de Suiza, donde veremos la vidrieras de la Frauenkirche y pasearemos por la Bahnhofstrasse, donde se encuentran las sedes de los m\u00e1s importantes institutos financieros. Continuaci\u00f3n a Basilea. Almuerzo en rto. Visita a esta singular ciudad dividida por Rin en dos partes: Gran Basilea (Grossbasel) en la acera Izquierda y Basilea Peque\u00f1a (Kleinbasel) en la acera derecha del Rin. Regreso al hotel. Cena y alojamiento.<\/p>\n<p><strong>D\u00eda 6: VALLE DE AARAU (SUIZA) \u2013 LAUSSANE \u2013 BARCELONA<\/strong><br \/>\nSalida a primera hora, cruzando Suiza de Este a Oeste, llegaremos a Lausana, ciudad cosmopolita de la Suiza rom\u00e1ntica, famosa por ser la sede ol\u00edmpica internacional. Visita panor\u00e1mica de la ciudad. Despu\u00e9s del almuerzo nos dirigiremos al aeropuerto. Salida en avi\u00f3n a Barcelona. Llegada y fin de nuestros servicios.<\/p>","protected":false},"excerpt":{"rendered":"<p><strong>INCLUYE:<\/strong><\/p>\n<ul>\n<li>Traslados origen-apt y vuelta (m\u00ednimo 25 pax)<\/li>\n<li>Avi\u00f3n BCN - Zurich \/ Basilea - BCN + tasas y maleta (15 kg)<\/li>\n<li>Autocar local todo el circuito<\/li>\n<li>Gu\u00eda acompa\u00f1ante de AIGE<\/li>\n<li>Gu\u00edas locales en Ginebra, Berna, Zurich y Lucerna<\/li>\n<li>Hotel 3***<\/li>\n<li>Pensi\u00f3n completa con agua (del almuerzo del d\u00eda 1 al almuerzo del d\u00eda 6)<\/li>\n<li>Entrada en las cataratas de Tr\u00fcmmelbach<\/li>\n<li>Telecabinas en el Planplatten<\/li>\n<li>Crucero por el lago Quatre Cantons<\/li>\n<li>Seguro de asistencia en viaje<\/li>\n<\/ul>\n<p><em><strong>Nota sobre el alojamiento: todas las noches en el mismo hotel\u00a0<\/strong><\/em><\/p>","protected":false},"featured_media":895,"template":"","meta":[],"product_cat":[42,25],"product_tag":[],"class_list":["post-894","product","type-product","status-publish","has-post-thumbnail","hentry","product_cat-austria","product_cat-circuits-tot-inclos"],"yoast_head":"<!-- This site is optimized with the Yoast SEO plugin v21.7 - https:\/\/yoast.com\/wordpress\/plugins\/seo\/ -->\n<title>SU\u00cfSSA CL\u00c0SSICA - 6 DIES - AIGE Viatges<\/title>\n<meta name=\"description\" content=\"Agencia de viajes online | Descubre nuestros viajes inolvidables a SU\u00cfSSA CL\u00c0SSICA - 6 DIES\" \/>\n<meta name=\"robots\" content=\"index, follow, max-snippet:-1, max-image-preview:large, max-video-preview:-1\" \/>\n<link rel=\"canonical\" href=\"https:\/\/aigeviatges.com\/es\/producto\/suiza-clasica-6-dias\/\" \/>\n<meta property=\"og:locale\" content=\"es_ES\" \/>\n<meta property=\"og:type\" content=\"article\" \/>\n<meta property=\"og:title\" content=\"SU\u00cfSSA CL\u00c0SSICA - 6 DIES - AIGE Viatges\" \/>\n<meta property=\"og:description\" content=\"Agencia de viajes online | Descubre nuestros viajes inolvidables a SU\u00cfSSA CL\u00c0SSICA - 6 DIES\" \/>\n<meta property=\"og:url\" content=\"https:\/\/aigeviatges.com\/es\/producto\/suiza-clasica-6-dias\/\" \/>\n<meta property=\"og:site_name\" content=\"AIGE Viatges\" \/>\n<meta property=\"article:publisher\" content=\"https:\/\/www.facebook.com\/viatgesaige\/\" \/>\n<meta property=\"article:modified_time\" content=\"2023-11-14T14:29:03+00:00\" \/>\n<meta property=\"og:image\" content=\"https:\/\/aigeviatges.com\/wp-content\/uploads\/2021\/02\/s1-inter.jpeg\" \/>\n\t<meta property=\"og:image:width\" content=\"647\" \/>\n\t<meta property=\"og:image:height\" content=\"456\" \/>\n\t<meta property=\"og:image:type\" content=\"image\/jpeg\" \/>\n<meta name=\"twitter:card\" content=\"summary_large_image\" \/>\n<meta name=\"twitter:label1\" content=\"Tiempo de lectura\" \/>\n\t<meta name=\"twitter:data1\" content=\"3 minutos\" \/>\n<script type=\"application\/ld+json\" class=\"yoast-schema-graph\">{\"@context\":\"https:\/\/schema.org\",\"@graph\":[{\"@type\":\"WebPage\",\"@id\":\"https:\/\/aigeviatges.com\/producto\/suissa-classica-6-dies\/\",\"url\":\"https:\/\/aigeviatges.com\/producto\/suissa-classica-6-dies\/\",\"name\":\"SU\u00cfSSA CL\u00c0SSICA - 6 DIES - AIGE Viatges\",\"isPartOf\":{\"@id\":\"https:\/\/aigeviatges.com\/#website\"},\"datePublished\":\"2021-02-25T11:19:59+00:00\",\"dateModified\":\"2023-11-14T14:29:03+00:00\",\"description\":\"Agencia de viajes online | Descubre nuestros viajes inolvidables a SU\u00cfSSA CL\u00c0SSICA - 6 DIES\",\"breadcrumb\":{\"@id\":\"https:\/\/aigeviatges.com\/producto\/suissa-classica-6-dies\/#breadcrumb\"},\"inLanguage\":\"es\",\"potentialAction\":[{\"@type\":\"ReadAction\",\"target\":[\"https:\/\/aigeviatges.com\/producto\/suissa-classica-6-dies\/\"]}]},{\"@type\":\"BreadcrumbList\",\"@id\":\"https:\/\/aigeviatges.com\/producto\/suissa-classica-6-dies\/#breadcrumb\",\"itemListElement\":[{\"@type\":\"ListItem\",\"position\":1,\"name\":\"Portada\",\"item\":\"https:\/\/aigeviatges.com\/\"},{\"@type\":\"ListItem\",\"position\":2,\"name\":\"Tienda\",\"item\":\"https:\/\/aigeviatges.com\/tienda-2\/\"},{\"@type\":\"ListItem\",\"position\":3,\"name\":\"SU\u00cfSSA CL\u00c0SSICA &#8211; 6 DIES\"}]},{\"@type\":\"WebSite\",\"@id\":\"https:\/\/aigeviatges.com\/#website\",\"url\":\"https:\/\/aigeviatges.com\/\",\"name\":\"AIGE Viatges\",\"description\":\"Agencia de viajes especializada en producto propio para grupos.\",\"publisher\":{\"@id\":\"https:\/\/aigeviatges.com\/#organization\"},\"potentialAction\":[{\"@type\":\"SearchAction\",\"target\":{\"@type\":\"EntryPoint\",\"urlTemplate\":\"https:\/\/aigeviatges.com\/?s={search_term_string}\"},\"query-input\":\"required name=search_term_string\"}],\"inLanguage\":\"es\"},{\"@type\":\"Organization\",\"@id\":\"https:\/\/aigeviatges.com\/#organization\",\"name\":\"AIGE Viatges\",\"url\":\"https:\/\/aigeviatges.com\/\",\"logo\":{\"@type\":\"ImageObject\",\"inLanguage\":\"es\",\"@id\":\"https:\/\/aigeviatges.com\/#\/schema\/logo\/image\/\",\"url\":\"https:\/\/aigeviatges.com\/wp-content\/uploads\/2020\/03\/aig-viatges-logo-web.png\",\"contentUrl\":\"https:\/\/aigeviatges.com\/wp-content\/uploads\/2020\/03\/aig-viatges-logo-web.png\",\"width\":600,\"height\":166,\"caption\":\"AIGE Viatges\"},\"image\":{\"@id\":\"https:\/\/aigeviatges.com\/#\/schema\/logo\/image\/\"},\"sameAs\":[\"https:\/\/www.facebook.com\/viatgesaige\/\"]}]}<\/script>\n<!-- \/ Yoast SEO plugin. -->","yoast_head_json":{"title":"SU\u00cfSSA CL\u00c0SSICA - 6 DIES - AIGE Viatges","description":"Agencia de viajes online | Descubre nuestros viajes inolvidables a SU\u00cfSSA CL\u00c0SSICA - 6 DIES","robots":{"index":"index","follow":"follow","max-snippet":"max-snippet:-1","max-image-preview":"max-image-preview:large","max-video-preview":"max-video-preview:-1"},"canonical":"https:\/\/aigeviatges.com\/es\/producto\/suiza-clasica-6-dias\/","og_locale":"es_ES","og_type":"article","og_title":"SU\u00cfSSA CL\u00c0SSICA - 6 DIES - AIGE Viatges","og_description":"Agencia de viajes online | Descubre nuestros viajes inolvidables a SU\u00cfSSA CL\u00c0SSICA - 6 DIES","og_url":"https:\/\/aigeviatges.com\/es\/producto\/suiza-clasica-6-dias\/","og_site_name":"AIGE Viatges","article_publisher":"https:\/\/www.facebook.com\/viatgesaige\/","article_modified_time":"2023-11-14T14:29:03+00:00","og_image":[{"width":647,"height":456,"url":"https:\/\/aigeviatges.com\/wp-content\/uploads\/2021\/02\/s1-inter.jpeg","type":"image\/jpeg"}],"twitter_card":"summary_large_image","twitter_misc":{"Tiempo de lectura":"3 minutos"},"schema":{"@context":"https:\/\/schema.org","@graph":[{"@type":"WebPage","@id":"https:\/\/aigeviatges.com\/producto\/suissa-classica-6-dies\/","url":"https:\/\/aigeviatges.com\/producto\/suissa-classica-6-dies\/","name":"SU\u00cfSSA CL\u00c0SSICA - 6 DIES - AIGE Viatges","isPartOf":{"@id":"https:\/\/aigeviatges.com\/#website"},"datePublished":"2021-02-25T11:19:59+00:00","dateModified":"2023-11-14T14:29:03+00:00","description":"Agencia de viajes online | Descubre nuestros viajes inolvidables a SU\u00cfSSA CL\u00c0SSICA - 6 DIES","breadcrumb":{"@id":"https:\/\/aigeviatges.com\/producto\/suissa-classica-6-dies\/#breadcrumb"},"inLanguage":"es","potentialAction":[{"@type":"ReadAction","target":["https:\/\/aigeviatges.com\/producto\/suissa-classica-6-dies\/"]}]},{"@type":"BreadcrumbList","@id":"https:\/\/aigeviatges.com\/producto\/suissa-classica-6-dies\/#breadcrumb","itemListElement":[{"@type":"ListItem","position":1,"name":"Portada","item":"https:\/\/aigeviatges.com\/"},{"@type":"ListItem","position":2,"name":"Tienda","item":"https:\/\/aigeviatges.com\/tienda-2\/"},{"@type":"ListItem","position":3,"name":"SU\u00cfSSA CL\u00c0SSICA &#8211; 6 DIES"}]},{"@type":"WebSite","@id":"https:\/\/aigeviatges.com\/#website","url":"https:\/\/aigeviatges.com\/","name":"AIGE Viatges","description":"Agencia de viajes especializada en producto propio para grupos.","publisher":{"@id":"https:\/\/aigeviatges.com\/#organization"},"potentialAction":[{"@type":"SearchAction","target":{"@type":"EntryPoint","urlTemplate":"https:\/\/aigeviatges.com\/?s={search_term_string}"},"query-input":"required name=search_term_string"}],"inLanguage":"es"},{"@type":"Organization","@id":"https:\/\/aigeviatges.com\/#organization","name":"AIGE Viatges","url":"https:\/\/aigeviatges.com\/","logo":{"@type":"ImageObject","inLanguage":"es","@id":"https:\/\/aigeviatges.com\/#\/schema\/logo\/image\/","url":"https:\/\/aigeviatges.com\/wp-content\/uploads\/2020\/03\/aig-viatges-logo-web.png","contentUrl":"https:\/\/aigeviatges.com\/wp-content\/uploads\/2020\/03\/aig-viatges-logo-web.png","width":600,"height":166,"caption":"AIGE Viatges"},"image":{"@id":"https:\/\/aigeviatges.com\/#\/schema\/logo\/image\/"},"sameAs":["https:\/\/www.facebook.com\/viatgesaige\/"]}]}},"jetpack_sharing_enabled":true,"jetpack_likes_enabled":false,"_links":{"self":[{"href":"https:\/\/aigeviatges.com\/es\/wp-json\/wp\/v2\/product\/894","targetHints":{"allow":["GET"]}}],"collection":[{"href":"https:\/\/aigeviatges.com\/es\/wp-json\/wp\/v2\/product"}],"about":[{"href":"https:\/\/aigeviatges.com\/es\/wp-json\/wp\/v2\/types\/product"}],"wp:featuredmedia":[{"embeddable":true,"href":"https:\/\/aigeviatges.com\/es\/wp-json\/wp\/v2\/media\/895"}],"wp:attachment":[{"href":"https:\/\/aigeviatges.com\/es\/wp-json\/wp\/v2\/media?parent=894"}],"wp:term":[{"taxonomy":"product_cat","embeddable":true,"href":"https:\/\/aigeviatges.com\/es\/wp-json\/wp\/v2\/product_cat?post=894"},{"taxonomy":"product_tag","embeddable":true,"href":"https:\/\/aigeviatges.com\/es\/wp-json\/wp\/v2\/product_tag?post=894"}],"curies":[{"name":"wp","href":"https:\/\/api.w.org\/{rel}","templated":true}]}}