{"id":875,"date":"2021-02-24T13:42:46","date_gmt":"2021-02-24T13:42:46","guid":{"rendered":"https:\/\/aigeviatges.com\/?post_type=product&#038;p=875"},"modified":"2021-03-18T14:12:33","modified_gmt":"2021-03-18T14:12:33","slug":"croacia-6-dies","status":"publish","type":"product","link":"https:\/\/aigeviatges.com\/es\/producto\/croacia-6-dias\/","title":{"rendered":"CROACIA \u2013 6 D\u00cdAS"},"content":{"rendered":"<p><strong>D\u00eda 1: ORIGEN - BARCELONA - DUBROVNIK - DALMACIA<\/strong><br \/>\nSalida en avi\u00f3n a Dubrovnik. Llegada y visita peatonal de la ciudad amurallada, conocida como la &#039;Perla del Adri\u00e1tico&#039;. Destaca la Catedral, el Palacio Knezev Dvo, el Monasterio Franciscano. etc. Continuaci\u00f3n hasta llegar al hotel. Cena y alojamiento.<\/p>\n<p><strong>D\u00eda 2: SPLIT<\/strong><br \/>\nVisita de Split, ciudad situada en el Sur de Croacia, puerto mar\u00edtimo de la costa D\u00e1lmata. La ciudad vieja debe su origen a la casa del emperador romano Diocleciano ya que este palacio sirvi\u00f3 como punto de partida para que la ciudad fuese creciendo. Las calles que lo rodean, es un crisol de estilos donde es posible encontrar restos romanos de los fundadores, calles medievales y palacios g\u00f3ticos y renacentistas. Cena y alojamiento en el hotel.<\/p>\n<p><strong>D\u00eda 3: MOSTRAR \u2013 CASCADAS DE KRAVICE<\/strong><br \/>\nVisita de Mostar, ciudad construida en tiempos del imperio Otomano, recibe el nombre por su viejo puente considerado un s\u00edmbolo para servir de uni\u00f3n entre las dos culturas (cristiana y musulmana) separadas por el r\u00edo Neretva y unidas por el puente. Almuerzo. Por la tarde visitaremos las cataratas de Kravice, todo un regalo para los sentidos. Se accede desde lo alto, por lo que la primera impresi\u00f3n que tiene el visitante es impresionante, en todo su esplendor. Varios chorros caen desde una altura de unos 25 metros a un lago rodeado de bosques. Cena y alojamiento en el hotel.<\/p>\n<p><strong>D\u00eda 4: STON \u2013 OREBIC \u2013 KORKULA <\/strong><br \/>\nVisita de la villa marinera de Ston, en la que destaca su muralla. Continuaci\u00f3n a Orebic y traslado en barco hacia la bell\u00edsima isla de Korcula, famosa por ser el lugar de nacimiento de Marco Polo. Recorreremos sus calles perfectamente conservadas y orientadas seg\u00fan los vientos. Cena y alojamiento en el hotel.<\/p>\n<p><strong>D\u00eda 5: DUBROVNIK \u2013 ISLAS ELAFITIO<\/strong><br \/>\nExcursi\u00f3n en barco por las exuberantes islas Elafiti o islas de los ciervos, un peque\u00f1o para\u00edso de hermosas calas y playas, S\u00f3lo 3 de estas islas est\u00e1n habitadas Sipan, Lopud y Kolocep. La ausencia casi total de coches contribuye a la sensaci\u00f3n de paz y tranquilidad que se disfruta en las mismas. Almuerzo. Por la tarde continuaremos visitando Dubrovnik. Cena y alojamiento en el hotel.<\/p>\n<p><strong>D\u00eda 6: DALMACIA \u2013 CAVTAT \u2013 BARCELONA \u2013 ORIGEN <\/strong><br \/>\nSalida por la costa de Dalmacia hasta llegar a Cavtat es una ciudad de palacios hermosos, rica vegetaci\u00f3n y hermosas bah\u00edas y playas. Dispondremos de tiempo libre para las ultimas compras. Traslado al aeropuerto para salir en avi\u00f3n a Barcelona. Fin de nuestros servicios.<\/p>","protected":false},"excerpt":{"rendered":"<p><strong>INCLUYE:<\/strong><\/p>\n<ul>\n<li>Traslados origen-apt y vuelta (m\u00ednimo 25 pax)<\/li>\n<li>Avi\u00f3n BCN \u2013 Dubrovnik \u2013 BCN + Maleta (15 kg) y tasas<\/li>\n<li>Autocar local todo el circuito<\/li>\n<li>Gu\u00eda acompa\u00f1ante de AIGE<\/li>\n<li>Gu\u00eda local en Dubrovnik, Split, Mostar y Korkula<\/li>\n<li>Hotel 3*** o 4****<em><strong>\u00a0<\/strong><\/em><em>(seg\u00fan elecci\u00f3n)<\/em><\/li>\n<li>Pensi\u00f3n completa con agua (De la cena del d\u00eda 1 al desayuno del d\u00eda 6)<\/li>\n<li>Entrada en las cataratas de Kravice<\/li>\n<li>Crucero en las Islas Elafiti<\/li>\n<li>Traslado en barco a la isla de Korkula<\/li>\n<li>Seguro de asistencia en viaje<\/li>\n<\/ul>\n<p><em><strong>Nota sobre el alojamiento: todas las noches en el mismo hotel\u00a0 \u00a0 \u00a0<\/strong><\/em><\/p>","protected":false},"featured_media":877,"template":"","meta":[],"product_cat":[25,80,70],"product_tag":[],"class_list":["post-875","product","type-product","status-publish","has-post-thumbnail","hentry","product_cat-circuits-tot-inclos","product_cat-croacia","product_cat-eslovenia-i-croacia"],"yoast_head":"<!-- This site is optimized with the Yoast SEO plugin v21.7 - https:\/\/yoast.com\/wordpress\/plugins\/seo\/ -->\n<title>CRO\u00c0CIA - 6 DIES - AIGE Viatges<\/title>\n<meta name=\"description\" content=\"Agencia de viajes online | Descubre nuestros viajes inolvidables a CRO\u00c0CIA - 6 DIES\" \/>\n<meta name=\"robots\" content=\"index, follow, max-snippet:-1, max-image-preview:large, max-video-preview:-1\" \/>\n<link rel=\"canonical\" href=\"https:\/\/aigeviatges.com\/es\/producto\/croacia-6-dias\/\" \/>\n<meta property=\"og:locale\" content=\"es_ES\" \/>\n<meta property=\"og:type\" content=\"article\" \/>\n<meta property=\"og:title\" content=\"CRO\u00c0CIA - 6 DIES - AIGE Viatges\" \/>\n<meta property=\"og:description\" content=\"Agencia de viajes online | Descubre nuestros viajes inolvidables a CRO\u00c0CIA - 6 DIES\" \/>\n<meta property=\"og:url\" content=\"https:\/\/aigeviatges.com\/es\/producto\/croacia-6-dias\/\" \/>\n<meta property=\"og:site_name\" content=\"AIGE Viatges\" \/>\n<meta property=\"article:publisher\" content=\"https:\/\/www.facebook.com\/viatgesaige\/\" \/>\n<meta property=\"article:modified_time\" content=\"2021-03-18T14:12:33+00:00\" \/>\n<meta property=\"og:image\" content=\"https:\/\/aigeviatges.com\/wp-content\/uploads\/2021\/02\/c-dub.jpg\" \/>\n\t<meta property=\"og:image:width\" content=\"844\" \/>\n\t<meta property=\"og:image:height\" content=\"444\" \/>\n\t<meta property=\"og:image:type\" content=\"image\/jpeg\" \/>\n<meta name=\"twitter:card\" content=\"summary_large_image\" \/>\n<meta name=\"twitter:label1\" content=\"Tiempo de lectura\" \/>\n\t<meta name=\"twitter:data1\" content=\"2 minutos\" \/>\n<script type=\"application\/ld+json\" class=\"yoast-schema-graph\">{\"@context\":\"https:\/\/schema.org\",\"@graph\":[{\"@type\":\"WebPage\",\"@id\":\"https:\/\/aigeviatges.com\/producto\/croacia-6-dies\/\",\"url\":\"https:\/\/aigeviatges.com\/producto\/croacia-6-dies\/\",\"name\":\"CRO\u00c0CIA - 6 DIES - AIGE Viatges\",\"isPartOf\":{\"@id\":\"https:\/\/aigeviatges.com\/#website\"},\"datePublished\":\"2021-02-24T13:42:46+00:00\",\"dateModified\":\"2021-03-18T14:12:33+00:00\",\"description\":\"Agencia de viajes online | Descubre nuestros viajes inolvidables a CRO\u00c0CIA - 6 DIES\",\"breadcrumb\":{\"@id\":\"https:\/\/aigeviatges.com\/producto\/croacia-6-dies\/#breadcrumb\"},\"inLanguage\":\"es\",\"potentialAction\":[{\"@type\":\"ReadAction\",\"target\":[\"https:\/\/aigeviatges.com\/producto\/croacia-6-dies\/\"]}]},{\"@type\":\"BreadcrumbList\",\"@id\":\"https:\/\/aigeviatges.com\/producto\/croacia-6-dies\/#breadcrumb\",\"itemListElement\":[{\"@type\":\"ListItem\",\"position\":1,\"name\":\"Portada\",\"item\":\"https:\/\/aigeviatges.com\/\"},{\"@type\":\"ListItem\",\"position\":2,\"name\":\"Tienda\",\"item\":\"https:\/\/aigeviatges.com\/tienda-2\/\"},{\"@type\":\"ListItem\",\"position\":3,\"name\":\"CRO\u00c0CIA &#8211; 6 DIES\"}]},{\"@type\":\"WebSite\",\"@id\":\"https:\/\/aigeviatges.com\/#website\",\"url\":\"https:\/\/aigeviatges.com\/\",\"name\":\"AIGE Viatges\",\"description\":\"Agencia de viajes especializada en producto propio para grupos.\",\"publisher\":{\"@id\":\"https:\/\/aigeviatges.com\/#organization\"},\"potentialAction\":[{\"@type\":\"SearchAction\",\"target\":{\"@type\":\"EntryPoint\",\"urlTemplate\":\"https:\/\/aigeviatges.com\/?s={search_term_string}\"},\"query-input\":\"required name=search_term_string\"}],\"inLanguage\":\"es\"},{\"@type\":\"Organization\",\"@id\":\"https:\/\/aigeviatges.com\/#organization\",\"name\":\"AIGE Viatges\",\"url\":\"https:\/\/aigeviatges.com\/\",\"logo\":{\"@type\":\"ImageObject\",\"inLanguage\":\"es\",\"@id\":\"https:\/\/aigeviatges.com\/#\/schema\/logo\/image\/\",\"url\":\"https:\/\/aigeviatges.com\/wp-content\/uploads\/2020\/03\/aig-viatges-logo-web.png\",\"contentUrl\":\"https:\/\/aigeviatges.com\/wp-content\/uploads\/2020\/03\/aig-viatges-logo-web.png\",\"width\":600,\"height\":166,\"caption\":\"AIGE Viatges\"},\"image\":{\"@id\":\"https:\/\/aigeviatges.com\/#\/schema\/logo\/image\/\"},\"sameAs\":[\"https:\/\/www.facebook.com\/viatgesaige\/\"]}]}<\/script>\n<!-- \/ Yoast SEO plugin. -->","yoast_head_json":{"title":"CRO\u00c0CIA - 6 DIES - AIGE Viatges","description":"Agencia de viajes online | Descubre nuestros viajes inolvidables a CRO\u00c0CIA - 6 DIES","robots":{"index":"index","follow":"follow","max-snippet":"max-snippet:-1","max-image-preview":"max-image-preview:large","max-video-preview":"max-video-preview:-1"},"canonical":"https:\/\/aigeviatges.com\/es\/producto\/croacia-6-dias\/","og_locale":"es_ES","og_type":"article","og_title":"CRO\u00c0CIA - 6 DIES - AIGE Viatges","og_description":"Agencia de viajes online | Descubre nuestros viajes inolvidables a CRO\u00c0CIA - 6 DIES","og_url":"https:\/\/aigeviatges.com\/es\/producto\/croacia-6-dias\/","og_site_name":"AIGE Viatges","article_publisher":"https:\/\/www.facebook.com\/viatgesaige\/","article_modified_time":"2021-03-18T14:12:33+00:00","og_image":[{"width":844,"height":444,"url":"https:\/\/aigeviatges.com\/wp-content\/uploads\/2021\/02\/c-dub.jpg","type":"image\/jpeg"}],"twitter_card":"summary_large_image","twitter_misc":{"Tiempo de lectura":"2 minutos"},"schema":{"@context":"https:\/\/schema.org","@graph":[{"@type":"WebPage","@id":"https:\/\/aigeviatges.com\/producto\/croacia-6-dies\/","url":"https:\/\/aigeviatges.com\/producto\/croacia-6-dies\/","name":"CRO\u00c0CIA - 6 DIES - AIGE Viatges","isPartOf":{"@id":"https:\/\/aigeviatges.com\/#website"},"datePublished":"2021-02-24T13:42:46+00:00","dateModified":"2021-03-18T14:12:33+00:00","description":"Agencia de viajes online | Descubre nuestros viajes inolvidables a CRO\u00c0CIA - 6 DIES","breadcrumb":{"@id":"https:\/\/aigeviatges.com\/producto\/croacia-6-dies\/#breadcrumb"},"inLanguage":"es","potentialAction":[{"@type":"ReadAction","target":["https:\/\/aigeviatges.com\/producto\/croacia-6-dies\/"]}]},{"@type":"BreadcrumbList","@id":"https:\/\/aigeviatges.com\/producto\/croacia-6-dies\/#breadcrumb","itemListElement":[{"@type":"ListItem","position":1,"name":"Portada","item":"https:\/\/aigeviatges.com\/"},{"@type":"ListItem","position":2,"name":"Tienda","item":"https:\/\/aigeviatges.com\/tienda-2\/"},{"@type":"ListItem","position":3,"name":"CRO\u00c0CIA &#8211; 6 DIES"}]},{"@type":"WebSite","@id":"https:\/\/aigeviatges.com\/#website","url":"https:\/\/aigeviatges.com\/","name":"AIGE Viatges","description":"Agencia de viajes especializada en producto propio para grupos.","publisher":{"@id":"https:\/\/aigeviatges.com\/#organization"},"potentialAction":[{"@type":"SearchAction","target":{"@type":"EntryPoint","urlTemplate":"https:\/\/aigeviatges.com\/?s={search_term_string}"},"query-input":"required name=search_term_string"}],"inLanguage":"es"},{"@type":"Organization","@id":"https:\/\/aigeviatges.com\/#organization","name":"AIGE Viatges","url":"https:\/\/aigeviatges.com\/","logo":{"@type":"ImageObject","inLanguage":"es","@id":"https:\/\/aigeviatges.com\/#\/schema\/logo\/image\/","url":"https:\/\/aigeviatges.com\/wp-content\/uploads\/2020\/03\/aig-viatges-logo-web.png","contentUrl":"https:\/\/aigeviatges.com\/wp-content\/uploads\/2020\/03\/aig-viatges-logo-web.png","width":600,"height":166,"caption":"AIGE Viatges"},"image":{"@id":"https:\/\/aigeviatges.com\/#\/schema\/logo\/image\/"},"sameAs":["https:\/\/www.facebook.com\/viatgesaige\/"]}]}},"jetpack_sharing_enabled":true,"jetpack_likes_enabled":false,"_links":{"self":[{"href":"https:\/\/aigeviatges.com\/es\/wp-json\/wp\/v2\/product\/875","targetHints":{"allow":["GET"]}}],"collection":[{"href":"https:\/\/aigeviatges.com\/es\/wp-json\/wp\/v2\/product"}],"about":[{"href":"https:\/\/aigeviatges.com\/es\/wp-json\/wp\/v2\/types\/product"}],"wp:featuredmedia":[{"embeddable":true,"href":"https:\/\/aigeviatges.com\/es\/wp-json\/wp\/v2\/media\/877"}],"wp:attachment":[{"href":"https:\/\/aigeviatges.com\/es\/wp-json\/wp\/v2\/media?parent=875"}],"wp:term":[{"taxonomy":"product_cat","embeddable":true,"href":"https:\/\/aigeviatges.com\/es\/wp-json\/wp\/v2\/product_cat?post=875"},{"taxonomy":"product_tag","embeddable":true,"href":"https:\/\/aigeviatges.com\/es\/wp-json\/wp\/v2\/product_tag?post=875"}],"curies":[{"name":"wp","href":"https:\/\/api.w.org\/{rel}","templated":true}]}}