{"id":844,"date":"2021-02-24T11:30:27","date_gmt":"2021-02-24T11:30:27","guid":{"rendered":"https:\/\/aigeviatges.com\/?post_type=product&#038;p=844"},"modified":"2021-03-18T14:49:52","modified_gmt":"2021-03-18T14:49:52","slug":"la-toscana-6-dies","status":"publish","type":"product","link":"https:\/\/aigeviatges.com\/es\/producto\/la-toscana-6-dias\/","title":{"rendered":"LA TOSCANA - 6 D\u00cdAS"},"content":{"rendered":"<p><strong>D\u00eda 1: ORIGEN - BARCELONA - FLORENCIA - MONTECATINI<\/strong><br \/>\nSalida a Florencia. Llegada y almuerzo. Visita con gu\u00eda local de Florencia, cuna del Renacimiento. Veremos el Duomo de Sta. Maria dei Fiore, el Baptisterio y su famosa puerta del Para\u00edso, el emblem\u00e1tico Pont Vecchio, el Mercado de la Paja y la Plaza de la Signoria, conjunto de edificios, estatuas y fuentes de una gran riqueza art\u00edstica. Continuaci\u00f3n hasta llegar al hotel de Montecatini. Cena y alojamiento.<\/p>\n<p><strong>D\u00eda 2: GREVE IN CHIANTI - RADDA - SAN GIMIGNANO<\/strong><br \/>\nSalida a la regi\u00f3n de Chianti, la parte m\u00e1s agreste de la Toscana con abundantes bosques donde habita el jabal\u00ed. Tambi\u00e9n es tierra de pr\u00f3speras ciudades de vino. Visitaremos Greve in Chianti y Radda. Almuerzo en rto. Continuaci\u00f3n a San Gimignano. Visita de esta t\u00edpica poblaci\u00f3n de la Toscana en la que destaca la Ciudadela, declarada Patrimonio de la Humanidad por la Unesco y su espl\u00e9ndida catedral edificada en el siglo XII. Regreso al hotel. Cena y alojamiento.<\/p>\n<p><strong>D\u00eda 3: SAN MINIATO - VOLTERRA<\/strong><br \/>\nSalida a San Miniato. Visita de este enclave de la Toscana con la imponente parte alta de su centro hist\u00f3rico, presidida por la Piazza della rep\u00fablica y el Duomo de San Domenico. Almuerzo en rto.. Continuaci\u00f3n a la bell\u00edsima Volterra. Visita de la magn\u00edfica capital etrusca que tiene sus or\u00edgenes en el siglo VII AC, se convirti\u00f3 en una importante capital Etrusca en el siglo III AC. Destacan las murallas, pasearemos por el centro hist\u00f3rico donde casas, torres y palacios se alternan en una ciudad en la que se respiran m\u00e1s de 2000 a\u00f1os de historia. Regreso al hotel. Cena y alojamiento.<\/p>\n<p><strong>D\u00eda 4: SIENA - MONTERIGGIONI<\/strong><br \/>\nSalida a Siena. Visita de la poblaci\u00f3n, destaca el conjunto de calles medievales y la Plaza del Camp, \u201clugar donde se realizan competiciones en la que los participantes demuestran sus dotes ecuestres, vestidos de medievales, en las fiestas populares llamadas \u201cel Pal\u00b7li\u201d. Almuerzo en rto. Por la tarde visitaremos el curioso enclave toscano de Monteriggioni que se conserva perfecto con sus torres y sus murallas medievales. Regreso al hotel. Cena y alojamiento.<\/p>\n<p><strong>D\u00eda 5: FLORENCIA \u2013 GALLERIA DEGLI UFFIZI \/ GALLERIA DE LA ACCADEMIA<\/strong><br \/>\nSalida a Florencia. Visitaremos el museo Galleria degli Uffizi, un palacio y museo \u2013 pinacoteca que contiene una de las m\u00e1s antiguas y famosas colecciones de arte del mundo. Almuerzo en rto. Por la tarde visitaremos la Galleria dell\u00b4Accademia, famosa la Academia es por tener en su interior la obra maestra de Miguel \u00c1ngel: David, una escultura de m\u00e1rmol blanco de 5,17 metros de altura que representa a David antes de enfrentarse con Goliat. Regreso al hotel. Cena y alojamiento.<\/p>\n<p><strong>D\u00eda 6: MONTECATINI \u2013 LUCCA \u2013 PISA \u2013 BARCELONA \u2013 ORIGEN<\/strong><br \/>\nSalida a Lucca, la capital de la Toscana. Dispondremos de tiempo para visitar lo m\u00e1s destacado de esta ciudad, como el Duomo de San Martino, el Anfiteatro Romano etc. Almuerzo. Seguidamente visitaremos la zona monumental, llamada &quot;el campo santo&quot;, con el Baptisterio, la catedral y la famosa Torre Inclinada. Traslado al aeropuerto. Salida en avi\u00f3n a Barcelona. Fin de nuestros servicios.<\/p>","protected":false},"excerpt":{"rendered":"<p><strong>INCLUYE:<\/strong><\/p>\n<ul>\n<li>Traslados origen-apt y vuelta (m\u00ednimo 25 pax)<\/li>\n<li>Avi\u00f3n BCN - Florencia \/ Pisa - BCN + Maleta (20 kg) y tasas<\/li>\n<li>Autocar local todo el circuito<\/li>\n<li>Gu\u00eda acompa\u00f1ante de AIGE + gu\u00eda local en Florencia<\/li>\n<li>Hotel 3*** o 4****<em><strong>\u00a0<\/strong><\/em><em>(seg\u00fan elecci\u00f3n)<\/em><\/li>\n<li>Pensi\u00f3n completa con agua (Del almuerzo del d\u00eda 1 al almuerzo del d\u00eda 6)<\/li>\n<li>Entrada en la Galleria dell&#039; Accademia<\/li>\n<li>Entrada en la Galleria degli Uffizi<\/li>\n<li>Seguro de asistencia en viaje<\/li>\n<\/ul>\n<p><em><strong>Nota sobre el alojamiento: <\/strong><\/em><em><strong>todas las noches en el mismo hotel\u00a0 \u00a0\u00a0<\/strong><\/em><\/p>","protected":false},"featured_media":852,"template":"","meta":[],"product_cat":[25,38],"product_tag":[],"class_list":["post-844","product","type-product","status-publish","has-post-thumbnail","hentry","product_cat-circuits-tot-inclos","product_cat-italia"],"yoast_head":"<!-- This site is optimized with the Yoast SEO plugin v21.7 - https:\/\/yoast.com\/wordpress\/plugins\/seo\/ -->\n<title>LA TOSCANA - 6 DIES - AIGE Viatges<\/title>\n<meta name=\"description\" content=\"Agencia de viajes online | Descubre nuestros viajes inolvidables a LA TOSCANA - 6 DIES\" \/>\n<meta name=\"robots\" content=\"index, follow, max-snippet:-1, max-image-preview:large, max-video-preview:-1\" \/>\n<link rel=\"canonical\" href=\"https:\/\/aigeviatges.com\/es\/producto\/la-toscana-6-dias\/\" \/>\n<meta property=\"og:locale\" content=\"es_ES\" \/>\n<meta property=\"og:type\" content=\"article\" \/>\n<meta property=\"og:title\" content=\"LA TOSCANA - 6 DIES - AIGE Viatges\" \/>\n<meta property=\"og:description\" content=\"Agencia de viajes online | Descubre nuestros viajes inolvidables a LA TOSCANA - 6 DIES\" \/>\n<meta property=\"og:url\" content=\"https:\/\/aigeviatges.com\/es\/producto\/la-toscana-6-dias\/\" \/>\n<meta property=\"og:site_name\" content=\"AIGE Viatges\" \/>\n<meta property=\"article:publisher\" content=\"https:\/\/www.facebook.com\/viatgesaige\/\" \/>\n<meta property=\"article:modified_time\" content=\"2021-03-18T14:49:52+00:00\" \/>\n<meta property=\"og:image\" content=\"https:\/\/aigeviatges.com\/wp-content\/uploads\/2021\/02\/2-gig.jpg\" \/>\n\t<meta property=\"og:image:width\" content=\"749\" \/>\n\t<meta property=\"og:image:height\" content=\"499\" \/>\n\t<meta property=\"og:image:type\" content=\"image\/jpeg\" \/>\n<meta name=\"twitter:card\" content=\"summary_large_image\" \/>\n<meta name=\"twitter:label1\" content=\"Tiempo de lectura\" \/>\n\t<meta name=\"twitter:data1\" content=\"3 minutos\" \/>\n<script type=\"application\/ld+json\" class=\"yoast-schema-graph\">{\"@context\":\"https:\/\/schema.org\",\"@graph\":[{\"@type\":\"WebPage\",\"@id\":\"https:\/\/aigeviatges.com\/producto\/la-toscana-6-dies\/\",\"url\":\"https:\/\/aigeviatges.com\/producto\/la-toscana-6-dies\/\",\"name\":\"LA TOSCANA - 6 DIES - AIGE Viatges\",\"isPartOf\":{\"@id\":\"https:\/\/aigeviatges.com\/#website\"},\"datePublished\":\"2021-02-24T11:30:27+00:00\",\"dateModified\":\"2021-03-18T14:49:52+00:00\",\"description\":\"Agencia de viajes online | Descubre nuestros viajes inolvidables a LA TOSCANA - 6 DIES\",\"breadcrumb\":{\"@id\":\"https:\/\/aigeviatges.com\/producto\/la-toscana-6-dies\/#breadcrumb\"},\"inLanguage\":\"es\",\"potentialAction\":[{\"@type\":\"ReadAction\",\"target\":[\"https:\/\/aigeviatges.com\/producto\/la-toscana-6-dies\/\"]}]},{\"@type\":\"BreadcrumbList\",\"@id\":\"https:\/\/aigeviatges.com\/producto\/la-toscana-6-dies\/#breadcrumb\",\"itemListElement\":[{\"@type\":\"ListItem\",\"position\":1,\"name\":\"Portada\",\"item\":\"https:\/\/aigeviatges.com\/\"},{\"@type\":\"ListItem\",\"position\":2,\"name\":\"Tienda\",\"item\":\"https:\/\/aigeviatges.com\/tienda-2\/\"},{\"@type\":\"ListItem\",\"position\":3,\"name\":\"LA TOSCANA &#8211; 6 DIES\"}]},{\"@type\":\"WebSite\",\"@id\":\"https:\/\/aigeviatges.com\/#website\",\"url\":\"https:\/\/aigeviatges.com\/\",\"name\":\"AIGE Viatges\",\"description\":\"Agencia de viajes especializada en producto propio para grupos.\",\"publisher\":{\"@id\":\"https:\/\/aigeviatges.com\/#organization\"},\"potentialAction\":[{\"@type\":\"SearchAction\",\"target\":{\"@type\":\"EntryPoint\",\"urlTemplate\":\"https:\/\/aigeviatges.com\/?s={search_term_string}\"},\"query-input\":\"required name=search_term_string\"}],\"inLanguage\":\"es\"},{\"@type\":\"Organization\",\"@id\":\"https:\/\/aigeviatges.com\/#organization\",\"name\":\"AIGE Viatges\",\"url\":\"https:\/\/aigeviatges.com\/\",\"logo\":{\"@type\":\"ImageObject\",\"inLanguage\":\"es\",\"@id\":\"https:\/\/aigeviatges.com\/#\/schema\/logo\/image\/\",\"url\":\"https:\/\/aigeviatges.com\/wp-content\/uploads\/2020\/03\/aig-viatges-logo-web.png\",\"contentUrl\":\"https:\/\/aigeviatges.com\/wp-content\/uploads\/2020\/03\/aig-viatges-logo-web.png\",\"width\":600,\"height\":166,\"caption\":\"AIGE Viatges\"},\"image\":{\"@id\":\"https:\/\/aigeviatges.com\/#\/schema\/logo\/image\/\"},\"sameAs\":[\"https:\/\/www.facebook.com\/viatgesaige\/\"]}]}<\/script>\n<!-- \/ Yoast SEO plugin. -->","yoast_head_json":{"title":"LA TOSCANA - 6 DIES - AIGE Viatges","description":"Agencia de viajes online | Descubre nuestros viajes inolvidables a LA TOSCANA - 6 DIES","robots":{"index":"index","follow":"follow","max-snippet":"max-snippet:-1","max-image-preview":"max-image-preview:large","max-video-preview":"max-video-preview:-1"},"canonical":"https:\/\/aigeviatges.com\/es\/producto\/la-toscana-6-dias\/","og_locale":"es_ES","og_type":"article","og_title":"LA TOSCANA - 6 DIES - AIGE Viatges","og_description":"Agencia de viajes online | Descubre nuestros viajes inolvidables a LA TOSCANA - 6 DIES","og_url":"https:\/\/aigeviatges.com\/es\/producto\/la-toscana-6-dias\/","og_site_name":"AIGE Viatges","article_publisher":"https:\/\/www.facebook.com\/viatgesaige\/","article_modified_time":"2021-03-18T14:49:52+00:00","og_image":[{"width":749,"height":499,"url":"https:\/\/aigeviatges.com\/wp-content\/uploads\/2021\/02\/2-gig.jpg","type":"image\/jpeg"}],"twitter_card":"summary_large_image","twitter_misc":{"Tiempo de lectura":"3 minutos"},"schema":{"@context":"https:\/\/schema.org","@graph":[{"@type":"WebPage","@id":"https:\/\/aigeviatges.com\/producto\/la-toscana-6-dies\/","url":"https:\/\/aigeviatges.com\/producto\/la-toscana-6-dies\/","name":"LA TOSCANA - 6 DIES - AIGE Viatges","isPartOf":{"@id":"https:\/\/aigeviatges.com\/#website"},"datePublished":"2021-02-24T11:30:27+00:00","dateModified":"2021-03-18T14:49:52+00:00","description":"Agencia de viajes online | Descubre nuestros viajes inolvidables a LA TOSCANA - 6 DIES","breadcrumb":{"@id":"https:\/\/aigeviatges.com\/producto\/la-toscana-6-dies\/#breadcrumb"},"inLanguage":"es","potentialAction":[{"@type":"ReadAction","target":["https:\/\/aigeviatges.com\/producto\/la-toscana-6-dies\/"]}]},{"@type":"BreadcrumbList","@id":"https:\/\/aigeviatges.com\/producto\/la-toscana-6-dies\/#breadcrumb","itemListElement":[{"@type":"ListItem","position":1,"name":"Portada","item":"https:\/\/aigeviatges.com\/"},{"@type":"ListItem","position":2,"name":"Tienda","item":"https:\/\/aigeviatges.com\/tienda-2\/"},{"@type":"ListItem","position":3,"name":"LA TOSCANA &#8211; 6 DIES"}]},{"@type":"WebSite","@id":"https:\/\/aigeviatges.com\/#website","url":"https:\/\/aigeviatges.com\/","name":"AIGE Viatges","description":"Agencia de viajes especializada en producto propio para grupos.","publisher":{"@id":"https:\/\/aigeviatges.com\/#organization"},"potentialAction":[{"@type":"SearchAction","target":{"@type":"EntryPoint","urlTemplate":"https:\/\/aigeviatges.com\/?s={search_term_string}"},"query-input":"required name=search_term_string"}],"inLanguage":"es"},{"@type":"Organization","@id":"https:\/\/aigeviatges.com\/#organization","name":"AIGE Viatges","url":"https:\/\/aigeviatges.com\/","logo":{"@type":"ImageObject","inLanguage":"es","@id":"https:\/\/aigeviatges.com\/#\/schema\/logo\/image\/","url":"https:\/\/aigeviatges.com\/wp-content\/uploads\/2020\/03\/aig-viatges-logo-web.png","contentUrl":"https:\/\/aigeviatges.com\/wp-content\/uploads\/2020\/03\/aig-viatges-logo-web.png","width":600,"height":166,"caption":"AIGE Viatges"},"image":{"@id":"https:\/\/aigeviatges.com\/#\/schema\/logo\/image\/"},"sameAs":["https:\/\/www.facebook.com\/viatgesaige\/"]}]}},"jetpack_sharing_enabled":true,"jetpack_likes_enabled":false,"_links":{"self":[{"href":"https:\/\/aigeviatges.com\/es\/wp-json\/wp\/v2\/product\/844","targetHints":{"allow":["GET"]}}],"collection":[{"href":"https:\/\/aigeviatges.com\/es\/wp-json\/wp\/v2\/product"}],"about":[{"href":"https:\/\/aigeviatges.com\/es\/wp-json\/wp\/v2\/types\/product"}],"wp:featuredmedia":[{"embeddable":true,"href":"https:\/\/aigeviatges.com\/es\/wp-json\/wp\/v2\/media\/852"}],"wp:attachment":[{"href":"https:\/\/aigeviatges.com\/es\/wp-json\/wp\/v2\/media?parent=844"}],"wp:term":[{"taxonomy":"product_cat","embeddable":true,"href":"https:\/\/aigeviatges.com\/es\/wp-json\/wp\/v2\/product_cat?post=844"},{"taxonomy":"product_tag","embeddable":true,"href":"https:\/\/aigeviatges.com\/es\/wp-json\/wp\/v2\/product_tag?post=844"}],"curies":[{"name":"wp","href":"https:\/\/api.w.org\/{rel}","templated":true}]}}