{"id":834,"date":"2021-02-23T11:29:56","date_gmt":"2021-02-23T11:29:56","guid":{"rendered":"https:\/\/aigeviatges.com\/?post_type=product&#038;p=834"},"modified":"2021-03-18T14:50:28","modified_gmt":"2021-03-18T14:50:28","slug":"venecia-veneto-i-emilia-romagna-5-dies","status":"publish","type":"product","link":"https:\/\/aigeviatges.com\/es\/producto\/venecia-veneto-y-emilia-romagna-5-dias\/","title":{"rendered":"VENECIA, VENETO Y EMILIA ROMAGNA - 5 D\u00cdAS"},"content":{"rendered":"<p><strong>D\u00eda 1: ORIGEN - BARCELONA - BOLON\u00cdA - VENECIA<\/strong><br \/>\nSalida en avio en Venecia \/ Bolonia. Almuerzo y visita de Bolonia. Veremos la Piazza Maggiore, el coraz\u00f3n de Bolonia, con sus famosos edificios rojos, el ayuntamiento, el Palacio Podest\u00e0, la famosa Fuente de Neptuno y el Palazzo di Re Enzo. Admiraremos la Bas\u00edlica de San Petronio, una de las mayores iglesias del mundo y el reloj de sol m\u00e1s largo de Europa. Traslado al hotel situado en las inmediaciones de Venecia. Cena y alojamiento.<\/p>\n<p><strong>D\u00eda 2: VENECIA<\/strong><br \/>\nSalida en Vaporetto hasta la plaza de San Marcos. Visitaremos Venecia, desde la plaza, donde destaca la bas\u00edlica de San Marcos, el palacio Ducal (visita exterior) y el puente de los suspiros, haremos un recorrido por callejuelas, cruzando puentes y canales hasta el Pont Rialto y su Mercado, un lugar muy animado lleno de colores y sabores. Tiempo libre. Regreso con Vaporetto al hotel. Cena y alojamiento.<\/p>\n<p><strong>D\u00eda 3: PADUA y VERONA<\/strong><br \/>\nVisita de Padua. Importante lugar de peregrinaci\u00f3n por encontrarse la tumba de Sant Antoni. Visita de lo m\u00e1s destacado, incluyendo la Bas\u00edlica de San Antonio, en ella se custodia y venera el cuerpo de San Antonio, gran predicador del Evangelio. Cada d\u00eda acuden a la bas\u00edlica peregrinos de todo el mundo. El edificio es conocido tambi\u00e9n por su complejidad arquitect\u00f3nica: en \u00e9l viven juntos en armon\u00eda distintos estilos, como el rom\u00e1nico, el g\u00f3tico y el barroco. \u2013 despu\u00e9s de la visita, seguiremos la ruta hasta Verona, una de las ciudades m\u00e1s bonitas de Italia, famosa por la historia de Romeo y Julieta. La mayor parte de la ciudad conserva todav\u00eda hoy su caracter\u00edstico aspecto medieval. Cena y alojamiento en el hotel.<\/p>\n<p><strong>D\u00eda 4: ISLAS VENECIANAS (MURANO, BURANO y TORCELLO)<\/strong><br \/>\nExcursi\u00f3n en barco para descubrir la laguna y las famosas islas de Murano, Burano y Torcello. Rodearemos la isla de San Giorgio Maggiore para llegar a Murano, c\u00e9lebre por su cristal, un arte tradicionalmente pasado de padres a hijos. Aqu\u00ed podremos admirar el trabajo de los maestros vidrieros en una aut\u00e9ntica f\u00e1brica de cristal. Seguiremos la ruta hasta la pintoresca Burano, una isla de pescadores con casas de colores vivos. El sitio es conocido por la producci\u00f3n artesanal del encaje. Continuaci\u00f3n a Torcello, donde el tiempo parece haberse detenido. Conserva el monumento m\u00e1s antiguo de la laguna: la majestuosa Bas\u00edlica de Santa Mar\u00eda Assumpta y el c\u00e9lebre trono de Atila. Regreso con Vaporetto al hotel. Cena y alojamiento.<\/p>\n<p><strong>D\u00eda 5: FERRARA \u2013 BARCELONA \u2013 ORIGEN<\/strong><br \/>\nVisita de Ferrara, la \u201cFlorencia\u201d de Emilia-Romagna. Aunque sea mucho menos conocida que la capital de la Toscana, fue uno de los se\u00f1or\u00edos m\u00e1s importantes en el Renacimiento: en su corte llegaban artistas e intelectuales de toda Europa. Se levantaron palacios que se han conservado sorprendentemente bien e incluso se considera la \u201cprimera ciudad moderna del mundo\u201d \u2013aqu\u00ed se elabor\u00f3 el primer plano regulador\u2013. Todo esto le ha valido el reconocimiento de Patrimonio de la Humanidad por la UNESCO. Almuerzo. A continuaci\u00f3n traslado al aeropuerto y salida en avi\u00f3n a Barcelona. Llegada y fin de nuestros servicios<\/p>","protected":false},"excerpt":{"rendered":"<p><strong>INCLUYE:<\/strong><\/p>\n<ul>\n<li>Traslados origen-apt y vuelta (m\u00ednimo 25 pax)<\/li>\n<li>Avi\u00f3n BCN - Venecia \/ Bolonia - BCN + Maleta (15 kg) y tasas<\/li>\n<li>Autocar local todo el circuito<\/li>\n<li>Gu\u00eda acompa\u00f1ante de AIGE<\/li>\n<li>Hotel 3*** o 4****<em><strong>\u00a0<\/strong><\/em><em>(seg\u00fan elecci\u00f3n)<\/em><\/li>\n<li>Pensi\u00f3n completa con agua (Del almuerzo del d\u00eda 1 al almuerzo del d\u00eda 5)<\/li>\n<li>Barco \u2013 Vaporetto en San Marcos<\/li>\n<li>Barco \u2013 Vaporetto en las 3 islas venecianas<\/li>\n<li>Seguro de asistencia en viaje<\/li>\n<\/ul>\n<p><em><strong>Nota sobre el alojamiento: <\/strong><\/em><em><strong>todas las noches en el mismo hotel\u00a0 \u00a0\u00a0<\/strong><\/em><\/p>","protected":false},"featured_media":835,"template":"","meta":[],"product_cat":[25,38],"product_tag":[],"class_list":["post-834","product","type-product","status-publish","has-post-thumbnail","hentry","product_cat-circuits-tot-inclos","product_cat-italia"],"yoast_head":"<!-- This site is optimized with the Yoast SEO plugin v21.7 - https:\/\/yoast.com\/wordpress\/plugins\/seo\/ -->\n<title>VENECIA, VENETO I EMILIA ROMAGNA - 5 DIES - AIGE Viatges<\/title>\n<meta name=\"description\" content=\"Agencia de viajes online | Descubre nuestros viajes inolvidables a VENECIA, VENETO I EMILIA ROMAGNA - 5 DIES\" \/>\n<meta name=\"robots\" content=\"index, follow, max-snippet:-1, max-image-preview:large, max-video-preview:-1\" \/>\n<link rel=\"canonical\" href=\"https:\/\/aigeviatges.com\/es\/producto\/venecia-veneto-y-emilia-romagna-5-dias\/\" \/>\n<meta property=\"og:locale\" content=\"es_ES\" \/>\n<meta property=\"og:type\" content=\"article\" \/>\n<meta property=\"og:title\" content=\"VENECIA, VENETO I EMILIA ROMAGNA - 5 DIES - AIGE Viatges\" \/>\n<meta property=\"og:description\" content=\"Agencia de viajes online | Descubre nuestros viajes inolvidables a VENECIA, VENETO I EMILIA ROMAGNA - 5 DIES\" \/>\n<meta property=\"og:url\" content=\"https:\/\/aigeviatges.com\/es\/producto\/venecia-veneto-y-emilia-romagna-5-dias\/\" \/>\n<meta property=\"og:site_name\" content=\"AIGE Viatges\" \/>\n<meta property=\"article:publisher\" content=\"https:\/\/www.facebook.com\/viatgesaige\/\" \/>\n<meta property=\"article:modified_time\" content=\"2021-03-18T14:50:28+00:00\" \/>\n<meta property=\"og:image\" content=\"https:\/\/aigeviatges.com\/wp-content\/uploads\/2021\/02\/1-ven.jpg\" \/>\n\t<meta property=\"og:image:width\" content=\"676\" \/>\n\t<meta property=\"og:image:height\" content=\"503\" \/>\n\t<meta property=\"og:image:type\" content=\"image\/jpeg\" \/>\n<meta name=\"twitter:card\" content=\"summary_large_image\" \/>\n<meta name=\"twitter:label1\" content=\"Tiempo de lectura\" \/>\n\t<meta name=\"twitter:data1\" content=\"3 minutos\" \/>\n<script type=\"application\/ld+json\" class=\"yoast-schema-graph\">{\"@context\":\"https:\/\/schema.org\",\"@graph\":[{\"@type\":\"WebPage\",\"@id\":\"https:\/\/aigeviatges.com\/producto\/venecia-veneto-i-emilia-romagna-5-dies\/\",\"url\":\"https:\/\/aigeviatges.com\/producto\/venecia-veneto-i-emilia-romagna-5-dies\/\",\"name\":\"VENECIA, VENETO I EMILIA ROMAGNA - 5 DIES - AIGE Viatges\",\"isPartOf\":{\"@id\":\"https:\/\/aigeviatges.com\/#website\"},\"datePublished\":\"2021-02-23T11:29:56+00:00\",\"dateModified\":\"2021-03-18T14:50:28+00:00\",\"description\":\"Agencia de viajes online | Descubre nuestros viajes inolvidables a VENECIA, VENETO I EMILIA ROMAGNA - 5 DIES\",\"breadcrumb\":{\"@id\":\"https:\/\/aigeviatges.com\/producto\/venecia-veneto-i-emilia-romagna-5-dies\/#breadcrumb\"},\"inLanguage\":\"es\",\"potentialAction\":[{\"@type\":\"ReadAction\",\"target\":[\"https:\/\/aigeviatges.com\/producto\/venecia-veneto-i-emilia-romagna-5-dies\/\"]}]},{\"@type\":\"BreadcrumbList\",\"@id\":\"https:\/\/aigeviatges.com\/producto\/venecia-veneto-i-emilia-romagna-5-dies\/#breadcrumb\",\"itemListElement\":[{\"@type\":\"ListItem\",\"position\":1,\"name\":\"Portada\",\"item\":\"https:\/\/aigeviatges.com\/\"},{\"@type\":\"ListItem\",\"position\":2,\"name\":\"Tienda\",\"item\":\"https:\/\/aigeviatges.com\/tienda-2\/\"},{\"@type\":\"ListItem\",\"position\":3,\"name\":\"VENECIA, VENETO I EMILIA ROMAGNA &#8211; 5 DIES\"}]},{\"@type\":\"WebSite\",\"@id\":\"https:\/\/aigeviatges.com\/#website\",\"url\":\"https:\/\/aigeviatges.com\/\",\"name\":\"AIGE Viatges\",\"description\":\"Agencia de viajes especializada en producto propio para grupos.\",\"publisher\":{\"@id\":\"https:\/\/aigeviatges.com\/#organization\"},\"potentialAction\":[{\"@type\":\"SearchAction\",\"target\":{\"@type\":\"EntryPoint\",\"urlTemplate\":\"https:\/\/aigeviatges.com\/?s={search_term_string}\"},\"query-input\":\"required name=search_term_string\"}],\"inLanguage\":\"es\"},{\"@type\":\"Organization\",\"@id\":\"https:\/\/aigeviatges.com\/#organization\",\"name\":\"AIGE Viatges\",\"url\":\"https:\/\/aigeviatges.com\/\",\"logo\":{\"@type\":\"ImageObject\",\"inLanguage\":\"es\",\"@id\":\"https:\/\/aigeviatges.com\/#\/schema\/logo\/image\/\",\"url\":\"https:\/\/aigeviatges.com\/wp-content\/uploads\/2020\/03\/aig-viatges-logo-web.png\",\"contentUrl\":\"https:\/\/aigeviatges.com\/wp-content\/uploads\/2020\/03\/aig-viatges-logo-web.png\",\"width\":600,\"height\":166,\"caption\":\"AIGE Viatges\"},\"image\":{\"@id\":\"https:\/\/aigeviatges.com\/#\/schema\/logo\/image\/\"},\"sameAs\":[\"https:\/\/www.facebook.com\/viatgesaige\/\"]}]}<\/script>\n<!-- \/ Yoast SEO plugin. -->","yoast_head_json":{"title":"VENECIA, VENETO I EMILIA ROMAGNA - 5 DIES - AIGE Viatges","description":"Agencia de viajes online | Descubre nuestros viajes inolvidables a VENECIA, VENETO I EMILIA ROMAGNA - 5 DIES","robots":{"index":"index","follow":"follow","max-snippet":"max-snippet:-1","max-image-preview":"max-image-preview:large","max-video-preview":"max-video-preview:-1"},"canonical":"https:\/\/aigeviatges.com\/es\/producto\/venecia-veneto-y-emilia-romagna-5-dias\/","og_locale":"es_ES","og_type":"article","og_title":"VENECIA, VENETO I EMILIA ROMAGNA - 5 DIES - AIGE Viatges","og_description":"Agencia de viajes online | Descubre nuestros viajes inolvidables a VENECIA, VENETO I EMILIA ROMAGNA - 5 DIES","og_url":"https:\/\/aigeviatges.com\/es\/producto\/venecia-veneto-y-emilia-romagna-5-dias\/","og_site_name":"AIGE Viatges","article_publisher":"https:\/\/www.facebook.com\/viatgesaige\/","article_modified_time":"2021-03-18T14:50:28+00:00","og_image":[{"width":676,"height":503,"url":"https:\/\/aigeviatges.com\/wp-content\/uploads\/2021\/02\/1-ven.jpg","type":"image\/jpeg"}],"twitter_card":"summary_large_image","twitter_misc":{"Tiempo de lectura":"3 minutos"},"schema":{"@context":"https:\/\/schema.org","@graph":[{"@type":"WebPage","@id":"https:\/\/aigeviatges.com\/producto\/venecia-veneto-i-emilia-romagna-5-dies\/","url":"https:\/\/aigeviatges.com\/producto\/venecia-veneto-i-emilia-romagna-5-dies\/","name":"VENECIA, VENETO I EMILIA ROMAGNA - 5 DIES - AIGE Viatges","isPartOf":{"@id":"https:\/\/aigeviatges.com\/#website"},"datePublished":"2021-02-23T11:29:56+00:00","dateModified":"2021-03-18T14:50:28+00:00","description":"Agencia de viajes online | Descubre nuestros viajes inolvidables a VENECIA, VENETO I EMILIA ROMAGNA - 5 DIES","breadcrumb":{"@id":"https:\/\/aigeviatges.com\/producto\/venecia-veneto-i-emilia-romagna-5-dies\/#breadcrumb"},"inLanguage":"es","potentialAction":[{"@type":"ReadAction","target":["https:\/\/aigeviatges.com\/producto\/venecia-veneto-i-emilia-romagna-5-dies\/"]}]},{"@type":"BreadcrumbList","@id":"https:\/\/aigeviatges.com\/producto\/venecia-veneto-i-emilia-romagna-5-dies\/#breadcrumb","itemListElement":[{"@type":"ListItem","position":1,"name":"Portada","item":"https:\/\/aigeviatges.com\/"},{"@type":"ListItem","position":2,"name":"Tienda","item":"https:\/\/aigeviatges.com\/tienda-2\/"},{"@type":"ListItem","position":3,"name":"VENECIA, VENETO I EMILIA ROMAGNA &#8211; 5 DIES"}]},{"@type":"WebSite","@id":"https:\/\/aigeviatges.com\/#website","url":"https:\/\/aigeviatges.com\/","name":"AIGE Viatges","description":"Agencia de viajes especializada en producto propio para grupos.","publisher":{"@id":"https:\/\/aigeviatges.com\/#organization"},"potentialAction":[{"@type":"SearchAction","target":{"@type":"EntryPoint","urlTemplate":"https:\/\/aigeviatges.com\/?s={search_term_string}"},"query-input":"required name=search_term_string"}],"inLanguage":"es"},{"@type":"Organization","@id":"https:\/\/aigeviatges.com\/#organization","name":"AIGE Viatges","url":"https:\/\/aigeviatges.com\/","logo":{"@type":"ImageObject","inLanguage":"es","@id":"https:\/\/aigeviatges.com\/#\/schema\/logo\/image\/","url":"https:\/\/aigeviatges.com\/wp-content\/uploads\/2020\/03\/aig-viatges-logo-web.png","contentUrl":"https:\/\/aigeviatges.com\/wp-content\/uploads\/2020\/03\/aig-viatges-logo-web.png","width":600,"height":166,"caption":"AIGE Viatges"},"image":{"@id":"https:\/\/aigeviatges.com\/#\/schema\/logo\/image\/"},"sameAs":["https:\/\/www.facebook.com\/viatgesaige\/"]}]}},"jetpack_sharing_enabled":true,"jetpack_likes_enabled":false,"_links":{"self":[{"href":"https:\/\/aigeviatges.com\/es\/wp-json\/wp\/v2\/product\/834","targetHints":{"allow":["GET"]}}],"collection":[{"href":"https:\/\/aigeviatges.com\/es\/wp-json\/wp\/v2\/product"}],"about":[{"href":"https:\/\/aigeviatges.com\/es\/wp-json\/wp\/v2\/types\/product"}],"wp:featuredmedia":[{"embeddable":true,"href":"https:\/\/aigeviatges.com\/es\/wp-json\/wp\/v2\/media\/835"}],"wp:attachment":[{"href":"https:\/\/aigeviatges.com\/es\/wp-json\/wp\/v2\/media?parent=834"}],"wp:term":[{"taxonomy":"product_cat","embeddable":true,"href":"https:\/\/aigeviatges.com\/es\/wp-json\/wp\/v2\/product_cat?post=834"},{"taxonomy":"product_tag","embeddable":true,"href":"https:\/\/aigeviatges.com\/es\/wp-json\/wp\/v2\/product_tag?post=834"}],"curies":[{"name":"wp","href":"https:\/\/api.w.org\/{rel}","templated":true}]}}