{"id":832,"date":"2021-02-22T16:27:46","date_gmt":"2021-02-22T16:27:46","guid":{"rendered":"https:\/\/aigeviatges.com\/?post_type=product&#038;p=832"},"modified":"2021-03-18T13:22:21","modified_gmt":"2021-03-18T13:22:21","slug":"p-n-serra-de-cazorla-6-dies","status":"publish","type":"product","link":"https:\/\/aigeviatges.com\/es\/producto\/pn-sierra-de-cazorla-6-dias\/","title":{"rendered":"PN SIERRA DE CAZORLA - 6 D\u00cdAS"},"content":{"rendered":"<p><strong>D\u00eda 1: ORIGEN - CAZORLA<\/strong><br \/>\nSalida en direcci\u00f3n Valencia con paradas peri\u00f3dicas hasta llegar a nuestro restaurante. Almuerzo. Por la tarde continuaremos la ruta por Albacete y tierras de La Mancha, entraremos en Andaluc\u00eda hasta llegar a Cazorla. Acomodaci\u00f3n en el hotel. Cena y Alojamiento.<\/p>\n<p><strong>D\u00eda 2: 4\u00d74 PARQUE NATURAL SIERRA DE CAZORLA \u2013 TISCAR\u00a0<\/strong><br \/>\nPor la ma\u00f1ana visita, en coches especiales 4x 4, del famoso parque natural llamado Sierra Cazorla, Segura y las Villas, declarado reserva de la biosfera por la UNESCO y que constituye uno de los principales n\u00facleos hidrogr\u00e1ficos ya que en \u00e9l nacen los r\u00edos Guadalquivir y Segura. Almuerzo. Por la tarde visitaremos el santuario de Tiscar, del siglo XIV y Cuevas del Agua. Regreso al hotel. Cena y alojamiento.<\/p>\n<p><strong>D\u00eda 3: CERRARA DEL UTRERO - CAZORLA<\/strong><br \/>\nPor la ma\u00f1ana realizaremos un espectacular recorrido en autocar por el sendero de la Cerrara del Utrero, donde contemplaremos la famosa cascada de Cola de Caballo y el \u00e1rea recreativa de Linarejos. Almuerzo. Por la tarde visitaremos el pueblo de Cazorla, lleno de historia, destacando las ruinas de Santa Maria, el Castillo de Yedra y el parque Sant Crist. Regreso al hotel. Cena y alojamiento.<\/p>\n<p><strong>D\u00eda 4: UBEDA - BAEZA<\/strong><br \/>\nSalida a \u00dabeda, visita de este conjunto renacentista excepcional, jalonado de bellas torres y palacios, con un trazado urban\u00edstico t\u00edpico \u00e1rabe. A continuaci\u00f3n, nos dirigiremos a Baeza. Almuerzo. Paseando por sus silenciosas callejuelas, podremos admirar su impresionante conjunto monumental y su arquitectura civil. Regreso al hotel. Cena y alojamiento.<\/p>\n<p><strong>D\u00eda 5: LA IRUELA<\/strong><br \/>\nPor la ma\u00f1ana veremos el centro de visitantes de Torre del Vinagre en el que se exponen los complejos ecol\u00f3gicos que componen el parque, ofreciendo al visitante una visi\u00f3n general de la naturaleza de estas sierras, y el parque Cineg\u00e9tico donde se pueden ver unas impresionantes vistas del pantano del Tranco y una muestra de las especies representativas de la zona en semi libertad. Regreso al hotel. Cena y alojamiento.<\/p>\n<p><strong>D\u00eda 6: CAZORLA - VALENCIA - ORIGEN<\/strong><br \/>\nSalida en direcci\u00f3n a la comunidad Valenciana. Almuerzo en ruta. Por la tarde continuaremos direcci\u00f3n Catalu\u00f1a hasta llegar a nuestra ciudad de origen. Fin de nuestros servicios.<\/p>","protected":false},"excerpt":{"rendered":"<p><strong>INCLUYE:<\/strong><\/p>\n<ul>\n<li>Autocar de lujo por todo el circuito<\/li>\n<li>Gu\u00eda acompa\u00f1ante de AIGE<\/li>\n<li>Hotel 3***<\/li>\n<li>Pensi\u00f3n completa con agua y vino (del almuerzo del d\u00eda 1 al almuerzo del d\u00eda 6)<\/li>\n<li>Excursi\u00f3n en 4\u00d74 por el PN Sierra de Cazorla<\/li>\n<li>Seguro de asistencia en viaje<\/li>\n<\/ul>\n<p><strong><em>Nota sobre el alojamiento: <\/em><\/strong><strong><em>todas las noches en el mismo hotel<\/em><\/strong><\/p>","protected":false},"featured_media":826,"template":"","meta":[],"product_cat":[51,37],"product_tag":[],"class_list":["post-832","product","type-product","status-publish","has-post-thumbnail","hentry","product_cat-amb-autocar","product_cat-circuits-nacional"],"yoast_head":"<!-- This site is optimized with the Yoast SEO plugin v21.7 - https:\/\/yoast.com\/wordpress\/plugins\/seo\/ -->\n<title>P.N. SERRA DE CAZORLA - 6 DIES - AIGE Viatges<\/title>\n<meta name=\"description\" content=\"Agencia de viajes online | Descubre nuestros viajes inolvidables a P.N. SERRA DE CAZORLA - 6 DIES\" \/>\n<meta name=\"robots\" content=\"index, follow, max-snippet:-1, max-image-preview:large, max-video-preview:-1\" \/>\n<link rel=\"canonical\" href=\"https:\/\/aigeviatges.com\/es\/producto\/pn-sierra-de-cazorla-6-dias\/\" \/>\n<meta property=\"og:locale\" content=\"es_ES\" \/>\n<meta property=\"og:type\" content=\"article\" \/>\n<meta property=\"og:title\" content=\"P.N. SERRA DE CAZORLA - 6 DIES - AIGE Viatges\" \/>\n<meta property=\"og:description\" content=\"Agencia de viajes online | Descubre nuestros viajes inolvidables a P.N. SERRA DE CAZORLA - 6 DIES\" \/>\n<meta property=\"og:url\" content=\"https:\/\/aigeviatges.com\/es\/producto\/pn-sierra-de-cazorla-6-dias\/\" \/>\n<meta property=\"og:site_name\" content=\"AIGE Viatges\" \/>\n<meta property=\"article:publisher\" content=\"https:\/\/www.facebook.com\/viatgesaige\/\" \/>\n<meta property=\"article:modified_time\" content=\"2021-03-18T13:22:21+00:00\" \/>\n<meta property=\"og:image\" content=\"https:\/\/aigeviatges.com\/wp-content\/uploads\/2021\/02\/10-caaat.jpg\" \/>\n\t<meta property=\"og:image:width\" content=\"771\" \/>\n\t<meta property=\"og:image:height\" content=\"512\" \/>\n\t<meta property=\"og:image:type\" content=\"image\/jpeg\" \/>\n<meta name=\"twitter:card\" content=\"summary_large_image\" \/>\n<meta name=\"twitter:label1\" content=\"Tiempo de lectura\" \/>\n\t<meta name=\"twitter:data1\" content=\"2 minutos\" \/>\n<script type=\"application\/ld+json\" class=\"yoast-schema-graph\">{\"@context\":\"https:\/\/schema.org\",\"@graph\":[{\"@type\":\"WebPage\",\"@id\":\"https:\/\/aigeviatges.com\/producto\/p-n-serra-de-cazorla-6-dies\/\",\"url\":\"https:\/\/aigeviatges.com\/producto\/p-n-serra-de-cazorla-6-dies\/\",\"name\":\"P.N. SERRA DE CAZORLA - 6 DIES - AIGE Viatges\",\"isPartOf\":{\"@id\":\"https:\/\/aigeviatges.com\/#website\"},\"datePublished\":\"2021-02-22T16:27:46+00:00\",\"dateModified\":\"2021-03-18T13:22:21+00:00\",\"description\":\"Agencia de viajes online | Descubre nuestros viajes inolvidables a P.N. SERRA DE CAZORLA - 6 DIES\",\"breadcrumb\":{\"@id\":\"https:\/\/aigeviatges.com\/producto\/p-n-serra-de-cazorla-6-dies\/#breadcrumb\"},\"inLanguage\":\"es\",\"potentialAction\":[{\"@type\":\"ReadAction\",\"target\":[\"https:\/\/aigeviatges.com\/producto\/p-n-serra-de-cazorla-6-dies\/\"]}]},{\"@type\":\"BreadcrumbList\",\"@id\":\"https:\/\/aigeviatges.com\/producto\/p-n-serra-de-cazorla-6-dies\/#breadcrumb\",\"itemListElement\":[{\"@type\":\"ListItem\",\"position\":1,\"name\":\"Portada\",\"item\":\"https:\/\/aigeviatges.com\/\"},{\"@type\":\"ListItem\",\"position\":2,\"name\":\"Tienda\",\"item\":\"https:\/\/aigeviatges.com\/tienda-2\/\"},{\"@type\":\"ListItem\",\"position\":3,\"name\":\"P.N. SERRA DE CAZORLA &#8211; 6 DIES\"}]},{\"@type\":\"WebSite\",\"@id\":\"https:\/\/aigeviatges.com\/#website\",\"url\":\"https:\/\/aigeviatges.com\/\",\"name\":\"AIGE Viatges\",\"description\":\"Agencia de viajes especializada en producto propio para grupos.\",\"publisher\":{\"@id\":\"https:\/\/aigeviatges.com\/#organization\"},\"potentialAction\":[{\"@type\":\"SearchAction\",\"target\":{\"@type\":\"EntryPoint\",\"urlTemplate\":\"https:\/\/aigeviatges.com\/?s={search_term_string}\"},\"query-input\":\"required name=search_term_string\"}],\"inLanguage\":\"es\"},{\"@type\":\"Organization\",\"@id\":\"https:\/\/aigeviatges.com\/#organization\",\"name\":\"AIGE Viatges\",\"url\":\"https:\/\/aigeviatges.com\/\",\"logo\":{\"@type\":\"ImageObject\",\"inLanguage\":\"es\",\"@id\":\"https:\/\/aigeviatges.com\/#\/schema\/logo\/image\/\",\"url\":\"https:\/\/aigeviatges.com\/wp-content\/uploads\/2020\/03\/aig-viatges-logo-web.png\",\"contentUrl\":\"https:\/\/aigeviatges.com\/wp-content\/uploads\/2020\/03\/aig-viatges-logo-web.png\",\"width\":600,\"height\":166,\"caption\":\"AIGE Viatges\"},\"image\":{\"@id\":\"https:\/\/aigeviatges.com\/#\/schema\/logo\/image\/\"},\"sameAs\":[\"https:\/\/www.facebook.com\/viatgesaige\/\"]}]}<\/script>\n<!-- \/ Yoast SEO plugin. -->","yoast_head_json":{"title":"P.N. SERRA DE CAZORLA - 6 DIES - AIGE Viatges","description":"Agencia de viajes online | Descubre nuestros viajes inolvidables a P.N. SERRA DE CAZORLA - 6 DIES","robots":{"index":"index","follow":"follow","max-snippet":"max-snippet:-1","max-image-preview":"max-image-preview:large","max-video-preview":"max-video-preview:-1"},"canonical":"https:\/\/aigeviatges.com\/es\/producto\/pn-sierra-de-cazorla-6-dias\/","og_locale":"es_ES","og_type":"article","og_title":"P.N. SERRA DE CAZORLA - 6 DIES - AIGE Viatges","og_description":"Agencia de viajes online | Descubre nuestros viajes inolvidables a P.N. SERRA DE CAZORLA - 6 DIES","og_url":"https:\/\/aigeviatges.com\/es\/producto\/pn-sierra-de-cazorla-6-dias\/","og_site_name":"AIGE Viatges","article_publisher":"https:\/\/www.facebook.com\/viatgesaige\/","article_modified_time":"2021-03-18T13:22:21+00:00","og_image":[{"width":771,"height":512,"url":"https:\/\/aigeviatges.com\/wp-content\/uploads\/2021\/02\/10-caaat.jpg","type":"image\/jpeg"}],"twitter_card":"summary_large_image","twitter_misc":{"Tiempo de lectura":"2 minutos"},"schema":{"@context":"https:\/\/schema.org","@graph":[{"@type":"WebPage","@id":"https:\/\/aigeviatges.com\/producto\/p-n-serra-de-cazorla-6-dies\/","url":"https:\/\/aigeviatges.com\/producto\/p-n-serra-de-cazorla-6-dies\/","name":"P.N. SERRA DE CAZORLA - 6 DIES - AIGE Viatges","isPartOf":{"@id":"https:\/\/aigeviatges.com\/#website"},"datePublished":"2021-02-22T16:27:46+00:00","dateModified":"2021-03-18T13:22:21+00:00","description":"Agencia de viajes online | Descubre nuestros viajes inolvidables a P.N. SERRA DE CAZORLA - 6 DIES","breadcrumb":{"@id":"https:\/\/aigeviatges.com\/producto\/p-n-serra-de-cazorla-6-dies\/#breadcrumb"},"inLanguage":"es","potentialAction":[{"@type":"ReadAction","target":["https:\/\/aigeviatges.com\/producto\/p-n-serra-de-cazorla-6-dies\/"]}]},{"@type":"BreadcrumbList","@id":"https:\/\/aigeviatges.com\/producto\/p-n-serra-de-cazorla-6-dies\/#breadcrumb","itemListElement":[{"@type":"ListItem","position":1,"name":"Portada","item":"https:\/\/aigeviatges.com\/"},{"@type":"ListItem","position":2,"name":"Tienda","item":"https:\/\/aigeviatges.com\/tienda-2\/"},{"@type":"ListItem","position":3,"name":"P.N. SERRA DE CAZORLA &#8211; 6 DIES"}]},{"@type":"WebSite","@id":"https:\/\/aigeviatges.com\/#website","url":"https:\/\/aigeviatges.com\/","name":"AIGE Viatges","description":"Agencia de viajes especializada en producto propio para grupos.","publisher":{"@id":"https:\/\/aigeviatges.com\/#organization"},"potentialAction":[{"@type":"SearchAction","target":{"@type":"EntryPoint","urlTemplate":"https:\/\/aigeviatges.com\/?s={search_term_string}"},"query-input":"required name=search_term_string"}],"inLanguage":"es"},{"@type":"Organization","@id":"https:\/\/aigeviatges.com\/#organization","name":"AIGE Viatges","url":"https:\/\/aigeviatges.com\/","logo":{"@type":"ImageObject","inLanguage":"es","@id":"https:\/\/aigeviatges.com\/#\/schema\/logo\/image\/","url":"https:\/\/aigeviatges.com\/wp-content\/uploads\/2020\/03\/aig-viatges-logo-web.png","contentUrl":"https:\/\/aigeviatges.com\/wp-content\/uploads\/2020\/03\/aig-viatges-logo-web.png","width":600,"height":166,"caption":"AIGE Viatges"},"image":{"@id":"https:\/\/aigeviatges.com\/#\/schema\/logo\/image\/"},"sameAs":["https:\/\/www.facebook.com\/viatgesaige\/"]}]}},"jetpack_sharing_enabled":true,"jetpack_likes_enabled":false,"_links":{"self":[{"href":"https:\/\/aigeviatges.com\/es\/wp-json\/wp\/v2\/product\/832","targetHints":{"allow":["GET"]}}],"collection":[{"href":"https:\/\/aigeviatges.com\/es\/wp-json\/wp\/v2\/product"}],"about":[{"href":"https:\/\/aigeviatges.com\/es\/wp-json\/wp\/v2\/types\/product"}],"wp:featuredmedia":[{"embeddable":true,"href":"https:\/\/aigeviatges.com\/es\/wp-json\/wp\/v2\/media\/826"}],"wp:attachment":[{"href":"https:\/\/aigeviatges.com\/es\/wp-json\/wp\/v2\/media?parent=832"}],"wp:term":[{"taxonomy":"product_cat","embeddable":true,"href":"https:\/\/aigeviatges.com\/es\/wp-json\/wp\/v2\/product_cat?post=832"},{"taxonomy":"product_tag","embeddable":true,"href":"https:\/\/aigeviatges.com\/es\/wp-json\/wp\/v2\/product_tag?post=832"}],"curies":[{"name":"wp","href":"https:\/\/api.w.org\/{rel}","templated":true}]}}