{"id":823,"date":"2021-02-22T15:04:01","date_gmt":"2021-02-22T15:04:01","guid":{"rendered":"https:\/\/aigeviatges.com\/?post_type=product&#038;p=823"},"modified":"2021-03-17T12:01:13","modified_gmt":"2021-03-17T12:01:13","slug":"la-vall-de-baztan-6-dies","status":"publish","type":"product","link":"https:\/\/aigeviatges.com\/es\/producto\/el-valle-de-baztan-6-dias\/","title":{"rendered":"EL VALLE DE BAZTAN \u2013 6 D\u00cdAS"},"content":{"rendered":"<p><strong>D\u00eda 1: ORIGEN - ELIZONDO<\/strong><br \/>\nSalida en direcci\u00f3n L\u00e9rida, Zaragoza, hasta llegar a Elizondo. Almuerzo. Por la tarde visitaremos Elizondo, con sus casas blasonadas y donde podremos ver sus t\u00edpicos balcones y el entorno natural del lugar en el que estamos alojados. Cena y alojamiento.<\/p>\n<p><strong>D\u00eda 2: SE\u00d1ORIO DE BERTIZ - SAN JUAN DE PIED DE PUERTO<\/strong><br \/>\nPor la ma\u00f1ana visitaremos el Parque Natural del Se\u00f1orio de Bertiz. El Parque cuenta con dos zonas diferenciadas: un jard\u00edn con una extensa variedad de \u00e1rboles y plantas de todo el mundo y una gran extensi\u00f3n boscosa. Una oportunidad de contemplar un jard\u00edn bot\u00e1nico sin igual. Almuerzo. Por la tarde visitaremos San Juan de Pied de Port, pueblo medieval, amurallado y en el que veremos calles antiguas bordeadas de dignos edificios. Cena y alojamiento en el hotel.<\/p>\n<p><strong>D\u00eda 3: TREN DE LA RHUNE - SAN JEAN DE LUZ - PAMPLONA<\/strong><br \/>\nSalida a Asca\u00edn. Tomaremos el Tren Cremallera de la Rh\u00fane que asciende en un recorrido de 4 km hasta el l\u00edmite fronterizo de la Rh\u00fane, uno de los panoramas m\u00e1s suntuosos del Pa\u00eds Vasco. Continuaremos con la visita de San Jean de Luz, localidad de larga tradici\u00f3n tur\u00edstica que conserva su tipismo y en otra \u00e9poca fue famosa por sus caser\u00edos. Almuerzo. Por la tarde visitaremos Pamplona, famosa por las fiestas de San Ferm\u00edn. Durante la visita recorreremos emblem\u00e1ticas calles como la del Encierro, Estafeta, Mercaderes etc. Cena y alojamiento en el hotel.<\/p>\n<p><strong>D\u00eda 4: LAS CUEVAS DE ZUGARRAMURDI - RONCESVALLES<\/strong><br \/>\nPor la ma\u00f1ana, visitaremos las Cuevas de Zugarramurdi, famosas por aquelarres que en ellas tuvieron lugar en el siglo XVIII. Almuerzo. Por la tarde nos dirigiremos a Roncesvalles, siendo \u00e9ste el n\u00facleo m\u00e1s importante navarro del camino de Santiago, un lugar lleno de historia. Visitaremos su famosa Colegiata. Cena y alojamiento en el hotel.<\/p>\n<p><strong>D\u00cdA 5: SAN SEBASTIAN<\/strong><br \/>\nSalida a San Sebasti\u00e1n. Visita panor\u00e1mica de esta maravillosa ciudad ba\u00f1ada por el mar Cant\u00e1brico, destaca la Playa de la concha etc. Ascenderemos al Monte Igueldo donde gozaremos de unas vistas fant\u00e1sticas de San Sebasti\u00e1n. Almuerzo. Por la tarde dispondremos de tiempo libre en el barrio antiguo donde quien lo desee podr\u00e1 degustar los famosos pinchos. Cena y alojamiento en el hotel.<\/p>\n<p><strong>D\u00eda 6: ELIZONDO - OLITE - ORIGEN<\/strong><br \/>\nSalida a Olite. Tiempo libre para visitar esta importante localidad de la Comunidad Foral de Navarra. Seguidamente nos dirigiremos hacia Zaragoza. Almuerzo en ruta. Por la tarde continuaci\u00f3n hacia nuestra ciudad de origen. Llegada y fin de nuestros servicios.<\/p>","protected":false},"excerpt":{"rendered":"<p><strong>INCLUYE:<\/strong><\/p>\n<ul>\n<li>Autocar de lujo por todo el circuito<\/li>\n<li>Gu\u00eda acompa\u00f1ante de AIGE<\/li>\n<li>Hotel 3***<\/li>\n<li>Pensi\u00f3n completa con agua y vino (del almuerzo del d\u00eda 1 al almuerzo del d\u00eda 6)<\/li>\n<li>Entrada al Se\u00f1orio de Bertiz<\/li>\n<li>Entrada a Zugarramurdi (cueva)<\/li>\n<li>Entrada en la colegiata de Roncesvalles<\/li>\n<li>Tren de la Rh\u00fane<\/li>\n<li>Acceso a la monta\u00f1a Igueldo<\/li>\n<li>Seguro de asistencia en viaje<\/li>\n<\/ul>\n<p><strong><em>Nota sobre el alojamiento: <\/em><\/strong><strong><em>todas las noches en el mismo hotel<\/em><\/strong><\/p>","protected":false},"featured_media":818,"template":"","meta":[],"product_cat":[51,37],"product_tag":[],"class_list":["post-823","product","type-product","status-publish","has-post-thumbnail","hentry","product_cat-amb-autocar","product_cat-circuits-nacional"],"yoast_head":"<!-- This site is optimized with the Yoast SEO plugin v21.7 - https:\/\/yoast.com\/wordpress\/plugins\/seo\/ -->\n<title>LA VALL DE BAZTAN - 6 DIES - AIGE Viatges<\/title>\n<meta name=\"description\" content=\"Agencia de viajes online | Descubre nuestros viajes inolvidables a LA VALL DE BAZTAN - 6 DIES\" \/>\n<meta name=\"robots\" content=\"index, follow, max-snippet:-1, max-image-preview:large, max-video-preview:-1\" \/>\n<link rel=\"canonical\" href=\"https:\/\/aigeviatges.com\/es\/producto\/el-valle-de-baztan-6-dias\/\" \/>\n<meta property=\"og:locale\" content=\"es_ES\" \/>\n<meta property=\"og:type\" content=\"article\" \/>\n<meta property=\"og:title\" content=\"LA VALL DE BAZTAN - 6 DIES - AIGE Viatges\" \/>\n<meta property=\"og:description\" content=\"Agencia de viajes online | Descubre nuestros viajes inolvidables a LA VALL DE BAZTAN - 6 DIES\" \/>\n<meta property=\"og:url\" content=\"https:\/\/aigeviatges.com\/es\/producto\/el-valle-de-baztan-6-dias\/\" \/>\n<meta property=\"og:site_name\" content=\"AIGE Viatges\" \/>\n<meta property=\"article:publisher\" content=\"https:\/\/www.facebook.com\/viatgesaige\/\" \/>\n<meta property=\"article:modified_time\" content=\"2021-03-17T12:01:13+00:00\" \/>\n<meta property=\"og:image\" content=\"https:\/\/aigeviatges.com\/wp-content\/uploads\/2021\/02\/1-jean.jpg\" \/>\n\t<meta property=\"og:image:width\" content=\"798\" \/>\n\t<meta property=\"og:image:height\" content=\"419\" \/>\n\t<meta property=\"og:image:type\" content=\"image\/jpeg\" \/>\n<meta name=\"twitter:card\" content=\"summary_large_image\" \/>\n<meta name=\"twitter:label1\" content=\"Tiempo de lectura\" \/>\n\t<meta name=\"twitter:data1\" content=\"2 minutos\" \/>\n<script type=\"application\/ld+json\" class=\"yoast-schema-graph\">{\"@context\":\"https:\/\/schema.org\",\"@graph\":[{\"@type\":\"WebPage\",\"@id\":\"https:\/\/aigeviatges.com\/producto\/la-vall-de-baztan-6-dies\/\",\"url\":\"https:\/\/aigeviatges.com\/producto\/la-vall-de-baztan-6-dies\/\",\"name\":\"LA VALL DE BAZTAN - 6 DIES - AIGE Viatges\",\"isPartOf\":{\"@id\":\"https:\/\/aigeviatges.com\/#website\"},\"datePublished\":\"2021-02-22T15:04:01+00:00\",\"dateModified\":\"2021-03-17T12:01:13+00:00\",\"description\":\"Agencia de viajes online | Descubre nuestros viajes inolvidables a LA VALL DE BAZTAN - 6 DIES\",\"breadcrumb\":{\"@id\":\"https:\/\/aigeviatges.com\/producto\/la-vall-de-baztan-6-dies\/#breadcrumb\"},\"inLanguage\":\"es\",\"potentialAction\":[{\"@type\":\"ReadAction\",\"target\":[\"https:\/\/aigeviatges.com\/producto\/la-vall-de-baztan-6-dies\/\"]}]},{\"@type\":\"BreadcrumbList\",\"@id\":\"https:\/\/aigeviatges.com\/producto\/la-vall-de-baztan-6-dies\/#breadcrumb\",\"itemListElement\":[{\"@type\":\"ListItem\",\"position\":1,\"name\":\"Portada\",\"item\":\"https:\/\/aigeviatges.com\/\"},{\"@type\":\"ListItem\",\"position\":2,\"name\":\"Tienda\",\"item\":\"https:\/\/aigeviatges.com\/tienda-2\/\"},{\"@type\":\"ListItem\",\"position\":3,\"name\":\"LA VALL DE BAZTAN &#8211; 6 DIES\"}]},{\"@type\":\"WebSite\",\"@id\":\"https:\/\/aigeviatges.com\/#website\",\"url\":\"https:\/\/aigeviatges.com\/\",\"name\":\"AIGE Viatges\",\"description\":\"Agencia de viajes especializada en producto propio para grupos.\",\"publisher\":{\"@id\":\"https:\/\/aigeviatges.com\/#organization\"},\"potentialAction\":[{\"@type\":\"SearchAction\",\"target\":{\"@type\":\"EntryPoint\",\"urlTemplate\":\"https:\/\/aigeviatges.com\/?s={search_term_string}\"},\"query-input\":\"required name=search_term_string\"}],\"inLanguage\":\"es\"},{\"@type\":\"Organization\",\"@id\":\"https:\/\/aigeviatges.com\/#organization\",\"name\":\"AIGE Viatges\",\"url\":\"https:\/\/aigeviatges.com\/\",\"logo\":{\"@type\":\"ImageObject\",\"inLanguage\":\"es\",\"@id\":\"https:\/\/aigeviatges.com\/#\/schema\/logo\/image\/\",\"url\":\"https:\/\/aigeviatges.com\/wp-content\/uploads\/2020\/03\/aig-viatges-logo-web.png\",\"contentUrl\":\"https:\/\/aigeviatges.com\/wp-content\/uploads\/2020\/03\/aig-viatges-logo-web.png\",\"width\":600,\"height\":166,\"caption\":\"AIGE Viatges\"},\"image\":{\"@id\":\"https:\/\/aigeviatges.com\/#\/schema\/logo\/image\/\"},\"sameAs\":[\"https:\/\/www.facebook.com\/viatgesaige\/\"]}]}<\/script>\n<!-- \/ Yoast SEO plugin. -->","yoast_head_json":{"title":"LA VALL DE BAZTAN - 6 DIES - AIGE Viatges","description":"Agencia de viajes online | Descubre nuestros viajes inolvidables a LA VALL DE BAZTAN - 6 DIES","robots":{"index":"index","follow":"follow","max-snippet":"max-snippet:-1","max-image-preview":"max-image-preview:large","max-video-preview":"max-video-preview:-1"},"canonical":"https:\/\/aigeviatges.com\/es\/producto\/el-valle-de-baztan-6-dias\/","og_locale":"es_ES","og_type":"article","og_title":"LA VALL DE BAZTAN - 6 DIES - AIGE Viatges","og_description":"Agencia de viajes online | Descubre nuestros viajes inolvidables a LA VALL DE BAZTAN - 6 DIES","og_url":"https:\/\/aigeviatges.com\/es\/producto\/el-valle-de-baztan-6-dias\/","og_site_name":"AIGE Viatges","article_publisher":"https:\/\/www.facebook.com\/viatgesaige\/","article_modified_time":"2021-03-17T12:01:13+00:00","og_image":[{"width":798,"height":419,"url":"https:\/\/aigeviatges.com\/wp-content\/uploads\/2021\/02\/1-jean.jpg","type":"image\/jpeg"}],"twitter_card":"summary_large_image","twitter_misc":{"Tiempo de lectura":"2 minutos"},"schema":{"@context":"https:\/\/schema.org","@graph":[{"@type":"WebPage","@id":"https:\/\/aigeviatges.com\/producto\/la-vall-de-baztan-6-dies\/","url":"https:\/\/aigeviatges.com\/producto\/la-vall-de-baztan-6-dies\/","name":"LA VALL DE BAZTAN - 6 DIES - AIGE Viatges","isPartOf":{"@id":"https:\/\/aigeviatges.com\/#website"},"datePublished":"2021-02-22T15:04:01+00:00","dateModified":"2021-03-17T12:01:13+00:00","description":"Agencia de viajes online | Descubre nuestros viajes inolvidables a LA VALL DE BAZTAN - 6 DIES","breadcrumb":{"@id":"https:\/\/aigeviatges.com\/producto\/la-vall-de-baztan-6-dies\/#breadcrumb"},"inLanguage":"es","potentialAction":[{"@type":"ReadAction","target":["https:\/\/aigeviatges.com\/producto\/la-vall-de-baztan-6-dies\/"]}]},{"@type":"BreadcrumbList","@id":"https:\/\/aigeviatges.com\/producto\/la-vall-de-baztan-6-dies\/#breadcrumb","itemListElement":[{"@type":"ListItem","position":1,"name":"Portada","item":"https:\/\/aigeviatges.com\/"},{"@type":"ListItem","position":2,"name":"Tienda","item":"https:\/\/aigeviatges.com\/tienda-2\/"},{"@type":"ListItem","position":3,"name":"LA VALL DE BAZTAN &#8211; 6 DIES"}]},{"@type":"WebSite","@id":"https:\/\/aigeviatges.com\/#website","url":"https:\/\/aigeviatges.com\/","name":"AIGE Viatges","description":"Agencia de viajes especializada en producto propio para grupos.","publisher":{"@id":"https:\/\/aigeviatges.com\/#organization"},"potentialAction":[{"@type":"SearchAction","target":{"@type":"EntryPoint","urlTemplate":"https:\/\/aigeviatges.com\/?s={search_term_string}"},"query-input":"required name=search_term_string"}],"inLanguage":"es"},{"@type":"Organization","@id":"https:\/\/aigeviatges.com\/#organization","name":"AIGE Viatges","url":"https:\/\/aigeviatges.com\/","logo":{"@type":"ImageObject","inLanguage":"es","@id":"https:\/\/aigeviatges.com\/#\/schema\/logo\/image\/","url":"https:\/\/aigeviatges.com\/wp-content\/uploads\/2020\/03\/aig-viatges-logo-web.png","contentUrl":"https:\/\/aigeviatges.com\/wp-content\/uploads\/2020\/03\/aig-viatges-logo-web.png","width":600,"height":166,"caption":"AIGE Viatges"},"image":{"@id":"https:\/\/aigeviatges.com\/#\/schema\/logo\/image\/"},"sameAs":["https:\/\/www.facebook.com\/viatgesaige\/"]}]}},"jetpack_sharing_enabled":true,"jetpack_likes_enabled":false,"_links":{"self":[{"href":"https:\/\/aigeviatges.com\/es\/wp-json\/wp\/v2\/product\/823","targetHints":{"allow":["GET"]}}],"collection":[{"href":"https:\/\/aigeviatges.com\/es\/wp-json\/wp\/v2\/product"}],"about":[{"href":"https:\/\/aigeviatges.com\/es\/wp-json\/wp\/v2\/types\/product"}],"wp:featuredmedia":[{"embeddable":true,"href":"https:\/\/aigeviatges.com\/es\/wp-json\/wp\/v2\/media\/818"}],"wp:attachment":[{"href":"https:\/\/aigeviatges.com\/es\/wp-json\/wp\/v2\/media?parent=823"}],"wp:term":[{"taxonomy":"product_cat","embeddable":true,"href":"https:\/\/aigeviatges.com\/es\/wp-json\/wp\/v2\/product_cat?post=823"},{"taxonomy":"product_tag","embeddable":true,"href":"https:\/\/aigeviatges.com\/es\/wp-json\/wp\/v2\/product_tag?post=823"}],"curies":[{"name":"wp","href":"https:\/\/api.w.org\/{rel}","templated":true}]}}