{"id":815,"date":"2021-02-22T12:53:02","date_gmt":"2021-02-22T12:53:02","guid":{"rendered":"https:\/\/aigeviatges.com\/?post_type=product&#038;p=815"},"modified":"2021-03-17T12:01:47","modified_gmt":"2021-03-17T12:01:47","slug":"la-rioja-6-dias","status":"publish","type":"product","link":"https:\/\/aigeviatges.com\/es\/producto\/la-rioja-6-dias\/","title":{"rendered":"LA RIOJA - 6 D\u00cdAS"},"content":{"rendered":"<p><strong>D\u00eda 1: ORIGEN - LA RIOJA<\/strong><br \/>\nSalida de nuestra ciudad en direcci\u00f3n L\u00e9rida hasta llegar a La Rioja. Acomodaci\u00f3n en el hotel y almuerzo. Por la tarde visitaremos Logro\u00f1o, capital riojana, el paseo del Espol\u00f3n, su concatedral de Santa Mar\u00eda La Redonda, el convento de la Merced, actual sede del parlamento Regional, la iglesia de Santa Mar\u00eda de Palacio, etc. Cena y alojamiento en el hotel.<\/p>\n<p><strong>D\u00eda 2: RUTA DEL VINO \u2013 SANTO DOMINGO DE LA CALZADA<\/strong><br \/>\nPor la ma\u00f1ana visitaremos Briones, una de las ciudades m\u00e1s bellas de La Rioja con edificaciones de los siglos XV al XVIII. Continuaci\u00f3n hasta Haro la capital riojana Alta. Pasearemos por sus calles se\u00f1oriales y visitaremos una de sus emblem\u00e1ticas bodegas. Almuerzo. Por la tarde visitaremos Santo Domingo de la Calzada, una de las principales paradas del Camino de Santiago, que mantiene viva la imagen de su santo fundador y destaca la bella catedral con el sepulcro del Santo. Cena y alojamiento en el hotel.<\/p>\n<p><strong>D\u00eda 3: NAJERA \u2013 LOGRO\u00d1O<\/strong><br \/>\nPor la ma\u00f1ana, visitaremos NAJERA, poblaci\u00f3n muy importante, por haber sido cuna de Reyes, y en los siglos X y XI fue la capital del reino de N\u00e1jera-Pamplona. Almuerzo. Por la tarde dispondremos de tiempo libre en Logro\u00f1o. Cena y alojamiento en el hotel.<\/p>\n<p><strong>D\u00eda 4: ESTELLA \u2013 IRACHE \u2013 CALAHORRA<\/strong><br \/>\nSalida hacia Estella \/ Lizarra. Dispondremos de tiempo libre para visitar esta pintoresca poblaci\u00f3n y el monasterio de Irache. Famoso Monasterio Benedictino, templo que forma parte del camino de Santiago. Almuerzo. Por la tarde visitaremos Calahorra, bella poblaci\u00f3n milenaria. Cena y alojamiento en el hotel.<\/p>\n<p><strong>D\u00eda 5: LAGUARDIA \u2013 VALLE DE IREGUA \u2013 CLAVIJO<\/strong><br \/>\nPor la ma\u00f1ana, visitaremos La Guardia, capital de La Rioja Alavesa, un pueblecito medieval, amurallado y enclavado en lo alto de una colina donde destacan la casa del Vino, la Iglesia de Santa Mar\u00eda de los Reyes, la casa de la Primicia, etc. Almuerzo. Por la tarde realizaremos una excursi\u00f3n por el valle de Iregua hasta el pintoresco pueblo de Ortigosa de Cameros, paseo por sus t\u00edpicas callejuelas y plazas y continuaci\u00f3n hasta Clavijo, tiempo libre en el pueblo donde destaca, sobre una roca, el castillo m\u00e1s famoso de La Rioja, el de Clavijo. Cena y alojamiento en el hotel.<\/p>\n<p><strong>D\u00eda 6: LA RIOJA - ALFARO - ZARAGOZA - ORIGEN<\/strong><br \/>\nSalida en direcci\u00f3n Alfaro, breve parada para visitar esta bella poblaci\u00f3n de La Rioja. Continuaci\u00f3n de la ruta hasta llegar a los alrededores de Zaragoza. Almuerzo. Seguidamente saldremos direcci\u00f3n Els Monegros, Lleida hasta llegar a nuestra ciudad de origen. Fin de nuestros servicios.<\/p>","protected":false},"excerpt":{"rendered":"<p><strong>INCLUYE:\u00a0<\/strong><\/p>\n<ul>\n<li>Autocar de lujo por todo el circuito<\/li>\n<li>Gu\u00eda acompa\u00f1ante de AIGE<\/li>\n<li>Hotel 3*** O 4 **** (seg\u00fan elecci\u00f3n)<\/li>\n<li>Pensi\u00f3n completa con agua y vino (del almuerzo del d\u00eda 1 al almuerzo del d\u00eda 6)<\/li>\n<li>Entrada al Monasterio de Irache<\/li>\n<li>Entrada a una Bodega DO Rioja<\/li>\n<li>Seguro de asistencia en viaje<\/li>\n<\/ul>\n<p><strong><em>Nota sobre el alojamiento: <\/em><\/strong><strong><em>todas las noches en el mismo hotel<\/em><\/strong><\/p>","protected":false},"featured_media":810,"template":"","meta":[],"product_cat":[51,37],"product_tag":[],"class_list":["post-815","product","type-product","status-publish","has-post-thumbnail","hentry","product_cat-amb-autocar","product_cat-circuits-nacional"],"yoast_head":"<!-- This site is optimized with the Yoast SEO plugin v21.7 - https:\/\/yoast.com\/wordpress\/plugins\/seo\/ -->\n<title>LA RIOJA - 6 DIES - AIGE Viatges<\/title>\n<meta name=\"description\" content=\"Agencia de viajes online | Descubre nuestros viajes inolvidables a LA RIOJA - 6 DIES\" \/>\n<meta name=\"robots\" content=\"index, follow, max-snippet:-1, max-image-preview:large, max-video-preview:-1\" \/>\n<link rel=\"canonical\" href=\"https:\/\/aigeviatges.com\/es\/producto\/la-rioja-6-dias\/\" \/>\n<meta property=\"og:locale\" content=\"es_ES\" \/>\n<meta property=\"og:type\" content=\"article\" \/>\n<meta property=\"og:title\" content=\"LA RIOJA - 6 DIES - AIGE Viatges\" \/>\n<meta property=\"og:description\" content=\"Agencia de viajes online | Descubre nuestros viajes inolvidables a LA RIOJA - 6 DIES\" \/>\n<meta property=\"og:url\" content=\"https:\/\/aigeviatges.com\/es\/producto\/la-rioja-6-dias\/\" \/>\n<meta property=\"og:site_name\" content=\"AIGE Viatges\" \/>\n<meta property=\"article:publisher\" content=\"https:\/\/www.facebook.com\/viatgesaige\/\" \/>\n<meta property=\"article:modified_time\" content=\"2021-03-17T12:01:47+00:00\" \/>\n<meta property=\"og:image\" content=\"https:\/\/aigeviatges.com\/wp-content\/uploads\/2021\/02\/bodegas.jpg\" \/>\n\t<meta property=\"og:image:width\" content=\"627\" \/>\n\t<meta property=\"og:image:height\" content=\"469\" \/>\n\t<meta property=\"og:image:type\" content=\"image\/jpeg\" \/>\n<meta name=\"twitter:card\" content=\"summary_large_image\" \/>\n<meta name=\"twitter:label1\" content=\"Tiempo de lectura\" \/>\n\t<meta name=\"twitter:data1\" content=\"2 minutos\" \/>\n<script type=\"application\/ld+json\" class=\"yoast-schema-graph\">{\"@context\":\"https:\/\/schema.org\",\"@graph\":[{\"@type\":\"WebPage\",\"@id\":\"https:\/\/aigeviatges.com\/producto\/la-rioja-6-dias\/\",\"url\":\"https:\/\/aigeviatges.com\/producto\/la-rioja-6-dias\/\",\"name\":\"LA RIOJA - 6 DIES - AIGE Viatges\",\"isPartOf\":{\"@id\":\"https:\/\/aigeviatges.com\/#website\"},\"datePublished\":\"2021-02-22T12:53:02+00:00\",\"dateModified\":\"2021-03-17T12:01:47+00:00\",\"description\":\"Agencia de viajes online | Descubre nuestros viajes inolvidables a LA RIOJA - 6 DIES\",\"breadcrumb\":{\"@id\":\"https:\/\/aigeviatges.com\/producto\/la-rioja-6-dias\/#breadcrumb\"},\"inLanguage\":\"es\",\"potentialAction\":[{\"@type\":\"ReadAction\",\"target\":[\"https:\/\/aigeviatges.com\/producto\/la-rioja-6-dias\/\"]}]},{\"@type\":\"BreadcrumbList\",\"@id\":\"https:\/\/aigeviatges.com\/producto\/la-rioja-6-dias\/#breadcrumb\",\"itemListElement\":[{\"@type\":\"ListItem\",\"position\":1,\"name\":\"Portada\",\"item\":\"https:\/\/aigeviatges.com\/\"},{\"@type\":\"ListItem\",\"position\":2,\"name\":\"Tienda\",\"item\":\"https:\/\/aigeviatges.com\/tienda-2\/\"},{\"@type\":\"ListItem\",\"position\":3,\"name\":\"LA RIOJA &#8211; 6 DIES\"}]},{\"@type\":\"WebSite\",\"@id\":\"https:\/\/aigeviatges.com\/#website\",\"url\":\"https:\/\/aigeviatges.com\/\",\"name\":\"AIGE Viatges\",\"description\":\"Agencia de viajes especializada en producto propio para grupos.\",\"publisher\":{\"@id\":\"https:\/\/aigeviatges.com\/#organization\"},\"potentialAction\":[{\"@type\":\"SearchAction\",\"target\":{\"@type\":\"EntryPoint\",\"urlTemplate\":\"https:\/\/aigeviatges.com\/?s={search_term_string}\"},\"query-input\":\"required name=search_term_string\"}],\"inLanguage\":\"es\"},{\"@type\":\"Organization\",\"@id\":\"https:\/\/aigeviatges.com\/#organization\",\"name\":\"AIGE Viatges\",\"url\":\"https:\/\/aigeviatges.com\/\",\"logo\":{\"@type\":\"ImageObject\",\"inLanguage\":\"es\",\"@id\":\"https:\/\/aigeviatges.com\/#\/schema\/logo\/image\/\",\"url\":\"https:\/\/aigeviatges.com\/wp-content\/uploads\/2020\/03\/aig-viatges-logo-web.png\",\"contentUrl\":\"https:\/\/aigeviatges.com\/wp-content\/uploads\/2020\/03\/aig-viatges-logo-web.png\",\"width\":600,\"height\":166,\"caption\":\"AIGE Viatges\"},\"image\":{\"@id\":\"https:\/\/aigeviatges.com\/#\/schema\/logo\/image\/\"},\"sameAs\":[\"https:\/\/www.facebook.com\/viatgesaige\/\"]}]}<\/script>\n<!-- \/ Yoast SEO plugin. -->","yoast_head_json":{"title":"LA RIOJA - 6 DIES - AIGE Viatges","description":"Agencia de viajes online | Descubre nuestros viajes inolvidables a LA RIOJA - 6 DIES","robots":{"index":"index","follow":"follow","max-snippet":"max-snippet:-1","max-image-preview":"max-image-preview:large","max-video-preview":"max-video-preview:-1"},"canonical":"https:\/\/aigeviatges.com\/es\/producto\/la-rioja-6-dias\/","og_locale":"es_ES","og_type":"article","og_title":"LA RIOJA - 6 DIES - AIGE Viatges","og_description":"Agencia de viajes online | Descubre nuestros viajes inolvidables a LA RIOJA - 6 DIES","og_url":"https:\/\/aigeviatges.com\/es\/producto\/la-rioja-6-dias\/","og_site_name":"AIGE Viatges","article_publisher":"https:\/\/www.facebook.com\/viatgesaige\/","article_modified_time":"2021-03-17T12:01:47+00:00","og_image":[{"width":627,"height":469,"url":"https:\/\/aigeviatges.com\/wp-content\/uploads\/2021\/02\/bodegas.jpg","type":"image\/jpeg"}],"twitter_card":"summary_large_image","twitter_misc":{"Tiempo de lectura":"2 minutos"},"schema":{"@context":"https:\/\/schema.org","@graph":[{"@type":"WebPage","@id":"https:\/\/aigeviatges.com\/producto\/la-rioja-6-dias\/","url":"https:\/\/aigeviatges.com\/producto\/la-rioja-6-dias\/","name":"LA RIOJA - 6 DIES - AIGE Viatges","isPartOf":{"@id":"https:\/\/aigeviatges.com\/#website"},"datePublished":"2021-02-22T12:53:02+00:00","dateModified":"2021-03-17T12:01:47+00:00","description":"Agencia de viajes online | Descubre nuestros viajes inolvidables a LA RIOJA - 6 DIES","breadcrumb":{"@id":"https:\/\/aigeviatges.com\/producto\/la-rioja-6-dias\/#breadcrumb"},"inLanguage":"es","potentialAction":[{"@type":"ReadAction","target":["https:\/\/aigeviatges.com\/producto\/la-rioja-6-dias\/"]}]},{"@type":"BreadcrumbList","@id":"https:\/\/aigeviatges.com\/producto\/la-rioja-6-dias\/#breadcrumb","itemListElement":[{"@type":"ListItem","position":1,"name":"Portada","item":"https:\/\/aigeviatges.com\/"},{"@type":"ListItem","position":2,"name":"Tienda","item":"https:\/\/aigeviatges.com\/tienda-2\/"},{"@type":"ListItem","position":3,"name":"LA RIOJA &#8211; 6 DIES"}]},{"@type":"WebSite","@id":"https:\/\/aigeviatges.com\/#website","url":"https:\/\/aigeviatges.com\/","name":"AIGE Viatges","description":"Agencia de viajes especializada en producto propio para grupos.","publisher":{"@id":"https:\/\/aigeviatges.com\/#organization"},"potentialAction":[{"@type":"SearchAction","target":{"@type":"EntryPoint","urlTemplate":"https:\/\/aigeviatges.com\/?s={search_term_string}"},"query-input":"required name=search_term_string"}],"inLanguage":"es"},{"@type":"Organization","@id":"https:\/\/aigeviatges.com\/#organization","name":"AIGE Viatges","url":"https:\/\/aigeviatges.com\/","logo":{"@type":"ImageObject","inLanguage":"es","@id":"https:\/\/aigeviatges.com\/#\/schema\/logo\/image\/","url":"https:\/\/aigeviatges.com\/wp-content\/uploads\/2020\/03\/aig-viatges-logo-web.png","contentUrl":"https:\/\/aigeviatges.com\/wp-content\/uploads\/2020\/03\/aig-viatges-logo-web.png","width":600,"height":166,"caption":"AIGE Viatges"},"image":{"@id":"https:\/\/aigeviatges.com\/#\/schema\/logo\/image\/"},"sameAs":["https:\/\/www.facebook.com\/viatgesaige\/"]}]}},"jetpack_sharing_enabled":true,"jetpack_likes_enabled":false,"_links":{"self":[{"href":"https:\/\/aigeviatges.com\/es\/wp-json\/wp\/v2\/product\/815","targetHints":{"allow":["GET"]}}],"collection":[{"href":"https:\/\/aigeviatges.com\/es\/wp-json\/wp\/v2\/product"}],"about":[{"href":"https:\/\/aigeviatges.com\/es\/wp-json\/wp\/v2\/types\/product"}],"wp:featuredmedia":[{"embeddable":true,"href":"https:\/\/aigeviatges.com\/es\/wp-json\/wp\/v2\/media\/810"}],"wp:attachment":[{"href":"https:\/\/aigeviatges.com\/es\/wp-json\/wp\/v2\/media?parent=815"}],"wp:term":[{"taxonomy":"product_cat","embeddable":true,"href":"https:\/\/aigeviatges.com\/es\/wp-json\/wp\/v2\/product_cat?post=815"},{"taxonomy":"product_tag","embeddable":true,"href":"https:\/\/aigeviatges.com\/es\/wp-json\/wp\/v2\/product_tag?post=815"}],"curies":[{"name":"wp","href":"https:\/\/api.w.org\/{rel}","templated":true}]}}