{"id":808,"date":"2021-02-22T11:23:09","date_gmt":"2021-02-22T11:23:09","guid":{"rendered":"https:\/\/aigeviatges.com\/?post_type=product&#038;p=808"},"modified":"2025-03-11T17:46:54","modified_gmt":"2025-03-11T16:46:54","slug":"asturies-7-dies","status":"publish","type":"product","link":"https:\/\/aigeviatges.com\/es\/producto\/asturias-7-dias\/","title":{"rendered":"ASTURIAS \u2013 7 D\u00cdAS"},"content":{"rendered":"<p><strong>D\u00eda 1: BARCELONA \u2013 ASTURIAS<\/strong><br \/>\nSalida en avi\u00f3n a Asturias. Llegada, y visita panor\u00e1mica de Gij\u00f3n, importante puerto del Principado, visitaremos el barrio hist\u00f3rico de Cimadevilla, Playa de San Lorenzo y Universidad Laboral. Acomodaci\u00f3n en el hotel, Cena y alojamiento.<\/p>\n<p><strong>D\u00eda 2: PATRIMONIO UNESCO - OVIEDO<\/strong><br \/>\nPor la ma\u00f1ana visitaremos Santa Mar\u00eda del Naranco y San Miguel de Lillo, declarados Patrimonio Mundial por la UNESCO en 1985. Almuerzo. Continuaremos con la visita de Oviedo, la capital del principado, pasearemos por sus calles, parques, barrio antiguo y sobre todo la Catedral. Regreso al hotel. Cena y alojamiento.<\/p>\n<p><strong>D\u00eda 3: LUARCA - MUSEO ETNOGR\u00c1FICO - CUDILLERO<\/strong><br \/>\nPor la ma\u00f1ana visitaremos Luarca, conocida por ser la villa blanca de la costa verde. Daremos un paseo por la zona del puerto pesquero. Continuaremos con la visita del Museo Rural Etnogr\u00e1fico, que se reproducen diferentes ambientes (dom\u00e9sticos, sociales y laborales) del pasado, como una forja, una cocina o un dormitorio. Pueden verse instrumentos agr\u00edcolas, herramientas de cultivo, accesorios del hogar etc. Almuerzo. Por la tarde visitaremos Cudillero, precioso y original pueblo de pescadores de la Costa Cant\u00e1brica. Regreso al hotel. Cena y alojamiento.<\/p>\n<p><strong>D\u00eda 4: COVADONGA \u2013 CANGAS DE ON\u00cdS<\/strong><br \/>\nSalida a uno de los puntos m\u00e1s carism\u00e1tico y venerado por los asturianos: Covadonga, lugar donde se apareci\u00f3 La Santina, tiempo libre para visitar la Bas\u00edlica y la Santa Cueva, posibilidad de realizar la impresionante subida a los Lagos de su mismo nombre (facultativamente ). A hora convenida nos dirigiremos al restaurante por Dinar. Por la tarde dispondremos de tiempo libre en la bonita localidad de Cangas de On\u00eds. Regreso al hotel. Cena y alojamiento.<\/p>\n<p><strong>D\u00eda 5: EL ENTREGO (MUSEO DE LA MINERIA) \u2013 LUANCO \u2013 JEFE DE PE\u00d1AS<\/strong><br \/>\nHoy realizaremos una excursi\u00f3n al Museo de la Miner\u00eda, en El Entrego, frente al Pozo Mar\u00eda Luisa. Se trata del museo m\u00e1s visitado del Principado (entrada incluida), visita guiada en su interior. Almuerzo. Por la tarde realizaremos una bonita excursi\u00f3n a Luanco, pasando por Cabo de Pe\u00f1as, y sus bonitos acantilados. Regreso al hotel. Cena y alojamiento.<\/p>\n<p><strong>D\u00eda 6: SIDRA EL GAITERO - MIRADOR DEL FITU - RIBADESELLA<\/strong><br \/>\nSalida hacia Villaviciosa, donde visitaremos una acreditada bodega de Sidra. El Gaitero nace en una de las bodegas centenarias asturianas con m\u00e1s tradici\u00f3n, en la que realizaremos un recorrido \u00fanico para adentrarnos en los secretos del sabor de Asturias, la sidra. Desde el canig\u00fa -zona de entrada de la manzana para su clasificaci\u00f3n previa y lavada- y la Sala de Prensas -donde se tritura la manzana y se extraen sus primeros zumos-, hasta el tren de embotellado y embalaje - automatizado con tecnolog\u00eda l\u00edder-, la historia y las emociones se palpan en todos y cada uno de sus espacios. Almuerzo. Por la tarde subiremos hasta el Mirador del Fitu, con unas impresionantes vistas del verde asturiano para acabar con la visita a Ribadesella (en la desembocadura del r\u00edo Sella), famosa por el descenso en cayucos que se realiza cada a\u00f1o. Regreso al hotel. Cena y alojamiento.<\/p>\n<p><strong>D\u00eda 7: AVILES - BARCELONA<\/strong><br \/>\nHoy visitaremos Avil\u00e9s, urbe comercial, de origen medieval y de gran tradici\u00f3n marinera. Visitaremos el centro hist\u00f3rico, uno de los mejor conservados de todo el norte espa\u00f1ol, durante el que veremos palacios, jardines, fuentes, iglesias, casas porticadas, etc. que le confieren una atm\u00f3sfera \u00fanica. Almuerzo y traslado al aeropuerto. Salida en avi\u00f3n a Barcelona. Fin de nuestros servicios.<\/p>","protected":false},"excerpt":{"rendered":"<p><strong>INCLUYE:\u00a0<\/strong><\/p>\n<ul>\n<li>Traslados origen-apt y vuelta (m\u00ednimo 25 pax)<\/li>\n<li>Avi\u00f3n BCN \u2013 Asturias \u2013 BCN<\/li>\n<li>Autocar de lujo por todo el circuito<\/li>\n<li>Gu\u00eda acompa\u00f1ante de AIGE<\/li>\n<li>Gu\u00eda local en Gij\u00f3n, Oviedo y Avil\u00e9s<\/li>\n<li>Hotel 3*** o 4**** (seg\u00fan elecci\u00f3n)<\/li>\n<li>Pensi\u00f3n completa con vino y agua (del almuerzo del d\u00eda 1 al almuerzo del d\u00eda 7)<\/li>\n<li>Entrada en Santa Mar\u00eda del Naranco y San Miguel de Lillo<\/li>\n<li>Entrada al Museo Rural Etnogr\u00e1fico<\/li>\n<li>Entrada al Museo de la Miner\u00eda<\/li>\n<li>Entrada a una Sidrer\u00eda<\/li>\n<li>Seguro de asistencia en viaje.<\/li>\n<\/ul>\n<p><strong><em>Nota sobre el alojamiento:\u00a0<\/em><\/strong><strong><em>todas las noches en el mismo hotel<\/em><\/strong><\/p>","protected":false},"featured_media":803,"template":"","meta":[],"product_cat":[50,37],"product_tag":[],"class_list":["post-808","product","type-product","status-publish","has-post-thumbnail","hentry","product_cat-amb-avio","product_cat-circuits-nacional"],"yoast_head":"<!-- This site is optimized with the Yoast SEO plugin v21.7 - https:\/\/yoast.com\/wordpress\/plugins\/seo\/ -->\n<title>ASTURIES - 7 DIES - Viajes - Agencia de viajes online<\/title>\n<meta name=\"description\" content=\"Agencia de viajes online | Descubre nuestros viajes inolvidables a ASTURIES - 7 DIES\" \/>\n<meta name=\"robots\" content=\"index, follow, max-snippet:-1, max-image-preview:large, max-video-preview:-1\" \/>\n<link rel=\"canonical\" href=\"https:\/\/aigeviatges.com\/es\/producto\/asturias-7-dias\/\" \/>\n<meta property=\"og:locale\" content=\"es_ES\" \/>\n<meta property=\"og:type\" content=\"article\" \/>\n<meta property=\"og:title\" content=\"ASTURIES - 7 DIES - Viajes - Agencia de viajes online\" \/>\n<meta property=\"og:description\" content=\"Agencia de viajes online | Descubre nuestros viajes inolvidables a ASTURIES - 7 DIES\" \/>\n<meta property=\"og:url\" content=\"https:\/\/aigeviatges.com\/es\/producto\/asturias-7-dias\/\" \/>\n<meta property=\"og:site_name\" content=\"AIGE Viatges\" \/>\n<meta property=\"article:publisher\" content=\"https:\/\/www.facebook.com\/viatgesaige\/\" \/>\n<meta property=\"article:modified_time\" content=\"2025-03-11T16:46:54+00:00\" \/>\n<meta property=\"og:image\" content=\"https:\/\/aigeviatges.com\/wp-content\/uploads\/2021\/02\/1-covadon.jpg\" \/>\n\t<meta property=\"og:image:width\" content=\"768\" \/>\n\t<meta property=\"og:image:height\" content=\"541\" \/>\n\t<meta property=\"og:image:type\" content=\"image\/jpeg\" \/>\n<meta name=\"twitter:card\" content=\"summary_large_image\" \/>\n<meta name=\"twitter:label1\" content=\"Tiempo de lectura\" \/>\n\t<meta name=\"twitter:data1\" content=\"3 minutos\" \/>\n<script type=\"application\/ld+json\" class=\"yoast-schema-graph\">{\"@context\":\"https:\/\/schema.org\",\"@graph\":[{\"@type\":\"WebPage\",\"@id\":\"https:\/\/aigeviatges.com\/producto\/asturies-7-dies\/\",\"url\":\"https:\/\/aigeviatges.com\/producto\/asturies-7-dies\/\",\"name\":\"ASTURIES - 7 DIES - Viajes - Agencia de viajes online\",\"isPartOf\":{\"@id\":\"https:\/\/aigeviatges.com\/#website\"},\"datePublished\":\"2021-02-22T11:23:09+00:00\",\"dateModified\":\"2025-03-11T16:46:54+00:00\",\"description\":\"Agencia de viajes online | Descubre nuestros viajes inolvidables a ASTURIES - 7 DIES\",\"breadcrumb\":{\"@id\":\"https:\/\/aigeviatges.com\/producto\/asturies-7-dies\/#breadcrumb\"},\"inLanguage\":\"es\",\"potentialAction\":[{\"@type\":\"ReadAction\",\"target\":[\"https:\/\/aigeviatges.com\/producto\/asturies-7-dies\/\"]}]},{\"@type\":\"BreadcrumbList\",\"@id\":\"https:\/\/aigeviatges.com\/producto\/asturies-7-dies\/#breadcrumb\",\"itemListElement\":[{\"@type\":\"ListItem\",\"position\":1,\"name\":\"Portada\",\"item\":\"https:\/\/aigeviatges.com\/\"},{\"@type\":\"ListItem\",\"position\":2,\"name\":\"Tienda\",\"item\":\"https:\/\/aigeviatges.com\/tienda-2\/\"},{\"@type\":\"ListItem\",\"position\":3,\"name\":\"ASTURIES &#8211; 7 DIES\"}]},{\"@type\":\"WebSite\",\"@id\":\"https:\/\/aigeviatges.com\/#website\",\"url\":\"https:\/\/aigeviatges.com\/\",\"name\":\"AIGE Viatges\",\"description\":\"Agencia de viajes especializada en producto propio para grupos.\",\"publisher\":{\"@id\":\"https:\/\/aigeviatges.com\/#organization\"},\"potentialAction\":[{\"@type\":\"SearchAction\",\"target\":{\"@type\":\"EntryPoint\",\"urlTemplate\":\"https:\/\/aigeviatges.com\/?s={search_term_string}\"},\"query-input\":\"required name=search_term_string\"}],\"inLanguage\":\"es\"},{\"@type\":\"Organization\",\"@id\":\"https:\/\/aigeviatges.com\/#organization\",\"name\":\"AIGE Viatges\",\"url\":\"https:\/\/aigeviatges.com\/\",\"logo\":{\"@type\":\"ImageObject\",\"inLanguage\":\"es\",\"@id\":\"https:\/\/aigeviatges.com\/#\/schema\/logo\/image\/\",\"url\":\"https:\/\/aigeviatges.com\/wp-content\/uploads\/2020\/03\/aig-viatges-logo-web.png\",\"contentUrl\":\"https:\/\/aigeviatges.com\/wp-content\/uploads\/2020\/03\/aig-viatges-logo-web.png\",\"width\":600,\"height\":166,\"caption\":\"AIGE Viatges\"},\"image\":{\"@id\":\"https:\/\/aigeviatges.com\/#\/schema\/logo\/image\/\"},\"sameAs\":[\"https:\/\/www.facebook.com\/viatgesaige\/\"]}]}<\/script>\n<!-- \/ Yoast SEO plugin. -->","yoast_head_json":{"title":"ASTURIES - 7 DIES - Viajes - Agencia de viajes online","description":"Agencia de viajes online | Descubre nuestros viajes inolvidables a ASTURIES - 7 DIES","robots":{"index":"index","follow":"follow","max-snippet":"max-snippet:-1","max-image-preview":"max-image-preview:large","max-video-preview":"max-video-preview:-1"},"canonical":"https:\/\/aigeviatges.com\/es\/producto\/asturias-7-dias\/","og_locale":"es_ES","og_type":"article","og_title":"ASTURIES - 7 DIES - Viajes - Agencia de viajes online","og_description":"Agencia de viajes online | Descubre nuestros viajes inolvidables a ASTURIES - 7 DIES","og_url":"https:\/\/aigeviatges.com\/es\/producto\/asturias-7-dias\/","og_site_name":"AIGE Viatges","article_publisher":"https:\/\/www.facebook.com\/viatgesaige\/","article_modified_time":"2025-03-11T16:46:54+00:00","og_image":[{"width":768,"height":541,"url":"https:\/\/aigeviatges.com\/wp-content\/uploads\/2021\/02\/1-covadon.jpg","type":"image\/jpeg"}],"twitter_card":"summary_large_image","twitter_misc":{"Tiempo de lectura":"3 minutos"},"schema":{"@context":"https:\/\/schema.org","@graph":[{"@type":"WebPage","@id":"https:\/\/aigeviatges.com\/producto\/asturies-7-dies\/","url":"https:\/\/aigeviatges.com\/producto\/asturies-7-dies\/","name":"ASTURIES - 7 DIES - Viajes - Agencia de viajes online","isPartOf":{"@id":"https:\/\/aigeviatges.com\/#website"},"datePublished":"2021-02-22T11:23:09+00:00","dateModified":"2025-03-11T16:46:54+00:00","description":"Agencia de viajes online | Descubre nuestros viajes inolvidables a ASTURIES - 7 DIES","breadcrumb":{"@id":"https:\/\/aigeviatges.com\/producto\/asturies-7-dies\/#breadcrumb"},"inLanguage":"es","potentialAction":[{"@type":"ReadAction","target":["https:\/\/aigeviatges.com\/producto\/asturies-7-dies\/"]}]},{"@type":"BreadcrumbList","@id":"https:\/\/aigeviatges.com\/producto\/asturies-7-dies\/#breadcrumb","itemListElement":[{"@type":"ListItem","position":1,"name":"Portada","item":"https:\/\/aigeviatges.com\/"},{"@type":"ListItem","position":2,"name":"Tienda","item":"https:\/\/aigeviatges.com\/tienda-2\/"},{"@type":"ListItem","position":3,"name":"ASTURIES &#8211; 7 DIES"}]},{"@type":"WebSite","@id":"https:\/\/aigeviatges.com\/#website","url":"https:\/\/aigeviatges.com\/","name":"AIGE Viatges","description":"Agencia de viajes especializada en producto propio para grupos.","publisher":{"@id":"https:\/\/aigeviatges.com\/#organization"},"potentialAction":[{"@type":"SearchAction","target":{"@type":"EntryPoint","urlTemplate":"https:\/\/aigeviatges.com\/?s={search_term_string}"},"query-input":"required name=search_term_string"}],"inLanguage":"es"},{"@type":"Organization","@id":"https:\/\/aigeviatges.com\/#organization","name":"AIGE Viatges","url":"https:\/\/aigeviatges.com\/","logo":{"@type":"ImageObject","inLanguage":"es","@id":"https:\/\/aigeviatges.com\/#\/schema\/logo\/image\/","url":"https:\/\/aigeviatges.com\/wp-content\/uploads\/2020\/03\/aig-viatges-logo-web.png","contentUrl":"https:\/\/aigeviatges.com\/wp-content\/uploads\/2020\/03\/aig-viatges-logo-web.png","width":600,"height":166,"caption":"AIGE Viatges"},"image":{"@id":"https:\/\/aigeviatges.com\/#\/schema\/logo\/image\/"},"sameAs":["https:\/\/www.facebook.com\/viatgesaige\/"]}]}},"jetpack_sharing_enabled":true,"jetpack_likes_enabled":false,"_links":{"self":[{"href":"https:\/\/aigeviatges.com\/es\/wp-json\/wp\/v2\/product\/808","targetHints":{"allow":["GET"]}}],"collection":[{"href":"https:\/\/aigeviatges.com\/es\/wp-json\/wp\/v2\/product"}],"about":[{"href":"https:\/\/aigeviatges.com\/es\/wp-json\/wp\/v2\/types\/product"}],"wp:featuredmedia":[{"embeddable":true,"href":"https:\/\/aigeviatges.com\/es\/wp-json\/wp\/v2\/media\/803"}],"wp:attachment":[{"href":"https:\/\/aigeviatges.com\/es\/wp-json\/wp\/v2\/media?parent=808"}],"wp:term":[{"taxonomy":"product_cat","embeddable":true,"href":"https:\/\/aigeviatges.com\/es\/wp-json\/wp\/v2\/product_cat?post=808"},{"taxonomy":"product_tag","embeddable":true,"href":"https:\/\/aigeviatges.com\/es\/wp-json\/wp\/v2\/product_tag?post=808"}],"curies":[{"name":"wp","href":"https:\/\/api.w.org\/{rel}","templated":true}]}}