{"id":800,"date":"2021-02-19T16:47:36","date_gmt":"2021-02-19T16:47:36","guid":{"rendered":"https:\/\/aigeviatges.com\/?post_type=product&#038;p=800"},"modified":"2021-03-18T13:26:07","modified_gmt":"2021-03-18T13:26:07","slug":"extremadura-monumental-6-dies","status":"publish","type":"product","link":"https:\/\/aigeviatges.com\/es\/producto\/extremadura-monumental-6-dias\/","title":{"rendered":"EXTREMADURA MONUMENTAL - 6 D\u00cdAS"},"content":{"rendered":"<p><strong><img loading=\"lazy\" decoding=\"async\" class=\"alignnone size-medium wp-image-716\" src=\"https:\/\/aigeviatges.com\/wp-content\/uploads\/2021\/02\/222-300x186.jpg\" alt=\"\" width=\"300\" height=\"186\" srcset=\"https:\/\/aigeviatges.com\/wp-content\/uploads\/2021\/02\/222-300x186.jpg 300w, https:\/\/aigeviatges.com\/wp-content\/uploads\/2021\/02\/222.jpg 346w\" sizes=\"auto, (max-width: 300px) 100vw, 300px\" \/><\/strong><\/p>\n<p><strong>D\u00eda 1: BARCELONA \/ TARRAGONA \/ GIRONA - AVE - MADRID - EXTREMADURA<\/strong><br \/>\nSalida en AVE direcci\u00f3n Madrid, y continuaci\u00f3n en autocar a Talavera de la Reina. Almuerzo en restaurante y continuaci\u00f3n hasta Extremadura. Acomodaci\u00f3n en el hotel, cena y alojamiento.<\/p>\n<p><strong>D\u00eda 2: MONASTERIO DE YUSTE - PLASENCIA<\/strong><br \/>\nPor la ma\u00f1ana salida a Yuste, visitaremos el monasterio, lugar de retiro del emperador Carlos V. Almuerzo en el hotel. Por la tarde realizaremos la visita de la ciudad monumental de Plasencia. La ciudad fue fundada por Alfonso VIII en 1186. El nombre de Plasencia viene de las palabras que pronuncia el rey en lat\u00edn \u201cut placeat Deo et hominibus\u201d, que significa para agradar a Dios ya los hombres. Nace as\u00ed como ciudad del patrimonio real, perteneciente al Rey. Durante el recorrido, veremos algunos de los monumentos m\u00e1s importantes de la ciudad como las dos catedrales, su imponente muralla o sus palacios y casa se\u00f1oriales. Regreso al hotel, cena y alojamiento.<\/p>\n<p><strong>D\u00eda 3: GUADALUPE - TRUJILLO<\/strong><br \/>\nDesayuno en el hotel y salida a Guadalupe, ubicada en la Sierra del mismo nombre y famosa por su Santuario de la orden de los Marianos, donde se venera la Virgen Mar\u00eda, m\u00e1s conocida como la Virgen de Guadalupe. Visita del mismo. Almuerzo. Por la tarde seguiremos con la visita de la ciudad hist\u00f3rica de Trujillo, cuna de los m\u00e1s famosos conquistadores. El recorrido nos llevar\u00e1 por la Casa de Pizarro y las iglesias de santa Maria y de Santiago y el castillo. Regreso al hotel, cena y alojamiento.<\/p>\n<p><strong>D\u00eda 4: M\u00c9RIDA<\/strong><br \/>\nDesayuno y salida en direcci\u00f3n M\u00e9rida. Visita de esta importante e hist\u00f3rica ciudad, donde acompa\u00f1ados por un gu\u00eda local realizaremos la visita, destacando el famoso teatro romano. Almuerzo. Por la tarde seguiremos con la visita de M\u00e9rida para la que dispondremos de tiempo libre. Regreso al hotel, cena y alojamiento.<\/p>\n<p><strong>D\u00eda 5: CACERES \u2013 PALACIO DE LOS GOLFINAS<\/strong><br \/>\nDesayuno y salida en direcci\u00f3n Caceres capital. Llegada y visita guiada de esta ciudad medieval cercana a ser declarada Patrimonio de la Humanidad por la UNESCO. Almuerzo. Por la tarde, visitaremos el encantador palacio de los Golfines, donde se recrea el estilo de vida de una familia noble cacere\u00f1a. Regreso al hotel, cena y alojamiento.<\/p>\n<p><strong>D\u00eda 6: EXTREMADURA - MADRID - AVE - BARCELONA \/ TARRAGONA \/ GIRONA<\/strong><br \/>\nDesayuno en el hotel y salida en ruta a Talavera de la Reina, Madrid. Almuerzo. Por la tarde, regreso al punto de partida en AVE. Llegada y fin de nuestros servicios.<\/p>","protected":false},"excerpt":{"rendered":"<p><strong>INCLUYE:\u00a0<\/strong><\/p>\n<ul>\n<li>Traslados origen-estaci\u00f3n y regreso (m\u00ednimo 25 pax)<\/li>\n<li>AVE BCN\/TAR\/GIR \u2013 Madrid \u2013 BCN\/TAR\/GIR<\/li>\n<li>Autocar de lujo todo el circuito<\/li>\n<li>Gu\u00eda acompa\u00f1ante de AIGE<\/li>\n<li>Gu\u00eda local en M\u00e9rida y C\u00e1ceres<\/li>\n<li>Hotel 3***<\/li>\n<li>Pensi\u00f3n completa con vino y agua (del almuerzo del d\u00eda 1 almuerzo del d\u00eda 6)<\/li>\n<li>Entrada en el Monasterio de Yuste<\/li>\n<li>Entrada en el Monasterio de Guadalupe<\/li>\n<li>Entrada al teatro romano de M\u00e9rida<\/li>\n<li>Entrada en el Palau dels Golfies<\/li>\n<li>Seguro de asistencia en viaje<\/li>\n<\/ul>\n<p><strong><em>Nota sobre el alojamiento:\u00a0<\/em><\/strong><strong><em>todas las noches en el mismo hotel<\/em><\/strong><\/p>","protected":false},"featured_media":795,"template":"","meta":[],"product_cat":[52,37],"product_tag":[],"class_list":["post-800","product","type-product","status-publish","has-post-thumbnail","hentry","product_cat-amb-ave","product_cat-circuits-nacional"],"yoast_head":"<!-- This site is optimized with the Yoast SEO plugin v21.7 - https:\/\/yoast.com\/wordpress\/plugins\/seo\/ -->\n<title>EXTREMADURA MONUMENTAL - 6 DIES - AIGE Viatges<\/title>\n<meta name=\"description\" content=\"Agencia de viajes online | Descubre nuestros viajes inolvidables a EXTREMADURA MONUMENTAL - 6 DIES\" \/>\n<meta name=\"robots\" content=\"index, follow, max-snippet:-1, max-image-preview:large, max-video-preview:-1\" \/>\n<link rel=\"canonical\" href=\"https:\/\/aigeviatges.com\/es\/producto\/extremadura-monumental-6-dias\/\" \/>\n<meta property=\"og:locale\" content=\"es_ES\" \/>\n<meta property=\"og:type\" content=\"article\" \/>\n<meta property=\"og:title\" content=\"EXTREMADURA MONUMENTAL - 6 DIES - AIGE Viatges\" \/>\n<meta property=\"og:description\" content=\"Agencia de viajes online | Descubre nuestros viajes inolvidables a EXTREMADURA MONUMENTAL - 6 DIES\" \/>\n<meta property=\"og:url\" content=\"https:\/\/aigeviatges.com\/es\/producto\/extremadura-monumental-6-dias\/\" \/>\n<meta property=\"og:site_name\" content=\"AIGE Viatges\" \/>\n<meta property=\"article:publisher\" content=\"https:\/\/www.facebook.com\/viatgesaige\/\" \/>\n<meta property=\"article:modified_time\" content=\"2021-03-18T13:26:07+00:00\" \/>\n<meta property=\"og:image\" content=\"https:\/\/aigeviatges.com\/wp-content\/uploads\/2021\/02\/1-mer.jpg\" \/>\n\t<meta property=\"og:image:width\" content=\"718\" \/>\n\t<meta property=\"og:image:height\" content=\"479\" \/>\n\t<meta property=\"og:image:type\" content=\"image\/jpeg\" \/>\n<meta name=\"twitter:card\" content=\"summary_large_image\" \/>\n<meta name=\"twitter:label1\" content=\"Tiempo de lectura\" \/>\n\t<meta name=\"twitter:data1\" content=\"2 minutos\" \/>\n<script type=\"application\/ld+json\" class=\"yoast-schema-graph\">{\"@context\":\"https:\/\/schema.org\",\"@graph\":[{\"@type\":\"WebPage\",\"@id\":\"https:\/\/aigeviatges.com\/producto\/extremadura-monumental-6-dies\/\",\"url\":\"https:\/\/aigeviatges.com\/producto\/extremadura-monumental-6-dies\/\",\"name\":\"EXTREMADURA MONUMENTAL - 6 DIES - AIGE Viatges\",\"isPartOf\":{\"@id\":\"https:\/\/aigeviatges.com\/#website\"},\"datePublished\":\"2021-02-19T16:47:36+00:00\",\"dateModified\":\"2021-03-18T13:26:07+00:00\",\"description\":\"Agencia de viajes online | Descubre nuestros viajes inolvidables a EXTREMADURA MONUMENTAL - 6 DIES\",\"breadcrumb\":{\"@id\":\"https:\/\/aigeviatges.com\/producto\/extremadura-monumental-6-dies\/#breadcrumb\"},\"inLanguage\":\"es\",\"potentialAction\":[{\"@type\":\"ReadAction\",\"target\":[\"https:\/\/aigeviatges.com\/producto\/extremadura-monumental-6-dies\/\"]}]},{\"@type\":\"BreadcrumbList\",\"@id\":\"https:\/\/aigeviatges.com\/producto\/extremadura-monumental-6-dies\/#breadcrumb\",\"itemListElement\":[{\"@type\":\"ListItem\",\"position\":1,\"name\":\"Portada\",\"item\":\"https:\/\/aigeviatges.com\/\"},{\"@type\":\"ListItem\",\"position\":2,\"name\":\"Tienda\",\"item\":\"https:\/\/aigeviatges.com\/tienda-2\/\"},{\"@type\":\"ListItem\",\"position\":3,\"name\":\"EXTREMADURA MONUMENTAL &#8211; 6 DIES\"}]},{\"@type\":\"WebSite\",\"@id\":\"https:\/\/aigeviatges.com\/#website\",\"url\":\"https:\/\/aigeviatges.com\/\",\"name\":\"AIGE Viatges\",\"description\":\"Agencia de viajes especializada en producto propio para grupos.\",\"publisher\":{\"@id\":\"https:\/\/aigeviatges.com\/#organization\"},\"potentialAction\":[{\"@type\":\"SearchAction\",\"target\":{\"@type\":\"EntryPoint\",\"urlTemplate\":\"https:\/\/aigeviatges.com\/?s={search_term_string}\"},\"query-input\":\"required name=search_term_string\"}],\"inLanguage\":\"es\"},{\"@type\":\"Organization\",\"@id\":\"https:\/\/aigeviatges.com\/#organization\",\"name\":\"AIGE Viatges\",\"url\":\"https:\/\/aigeviatges.com\/\",\"logo\":{\"@type\":\"ImageObject\",\"inLanguage\":\"es\",\"@id\":\"https:\/\/aigeviatges.com\/#\/schema\/logo\/image\/\",\"url\":\"https:\/\/aigeviatges.com\/wp-content\/uploads\/2020\/03\/aig-viatges-logo-web.png\",\"contentUrl\":\"https:\/\/aigeviatges.com\/wp-content\/uploads\/2020\/03\/aig-viatges-logo-web.png\",\"width\":600,\"height\":166,\"caption\":\"AIGE Viatges\"},\"image\":{\"@id\":\"https:\/\/aigeviatges.com\/#\/schema\/logo\/image\/\"},\"sameAs\":[\"https:\/\/www.facebook.com\/viatgesaige\/\"]}]}<\/script>\n<!-- \/ Yoast SEO plugin. -->","yoast_head_json":{"title":"EXTREMADURA MONUMENTAL - 6 DIES - AIGE Viatges","description":"Agencia de viajes online | Descubre nuestros viajes inolvidables a EXTREMADURA MONUMENTAL - 6 DIES","robots":{"index":"index","follow":"follow","max-snippet":"max-snippet:-1","max-image-preview":"max-image-preview:large","max-video-preview":"max-video-preview:-1"},"canonical":"https:\/\/aigeviatges.com\/es\/producto\/extremadura-monumental-6-dias\/","og_locale":"es_ES","og_type":"article","og_title":"EXTREMADURA MONUMENTAL - 6 DIES - AIGE Viatges","og_description":"Agencia de viajes online | Descubre nuestros viajes inolvidables a EXTREMADURA MONUMENTAL - 6 DIES","og_url":"https:\/\/aigeviatges.com\/es\/producto\/extremadura-monumental-6-dias\/","og_site_name":"AIGE Viatges","article_publisher":"https:\/\/www.facebook.com\/viatgesaige\/","article_modified_time":"2021-03-18T13:26:07+00:00","og_image":[{"width":718,"height":479,"url":"https:\/\/aigeviatges.com\/wp-content\/uploads\/2021\/02\/1-mer.jpg","type":"image\/jpeg"}],"twitter_card":"summary_large_image","twitter_misc":{"Tiempo de lectura":"2 minutos"},"schema":{"@context":"https:\/\/schema.org","@graph":[{"@type":"WebPage","@id":"https:\/\/aigeviatges.com\/producto\/extremadura-monumental-6-dies\/","url":"https:\/\/aigeviatges.com\/producto\/extremadura-monumental-6-dies\/","name":"EXTREMADURA MONUMENTAL - 6 DIES - AIGE Viatges","isPartOf":{"@id":"https:\/\/aigeviatges.com\/#website"},"datePublished":"2021-02-19T16:47:36+00:00","dateModified":"2021-03-18T13:26:07+00:00","description":"Agencia de viajes online | Descubre nuestros viajes inolvidables a EXTREMADURA MONUMENTAL - 6 DIES","breadcrumb":{"@id":"https:\/\/aigeviatges.com\/producto\/extremadura-monumental-6-dies\/#breadcrumb"},"inLanguage":"es","potentialAction":[{"@type":"ReadAction","target":["https:\/\/aigeviatges.com\/producto\/extremadura-monumental-6-dies\/"]}]},{"@type":"BreadcrumbList","@id":"https:\/\/aigeviatges.com\/producto\/extremadura-monumental-6-dies\/#breadcrumb","itemListElement":[{"@type":"ListItem","position":1,"name":"Portada","item":"https:\/\/aigeviatges.com\/"},{"@type":"ListItem","position":2,"name":"Tienda","item":"https:\/\/aigeviatges.com\/tienda-2\/"},{"@type":"ListItem","position":3,"name":"EXTREMADURA MONUMENTAL &#8211; 6 DIES"}]},{"@type":"WebSite","@id":"https:\/\/aigeviatges.com\/#website","url":"https:\/\/aigeviatges.com\/","name":"AIGE Viatges","description":"Agencia de viajes especializada en producto propio para grupos.","publisher":{"@id":"https:\/\/aigeviatges.com\/#organization"},"potentialAction":[{"@type":"SearchAction","target":{"@type":"EntryPoint","urlTemplate":"https:\/\/aigeviatges.com\/?s={search_term_string}"},"query-input":"required name=search_term_string"}],"inLanguage":"es"},{"@type":"Organization","@id":"https:\/\/aigeviatges.com\/#organization","name":"AIGE Viatges","url":"https:\/\/aigeviatges.com\/","logo":{"@type":"ImageObject","inLanguage":"es","@id":"https:\/\/aigeviatges.com\/#\/schema\/logo\/image\/","url":"https:\/\/aigeviatges.com\/wp-content\/uploads\/2020\/03\/aig-viatges-logo-web.png","contentUrl":"https:\/\/aigeviatges.com\/wp-content\/uploads\/2020\/03\/aig-viatges-logo-web.png","width":600,"height":166,"caption":"AIGE Viatges"},"image":{"@id":"https:\/\/aigeviatges.com\/#\/schema\/logo\/image\/"},"sameAs":["https:\/\/www.facebook.com\/viatgesaige\/"]}]}},"jetpack_sharing_enabled":true,"jetpack_likes_enabled":false,"_links":{"self":[{"href":"https:\/\/aigeviatges.com\/es\/wp-json\/wp\/v2\/product\/800","targetHints":{"allow":["GET"]}}],"collection":[{"href":"https:\/\/aigeviatges.com\/es\/wp-json\/wp\/v2\/product"}],"about":[{"href":"https:\/\/aigeviatges.com\/es\/wp-json\/wp\/v2\/types\/product"}],"wp:featuredmedia":[{"embeddable":true,"href":"https:\/\/aigeviatges.com\/es\/wp-json\/wp\/v2\/media\/795"}],"wp:attachment":[{"href":"https:\/\/aigeviatges.com\/es\/wp-json\/wp\/v2\/media?parent=800"}],"wp:term":[{"taxonomy":"product_cat","embeddable":true,"href":"https:\/\/aigeviatges.com\/es\/wp-json\/wp\/v2\/product_cat?post=800"},{"taxonomy":"product_tag","embeddable":true,"href":"https:\/\/aigeviatges.com\/es\/wp-json\/wp\/v2\/product_tag?post=800"}],"curies":[{"name":"wp","href":"https:\/\/api.w.org\/{rel}","templated":true}]}}