{"id":793,"date":"2021-02-19T15:44:46","date_gmt":"2021-02-19T15:44:46","guid":{"rendered":"https:\/\/aigeviatges.com\/?post_type=product&#038;p=793"},"modified":"2021-03-17T12:02:20","modified_gmt":"2021-03-17T12:02:20","slug":"regne-de-navarra-5-dies","status":"publish","type":"product","link":"https:\/\/aigeviatges.com\/es\/producto\/reino-de-navarra-5-dias\/","title":{"rendered":"REINO DE NAVARRA - 5 D\u00cdAS"},"content":{"rendered":"<div class=\"btns-llengues row\">\n<div class=\"col-xs-12\">\n<div class=\"btn-right\"><strong>D\u00eda 1: BARCELONA \u2013 OLITE \u2013 NAVARRA<\/strong><\/div>\n<\/div>\n<\/div>\n<form class=\"formulari form-horizontal\" action=\"\">\n<div class=\"traductor-textarea form-group\">\n<div class=\"textarea-desti col-xs-12 col-sm-6\">\n<div class=\"form-control second-textarea\">\n<p>Salida a la hora convenida en direcci\u00f3n Lleida, realizando las paradas convenientes en ruta. Almuerzo en rto. Continuaci\u00f3n del viaje hasta llegar a Olite. Tiempo libre para visitar esta importante localidad de la Comunidad Foral de Navarra. continuaci\u00f3n de la ruta hasta llegar al hotel. Acomodaci\u00f3n. Cena y alojamiento.<\/p>\n<p><strong>D\u00eda 2: FOGAS DE LUMBIER Y ARBAYUN \u2013 PAMPLONA<\/strong><br \/>\nSalida a Lumbier y visita del centro de interpretaci\u00f3n de las Foces que nos ayudar\u00e1 a conocer la fauna y la naturaleza de la zona. Despu\u00e9s de la visita realizaremos un paseo por la Foz de Lumbier. Continuaci\u00f3n hasta la Foz de Arbayun donde a trav\u00e9s de un mirador podremos observar en las colonias de buitres. Regreso al hotel. Por la tarde visitaremos Pamplona, famosa en el mundo entero por las fiestas de San Ferm\u00edn. Recorreremos las calles de cierre y principales monumentos. Regreso al hotel. Cena y alojamiento.<\/p>\n<p><strong>D\u00eda 3: RONCESVALLES \u2013 AOIZ<\/strong><br \/>\nSalida a Roncesvalles, siendo \u00e9ste el n\u00facleo m\u00e1s importante navarro del camino de Santiago, un lugar lleno de historia. Visita de su famosa Colegiata. Por la tarde conoceremos Aoiz una aldea t\u00edpica, donde destaca monumentos religiosos como la iglesia de San Miguel. Acompa\u00f1ados de un gu\u00eda local nos adentrar\u00e1 con un juego de luz y sonido en la \u00e9poca rom\u00e1nica. Cena y alojamiento.<\/p>\n<p><strong>D\u00eda 4: SAN MIGUEL DE ARALAR \u2013 LEKUNBERRI \u2013 PERU HARRI<\/strong><br \/>\nPor la ma\u00f1ana saldremos hacia San Miguel de Aralar, situado en la cima del monte Artxueta, con magn\u00edficas panor\u00e1micas del valle y con bellas leyendas, que giran en torno al arc\u00e1ngel San Miguel. Visita guiada al Santuario y continuaci\u00f3n hasta Lekunberri, donde acompa\u00f1ados de un gu\u00eda local nos contar\u00e1 lo m\u00e1s destacado de esta singular villa. Almuerzo. Por la tarde nos trasladaremos hasta el parque escult\u00f3rico dise\u00f1ado por el tan conocido navarro I\u00f1aki Perurena, donde realizaremos una interesante visita a las tradiciones, oficios y deportes nacionales navarros. De regreso al hotel visitaremos una queser\u00eda tradicional DO Idiazabal. Regreso al hotel, cena y alojamiento.<\/p>\n<p><strong>D\u00eda 5: NAVARRA - JAVIER - BARCELONA<\/strong><br \/>\nDesayuno y salida en direcci\u00f3n a Javier. Por la ma\u00f1ana visitaremos el imponente castillo de Javier, bello lugar en el que residi\u00f3 San Francisco Javier. Almuerzo en restaurante. Por la tarde regreso a nuestra ciudad de origen. Llegada y fin de nuestros servicios.<\/p>\n<\/div>\n<\/div>\n<\/div>\n<input type=\"hidden\" name=\"trp-form-language\" value=\"es\"\/><\/form>","protected":false},"excerpt":{"rendered":"<p><strong>INCLUYE:\u00a0<\/strong><\/p>\n<ul>\n<li>Autocar de lujo por todo el circuito<\/li>\n<li>Gu\u00eda acompa\u00f1ante de AIGE + gu\u00eda local en Lekunberri<\/li>\n<li>Hotel 3*** o 4**** (seg\u00fan elecci\u00f3n)<\/li>\n<li>Pensi\u00f3n completa con agua y vino (del almuerzo del d\u00eda 1 al almuerzo del d\u00eda 5)<\/li>\n<li>Entrada a la Colegiata de Roncesvalles<\/li>\n<li>Luz y sonido en Aoiz<\/li>\n<li>Entrada en San Miguel de Aralar<\/li>\n<li>Entrada en el parque Peru Harri<\/li>\n<li>Entrada al Castillo de Javier<\/li>\n<li>Seguro de asistencia en viaje<\/li>\n<\/ul>\n<p><strong><em>Nota sobre el alojamiento: <\/em><\/strong><strong><em>todas las noches en el mismo hotel<\/em><\/strong><\/p>","protected":false},"featured_media":788,"template":"","meta":[],"product_cat":[51,37],"product_tag":[],"class_list":["post-793","product","type-product","status-publish","has-post-thumbnail","hentry","product_cat-amb-autocar","product_cat-circuits-nacional"],"yoast_head":"<!-- This site is optimized with the Yoast SEO plugin v21.7 - https:\/\/yoast.com\/wordpress\/plugins\/seo\/ -->\n<title>REGNE DE NAVARRA - 5 DIES - AIGE Viatges<\/title>\n<meta name=\"description\" content=\"Agencia de viajes online | Descubre nuestros viajes inolvidables a REGNE DE NAVARRA - 5 DIES\" \/>\n<meta name=\"robots\" content=\"index, follow, max-snippet:-1, max-image-preview:large, max-video-preview:-1\" \/>\n<link rel=\"canonical\" href=\"https:\/\/aigeviatges.com\/es\/producto\/reino-de-navarra-5-dias\/\" \/>\n<meta property=\"og:locale\" content=\"es_ES\" \/>\n<meta property=\"og:type\" content=\"article\" \/>\n<meta property=\"og:title\" content=\"REGNE DE NAVARRA - 5 DIES - AIGE Viatges\" \/>\n<meta property=\"og:description\" content=\"Agencia de viajes online | Descubre nuestros viajes inolvidables a REGNE DE NAVARRA - 5 DIES\" \/>\n<meta property=\"og:url\" content=\"https:\/\/aigeviatges.com\/es\/producto\/reino-de-navarra-5-dias\/\" \/>\n<meta property=\"og:site_name\" content=\"AIGE Viatges\" \/>\n<meta property=\"article:publisher\" content=\"https:\/\/www.facebook.com\/viatgesaige\/\" \/>\n<meta property=\"article:modified_time\" content=\"2021-03-17T12:02:20+00:00\" \/>\n<meta property=\"og:image\" content=\"https:\/\/aigeviatges.com\/wp-content\/uploads\/2021\/02\/N-OLS-22.jpg\" \/>\n\t<meta property=\"og:image:width\" content=\"800\" \/>\n\t<meta property=\"og:image:height\" content=\"450\" \/>\n\t<meta property=\"og:image:type\" content=\"image\/jpeg\" \/>\n<meta name=\"twitter:card\" content=\"summary_large_image\" \/>\n<meta name=\"twitter:label1\" content=\"Tiempo de lectura\" \/>\n\t<meta name=\"twitter:data1\" content=\"2 minutos\" \/>\n<script type=\"application\/ld+json\" class=\"yoast-schema-graph\">{\"@context\":\"https:\/\/schema.org\",\"@graph\":[{\"@type\":\"WebPage\",\"@id\":\"https:\/\/aigeviatges.com\/producto\/regne-de-navarra-5-dies\/\",\"url\":\"https:\/\/aigeviatges.com\/producto\/regne-de-navarra-5-dies\/\",\"name\":\"REGNE DE NAVARRA - 5 DIES - AIGE Viatges\",\"isPartOf\":{\"@id\":\"https:\/\/aigeviatges.com\/#website\"},\"datePublished\":\"2021-02-19T15:44:46+00:00\",\"dateModified\":\"2021-03-17T12:02:20+00:00\",\"description\":\"Agencia de viajes online | Descubre nuestros viajes inolvidables a REGNE DE NAVARRA - 5 DIES\",\"breadcrumb\":{\"@id\":\"https:\/\/aigeviatges.com\/producto\/regne-de-navarra-5-dies\/#breadcrumb\"},\"inLanguage\":\"es\",\"potentialAction\":[{\"@type\":\"ReadAction\",\"target\":[\"https:\/\/aigeviatges.com\/producto\/regne-de-navarra-5-dies\/\"]}]},{\"@type\":\"BreadcrumbList\",\"@id\":\"https:\/\/aigeviatges.com\/producto\/regne-de-navarra-5-dies\/#breadcrumb\",\"itemListElement\":[{\"@type\":\"ListItem\",\"position\":1,\"name\":\"Portada\",\"item\":\"https:\/\/aigeviatges.com\/\"},{\"@type\":\"ListItem\",\"position\":2,\"name\":\"Tienda\",\"item\":\"https:\/\/aigeviatges.com\/tienda-2\/\"},{\"@type\":\"ListItem\",\"position\":3,\"name\":\"REGNE DE NAVARRA &#8211; 5 DIES\"}]},{\"@type\":\"WebSite\",\"@id\":\"https:\/\/aigeviatges.com\/#website\",\"url\":\"https:\/\/aigeviatges.com\/\",\"name\":\"AIGE Viatges\",\"description\":\"Agencia de viajes especializada en producto propio para grupos.\",\"publisher\":{\"@id\":\"https:\/\/aigeviatges.com\/#organization\"},\"potentialAction\":[{\"@type\":\"SearchAction\",\"target\":{\"@type\":\"EntryPoint\",\"urlTemplate\":\"https:\/\/aigeviatges.com\/?s={search_term_string}\"},\"query-input\":\"required name=search_term_string\"}],\"inLanguage\":\"es\"},{\"@type\":\"Organization\",\"@id\":\"https:\/\/aigeviatges.com\/#organization\",\"name\":\"AIGE Viatges\",\"url\":\"https:\/\/aigeviatges.com\/\",\"logo\":{\"@type\":\"ImageObject\",\"inLanguage\":\"es\",\"@id\":\"https:\/\/aigeviatges.com\/#\/schema\/logo\/image\/\",\"url\":\"https:\/\/aigeviatges.com\/wp-content\/uploads\/2020\/03\/aig-viatges-logo-web.png\",\"contentUrl\":\"https:\/\/aigeviatges.com\/wp-content\/uploads\/2020\/03\/aig-viatges-logo-web.png\",\"width\":600,\"height\":166,\"caption\":\"AIGE Viatges\"},\"image\":{\"@id\":\"https:\/\/aigeviatges.com\/#\/schema\/logo\/image\/\"},\"sameAs\":[\"https:\/\/www.facebook.com\/viatgesaige\/\"]}]}<\/script>\n<!-- \/ Yoast SEO plugin. -->","yoast_head_json":{"title":"REGNE DE NAVARRA - 5 DIES - AIGE Viatges","description":"Agencia de viajes online | Descubre nuestros viajes inolvidables a REGNE DE NAVARRA - 5 DIES","robots":{"index":"index","follow":"follow","max-snippet":"max-snippet:-1","max-image-preview":"max-image-preview:large","max-video-preview":"max-video-preview:-1"},"canonical":"https:\/\/aigeviatges.com\/es\/producto\/reino-de-navarra-5-dias\/","og_locale":"es_ES","og_type":"article","og_title":"REGNE DE NAVARRA - 5 DIES - AIGE Viatges","og_description":"Agencia de viajes online | Descubre nuestros viajes inolvidables a REGNE DE NAVARRA - 5 DIES","og_url":"https:\/\/aigeviatges.com\/es\/producto\/reino-de-navarra-5-dias\/","og_site_name":"AIGE Viatges","article_publisher":"https:\/\/www.facebook.com\/viatgesaige\/","article_modified_time":"2021-03-17T12:02:20+00:00","og_image":[{"width":800,"height":450,"url":"https:\/\/aigeviatges.com\/wp-content\/uploads\/2021\/02\/N-OLS-22.jpg","type":"image\/jpeg"}],"twitter_card":"summary_large_image","twitter_misc":{"Tiempo de lectura":"2 minutos"},"schema":{"@context":"https:\/\/schema.org","@graph":[{"@type":"WebPage","@id":"https:\/\/aigeviatges.com\/producto\/regne-de-navarra-5-dies\/","url":"https:\/\/aigeviatges.com\/producto\/regne-de-navarra-5-dies\/","name":"REGNE DE NAVARRA - 5 DIES - AIGE Viatges","isPartOf":{"@id":"https:\/\/aigeviatges.com\/#website"},"datePublished":"2021-02-19T15:44:46+00:00","dateModified":"2021-03-17T12:02:20+00:00","description":"Agencia de viajes online | Descubre nuestros viajes inolvidables a REGNE DE NAVARRA - 5 DIES","breadcrumb":{"@id":"https:\/\/aigeviatges.com\/producto\/regne-de-navarra-5-dies\/#breadcrumb"},"inLanguage":"es","potentialAction":[{"@type":"ReadAction","target":["https:\/\/aigeviatges.com\/producto\/regne-de-navarra-5-dies\/"]}]},{"@type":"BreadcrumbList","@id":"https:\/\/aigeviatges.com\/producto\/regne-de-navarra-5-dies\/#breadcrumb","itemListElement":[{"@type":"ListItem","position":1,"name":"Portada","item":"https:\/\/aigeviatges.com\/"},{"@type":"ListItem","position":2,"name":"Tienda","item":"https:\/\/aigeviatges.com\/tienda-2\/"},{"@type":"ListItem","position":3,"name":"REGNE DE NAVARRA &#8211; 5 DIES"}]},{"@type":"WebSite","@id":"https:\/\/aigeviatges.com\/#website","url":"https:\/\/aigeviatges.com\/","name":"AIGE Viatges","description":"Agencia de viajes especializada en producto propio para grupos.","publisher":{"@id":"https:\/\/aigeviatges.com\/#organization"},"potentialAction":[{"@type":"SearchAction","target":{"@type":"EntryPoint","urlTemplate":"https:\/\/aigeviatges.com\/?s={search_term_string}"},"query-input":"required name=search_term_string"}],"inLanguage":"es"},{"@type":"Organization","@id":"https:\/\/aigeviatges.com\/#organization","name":"AIGE Viatges","url":"https:\/\/aigeviatges.com\/","logo":{"@type":"ImageObject","inLanguage":"es","@id":"https:\/\/aigeviatges.com\/#\/schema\/logo\/image\/","url":"https:\/\/aigeviatges.com\/wp-content\/uploads\/2020\/03\/aig-viatges-logo-web.png","contentUrl":"https:\/\/aigeviatges.com\/wp-content\/uploads\/2020\/03\/aig-viatges-logo-web.png","width":600,"height":166,"caption":"AIGE Viatges"},"image":{"@id":"https:\/\/aigeviatges.com\/#\/schema\/logo\/image\/"},"sameAs":["https:\/\/www.facebook.com\/viatgesaige\/"]}]}},"jetpack_sharing_enabled":true,"jetpack_likes_enabled":false,"_links":{"self":[{"href":"https:\/\/aigeviatges.com\/es\/wp-json\/wp\/v2\/product\/793","targetHints":{"allow":["GET"]}}],"collection":[{"href":"https:\/\/aigeviatges.com\/es\/wp-json\/wp\/v2\/product"}],"about":[{"href":"https:\/\/aigeviatges.com\/es\/wp-json\/wp\/v2\/types\/product"}],"wp:featuredmedia":[{"embeddable":true,"href":"https:\/\/aigeviatges.com\/es\/wp-json\/wp\/v2\/media\/788"}],"wp:attachment":[{"href":"https:\/\/aigeviatges.com\/es\/wp-json\/wp\/v2\/media?parent=793"}],"wp:term":[{"taxonomy":"product_cat","embeddable":true,"href":"https:\/\/aigeviatges.com\/es\/wp-json\/wp\/v2\/product_cat?post=793"},{"taxonomy":"product_tag","embeddable":true,"href":"https:\/\/aigeviatges.com\/es\/wp-json\/wp\/v2\/product_tag?post=793"}],"curies":[{"name":"wp","href":"https:\/\/api.w.org\/{rel}","templated":true}]}}