{"id":759,"date":"2021-02-19T11:09:58","date_gmt":"2021-02-19T11:09:58","guid":{"rendered":"https:\/\/aigeviatges.com\/?post_type=product&#038;p=759"},"modified":"2021-03-18T14:18:47","modified_gmt":"2021-03-18T14:18:47","slug":"paris-5-dies","status":"publish","type":"product","link":"https:\/\/aigeviatges.com\/es\/producto\/paris-5-dias\/","title":{"rendered":"PARIS \u2013 5 D\u00cdAS"},"content":{"rendered":"<p><strong>D\u00eda 1: BARCELONA \u2013 FONTAINEBLEAU \u2013 PARIS<\/strong><br \/>\nSalida en avi\u00f3n a Par\u00eds. A la llegada nos desplazaremos hasta Fontainebleau. Visita del famoso palacio - castillo y de sus jardines. Almuerzo en rto. Por la tarde realizaremos una visita del hist\u00f3rico barrio Marais, pasaremos por La Bastilla hasta la Place des Vosges, conjunto arquitect\u00f3nico excepcional, antiguamente llamada Plaza Real. Cena en rto y alojamiento en el hotel situado en el anillo de Par\u00eds.<\/p>\n<p><strong>D\u00eda 2: VISITA PANORAMICA DE PAR\u00cdS - OPERA - VENDOMME\u00a0<\/strong><br \/>\nDespu\u00e9s del desayuno realizaremos una completa visita panor\u00e1mica de la ciudad, acompa\u00f1ados por una gu\u00eda local, podremos contemplar, el Arco del Triunfo, Trocadero, Los Champs Elyse\u00e9s, Plaza de La Concordia, Los Inv\u00e1lidos, Notre Damme,\u2026etc. Almuerzo en rto. Por la tarde visitaremos la Opera Garnier, una obra maestra de la arquitectura teatral del siglo XIX. Napole\u00f3n III orden\u00f3 su construcci\u00f3n con motivo de las grandes obras de renovaci\u00f3n de la capital que Baron Haussmann realiz\u00f3 bajo sus \u00f3rdenes. Un monumento hist\u00f3rico abierto a los visitantes durante el d\u00eda. Destaca el techo de la sala de la \u00d3pera de Chagall. Finalizada la visita tendremos un rato de tiempo libre en la plaza Vendomme, peque\u00f1a joya de Par\u00eds donde destaca la columna central coronada con una estatua del propio Napole\u00f3n y sede de las m\u00e1s prestigiosas marcas de joyer\u00eda del mundo. Cena y alojamiento.<\/p>\n<p><strong>D\u00eda 3: LA D\u00c9FENSE \u2013 TORRE EIFFEL o TORRE MONTPARNASSE \u2013 VERSAILLES<\/strong><br \/>\nDesayuno en el hotel. Por la ma\u00f1ana visitaremos el barrio de \u201cLa D\u00e9fense\u201d, moderno distrito de negocios situado al oeste de Par\u00eds, donde se encuentra L&#039;Arc (110 m.) y las firmas de empresas m\u00e1s conocidas de Francia. Seguiremos con la subida al segundo piso de la Torre Eiffel o la Torre Montparnasse (seg\u00fan disponibilidad). Almuerzo en rto. Por la tarde visitaremos el Palacio de Versalles, declarado Patrimonio de la Humanidad. constituye una de las m\u00e1s bellas realizaciones del arte franc\u00e9s en el siglo XVII. El antiguo pabell\u00f3n de caza de Luis XIII fue transformado y ampliado por su hijo Luis XIV, que instal\u00f3 en \u00e9l la Corte y del gobierno de Francia en 1682. Hasta la Revoluci\u00f3n Francesa, los reyes fueron sucedi\u00e9ndose y embelleciendo el Palau. Cena y alojamiento.<\/p>\n<p><strong>D\u00eda 4: MONTMARTRE \u2013 SACRE COEUR \u2013 MUSEO ORSAY \u2013 CENA EN EL SENA EN CRUCERO NOCTURNO<\/strong><br \/>\nDesayuno en el hotel. Por la ma\u00f1ana visitaremos el barrio de Montmartre y la bas\u00edlica del Sagrat Cor. Dispondremos de tiempo para disfrutar del barrio de los artistas. Almuerzo en rto. Por la tarde visitaremos el Museo de Orsay, conocido en el mundo entero por su rica colecci\u00f3n de arte impresionista, nos deslumbrar\u00e1 la belleza del lugar: una estaci\u00f3n con aspecto de palacio inaugurada para la exposici\u00f3n universal de 1900. En la noche, embarcados en un mini-crucero por el sena, disfrutaremos de una rom\u00e1ntica cena a la luz de Par\u00eds para contemplar el Par\u00eds \u201cla nuit\u201d iluminado. Regreso al hotel. Alojamiento.<\/p>\n<p><strong>D\u00eda 5: NOTRO DAMME \u2013 BARRIO LAT\u00cdN \u2013 BARCELONA<\/strong><br \/>\nDesayuno en el hotel. Por la ma\u00f1ana iremos hasta la isla de la Cit\u00e9, donde se encuentra la catedral de Notre Damme. Dispondremos de tiempo para visitar desde el exterior y tomar fotos. Continuaremos dando un paseo por el barrio latino hasta llegar a los jardines de Luxemburgo. Almuerzo en rto. Por la tarde traslado al aeropuerto. Salida en avion en Barcelona. Llegada y fin de nuestros servicios.<\/p>","protected":false},"excerpt":{"rendered":"<p><strong>INCLUYE:\u00a0<\/strong><\/p>\n<ul>\n<li>Traslados al apt y vuelta (m\u00ednimo 25 pax)<\/li>\n<li>Avi\u00f3n BCN - Paris - BCN + Maleta (15 kg) y tasas<\/li>\n<li>Autocar local todo el circuito<\/li>\n<li>Gu\u00eda acompa\u00f1ante de AIGE + gu\u00eda local en Par\u00eds<\/li>\n<li>Hotel 3*** en el anillo exterior<\/li>\n<li>Pensi\u00f3n completa con agua (del almuerzo del d\u00eda 1 al almuerzo del d\u00eda 5)<\/li>\n<li>Entrada en el Palacio de Fontainebleau<\/li>\n<li>Entrada en el Palacio de Versalles<\/li>\n<li>Entrada al museo de Orsay<\/li>\n<li>Entrada en la Opera<\/li>\n<li>Ascenso a la Torre Eiffel (piso 2) o Torre Montparnasse<\/li>\n<li>Seguro de asistencia en viaje<\/li>\n<\/ul>\n<p><em><strong>Nota sobre el alojamiento: todas las noches en el mismo hotel<\/strong><\/em><\/p>","protected":false},"featured_media":766,"template":"","meta":[],"product_cat":[63,25,35],"product_tag":[],"class_list":["post-759","product","type-product","status-publish","has-post-thumbnail","hentry","product_cat-avio","product_cat-circuits-tot-inclos","product_cat-franca-en-autocar"],"yoast_head":"<!-- This site is optimized with the Yoast SEO plugin v21.7 - https:\/\/yoast.com\/wordpress\/plugins\/seo\/ -->\n<title>PARIS - 5 DIES - AIGE Viatges<\/title>\n<meta name=\"description\" content=\"Agencia de viajes online | Descubre nuestros viajes inolvidables a PARIS - 5 DIES\" \/>\n<meta name=\"robots\" content=\"index, follow, max-snippet:-1, max-image-preview:large, max-video-preview:-1\" \/>\n<link rel=\"canonical\" href=\"https:\/\/aigeviatges.com\/es\/producto\/paris-5-dias\/\" \/>\n<meta property=\"og:locale\" content=\"es_ES\" \/>\n<meta property=\"og:type\" content=\"article\" \/>\n<meta property=\"og:title\" content=\"PARIS - 5 DIES - AIGE Viatges\" \/>\n<meta property=\"og:description\" content=\"Agencia de viajes online | Descubre nuestros viajes inolvidables a PARIS - 5 DIES\" \/>\n<meta property=\"og:url\" content=\"https:\/\/aigeviatges.com\/es\/producto\/paris-5-dias\/\" \/>\n<meta property=\"og:site_name\" content=\"AIGE Viatges\" \/>\n<meta property=\"article:publisher\" content=\"https:\/\/www.facebook.com\/viatgesaige\/\" \/>\n<meta property=\"article:modified_time\" content=\"2021-03-18T14:18:47+00:00\" \/>\n<meta property=\"og:image\" content=\"https:\/\/aigeviatges.com\/wp-content\/uploads\/2021\/02\/PAR-EIF.jpg\" \/>\n\t<meta property=\"og:image:width\" content=\"622\" \/>\n\t<meta property=\"og:image:height\" content=\"450\" \/>\n\t<meta property=\"og:image:type\" content=\"image\/jpeg\" \/>\n<meta name=\"twitter:card\" content=\"summary_large_image\" \/>\n<meta name=\"twitter:label1\" content=\"Tiempo de lectura\" \/>\n\t<meta name=\"twitter:data1\" content=\"3 minutos\" \/>\n<script type=\"application\/ld+json\" class=\"yoast-schema-graph\">{\"@context\":\"https:\/\/schema.org\",\"@graph\":[{\"@type\":\"WebPage\",\"@id\":\"https:\/\/aigeviatges.com\/producto\/paris-5-dies\/\",\"url\":\"https:\/\/aigeviatges.com\/producto\/paris-5-dies\/\",\"name\":\"PARIS - 5 DIES - AIGE Viatges\",\"isPartOf\":{\"@id\":\"https:\/\/aigeviatges.com\/#website\"},\"datePublished\":\"2021-02-19T11:09:58+00:00\",\"dateModified\":\"2021-03-18T14:18:47+00:00\",\"description\":\"Agencia de viajes online | Descubre nuestros viajes inolvidables a PARIS - 5 DIES\",\"breadcrumb\":{\"@id\":\"https:\/\/aigeviatges.com\/producto\/paris-5-dies\/#breadcrumb\"},\"inLanguage\":\"es\",\"potentialAction\":[{\"@type\":\"ReadAction\",\"target\":[\"https:\/\/aigeviatges.com\/producto\/paris-5-dies\/\"]}]},{\"@type\":\"BreadcrumbList\",\"@id\":\"https:\/\/aigeviatges.com\/producto\/paris-5-dies\/#breadcrumb\",\"itemListElement\":[{\"@type\":\"ListItem\",\"position\":1,\"name\":\"Portada\",\"item\":\"https:\/\/aigeviatges.com\/\"},{\"@type\":\"ListItem\",\"position\":2,\"name\":\"Tienda\",\"item\":\"https:\/\/aigeviatges.com\/tienda-2\/\"},{\"@type\":\"ListItem\",\"position\":3,\"name\":\"PARIS &#8211; 5 DIES\"}]},{\"@type\":\"WebSite\",\"@id\":\"https:\/\/aigeviatges.com\/#website\",\"url\":\"https:\/\/aigeviatges.com\/\",\"name\":\"AIGE Viatges\",\"description\":\"Agencia de viajes especializada en producto propio para grupos.\",\"publisher\":{\"@id\":\"https:\/\/aigeviatges.com\/#organization\"},\"potentialAction\":[{\"@type\":\"SearchAction\",\"target\":{\"@type\":\"EntryPoint\",\"urlTemplate\":\"https:\/\/aigeviatges.com\/?s={search_term_string}\"},\"query-input\":\"required name=search_term_string\"}],\"inLanguage\":\"es\"},{\"@type\":\"Organization\",\"@id\":\"https:\/\/aigeviatges.com\/#organization\",\"name\":\"AIGE Viatges\",\"url\":\"https:\/\/aigeviatges.com\/\",\"logo\":{\"@type\":\"ImageObject\",\"inLanguage\":\"es\",\"@id\":\"https:\/\/aigeviatges.com\/#\/schema\/logo\/image\/\",\"url\":\"https:\/\/aigeviatges.com\/wp-content\/uploads\/2020\/03\/aig-viatges-logo-web.png\",\"contentUrl\":\"https:\/\/aigeviatges.com\/wp-content\/uploads\/2020\/03\/aig-viatges-logo-web.png\",\"width\":600,\"height\":166,\"caption\":\"AIGE Viatges\"},\"image\":{\"@id\":\"https:\/\/aigeviatges.com\/#\/schema\/logo\/image\/\"},\"sameAs\":[\"https:\/\/www.facebook.com\/viatgesaige\/\"]}]}<\/script>\n<!-- \/ Yoast SEO plugin. -->","yoast_head_json":{"title":"PARIS - 5 DIES - AIGE Viatges","description":"Agencia de viajes online | Descubre nuestros viajes inolvidables a PARIS - 5 DIES","robots":{"index":"index","follow":"follow","max-snippet":"max-snippet:-1","max-image-preview":"max-image-preview:large","max-video-preview":"max-video-preview:-1"},"canonical":"https:\/\/aigeviatges.com\/es\/producto\/paris-5-dias\/","og_locale":"es_ES","og_type":"article","og_title":"PARIS - 5 DIES - AIGE Viatges","og_description":"Agencia de viajes online | Descubre nuestros viajes inolvidables a PARIS - 5 DIES","og_url":"https:\/\/aigeviatges.com\/es\/producto\/paris-5-dias\/","og_site_name":"AIGE Viatges","article_publisher":"https:\/\/www.facebook.com\/viatgesaige\/","article_modified_time":"2021-03-18T14:18:47+00:00","og_image":[{"width":622,"height":450,"url":"https:\/\/aigeviatges.com\/wp-content\/uploads\/2021\/02\/PAR-EIF.jpg","type":"image\/jpeg"}],"twitter_card":"summary_large_image","twitter_misc":{"Tiempo de lectura":"3 minutos"},"schema":{"@context":"https:\/\/schema.org","@graph":[{"@type":"WebPage","@id":"https:\/\/aigeviatges.com\/producto\/paris-5-dies\/","url":"https:\/\/aigeviatges.com\/producto\/paris-5-dies\/","name":"PARIS - 5 DIES - AIGE Viatges","isPartOf":{"@id":"https:\/\/aigeviatges.com\/#website"},"datePublished":"2021-02-19T11:09:58+00:00","dateModified":"2021-03-18T14:18:47+00:00","description":"Agencia de viajes online | Descubre nuestros viajes inolvidables a PARIS - 5 DIES","breadcrumb":{"@id":"https:\/\/aigeviatges.com\/producto\/paris-5-dies\/#breadcrumb"},"inLanguage":"es","potentialAction":[{"@type":"ReadAction","target":["https:\/\/aigeviatges.com\/producto\/paris-5-dies\/"]}]},{"@type":"BreadcrumbList","@id":"https:\/\/aigeviatges.com\/producto\/paris-5-dies\/#breadcrumb","itemListElement":[{"@type":"ListItem","position":1,"name":"Portada","item":"https:\/\/aigeviatges.com\/"},{"@type":"ListItem","position":2,"name":"Tienda","item":"https:\/\/aigeviatges.com\/tienda-2\/"},{"@type":"ListItem","position":3,"name":"PARIS &#8211; 5 DIES"}]},{"@type":"WebSite","@id":"https:\/\/aigeviatges.com\/#website","url":"https:\/\/aigeviatges.com\/","name":"AIGE Viatges","description":"Agencia de viajes especializada en producto propio para grupos.","publisher":{"@id":"https:\/\/aigeviatges.com\/#organization"},"potentialAction":[{"@type":"SearchAction","target":{"@type":"EntryPoint","urlTemplate":"https:\/\/aigeviatges.com\/?s={search_term_string}"},"query-input":"required name=search_term_string"}],"inLanguage":"es"},{"@type":"Organization","@id":"https:\/\/aigeviatges.com\/#organization","name":"AIGE Viatges","url":"https:\/\/aigeviatges.com\/","logo":{"@type":"ImageObject","inLanguage":"es","@id":"https:\/\/aigeviatges.com\/#\/schema\/logo\/image\/","url":"https:\/\/aigeviatges.com\/wp-content\/uploads\/2020\/03\/aig-viatges-logo-web.png","contentUrl":"https:\/\/aigeviatges.com\/wp-content\/uploads\/2020\/03\/aig-viatges-logo-web.png","width":600,"height":166,"caption":"AIGE Viatges"},"image":{"@id":"https:\/\/aigeviatges.com\/#\/schema\/logo\/image\/"},"sameAs":["https:\/\/www.facebook.com\/viatgesaige\/"]}]}},"jetpack_sharing_enabled":true,"jetpack_likes_enabled":false,"_links":{"self":[{"href":"https:\/\/aigeviatges.com\/es\/wp-json\/wp\/v2\/product\/759","targetHints":{"allow":["GET"]}}],"collection":[{"href":"https:\/\/aigeviatges.com\/es\/wp-json\/wp\/v2\/product"}],"about":[{"href":"https:\/\/aigeviatges.com\/es\/wp-json\/wp\/v2\/types\/product"}],"wp:featuredmedia":[{"embeddable":true,"href":"https:\/\/aigeviatges.com\/es\/wp-json\/wp\/v2\/media\/766"}],"wp:attachment":[{"href":"https:\/\/aigeviatges.com\/es\/wp-json\/wp\/v2\/media?parent=759"}],"wp:term":[{"taxonomy":"product_cat","embeddable":true,"href":"https:\/\/aigeviatges.com\/es\/wp-json\/wp\/v2\/product_cat?post=759"},{"taxonomy":"product_tag","embeddable":true,"href":"https:\/\/aigeviatges.com\/es\/wp-json\/wp\/v2\/product_tag?post=759"}],"curies":[{"name":"wp","href":"https:\/\/api.w.org\/{rel}","templated":true}]}}