{"id":747,"date":"2021-02-18T12:25:08","date_gmt":"2021-02-18T12:25:08","guid":{"rendered":"https:\/\/aigeviatges.com\/?post_type=product&#038;p=747"},"modified":"2021-03-18T14:24:26","modified_gmt":"2021-03-18T14:24:26","slug":"alsacia-6-dies","status":"publish","type":"product","link":"https:\/\/aigeviatges.com\/es\/producto\/alsacia-6-dias\/","title":{"rendered":"ALSACIA \u2013 6 D\u00cdAS"},"content":{"rendered":"<p><strong><img loading=\"lazy\" decoding=\"async\" class=\"alignnone size-medium wp-image-716\" src=\"https:\/\/aigeviatges.com\/wp-content\/uploads\/2021\/02\/222-300x186.jpg\" alt=\"\" width=\"300\" height=\"186\" srcset=\"https:\/\/aigeviatges.com\/wp-content\/uploads\/2021\/02\/222-300x186.jpg 300w, https:\/\/aigeviatges.com\/wp-content\/uploads\/2021\/02\/222.jpg 346w\" sizes=\"auto, (max-width: 300px) 100vw, 300px\" \/><\/strong><\/p>\n<p><strong>D\u00eda 1: BARCELONA - LYON - ZONA MULHOUSE<\/strong><br \/>\nTraslado a Sants estaci\u00f3n y salida en AVE en Lyon (8:25 \u2013 13:20 h.). Almuerzo en rto. Continuaci\u00f3n por carretera hasta los alrededores de Mulhouse. Acomodaci\u00f3n en el hotel. Cena y alojamiento.<\/p>\n<p><strong>D\u00eda 2: COLMAR - EGUISHEIM<\/strong><br \/>\nPor la ma\u00f1ana visitaremos Colmar, la encantadora capital de los vinos de Alsacia, nos maravillar\u00e1n las callejuelas empedradas, las casas con coloridos entramados de madera, los balcones decorados con geranios, los canales, etc. Por la tarde visitaremos Eguisheim, curioso y precioso pueblo que parece fabricado con diminutas figuras de madera, colocadas estrat\u00e9gicamente en forma conc\u00e9ntrica en torno a la iglesia. Cena y alojamiento en el hotel.<\/p>\n<p><strong>D\u00eda 3: CASTILLO DE HAUT KOENINSBURG \u2013 OBERNAI \u2013 SANTA ODILLE<\/strong><br \/>\nPor la ma\u00f1ana, visitaremos el castillo de Haut Koeninsburg. Uno de los castillos m\u00e1s bellos de Francia, no por sus dimensiones, sino por el refinamiento de sus salas interiores, con pinturas murales, muebles renacentistas y enormes estufas de hierro. En los s\u00f3tanos se conserva una colecci\u00f3n de armas de la Edad Media que incluye ballestas y armaduras. Continuaci\u00f3n a Obernai. Visitaremos el centro de este hermoso pueblo de Alsacia. Alrededor de la plaza est\u00e1n los m\u00e1s bellos monumentos de la ciudad que ha conservado su antiguo marco medieval y renacentista. Destaca el Ayuntamiento y la atalaya con una altura de 70 metros. De camino al hotel haremos una parada en el Monte Saint Odille, desde donde tendremos unas vistas espectaculares de Alsaci\u00e0. Cena y alojamiento en el hotel.<\/p>\n<p><strong>D\u00eda 4: LE PEQUE\u00d1O TRAIN DE RIBEAUVILLE - KAYSEBERG - RIQUEWIRH<\/strong><br \/>\nSalida a Ribeauville, a bordo del Petit train visitaremos el t\u00edpico pueblo medieval rodeado, en parte, por antiguas murallas. Cuenta con varias casas medievales pintorescas y algunas iglesias antiguas. Pasaremos por la zona de vi\u00f1edos hasta el peque\u00f1o pueblo de Hunawirh, donde destaca la iglesia fortificada del siglo. Por la tarde visitaremos Kayserberg, uno de los m\u00e1s bellos pueblos de Francia, pasearemos por sus calles con colores y adoquines, es como volver al pasado. Continuaremos con la visita de Riquewihr, un aut\u00e9ntico museo al aire libre. Cena y alojamiento en el hotel.<\/p>\n<p><strong>D\u00eda 5: ZONA MULHOUSE - ZONA LYON<\/strong><br \/>\nDesayuno en el hotel. Visita de Mulhouse, capital de la regi\u00f3n. Visitaremos la plaza de la catedral y podremos contemplar el Ayuntamiento, la preciosa casa rosada. Almuerzo. Saldremos por carretera a Lyon. Acomodaci\u00f3n en el hotel. Cena y alojamiento.<\/p>\n<p><strong>D\u00eda 6: LYON \u2013 MUSEO DE LAS CONFLUENCIAS \u2013 BARCELONA \u00a0<\/strong><br \/>\nVisita de 1 hora del Museo de las Confluencias, con una arquitectura incre\u00edble. Se le conoce como &quot;la nube de cristal&quot;, porque est\u00e1 hecho de cristal, hormig\u00f3n y acero inoxidable. Se levanta como una cabeza en la punta de la confluencia de los r\u00edos R\u00f3dano y Saona. Un museo dedicado a la confluencia de conocimientos: cient\u00edficos, t\u00e9cnicos, sociales\u2026 La Tierra, la humanidad, la historia, la geograf\u00eda. Es como una puerta abierta al mundo, el universo y el saber. Almuerzo en rto. Por la tarde, regreso con AVE (14:25 - 19:30 h.) a nuestra ciudad de origen. Fin de nuestros servicios.<\/p>","protected":false},"excerpt":{"rendered":"<p><strong>INCLUYE:<\/strong><\/p>\n<ul>\n<li>Traslados a Sants estaci\u00f3n y vuelta (m\u00ednimo 25 pax)<\/li>\n<li>AVE BCN \u2013 Lyon \u2013 BCN<\/li>\n<li>Autocar local todo el circuito<\/li>\n<li>Gu\u00eda acompa\u00f1ante de AIGE<\/li>\n<li>Hoteles 3*** (tipo IBIS) o 4****<em><strong>\u00a0<\/strong><\/em><em>(seg\u00fan elecci\u00f3n)<\/em><\/li>\n<li>Pensi\u00f3n completa con agua (del almuerzo del d\u00eda 1 al almuerzo del d\u00eda 6)<\/li>\n<li>Entrada al castillo de Haut Koeninsburg<\/li>\n<li>Entrada al Musee des Confluences<\/li>\n<li>Tren tur\u00edstico de Ribeauvill\u00e9<\/li>\n<li>Seguro de asistencia en viaje<\/li>\n<\/ul>\n<p><em><strong>Nota sobre el alojamiento:<\/strong><\/em><strong><em>\u00a04 noches en zona Mulhouse + 1 noche en zona<\/em><\/strong><strong><em> Lyon <\/em><\/strong><em><strong>\u00a0 \u00a0\u00a0<\/strong><\/em><\/p>","protected":false},"featured_media":748,"template":"","meta":[],"product_cat":[25,35,64],"product_tag":[],"class_list":["post-747","product","type-product","status-publish","has-post-thumbnail","hentry","product_cat-circuits-tot-inclos","product_cat-franca-en-autocar","product_cat-tgv-ave"],"yoast_head":"<!-- This site is optimized with the Yoast SEO plugin v21.7 - https:\/\/yoast.com\/wordpress\/plugins\/seo\/ -->\n<title>ALSACIA - 6 DIES - AIGE Viatges<\/title>\n<meta name=\"description\" content=\"Agencia de viajes online | Descubre nuestros viajes inolvidables a ALSACIA - 6 DIES\" \/>\n<meta name=\"robots\" content=\"index, follow, max-snippet:-1, max-image-preview:large, max-video-preview:-1\" \/>\n<link rel=\"canonical\" href=\"https:\/\/aigeviatges.com\/es\/producto\/alsacia-6-dias\/\" \/>\n<meta property=\"og:locale\" content=\"es_ES\" \/>\n<meta property=\"og:type\" content=\"article\" \/>\n<meta property=\"og:title\" content=\"ALSACIA - 6 DIES - AIGE Viatges\" \/>\n<meta property=\"og:description\" content=\"Agencia de viajes online | Descubre nuestros viajes inolvidables a ALSACIA - 6 DIES\" \/>\n<meta property=\"og:url\" content=\"https:\/\/aigeviatges.com\/es\/producto\/alsacia-6-dias\/\" \/>\n<meta property=\"og:site_name\" content=\"AIGE Viatges\" \/>\n<meta property=\"article:publisher\" content=\"https:\/\/www.facebook.com\/viatgesaige\/\" \/>\n<meta property=\"article:modified_time\" content=\"2021-03-18T14:24:26+00:00\" \/>\n<meta property=\"og:image\" content=\"https:\/\/aigeviatges.com\/wp-content\/uploads\/2021\/02\/AL-COL.jpg\" \/>\n\t<meta property=\"og:image:width\" content=\"549\" \/>\n\t<meta property=\"og:image:height\" content=\"401\" \/>\n\t<meta property=\"og:image:type\" content=\"image\/jpeg\" \/>\n<meta name=\"twitter:card\" content=\"summary_large_image\" \/>\n<meta name=\"twitter:label1\" content=\"Tiempo de lectura\" \/>\n\t<meta name=\"twitter:data1\" content=\"3 minutos\" \/>\n<script type=\"application\/ld+json\" class=\"yoast-schema-graph\">{\"@context\":\"https:\/\/schema.org\",\"@graph\":[{\"@type\":\"WebPage\",\"@id\":\"https:\/\/aigeviatges.com\/producto\/alsacia-6-dies\/\",\"url\":\"https:\/\/aigeviatges.com\/producto\/alsacia-6-dies\/\",\"name\":\"ALSACIA - 6 DIES - AIGE Viatges\",\"isPartOf\":{\"@id\":\"https:\/\/aigeviatges.com\/#website\"},\"datePublished\":\"2021-02-18T12:25:08+00:00\",\"dateModified\":\"2021-03-18T14:24:26+00:00\",\"description\":\"Agencia de viajes online | Descubre nuestros viajes inolvidables a ALSACIA - 6 DIES\",\"breadcrumb\":{\"@id\":\"https:\/\/aigeviatges.com\/producto\/alsacia-6-dies\/#breadcrumb\"},\"inLanguage\":\"es\",\"potentialAction\":[{\"@type\":\"ReadAction\",\"target\":[\"https:\/\/aigeviatges.com\/producto\/alsacia-6-dies\/\"]}]},{\"@type\":\"BreadcrumbList\",\"@id\":\"https:\/\/aigeviatges.com\/producto\/alsacia-6-dies\/#breadcrumb\",\"itemListElement\":[{\"@type\":\"ListItem\",\"position\":1,\"name\":\"Portada\",\"item\":\"https:\/\/aigeviatges.com\/\"},{\"@type\":\"ListItem\",\"position\":2,\"name\":\"Tienda\",\"item\":\"https:\/\/aigeviatges.com\/tienda-2\/\"},{\"@type\":\"ListItem\",\"position\":3,\"name\":\"ALSACIA &#8211; 6 DIES\"}]},{\"@type\":\"WebSite\",\"@id\":\"https:\/\/aigeviatges.com\/#website\",\"url\":\"https:\/\/aigeviatges.com\/\",\"name\":\"AIGE Viatges\",\"description\":\"Agencia de viajes especializada en producto propio para grupos.\",\"publisher\":{\"@id\":\"https:\/\/aigeviatges.com\/#organization\"},\"potentialAction\":[{\"@type\":\"SearchAction\",\"target\":{\"@type\":\"EntryPoint\",\"urlTemplate\":\"https:\/\/aigeviatges.com\/?s={search_term_string}\"},\"query-input\":\"required name=search_term_string\"}],\"inLanguage\":\"es\"},{\"@type\":\"Organization\",\"@id\":\"https:\/\/aigeviatges.com\/#organization\",\"name\":\"AIGE Viatges\",\"url\":\"https:\/\/aigeviatges.com\/\",\"logo\":{\"@type\":\"ImageObject\",\"inLanguage\":\"es\",\"@id\":\"https:\/\/aigeviatges.com\/#\/schema\/logo\/image\/\",\"url\":\"https:\/\/aigeviatges.com\/wp-content\/uploads\/2020\/03\/aig-viatges-logo-web.png\",\"contentUrl\":\"https:\/\/aigeviatges.com\/wp-content\/uploads\/2020\/03\/aig-viatges-logo-web.png\",\"width\":600,\"height\":166,\"caption\":\"AIGE Viatges\"},\"image\":{\"@id\":\"https:\/\/aigeviatges.com\/#\/schema\/logo\/image\/\"},\"sameAs\":[\"https:\/\/www.facebook.com\/viatgesaige\/\"]}]}<\/script>\n<!-- \/ Yoast SEO plugin. -->","yoast_head_json":{"title":"ALSACIA - 6 DIES - AIGE Viatges","description":"Agencia de viajes online | Descubre nuestros viajes inolvidables a ALSACIA - 6 DIES","robots":{"index":"index","follow":"follow","max-snippet":"max-snippet:-1","max-image-preview":"max-image-preview:large","max-video-preview":"max-video-preview:-1"},"canonical":"https:\/\/aigeviatges.com\/es\/producto\/alsacia-6-dias\/","og_locale":"es_ES","og_type":"article","og_title":"ALSACIA - 6 DIES - AIGE Viatges","og_description":"Agencia de viajes online | Descubre nuestros viajes inolvidables a ALSACIA - 6 DIES","og_url":"https:\/\/aigeviatges.com\/es\/producto\/alsacia-6-dias\/","og_site_name":"AIGE Viatges","article_publisher":"https:\/\/www.facebook.com\/viatgesaige\/","article_modified_time":"2021-03-18T14:24:26+00:00","og_image":[{"width":549,"height":401,"url":"https:\/\/aigeviatges.com\/wp-content\/uploads\/2021\/02\/AL-COL.jpg","type":"image\/jpeg"}],"twitter_card":"summary_large_image","twitter_misc":{"Tiempo de lectura":"3 minutos"},"schema":{"@context":"https:\/\/schema.org","@graph":[{"@type":"WebPage","@id":"https:\/\/aigeviatges.com\/producto\/alsacia-6-dies\/","url":"https:\/\/aigeviatges.com\/producto\/alsacia-6-dies\/","name":"ALSACIA - 6 DIES - AIGE Viatges","isPartOf":{"@id":"https:\/\/aigeviatges.com\/#website"},"datePublished":"2021-02-18T12:25:08+00:00","dateModified":"2021-03-18T14:24:26+00:00","description":"Agencia de viajes online | Descubre nuestros viajes inolvidables a ALSACIA - 6 DIES","breadcrumb":{"@id":"https:\/\/aigeviatges.com\/producto\/alsacia-6-dies\/#breadcrumb"},"inLanguage":"es","potentialAction":[{"@type":"ReadAction","target":["https:\/\/aigeviatges.com\/producto\/alsacia-6-dies\/"]}]},{"@type":"BreadcrumbList","@id":"https:\/\/aigeviatges.com\/producto\/alsacia-6-dies\/#breadcrumb","itemListElement":[{"@type":"ListItem","position":1,"name":"Portada","item":"https:\/\/aigeviatges.com\/"},{"@type":"ListItem","position":2,"name":"Tienda","item":"https:\/\/aigeviatges.com\/tienda-2\/"},{"@type":"ListItem","position":3,"name":"ALSACIA &#8211; 6 DIES"}]},{"@type":"WebSite","@id":"https:\/\/aigeviatges.com\/#website","url":"https:\/\/aigeviatges.com\/","name":"AIGE Viatges","description":"Agencia de viajes especializada en producto propio para grupos.","publisher":{"@id":"https:\/\/aigeviatges.com\/#organization"},"potentialAction":[{"@type":"SearchAction","target":{"@type":"EntryPoint","urlTemplate":"https:\/\/aigeviatges.com\/?s={search_term_string}"},"query-input":"required name=search_term_string"}],"inLanguage":"es"},{"@type":"Organization","@id":"https:\/\/aigeviatges.com\/#organization","name":"AIGE Viatges","url":"https:\/\/aigeviatges.com\/","logo":{"@type":"ImageObject","inLanguage":"es","@id":"https:\/\/aigeviatges.com\/#\/schema\/logo\/image\/","url":"https:\/\/aigeviatges.com\/wp-content\/uploads\/2020\/03\/aig-viatges-logo-web.png","contentUrl":"https:\/\/aigeviatges.com\/wp-content\/uploads\/2020\/03\/aig-viatges-logo-web.png","width":600,"height":166,"caption":"AIGE Viatges"},"image":{"@id":"https:\/\/aigeviatges.com\/#\/schema\/logo\/image\/"},"sameAs":["https:\/\/www.facebook.com\/viatgesaige\/"]}]}},"jetpack_sharing_enabled":true,"jetpack_likes_enabled":false,"_links":{"self":[{"href":"https:\/\/aigeviatges.com\/es\/wp-json\/wp\/v2\/product\/747","targetHints":{"allow":["GET"]}}],"collection":[{"href":"https:\/\/aigeviatges.com\/es\/wp-json\/wp\/v2\/product"}],"about":[{"href":"https:\/\/aigeviatges.com\/es\/wp-json\/wp\/v2\/types\/product"}],"wp:featuredmedia":[{"embeddable":true,"href":"https:\/\/aigeviatges.com\/es\/wp-json\/wp\/v2\/media\/748"}],"wp:attachment":[{"href":"https:\/\/aigeviatges.com\/es\/wp-json\/wp\/v2\/media?parent=747"}],"wp:term":[{"taxonomy":"product_cat","embeddable":true,"href":"https:\/\/aigeviatges.com\/es\/wp-json\/wp\/v2\/product_cat?post=747"},{"taxonomy":"product_tag","embeddable":true,"href":"https:\/\/aigeviatges.com\/es\/wp-json\/wp\/v2\/product_tag?post=747"}],"curies":[{"name":"wp","href":"https:\/\/api.w.org\/{rel}","templated":true}]}}