{"id":740,"date":"2021-02-18T09:47:28","date_gmt":"2021-02-18T09:47:28","guid":{"rendered":"https:\/\/aigeviatges.com\/?post_type=product&#038;p=740"},"modified":"2023-10-31T09:16:08","modified_gmt":"2023-10-31T09:16:08","slug":"bretanya-6-dies","status":"publish","type":"product","link":"https:\/\/aigeviatges.com\/es\/producto\/bretana-6-dias\/","title":{"rendered":"BRETA\u00d1A \u2013 6 D\u00cdAS"},"content":{"rendered":"<p><strong>D\u00eda 1: ORIGEN \u2013 NANTES \/ RENNES (BRETA\u00d1A)<\/strong><br \/>\nTraslado al aeropuerto de Barcelona y salida en avi\u00f3n a Rennes\/Nantes. Almuerzo. Por la tarde, acompa\u00f1ados de gu\u00eda local, visitaremos la capital de Breta\u00f1a. Un paseo por las callejuelas del casco antiguo nos permitir\u00e1 descubrir su encanto. Observaremos casas medievales con entramado de madera del siglo XV, de techos vertiginosos. Continuaci\u00f3n en el hotel. Acomodaci\u00f3n en el hotel. Cena y alojamiento.<\/p>\n<p><strong>D\u00eda 2: VANAS \u2013 CARNAC<\/strong><br \/>\nSalida a Vannes, preciosa poblaci\u00f3n ubicada en el golfo de Morbihan, donde numerosas casas de entramado de madera marcan las calles estrechas que rodean la catedral, reconstruida a partir del siglo XV. Visitaremos su centro hist\u00f3rico. Seguidamente visitaremos Carnac, el sitio neol\u00edtico m\u00e1s famoso del mundo. C\u00f3modamente subidos en un Tren tur\u00edstico en un recorrido sorprendente y misterioso, descubriremos menhires y d\u00f3lmenes. Tambi\u00e9n pasaremos por playas de arena blanca hasta el famoso puerto de la Trinidad-sur-Mer, lugar inevitable para los aficionados a la navegaci\u00f3n y los skippers famosos. Regreso al hotel. Cena y alojamiento.<\/p>\n<p><strong>D\u00eda 3: DINAN \u2013 NING\u00daN FREHEL<\/strong><br \/>\nExcursi\u00f3n a Dinan, ubicada en un punto estrat\u00e9gico en el fondo del estuario del r\u00edo Rance, la ciudad est\u00e1 rodeada de murallas, que cierran un n\u00facleo urbano de empinadas calles empedradas con casas de entramado de madera. Realizaremos un paseo en Gavarra por el r\u00edo Rance y sus meandros. Continuaci\u00f3n por la Costa Esmeralda hasta el cabo Frehel desde donde obtendremos unas bonitas vistas desde sus espectaculares acantilados. Regreso al hotel. Cena y alojamiento.<\/p>\n<p><strong>D\u00eda 4: MONT SAINT MICHEL \u2013 SAINT MALO<\/strong><br \/>\nSalida al Monte Saint-Michel, erigido sobre un islote de granito situado en el centro de una inmensa bah\u00eda ba\u00f1ada por las mayores mareas de Europa, desaf\u00eda al paso de los siglos y se ha convertido en un lugar emblem\u00e1tico de la historia. Llamada la gran \u201cmaravilla de occidente\u201d, visitaremos la emblem\u00e1tica Abad\u00eda y el burgo medieval. Por la tarde visitaremos Saint Malo, uno de los m\u00e1s bellos conjuntos monumentales medievales de Francia. Regreso al hotel. Cena y alojamiento.<\/p>\n<p><strong>D\u00eda 5: SAINT THEGONNEC \u2013 GUIMILLAU \u2013 PERROS GUIREC<\/strong><br \/>\nDurante este d\u00eda nos dedicaremos a conocer Breta\u00f1a que nos mostrar\u00e1 su arte, visitaremos algunos de sus originales \u201cRecintos Parroquiales\u201c, verdaderas joyas escult\u00f3ricas \u00fanicas en el mundo. Por la tarde visitaremos los maravillosos acantilados de Granito Rosa en la costa de Perros-Guirec. Ser\u00e1 un d\u00eda lleno de emociones.<\/p>\n<p><strong>D\u00eda 6: BRETA\u00d1A \u2013 JOSSELIN \u2013 ROCHEFORT EN TIERRO \u2013 RENNES \/ NANTES \u2013 ORIGEN<\/strong><br \/>\nSalida a Josselin, considerado uno de los m\u00e1s bellos pueblos de Francia. Visitaremos su magn\u00edfico Palau, de tipo privado y habitado hoy por la familia Rohan. Almuerzo en restaurante. Por la tarde daremos un paseo por Rochefort en Terre, las casas tradicionales de granito con tejados de pizarra muy bien conservados, hacen que fuera declarado el pueblo m\u00e1s bonito de Francia en 2016. Traslado al aeropuerto y salida en avi\u00f3n a Barcelona. Llegada y fin de nuestros servicios.<\/p>","protected":false},"excerpt":{"rendered":"<p><strong>INCLUYE:\u00a0<\/strong><\/p>\n<ul>\n<li>Traslados al apt y vuelta (m\u00ednimo 25 pax)<\/li>\n<li>Avi\u00f3n BCN - Nantes \/ Rennes - BCN + Maleta (15 kg) y tasas<\/li>\n<li>Autocar local todo el circuito<\/li>\n<li>Gu\u00eda acompa\u00f1ante de AIGE + gu\u00eda local en Rennes<\/li>\n<li>Hotel 3*** (tipo IBIS) o 4****<em><strong>\u00a0<\/strong><\/em><em>(seg\u00fan elecci\u00f3n)<\/em><\/li>\n<li>Pensi\u00f3n completa con agua (del almuerzo del d\u00eda 1 al almuerzo del d\u00eda 6)<\/li>\n<li>Entrada a la Abad\u00eda del Monte Saint Michel<\/li>\n<li>Entrada en el Palacio de Josselin<\/li>\n<li>Paseo en gabarra por el r\u00edo Rance<\/li>\n<li>Tren tur\u00edstico de Carnac<\/li>\n<li>Seguro de asistencia en viaje<\/li>\n<\/ul>\n<p><em><strong>Nota sobre el alojamiento: todas las noches en el mismo hotel\u00a0 \u00a0 \u00a0<\/strong><\/em><\/p>","protected":false},"featured_media":741,"template":"","meta":[],"product_cat":[63,25,35],"product_tag":[],"class_list":["post-740","product","type-product","status-publish","has-post-thumbnail","hentry","product_cat-avio","product_cat-circuits-tot-inclos","product_cat-franca-en-autocar"],"yoast_head":"<!-- This site is optimized with the Yoast SEO plugin v21.7 - https:\/\/yoast.com\/wordpress\/plugins\/seo\/ -->\n<title>BRETANYA - 6 DIES - AIGE Viatges<\/title>\n<meta name=\"description\" content=\"Ag\u00e8ncia de viatges online | Descobreix els nostres inoblidables viatges a BRETANYA - 6 DIES\" \/>\n<meta name=\"robots\" content=\"index, follow, max-snippet:-1, max-image-preview:large, max-video-preview:-1\" \/>\n<link rel=\"canonical\" href=\"https:\/\/aigeviatges.com\/es\/producto\/bretana-6-dias\/\" \/>\n<meta property=\"og:locale\" content=\"es_ES\" \/>\n<meta property=\"og:type\" content=\"article\" \/>\n<meta property=\"og:title\" content=\"BRETANYA - 6 DIES - AIGE Viatges\" \/>\n<meta property=\"og:description\" content=\"Ag\u00e8ncia de viatges online | Descobreix els nostres inoblidables viatges a BRETANYA - 6 DIES\" \/>\n<meta property=\"og:url\" content=\"https:\/\/aigeviatges.com\/es\/producto\/bretana-6-dias\/\" \/>\n<meta property=\"og:site_name\" content=\"AIGE Viatges\" \/>\n<meta property=\"article:publisher\" content=\"https:\/\/www.facebook.com\/viatgesaige\/\" \/>\n<meta property=\"article:modified_time\" content=\"2023-10-31T09:16:08+00:00\" \/>\n<meta property=\"og:image\" content=\"https:\/\/aigeviatges.com\/wp-content\/uploads\/2021\/02\/MICHEL.jpg\" \/>\n\t<meta property=\"og:image:width\" content=\"602\" \/>\n\t<meta property=\"og:image:height\" content=\"401\" \/>\n\t<meta property=\"og:image:type\" content=\"image\/jpeg\" \/>\n<meta name=\"twitter:card\" content=\"summary_large_image\" \/>\n<meta name=\"twitter:label1\" content=\"Tiempo de lectura\" \/>\n\t<meta name=\"twitter:data1\" content=\"3 minutos\" \/>\n<script type=\"application\/ld+json\" class=\"yoast-schema-graph\">{\"@context\":\"https:\/\/schema.org\",\"@graph\":[{\"@type\":\"WebPage\",\"@id\":\"https:\/\/aigeviatges.com\/producto\/bretanya-6-dies\/\",\"url\":\"https:\/\/aigeviatges.com\/producto\/bretanya-6-dies\/\",\"name\":\"BRETANYA - 6 DIES - AIGE Viatges\",\"isPartOf\":{\"@id\":\"https:\/\/aigeviatges.com\/#website\"},\"datePublished\":\"2021-02-18T09:47:28+00:00\",\"dateModified\":\"2023-10-31T09:16:08+00:00\",\"description\":\"Ag\u00e8ncia de viatges online | Descobreix els nostres inoblidables viatges a BRETANYA - 6 DIES\",\"breadcrumb\":{\"@id\":\"https:\/\/aigeviatges.com\/producto\/bretanya-6-dies\/#breadcrumb\"},\"inLanguage\":\"es\",\"potentialAction\":[{\"@type\":\"ReadAction\",\"target\":[\"https:\/\/aigeviatges.com\/producto\/bretanya-6-dies\/\"]}]},{\"@type\":\"BreadcrumbList\",\"@id\":\"https:\/\/aigeviatges.com\/producto\/bretanya-6-dies\/#breadcrumb\",\"itemListElement\":[{\"@type\":\"ListItem\",\"position\":1,\"name\":\"Portada\",\"item\":\"https:\/\/aigeviatges.com\/\"},{\"@type\":\"ListItem\",\"position\":2,\"name\":\"Tienda\",\"item\":\"https:\/\/aigeviatges.com\/tienda-2\/\"},{\"@type\":\"ListItem\",\"position\":3,\"name\":\"BRETANYA &#8211; 6 DIES\"}]},{\"@type\":\"WebSite\",\"@id\":\"https:\/\/aigeviatges.com\/#website\",\"url\":\"https:\/\/aigeviatges.com\/\",\"name\":\"AIGE Viatges\",\"description\":\"Agencia de viajes especializada en producto propio para grupos.\",\"publisher\":{\"@id\":\"https:\/\/aigeviatges.com\/#organization\"},\"potentialAction\":[{\"@type\":\"SearchAction\",\"target\":{\"@type\":\"EntryPoint\",\"urlTemplate\":\"https:\/\/aigeviatges.com\/?s={search_term_string}\"},\"query-input\":\"required name=search_term_string\"}],\"inLanguage\":\"es\"},{\"@type\":\"Organization\",\"@id\":\"https:\/\/aigeviatges.com\/#organization\",\"name\":\"AIGE Viatges\",\"url\":\"https:\/\/aigeviatges.com\/\",\"logo\":{\"@type\":\"ImageObject\",\"inLanguage\":\"es\",\"@id\":\"https:\/\/aigeviatges.com\/#\/schema\/logo\/image\/\",\"url\":\"https:\/\/aigeviatges.com\/wp-content\/uploads\/2020\/03\/aig-viatges-logo-web.png\",\"contentUrl\":\"https:\/\/aigeviatges.com\/wp-content\/uploads\/2020\/03\/aig-viatges-logo-web.png\",\"width\":600,\"height\":166,\"caption\":\"AIGE Viatges\"},\"image\":{\"@id\":\"https:\/\/aigeviatges.com\/#\/schema\/logo\/image\/\"},\"sameAs\":[\"https:\/\/www.facebook.com\/viatgesaige\/\"]}]}<\/script>\n<!-- \/ Yoast SEO plugin. -->","yoast_head_json":{"title":"BRETANYA - 6 DIES - AIGE Viatges","description":"Ag\u00e8ncia de viatges online | Descobreix els nostres inoblidables viatges a BRETANYA - 6 DIES","robots":{"index":"index","follow":"follow","max-snippet":"max-snippet:-1","max-image-preview":"max-image-preview:large","max-video-preview":"max-video-preview:-1"},"canonical":"https:\/\/aigeviatges.com\/es\/producto\/bretana-6-dias\/","og_locale":"es_ES","og_type":"article","og_title":"BRETANYA - 6 DIES - AIGE Viatges","og_description":"Ag\u00e8ncia de viatges online | Descobreix els nostres inoblidables viatges a BRETANYA - 6 DIES","og_url":"https:\/\/aigeviatges.com\/es\/producto\/bretana-6-dias\/","og_site_name":"AIGE Viatges","article_publisher":"https:\/\/www.facebook.com\/viatgesaige\/","article_modified_time":"2023-10-31T09:16:08+00:00","og_image":[{"width":602,"height":401,"url":"https:\/\/aigeviatges.com\/wp-content\/uploads\/2021\/02\/MICHEL.jpg","type":"image\/jpeg"}],"twitter_card":"summary_large_image","twitter_misc":{"Tiempo de lectura":"3 minutos"},"schema":{"@context":"https:\/\/schema.org","@graph":[{"@type":"WebPage","@id":"https:\/\/aigeviatges.com\/producto\/bretanya-6-dies\/","url":"https:\/\/aigeviatges.com\/producto\/bretanya-6-dies\/","name":"BRETANYA - 6 DIES - AIGE Viatges","isPartOf":{"@id":"https:\/\/aigeviatges.com\/#website"},"datePublished":"2021-02-18T09:47:28+00:00","dateModified":"2023-10-31T09:16:08+00:00","description":"Ag\u00e8ncia de viatges online | Descobreix els nostres inoblidables viatges a BRETANYA - 6 DIES","breadcrumb":{"@id":"https:\/\/aigeviatges.com\/producto\/bretanya-6-dies\/#breadcrumb"},"inLanguage":"es","potentialAction":[{"@type":"ReadAction","target":["https:\/\/aigeviatges.com\/producto\/bretanya-6-dies\/"]}]},{"@type":"BreadcrumbList","@id":"https:\/\/aigeviatges.com\/producto\/bretanya-6-dies\/#breadcrumb","itemListElement":[{"@type":"ListItem","position":1,"name":"Portada","item":"https:\/\/aigeviatges.com\/"},{"@type":"ListItem","position":2,"name":"Tienda","item":"https:\/\/aigeviatges.com\/tienda-2\/"},{"@type":"ListItem","position":3,"name":"BRETANYA &#8211; 6 DIES"}]},{"@type":"WebSite","@id":"https:\/\/aigeviatges.com\/#website","url":"https:\/\/aigeviatges.com\/","name":"AIGE Viatges","description":"Agencia de viajes especializada en producto propio para grupos.","publisher":{"@id":"https:\/\/aigeviatges.com\/#organization"},"potentialAction":[{"@type":"SearchAction","target":{"@type":"EntryPoint","urlTemplate":"https:\/\/aigeviatges.com\/?s={search_term_string}"},"query-input":"required name=search_term_string"}],"inLanguage":"es"},{"@type":"Organization","@id":"https:\/\/aigeviatges.com\/#organization","name":"AIGE Viatges","url":"https:\/\/aigeviatges.com\/","logo":{"@type":"ImageObject","inLanguage":"es","@id":"https:\/\/aigeviatges.com\/#\/schema\/logo\/image\/","url":"https:\/\/aigeviatges.com\/wp-content\/uploads\/2020\/03\/aig-viatges-logo-web.png","contentUrl":"https:\/\/aigeviatges.com\/wp-content\/uploads\/2020\/03\/aig-viatges-logo-web.png","width":600,"height":166,"caption":"AIGE Viatges"},"image":{"@id":"https:\/\/aigeviatges.com\/#\/schema\/logo\/image\/"},"sameAs":["https:\/\/www.facebook.com\/viatgesaige\/"]}]}},"jetpack_sharing_enabled":true,"jetpack_likes_enabled":false,"_links":{"self":[{"href":"https:\/\/aigeviatges.com\/es\/wp-json\/wp\/v2\/product\/740","targetHints":{"allow":["GET"]}}],"collection":[{"href":"https:\/\/aigeviatges.com\/es\/wp-json\/wp\/v2\/product"}],"about":[{"href":"https:\/\/aigeviatges.com\/es\/wp-json\/wp\/v2\/types\/product"}],"wp:featuredmedia":[{"embeddable":true,"href":"https:\/\/aigeviatges.com\/es\/wp-json\/wp\/v2\/media\/741"}],"wp:attachment":[{"href":"https:\/\/aigeviatges.com\/es\/wp-json\/wp\/v2\/media?parent=740"}],"wp:term":[{"taxonomy":"product_cat","embeddable":true,"href":"https:\/\/aigeviatges.com\/es\/wp-json\/wp\/v2\/product_cat?post=740"},{"taxonomy":"product_tag","embeddable":true,"href":"https:\/\/aigeviatges.com\/es\/wp-json\/wp\/v2\/product_tag?post=740"}],"curies":[{"name":"wp","href":"https:\/\/api.w.org\/{rel}","templated":true}]}}