{"id":719,"date":"2021-02-17T17:57:54","date_gmt":"2021-02-17T17:57:54","guid":{"rendered":"https:\/\/aigeviatges.com\/?post_type=product&#038;p=719"},"modified":"2021-03-18T14:20:18","modified_gmt":"2021-03-18T14:20:18","slug":"normandia-6-dies","status":"publish","type":"product","link":"https:\/\/aigeviatges.com\/es\/producto\/normandia-6-dias\/","title":{"rendered":"NORMANDIA \u2013 6 D\u00cdAS"},"content":{"rendered":"<p><strong>D\u00eda 1: BARCELONA - PARIS B - ROUEN - HOTEL<\/strong><br \/>\nTraslado al aeropuerto y salida en avi\u00f3n a Par\u00eds B. Continuaci\u00f3n por carretera a Rouen, la capital de Normand\u00eda. Almuerzo en rto. Visita con gu\u00eda local de esta hist\u00f3rica villa, veremos el burgo, la catedral y el memorial en Joana d&#039;Arc. Continuaci\u00f3n en el hotel. Cena y alojamiento.<\/p>\n<p><strong>D\u00eda 2: COSTA DEL DESEMBARCO \u2013 BAYEUX<\/strong><br \/>\nHoy recordaremos lo que signific\u00f3 el famoso \u201cdesembarco aliado\u201d, visitando el cementerio m\u00e1s impresionante, Saint Lauren y Arromanches, jefe de playa m\u00e1s eficaz del desembarco y Omaha beach. Por la tarde visitaremos la ciudad medieval de Bayeux. Pasearemos por el, admirablemente conservado, centro hist\u00f3rico. Visitaremos el centro Guillermo el Conquistador, donde se guarda el famoso tapiz de Bayeux. Realizado en el siglo XI, este bordado de lana, de 70 metros de largo y 50 cent\u00edmetros de alto, narra la conquista de Inglaterra por el duque de Normand\u00eda. Regreso al hotel. Cena y alojamiento.<\/p>\n<p><strong>D\u00eda 3: CABOURG - CAEN<\/strong><br \/>\nPor la ma\u00f1ana visitaremos Cabourg. Situada en el estuario de la divas, es un destino famoso por su playa de arena fina y el clima \u201cBelle-Epoque\u201d que se respira. Las casas de la alta burgues\u00eda y de la aristocracia parisina de principios del siglo XX alimentan el encanto de la peque\u00f1a ciudad que se organiza en torno al Casino y del imprescindible Gran Hotel con sus ventanales. Continuaci\u00f3n a Caen. Recorreremos los principales monumentos de la villa como la iglesia Saint-Pierre, el Ch\u00e2teau del Duc, la Abbaye-aux-Dames..etc. Regreso al hotel. Cena y alojamiento.<\/p>\n<p><strong>D\u00eda 4: COSTA DE ALABASTRE \u2013 ETREDAD \u2013 LE HAVRE<\/strong><br \/>\nSalida a la Costa de Alabastro. Visitaremos el bello Etretat. Desde la playa de arena blanca observaremos la impresionante vista de los acantilados de caliza blanca y el famoso arco y aguja uno de los paisajes m\u00e1s fotografiados en toda Francia. A continuaci\u00f3n visita de Le Havre, Patrimonio de la Humanidad por la UNESCO. Sufri\u00f3 intensos bombardeos durante la Segunda Guerra Mundial y reconstruida nuevamente. Destaca la iglesia Saint-Joseph y su excepcional torre linterna octogonal de 110 metros de altura. Regreso al hotel. Cena y alojamiento.<\/p>\n<p><strong>D\u00eda 5: HONFLEUR \u2013 DEAUVILLE \u2013 PAYS DE AUGE<\/strong><br \/>\nSalida a Honfleur. Visita de este pueblo, uno de los m\u00e1s visitados de Francia, destaca el encanto de la iglesia Santa Caterina, construida en madera. Continuaci\u00f3n a Deauville, la ciudad de la elegancia y del buen gusto. Los 653 metros de madera de su paseo ofrecen un sorprendente espect\u00e1culo. Seguiremos con la visita de Beuvron en Auge, considerado como uno de los m\u00e1s bellos pueblos de Francia, destaca por su autenticidad, con casas de paredes de entramados, restauradas con mucho gusto. Regreso al hotel. Cena y alojamiento.<\/p>\n<p><strong>D\u00eda 6: NORMANDIA \u2013 LE MONT SAINT MICHEL \u2013 BARCELONA<\/strong><br \/>\nSalida al Monte Saint-Michel, erigido sobre un islote de granito situado en el centro de una inmensa bah\u00eda ba\u00f1ada por las mayores mareas de Europa, desaf\u00eda al paso de los siglos y se ha convertido en un lugar emblem\u00e1tico de la historia. Llamada la gran \u201cmaravilla de occidente\u201d, visitaremos la emblem\u00e1tica Abad\u00eda y el burgo medieval. Almuerzo en restaurante. Traslado al aeropuerto de Rennes y salida en avi\u00f3n a Barcelona. Llegada y fin de nuestros servicios.<\/p>","protected":false},"excerpt":{"rendered":"<p><strong>INCLUYE:\u00a0<\/strong><\/p>\n<ul>\n<li>Traslados al apt y vuelta (m\u00ednimo 25 pax)<\/li>\n<li>Avi\u00f3n BCN - Paris B \/ Rennes - BCN + Maleta (20 kg) y tasas<\/li>\n<li>Autocar local todo el circuito<\/li>\n<li>Gu\u00eda acompa\u00f1ante de AIGE + gu\u00eda local en Rouen<\/li>\n<li>Hotel 3*** (tipo IBIS) o 4****<em><strong>\u00a0\u00a0<\/strong><\/em><em>(seg\u00fan elecci\u00f3n)<\/em><\/li>\n<li>Pensi\u00f3n completa con agua (del almuerzo del d\u00eda 1 al almuerzo del d\u00eda 6)<\/li>\n<li>Entrada a la Abad\u00eda del Monte Saint Michel<\/li>\n<li>Entrada en el Tapiz de Bayeux<\/li>\n<li>Entrada al museo \/ memorial del desembarco<\/li>\n<li>Seguro de asistencia en viaje<\/li>\n<\/ul>\n<p><em><strong>Nota sobre el alojamiento: todas las noches en el mismo hotel\u00a0 \u00a0\u00a0<\/strong><\/em><\/p>","protected":false},"featured_media":720,"template":"","meta":[],"product_cat":[63,25,35],"product_tag":[],"class_list":["post-719","product","type-product","status-publish","has-post-thumbnail","hentry","product_cat-avio","product_cat-circuits-tot-inclos","product_cat-franca-en-autocar"],"yoast_head":"<!-- This site is optimized with the Yoast SEO plugin v21.7 - https:\/\/yoast.com\/wordpress\/plugins\/seo\/ -->\n<title>NORMANDIA - 6 DIES - AIGE Viatges<\/title>\n<meta name=\"description\" content=\"Agencia de viajes online | Descubre nuestros viajes inolvidables a NORMANDIA - 6 DIES\" \/>\n<meta name=\"robots\" content=\"index, follow, max-snippet:-1, max-image-preview:large, max-video-preview:-1\" \/>\n<link rel=\"canonical\" href=\"https:\/\/aigeviatges.com\/es\/producto\/normandia-6-dias\/\" \/>\n<meta property=\"og:locale\" content=\"es_ES\" \/>\n<meta property=\"og:type\" content=\"article\" \/>\n<meta property=\"og:title\" content=\"NORMANDIA - 6 DIES - AIGE Viatges\" \/>\n<meta property=\"og:description\" content=\"Agencia de viajes online | Descubre nuestros viajes inolvidables a NORMANDIA - 6 DIES\" \/>\n<meta property=\"og:url\" content=\"https:\/\/aigeviatges.com\/es\/producto\/normandia-6-dias\/\" \/>\n<meta property=\"og:site_name\" content=\"AIGE Viatges\" \/>\n<meta property=\"article:publisher\" content=\"https:\/\/www.facebook.com\/viatgesaige\/\" \/>\n<meta property=\"article:modified_time\" content=\"2021-03-18T14:20:18+00:00\" \/>\n<meta property=\"og:image\" content=\"https:\/\/aigeviatges.com\/wp-content\/uploads\/2021\/02\/auge.jpg\" \/>\n\t<meta property=\"og:image:width\" content=\"640\" \/>\n\t<meta property=\"og:image:height\" content=\"470\" \/>\n\t<meta property=\"og:image:type\" content=\"image\/jpeg\" \/>\n<meta name=\"twitter:card\" content=\"summary_large_image\" \/>\n<meta name=\"twitter:label1\" content=\"Tiempo de lectura\" \/>\n\t<meta name=\"twitter:data1\" content=\"3 minutos\" \/>\n<script type=\"application\/ld+json\" class=\"yoast-schema-graph\">{\"@context\":\"https:\/\/schema.org\",\"@graph\":[{\"@type\":\"WebPage\",\"@id\":\"https:\/\/aigeviatges.com\/producto\/normandia-6-dies\/\",\"url\":\"https:\/\/aigeviatges.com\/producto\/normandia-6-dies\/\",\"name\":\"NORMANDIA - 6 DIES - AIGE Viatges\",\"isPartOf\":{\"@id\":\"https:\/\/aigeviatges.com\/#website\"},\"datePublished\":\"2021-02-17T17:57:54+00:00\",\"dateModified\":\"2021-03-18T14:20:18+00:00\",\"description\":\"Agencia de viajes online | Descubre nuestros viajes inolvidables a NORMANDIA - 6 DIES\",\"breadcrumb\":{\"@id\":\"https:\/\/aigeviatges.com\/producto\/normandia-6-dies\/#breadcrumb\"},\"inLanguage\":\"es\",\"potentialAction\":[{\"@type\":\"ReadAction\",\"target\":[\"https:\/\/aigeviatges.com\/producto\/normandia-6-dies\/\"]}]},{\"@type\":\"BreadcrumbList\",\"@id\":\"https:\/\/aigeviatges.com\/producto\/normandia-6-dies\/#breadcrumb\",\"itemListElement\":[{\"@type\":\"ListItem\",\"position\":1,\"name\":\"Portada\",\"item\":\"https:\/\/aigeviatges.com\/\"},{\"@type\":\"ListItem\",\"position\":2,\"name\":\"Tienda\",\"item\":\"https:\/\/aigeviatges.com\/tienda-2\/\"},{\"@type\":\"ListItem\",\"position\":3,\"name\":\"NORMANDIA &#8211; 6 DIES\"}]},{\"@type\":\"WebSite\",\"@id\":\"https:\/\/aigeviatges.com\/#website\",\"url\":\"https:\/\/aigeviatges.com\/\",\"name\":\"AIGE Viatges\",\"description\":\"Agencia de viajes especializada en producto propio para grupos.\",\"publisher\":{\"@id\":\"https:\/\/aigeviatges.com\/#organization\"},\"potentialAction\":[{\"@type\":\"SearchAction\",\"target\":{\"@type\":\"EntryPoint\",\"urlTemplate\":\"https:\/\/aigeviatges.com\/?s={search_term_string}\"},\"query-input\":\"required name=search_term_string\"}],\"inLanguage\":\"es\"},{\"@type\":\"Organization\",\"@id\":\"https:\/\/aigeviatges.com\/#organization\",\"name\":\"AIGE Viatges\",\"url\":\"https:\/\/aigeviatges.com\/\",\"logo\":{\"@type\":\"ImageObject\",\"inLanguage\":\"es\",\"@id\":\"https:\/\/aigeviatges.com\/#\/schema\/logo\/image\/\",\"url\":\"https:\/\/aigeviatges.com\/wp-content\/uploads\/2020\/03\/aig-viatges-logo-web.png\",\"contentUrl\":\"https:\/\/aigeviatges.com\/wp-content\/uploads\/2020\/03\/aig-viatges-logo-web.png\",\"width\":600,\"height\":166,\"caption\":\"AIGE Viatges\"},\"image\":{\"@id\":\"https:\/\/aigeviatges.com\/#\/schema\/logo\/image\/\"},\"sameAs\":[\"https:\/\/www.facebook.com\/viatgesaige\/\"]}]}<\/script>\n<!-- \/ Yoast SEO plugin. -->","yoast_head_json":{"title":"NORMANDIA - 6 DIES - AIGE Viatges","description":"Agencia de viajes online | Descubre nuestros viajes inolvidables a NORMANDIA - 6 DIES","robots":{"index":"index","follow":"follow","max-snippet":"max-snippet:-1","max-image-preview":"max-image-preview:large","max-video-preview":"max-video-preview:-1"},"canonical":"https:\/\/aigeviatges.com\/es\/producto\/normandia-6-dias\/","og_locale":"es_ES","og_type":"article","og_title":"NORMANDIA - 6 DIES - AIGE Viatges","og_description":"Agencia de viajes online | Descubre nuestros viajes inolvidables a NORMANDIA - 6 DIES","og_url":"https:\/\/aigeviatges.com\/es\/producto\/normandia-6-dias\/","og_site_name":"AIGE Viatges","article_publisher":"https:\/\/www.facebook.com\/viatgesaige\/","article_modified_time":"2021-03-18T14:20:18+00:00","og_image":[{"width":640,"height":470,"url":"https:\/\/aigeviatges.com\/wp-content\/uploads\/2021\/02\/auge.jpg","type":"image\/jpeg"}],"twitter_card":"summary_large_image","twitter_misc":{"Tiempo de lectura":"3 minutos"},"schema":{"@context":"https:\/\/schema.org","@graph":[{"@type":"WebPage","@id":"https:\/\/aigeviatges.com\/producto\/normandia-6-dies\/","url":"https:\/\/aigeviatges.com\/producto\/normandia-6-dies\/","name":"NORMANDIA - 6 DIES - AIGE Viatges","isPartOf":{"@id":"https:\/\/aigeviatges.com\/#website"},"datePublished":"2021-02-17T17:57:54+00:00","dateModified":"2021-03-18T14:20:18+00:00","description":"Agencia de viajes online | Descubre nuestros viajes inolvidables a NORMANDIA - 6 DIES","breadcrumb":{"@id":"https:\/\/aigeviatges.com\/producto\/normandia-6-dies\/#breadcrumb"},"inLanguage":"es","potentialAction":[{"@type":"ReadAction","target":["https:\/\/aigeviatges.com\/producto\/normandia-6-dies\/"]}]},{"@type":"BreadcrumbList","@id":"https:\/\/aigeviatges.com\/producto\/normandia-6-dies\/#breadcrumb","itemListElement":[{"@type":"ListItem","position":1,"name":"Portada","item":"https:\/\/aigeviatges.com\/"},{"@type":"ListItem","position":2,"name":"Tienda","item":"https:\/\/aigeviatges.com\/tienda-2\/"},{"@type":"ListItem","position":3,"name":"NORMANDIA &#8211; 6 DIES"}]},{"@type":"WebSite","@id":"https:\/\/aigeviatges.com\/#website","url":"https:\/\/aigeviatges.com\/","name":"AIGE Viatges","description":"Agencia de viajes especializada en producto propio para grupos.","publisher":{"@id":"https:\/\/aigeviatges.com\/#organization"},"potentialAction":[{"@type":"SearchAction","target":{"@type":"EntryPoint","urlTemplate":"https:\/\/aigeviatges.com\/?s={search_term_string}"},"query-input":"required name=search_term_string"}],"inLanguage":"es"},{"@type":"Organization","@id":"https:\/\/aigeviatges.com\/#organization","name":"AIGE Viatges","url":"https:\/\/aigeviatges.com\/","logo":{"@type":"ImageObject","inLanguage":"es","@id":"https:\/\/aigeviatges.com\/#\/schema\/logo\/image\/","url":"https:\/\/aigeviatges.com\/wp-content\/uploads\/2020\/03\/aig-viatges-logo-web.png","contentUrl":"https:\/\/aigeviatges.com\/wp-content\/uploads\/2020\/03\/aig-viatges-logo-web.png","width":600,"height":166,"caption":"AIGE Viatges"},"image":{"@id":"https:\/\/aigeviatges.com\/#\/schema\/logo\/image\/"},"sameAs":["https:\/\/www.facebook.com\/viatgesaige\/"]}]}},"jetpack_sharing_enabled":true,"jetpack_likes_enabled":false,"_links":{"self":[{"href":"https:\/\/aigeviatges.com\/es\/wp-json\/wp\/v2\/product\/719","targetHints":{"allow":["GET"]}}],"collection":[{"href":"https:\/\/aigeviatges.com\/es\/wp-json\/wp\/v2\/product"}],"about":[{"href":"https:\/\/aigeviatges.com\/es\/wp-json\/wp\/v2\/types\/product"}],"wp:featuredmedia":[{"embeddable":true,"href":"https:\/\/aigeviatges.com\/es\/wp-json\/wp\/v2\/media\/720"}],"wp:attachment":[{"href":"https:\/\/aigeviatges.com\/es\/wp-json\/wp\/v2\/media?parent=719"}],"wp:term":[{"taxonomy":"product_cat","embeddable":true,"href":"https:\/\/aigeviatges.com\/es\/wp-json\/wp\/v2\/product_cat?post=719"},{"taxonomy":"product_tag","embeddable":true,"href":"https:\/\/aigeviatges.com\/es\/wp-json\/wp\/v2\/product_tag?post=719"}],"curies":[{"name":"wp","href":"https:\/\/api.w.org\/{rel}","templated":true}]}}