{"id":689,"date":"2021-02-17T16:22:40","date_gmt":"2021-02-17T16:22:40","guid":{"rendered":"https:\/\/aigeviatges.com\/?post_type=product&#038;p=689"},"modified":"2021-03-17T12:02:46","modified_gmt":"2021-03-17T12:02:46","slug":"valls-del-pirineus-5-dies","status":"publish","type":"product","link":"https:\/\/aigeviatges.com\/es\/producto\/valles-del-pirineo-5-dias\/","title":{"rendered":"VALLES DE LOS PIRINEOS \u2013 5 D\u00cdAS"},"content":{"rendered":"<p><strong>D\u00eda 1: ORIGEN - SUERTE<\/strong><br \/>\nSalida a primera hora del punto habitual en direcci\u00f3n Balaguer. Seguiremos ruta pasando por el pantano de Camarasa, hasta llegar a Sort, acomodaci\u00f3n y almuerzo. Por la tarde, donde dispondremos de tiempo libre. Regreso al hotel. Cena y alojamiento. SE INCLUYE 1 CIRCUITO SPA EN EL HOTEL<\/p>\n<p><strong>D\u00eda 2: MUSEO DEL PASTOR \u2013 EL VALLE DE CARDOS \u2013 TAVASCAN<\/strong><br \/>\nDesayuno en el hotel y salida hacia Llessu\u00ed, donde visitaremos el Museo de los Pastores, espacio situado en las antiguas escuelas y remodelado, donde se nos explica de forma detallada y atractiva en qu\u00e9 consiste la vida del pastor de ovejas. Pasearemos por el pueblo donde podremos tener unas vistas privilegiadas del valle. Regreso al hotel y almuerzo. Por la tarde salida al Valle de Card\u00f3s, seguiremos la ruta por la acera de los r\u00edos Tavascan y Ladorre podremos disfrutar de la tranquilidad y ambiente que nos ofrece este paraje natural de gran belleza, pasaremos por pueblos como Ribera de Card\u00f3s, Lladr\u00f3s y Tavascan. Regreso al hotel. Cena y alojamiento.<\/p>\n<p><strong>D\u00eda 3: ANDORRA \u2013 HUESO DE CIVIS<\/strong><br \/>\nDesayuno en el hotel y salida a Andorra. Dispondremos de tiempo libre para actividades personales, compras etc. Seguidamente, iremos a Os de Civis, uno de los pueblos mejor cuidados y bonitos de los Pirineos, con calles y casas de piedra por las que parece no haber pasado los a\u00f1os. Almuerzo t\u00edpico en un rto de monta\u00f1a. De regreso a Sort, si el tiempo nos lo permite, haremos una parada en el Punt de Trobada para ultimas compras. Cena y alojamiento.<\/p>\n<p><strong>D\u00eda 4: PARQUE DE AIGUESTORTES: 4\u00d74 EN EL LAGO DE SANT MAURICI \u2013 LA VALL FARRERA<\/strong><br \/>\nDesayuno en el hotel y salida en coches especiales 4 X 4 en el Lago de San Mauricio, punto de especial belleza natural. Regreso al hotel para el almuerzo. Por la tarde nos dirigiremos a la Vall Farrera, donde se encuentran pueblecitos t\u00edpicos pirenaicos como \u00c0reu y Ara\u00f3s. Despu\u00e9s de las visitas, iniciaremos el recorrido de regreso a nuestro hotel. Cena y alojamiento.<\/p>\n<p><strong>D\u00eda 5: SUERTE \u2013 ALTRON \u2013 ORIGEN<\/strong><br \/>\nSalida a Altron, (Altron significa &#039;cima aplanada&#039;), refiri\u00e9ndose al serrillo bajo, sobre el cual est\u00e1 edificado el pueblo, inmediato al collado por donde sube el camino de Rialp a Llessui. visitaremos una queser\u00eda familiar, podremos ver de primera mano cu\u00e1l es el proceso de elaboraci\u00f3n del queso. Regreso al hotel para el almuerzo. Salida de regreso a nuestra ciudad. FIN DE NUESTROS SERVICIOS.<\/p>","protected":false},"excerpt":{"rendered":"<p><strong>INCLUYE:\u00a0<\/strong><\/p>\n<ul>\n<li>Autocar de lujo por todo el circuito<\/li>\n<li>Gu\u00eda acompa\u00f1ante de AIGE<\/li>\n<li>Hotel 4**** con circuito SPA (hay que traer ba\u00f1ador y zapatillas de ba\u00f1o)<\/li>\n<li>Pensi\u00f3n completa con agua y vino (del almuerzo del d\u00eda 1 al almuerzo del d\u00eda 5)<\/li>\n<li>Almuerzo de monta\u00f1a en Os de Civis<\/li>\n<li>4\u00d74 PN Aig\u00fcestortes y estanque de Sant Maurici<\/li>\n<li>Seguro de asistencia en viaje<\/li>\n<\/ul>\n<p><strong><em>Nota sobre el alojamiento: <\/em><\/strong><strong><em>todas las noches en el mismo hotel<\/em><\/strong><\/p>","protected":false},"featured_media":690,"template":"","meta":[],"product_cat":[51,37],"product_tag":[],"class_list":["post-689","product","type-product","status-publish","has-post-thumbnail","hentry","product_cat-amb-autocar","product_cat-circuits-nacional"],"yoast_head":"<!-- This site is optimized with the Yoast SEO plugin v21.7 - https:\/\/yoast.com\/wordpress\/plugins\/seo\/ -->\n<title>VALLS DELS PIRINEUS - 5 DIES - AIGE Viatges<\/title>\n<meta name=\"description\" content=\"Agencia de viajes online | Descubre nuestros viajes inolvidables a VALLS DELS PIRINEUS - 5 DIES\" \/>\n<meta name=\"robots\" content=\"index, follow, max-snippet:-1, max-image-preview:large, max-video-preview:-1\" \/>\n<link rel=\"canonical\" href=\"https:\/\/aigeviatges.com\/es\/producto\/valles-del-pirineo-5-dias\/\" \/>\n<meta property=\"og:locale\" content=\"es_ES\" \/>\n<meta property=\"og:type\" content=\"article\" \/>\n<meta property=\"og:title\" content=\"VALLS DELS PIRINEUS - 5 DIES - AIGE Viatges\" \/>\n<meta property=\"og:description\" content=\"Agencia de viajes online | Descubre nuestros viajes inolvidables a VALLS DELS PIRINEUS - 5 DIES\" \/>\n<meta property=\"og:url\" content=\"https:\/\/aigeviatges.com\/es\/producto\/valles-del-pirineo-5-dias\/\" \/>\n<meta property=\"og:site_name\" content=\"AIGE Viatges\" \/>\n<meta property=\"article:publisher\" content=\"https:\/\/www.facebook.com\/viatgesaige\/\" \/>\n<meta property=\"article:modified_time\" content=\"2021-03-17T12:02:46+00:00\" \/>\n<meta property=\"og:image\" content=\"https:\/\/aigeviatges.com\/wp-content\/uploads\/2021\/02\/san-maurici.jpg\" \/>\n\t<meta property=\"og:image:width\" content=\"752\" \/>\n\t<meta property=\"og:image:height\" content=\"502\" \/>\n\t<meta property=\"og:image:type\" content=\"image\/jpeg\" \/>\n<meta name=\"twitter:card\" content=\"summary_large_image\" \/>\n<meta name=\"twitter:label1\" content=\"Tiempo de lectura\" \/>\n\t<meta name=\"twitter:data1\" content=\"2 minutos\" \/>\n<script type=\"application\/ld+json\" class=\"yoast-schema-graph\">{\"@context\":\"https:\/\/schema.org\",\"@graph\":[{\"@type\":\"WebPage\",\"@id\":\"https:\/\/aigeviatges.com\/producto\/valls-del-pirineus-5-dies\/\",\"url\":\"https:\/\/aigeviatges.com\/producto\/valls-del-pirineus-5-dies\/\",\"name\":\"VALLS DELS PIRINEUS - 5 DIES - AIGE Viatges\",\"isPartOf\":{\"@id\":\"https:\/\/aigeviatges.com\/#website\"},\"datePublished\":\"2021-02-17T16:22:40+00:00\",\"dateModified\":\"2021-03-17T12:02:46+00:00\",\"description\":\"Agencia de viajes online | Descubre nuestros viajes inolvidables a VALLS DELS PIRINEUS - 5 DIES\",\"breadcrumb\":{\"@id\":\"https:\/\/aigeviatges.com\/producto\/valls-del-pirineus-5-dies\/#breadcrumb\"},\"inLanguage\":\"es\",\"potentialAction\":[{\"@type\":\"ReadAction\",\"target\":[\"https:\/\/aigeviatges.com\/producto\/valls-del-pirineus-5-dies\/\"]}]},{\"@type\":\"BreadcrumbList\",\"@id\":\"https:\/\/aigeviatges.com\/producto\/valls-del-pirineus-5-dies\/#breadcrumb\",\"itemListElement\":[{\"@type\":\"ListItem\",\"position\":1,\"name\":\"Portada\",\"item\":\"https:\/\/aigeviatges.com\/\"},{\"@type\":\"ListItem\",\"position\":2,\"name\":\"Tienda\",\"item\":\"https:\/\/aigeviatges.com\/tienda-2\/\"},{\"@type\":\"ListItem\",\"position\":3,\"name\":\"VALLS DELS PIRINEUS &#8211; 5 DIES\"}]},{\"@type\":\"WebSite\",\"@id\":\"https:\/\/aigeviatges.com\/#website\",\"url\":\"https:\/\/aigeviatges.com\/\",\"name\":\"AIGE Viatges\",\"description\":\"Agencia de viajes especializada en producto propio para grupos.\",\"publisher\":{\"@id\":\"https:\/\/aigeviatges.com\/#organization\"},\"potentialAction\":[{\"@type\":\"SearchAction\",\"target\":{\"@type\":\"EntryPoint\",\"urlTemplate\":\"https:\/\/aigeviatges.com\/?s={search_term_string}\"},\"query-input\":\"required name=search_term_string\"}],\"inLanguage\":\"es\"},{\"@type\":\"Organization\",\"@id\":\"https:\/\/aigeviatges.com\/#organization\",\"name\":\"AIGE Viatges\",\"url\":\"https:\/\/aigeviatges.com\/\",\"logo\":{\"@type\":\"ImageObject\",\"inLanguage\":\"es\",\"@id\":\"https:\/\/aigeviatges.com\/#\/schema\/logo\/image\/\",\"url\":\"https:\/\/aigeviatges.com\/wp-content\/uploads\/2020\/03\/aig-viatges-logo-web.png\",\"contentUrl\":\"https:\/\/aigeviatges.com\/wp-content\/uploads\/2020\/03\/aig-viatges-logo-web.png\",\"width\":600,\"height\":166,\"caption\":\"AIGE Viatges\"},\"image\":{\"@id\":\"https:\/\/aigeviatges.com\/#\/schema\/logo\/image\/\"},\"sameAs\":[\"https:\/\/www.facebook.com\/viatgesaige\/\"]}]}<\/script>\n<!-- \/ Yoast SEO plugin. -->","yoast_head_json":{"title":"VALLS DELS PIRINEUS - 5 DIES - AIGE Viatges","description":"Agencia de viajes online | Descubre nuestros viajes inolvidables a VALLS DELS PIRINEUS - 5 DIES","robots":{"index":"index","follow":"follow","max-snippet":"max-snippet:-1","max-image-preview":"max-image-preview:large","max-video-preview":"max-video-preview:-1"},"canonical":"https:\/\/aigeviatges.com\/es\/producto\/valles-del-pirineo-5-dias\/","og_locale":"es_ES","og_type":"article","og_title":"VALLS DELS PIRINEUS - 5 DIES - AIGE Viatges","og_description":"Agencia de viajes online | Descubre nuestros viajes inolvidables a VALLS DELS PIRINEUS - 5 DIES","og_url":"https:\/\/aigeviatges.com\/es\/producto\/valles-del-pirineo-5-dias\/","og_site_name":"AIGE Viatges","article_publisher":"https:\/\/www.facebook.com\/viatgesaige\/","article_modified_time":"2021-03-17T12:02:46+00:00","og_image":[{"width":752,"height":502,"url":"https:\/\/aigeviatges.com\/wp-content\/uploads\/2021\/02\/san-maurici.jpg","type":"image\/jpeg"}],"twitter_card":"summary_large_image","twitter_misc":{"Tiempo de lectura":"2 minutos"},"schema":{"@context":"https:\/\/schema.org","@graph":[{"@type":"WebPage","@id":"https:\/\/aigeviatges.com\/producto\/valls-del-pirineus-5-dies\/","url":"https:\/\/aigeviatges.com\/producto\/valls-del-pirineus-5-dies\/","name":"VALLS DELS PIRINEUS - 5 DIES - AIGE Viatges","isPartOf":{"@id":"https:\/\/aigeviatges.com\/#website"},"datePublished":"2021-02-17T16:22:40+00:00","dateModified":"2021-03-17T12:02:46+00:00","description":"Agencia de viajes online | Descubre nuestros viajes inolvidables a VALLS DELS PIRINEUS - 5 DIES","breadcrumb":{"@id":"https:\/\/aigeviatges.com\/producto\/valls-del-pirineus-5-dies\/#breadcrumb"},"inLanguage":"es","potentialAction":[{"@type":"ReadAction","target":["https:\/\/aigeviatges.com\/producto\/valls-del-pirineus-5-dies\/"]}]},{"@type":"BreadcrumbList","@id":"https:\/\/aigeviatges.com\/producto\/valls-del-pirineus-5-dies\/#breadcrumb","itemListElement":[{"@type":"ListItem","position":1,"name":"Portada","item":"https:\/\/aigeviatges.com\/"},{"@type":"ListItem","position":2,"name":"Tienda","item":"https:\/\/aigeviatges.com\/tienda-2\/"},{"@type":"ListItem","position":3,"name":"VALLS DELS PIRINEUS &#8211; 5 DIES"}]},{"@type":"WebSite","@id":"https:\/\/aigeviatges.com\/#website","url":"https:\/\/aigeviatges.com\/","name":"AIGE Viatges","description":"Agencia de viajes especializada en producto propio para grupos.","publisher":{"@id":"https:\/\/aigeviatges.com\/#organization"},"potentialAction":[{"@type":"SearchAction","target":{"@type":"EntryPoint","urlTemplate":"https:\/\/aigeviatges.com\/?s={search_term_string}"},"query-input":"required name=search_term_string"}],"inLanguage":"es"},{"@type":"Organization","@id":"https:\/\/aigeviatges.com\/#organization","name":"AIGE Viatges","url":"https:\/\/aigeviatges.com\/","logo":{"@type":"ImageObject","inLanguage":"es","@id":"https:\/\/aigeviatges.com\/#\/schema\/logo\/image\/","url":"https:\/\/aigeviatges.com\/wp-content\/uploads\/2020\/03\/aig-viatges-logo-web.png","contentUrl":"https:\/\/aigeviatges.com\/wp-content\/uploads\/2020\/03\/aig-viatges-logo-web.png","width":600,"height":166,"caption":"AIGE Viatges"},"image":{"@id":"https:\/\/aigeviatges.com\/#\/schema\/logo\/image\/"},"sameAs":["https:\/\/www.facebook.com\/viatgesaige\/"]}]}},"jetpack_sharing_enabled":true,"jetpack_likes_enabled":false,"_links":{"self":[{"href":"https:\/\/aigeviatges.com\/es\/wp-json\/wp\/v2\/product\/689","targetHints":{"allow":["GET"]}}],"collection":[{"href":"https:\/\/aigeviatges.com\/es\/wp-json\/wp\/v2\/product"}],"about":[{"href":"https:\/\/aigeviatges.com\/es\/wp-json\/wp\/v2\/types\/product"}],"wp:featuredmedia":[{"embeddable":true,"href":"https:\/\/aigeviatges.com\/es\/wp-json\/wp\/v2\/media\/690"}],"wp:attachment":[{"href":"https:\/\/aigeviatges.com\/es\/wp-json\/wp\/v2\/media?parent=689"}],"wp:term":[{"taxonomy":"product_cat","embeddable":true,"href":"https:\/\/aigeviatges.com\/es\/wp-json\/wp\/v2\/product_cat?post=689"},{"taxonomy":"product_tag","embeddable":true,"href":"https:\/\/aigeviatges.com\/es\/wp-json\/wp\/v2\/product_tag?post=689"}],"curies":[{"name":"wp","href":"https:\/\/api.w.org\/{rel}","templated":true}]}}