{"id":680,"date":"2021-02-17T15:20:24","date_gmt":"2021-02-17T15:20:24","guid":{"rendered":"https:\/\/aigeviatges.com\/?post_type=product&#038;p=680"},"modified":"2021-03-18T14:26:35","modified_gmt":"2021-03-18T14:26:35","slug":"els-alps-i-la-savoia-6-dies","status":"publish","type":"product","link":"https:\/\/aigeviatges.com\/es\/producto\/los-alpes-y-la-saboya-6-dias\/","title":{"rendered":"LOS ALPES Y LA SABAIA \u2013 6 D\u00cdAS"},"content":{"rendered":"<p><strong><img loading=\"lazy\" decoding=\"async\" class=\"alignnone size-medium wp-image-716\" src=\"https:\/\/aigeviatges.com\/wp-content\/uploads\/2021\/02\/222-300x186.jpg\" alt=\"\" width=\"300\" height=\"186\" srcset=\"https:\/\/aigeviatges.com\/wp-content\/uploads\/2021\/02\/222-300x186.jpg 300w, https:\/\/aigeviatges.com\/wp-content\/uploads\/2021\/02\/222.jpg 346w\" sizes=\"auto, (max-width: 300px) 100vw, 300px\" \/><\/strong><\/p>\n<p><strong>D\u00eda 1: BARCELONA - LYON - ALTA SAVOYA<\/strong><br \/>\nSalida en AVE en Lyon. Almuerzo en rto. Visita guiada por el viejo Lyon. Una visita a trav\u00e9s de los siglos y de la historia a lo largo de barrios inscritos en el Patrimonio Mundial de la Humanidad por la UNESCO. Continuaci\u00f3n por carretera a la regi\u00f3n de Alta Saboya hasta llegar a nuestro hotel. Acomodaci\u00f3n. Cena y alojamiento.<\/p>\n<p><strong>D\u00eda 2: GINEBRA \u2013 PALACIO DE LAS NACIONES UNIDAS<\/strong><br \/>\nSalida a Ginebra. Haremos una visita guiada por los principales lugares tur\u00edsticos como el Lago Lem\u00e1n, el Jet de agua, la Casa real y la Catedral San Pedro, que preside el alto del casco hist\u00f3rico. Sorprende encontrarse en su portada unos pilares al m\u00e1s puro estilo romano que rompen bastante con el resto de la construcci\u00f3n. Por la tarde visitaremos la sede de la ONU, un notable testimonio de la arquitectura del siglo XX. Veremos las salas del Consejo de Seguridad, del Consejo de Administraci\u00f3n Fiduciaria y del Consejo Econ\u00f3mico y Social en el recientemente renovado Edificio de Conferencias. Cena y alojamiento en el hotel.<\/p>\n<p><em><strong>(<u>NOTA IMPORTANTE:<\/u> <\/strong>debido a las reuniones de alto nivel con Jefes de Estado o de Gobierno, la sede de la ONU o las Salas de los Consejos pueden, en ocasiones, cerrarse al p\u00fablico sin previo aviso).<\/em><\/p>\n<p><strong>D\u00eda 3: LA PEQUE\u00d1A VENECIA ANNECY \u2013 CRUCERO POR EL LAGO ANNECY<\/strong><br \/>\nVisita de Annecy. Catalogada como una de las m\u00e1s bellas ciudades de Francia y ubicada en un marco majestuoso entre un lago y las monta\u00f1as, Annecy ha sabido preservar el patrimonio \u00fanico de los Condes de Ginebra y de la Casa de la Seda. Las calles del Viejo Annecy albergan fachadas de palacetes llenas de color construidas hace m\u00e1s de cinco siglos, puentes florecidos, mercados, iglesias de estilo savoiardo, g\u00f3tico y barroco\u2026 Por la tarde haremos un crucero por el Lago Annecy. Podremos contemplar la belleza del lago m\u00e1s puro de Europa, a los pies de los Alpes. Cena y alojamiento en el hotel.<\/p>\n<p><strong>D\u00eda 4: YVOIRE \u2013 CRUCERO POR LAGO LEMAN<\/strong><br \/>\nSalida a Yvoire. Este peque\u00f1o pueblo pesquero est\u00e1 clasificado como uno de los pueblos m\u00e1s bellos de Francia, seg\u00fan la asociaci\u00f3n Els Plus Beaux Villages de France. La localidad ha conservado todo el encanto del siglo XIV. Por la tarde realizaremos un crucero por el Lago Leman, disfrutaremos de las impresionantes vistas de la ciudad medieval, sus casas de piedra y flores de colores. De fondo la vista de la monta\u00f1a m\u00edtica de Oche en los picos de Voirons. Cena y alojamiento en el hotel.<\/p>\n<p><strong>D\u00eda 5: CHAMONIX \u2013 TREN EL MER DE GLACE<\/strong><br \/>\nSalida a Chamonix. Cuando dos j\u00f3venes arist\u00f3cratas ingleses, William Windham y Richard Pocock, descubrieron el priorato de \u201cChamouni\u201d en 1741, no dudaron de que su relato sobre este peque\u00f1o pueblo de monta\u00f1a y sus glaciares se extender\u00eda por toda Europa. A bordo del c\u00e9lebre tren rojo de cremallera ascenderemos hasta Le Montenevers, al pie del glaciar m\u00e1s largo de Francia. Por todas partes surgen monta\u00f1as con nombres legendarios: Drus, Grans Jorasses\u2026Desde la terraza del bar disfrutaremos de unas fabulosas vistas del extremo de la Mer de Glace. Tiempo libre en Chamonix. Cena y alojamiento en el hotel.<\/p>\n<p><strong>D\u00eda 6: ALTA SAVOYA \u2013 LYON (Musee des Confluences )\u2013 ORIGEN<\/strong><br \/>\nSaldremos por carretera a Lyon. Visita de 1 hora del Museo de las Confluencias, con una arquitectura incre\u00edble. Se le conoce como &quot;la nube de cristal&quot;, porque est\u00e1 hecho de cristal, hormig\u00f3n y acero inoxidable. Se levanta como una cabeza en la punta de la confluencia de los r\u00edos R\u00f3dano y Saona. Un museo dedicado a la confluencia de conocimientos: cient\u00edficos, t\u00e9cnicos, sociales\u2026 La Tierra, la humanidad, la historia, la geograf\u00eda. Es como una puerta abierta al mundo, el universo y el saber. Almuerzo. Por la tarde, regreso con AVE a nuestra ciudad de origen. Fin de nuestros servicios.<\/p>","protected":false},"excerpt":{"rendered":"<p><strong>INCLUYE:<\/strong><\/p>\n<ul>\n<li>Traslados a Sants estaci\u00f3n y vuelta (m\u00ednimo 25 pax)<\/li>\n<li>AVE BCN \u2013 Lyon \u2013 BCN<\/li>\n<li>Autocar local todo el circuito<\/li>\n<li>Gu\u00eda acompa\u00f1ante de AIGE<\/li>\n<li>Hotel 3*** o 4****<em><strong>\u00a0<\/strong><\/em><em>(seg\u00fan elecci\u00f3n)<\/em><\/li>\n<li>Pensi\u00f3n completa con agua (del almuerzo del d\u00eda 1 al almuerzo del d\u00eda 6)<\/li>\n<li>Gu\u00eda oficial en Lyon y Ginebra<\/li>\n<li>Entrada en el Palacio de las Naciones Unidas<\/li>\n<li>Entrada al Musee des Confluences<\/li>\n<li>Cruceros por los Lagos Annecy y Leman<\/li>\n<li>Tren cremallera en la Mer de la Glace<\/li>\n<li>Seguro de asistencia en viaje<\/li>\n<\/ul>\n<p><em><strong>Nota sobre el alojamiento:<\/strong><\/em> <em><strong>\u00a0todas las noches en el mismo hotel\u00a0 \u00a0 \u00a0<\/strong><\/em><\/p>","protected":false},"featured_media":681,"template":"","meta":[],"product_cat":[25,35,64],"product_tag":[],"class_list":["post-680","product","type-product","status-publish","has-post-thumbnail","hentry","product_cat-circuits-tot-inclos","product_cat-franca-en-autocar","product_cat-tgv-ave"],"yoast_head":"<!-- This site is optimized with the Yoast SEO plugin v21.7 - https:\/\/yoast.com\/wordpress\/plugins\/seo\/ -->\n<title>ELS ALPS I LA SAVOIA - 6 DIES - AIGE Viatges<\/title>\n<meta name=\"description\" content=\"Agencia de viajes online | Descubre nuestros viajes inolvidables a ELS ALPS I LA SAVOIA - 6 DIES\" \/>\n<meta name=\"robots\" content=\"index, follow, max-snippet:-1, max-image-preview:large, max-video-preview:-1\" \/>\n<link rel=\"canonical\" href=\"https:\/\/aigeviatges.com\/es\/producto\/los-alpes-y-la-saboya-6-dias\/\" \/>\n<meta property=\"og:locale\" content=\"es_ES\" \/>\n<meta property=\"og:type\" content=\"article\" \/>\n<meta property=\"og:title\" content=\"ELS ALPS I LA SAVOIA - 6 DIES - AIGE Viatges\" \/>\n<meta property=\"og:description\" content=\"Agencia de viajes online | Descubre nuestros viajes inolvidables a ELS ALPS I LA SAVOIA - 6 DIES\" \/>\n<meta property=\"og:url\" content=\"https:\/\/aigeviatges.com\/es\/producto\/los-alpes-y-la-saboya-6-dias\/\" \/>\n<meta property=\"og:site_name\" content=\"AIGE Viatges\" \/>\n<meta property=\"article:publisher\" content=\"https:\/\/www.facebook.com\/viatgesaige\/\" \/>\n<meta property=\"article:modified_time\" content=\"2021-03-18T14:26:35+00:00\" \/>\n<meta property=\"og:image\" content=\"https:\/\/aigeviatges.com\/wp-content\/uploads\/2021\/02\/annecy.jpg\" \/>\n\t<meta property=\"og:image:width\" content=\"678\" \/>\n\t<meta property=\"og:image:height\" content=\"485\" \/>\n\t<meta property=\"og:image:type\" content=\"image\/jpeg\" \/>\n<meta name=\"twitter:card\" content=\"summary_large_image\" \/>\n<meta name=\"twitter:label1\" content=\"Tiempo de lectura\" \/>\n\t<meta name=\"twitter:data1\" content=\"3 minutos\" \/>\n<script type=\"application\/ld+json\" class=\"yoast-schema-graph\">{\"@context\":\"https:\/\/schema.org\",\"@graph\":[{\"@type\":\"WebPage\",\"@id\":\"https:\/\/aigeviatges.com\/producto\/els-alps-i-la-savoia-6-dies\/\",\"url\":\"https:\/\/aigeviatges.com\/producto\/els-alps-i-la-savoia-6-dies\/\",\"name\":\"ELS ALPS I LA SAVOIA - 6 DIES - AIGE Viatges\",\"isPartOf\":{\"@id\":\"https:\/\/aigeviatges.com\/#website\"},\"datePublished\":\"2021-02-17T15:20:24+00:00\",\"dateModified\":\"2021-03-18T14:26:35+00:00\",\"description\":\"Agencia de viajes online | Descubre nuestros viajes inolvidables a ELS ALPS I LA SAVOIA - 6 DIES\",\"breadcrumb\":{\"@id\":\"https:\/\/aigeviatges.com\/producto\/els-alps-i-la-savoia-6-dies\/#breadcrumb\"},\"inLanguage\":\"es\",\"potentialAction\":[{\"@type\":\"ReadAction\",\"target\":[\"https:\/\/aigeviatges.com\/producto\/els-alps-i-la-savoia-6-dies\/\"]}]},{\"@type\":\"BreadcrumbList\",\"@id\":\"https:\/\/aigeviatges.com\/producto\/els-alps-i-la-savoia-6-dies\/#breadcrumb\",\"itemListElement\":[{\"@type\":\"ListItem\",\"position\":1,\"name\":\"Portada\",\"item\":\"https:\/\/aigeviatges.com\/\"},{\"@type\":\"ListItem\",\"position\":2,\"name\":\"Tienda\",\"item\":\"https:\/\/aigeviatges.com\/tienda-2\/\"},{\"@type\":\"ListItem\",\"position\":3,\"name\":\"ELS ALPS I LA SAVOIA &#8211; 6 DIES\"}]},{\"@type\":\"WebSite\",\"@id\":\"https:\/\/aigeviatges.com\/#website\",\"url\":\"https:\/\/aigeviatges.com\/\",\"name\":\"AIGE Viatges\",\"description\":\"Agencia de viajes especializada en producto propio para grupos.\",\"publisher\":{\"@id\":\"https:\/\/aigeviatges.com\/#organization\"},\"potentialAction\":[{\"@type\":\"SearchAction\",\"target\":{\"@type\":\"EntryPoint\",\"urlTemplate\":\"https:\/\/aigeviatges.com\/?s={search_term_string}\"},\"query-input\":\"required name=search_term_string\"}],\"inLanguage\":\"es\"},{\"@type\":\"Organization\",\"@id\":\"https:\/\/aigeviatges.com\/#organization\",\"name\":\"AIGE Viatges\",\"url\":\"https:\/\/aigeviatges.com\/\",\"logo\":{\"@type\":\"ImageObject\",\"inLanguage\":\"es\",\"@id\":\"https:\/\/aigeviatges.com\/#\/schema\/logo\/image\/\",\"url\":\"https:\/\/aigeviatges.com\/wp-content\/uploads\/2020\/03\/aig-viatges-logo-web.png\",\"contentUrl\":\"https:\/\/aigeviatges.com\/wp-content\/uploads\/2020\/03\/aig-viatges-logo-web.png\",\"width\":600,\"height\":166,\"caption\":\"AIGE Viatges\"},\"image\":{\"@id\":\"https:\/\/aigeviatges.com\/#\/schema\/logo\/image\/\"},\"sameAs\":[\"https:\/\/www.facebook.com\/viatgesaige\/\"]}]}<\/script>\n<!-- \/ Yoast SEO plugin. -->","yoast_head_json":{"title":"ELS ALPS I LA SAVOIA - 6 DIES - AIGE Viatges","description":"Agencia de viajes online | Descubre nuestros viajes inolvidables a ELS ALPS I LA SAVOIA - 6 DIES","robots":{"index":"index","follow":"follow","max-snippet":"max-snippet:-1","max-image-preview":"max-image-preview:large","max-video-preview":"max-video-preview:-1"},"canonical":"https:\/\/aigeviatges.com\/es\/producto\/los-alpes-y-la-saboya-6-dias\/","og_locale":"es_ES","og_type":"article","og_title":"ELS ALPS I LA SAVOIA - 6 DIES - AIGE Viatges","og_description":"Agencia de viajes online | Descubre nuestros viajes inolvidables a ELS ALPS I LA SAVOIA - 6 DIES","og_url":"https:\/\/aigeviatges.com\/es\/producto\/los-alpes-y-la-saboya-6-dias\/","og_site_name":"AIGE Viatges","article_publisher":"https:\/\/www.facebook.com\/viatgesaige\/","article_modified_time":"2021-03-18T14:26:35+00:00","og_image":[{"width":678,"height":485,"url":"https:\/\/aigeviatges.com\/wp-content\/uploads\/2021\/02\/annecy.jpg","type":"image\/jpeg"}],"twitter_card":"summary_large_image","twitter_misc":{"Tiempo de lectura":"3 minutos"},"schema":{"@context":"https:\/\/schema.org","@graph":[{"@type":"WebPage","@id":"https:\/\/aigeviatges.com\/producto\/els-alps-i-la-savoia-6-dies\/","url":"https:\/\/aigeviatges.com\/producto\/els-alps-i-la-savoia-6-dies\/","name":"ELS ALPS I LA SAVOIA - 6 DIES - AIGE Viatges","isPartOf":{"@id":"https:\/\/aigeviatges.com\/#website"},"datePublished":"2021-02-17T15:20:24+00:00","dateModified":"2021-03-18T14:26:35+00:00","description":"Agencia de viajes online | Descubre nuestros viajes inolvidables a ELS ALPS I LA SAVOIA - 6 DIES","breadcrumb":{"@id":"https:\/\/aigeviatges.com\/producto\/els-alps-i-la-savoia-6-dies\/#breadcrumb"},"inLanguage":"es","potentialAction":[{"@type":"ReadAction","target":["https:\/\/aigeviatges.com\/producto\/els-alps-i-la-savoia-6-dies\/"]}]},{"@type":"BreadcrumbList","@id":"https:\/\/aigeviatges.com\/producto\/els-alps-i-la-savoia-6-dies\/#breadcrumb","itemListElement":[{"@type":"ListItem","position":1,"name":"Portada","item":"https:\/\/aigeviatges.com\/"},{"@type":"ListItem","position":2,"name":"Tienda","item":"https:\/\/aigeviatges.com\/tienda-2\/"},{"@type":"ListItem","position":3,"name":"ELS ALPS I LA SAVOIA &#8211; 6 DIES"}]},{"@type":"WebSite","@id":"https:\/\/aigeviatges.com\/#website","url":"https:\/\/aigeviatges.com\/","name":"AIGE Viatges","description":"Agencia de viajes especializada en producto propio para grupos.","publisher":{"@id":"https:\/\/aigeviatges.com\/#organization"},"potentialAction":[{"@type":"SearchAction","target":{"@type":"EntryPoint","urlTemplate":"https:\/\/aigeviatges.com\/?s={search_term_string}"},"query-input":"required name=search_term_string"}],"inLanguage":"es"},{"@type":"Organization","@id":"https:\/\/aigeviatges.com\/#organization","name":"AIGE Viatges","url":"https:\/\/aigeviatges.com\/","logo":{"@type":"ImageObject","inLanguage":"es","@id":"https:\/\/aigeviatges.com\/#\/schema\/logo\/image\/","url":"https:\/\/aigeviatges.com\/wp-content\/uploads\/2020\/03\/aig-viatges-logo-web.png","contentUrl":"https:\/\/aigeviatges.com\/wp-content\/uploads\/2020\/03\/aig-viatges-logo-web.png","width":600,"height":166,"caption":"AIGE Viatges"},"image":{"@id":"https:\/\/aigeviatges.com\/#\/schema\/logo\/image\/"},"sameAs":["https:\/\/www.facebook.com\/viatgesaige\/"]}]}},"jetpack_sharing_enabled":true,"jetpack_likes_enabled":false,"_links":{"self":[{"href":"https:\/\/aigeviatges.com\/es\/wp-json\/wp\/v2\/product\/680","targetHints":{"allow":["GET"]}}],"collection":[{"href":"https:\/\/aigeviatges.com\/es\/wp-json\/wp\/v2\/product"}],"about":[{"href":"https:\/\/aigeviatges.com\/es\/wp-json\/wp\/v2\/types\/product"}],"wp:featuredmedia":[{"embeddable":true,"href":"https:\/\/aigeviatges.com\/es\/wp-json\/wp\/v2\/media\/681"}],"wp:attachment":[{"href":"https:\/\/aigeviatges.com\/es\/wp-json\/wp\/v2\/media?parent=680"}],"wp:term":[{"taxonomy":"product_cat","embeddable":true,"href":"https:\/\/aigeviatges.com\/es\/wp-json\/wp\/v2\/product_cat?post=680"},{"taxonomy":"product_tag","embeddable":true,"href":"https:\/\/aigeviatges.com\/es\/wp-json\/wp\/v2\/product_tag?post=680"}],"curies":[{"name":"wp","href":"https:\/\/api.w.org\/{rel}","templated":true}]}}