{"id":656,"date":"2021-02-17T13:00:41","date_gmt":"2021-02-17T13:00:41","guid":{"rendered":"https:\/\/aigeviatges.com\/?post_type=product&#038;p=656"},"modified":"2021-03-18T13:21:15","modified_gmt":"2021-03-18T13:21:15","slug":"la-vall-daran-5-dies","status":"publish","type":"product","link":"https:\/\/aigeviatges.com\/es\/producto\/el-valle-daran-5-dias\/","title":{"rendered":"EL VALLE DE ARAN \u2013 5 D\u00cdAS"},"content":{"rendered":"<p><strong>D\u00eda 1: ORIGEN \u2013 VIELHA \u2013 ARTIES \u2013 SALARDU \u2013 VIELHA<\/strong><br \/>\nSalida direcci\u00f3n Balaguer y Pont de Suert. Parada para visitar lo m\u00e1s destacado, como la Plaza Mercadal, Plaza Mayor etc. Continuaci\u00f3n en Vielha. Acomodaci\u00f3n en el hotel. Almuerzo. Por la tarde conoceremos el Valle de Ar\u00e1n: Salard\u00fa, con sus empinadas calles y rincones t\u00edpicos donde se encuentran fuentes y pilones de agua para el ganado adem\u00e1s de restos del antiguo Portal de Pallars del siglo XIII. Regreso al hotel. Cena y alojamiento.<\/p>\n<p><strong>D\u00eda 2: EL VALLE DE BO\u00cd \u2013 PARQUE DE AIG\u00dcESTORTES 4\u00d74<\/strong><br \/>\nSalida al Valle de Boi, declarada patrimonio de la Humanidad por la UNESCO debido al conjunto de iglesias rom\u00e1nicas, visita de la zona incluyendo la famosa iglesia de Sant Climent de Ta\u00fcll. Tambi\u00e9n realizaremos una excursi\u00f3n en 4\u00d74 al Parque Natural de Aig\u00fcestortes. Almuerzo en rto. A media tarde regresaremos al hotel. Cena y alojamiento.<\/p>\n<p><strong>D\u00eda 3: SAINT BERTRAND DE COMMINGES - VIELHA<\/strong><br \/>\nPor la ma\u00f1ana efectuaremos una interesante excursi\u00f3n por la regi\u00f3n de Barouse, hasta Saint Bertran de Comminges, pueblo medieval amurallado en el que destaca la catedral de Santa Mar\u00eda. Regreso al hotel para el almuerzo. Por la tarde, dispondremos de tiempo libre en Vielha, para pasear por sus calles y visitar la Iglesia de San Miguel, donde se encuentra el Cristo del Mig Aran, talla del S.XII. Regreso al hotel. Cena y alojamiento.<\/p>\n<p><strong>D\u00eda 4: EL VALLE DE LYS \u2013 BAGNERAS DE LUCHON \u2013 CASCADA DE ENFERER \u2013 BAQUEIRA BERET<\/strong><br \/>\nSalida hacia el Coll del Portillon a 1.320 m. de altitud hasta Bagneres de Luchon, muy conocida por los famosos balnearios que a principios del siglo pasado utilizaban la burgues\u00eda francesa, visita del Valle de Lys, dispondremos de tiempo para contemplar una maravilla de la naturaleza, la \u201cCascada de Enfer\u201d . Por la tarde subiremos hasta Baqueira Beret, sitio de vacaciones invernales de muchos famosos. Regreso al hotel. Cena y alojamiento.<\/p>\n<p><strong>D\u00eda 5: VIELHA \u2013 ARTIGA DE LIN 4\u00d74 \u2013 ORIGEN<\/strong><br \/>\nExcursi\u00f3n en 4\u00d74 por una bella ruta hasta el Santuario de Artiga de Lin, desde all\u00ed, paseando entre un paisaje de frondosos bosques de abetos y hayas, llegaremos hasta Ulehs deth Joel, espectaculares cascadas de agua procedente del pico de la Maladeta. Regreso al hotel para el almuerzo. Salida de regreso a nuestra ciudad. FIN DE NUESTROS SERVICIOS<\/p>","protected":false},"excerpt":{"rendered":"<p><strong>INCLUYE:\u00a0<\/strong><\/p>\n<ul>\n<li>Autocar de lujo por todo el circuito<\/li>\n<li>Gu\u00eda acompa\u00f1ante de AIGE<\/li>\n<li>Hotel 2** o 3*** (seg\u00fan elecci\u00f3n)<\/li>\n<li>Pensi\u00f3n completa con agua y vino (del almuerzo del d\u00eda 1 al almuerzo del d\u00eda 5)<\/li>\n<li>Entrada en Sant Climent de Ta\u00fcll<\/li>\n<li>4\u00d74 Artiga de Lin<\/li>\n<li>4\u00d74 PN Aig\u00fcestortes<\/li>\n<li>Seguro de asistencia en viaje<\/li>\n<\/ul>\n<p><strong><em>Nota sobre el alojamiento: <\/em><\/strong><strong><em>todas las noches en el mismo hotel<\/em><\/strong><\/p>","protected":false},"featured_media":657,"template":"","meta":[],"product_cat":[51,37],"product_tag":[],"class_list":["post-656","product","type-product","status-publish","has-post-thumbnail","hentry","product_cat-amb-autocar","product_cat-circuits-nacional"],"yoast_head":"<!-- This site is optimized with the Yoast SEO plugin v21.7 - https:\/\/yoast.com\/wordpress\/plugins\/seo\/ -->\n<title>LA VALL D&#039;ARAN - 5 DIES - AIGE Viatges<\/title>\n<meta name=\"description\" content=\"Agencia de viajes online | Descubre nuestros viajes inolvidables a LA VALL D&#039;ARAN - 5 DIES\" \/>\n<meta name=\"robots\" content=\"index, follow, max-snippet:-1, max-image-preview:large, max-video-preview:-1\" \/>\n<link rel=\"canonical\" href=\"https:\/\/aigeviatges.com\/es\/producto\/el-valle-daran-5-dias\/\" \/>\n<meta property=\"og:locale\" content=\"es_ES\" \/>\n<meta property=\"og:type\" content=\"article\" \/>\n<meta property=\"og:title\" content=\"LA VALL D&#039;ARAN - 5 DIES - AIGE Viatges\" \/>\n<meta property=\"og:description\" content=\"Agencia de viajes online | Descubre nuestros viajes inolvidables a LA VALL D&#039;ARAN - 5 DIES\" \/>\n<meta property=\"og:url\" content=\"https:\/\/aigeviatges.com\/es\/producto\/el-valle-daran-5-dias\/\" \/>\n<meta property=\"og:site_name\" content=\"AIGE Viatges\" \/>\n<meta property=\"article:publisher\" content=\"https:\/\/www.facebook.com\/viatgesaige\/\" \/>\n<meta property=\"article:modified_time\" content=\"2021-03-18T13:21:15+00:00\" \/>\n<meta property=\"og:image\" content=\"https:\/\/aigeviatges.com\/wp-content\/uploads\/2021\/02\/salardu.jpg\" \/>\n\t<meta property=\"og:image:width\" content=\"731\" \/>\n\t<meta property=\"og:image:height\" content=\"388\" \/>\n\t<meta property=\"og:image:type\" content=\"image\/jpeg\" \/>\n<meta name=\"twitter:card\" content=\"summary_large_image\" \/>\n<meta name=\"twitter:label1\" content=\"Tiempo de lectura\" \/>\n\t<meta name=\"twitter:data1\" content=\"2 minutos\" \/>\n<script type=\"application\/ld+json\" class=\"yoast-schema-graph\">{\"@context\":\"https:\/\/schema.org\",\"@graph\":[{\"@type\":\"WebPage\",\"@id\":\"https:\/\/aigeviatges.com\/producto\/la-vall-daran-5-dies\/\",\"url\":\"https:\/\/aigeviatges.com\/producto\/la-vall-daran-5-dies\/\",\"name\":\"LA VALL D'ARAN - 5 DIES - AIGE Viatges\",\"isPartOf\":{\"@id\":\"https:\/\/aigeviatges.com\/#website\"},\"datePublished\":\"2021-02-17T13:00:41+00:00\",\"dateModified\":\"2021-03-18T13:21:15+00:00\",\"description\":\"Agencia de viajes online | Descubre nuestros viajes inolvidables a LA VALL D'ARAN - 5 DIES\",\"breadcrumb\":{\"@id\":\"https:\/\/aigeviatges.com\/producto\/la-vall-daran-5-dies\/#breadcrumb\"},\"inLanguage\":\"es\",\"potentialAction\":[{\"@type\":\"ReadAction\",\"target\":[\"https:\/\/aigeviatges.com\/producto\/la-vall-daran-5-dies\/\"]}]},{\"@type\":\"BreadcrumbList\",\"@id\":\"https:\/\/aigeviatges.com\/producto\/la-vall-daran-5-dies\/#breadcrumb\",\"itemListElement\":[{\"@type\":\"ListItem\",\"position\":1,\"name\":\"Portada\",\"item\":\"https:\/\/aigeviatges.com\/\"},{\"@type\":\"ListItem\",\"position\":2,\"name\":\"Tienda\",\"item\":\"https:\/\/aigeviatges.com\/tienda-2\/\"},{\"@type\":\"ListItem\",\"position\":3,\"name\":\"LA VALL D&#8217;ARAN &#8211; 5 DIES\"}]},{\"@type\":\"WebSite\",\"@id\":\"https:\/\/aigeviatges.com\/#website\",\"url\":\"https:\/\/aigeviatges.com\/\",\"name\":\"AIGE Viatges\",\"description\":\"Agencia de viajes especializada en producto propio para grupos.\",\"publisher\":{\"@id\":\"https:\/\/aigeviatges.com\/#organization\"},\"potentialAction\":[{\"@type\":\"SearchAction\",\"target\":{\"@type\":\"EntryPoint\",\"urlTemplate\":\"https:\/\/aigeviatges.com\/?s={search_term_string}\"},\"query-input\":\"required name=search_term_string\"}],\"inLanguage\":\"es\"},{\"@type\":\"Organization\",\"@id\":\"https:\/\/aigeviatges.com\/#organization\",\"name\":\"AIGE Viatges\",\"url\":\"https:\/\/aigeviatges.com\/\",\"logo\":{\"@type\":\"ImageObject\",\"inLanguage\":\"es\",\"@id\":\"https:\/\/aigeviatges.com\/#\/schema\/logo\/image\/\",\"url\":\"https:\/\/aigeviatges.com\/wp-content\/uploads\/2020\/03\/aig-viatges-logo-web.png\",\"contentUrl\":\"https:\/\/aigeviatges.com\/wp-content\/uploads\/2020\/03\/aig-viatges-logo-web.png\",\"width\":600,\"height\":166,\"caption\":\"AIGE Viatges\"},\"image\":{\"@id\":\"https:\/\/aigeviatges.com\/#\/schema\/logo\/image\/\"},\"sameAs\":[\"https:\/\/www.facebook.com\/viatgesaige\/\"]}]}<\/script>\n<!-- \/ Yoast SEO plugin. -->","yoast_head_json":{"title":"LA VALL D'ARAN - 5 DIES - AIGE Viatges","description":"Agencia de viajes online | Descubre nuestros viajes inolvidables a LA VALL D'ARAN - 5 DIES","robots":{"index":"index","follow":"follow","max-snippet":"max-snippet:-1","max-image-preview":"max-image-preview:large","max-video-preview":"max-video-preview:-1"},"canonical":"https:\/\/aigeviatges.com\/es\/producto\/el-valle-daran-5-dias\/","og_locale":"es_ES","og_type":"article","og_title":"LA VALL D'ARAN - 5 DIES - AIGE Viatges","og_description":"Agencia de viajes online | Descubre nuestros viajes inolvidables a LA VALL D'ARAN - 5 DIES","og_url":"https:\/\/aigeviatges.com\/es\/producto\/el-valle-daran-5-dias\/","og_site_name":"AIGE Viatges","article_publisher":"https:\/\/www.facebook.com\/viatgesaige\/","article_modified_time":"2021-03-18T13:21:15+00:00","og_image":[{"width":731,"height":388,"url":"https:\/\/aigeviatges.com\/wp-content\/uploads\/2021\/02\/salardu.jpg","type":"image\/jpeg"}],"twitter_card":"summary_large_image","twitter_misc":{"Tiempo de lectura":"2 minutos"},"schema":{"@context":"https:\/\/schema.org","@graph":[{"@type":"WebPage","@id":"https:\/\/aigeviatges.com\/producto\/la-vall-daran-5-dies\/","url":"https:\/\/aigeviatges.com\/producto\/la-vall-daran-5-dies\/","name":"LA VALL D'ARAN - 5 DIES - AIGE Viatges","isPartOf":{"@id":"https:\/\/aigeviatges.com\/#website"},"datePublished":"2021-02-17T13:00:41+00:00","dateModified":"2021-03-18T13:21:15+00:00","description":"Agencia de viajes online | Descubre nuestros viajes inolvidables a LA VALL D'ARAN - 5 DIES","breadcrumb":{"@id":"https:\/\/aigeviatges.com\/producto\/la-vall-daran-5-dies\/#breadcrumb"},"inLanguage":"es","potentialAction":[{"@type":"ReadAction","target":["https:\/\/aigeviatges.com\/producto\/la-vall-daran-5-dies\/"]}]},{"@type":"BreadcrumbList","@id":"https:\/\/aigeviatges.com\/producto\/la-vall-daran-5-dies\/#breadcrumb","itemListElement":[{"@type":"ListItem","position":1,"name":"Portada","item":"https:\/\/aigeviatges.com\/"},{"@type":"ListItem","position":2,"name":"Tienda","item":"https:\/\/aigeviatges.com\/tienda-2\/"},{"@type":"ListItem","position":3,"name":"LA VALL D&#8217;ARAN &#8211; 5 DIES"}]},{"@type":"WebSite","@id":"https:\/\/aigeviatges.com\/#website","url":"https:\/\/aigeviatges.com\/","name":"AIGE Viatges","description":"Agencia de viajes especializada en producto propio para grupos.","publisher":{"@id":"https:\/\/aigeviatges.com\/#organization"},"potentialAction":[{"@type":"SearchAction","target":{"@type":"EntryPoint","urlTemplate":"https:\/\/aigeviatges.com\/?s={search_term_string}"},"query-input":"required name=search_term_string"}],"inLanguage":"es"},{"@type":"Organization","@id":"https:\/\/aigeviatges.com\/#organization","name":"AIGE Viatges","url":"https:\/\/aigeviatges.com\/","logo":{"@type":"ImageObject","inLanguage":"es","@id":"https:\/\/aigeviatges.com\/#\/schema\/logo\/image\/","url":"https:\/\/aigeviatges.com\/wp-content\/uploads\/2020\/03\/aig-viatges-logo-web.png","contentUrl":"https:\/\/aigeviatges.com\/wp-content\/uploads\/2020\/03\/aig-viatges-logo-web.png","width":600,"height":166,"caption":"AIGE Viatges"},"image":{"@id":"https:\/\/aigeviatges.com\/#\/schema\/logo\/image\/"},"sameAs":["https:\/\/www.facebook.com\/viatgesaige\/"]}]}},"jetpack_sharing_enabled":true,"jetpack_likes_enabled":false,"_links":{"self":[{"href":"https:\/\/aigeviatges.com\/es\/wp-json\/wp\/v2\/product\/656","targetHints":{"allow":["GET"]}}],"collection":[{"href":"https:\/\/aigeviatges.com\/es\/wp-json\/wp\/v2\/product"}],"about":[{"href":"https:\/\/aigeviatges.com\/es\/wp-json\/wp\/v2\/types\/product"}],"wp:featuredmedia":[{"embeddable":true,"href":"https:\/\/aigeviatges.com\/es\/wp-json\/wp\/v2\/media\/657"}],"wp:attachment":[{"href":"https:\/\/aigeviatges.com\/es\/wp-json\/wp\/v2\/media?parent=656"}],"wp:term":[{"taxonomy":"product_cat","embeddable":true,"href":"https:\/\/aigeviatges.com\/es\/wp-json\/wp\/v2\/product_cat?post=656"},{"taxonomy":"product_tag","embeddable":true,"href":"https:\/\/aigeviatges.com\/es\/wp-json\/wp\/v2\/product_tag?post=656"}],"curies":[{"name":"wp","href":"https:\/\/api.w.org\/{rel}","templated":true}]}}