{"id":655,"date":"2021-02-17T12:29:56","date_gmt":"2021-02-17T12:29:56","guid":{"rendered":"https:\/\/aigeviatges.com\/?post_type=product&#038;p=655"},"modified":"2021-03-18T13:26:35","modified_gmt":"2021-03-18T13:26:35","slug":"la-alberca-i-salamanca-6-dies","status":"publish","type":"product","link":"https:\/\/aigeviatges.com\/es\/producto\/la-albarica-y-salamanca-6-dias\/","title":{"rendered":"LA ALBERCA Y SALAMANCA \u2013 6 D\u00cdAS"},"content":{"rendered":"<p><strong><img loading=\"lazy\" decoding=\"async\" class=\"alignnone size-medium wp-image-716\" src=\"https:\/\/aigeviatges.com\/wp-content\/uploads\/2021\/02\/222-300x186.jpg\" alt=\"\" width=\"300\" height=\"186\" srcset=\"https:\/\/aigeviatges.com\/wp-content\/uploads\/2021\/02\/222-300x186.jpg 300w, https:\/\/aigeviatges.com\/wp-content\/uploads\/2021\/02\/222.jpg 346w\" sizes=\"auto, (max-width: 300px) 100vw, 300px\" \/><\/strong><\/p>\n<p><strong>D\u00cdA 1: BARCELONA \/ TARRAGONA \/ GIRONA - MADRID - AVE - LA ALBERCA<\/strong><br \/>\nSalida en tren AVE a Madrid. A la llegada visitaremos el Palacio Real. Almuerzo en restaurante y continuaci\u00f3n por carretera hasta llegar La Alberca Cena y alojamiento en el hotel.<\/p>\n<p><strong>D\u00cdA 2: PE\u00d1A DE FRANCIA \u2013 SAN MARTIN DEL CASTA\u00d1AR \u2013 CIUDAD RODRIGO<\/strong><br \/>\nPor la ma\u00f1ana ascenderemos y visitaremos el majestuoso santuario de nuestra se\u00f1ora de la Pe\u00f1a de Francia. Continuaremos con la visita del t\u00edpico pueblo de Sant Mart\u00ed del Casta\u00f1ar, donde pasearemos por sus encajonadas calles y que caracterizan las construcciones t\u00edpicas de la sierra de Francia as\u00ed como calles peque\u00f1as y acogedoras plazas e incluso una plaza de toros con un sabor muy arcaico . Por la tarde visitaremos Ciudad Rodrigo, acogida por sus murallas se encuentran un conjunto de palacios e iglesias de estilo renacentista que recuerda al final del reinado de Isabel la Cat\u00f3lica. Cena y alojamiento en el hotel.<\/p>\n<p><strong>D\u00cdA 3: LA ALBERCA \u2013 PARQUE NATURAL DE LAS BATUECAS<\/strong><br \/>\nPor la ma\u00f1ana visitaremos La Alberca, pueblecito encantador situado en la famosa pe\u00f1a de Francia. Almuerzo en el hotel. Por la tarde realizaremos un paseo por el parque natural de las batuecas, paraje de gran belleza paisaj\u00edstica. Cena y alojamiento en el hotel.<\/p>\n<p><strong>D\u00cdA 4: SALAMANCA - MOGARRAZ<\/strong><br \/>\nSalida a Salamanca, &quot;la ciudad dorada&quot;. Acompa\u00f1ados de un gu\u00eda local, nos mostrar\u00e1 lo m\u00e1s destacado de la ciudad, como sus dos catedrales, la casa de las conchas, el clero Universidad y su bella plaza mayor, con el ayuntamiento. Regreso al hotel y almuerzo. Por la tarde visitaremos el pueblo t\u00edpico de Mogarraz, con su encantadora plaza mayor y sus bellos soportales. Cena y alojamiento en el hotel.<\/p>\n<p><strong>D\u00cdA 5: CANDELARIO - BEJAR - MIRANDA DEL CASTA\u00d1AR<\/strong><br \/>\nSalida a Candelario. Visitaremos este encantador enclave, dormido en el pasado, con sus callejuelas y puertas grandes llamadas batipuertas. Tambi\u00e9n destaca su bello paisaje desde la Iglesia de la Asunci\u00f3n. Finalizada la visita, descenderemos hasta B\u00e9jar. Breve parada en el Bosque Jard\u00edn-Hist\u00f3rico, parque se\u00f1orial, construido por los duques, delicioso por sus abundantes aguas; por sus fontanas, por su gran estanque, por su arboleda, entre la que se encuentran \u00e1rboles gigantescos y algunos que, sin serlo tanto, son tan viejos como el propio parque que data del siglo XVI. Por la tarde visitaremos Miranda del Casta\u00f1ar. Cena y alojamiento en el hotel.<\/p>\n<p><strong>D\u00cdA 6: LA ALBERCA \u2013 MADRID \u2013 AVE \u2013 BARCELONA \/ TARRAGONA \/ GIRONA<\/strong><br \/>\nSalida a Madrid. Visita panor\u00e1mica por las grandes avenidas, como el paseo de la Castellana, la Gran Via, etc. monumentos, fuentes y plazas. Almuerzo en restaurante. Almuerzo en restaurante. Por la tarde, regreso al punto de partida en AVE. Llegada y fin de nuestros servicios.<\/p>","protected":false},"excerpt":{"rendered":"<p><strong>INCLUYE:\u00a0<\/strong><\/p>\n<ul>\n<li>Traslados origen-estaci\u00f3n y regreso (m\u00ednimo 25 pax)<\/li>\n<li>AVE BCN\/TAR\/GIR \u2013 Madrid \u2013 BCN\/TAR\/GIR<\/li>\n<li>Autocar de lujo por todo el circuito<\/li>\n<li>Gu\u00eda acompa\u00f1ante de AIGE<\/li>\n<li>Gu\u00eda local en Salamanca<\/li>\n<li>Hotel 3***<\/li>\n<li>Pensi\u00f3n completa con vino y agua (del almuerzo del d\u00eda 1 al almuerzo del d\u00eda 6)<\/li>\n<li>Entrada en el Palacio Real de Madrid<\/li>\n<li>Seguro de asistencia en viaje<\/li>\n<\/ul>\n<p><strong><em>Nota sobre el alojamiento:\u00a0<\/em><\/strong><strong><em>todas las noches en el mismo hotel<\/em><\/strong><\/p>","protected":false},"featured_media":650,"template":"","meta":[],"product_cat":[52,37],"product_tag":[],"class_list":["post-655","product","type-product","status-publish","has-post-thumbnail","hentry","product_cat-amb-ave","product_cat-circuits-nacional"],"yoast_head":"<!-- This site is optimized with the Yoast SEO plugin v21.7 - https:\/\/yoast.com\/wordpress\/plugins\/seo\/ -->\n<title>LA ALBERCA I SALAMANCA - 6 DIES - AIGE Viatges<\/title>\n<meta name=\"description\" content=\"Agencia de viajes online | Descubre nuestros viajes inolvidables a LA ALBERCA I SALAMANCA - 6 DIES\" \/>\n<meta name=\"robots\" content=\"index, follow, max-snippet:-1, max-image-preview:large, max-video-preview:-1\" \/>\n<link rel=\"canonical\" href=\"https:\/\/aigeviatges.com\/es\/producto\/la-albarica-y-salamanca-6-dias\/\" \/>\n<meta property=\"og:locale\" content=\"es_ES\" \/>\n<meta property=\"og:type\" content=\"article\" \/>\n<meta property=\"og:title\" content=\"LA ALBERCA I SALAMANCA - 6 DIES - AIGE Viatges\" \/>\n<meta property=\"og:description\" content=\"Agencia de viajes online | Descubre nuestros viajes inolvidables a LA ALBERCA I SALAMANCA - 6 DIES\" \/>\n<meta property=\"og:url\" content=\"https:\/\/aigeviatges.com\/es\/producto\/la-albarica-y-salamanca-6-dias\/\" \/>\n<meta property=\"og:site_name\" content=\"AIGE Viatges\" \/>\n<meta property=\"article:publisher\" content=\"https:\/\/www.facebook.com\/viatgesaige\/\" \/>\n<meta property=\"article:modified_time\" content=\"2021-03-18T13:26:35+00:00\" \/>\n<meta property=\"og:image\" content=\"https:\/\/aigeviatges.com\/wp-content\/uploads\/2021\/02\/alberca.jpg\" \/>\n\t<meta property=\"og:image:width\" content=\"717\" \/>\n\t<meta property=\"og:image:height\" content=\"481\" \/>\n\t<meta property=\"og:image:type\" content=\"image\/jpeg\" \/>\n<meta name=\"twitter:card\" content=\"summary_large_image\" \/>\n<meta name=\"twitter:label1\" content=\"Tiempo de lectura\" \/>\n\t<meta name=\"twitter:data1\" content=\"2 minutos\" \/>\n<script type=\"application\/ld+json\" class=\"yoast-schema-graph\">{\"@context\":\"https:\/\/schema.org\",\"@graph\":[{\"@type\":\"WebPage\",\"@id\":\"https:\/\/aigeviatges.com\/producto\/la-alberca-i-salamanca-6-dies\/\",\"url\":\"https:\/\/aigeviatges.com\/producto\/la-alberca-i-salamanca-6-dies\/\",\"name\":\"LA ALBERCA I SALAMANCA - 6 DIES - AIGE Viatges\",\"isPartOf\":{\"@id\":\"https:\/\/aigeviatges.com\/#website\"},\"datePublished\":\"2021-02-17T12:29:56+00:00\",\"dateModified\":\"2021-03-18T13:26:35+00:00\",\"description\":\"Agencia de viajes online | Descubre nuestros viajes inolvidables a LA ALBERCA I SALAMANCA - 6 DIES\",\"breadcrumb\":{\"@id\":\"https:\/\/aigeviatges.com\/producto\/la-alberca-i-salamanca-6-dies\/#breadcrumb\"},\"inLanguage\":\"es\",\"potentialAction\":[{\"@type\":\"ReadAction\",\"target\":[\"https:\/\/aigeviatges.com\/producto\/la-alberca-i-salamanca-6-dies\/\"]}]},{\"@type\":\"BreadcrumbList\",\"@id\":\"https:\/\/aigeviatges.com\/producto\/la-alberca-i-salamanca-6-dies\/#breadcrumb\",\"itemListElement\":[{\"@type\":\"ListItem\",\"position\":1,\"name\":\"Portada\",\"item\":\"https:\/\/aigeviatges.com\/\"},{\"@type\":\"ListItem\",\"position\":2,\"name\":\"Tienda\",\"item\":\"https:\/\/aigeviatges.com\/tienda-2\/\"},{\"@type\":\"ListItem\",\"position\":3,\"name\":\"LA ALBERCA I SALAMANCA &#8211; 6 DIES\"}]},{\"@type\":\"WebSite\",\"@id\":\"https:\/\/aigeviatges.com\/#website\",\"url\":\"https:\/\/aigeviatges.com\/\",\"name\":\"AIGE Viatges\",\"description\":\"Agencia de viajes especializada en producto propio para grupos.\",\"publisher\":{\"@id\":\"https:\/\/aigeviatges.com\/#organization\"},\"potentialAction\":[{\"@type\":\"SearchAction\",\"target\":{\"@type\":\"EntryPoint\",\"urlTemplate\":\"https:\/\/aigeviatges.com\/?s={search_term_string}\"},\"query-input\":\"required name=search_term_string\"}],\"inLanguage\":\"es\"},{\"@type\":\"Organization\",\"@id\":\"https:\/\/aigeviatges.com\/#organization\",\"name\":\"AIGE Viatges\",\"url\":\"https:\/\/aigeviatges.com\/\",\"logo\":{\"@type\":\"ImageObject\",\"inLanguage\":\"es\",\"@id\":\"https:\/\/aigeviatges.com\/#\/schema\/logo\/image\/\",\"url\":\"https:\/\/aigeviatges.com\/wp-content\/uploads\/2020\/03\/aig-viatges-logo-web.png\",\"contentUrl\":\"https:\/\/aigeviatges.com\/wp-content\/uploads\/2020\/03\/aig-viatges-logo-web.png\",\"width\":600,\"height\":166,\"caption\":\"AIGE Viatges\"},\"image\":{\"@id\":\"https:\/\/aigeviatges.com\/#\/schema\/logo\/image\/\"},\"sameAs\":[\"https:\/\/www.facebook.com\/viatgesaige\/\"]}]}<\/script>\n<!-- \/ Yoast SEO plugin. -->","yoast_head_json":{"title":"LA ALBERCA I SALAMANCA - 6 DIES - AIGE Viatges","description":"Agencia de viajes online | Descubre nuestros viajes inolvidables a LA ALBERCA I SALAMANCA - 6 DIES","robots":{"index":"index","follow":"follow","max-snippet":"max-snippet:-1","max-image-preview":"max-image-preview:large","max-video-preview":"max-video-preview:-1"},"canonical":"https:\/\/aigeviatges.com\/es\/producto\/la-albarica-y-salamanca-6-dias\/","og_locale":"es_ES","og_type":"article","og_title":"LA ALBERCA I SALAMANCA - 6 DIES - AIGE Viatges","og_description":"Agencia de viajes online | Descubre nuestros viajes inolvidables a LA ALBERCA I SALAMANCA - 6 DIES","og_url":"https:\/\/aigeviatges.com\/es\/producto\/la-albarica-y-salamanca-6-dias\/","og_site_name":"AIGE Viatges","article_publisher":"https:\/\/www.facebook.com\/viatgesaige\/","article_modified_time":"2021-03-18T13:26:35+00:00","og_image":[{"width":717,"height":481,"url":"https:\/\/aigeviatges.com\/wp-content\/uploads\/2021\/02\/alberca.jpg","type":"image\/jpeg"}],"twitter_card":"summary_large_image","twitter_misc":{"Tiempo de lectura":"2 minutos"},"schema":{"@context":"https:\/\/schema.org","@graph":[{"@type":"WebPage","@id":"https:\/\/aigeviatges.com\/producto\/la-alberca-i-salamanca-6-dies\/","url":"https:\/\/aigeviatges.com\/producto\/la-alberca-i-salamanca-6-dies\/","name":"LA ALBERCA I SALAMANCA - 6 DIES - AIGE Viatges","isPartOf":{"@id":"https:\/\/aigeviatges.com\/#website"},"datePublished":"2021-02-17T12:29:56+00:00","dateModified":"2021-03-18T13:26:35+00:00","description":"Agencia de viajes online | Descubre nuestros viajes inolvidables a LA ALBERCA I SALAMANCA - 6 DIES","breadcrumb":{"@id":"https:\/\/aigeviatges.com\/producto\/la-alberca-i-salamanca-6-dies\/#breadcrumb"},"inLanguage":"es","potentialAction":[{"@type":"ReadAction","target":["https:\/\/aigeviatges.com\/producto\/la-alberca-i-salamanca-6-dies\/"]}]},{"@type":"BreadcrumbList","@id":"https:\/\/aigeviatges.com\/producto\/la-alberca-i-salamanca-6-dies\/#breadcrumb","itemListElement":[{"@type":"ListItem","position":1,"name":"Portada","item":"https:\/\/aigeviatges.com\/"},{"@type":"ListItem","position":2,"name":"Tienda","item":"https:\/\/aigeviatges.com\/tienda-2\/"},{"@type":"ListItem","position":3,"name":"LA ALBERCA I SALAMANCA &#8211; 6 DIES"}]},{"@type":"WebSite","@id":"https:\/\/aigeviatges.com\/#website","url":"https:\/\/aigeviatges.com\/","name":"AIGE Viatges","description":"Agencia de viajes especializada en producto propio para grupos.","publisher":{"@id":"https:\/\/aigeviatges.com\/#organization"},"potentialAction":[{"@type":"SearchAction","target":{"@type":"EntryPoint","urlTemplate":"https:\/\/aigeviatges.com\/?s={search_term_string}"},"query-input":"required name=search_term_string"}],"inLanguage":"es"},{"@type":"Organization","@id":"https:\/\/aigeviatges.com\/#organization","name":"AIGE Viatges","url":"https:\/\/aigeviatges.com\/","logo":{"@type":"ImageObject","inLanguage":"es","@id":"https:\/\/aigeviatges.com\/#\/schema\/logo\/image\/","url":"https:\/\/aigeviatges.com\/wp-content\/uploads\/2020\/03\/aig-viatges-logo-web.png","contentUrl":"https:\/\/aigeviatges.com\/wp-content\/uploads\/2020\/03\/aig-viatges-logo-web.png","width":600,"height":166,"caption":"AIGE Viatges"},"image":{"@id":"https:\/\/aigeviatges.com\/#\/schema\/logo\/image\/"},"sameAs":["https:\/\/www.facebook.com\/viatgesaige\/"]}]}},"jetpack_sharing_enabled":true,"jetpack_likes_enabled":false,"_links":{"self":[{"href":"https:\/\/aigeviatges.com\/es\/wp-json\/wp\/v2\/product\/655","targetHints":{"allow":["GET"]}}],"collection":[{"href":"https:\/\/aigeviatges.com\/es\/wp-json\/wp\/v2\/product"}],"about":[{"href":"https:\/\/aigeviatges.com\/es\/wp-json\/wp\/v2\/types\/product"}],"wp:featuredmedia":[{"embeddable":true,"href":"https:\/\/aigeviatges.com\/es\/wp-json\/wp\/v2\/media\/650"}],"wp:attachment":[{"href":"https:\/\/aigeviatges.com\/es\/wp-json\/wp\/v2\/media?parent=655"}],"wp:term":[{"taxonomy":"product_cat","embeddable":true,"href":"https:\/\/aigeviatges.com\/es\/wp-json\/wp\/v2\/product_cat?post=655"},{"taxonomy":"product_tag","embeddable":true,"href":"https:\/\/aigeviatges.com\/es\/wp-json\/wp\/v2\/product_tag?post=655"}],"curies":[{"name":"wp","href":"https:\/\/api.w.org\/{rel}","templated":true}]}}