{"id":642,"date":"2021-02-17T10:05:47","date_gmt":"2021-02-17T10:05:47","guid":{"rendered":"https:\/\/aigeviatges.com\/?post_type=product&#038;p=642"},"modified":"2023-11-14T14:29:13","modified_gmt":"2023-11-14T14:29:13","slug":"pirineu-aragones-p-n-ordesa-5-dies","status":"publish","type":"product","link":"https:\/\/aigeviatges.com\/es\/producto\/pirineo-aragones-pn-ordesa-5-dias\/","title":{"rendered":"PIRINEO ARAGON\u00c9S, PN ORDESA \u2013 5 D\u00cdAS"},"content":{"rendered":"<p><strong>D\u00eda 1: ORIGEN - BARBASTRO - AINSA - SABI\u00d1ANIGO<\/strong><br \/>\nSalida direcci\u00f3n L\u00e9rida y Barbastro. Dispondremos de tiempo libre para visitar esta bella poblaci\u00f3n que esconde entre sus calles y el conjunto del casco antiguo, obras de arte cargadas de historia. Continuaci\u00f3n a Ainsa, poblaci\u00f3n medieval, capital del antiguo Reino del Sobrabe. Llegada y almuerzo. Por la tarde, visitaremos Ainsa. Destaca los restos de la Torre y murallas del Castillo, Plaza Mayor, Iglesia de Sta. Mar\u00eda, calles t\u00edpicas con tiendas de productos artesanales, etc. Continuaremos en Sabi\u00f1\u00e1nigo, cena y alojamiento en el hotel.<\/p>\n<p><strong>D\u00eda 2: EL VALLE DE TENA \u2013 RUTA DEL ROM\u00c1NICO DEL SERRABLO \u2013 PANTICOSA<\/strong><br \/>\nSalida al Valle del Tena. Recorrido, con visita guiada por la llamada ruta del Serrablo y por las Iglesias m\u00e1s importantes de su Conjunto Monumental. Visitaremos San Pedro de L\u00e1rrede, San Juan de Busa, Oliv\u00e1n y San Bartolom\u00e9 de Gav\u00edn. Conoceremos a trav\u00e9s de esta visita guiada unas iglesias \u00fanicas que no pueden encontrarse en ninguna otra parte del mundo, declaradas Bien de Inter\u00e9s Cultural y una de ellas Monumento Nacional. Conoceremos las caracter\u00edsticas que las hacen diferentes y visitaremos su interior. Almuerzo. Por la tarde visitaremos Panticosa, famosa por sus balnearios. Cena y alojamiento en el hotel.<\/p>\n<p><strong>D\u00eda 3: PARQUE NACIONAL DE ORDESA EN 4\u00d74<\/strong><br \/>\nSalida hacia Torla. Excursi\u00f3n en 4\u00d74 en el Parque de Ordesa. Atravesaremos el R\u00edo Ara por el Puente Rom\u00e1nico de la Glera, ascenderemos hasta el Pla de Diazas. En este punto haremos una parada, pasando por la ermita de Santa Ana con la panor\u00e1mica del Valle de Ara o Broto, que nos permite contemplar en el norte la cresta del Vignemale y Sierra Tende\u00f1era. Continuaremos en el Molar, desde la que tenemos una amplia perspectiva del Valle de Bujaruelo, el llano de Ordesa, el Tozal del Mallo y el circo de Carriata, podremos ver las cinco cadenas monta\u00f1osas del pre-Pirineos: Pe\u00f1a Monta\u00f1esa, Sierra de Guara, el Moncayo..etc. Almuerzo en rto. Por la tarde, regreso al hotel. Cena y alojamiento.<\/p>\n<p><strong>D\u00eda 4: HECHO y ANS\u00d3 - JACA<\/strong><br \/>\nHoy realizaremos una bonita excursi\u00f3n por el Pirineo Navarro. Conoceremos la t\u00edpica poblaci\u00f3n de Ans\u00f3. Seguiremos hacia el Valle de hecho, haremos parada en la poblaci\u00f3n que lleva su mismo nombre. Finalizadas las visitas regreso al hotel y almuerzo. Por la tarde visitaremos Jaca. Cena y alojamiento en el hotel.<\/p>\n<p><strong>D\u00eda 5: SABI\u00d1ANIGO \u2013 ALQUEZAR \u2013 ORIGEN<\/strong><br \/>\nDesayuno en el hotel. Por la ma\u00f1ana visitaremos Alqu\u00e9zar, un viaje al pasado junto a un impresionante paisaje. Los or\u00edgenes de la villa se remontan a principios del siglo IX, cuando los musulmanes levantaron una fortificaci\u00f3n para defender a Barbastro frente a los cristianos. Alqu\u00e9zar, cuyo top\u00f3nimo proviene del vocablo \u00e1rabe &#039;Al-Qasr&#039; (&#039;fortaleza&#039;), se sit\u00faa a los pies de la sierra de Guar\u00e0. Entre el patrimonio arquitect\u00f3nico destaca la Colegiata, de origen rom\u00e1nico, y fortaleza, declarados Conjunto Hist\u00f3rico Art\u00edstico en 1966. Almuerzo en rto. Regreso a nuestra ciudad.<\/p>","protected":false},"excerpt":{"rendered":"<p><strong>INCLUYE:<\/strong><\/p>\n<ul>\n<li>Autocar de lujo por todo el circuito<\/li>\n<li>Gu\u00eda acompa\u00f1ante de AIGE<\/li>\n<li>Hotel 3***<\/li>\n<li>Pensi\u00f3n completa con vino y agua (del almuerzo del d\u00eda 1 al almuerzo del d\u00eda 5)<\/li>\n<li>Visita guiada de la ruta del Serrablo<\/li>\n<li>Visita 4\u00d74 PN Ordesa<\/li>\n<li>Seguro de asistencia en viaje<\/li>\n<\/ul>\n<p><strong><em>Nota sobre el alojamiento: <\/em><\/strong><strong><em>todas las noches en el mismo hotel<\/em><\/strong><\/p>","protected":false},"featured_media":643,"template":"","meta":[],"product_cat":[51,37],"product_tag":[],"class_list":["post-642","product","type-product","status-publish","has-post-thumbnail","hentry","product_cat-amb-autocar","product_cat-circuits-nacional"],"yoast_head":"<!-- This site is optimized with the Yoast SEO plugin v21.7 - https:\/\/yoast.com\/wordpress\/plugins\/seo\/ -->\n<title>PIRINEU ARAGON\u00c8S, P.N. ORDESA - 5 DIES - AIGE Viatges<\/title>\n<meta name=\"description\" content=\"Agencia de viajes online | Descubre nuestros viajes inolvidables a PIRINEU ARAGON\u00c8S, P.N. ORDESA - 5 DIES\" \/>\n<meta name=\"robots\" content=\"index, follow, max-snippet:-1, max-image-preview:large, max-video-preview:-1\" \/>\n<link rel=\"canonical\" href=\"https:\/\/aigeviatges.com\/es\/producto\/pirineo-aragones-pn-ordesa-5-dias\/\" \/>\n<meta property=\"og:locale\" content=\"es_ES\" \/>\n<meta property=\"og:type\" content=\"article\" \/>\n<meta property=\"og:title\" content=\"PIRINEU ARAGON\u00c8S, P.N. ORDESA - 5 DIES - AIGE Viatges\" \/>\n<meta property=\"og:description\" content=\"Agencia de viajes online | Descubre nuestros viajes inolvidables a PIRINEU ARAGON\u00c8S, P.N. ORDESA - 5 DIES\" \/>\n<meta property=\"og:url\" content=\"https:\/\/aigeviatges.com\/es\/producto\/pirineo-aragones-pn-ordesa-5-dias\/\" \/>\n<meta property=\"og:site_name\" content=\"AIGE Viatges\" \/>\n<meta property=\"article:publisher\" content=\"https:\/\/www.facebook.com\/viatgesaige\/\" \/>\n<meta property=\"article:modified_time\" content=\"2023-11-14T14:29:13+00:00\" \/>\n<meta property=\"og:image\" content=\"https:\/\/aigeviatges.com\/wp-content\/uploads\/2021\/02\/ordes.jpg\" \/>\n\t<meta property=\"og:image:width\" content=\"702\" \/>\n\t<meta property=\"og:image:height\" content=\"466\" \/>\n\t<meta property=\"og:image:type\" content=\"image\/jpeg\" \/>\n<meta name=\"twitter:card\" content=\"summary_large_image\" \/>\n<meta name=\"twitter:label1\" content=\"Tiempo de lectura\" \/>\n\t<meta name=\"twitter:data1\" content=\"3 minutos\" \/>\n<script type=\"application\/ld+json\" class=\"yoast-schema-graph\">{\"@context\":\"https:\/\/schema.org\",\"@graph\":[{\"@type\":\"WebPage\",\"@id\":\"https:\/\/aigeviatges.com\/producto\/pirineu-aragones-p-n-ordesa-5-dies\/\",\"url\":\"https:\/\/aigeviatges.com\/producto\/pirineu-aragones-p-n-ordesa-5-dies\/\",\"name\":\"PIRINEU ARAGON\u00c8S, P.N. ORDESA - 5 DIES - AIGE Viatges\",\"isPartOf\":{\"@id\":\"https:\/\/aigeviatges.com\/#website\"},\"datePublished\":\"2021-02-17T10:05:47+00:00\",\"dateModified\":\"2023-11-14T14:29:13+00:00\",\"description\":\"Agencia de viajes online | Descubre nuestros viajes inolvidables a PIRINEU ARAGON\u00c8S, P.N. ORDESA - 5 DIES\",\"breadcrumb\":{\"@id\":\"https:\/\/aigeviatges.com\/producto\/pirineu-aragones-p-n-ordesa-5-dies\/#breadcrumb\"},\"inLanguage\":\"es\",\"potentialAction\":[{\"@type\":\"ReadAction\",\"target\":[\"https:\/\/aigeviatges.com\/producto\/pirineu-aragones-p-n-ordesa-5-dies\/\"]}]},{\"@type\":\"BreadcrumbList\",\"@id\":\"https:\/\/aigeviatges.com\/producto\/pirineu-aragones-p-n-ordesa-5-dies\/#breadcrumb\",\"itemListElement\":[{\"@type\":\"ListItem\",\"position\":1,\"name\":\"Portada\",\"item\":\"https:\/\/aigeviatges.com\/\"},{\"@type\":\"ListItem\",\"position\":2,\"name\":\"Tienda\",\"item\":\"https:\/\/aigeviatges.com\/tienda-2\/\"},{\"@type\":\"ListItem\",\"position\":3,\"name\":\"PIRINEU ARAGON\u00c8S, P.N. ORDESA &#8211; 5 DIES\"}]},{\"@type\":\"WebSite\",\"@id\":\"https:\/\/aigeviatges.com\/#website\",\"url\":\"https:\/\/aigeviatges.com\/\",\"name\":\"AIGE Viatges\",\"description\":\"Agencia de viajes especializada en producto propio para grupos.\",\"publisher\":{\"@id\":\"https:\/\/aigeviatges.com\/#organization\"},\"potentialAction\":[{\"@type\":\"SearchAction\",\"target\":{\"@type\":\"EntryPoint\",\"urlTemplate\":\"https:\/\/aigeviatges.com\/?s={search_term_string}\"},\"query-input\":\"required name=search_term_string\"}],\"inLanguage\":\"es\"},{\"@type\":\"Organization\",\"@id\":\"https:\/\/aigeviatges.com\/#organization\",\"name\":\"AIGE Viatges\",\"url\":\"https:\/\/aigeviatges.com\/\",\"logo\":{\"@type\":\"ImageObject\",\"inLanguage\":\"es\",\"@id\":\"https:\/\/aigeviatges.com\/#\/schema\/logo\/image\/\",\"url\":\"https:\/\/aigeviatges.com\/wp-content\/uploads\/2020\/03\/aig-viatges-logo-web.png\",\"contentUrl\":\"https:\/\/aigeviatges.com\/wp-content\/uploads\/2020\/03\/aig-viatges-logo-web.png\",\"width\":600,\"height\":166,\"caption\":\"AIGE Viatges\"},\"image\":{\"@id\":\"https:\/\/aigeviatges.com\/#\/schema\/logo\/image\/\"},\"sameAs\":[\"https:\/\/www.facebook.com\/viatgesaige\/\"]}]}<\/script>\n<!-- \/ Yoast SEO plugin. -->","yoast_head_json":{"title":"PIRINEU ARAGON\u00c8S, P.N. ORDESA - 5 DIES - AIGE Viatges","description":"Agencia de viajes online | Descubre nuestros viajes inolvidables a PIRINEU ARAGON\u00c8S, P.N. ORDESA - 5 DIES","robots":{"index":"index","follow":"follow","max-snippet":"max-snippet:-1","max-image-preview":"max-image-preview:large","max-video-preview":"max-video-preview:-1"},"canonical":"https:\/\/aigeviatges.com\/es\/producto\/pirineo-aragones-pn-ordesa-5-dias\/","og_locale":"es_ES","og_type":"article","og_title":"PIRINEU ARAGON\u00c8S, P.N. ORDESA - 5 DIES - AIGE Viatges","og_description":"Agencia de viajes online | Descubre nuestros viajes inolvidables a PIRINEU ARAGON\u00c8S, P.N. ORDESA - 5 DIES","og_url":"https:\/\/aigeviatges.com\/es\/producto\/pirineo-aragones-pn-ordesa-5-dias\/","og_site_name":"AIGE Viatges","article_publisher":"https:\/\/www.facebook.com\/viatgesaige\/","article_modified_time":"2023-11-14T14:29:13+00:00","og_image":[{"width":702,"height":466,"url":"https:\/\/aigeviatges.com\/wp-content\/uploads\/2021\/02\/ordes.jpg","type":"image\/jpeg"}],"twitter_card":"summary_large_image","twitter_misc":{"Tiempo de lectura":"3 minutos"},"schema":{"@context":"https:\/\/schema.org","@graph":[{"@type":"WebPage","@id":"https:\/\/aigeviatges.com\/producto\/pirineu-aragones-p-n-ordesa-5-dies\/","url":"https:\/\/aigeviatges.com\/producto\/pirineu-aragones-p-n-ordesa-5-dies\/","name":"PIRINEU ARAGON\u00c8S, P.N. ORDESA - 5 DIES - AIGE Viatges","isPartOf":{"@id":"https:\/\/aigeviatges.com\/#website"},"datePublished":"2021-02-17T10:05:47+00:00","dateModified":"2023-11-14T14:29:13+00:00","description":"Agencia de viajes online | Descubre nuestros viajes inolvidables a PIRINEU ARAGON\u00c8S, P.N. ORDESA - 5 DIES","breadcrumb":{"@id":"https:\/\/aigeviatges.com\/producto\/pirineu-aragones-p-n-ordesa-5-dies\/#breadcrumb"},"inLanguage":"es","potentialAction":[{"@type":"ReadAction","target":["https:\/\/aigeviatges.com\/producto\/pirineu-aragones-p-n-ordesa-5-dies\/"]}]},{"@type":"BreadcrumbList","@id":"https:\/\/aigeviatges.com\/producto\/pirineu-aragones-p-n-ordesa-5-dies\/#breadcrumb","itemListElement":[{"@type":"ListItem","position":1,"name":"Portada","item":"https:\/\/aigeviatges.com\/"},{"@type":"ListItem","position":2,"name":"Tienda","item":"https:\/\/aigeviatges.com\/tienda-2\/"},{"@type":"ListItem","position":3,"name":"PIRINEU ARAGON\u00c8S, P.N. ORDESA &#8211; 5 DIES"}]},{"@type":"WebSite","@id":"https:\/\/aigeviatges.com\/#website","url":"https:\/\/aigeviatges.com\/","name":"AIGE Viatges","description":"Agencia de viajes especializada en producto propio para grupos.","publisher":{"@id":"https:\/\/aigeviatges.com\/#organization"},"potentialAction":[{"@type":"SearchAction","target":{"@type":"EntryPoint","urlTemplate":"https:\/\/aigeviatges.com\/?s={search_term_string}"},"query-input":"required name=search_term_string"}],"inLanguage":"es"},{"@type":"Organization","@id":"https:\/\/aigeviatges.com\/#organization","name":"AIGE Viatges","url":"https:\/\/aigeviatges.com\/","logo":{"@type":"ImageObject","inLanguage":"es","@id":"https:\/\/aigeviatges.com\/#\/schema\/logo\/image\/","url":"https:\/\/aigeviatges.com\/wp-content\/uploads\/2020\/03\/aig-viatges-logo-web.png","contentUrl":"https:\/\/aigeviatges.com\/wp-content\/uploads\/2020\/03\/aig-viatges-logo-web.png","width":600,"height":166,"caption":"AIGE Viatges"},"image":{"@id":"https:\/\/aigeviatges.com\/#\/schema\/logo\/image\/"},"sameAs":["https:\/\/www.facebook.com\/viatgesaige\/"]}]}},"jetpack_sharing_enabled":true,"jetpack_likes_enabled":false,"_links":{"self":[{"href":"https:\/\/aigeviatges.com\/es\/wp-json\/wp\/v2\/product\/642","targetHints":{"allow":["GET"]}}],"collection":[{"href":"https:\/\/aigeviatges.com\/es\/wp-json\/wp\/v2\/product"}],"about":[{"href":"https:\/\/aigeviatges.com\/es\/wp-json\/wp\/v2\/types\/product"}],"wp:featuredmedia":[{"embeddable":true,"href":"https:\/\/aigeviatges.com\/es\/wp-json\/wp\/v2\/media\/643"}],"wp:attachment":[{"href":"https:\/\/aigeviatges.com\/es\/wp-json\/wp\/v2\/media?parent=642"}],"wp:term":[{"taxonomy":"product_cat","embeddable":true,"href":"https:\/\/aigeviatges.com\/es\/wp-json\/wp\/v2\/product_cat?post=642"},{"taxonomy":"product_tag","embeddable":true,"href":"https:\/\/aigeviatges.com\/es\/wp-json\/wp\/v2\/product_tag?post=642"}],"curies":[{"name":"wp","href":"https:\/\/api.w.org\/{rel}","templated":true}]}}