{"id":632,"date":"2021-02-16T19:19:49","date_gmt":"2021-02-16T19:19:49","guid":{"rendered":"https:\/\/aigeviatges.com\/?post_type=product&#038;p=632"},"modified":"2021-03-18T13:31:04","modified_gmt":"2021-03-18T13:31:04","slug":"galicia-rias-baixas-6-dies","status":"publish","type":"product","link":"https:\/\/aigeviatges.com\/es\/producto\/rias-bajas-6-dias\/","title":{"rendered":"GALICIA RIAS BAJAS \u2013 6 D\u00cdAS"},"content":{"rendered":"<p><strong>D\u00eda 1: ORIGEN - RIA DE AROUSA - RIAS BAJAS<\/strong><br \/>\nTraslado al aeropuerto y salida en avi\u00f3n a Galicia. Llegada y traslado al hotel. Acomodaci\u00f3n y almuerzo. Por la tarde realizaremos una bonita excursi\u00f3n bordeando la costa hasta la t\u00edpica poblaci\u00f3n de Villagarcia de Arousa, cruzaremos el puente que une la Isla con tierra firme con una hermosa panor\u00e1mica de la R\u00eda. Regreso al hotel. Cena y alojamiento.<\/p>\n<p><strong>D\u00eda 2: ISLA DE LA TOJA \u2013 PONTEVEDRA<\/strong><br \/>\nPor la ma\u00f1ana visitaremos otro m\u00edtico sitio como la isla de Toja, donde se encuentra el manantial que le ha hecho famosa. Recorrido para conocer los sitios m\u00e1s emblem\u00e1ticos de la Isla. Almuerzo en el hotel. Por la tarde realizaremos la excursi\u00f3n a Pontevedra, paseando por su barrio antiguo, se puede visitar la Iglesia de la Virgen de la Peregrina, patrona de la ciudad, la Plaza de la Le\u00f1a, la Plaza de la Ferrer\u00eda con la Iglesia de San Francisco y las Ruinas de Santo Domingo. Regreso al hotel, cena y alojamiento.<\/p>\n<p><strong>D\u00eda 3: RIAS BAJAS \u2013 O&#039; GROVE \u2013 MONASTERIO DE ARMENTEIRA<\/strong><br \/>\nSalida en direcci\u00f3n a Sanxenxo, primer enclave tur\u00edstico de las R\u00edas Baixas, visitaremos su paseo mar\u00edtimo. Continuamos con la Ermita de la Lanzada, tarde rom\u00e1nica (S.XII), ubicada entre dos pen\u00ednsulas que esconde entre sus rocas una antigua historia. Seguidamente visitaremos el puerto de O Grove. Regreso al hotel y almuerzo. Por la tarde visitaremos el monasterio de Armenteira antiguo Monasterio Cisterciense habitado por una comunidad de monjas de la misma orden. Como gustaba a los primeros monjes de Cister, el Monasterio se encuentra en un hermoso valle fecundado por las aguas, met\u00e1fora de la gracia de Dios. Regreso al hotel, cena y alojamiento.<\/p>\n<p><strong>D\u00eda 4: SANTIAGO DE COMPOSTELA - COMBARRO<\/strong><br \/>\nVisita de Santiago de Compostela, acompa\u00f1ados por un gu\u00eda local visitaremos lo m\u00e1s destacado, como la Catedral, lugar donde se encuentra la tumba del Ap\u00f3stol Santiago, podr\u00e1n recorrer sus calles y plazas llenas de historia y costumbres. Tambi\u00e9n visitaremos Combarro, poblaci\u00f3n que conserva un gran n\u00famero de h\u00f3rreos, t\u00edpicos de Galicia. Regreso al hotel, cena y alojamiento.<\/p>\n<p><strong>D\u00eda 5: VIGO - CAMBADOS<\/strong><br \/>\nSalida a Vigo. Vista de esta bella ciudad construida entre colinas y que cuenta con uno de los puertos m\u00e1s importantes de Espa\u00f1a. Dispondremos de tiempo libre en el famoso Barrio de la Piedra, lugar ideal para tapear con un buen marisco. Por la tarde visita de Cambados, capital de la denominaci\u00f3n de origen \u201cAlbari\u00f1o\u201d famoso vino de reconocida calidad que ha dado fama a esta localidad. Regreso al hotel, cena y alojamiento.<\/p>\n<p><strong>D\u00eda 6: RIAS BAJAS \u2013 A CORU\u00d1A \u2013 ORIGEN<\/strong><br \/>\nDesayuno y salida a A Coru\u00f1a. Visita panor\u00e1mica de la ciudad, destacando la torre de H\u00e9rcules y la plaza Maria Pita. Almuerzo en rto. Salida hacia el aeropuerto. Facturaci\u00f3n de equipajes y embarque en el vuelo que nos traer\u00e1 de regreso a Barcelona. Llegada y fin de nuestros servicios.<\/p>","protected":false},"excerpt":{"rendered":"<p><strong>INCLUYE:\u00a0<\/strong><\/p>\n<ul>\n<li>Traslados origen-apt y vuelta (m\u00ednimo 25 pax)<\/li>\n<li>Avi\u00f3n BCN \u2013 Galicia \u2013 BCN<\/li>\n<li>Autocar de lujo por todo el circuito<\/li>\n<li>Gu\u00eda acompa\u00f1ante de AIGE<\/li>\n<li>Gu\u00eda local en Santiago de Compostela<\/li>\n<li>Hotel 3***<\/li>\n<li>Pensi\u00f3n completa con vino y agua (del almuerzo del d\u00eda 1 al almuerzo del d\u00eda 6)<\/li>\n<li>Entrada en el monasterio de Armenteira<\/li>\n<li>Seguro de asistencia en viaje<\/li>\n<\/ul>\n<p><strong><em>Nota sobre el alojamiento:\u00a0<\/em><\/strong><strong><em>todas las noches en el mismo hotel<\/em><\/strong><\/p>","protected":false},"featured_media":633,"template":"","meta":[],"product_cat":[50,37],"product_tag":[],"class_list":["post-632","product","type-product","status-publish","has-post-thumbnail","hentry","product_cat-amb-avio","product_cat-circuits-nacional"],"yoast_head":"<!-- This site is optimized with the Yoast SEO plugin v21.7 - https:\/\/yoast.com\/wordpress\/plugins\/seo\/ -->\n<title>GALICIA RIAS BAIXAS - 6 DIES - AIGE Viatges<\/title>\n<meta name=\"description\" content=\"Agencia de viajes online | Descubre nuestros viajes inolvidables a GALICIA RIAS BAIXAS - 6 DIES\" \/>\n<meta name=\"robots\" content=\"index, follow, max-snippet:-1, max-image-preview:large, max-video-preview:-1\" \/>\n<link rel=\"canonical\" href=\"https:\/\/aigeviatges.com\/es\/producto\/rias-bajas-6-dias\/\" \/>\n<meta property=\"og:locale\" content=\"es_ES\" \/>\n<meta property=\"og:type\" content=\"article\" \/>\n<meta property=\"og:title\" content=\"GALICIA RIAS BAIXAS - 6 DIES - AIGE Viatges\" \/>\n<meta property=\"og:description\" content=\"Agencia de viajes online | Descubre nuestros viajes inolvidables a GALICIA RIAS BAIXAS - 6 DIES\" \/>\n<meta property=\"og:url\" content=\"https:\/\/aigeviatges.com\/es\/producto\/rias-bajas-6-dias\/\" \/>\n<meta property=\"og:site_name\" content=\"AIGE Viatges\" \/>\n<meta property=\"article:publisher\" content=\"https:\/\/www.facebook.com\/viatgesaige\/\" \/>\n<meta property=\"article:modified_time\" content=\"2021-03-18T13:31:04+00:00\" \/>\n<meta property=\"og:image\" content=\"https:\/\/aigeviatges.com\/wp-content\/uploads\/2021\/02\/104.jpg\" \/>\n\t<meta property=\"og:image:width\" content=\"638\" \/>\n\t<meta property=\"og:image:height\" content=\"420\" \/>\n\t<meta property=\"og:image:type\" content=\"image\/jpeg\" \/>\n<meta name=\"twitter:card\" content=\"summary_large_image\" \/>\n<meta name=\"twitter:label1\" content=\"Tiempo de lectura\" \/>\n\t<meta name=\"twitter:data1\" content=\"2 minutos\" \/>\n<script type=\"application\/ld+json\" class=\"yoast-schema-graph\">{\"@context\":\"https:\/\/schema.org\",\"@graph\":[{\"@type\":\"WebPage\",\"@id\":\"https:\/\/aigeviatges.com\/producto\/galicia-rias-baixas-6-dies\/\",\"url\":\"https:\/\/aigeviatges.com\/producto\/galicia-rias-baixas-6-dies\/\",\"name\":\"GALICIA RIAS BAIXAS - 6 DIES - AIGE Viatges\",\"isPartOf\":{\"@id\":\"https:\/\/aigeviatges.com\/#website\"},\"datePublished\":\"2021-02-16T19:19:49+00:00\",\"dateModified\":\"2021-03-18T13:31:04+00:00\",\"description\":\"Agencia de viajes online | Descubre nuestros viajes inolvidables a GALICIA RIAS BAIXAS - 6 DIES\",\"breadcrumb\":{\"@id\":\"https:\/\/aigeviatges.com\/producto\/galicia-rias-baixas-6-dies\/#breadcrumb\"},\"inLanguage\":\"es\",\"potentialAction\":[{\"@type\":\"ReadAction\",\"target\":[\"https:\/\/aigeviatges.com\/producto\/galicia-rias-baixas-6-dies\/\"]}]},{\"@type\":\"BreadcrumbList\",\"@id\":\"https:\/\/aigeviatges.com\/producto\/galicia-rias-baixas-6-dies\/#breadcrumb\",\"itemListElement\":[{\"@type\":\"ListItem\",\"position\":1,\"name\":\"Portada\",\"item\":\"https:\/\/aigeviatges.com\/\"},{\"@type\":\"ListItem\",\"position\":2,\"name\":\"Tienda\",\"item\":\"https:\/\/aigeviatges.com\/tienda-2\/\"},{\"@type\":\"ListItem\",\"position\":3,\"name\":\"GALICIA RIAS BAIXAS &#8211; 6 DIES\"}]},{\"@type\":\"WebSite\",\"@id\":\"https:\/\/aigeviatges.com\/#website\",\"url\":\"https:\/\/aigeviatges.com\/\",\"name\":\"AIGE Viatges\",\"description\":\"Agencia de viajes especializada en producto propio para grupos.\",\"publisher\":{\"@id\":\"https:\/\/aigeviatges.com\/#organization\"},\"potentialAction\":[{\"@type\":\"SearchAction\",\"target\":{\"@type\":\"EntryPoint\",\"urlTemplate\":\"https:\/\/aigeviatges.com\/?s={search_term_string}\"},\"query-input\":\"required name=search_term_string\"}],\"inLanguage\":\"es\"},{\"@type\":\"Organization\",\"@id\":\"https:\/\/aigeviatges.com\/#organization\",\"name\":\"AIGE Viatges\",\"url\":\"https:\/\/aigeviatges.com\/\",\"logo\":{\"@type\":\"ImageObject\",\"inLanguage\":\"es\",\"@id\":\"https:\/\/aigeviatges.com\/#\/schema\/logo\/image\/\",\"url\":\"https:\/\/aigeviatges.com\/wp-content\/uploads\/2020\/03\/aig-viatges-logo-web.png\",\"contentUrl\":\"https:\/\/aigeviatges.com\/wp-content\/uploads\/2020\/03\/aig-viatges-logo-web.png\",\"width\":600,\"height\":166,\"caption\":\"AIGE Viatges\"},\"image\":{\"@id\":\"https:\/\/aigeviatges.com\/#\/schema\/logo\/image\/\"},\"sameAs\":[\"https:\/\/www.facebook.com\/viatgesaige\/\"]}]}<\/script>\n<!-- \/ Yoast SEO plugin. -->","yoast_head_json":{"title":"GALICIA RIAS BAIXAS - 6 DIES - AIGE Viatges","description":"Agencia de viajes online | Descubre nuestros viajes inolvidables a GALICIA RIAS BAIXAS - 6 DIES","robots":{"index":"index","follow":"follow","max-snippet":"max-snippet:-1","max-image-preview":"max-image-preview:large","max-video-preview":"max-video-preview:-1"},"canonical":"https:\/\/aigeviatges.com\/es\/producto\/rias-bajas-6-dias\/","og_locale":"es_ES","og_type":"article","og_title":"GALICIA RIAS BAIXAS - 6 DIES - AIGE Viatges","og_description":"Agencia de viajes online | Descubre nuestros viajes inolvidables a GALICIA RIAS BAIXAS - 6 DIES","og_url":"https:\/\/aigeviatges.com\/es\/producto\/rias-bajas-6-dias\/","og_site_name":"AIGE Viatges","article_publisher":"https:\/\/www.facebook.com\/viatgesaige\/","article_modified_time":"2021-03-18T13:31:04+00:00","og_image":[{"width":638,"height":420,"url":"https:\/\/aigeviatges.com\/wp-content\/uploads\/2021\/02\/104.jpg","type":"image\/jpeg"}],"twitter_card":"summary_large_image","twitter_misc":{"Tiempo de lectura":"2 minutos"},"schema":{"@context":"https:\/\/schema.org","@graph":[{"@type":"WebPage","@id":"https:\/\/aigeviatges.com\/producto\/galicia-rias-baixas-6-dies\/","url":"https:\/\/aigeviatges.com\/producto\/galicia-rias-baixas-6-dies\/","name":"GALICIA RIAS BAIXAS - 6 DIES - AIGE Viatges","isPartOf":{"@id":"https:\/\/aigeviatges.com\/#website"},"datePublished":"2021-02-16T19:19:49+00:00","dateModified":"2021-03-18T13:31:04+00:00","description":"Agencia de viajes online | Descubre nuestros viajes inolvidables a GALICIA RIAS BAIXAS - 6 DIES","breadcrumb":{"@id":"https:\/\/aigeviatges.com\/producto\/galicia-rias-baixas-6-dies\/#breadcrumb"},"inLanguage":"es","potentialAction":[{"@type":"ReadAction","target":["https:\/\/aigeviatges.com\/producto\/galicia-rias-baixas-6-dies\/"]}]},{"@type":"BreadcrumbList","@id":"https:\/\/aigeviatges.com\/producto\/galicia-rias-baixas-6-dies\/#breadcrumb","itemListElement":[{"@type":"ListItem","position":1,"name":"Portada","item":"https:\/\/aigeviatges.com\/"},{"@type":"ListItem","position":2,"name":"Tienda","item":"https:\/\/aigeviatges.com\/tienda-2\/"},{"@type":"ListItem","position":3,"name":"GALICIA RIAS BAIXAS &#8211; 6 DIES"}]},{"@type":"WebSite","@id":"https:\/\/aigeviatges.com\/#website","url":"https:\/\/aigeviatges.com\/","name":"AIGE Viatges","description":"Agencia de viajes especializada en producto propio para grupos.","publisher":{"@id":"https:\/\/aigeviatges.com\/#organization"},"potentialAction":[{"@type":"SearchAction","target":{"@type":"EntryPoint","urlTemplate":"https:\/\/aigeviatges.com\/?s={search_term_string}"},"query-input":"required name=search_term_string"}],"inLanguage":"es"},{"@type":"Organization","@id":"https:\/\/aigeviatges.com\/#organization","name":"AIGE Viatges","url":"https:\/\/aigeviatges.com\/","logo":{"@type":"ImageObject","inLanguage":"es","@id":"https:\/\/aigeviatges.com\/#\/schema\/logo\/image\/","url":"https:\/\/aigeviatges.com\/wp-content\/uploads\/2020\/03\/aig-viatges-logo-web.png","contentUrl":"https:\/\/aigeviatges.com\/wp-content\/uploads\/2020\/03\/aig-viatges-logo-web.png","width":600,"height":166,"caption":"AIGE Viatges"},"image":{"@id":"https:\/\/aigeviatges.com\/#\/schema\/logo\/image\/"},"sameAs":["https:\/\/www.facebook.com\/viatgesaige\/"]}]}},"jetpack_sharing_enabled":true,"jetpack_likes_enabled":false,"_links":{"self":[{"href":"https:\/\/aigeviatges.com\/es\/wp-json\/wp\/v2\/product\/632","targetHints":{"allow":["GET"]}}],"collection":[{"href":"https:\/\/aigeviatges.com\/es\/wp-json\/wp\/v2\/product"}],"about":[{"href":"https:\/\/aigeviatges.com\/es\/wp-json\/wp\/v2\/types\/product"}],"wp:featuredmedia":[{"embeddable":true,"href":"https:\/\/aigeviatges.com\/es\/wp-json\/wp\/v2\/media\/633"}],"wp:attachment":[{"href":"https:\/\/aigeviatges.com\/es\/wp-json\/wp\/v2\/media?parent=632"}],"wp:term":[{"taxonomy":"product_cat","embeddable":true,"href":"https:\/\/aigeviatges.com\/es\/wp-json\/wp\/v2\/product_cat?post=632"},{"taxonomy":"product_tag","embeddable":true,"href":"https:\/\/aigeviatges.com\/es\/wp-json\/wp\/v2\/product_tag?post=632"}],"curies":[{"name":"wp","href":"https:\/\/api.w.org\/{rel}","templated":true}]}}