{"id":631,"date":"2021-02-16T18:47:55","date_gmt":"2021-02-16T18:47:55","guid":{"rendered":"https:\/\/aigeviatges.com\/?post_type=product&#038;p=631"},"modified":"2021-03-18T13:27:32","modified_gmt":"2021-03-18T13:27:32","slug":"andalucia-pobles-blancs-6-dies","status":"publish","type":"product","link":"https:\/\/aigeviatges.com\/es\/producto\/andalucia-pueblos-blancos-6-dias\/","title":{"rendered":"ANDALUCIA, PUEBLOS BLANCOS \u2013 6 D\u00cdAS"},"content":{"rendered":"<p><strong><img loading=\"lazy\" decoding=\"async\" class=\"alignnone size-medium wp-image-716\" src=\"https:\/\/aigeviatges.com\/wp-content\/uploads\/2021\/02\/222-300x186.jpg\" alt=\"\" width=\"300\" height=\"186\" srcset=\"https:\/\/aigeviatges.com\/wp-content\/uploads\/2021\/02\/222-300x186.jpg 300w, https:\/\/aigeviatges.com\/wp-content\/uploads\/2021\/02\/222.jpg 346w\" sizes=\"auto, (max-width: 300px) 100vw, 300px\" \/><\/strong><\/p>\n<p><strong>D\u00eda 1: BARCELONA \/ TARRAGONA \/ GIRONA - AVE - CORDOBA - PRUEBA DE CADIZ<\/strong><br \/>\nSalida en tren AVE a C\u00f3rdoba. Almuerzo en Rte. Por la tarde visitaremos la famosa Mezquita, hoy catedral cristiana sin culto. A continuaci\u00f3n, salida hacia la provincia de C\u00e1diz hasta llegar a nuestro hotel. Acomodaci\u00f3n, cena y alojamiento.<\/p>\n<p><strong>D\u00eda 2: JEREZ DE LA FRONTERA - EL PUERTO DE SANTA MARIA<\/strong><br \/>\nDesayuno. Salida a Jerez de la Frontera, donde visitaremos una de las famosas bodegas de la ciudad con degustaci\u00f3n incluida y asistencia a un espect\u00e1culo de caballos de Jerez. Almuerzo. Por la tarde visitaremos El Puerto de Sta. Maria, la ciudad de los cien palacios, destaca la Iglesia Mayor Prioral, Plaza de Toros, Casa de los Leones y otras casas de comerciantes de Indias, Fuente de las Galeras Reales, etc. Cena y alojamiento.<\/p>\n<p><strong>D\u00eda 3: SEVILLA<\/strong><br \/>\nDesayuno. Salida a Sevilla. Realizaremos una visita panor\u00e1mica, la Plaza Espa\u00f1a, la Torre del Oro, Recinto de la Expo, Barrio de Triana etc. Almuerzo. Por la tarde seguiremos con la visita de la Catedral con la famosa Giralda, declarada Patrimonio de la Humanidad. Regreso al hotel. Cena y alojamiento.<\/p>\n<p><strong>D\u00eda 4: CADIZ - SAN LUCAR DE BARRAMEDA<\/strong><br \/>\nDesayuno. Por la ma\u00f1ana, visitaremos la famosa \u201ctasita de Plata\u201d. C\u00e1diz. Efectuaremos una panor\u00e1mica de la ciudad para finalizar en la plaza del ayuntamiento, donde a pie, conoceremos el casco antiguo, como su catedral. Tiempo libre. Almuerzo. Por la tarde visita de Sanl\u00facar de Barrameda, hermosa ciudad, junto a la desembocadura del r\u00edo Guadalquivir y cuna de la Manzanilla. Regreso al hotel. Cena y alojamiento.<\/p>\n<p><strong>D\u00eda 5: LOS PUEBLOS BLANCOS \u2013 GRAZALEMA \u2013 UBRIQUE Y ARCOS DE LA FRONTERA<\/strong><br \/>\nDesayuno y salida a Grazalema, nombrada como \u201dla joya blanca serrana\u201d. Pueblo t\u00edpicamente serrano que ha sabido, como ninguna, armonizar desarrollo tur\u00edstico y respeto al medio ambiente. Visitaremos una ruta llamada del agua donde disfrutaremos de todas las maravillas y monumentos de este pueblecito serrano. Almuerzo. Continuaci\u00f3n de la ruta por la llamada ruta de los &quot;pueblos Blancos&quot;, visitando Ubrique y Arcos de la Frontera. Regreso al hotel. Cena y alojamiento.<\/p>\n<p><strong>D\u00eda 6: PRUEVO DE CADIZ - SEVILLA - AVE - BARCELONA \/ TARRAGONA \/ GIRONA<\/strong><br \/>\nDesayuno en el hotel y salida a Sevilla o C\u00f3rdoba. Dispondremos de tiempo libre en el centro hist\u00f3rico, posibilidad de ver alguno de sus famosos patios adornados de flores (C\u00f3rdoba) o pasear por el barrio de Santa Cruz (Sevilla). Almuerzo en rto. Por la tarde, regreso al punto de partida en AVE. Llegada y fin de nuestros servicios.<\/p>","protected":false},"excerpt":{"rendered":"<p><strong>INCLUYE:\u00a0<\/strong><\/p>\n<ul>\n<li>Traslados origen-estaci\u00f3n y regreso (m\u00ednimo 25 pax)<\/li>\n<li>AVE BCN\/TAR\/GIR \u2013 C\u00f3rdoba \/ Sevilla \u2013 BCN\/TAR\/GIR<\/li>\n<li>Autocar de lujo por todo el circuito<\/li>\n<li>Gu\u00eda acompa\u00f1ante de AIGE<\/li>\n<li>Hotel 3***<\/li>\n<li>Pensi\u00f3n completa con vino y agua (del almuerzo del d\u00eda 1 al almuerzo del d\u00eda 6)<\/li>\n<li>Entrada en la Mezquita de C\u00f3rdoba<\/li>\n<li>Entrada en la catedral de Sevilla<\/li>\n<li>Visita de Bodega en Jerez con espect\u00e1culo ecuestre<\/li>\n<li>Seguro de asistencia en viaje<\/li>\n<\/ul>\n<p><strong><em>Nota sobre el alojamiento:\u00a0<\/em><\/strong><strong><em>todas las noches en el mismo hotel<\/em><\/strong><\/p>","protected":false},"featured_media":624,"template":"","meta":[],"product_cat":[52,37],"product_tag":[],"class_list":["post-631","product","type-product","status-publish","has-post-thumbnail","hentry","product_cat-amb-ave","product_cat-circuits-nacional"],"yoast_head":"<!-- This site is optimized with the Yoast SEO plugin v21.7 - https:\/\/yoast.com\/wordpress\/plugins\/seo\/ -->\n<title>ANDALUCIA, POBLES BLANCS - 6 DIES - AIGE Viatges<\/title>\n<meta name=\"description\" content=\"Agencia de viajes online | Descubre nuestros viajes inolvidables a ANDALUCIA, POBLES BLANCS - 6 DIES\" \/>\n<meta name=\"robots\" content=\"index, follow, max-snippet:-1, max-image-preview:large, max-video-preview:-1\" \/>\n<link rel=\"canonical\" href=\"https:\/\/aigeviatges.com\/es\/producto\/andalucia-pueblos-blancos-6-dias\/\" \/>\n<meta property=\"og:locale\" content=\"es_ES\" \/>\n<meta property=\"og:type\" content=\"article\" \/>\n<meta property=\"og:title\" content=\"ANDALUCIA, POBLES BLANCS - 6 DIES - AIGE Viatges\" \/>\n<meta property=\"og:description\" content=\"Agencia de viajes online | Descubre nuestros viajes inolvidables a ANDALUCIA, POBLES BLANCS - 6 DIES\" \/>\n<meta property=\"og:url\" content=\"https:\/\/aigeviatges.com\/es\/producto\/andalucia-pueblos-blancos-6-dias\/\" \/>\n<meta property=\"og:site_name\" content=\"AIGE Viatges\" \/>\n<meta property=\"article:publisher\" content=\"https:\/\/www.facebook.com\/viatgesaige\/\" \/>\n<meta property=\"article:modified_time\" content=\"2021-03-18T13:27:32+00:00\" \/>\n<meta property=\"og:image\" content=\"https:\/\/aigeviatges.com\/wp-content\/uploads\/2021\/02\/1-2.jpg\" \/>\n\t<meta property=\"og:image:width\" content=\"673\" \/>\n\t<meta property=\"og:image:height\" content=\"541\" \/>\n\t<meta property=\"og:image:type\" content=\"image\/jpeg\" \/>\n<meta name=\"twitter:card\" content=\"summary_large_image\" \/>\n<meta name=\"twitter:label1\" content=\"Tiempo de lectura\" \/>\n\t<meta name=\"twitter:data1\" content=\"2 minutos\" \/>\n<script type=\"application\/ld+json\" class=\"yoast-schema-graph\">{\"@context\":\"https:\/\/schema.org\",\"@graph\":[{\"@type\":\"WebPage\",\"@id\":\"https:\/\/aigeviatges.com\/producto\/andalucia-pobles-blancs-6-dies\/\",\"url\":\"https:\/\/aigeviatges.com\/producto\/andalucia-pobles-blancs-6-dies\/\",\"name\":\"ANDALUCIA, POBLES BLANCS - 6 DIES - AIGE Viatges\",\"isPartOf\":{\"@id\":\"https:\/\/aigeviatges.com\/#website\"},\"datePublished\":\"2021-02-16T18:47:55+00:00\",\"dateModified\":\"2021-03-18T13:27:32+00:00\",\"description\":\"Agencia de viajes online | Descubre nuestros viajes inolvidables a ANDALUCIA, POBLES BLANCS - 6 DIES\",\"breadcrumb\":{\"@id\":\"https:\/\/aigeviatges.com\/producto\/andalucia-pobles-blancs-6-dies\/#breadcrumb\"},\"inLanguage\":\"es\",\"potentialAction\":[{\"@type\":\"ReadAction\",\"target\":[\"https:\/\/aigeviatges.com\/producto\/andalucia-pobles-blancs-6-dies\/\"]}]},{\"@type\":\"BreadcrumbList\",\"@id\":\"https:\/\/aigeviatges.com\/producto\/andalucia-pobles-blancs-6-dies\/#breadcrumb\",\"itemListElement\":[{\"@type\":\"ListItem\",\"position\":1,\"name\":\"Portada\",\"item\":\"https:\/\/aigeviatges.com\/\"},{\"@type\":\"ListItem\",\"position\":2,\"name\":\"Tienda\",\"item\":\"https:\/\/aigeviatges.com\/tienda-2\/\"},{\"@type\":\"ListItem\",\"position\":3,\"name\":\"ANDALUCIA, POBLES BLANCS &#8211; 6 DIES\"}]},{\"@type\":\"WebSite\",\"@id\":\"https:\/\/aigeviatges.com\/#website\",\"url\":\"https:\/\/aigeviatges.com\/\",\"name\":\"AIGE Viatges\",\"description\":\"Agencia de viajes especializada en producto propio para grupos.\",\"publisher\":{\"@id\":\"https:\/\/aigeviatges.com\/#organization\"},\"potentialAction\":[{\"@type\":\"SearchAction\",\"target\":{\"@type\":\"EntryPoint\",\"urlTemplate\":\"https:\/\/aigeviatges.com\/?s={search_term_string}\"},\"query-input\":\"required name=search_term_string\"}],\"inLanguage\":\"es\"},{\"@type\":\"Organization\",\"@id\":\"https:\/\/aigeviatges.com\/#organization\",\"name\":\"AIGE Viatges\",\"url\":\"https:\/\/aigeviatges.com\/\",\"logo\":{\"@type\":\"ImageObject\",\"inLanguage\":\"es\",\"@id\":\"https:\/\/aigeviatges.com\/#\/schema\/logo\/image\/\",\"url\":\"https:\/\/aigeviatges.com\/wp-content\/uploads\/2020\/03\/aig-viatges-logo-web.png\",\"contentUrl\":\"https:\/\/aigeviatges.com\/wp-content\/uploads\/2020\/03\/aig-viatges-logo-web.png\",\"width\":600,\"height\":166,\"caption\":\"AIGE Viatges\"},\"image\":{\"@id\":\"https:\/\/aigeviatges.com\/#\/schema\/logo\/image\/\"},\"sameAs\":[\"https:\/\/www.facebook.com\/viatgesaige\/\"]}]}<\/script>\n<!-- \/ Yoast SEO plugin. -->","yoast_head_json":{"title":"ANDALUCIA, POBLES BLANCS - 6 DIES - AIGE Viatges","description":"Agencia de viajes online | Descubre nuestros viajes inolvidables a ANDALUCIA, POBLES BLANCS - 6 DIES","robots":{"index":"index","follow":"follow","max-snippet":"max-snippet:-1","max-image-preview":"max-image-preview:large","max-video-preview":"max-video-preview:-1"},"canonical":"https:\/\/aigeviatges.com\/es\/producto\/andalucia-pueblos-blancos-6-dias\/","og_locale":"es_ES","og_type":"article","og_title":"ANDALUCIA, POBLES BLANCS - 6 DIES - AIGE Viatges","og_description":"Agencia de viajes online | Descubre nuestros viajes inolvidables a ANDALUCIA, POBLES BLANCS - 6 DIES","og_url":"https:\/\/aigeviatges.com\/es\/producto\/andalucia-pueblos-blancos-6-dias\/","og_site_name":"AIGE Viatges","article_publisher":"https:\/\/www.facebook.com\/viatgesaige\/","article_modified_time":"2021-03-18T13:27:32+00:00","og_image":[{"width":673,"height":541,"url":"https:\/\/aigeviatges.com\/wp-content\/uploads\/2021\/02\/1-2.jpg","type":"image\/jpeg"}],"twitter_card":"summary_large_image","twitter_misc":{"Tiempo de lectura":"2 minutos"},"schema":{"@context":"https:\/\/schema.org","@graph":[{"@type":"WebPage","@id":"https:\/\/aigeviatges.com\/producto\/andalucia-pobles-blancs-6-dies\/","url":"https:\/\/aigeviatges.com\/producto\/andalucia-pobles-blancs-6-dies\/","name":"ANDALUCIA, POBLES BLANCS - 6 DIES - AIGE Viatges","isPartOf":{"@id":"https:\/\/aigeviatges.com\/#website"},"datePublished":"2021-02-16T18:47:55+00:00","dateModified":"2021-03-18T13:27:32+00:00","description":"Agencia de viajes online | Descubre nuestros viajes inolvidables a ANDALUCIA, POBLES BLANCS - 6 DIES","breadcrumb":{"@id":"https:\/\/aigeviatges.com\/producto\/andalucia-pobles-blancs-6-dies\/#breadcrumb"},"inLanguage":"es","potentialAction":[{"@type":"ReadAction","target":["https:\/\/aigeviatges.com\/producto\/andalucia-pobles-blancs-6-dies\/"]}]},{"@type":"BreadcrumbList","@id":"https:\/\/aigeviatges.com\/producto\/andalucia-pobles-blancs-6-dies\/#breadcrumb","itemListElement":[{"@type":"ListItem","position":1,"name":"Portada","item":"https:\/\/aigeviatges.com\/"},{"@type":"ListItem","position":2,"name":"Tienda","item":"https:\/\/aigeviatges.com\/tienda-2\/"},{"@type":"ListItem","position":3,"name":"ANDALUCIA, POBLES BLANCS &#8211; 6 DIES"}]},{"@type":"WebSite","@id":"https:\/\/aigeviatges.com\/#website","url":"https:\/\/aigeviatges.com\/","name":"AIGE Viatges","description":"Agencia de viajes especializada en producto propio para grupos.","publisher":{"@id":"https:\/\/aigeviatges.com\/#organization"},"potentialAction":[{"@type":"SearchAction","target":{"@type":"EntryPoint","urlTemplate":"https:\/\/aigeviatges.com\/?s={search_term_string}"},"query-input":"required name=search_term_string"}],"inLanguage":"es"},{"@type":"Organization","@id":"https:\/\/aigeviatges.com\/#organization","name":"AIGE Viatges","url":"https:\/\/aigeviatges.com\/","logo":{"@type":"ImageObject","inLanguage":"es","@id":"https:\/\/aigeviatges.com\/#\/schema\/logo\/image\/","url":"https:\/\/aigeviatges.com\/wp-content\/uploads\/2020\/03\/aig-viatges-logo-web.png","contentUrl":"https:\/\/aigeviatges.com\/wp-content\/uploads\/2020\/03\/aig-viatges-logo-web.png","width":600,"height":166,"caption":"AIGE Viatges"},"image":{"@id":"https:\/\/aigeviatges.com\/#\/schema\/logo\/image\/"},"sameAs":["https:\/\/www.facebook.com\/viatgesaige\/"]}]}},"jetpack_sharing_enabled":true,"jetpack_likes_enabled":false,"_links":{"self":[{"href":"https:\/\/aigeviatges.com\/es\/wp-json\/wp\/v2\/product\/631","targetHints":{"allow":["GET"]}}],"collection":[{"href":"https:\/\/aigeviatges.com\/es\/wp-json\/wp\/v2\/product"}],"about":[{"href":"https:\/\/aigeviatges.com\/es\/wp-json\/wp\/v2\/types\/product"}],"wp:featuredmedia":[{"embeddable":true,"href":"https:\/\/aigeviatges.com\/es\/wp-json\/wp\/v2\/media\/624"}],"wp:attachment":[{"href":"https:\/\/aigeviatges.com\/es\/wp-json\/wp\/v2\/media?parent=631"}],"wp:term":[{"taxonomy":"product_cat","embeddable":true,"href":"https:\/\/aigeviatges.com\/es\/wp-json\/wp\/v2\/product_cat?post=631"},{"taxonomy":"product_tag","embeddable":true,"href":"https:\/\/aigeviatges.com\/es\/wp-json\/wp\/v2\/product_tag?post=631"}],"curies":[{"name":"wp","href":"https:\/\/api.w.org\/{rel}","templated":true}]}}