{"id":614,"date":"2021-02-16T17:39:16","date_gmt":"2021-02-16T17:39:16","guid":{"rendered":"https:\/\/aigeviatges.com\/?post_type=product&#038;p=614"},"modified":"2021-03-17T12:04:55","modified_gmt":"2021-03-17T12:04:55","slug":"belleses-del-nord-5-dies","status":"publish","type":"product","link":"https:\/\/aigeviatges.com\/es\/producto\/bellezas-del-norte-5-dias\/","title":{"rendered":"BELLEZAS DEL NORTE \u2013 5 D\u00cdAS"},"content":{"rendered":"<p><strong>D\u00eda 1:\u00a0 \u00a0 \u00a0 <\/strong><strong>\u00a0 ORIGEN - C<\/strong><strong>OSTA DEL CANT\u00c1BRICO<\/strong><br \/>\nSalida de nuestra ciudad en direcci\u00f3n L\u00e9rida, Zaragoza, tierras de La Rioja. Almuerzo en restaurante. Continuaci\u00f3n hasta llegar a nuestro hotel. Acomodaci\u00f3n, cena y alojamiento.<\/p>\n<p><strong>D\u00eda 2: BILBAO - SANTO\u00d1A<\/strong><br \/>\nSalida a Bilbao. Visita de la ciudad. Recorreremos las principales avenidas y lugares de inter\u00e9s. Destaca el museo Guggenheim, donde quien lo desee, dispondr\u00e1 de tiempo libre para la visita del interior (entrada no incluida). Almuerzo en el hotel. Por la tarde visitaremos Santo\u00f1a, t\u00edpica poblaci\u00f3n de tradici\u00f3n marinera, veremos c\u00f3mo trabajan la anchoa, su principal industria. Regreso al hotel. Cena y alojamiento<\/p>\n<p><strong>D\u00eda 3: CASTROURDIALES \u2013 LIERGANAS \u2013 BAREYO<\/strong><br \/>\nSalida a Castrourdiales, visita de esta villa de balcones de madera y preciosos jardines que logr\u00f3 el reconocimiento como Conjunto Hist\u00f3rico. Su patrimonio monumental est\u00e1 formado por la iglesia de Santa Mar\u00eda, -la mejor obra g\u00f3tica de Cantabria (construida entre los siglos XIII y XV)-, el castillo-faro y el hermoso puente medieval. Almuerzo en el hotel. Por la tarde visitaremos Li\u00e9rganes, una villa con preciosos rincones, cuya parte antigua ha sido declarada conjunto hist\u00f3rico-art\u00edstico. Cuenta con varias casas nobles que, junto a las de Rubalcaba y El Palacio de Elsedo en P\u00e1manes dan una buena muestra de la arquitectura civil monta\u00f1esa. De regreso al hotel visitaremos Bareyo. Peque\u00f1a poblaci\u00f3n que posee un importante patrimonio arquitect\u00f3nico, destacando la iglesia de Santa Mar\u00eda, uno de los m\u00e1s bellos ejemplos del rom\u00e1nico. Cena y alojamiento.<\/p>\n<p><strong>D\u00eda 4: DE SANTURTZI A GETXO \u2013 PUENTE COLGADO \u2013 LIMPIAS y LA BIEN APARECIDA<\/strong><br \/>\nSalida a Santurzi donde cruzaremos a trav\u00e9s del famoso puente colgado en la orilla opuesta, entrando en Getxo. Visitaremos el barrio de los pescadores, el Port Vell de Algorta. Con sus pintorescas casas de colores y las estrechas calles en pendiente. Podremos degustar los tentadores \u201cpinchos\u201d, aut\u00e9ntica cocina en miniatura, en alguna de sus numerosas tabernas. Almuerzo en el hotel. Por la tarde visitaremos el Santuario de Cristo de Limpias y la Bien Aparecida, patrona de Cantabria. Regreso al hotel. Cena y alojamiento. Regreso al hotel. Cena y alojamiento.<\/p>\n<p><strong>D\u00eda 5: CANTABRIA - ORIGEN<\/strong><br \/>\nDesayuno y salida por la autopista que nos conducir\u00e1 hasta La Rioja y alrededores de Zaragoza, donde efectuaremos el almuerzo de despedida. Continuaci\u00f3n direcci\u00f3n L\u00e9rida hasta llegar a nuestra ciudad.<\/p>","protected":false},"excerpt":{"rendered":"<p><strong>INCLUYE:\u00a0<\/strong><\/p>\n<ul>\n<li>Autocar de lujo por todo el circuito<\/li>\n<li>Gu\u00eda acompa\u00f1ante de AIGE<\/li>\n<li>Hotel 3***<\/li>\n<li>Pensi\u00f3n completa con agua y vino (del almuerzo del d\u00eda 1 al almuerzo del d\u00eda 5)<\/li>\n<li>Trayecto del Puente Colgado<\/li>\n<li>Seguro de asistencia en viaje<\/li>\n<\/ul>\n<p><strong><em>Nota sobre el alojamiento: <\/em><\/strong><strong><em>todas las noches en el mismo hotel<\/em><\/strong><\/p>","protected":false},"featured_media":616,"template":"","meta":[],"product_cat":[51,37],"product_tag":[],"class_list":["post-614","product","type-product","status-publish","has-post-thumbnail","hentry","product_cat-amb-autocar","product_cat-circuits-nacional"],"yoast_head":"<!-- This site is optimized with the Yoast SEO plugin v21.7 - https:\/\/yoast.com\/wordpress\/plugins\/seo\/ -->\n<title>BELLESES DEL NORD - 5 DIES - AIGE Viatges<\/title>\n<meta name=\"description\" content=\"Agencia de viajes online | Descubre nuestros viajes inolvidables a BELLESES DEL NORD - 5 DIES\" \/>\n<meta name=\"robots\" content=\"index, follow, max-snippet:-1, max-image-preview:large, max-video-preview:-1\" \/>\n<link rel=\"canonical\" href=\"https:\/\/aigeviatges.com\/es\/producto\/bellezas-del-norte-5-dias\/\" \/>\n<meta property=\"og:locale\" content=\"es_ES\" \/>\n<meta property=\"og:type\" content=\"article\" \/>\n<meta property=\"og:title\" content=\"BELLESES DEL NORD - 5 DIES - AIGE Viatges\" \/>\n<meta property=\"og:description\" content=\"Agencia de viajes online | Descubre nuestros viajes inolvidables a BELLESES DEL NORD - 5 DIES\" \/>\n<meta property=\"og:url\" content=\"https:\/\/aigeviatges.com\/es\/producto\/bellezas-del-norte-5-dias\/\" \/>\n<meta property=\"og:site_name\" content=\"AIGE Viatges\" \/>\n<meta property=\"article:publisher\" content=\"https:\/\/www.facebook.com\/viatgesaige\/\" \/>\n<meta property=\"article:modified_time\" content=\"2021-03-17T12:04:55+00:00\" \/>\n<meta property=\"og:image\" content=\"https:\/\/aigeviatges.com\/wp-content\/uploads\/2021\/02\/3-1.jpg\" \/>\n\t<meta property=\"og:image:width\" content=\"660\" \/>\n\t<meta property=\"og:image:height\" content=\"440\" \/>\n\t<meta property=\"og:image:type\" content=\"image\/jpeg\" \/>\n<meta name=\"twitter:card\" content=\"summary_large_image\" \/>\n<meta name=\"twitter:label1\" content=\"Tiempo de lectura\" \/>\n\t<meta name=\"twitter:data1\" content=\"2 minutos\" \/>\n<script type=\"application\/ld+json\" class=\"yoast-schema-graph\">{\"@context\":\"https:\/\/schema.org\",\"@graph\":[{\"@type\":\"WebPage\",\"@id\":\"https:\/\/aigeviatges.com\/producto\/belleses-del-nord-5-dies\/\",\"url\":\"https:\/\/aigeviatges.com\/producto\/belleses-del-nord-5-dies\/\",\"name\":\"BELLESES DEL NORD - 5 DIES - AIGE Viatges\",\"isPartOf\":{\"@id\":\"https:\/\/aigeviatges.com\/#website\"},\"datePublished\":\"2021-02-16T17:39:16+00:00\",\"dateModified\":\"2021-03-17T12:04:55+00:00\",\"description\":\"Agencia de viajes online | Descubre nuestros viajes inolvidables a BELLESES DEL NORD - 5 DIES\",\"breadcrumb\":{\"@id\":\"https:\/\/aigeviatges.com\/producto\/belleses-del-nord-5-dies\/#breadcrumb\"},\"inLanguage\":\"es\",\"potentialAction\":[{\"@type\":\"ReadAction\",\"target\":[\"https:\/\/aigeviatges.com\/producto\/belleses-del-nord-5-dies\/\"]}]},{\"@type\":\"BreadcrumbList\",\"@id\":\"https:\/\/aigeviatges.com\/producto\/belleses-del-nord-5-dies\/#breadcrumb\",\"itemListElement\":[{\"@type\":\"ListItem\",\"position\":1,\"name\":\"Portada\",\"item\":\"https:\/\/aigeviatges.com\/\"},{\"@type\":\"ListItem\",\"position\":2,\"name\":\"Tienda\",\"item\":\"https:\/\/aigeviatges.com\/tienda-2\/\"},{\"@type\":\"ListItem\",\"position\":3,\"name\":\"BELLESES DEL NORD &#8211; 5 DIES\"}]},{\"@type\":\"WebSite\",\"@id\":\"https:\/\/aigeviatges.com\/#website\",\"url\":\"https:\/\/aigeviatges.com\/\",\"name\":\"AIGE Viatges\",\"description\":\"Agencia de viajes especializada en producto propio para grupos.\",\"publisher\":{\"@id\":\"https:\/\/aigeviatges.com\/#organization\"},\"potentialAction\":[{\"@type\":\"SearchAction\",\"target\":{\"@type\":\"EntryPoint\",\"urlTemplate\":\"https:\/\/aigeviatges.com\/?s={search_term_string}\"},\"query-input\":\"required name=search_term_string\"}],\"inLanguage\":\"es\"},{\"@type\":\"Organization\",\"@id\":\"https:\/\/aigeviatges.com\/#organization\",\"name\":\"AIGE Viatges\",\"url\":\"https:\/\/aigeviatges.com\/\",\"logo\":{\"@type\":\"ImageObject\",\"inLanguage\":\"es\",\"@id\":\"https:\/\/aigeviatges.com\/#\/schema\/logo\/image\/\",\"url\":\"https:\/\/aigeviatges.com\/wp-content\/uploads\/2020\/03\/aig-viatges-logo-web.png\",\"contentUrl\":\"https:\/\/aigeviatges.com\/wp-content\/uploads\/2020\/03\/aig-viatges-logo-web.png\",\"width\":600,\"height\":166,\"caption\":\"AIGE Viatges\"},\"image\":{\"@id\":\"https:\/\/aigeviatges.com\/#\/schema\/logo\/image\/\"},\"sameAs\":[\"https:\/\/www.facebook.com\/viatgesaige\/\"]}]}<\/script>\n<!-- \/ Yoast SEO plugin. -->","yoast_head_json":{"title":"BELLESES DEL NORD - 5 DIES - AIGE Viatges","description":"Agencia de viajes online | Descubre nuestros viajes inolvidables a BELLESES DEL NORD - 5 DIES","robots":{"index":"index","follow":"follow","max-snippet":"max-snippet:-1","max-image-preview":"max-image-preview:large","max-video-preview":"max-video-preview:-1"},"canonical":"https:\/\/aigeviatges.com\/es\/producto\/bellezas-del-norte-5-dias\/","og_locale":"es_ES","og_type":"article","og_title":"BELLESES DEL NORD - 5 DIES - AIGE Viatges","og_description":"Agencia de viajes online | Descubre nuestros viajes inolvidables a BELLESES DEL NORD - 5 DIES","og_url":"https:\/\/aigeviatges.com\/es\/producto\/bellezas-del-norte-5-dias\/","og_site_name":"AIGE Viatges","article_publisher":"https:\/\/www.facebook.com\/viatgesaige\/","article_modified_time":"2021-03-17T12:04:55+00:00","og_image":[{"width":660,"height":440,"url":"https:\/\/aigeviatges.com\/wp-content\/uploads\/2021\/02\/3-1.jpg","type":"image\/jpeg"}],"twitter_card":"summary_large_image","twitter_misc":{"Tiempo de lectura":"2 minutos"},"schema":{"@context":"https:\/\/schema.org","@graph":[{"@type":"WebPage","@id":"https:\/\/aigeviatges.com\/producto\/belleses-del-nord-5-dies\/","url":"https:\/\/aigeviatges.com\/producto\/belleses-del-nord-5-dies\/","name":"BELLESES DEL NORD - 5 DIES - AIGE Viatges","isPartOf":{"@id":"https:\/\/aigeviatges.com\/#website"},"datePublished":"2021-02-16T17:39:16+00:00","dateModified":"2021-03-17T12:04:55+00:00","description":"Agencia de viajes online | Descubre nuestros viajes inolvidables a BELLESES DEL NORD - 5 DIES","breadcrumb":{"@id":"https:\/\/aigeviatges.com\/producto\/belleses-del-nord-5-dies\/#breadcrumb"},"inLanguage":"es","potentialAction":[{"@type":"ReadAction","target":["https:\/\/aigeviatges.com\/producto\/belleses-del-nord-5-dies\/"]}]},{"@type":"BreadcrumbList","@id":"https:\/\/aigeviatges.com\/producto\/belleses-del-nord-5-dies\/#breadcrumb","itemListElement":[{"@type":"ListItem","position":1,"name":"Portada","item":"https:\/\/aigeviatges.com\/"},{"@type":"ListItem","position":2,"name":"Tienda","item":"https:\/\/aigeviatges.com\/tienda-2\/"},{"@type":"ListItem","position":3,"name":"BELLESES DEL NORD &#8211; 5 DIES"}]},{"@type":"WebSite","@id":"https:\/\/aigeviatges.com\/#website","url":"https:\/\/aigeviatges.com\/","name":"AIGE Viatges","description":"Agencia de viajes especializada en producto propio para grupos.","publisher":{"@id":"https:\/\/aigeviatges.com\/#organization"},"potentialAction":[{"@type":"SearchAction","target":{"@type":"EntryPoint","urlTemplate":"https:\/\/aigeviatges.com\/?s={search_term_string}"},"query-input":"required name=search_term_string"}],"inLanguage":"es"},{"@type":"Organization","@id":"https:\/\/aigeviatges.com\/#organization","name":"AIGE Viatges","url":"https:\/\/aigeviatges.com\/","logo":{"@type":"ImageObject","inLanguage":"es","@id":"https:\/\/aigeviatges.com\/#\/schema\/logo\/image\/","url":"https:\/\/aigeviatges.com\/wp-content\/uploads\/2020\/03\/aig-viatges-logo-web.png","contentUrl":"https:\/\/aigeviatges.com\/wp-content\/uploads\/2020\/03\/aig-viatges-logo-web.png","width":600,"height":166,"caption":"AIGE Viatges"},"image":{"@id":"https:\/\/aigeviatges.com\/#\/schema\/logo\/image\/"},"sameAs":["https:\/\/www.facebook.com\/viatgesaige\/"]}]}},"jetpack_sharing_enabled":true,"jetpack_likes_enabled":false,"_links":{"self":[{"href":"https:\/\/aigeviatges.com\/es\/wp-json\/wp\/v2\/product\/614","targetHints":{"allow":["GET"]}}],"collection":[{"href":"https:\/\/aigeviatges.com\/es\/wp-json\/wp\/v2\/product"}],"about":[{"href":"https:\/\/aigeviatges.com\/es\/wp-json\/wp\/v2\/types\/product"}],"wp:featuredmedia":[{"embeddable":true,"href":"https:\/\/aigeviatges.com\/es\/wp-json\/wp\/v2\/media\/616"}],"wp:attachment":[{"href":"https:\/\/aigeviatges.com\/es\/wp-json\/wp\/v2\/media?parent=614"}],"wp:term":[{"taxonomy":"product_cat","embeddable":true,"href":"https:\/\/aigeviatges.com\/es\/wp-json\/wp\/v2\/product_cat?post=614"},{"taxonomy":"product_tag","embeddable":true,"href":"https:\/\/aigeviatges.com\/es\/wp-json\/wp\/v2\/product_tag?post=614"}],"curies":[{"name":"wp","href":"https:\/\/api.w.org\/{rel}","templated":true}]}}