{"id":612,"date":"2021-02-16T17:14:45","date_gmt":"2021-02-16T17:14:45","guid":{"rendered":"https:\/\/aigeviatges.com\/?post_type=product&#038;p=612"},"modified":"2021-03-17T12:05:29","modified_gmt":"2021-03-17T12:05:29","slug":"la-vall-de-benasque-4-dies","status":"publish","type":"product","link":"https:\/\/aigeviatges.com\/es\/producto\/el-valle-de-benasque-4-dias\/","title":{"rendered":"EL VALLE DE BENASQUE \u2013 4 D\u00cdAS"},"content":{"rendered":"<p><strong>D\u00eda 1: ORIGEN - GRADOS - CASTEJON DE SOS - BENASQUE<\/strong><br \/>\nSalida a primera hora del punto habitual en direcci\u00f3n Benabarre, (se realizar\u00e1n paradas peri\u00f3dicas). Continuaci\u00f3n hasta llegar a Graus que posee el t\u00edtulo de \u201cMuy noble y Muy antigua Villa. Dispondremos de tiempo libre para la visita. Almuerzo en un restaurante de la zona. Por la tarde visitaremos el pueblecito de Castej\u00f3n de Sos, situado a orillas del r\u00edo \u00c9sera, en el valle de Benasque. Una vez finalizada, nos dirigiremos hasta Benasque. Acomodaci\u00f3n en el hotel. Cena y alojamiento.<\/p>\n<p><strong>D\u00eda 2: RUEDA DE ISABENA \u2013 VILANOVA \u2013 SAHUN\u00a0<\/strong><br \/>\nDesayuno en el hotel y salida por el Valle de Isabena, llegaremos a Roda de Isabena, la que fuera durante muchos a\u00f1os capital pol\u00edtica y religiosa del hist\u00f3rico condado de la Ribagorza, es hoy un bell\u00edsimo conjunto medieval. Su restaurado centro hist\u00f3rico nos permite viajar con la imaginaci\u00f3n a la Edad Media. Visitaremos lo m\u00e1s destacado, como la Catedral del siglo X y el claustro. En su cripta se guarda celosamente el sarc\u00f3fago de San Ram\u00f3n. Regreso al hotel para el almuerzo. Por la tarde visitaremos los t\u00edpicos pueblos Ribagorzanos de Villanova y Sah\u00fan, un magn\u00edfico ejemplo del rom\u00e1nico en estado puro. Regreso al hotel. Cena y alojamiento.<\/p>\n<p><strong>D\u00eda 3: CERLER \u2013 ANCILES<\/strong><br \/>\nDesayuno en el hotel. Por la ma\u00f1ana visitaremos los pueblecitos t\u00edpicos de Cerler y Anciles, con las casas se\u00f1oriales del peque\u00f1o pueblo de Anciles, sus fachadas y sus escudos her\u00e1ldicos y el centro hist\u00f3rico de Cerler tan bien recuperado. Regreso al hotel. Almuerzo. Por la tarde visitaremos Benasque, importante centro hist\u00f3rico que conserva edificaciones como el Palacio de los Condes de Ribagorza, Casa Faure, Casa Juste, etc. Tambi\u00e9n destacan sus numerosos escudos her\u00e1ldicos, arcadas g\u00f3ticas y restos renacentistas, la iglesia dedicada a San Marcial, etc\u2026 Regreso al hotel. Cena y alojamiento.<\/p>\n<p><strong>D\u00eda 4: BENASQUE - BARBASTRO - ORIGEN<\/strong><br \/>\nDesayuno en el hotel. Por la ma\u00f1ana visitaremos Barbastro. Hermosa poblaci\u00f3n que esconde entre sus calles y el conjunto del barrio antiguo, obras de arte cargadas de historia. Almuerzo en restaurante. Seguidamente iniciaremos la ruta de regreso por Bin\u00e9far, Lleida hasta llegar a nuestra ciudad de origen.<\/p>","protected":false},"excerpt":{"rendered":"<p><strong>INCLUYE:\u00a0<\/strong><\/p>\n<ul>\n<li>Autocar de lujo por todo el circuito<\/li>\n<li>Gu\u00eda acompa\u00f1ante de AIGE<\/li>\n<li>Hotel 3***<\/li>\n<li>Pensi\u00f3n completa con agua y vino (del almuerzo del d\u00eda 1 al almuerzo del d\u00eda 4)<\/li>\n<li>Entrada en la catedral de Roda de Isabena<\/li>\n<li>Seguro de asistencia en viaje<\/li>\n<\/ul>\n<p><strong><em>Nota sobre el alojamiento: <\/em><\/strong><strong><em>todas las noches en el mismo hotel<\/em><\/strong><\/p>","protected":false},"featured_media":606,"template":"","meta":[],"product_cat":[51,37],"product_tag":[],"class_list":["post-612","product","type-product","status-publish","has-post-thumbnail","hentry","product_cat-amb-autocar","product_cat-circuits-nacional"],"yoast_head":"<!-- This site is optimized with the Yoast SEO plugin v21.7 - https:\/\/yoast.com\/wordpress\/plugins\/seo\/ -->\n<title>LA VALL DE BENASQUE - 4 DIES - AIGE Viatges<\/title>\n<meta name=\"description\" content=\"Agencia de viajes online | Descubre nuestros viajes inolvidables a LA VALL DE BENASQUE - 4 DIES\" \/>\n<meta name=\"robots\" content=\"index, follow, max-snippet:-1, max-image-preview:large, max-video-preview:-1\" \/>\n<link rel=\"canonical\" href=\"https:\/\/aigeviatges.com\/es\/producto\/el-valle-de-benasque-4-dias\/\" \/>\n<meta property=\"og:locale\" content=\"es_ES\" \/>\n<meta property=\"og:type\" content=\"article\" \/>\n<meta property=\"og:title\" content=\"LA VALL DE BENASQUE - 4 DIES - AIGE Viatges\" \/>\n<meta property=\"og:description\" content=\"Agencia de viajes online | Descubre nuestros viajes inolvidables a LA VALL DE BENASQUE - 4 DIES\" \/>\n<meta property=\"og:url\" content=\"https:\/\/aigeviatges.com\/es\/producto\/el-valle-de-benasque-4-dias\/\" \/>\n<meta property=\"og:site_name\" content=\"AIGE Viatges\" \/>\n<meta property=\"article:publisher\" content=\"https:\/\/www.facebook.com\/viatgesaige\/\" \/>\n<meta property=\"article:modified_time\" content=\"2021-03-17T12:05:29+00:00\" \/>\n<meta property=\"og:image\" content=\"https:\/\/aigeviatges.com\/wp-content\/uploads\/2021\/02\/4.jpg\" \/>\n\t<meta property=\"og:image:width\" content=\"720\" \/>\n\t<meta property=\"og:image:height\" content=\"540\" \/>\n\t<meta property=\"og:image:type\" content=\"image\/jpeg\" \/>\n<meta name=\"twitter:card\" content=\"summary_large_image\" \/>\n<meta name=\"twitter:label1\" content=\"Tiempo de lectura\" \/>\n\t<meta name=\"twitter:data1\" content=\"2 minutos\" \/>\n<script type=\"application\/ld+json\" class=\"yoast-schema-graph\">{\"@context\":\"https:\/\/schema.org\",\"@graph\":[{\"@type\":\"WebPage\",\"@id\":\"https:\/\/aigeviatges.com\/producto\/la-vall-de-benasque-4-dies\/\",\"url\":\"https:\/\/aigeviatges.com\/producto\/la-vall-de-benasque-4-dies\/\",\"name\":\"LA VALL DE BENASQUE - 4 DIES - AIGE Viatges\",\"isPartOf\":{\"@id\":\"https:\/\/aigeviatges.com\/#website\"},\"datePublished\":\"2021-02-16T17:14:45+00:00\",\"dateModified\":\"2021-03-17T12:05:29+00:00\",\"description\":\"Agencia de viajes online | Descubre nuestros viajes inolvidables a LA VALL DE BENASQUE - 4 DIES\",\"breadcrumb\":{\"@id\":\"https:\/\/aigeviatges.com\/producto\/la-vall-de-benasque-4-dies\/#breadcrumb\"},\"inLanguage\":\"es\",\"potentialAction\":[{\"@type\":\"ReadAction\",\"target\":[\"https:\/\/aigeviatges.com\/producto\/la-vall-de-benasque-4-dies\/\"]}]},{\"@type\":\"BreadcrumbList\",\"@id\":\"https:\/\/aigeviatges.com\/producto\/la-vall-de-benasque-4-dies\/#breadcrumb\",\"itemListElement\":[{\"@type\":\"ListItem\",\"position\":1,\"name\":\"Portada\",\"item\":\"https:\/\/aigeviatges.com\/\"},{\"@type\":\"ListItem\",\"position\":2,\"name\":\"Tienda\",\"item\":\"https:\/\/aigeviatges.com\/tienda-2\/\"},{\"@type\":\"ListItem\",\"position\":3,\"name\":\"LA VALL DE BENASQUE &#8211; 4 DIES\"}]},{\"@type\":\"WebSite\",\"@id\":\"https:\/\/aigeviatges.com\/#website\",\"url\":\"https:\/\/aigeviatges.com\/\",\"name\":\"AIGE Viatges\",\"description\":\"Agencia de viajes especializada en producto propio para grupos.\",\"publisher\":{\"@id\":\"https:\/\/aigeviatges.com\/#organization\"},\"potentialAction\":[{\"@type\":\"SearchAction\",\"target\":{\"@type\":\"EntryPoint\",\"urlTemplate\":\"https:\/\/aigeviatges.com\/?s={search_term_string}\"},\"query-input\":\"required name=search_term_string\"}],\"inLanguage\":\"es\"},{\"@type\":\"Organization\",\"@id\":\"https:\/\/aigeviatges.com\/#organization\",\"name\":\"AIGE Viatges\",\"url\":\"https:\/\/aigeviatges.com\/\",\"logo\":{\"@type\":\"ImageObject\",\"inLanguage\":\"es\",\"@id\":\"https:\/\/aigeviatges.com\/#\/schema\/logo\/image\/\",\"url\":\"https:\/\/aigeviatges.com\/wp-content\/uploads\/2020\/03\/aig-viatges-logo-web.png\",\"contentUrl\":\"https:\/\/aigeviatges.com\/wp-content\/uploads\/2020\/03\/aig-viatges-logo-web.png\",\"width\":600,\"height\":166,\"caption\":\"AIGE Viatges\"},\"image\":{\"@id\":\"https:\/\/aigeviatges.com\/#\/schema\/logo\/image\/\"},\"sameAs\":[\"https:\/\/www.facebook.com\/viatgesaige\/\"]}]}<\/script>\n<!-- \/ Yoast SEO plugin. -->","yoast_head_json":{"title":"LA VALL DE BENASQUE - 4 DIES - AIGE Viatges","description":"Agencia de viajes online | Descubre nuestros viajes inolvidables a LA VALL DE BENASQUE - 4 DIES","robots":{"index":"index","follow":"follow","max-snippet":"max-snippet:-1","max-image-preview":"max-image-preview:large","max-video-preview":"max-video-preview:-1"},"canonical":"https:\/\/aigeviatges.com\/es\/producto\/el-valle-de-benasque-4-dias\/","og_locale":"es_ES","og_type":"article","og_title":"LA VALL DE BENASQUE - 4 DIES - AIGE Viatges","og_description":"Agencia de viajes online | Descubre nuestros viajes inolvidables a LA VALL DE BENASQUE - 4 DIES","og_url":"https:\/\/aigeviatges.com\/es\/producto\/el-valle-de-benasque-4-dias\/","og_site_name":"AIGE Viatges","article_publisher":"https:\/\/www.facebook.com\/viatgesaige\/","article_modified_time":"2021-03-17T12:05:29+00:00","og_image":[{"width":720,"height":540,"url":"https:\/\/aigeviatges.com\/wp-content\/uploads\/2021\/02\/4.jpg","type":"image\/jpeg"}],"twitter_card":"summary_large_image","twitter_misc":{"Tiempo de lectura":"2 minutos"},"schema":{"@context":"https:\/\/schema.org","@graph":[{"@type":"WebPage","@id":"https:\/\/aigeviatges.com\/producto\/la-vall-de-benasque-4-dies\/","url":"https:\/\/aigeviatges.com\/producto\/la-vall-de-benasque-4-dies\/","name":"LA VALL DE BENASQUE - 4 DIES - AIGE Viatges","isPartOf":{"@id":"https:\/\/aigeviatges.com\/#website"},"datePublished":"2021-02-16T17:14:45+00:00","dateModified":"2021-03-17T12:05:29+00:00","description":"Agencia de viajes online | Descubre nuestros viajes inolvidables a LA VALL DE BENASQUE - 4 DIES","breadcrumb":{"@id":"https:\/\/aigeviatges.com\/producto\/la-vall-de-benasque-4-dies\/#breadcrumb"},"inLanguage":"es","potentialAction":[{"@type":"ReadAction","target":["https:\/\/aigeviatges.com\/producto\/la-vall-de-benasque-4-dies\/"]}]},{"@type":"BreadcrumbList","@id":"https:\/\/aigeviatges.com\/producto\/la-vall-de-benasque-4-dies\/#breadcrumb","itemListElement":[{"@type":"ListItem","position":1,"name":"Portada","item":"https:\/\/aigeviatges.com\/"},{"@type":"ListItem","position":2,"name":"Tienda","item":"https:\/\/aigeviatges.com\/tienda-2\/"},{"@type":"ListItem","position":3,"name":"LA VALL DE BENASQUE &#8211; 4 DIES"}]},{"@type":"WebSite","@id":"https:\/\/aigeviatges.com\/#website","url":"https:\/\/aigeviatges.com\/","name":"AIGE Viatges","description":"Agencia de viajes especializada en producto propio para grupos.","publisher":{"@id":"https:\/\/aigeviatges.com\/#organization"},"potentialAction":[{"@type":"SearchAction","target":{"@type":"EntryPoint","urlTemplate":"https:\/\/aigeviatges.com\/?s={search_term_string}"},"query-input":"required name=search_term_string"}],"inLanguage":"es"},{"@type":"Organization","@id":"https:\/\/aigeviatges.com\/#organization","name":"AIGE Viatges","url":"https:\/\/aigeviatges.com\/","logo":{"@type":"ImageObject","inLanguage":"es","@id":"https:\/\/aigeviatges.com\/#\/schema\/logo\/image\/","url":"https:\/\/aigeviatges.com\/wp-content\/uploads\/2020\/03\/aig-viatges-logo-web.png","contentUrl":"https:\/\/aigeviatges.com\/wp-content\/uploads\/2020\/03\/aig-viatges-logo-web.png","width":600,"height":166,"caption":"AIGE Viatges"},"image":{"@id":"https:\/\/aigeviatges.com\/#\/schema\/logo\/image\/"},"sameAs":["https:\/\/www.facebook.com\/viatgesaige\/"]}]}},"jetpack_sharing_enabled":true,"jetpack_likes_enabled":false,"_links":{"self":[{"href":"https:\/\/aigeviatges.com\/es\/wp-json\/wp\/v2\/product\/612","targetHints":{"allow":["GET"]}}],"collection":[{"href":"https:\/\/aigeviatges.com\/es\/wp-json\/wp\/v2\/product"}],"about":[{"href":"https:\/\/aigeviatges.com\/es\/wp-json\/wp\/v2\/types\/product"}],"wp:featuredmedia":[{"embeddable":true,"href":"https:\/\/aigeviatges.com\/es\/wp-json\/wp\/v2\/media\/606"}],"wp:attachment":[{"href":"https:\/\/aigeviatges.com\/es\/wp-json\/wp\/v2\/media?parent=612"}],"wp:term":[{"taxonomy":"product_cat","embeddable":true,"href":"https:\/\/aigeviatges.com\/es\/wp-json\/wp\/v2\/product_cat?post=612"},{"taxonomy":"product_tag","embeddable":true,"href":"https:\/\/aigeviatges.com\/es\/wp-json\/wp\/v2\/product_tag?post=612"}],"curies":[{"name":"wp","href":"https:\/\/api.w.org\/{rel}","templated":true}]}}