{"id":598,"date":"2021-02-16T15:27:43","date_gmt":"2021-02-16T15:27:43","guid":{"rendered":"https:\/\/aigeviatges.com\/?post_type=product&#038;p=598"},"modified":"2021-03-17T12:06:02","modified_gmt":"2021-03-17T12:06:02","slug":"costa-blanca-5-dies","status":"publish","type":"product","link":"https:\/\/aigeviatges.com\/es\/producto\/costa-blanca-5-dias\/","title":{"rendered":"COSTA BLANCA - 5 DIAS"},"content":{"rendered":"<p><strong>D\u00eda 1: ORIGEN \u2013 ELCHE \u2013 COSTA BLANCA<\/strong><br \/>\nSalida en direcci\u00f3n a la comunidad Valenciana. Almuerzo en ruta. Continuaci\u00f3n hasta llegar a Elche. Visitaremos el Huerto del Cura, declarado en 1943 Jard\u00edn Art\u00edstico Nacional, tiene una superficie de 12.000 m2. En su interior se sit\u00faan una serie de plantas mediterr\u00e1neas y tropicales distribuidas en un ambiente de tranquilidad y reposo donde las palmeras, aut\u00e9nticas protagonistas del jard\u00edn, le confieren su particular aspecto. Seguiremos camino hasta el hotel. Acomodaci\u00f3n. Cena y alojamiento.<\/p>\n<p><strong>D\u00eda 2: ORIHUELA - CARTAGENA<\/strong><br \/>\nDesayuno y salida a Orihuela, visitaremos esta heroica ciudad fue capital de la lugartenencia que gobernaba la mayor parte de la actual provincia de Alicante. Cuenta con numerosos e importantes monumentos, destacando su extraordinario convento de Santo Domingo. Regreso al hotel y almuerzo. Por la tarde visitaremos el puerto de Cartagena a bordo de un moderno barco, descubriremos todos los rincones de la d\u00e1rsena natural de la ciudad, conoceremos de cerca todo el sistema de fortificaciones de defensa de la bah\u00eda: castillos, fuertes y bater\u00edas de cuesta; tambi\u00e9n la historia y leyendas que nos hablan de las distintas \u00e9pocas y del papel comercial y militar que jug\u00f3 Cartagena en sus m\u00e1s de 2.000 a\u00f1os de historia, mediante una locuci\u00f3n en varios idiomas. Cena y alojamiento.<\/p>\n<p><strong>D\u00eda 3: SANTA POLA - ISLA DE TABARCA<\/strong><br \/>\nDesayuno y salida a Santa Pola, donde tomaremos un catamar\u00e1n que nos llevar\u00e1 a hacer un minicrucero hasta la desconocida Isla de Tabarca. Declarada en 1986 reserva marina. Una parte de la isla est\u00e1 amurallada para protegerla de los posibles ataques. En un principio la isla la utilizaban los piratas berberiscos como centro de operaciones. fue Carlos III, que le dio el actual nombre, debido a que le dio asilo a un grupo de refugiados genoveses que fueron expulsados de la isla de Tabarca, frente a la Costa de Tunez. Dispondremos de tiempo libre para disfrutar de esta tranquila isla, con sus puertas como la de San Gabriel, San Miguel y San Rabel, tambi\u00e9n destaca su iglesia barroca y la antigua casa del gobernador actualmente regentado por un hotel. Almuerzo en rto. Tiempo libre en Santa Pola. Regreso al hotel. Cena y alojamiento.<\/p>\n<p><strong>D\u00eda 4: SANTUARIO DE LA FUENSANTA \u2013 MURCIA<\/strong><br \/>\nDesayuno. Excursi\u00f3n a Murcia. Visitaremos el santuario de la Fuensanta dentro, encontramos una imagen de la patrona de la ciudad. El interior presenta interesantes relieves del escultor Juan Gonz\u00e1lez Moreno, y pinturas al fresco en la c\u00fapula del pintor Pedro Flores. Tiempo para pasear por Murcia y regreso al hotel. Almuerzo y tarde libre. Cena y alojamiento.<\/p>\n<p><strong>D\u00eda 5: COSTA BLANCA \u2013 SAN CARLOS DE LA R\u00c1PITA \u2013 ORIGEN<\/strong><br \/>\nDesayuno. Salida direcci\u00f3n Alicante, Valencia hasta llegar a San Carlos de la R\u00e1pita. Almuerzo especial de despedida. Continuaci\u00f3n hasta llegar al punto de origen. Fin de nuestros servicios.<\/p>","protected":false},"excerpt":{"rendered":"<p><strong>INCLUYE:\u00a0<\/strong><\/p>\n<ul>\n<li>Autocar de lujo por todo el circuito<\/li>\n<li>Gu\u00eda acompa\u00f1ante de AIGE<\/li>\n<li>Hotel 3*** o 4**** (seg\u00fan elecci\u00f3n)<\/li>\n<li>Pensi\u00f3n completa con agua y vino (del almuerzo del d\u00eda 1 al almuerzo del d\u00eda 5)<\/li>\n<li>Entrada en el Huerto del Cura<\/li>\n<li>Entrada al Santuario de la Fuensanta<\/li>\n<li>Trayecto en barco por el Puerto de Cartagena<\/li>\n<li>Trayecto en barco en la Isla de Tabarca<\/li>\n<li>Seguro de asistencia en viaje<\/li>\n<\/ul>\n<p><strong><em>Nota sobre el alojamiento: <\/em><\/strong><strong><em>todas las noches en el mismo hotel<\/em><\/strong><\/p>","protected":false},"featured_media":599,"template":"","meta":[],"product_cat":[51,37],"product_tag":[],"class_list":["post-598","product","type-product","status-publish","has-post-thumbnail","hentry","product_cat-amb-autocar","product_cat-circuits-nacional"],"yoast_head":"<!-- This site is optimized with the Yoast SEO plugin v21.7 - https:\/\/yoast.com\/wordpress\/plugins\/seo\/ -->\n<title>COSTA BLANCA - 5 DIES - AIGE Viatges<\/title>\n<meta name=\"description\" content=\"Agencia de viajes online | Descubre nuestros viajes inolvidables a COSTA BLANCA - 5 DIES\" \/>\n<meta name=\"robots\" content=\"index, follow, max-snippet:-1, max-image-preview:large, max-video-preview:-1\" \/>\n<link rel=\"canonical\" href=\"https:\/\/aigeviatges.com\/es\/producto\/costa-blanca-5-dias\/\" \/>\n<meta property=\"og:locale\" content=\"es_ES\" \/>\n<meta property=\"og:type\" content=\"article\" \/>\n<meta property=\"og:title\" content=\"COSTA BLANCA - 5 DIES - AIGE Viatges\" \/>\n<meta property=\"og:description\" content=\"Agencia de viajes online | Descubre nuestros viajes inolvidables a COSTA BLANCA - 5 DIES\" \/>\n<meta property=\"og:url\" content=\"https:\/\/aigeviatges.com\/es\/producto\/costa-blanca-5-dias\/\" \/>\n<meta property=\"og:site_name\" content=\"AIGE Viatges\" \/>\n<meta property=\"article:publisher\" content=\"https:\/\/www.facebook.com\/viatgesaige\/\" \/>\n<meta property=\"article:modified_time\" content=\"2021-03-17T12:06:02+00:00\" \/>\n<meta property=\"og:image\" content=\"https:\/\/aigeviatges.com\/wp-content\/uploads\/2021\/02\/isla-de-tabarca.jpg\" \/>\n\t<meta property=\"og:image:width\" content=\"739\" \/>\n\t<meta property=\"og:image:height\" content=\"462\" \/>\n\t<meta property=\"og:image:type\" content=\"image\/jpeg\" \/>\n<meta name=\"twitter:card\" content=\"summary_large_image\" \/>\n<meta name=\"twitter:label1\" content=\"Tiempo de lectura\" \/>\n\t<meta name=\"twitter:data1\" content=\"2 minutos\" \/>\n<script type=\"application\/ld+json\" class=\"yoast-schema-graph\">{\"@context\":\"https:\/\/schema.org\",\"@graph\":[{\"@type\":\"WebPage\",\"@id\":\"https:\/\/aigeviatges.com\/producto\/costa-blanca-5-dies\/\",\"url\":\"https:\/\/aigeviatges.com\/producto\/costa-blanca-5-dies\/\",\"name\":\"COSTA BLANCA - 5 DIES - AIGE Viatges\",\"isPartOf\":{\"@id\":\"https:\/\/aigeviatges.com\/#website\"},\"datePublished\":\"2021-02-16T15:27:43+00:00\",\"dateModified\":\"2021-03-17T12:06:02+00:00\",\"description\":\"Agencia de viajes online | Descubre nuestros viajes inolvidables a COSTA BLANCA - 5 DIES\",\"breadcrumb\":{\"@id\":\"https:\/\/aigeviatges.com\/producto\/costa-blanca-5-dies\/#breadcrumb\"},\"inLanguage\":\"es\",\"potentialAction\":[{\"@type\":\"ReadAction\",\"target\":[\"https:\/\/aigeviatges.com\/producto\/costa-blanca-5-dies\/\"]}]},{\"@type\":\"BreadcrumbList\",\"@id\":\"https:\/\/aigeviatges.com\/producto\/costa-blanca-5-dies\/#breadcrumb\",\"itemListElement\":[{\"@type\":\"ListItem\",\"position\":1,\"name\":\"Portada\",\"item\":\"https:\/\/aigeviatges.com\/\"},{\"@type\":\"ListItem\",\"position\":2,\"name\":\"Tienda\",\"item\":\"https:\/\/aigeviatges.com\/tienda-2\/\"},{\"@type\":\"ListItem\",\"position\":3,\"name\":\"COSTA BLANCA &#8211; 5 DIES\"}]},{\"@type\":\"WebSite\",\"@id\":\"https:\/\/aigeviatges.com\/#website\",\"url\":\"https:\/\/aigeviatges.com\/\",\"name\":\"AIGE Viatges\",\"description\":\"Agencia de viajes especializada en producto propio para grupos.\",\"publisher\":{\"@id\":\"https:\/\/aigeviatges.com\/#organization\"},\"potentialAction\":[{\"@type\":\"SearchAction\",\"target\":{\"@type\":\"EntryPoint\",\"urlTemplate\":\"https:\/\/aigeviatges.com\/?s={search_term_string}\"},\"query-input\":\"required name=search_term_string\"}],\"inLanguage\":\"es\"},{\"@type\":\"Organization\",\"@id\":\"https:\/\/aigeviatges.com\/#organization\",\"name\":\"AIGE Viatges\",\"url\":\"https:\/\/aigeviatges.com\/\",\"logo\":{\"@type\":\"ImageObject\",\"inLanguage\":\"es\",\"@id\":\"https:\/\/aigeviatges.com\/#\/schema\/logo\/image\/\",\"url\":\"https:\/\/aigeviatges.com\/wp-content\/uploads\/2020\/03\/aig-viatges-logo-web.png\",\"contentUrl\":\"https:\/\/aigeviatges.com\/wp-content\/uploads\/2020\/03\/aig-viatges-logo-web.png\",\"width\":600,\"height\":166,\"caption\":\"AIGE Viatges\"},\"image\":{\"@id\":\"https:\/\/aigeviatges.com\/#\/schema\/logo\/image\/\"},\"sameAs\":[\"https:\/\/www.facebook.com\/viatgesaige\/\"]}]}<\/script>\n<!-- \/ Yoast SEO plugin. -->","yoast_head_json":{"title":"COSTA BLANCA - 5 DIES - AIGE Viatges","description":"Agencia de viajes online | Descubre nuestros viajes inolvidables a COSTA BLANCA - 5 DIES","robots":{"index":"index","follow":"follow","max-snippet":"max-snippet:-1","max-image-preview":"max-image-preview:large","max-video-preview":"max-video-preview:-1"},"canonical":"https:\/\/aigeviatges.com\/es\/producto\/costa-blanca-5-dias\/","og_locale":"es_ES","og_type":"article","og_title":"COSTA BLANCA - 5 DIES - AIGE Viatges","og_description":"Agencia de viajes online | Descubre nuestros viajes inolvidables a COSTA BLANCA - 5 DIES","og_url":"https:\/\/aigeviatges.com\/es\/producto\/costa-blanca-5-dias\/","og_site_name":"AIGE Viatges","article_publisher":"https:\/\/www.facebook.com\/viatgesaige\/","article_modified_time":"2021-03-17T12:06:02+00:00","og_image":[{"width":739,"height":462,"url":"https:\/\/aigeviatges.com\/wp-content\/uploads\/2021\/02\/isla-de-tabarca.jpg","type":"image\/jpeg"}],"twitter_card":"summary_large_image","twitter_misc":{"Tiempo de lectura":"2 minutos"},"schema":{"@context":"https:\/\/schema.org","@graph":[{"@type":"WebPage","@id":"https:\/\/aigeviatges.com\/producto\/costa-blanca-5-dies\/","url":"https:\/\/aigeviatges.com\/producto\/costa-blanca-5-dies\/","name":"COSTA BLANCA - 5 DIES - AIGE Viatges","isPartOf":{"@id":"https:\/\/aigeviatges.com\/#website"},"datePublished":"2021-02-16T15:27:43+00:00","dateModified":"2021-03-17T12:06:02+00:00","description":"Agencia de viajes online | Descubre nuestros viajes inolvidables a COSTA BLANCA - 5 DIES","breadcrumb":{"@id":"https:\/\/aigeviatges.com\/producto\/costa-blanca-5-dies\/#breadcrumb"},"inLanguage":"es","potentialAction":[{"@type":"ReadAction","target":["https:\/\/aigeviatges.com\/producto\/costa-blanca-5-dies\/"]}]},{"@type":"BreadcrumbList","@id":"https:\/\/aigeviatges.com\/producto\/costa-blanca-5-dies\/#breadcrumb","itemListElement":[{"@type":"ListItem","position":1,"name":"Portada","item":"https:\/\/aigeviatges.com\/"},{"@type":"ListItem","position":2,"name":"Tienda","item":"https:\/\/aigeviatges.com\/tienda-2\/"},{"@type":"ListItem","position":3,"name":"COSTA BLANCA &#8211; 5 DIES"}]},{"@type":"WebSite","@id":"https:\/\/aigeviatges.com\/#website","url":"https:\/\/aigeviatges.com\/","name":"AIGE Viatges","description":"Agencia de viajes especializada en producto propio para grupos.","publisher":{"@id":"https:\/\/aigeviatges.com\/#organization"},"potentialAction":[{"@type":"SearchAction","target":{"@type":"EntryPoint","urlTemplate":"https:\/\/aigeviatges.com\/?s={search_term_string}"},"query-input":"required name=search_term_string"}],"inLanguage":"es"},{"@type":"Organization","@id":"https:\/\/aigeviatges.com\/#organization","name":"AIGE Viatges","url":"https:\/\/aigeviatges.com\/","logo":{"@type":"ImageObject","inLanguage":"es","@id":"https:\/\/aigeviatges.com\/#\/schema\/logo\/image\/","url":"https:\/\/aigeviatges.com\/wp-content\/uploads\/2020\/03\/aig-viatges-logo-web.png","contentUrl":"https:\/\/aigeviatges.com\/wp-content\/uploads\/2020\/03\/aig-viatges-logo-web.png","width":600,"height":166,"caption":"AIGE Viatges"},"image":{"@id":"https:\/\/aigeviatges.com\/#\/schema\/logo\/image\/"},"sameAs":["https:\/\/www.facebook.com\/viatgesaige\/"]}]}},"jetpack_sharing_enabled":true,"jetpack_likes_enabled":false,"_links":{"self":[{"href":"https:\/\/aigeviatges.com\/es\/wp-json\/wp\/v2\/product\/598","targetHints":{"allow":["GET"]}}],"collection":[{"href":"https:\/\/aigeviatges.com\/es\/wp-json\/wp\/v2\/product"}],"about":[{"href":"https:\/\/aigeviatges.com\/es\/wp-json\/wp\/v2\/types\/product"}],"wp:featuredmedia":[{"embeddable":true,"href":"https:\/\/aigeviatges.com\/es\/wp-json\/wp\/v2\/media\/599"}],"wp:attachment":[{"href":"https:\/\/aigeviatges.com\/es\/wp-json\/wp\/v2\/media?parent=598"}],"wp:term":[{"taxonomy":"product_cat","embeddable":true,"href":"https:\/\/aigeviatges.com\/es\/wp-json\/wp\/v2\/product_cat?post=598"},{"taxonomy":"product_tag","embeddable":true,"href":"https:\/\/aigeviatges.com\/es\/wp-json\/wp\/v2\/product_tag?post=598"}],"curies":[{"name":"wp","href":"https:\/\/api.w.org\/{rel}","templated":true}]}}