{"id":574,"date":"2021-02-16T09:48:28","date_gmt":"2021-02-16T09:48:28","guid":{"rendered":"https:\/\/aigeviatges.com\/?post_type=product&#038;p=574"},"modified":"2023-11-14T14:29:03","modified_gmt":"2023-11-14T14:29:03","slug":"cantabria-6-dies","status":"publish","type":"product","link":"https:\/\/aigeviatges.com\/es\/producto\/cantabria-6-dias\/","title":{"rendered":"CANTABRIA \u2013 6 D\u00cdAS"},"content":{"rendered":"<p>&nbsp;<\/p>\n<p><strong>D\u00eda 1: ORIGEN - CANTABRIA<\/strong><br \/>\nSalida de nuestra ciudad en direcci\u00f3n L\u00e9rida, Zaragoza, tierras de La Rioja. Almuerzo en restaurante. Continuaci\u00f3n hasta llegar a nuestro hotel. Acomodaci\u00f3n, cena y alojamiento.<\/p>\n<p><strong>D\u00eda 2: LIMPIAS y LA BEN APARECIDA - COMILLAS<\/strong><br \/>\nPor la ma\u00f1ana visitaremos el Santuario de Cristo de Limpias y la Bien Aparecida, patrona de Cantabria. Almuerzo en el hotel. Por la tarde visitaremos Comillas, poblaci\u00f3n unida a la figura del Marqu\u00e9s de Comillas y Gaud\u00ed. Visita guiada del famoso edificio construido por el Marqu\u00e9s &quot;El Capricho de Gaud\u00ed&quot;. Regreso al hotel. Cena y alojamiento.<\/p>\n<p><strong>D\u00eda 3: PICOS DE EUROPA \u2013 PATAS \u2013 SAN VICENTE DE LA BARQUERA<\/strong><br \/>\nSalida a Fuente D\u00e9, donde quien lo desee podr\u00e1 ascender (no incluido) en funicular hasta el mirador del Cable, en los Picos de Europa. Almuerzo en Potes. De camino de regreso, visitaremos el monasterio de Santo Toribio, lugar de peregrinaci\u00f3n para encontrarse el LIGNUM CRUCIOS, un pedazo de la cruz de Cristo, llevada por San Toribio. Continuaremos con una breve panor\u00e1mica de San Vicente de la Barquera, bonita poblaci\u00f3n de tradici\u00f3n marinera. Regreso al hotel. Cena y alojamiento.<\/p>\n<p><strong>D\u00eda 4: SANTURTZI A GETXO (PUENTE COLGADO) \u2013 SANTILLANA DEL MAR \u2013 CUEVA \/ MUSEO DE ALTAMIRA<\/strong><br \/>\nSalida a Santurzi donde cruzaremos a trav\u00e9s del famoso puente colgado en la orilla opuesta, entrando en Getxo. Visitaremos el barrio de los pescadores, el Port Vell de Algorta. Con sus pintorescas casas de colores y las estrechas calles en pendiente. Podremos degustar los tentadores \u201cpinchos\u201d, aut\u00e9ntica cocina en miniatura, en alguna de sus numerosas tabernas. Almuerzo en el hotel. Por la tarde salida a Santillana del Mar. Visita de esta poblaci\u00f3n medieval, villa de hidalgos, y de la Cueva-Museo de Altamira, visita guiada de la reproducci\u00f3n de la original cueva con su famosa Sala de Policromas. Regreso al hotel. Cena y alojamiento.<\/p>\n<p><strong>D\u00eda 5: SANTANDER \u2013 LIERGANAS<\/strong><br \/>\nSalida a Santander, visita guiada de la ciudad. Su car\u00e1cter marinero y portuario ha condicionado su fisonom\u00eda urbana, alargada en busca del agua. Realizaremos un interesante recorrido, panor\u00e1mico destacando la catedral reconstruida despu\u00e9s del incendio de 1941, la playa del Sardinero\u2026etc. Almuerzo en el hotel. Por la tarde visitaremos Li\u00e9rganes, una villa con preciosos rincones, cuya parte antigua ha sido declarada conjunto hist\u00f3rico-art\u00edstico. Cuenta con varias casas nobles que, junto a las de Rubalcaba y El Palacio de Elsedo en P\u00e1manes dan una buena muestra de la arquitectura civil monta\u00f1esa. Regreso al hotel. Cena y alojamiento.<\/p>\n<p><strong>D\u00eda 6: CANTABRIA - ORIGEN<\/strong><br \/>\nDesayuno y salida por la autopista que nos conducir\u00e1 hasta La Rioja y alrededores de Zaragoza, donde efectuaremos el almuerzo de despedida. Continuaci\u00f3n direcci\u00f3n L\u00e9rida hasta llegar a nuestra ciudad.<\/p>","protected":false},"excerpt":{"rendered":"<p><strong>INCLUYE:\u00a0<\/strong><\/p>\n<ul>\n<li>Autocar de lujo por todo el circuito<\/li>\n<li>Gu\u00eda acompa\u00f1ante de AIGE<\/li>\n<li>Gu\u00eda local en Santander<\/li>\n<li>Hotel 3***<\/li>\n<li>Pensi\u00f3n completa con agua y vino (del almuerzo del d\u00eda 1 al almuerzo del d\u00eda 6)<\/li>\n<li>Entrada en el \u201cCapricho de Gaud\u00ed\u201d<\/li>\n<li>Visita a la Cueva - museo de Altamira<\/li>\n<li>Trayecto del Puente Colgado<\/li>\n<li>Seguro de asistencia en viaje<\/li>\n<\/ul>\n<p><strong><em>Nota sobre el alojamiento: <\/em><\/strong><strong><em>todas las noches en el mismo hotel<\/em><\/strong><\/p>","protected":false},"featured_media":580,"template":"","meta":[],"product_cat":[51,37],"product_tag":[],"class_list":["post-574","product","type-product","status-publish","has-post-thumbnail","hentry","product_cat-amb-autocar","product_cat-circuits-nacional"],"yoast_head":"<!-- This site is optimized with the Yoast SEO plugin v21.7 - https:\/\/yoast.com\/wordpress\/plugins\/seo\/ -->\n<title>CANTABRIA - 6 DIES - AIGE Viatges<\/title>\n<meta name=\"description\" content=\"Agencia de viajes online | Descubre nuestros viajes inolvidables a CANTABRIA - 6 DIES\" \/>\n<meta name=\"robots\" content=\"index, follow, max-snippet:-1, max-image-preview:large, max-video-preview:-1\" \/>\n<link rel=\"canonical\" href=\"https:\/\/aigeviatges.com\/es\/producto\/cantabria-6-dias\/\" \/>\n<meta property=\"og:locale\" content=\"es_ES\" \/>\n<meta property=\"og:type\" content=\"article\" \/>\n<meta property=\"og:title\" content=\"CANTABRIA - 6 DIES - AIGE Viatges\" \/>\n<meta property=\"og:description\" content=\"Agencia de viajes online | Descubre nuestros viajes inolvidables a CANTABRIA - 6 DIES\" \/>\n<meta property=\"og:url\" content=\"https:\/\/aigeviatges.com\/es\/producto\/cantabria-6-dias\/\" \/>\n<meta property=\"og:site_name\" content=\"AIGE Viatges\" \/>\n<meta property=\"article:publisher\" content=\"https:\/\/www.facebook.com\/viatgesaige\/\" \/>\n<meta property=\"article:modified_time\" content=\"2023-11-14T14:29:03+00:00\" \/>\n<meta property=\"og:image\" content=\"https:\/\/aigeviatges.com\/wp-content\/uploads\/2021\/02\/palacio_magdalena_1.jpeg\" \/>\n\t<meta property=\"og:image:width\" content=\"756\" \/>\n\t<meta property=\"og:image:height\" content=\"504\" \/>\n\t<meta property=\"og:image:type\" content=\"image\/jpeg\" \/>\n<meta name=\"twitter:card\" content=\"summary_large_image\" \/>\n<meta name=\"twitter:label1\" content=\"Tiempo de lectura\" \/>\n\t<meta name=\"twitter:data1\" content=\"2 minutos\" \/>\n<script type=\"application\/ld+json\" class=\"yoast-schema-graph\">{\"@context\":\"https:\/\/schema.org\",\"@graph\":[{\"@type\":\"WebPage\",\"@id\":\"https:\/\/aigeviatges.com\/producto\/cantabria-6-dies\/\",\"url\":\"https:\/\/aigeviatges.com\/producto\/cantabria-6-dies\/\",\"name\":\"CANTABRIA - 6 DIES - AIGE Viatges\",\"isPartOf\":{\"@id\":\"https:\/\/aigeviatges.com\/#website\"},\"datePublished\":\"2021-02-16T09:48:28+00:00\",\"dateModified\":\"2023-11-14T14:29:03+00:00\",\"description\":\"Agencia de viajes online | Descubre nuestros viajes inolvidables a CANTABRIA - 6 DIES\",\"breadcrumb\":{\"@id\":\"https:\/\/aigeviatges.com\/producto\/cantabria-6-dies\/#breadcrumb\"},\"inLanguage\":\"es\",\"potentialAction\":[{\"@type\":\"ReadAction\",\"target\":[\"https:\/\/aigeviatges.com\/producto\/cantabria-6-dies\/\"]}]},{\"@type\":\"BreadcrumbList\",\"@id\":\"https:\/\/aigeviatges.com\/producto\/cantabria-6-dies\/#breadcrumb\",\"itemListElement\":[{\"@type\":\"ListItem\",\"position\":1,\"name\":\"Portada\",\"item\":\"https:\/\/aigeviatges.com\/\"},{\"@type\":\"ListItem\",\"position\":2,\"name\":\"Tienda\",\"item\":\"https:\/\/aigeviatges.com\/tienda-2\/\"},{\"@type\":\"ListItem\",\"position\":3,\"name\":\"CANTABRIA &#8211; 6 DIES\"}]},{\"@type\":\"WebSite\",\"@id\":\"https:\/\/aigeviatges.com\/#website\",\"url\":\"https:\/\/aigeviatges.com\/\",\"name\":\"AIGE Viatges\",\"description\":\"Agencia de viajes especializada en producto propio para grupos.\",\"publisher\":{\"@id\":\"https:\/\/aigeviatges.com\/#organization\"},\"potentialAction\":[{\"@type\":\"SearchAction\",\"target\":{\"@type\":\"EntryPoint\",\"urlTemplate\":\"https:\/\/aigeviatges.com\/?s={search_term_string}\"},\"query-input\":\"required name=search_term_string\"}],\"inLanguage\":\"es\"},{\"@type\":\"Organization\",\"@id\":\"https:\/\/aigeviatges.com\/#organization\",\"name\":\"AIGE Viatges\",\"url\":\"https:\/\/aigeviatges.com\/\",\"logo\":{\"@type\":\"ImageObject\",\"inLanguage\":\"es\",\"@id\":\"https:\/\/aigeviatges.com\/#\/schema\/logo\/image\/\",\"url\":\"https:\/\/aigeviatges.com\/wp-content\/uploads\/2020\/03\/aig-viatges-logo-web.png\",\"contentUrl\":\"https:\/\/aigeviatges.com\/wp-content\/uploads\/2020\/03\/aig-viatges-logo-web.png\",\"width\":600,\"height\":166,\"caption\":\"AIGE Viatges\"},\"image\":{\"@id\":\"https:\/\/aigeviatges.com\/#\/schema\/logo\/image\/\"},\"sameAs\":[\"https:\/\/www.facebook.com\/viatgesaige\/\"]}]}<\/script>\n<!-- \/ Yoast SEO plugin. -->","yoast_head_json":{"title":"CANTABRIA - 6 DIES - AIGE Viatges","description":"Agencia de viajes online | Descubre nuestros viajes inolvidables a CANTABRIA - 6 DIES","robots":{"index":"index","follow":"follow","max-snippet":"max-snippet:-1","max-image-preview":"max-image-preview:large","max-video-preview":"max-video-preview:-1"},"canonical":"https:\/\/aigeviatges.com\/es\/producto\/cantabria-6-dias\/","og_locale":"es_ES","og_type":"article","og_title":"CANTABRIA - 6 DIES - AIGE Viatges","og_description":"Agencia de viajes online | Descubre nuestros viajes inolvidables a CANTABRIA - 6 DIES","og_url":"https:\/\/aigeviatges.com\/es\/producto\/cantabria-6-dias\/","og_site_name":"AIGE Viatges","article_publisher":"https:\/\/www.facebook.com\/viatgesaige\/","article_modified_time":"2023-11-14T14:29:03+00:00","og_image":[{"width":756,"height":504,"url":"https:\/\/aigeviatges.com\/wp-content\/uploads\/2021\/02\/palacio_magdalena_1.jpeg","type":"image\/jpeg"}],"twitter_card":"summary_large_image","twitter_misc":{"Tiempo de lectura":"2 minutos"},"schema":{"@context":"https:\/\/schema.org","@graph":[{"@type":"WebPage","@id":"https:\/\/aigeviatges.com\/producto\/cantabria-6-dies\/","url":"https:\/\/aigeviatges.com\/producto\/cantabria-6-dies\/","name":"CANTABRIA - 6 DIES - AIGE Viatges","isPartOf":{"@id":"https:\/\/aigeviatges.com\/#website"},"datePublished":"2021-02-16T09:48:28+00:00","dateModified":"2023-11-14T14:29:03+00:00","description":"Agencia de viajes online | Descubre nuestros viajes inolvidables a CANTABRIA - 6 DIES","breadcrumb":{"@id":"https:\/\/aigeviatges.com\/producto\/cantabria-6-dies\/#breadcrumb"},"inLanguage":"es","potentialAction":[{"@type":"ReadAction","target":["https:\/\/aigeviatges.com\/producto\/cantabria-6-dies\/"]}]},{"@type":"BreadcrumbList","@id":"https:\/\/aigeviatges.com\/producto\/cantabria-6-dies\/#breadcrumb","itemListElement":[{"@type":"ListItem","position":1,"name":"Portada","item":"https:\/\/aigeviatges.com\/"},{"@type":"ListItem","position":2,"name":"Tienda","item":"https:\/\/aigeviatges.com\/tienda-2\/"},{"@type":"ListItem","position":3,"name":"CANTABRIA &#8211; 6 DIES"}]},{"@type":"WebSite","@id":"https:\/\/aigeviatges.com\/#website","url":"https:\/\/aigeviatges.com\/","name":"AIGE Viatges","description":"Agencia de viajes especializada en producto propio para grupos.","publisher":{"@id":"https:\/\/aigeviatges.com\/#organization"},"potentialAction":[{"@type":"SearchAction","target":{"@type":"EntryPoint","urlTemplate":"https:\/\/aigeviatges.com\/?s={search_term_string}"},"query-input":"required name=search_term_string"}],"inLanguage":"es"},{"@type":"Organization","@id":"https:\/\/aigeviatges.com\/#organization","name":"AIGE Viatges","url":"https:\/\/aigeviatges.com\/","logo":{"@type":"ImageObject","inLanguage":"es","@id":"https:\/\/aigeviatges.com\/#\/schema\/logo\/image\/","url":"https:\/\/aigeviatges.com\/wp-content\/uploads\/2020\/03\/aig-viatges-logo-web.png","contentUrl":"https:\/\/aigeviatges.com\/wp-content\/uploads\/2020\/03\/aig-viatges-logo-web.png","width":600,"height":166,"caption":"AIGE Viatges"},"image":{"@id":"https:\/\/aigeviatges.com\/#\/schema\/logo\/image\/"},"sameAs":["https:\/\/www.facebook.com\/viatgesaige\/"]}]}},"jetpack_sharing_enabled":true,"jetpack_likes_enabled":false,"_links":{"self":[{"href":"https:\/\/aigeviatges.com\/es\/wp-json\/wp\/v2\/product\/574","targetHints":{"allow":["GET"]}}],"collection":[{"href":"https:\/\/aigeviatges.com\/es\/wp-json\/wp\/v2\/product"}],"about":[{"href":"https:\/\/aigeviatges.com\/es\/wp-json\/wp\/v2\/types\/product"}],"wp:featuredmedia":[{"embeddable":true,"href":"https:\/\/aigeviatges.com\/es\/wp-json\/wp\/v2\/media\/580"}],"wp:attachment":[{"href":"https:\/\/aigeviatges.com\/es\/wp-json\/wp\/v2\/media?parent=574"}],"wp:term":[{"taxonomy":"product_cat","embeddable":true,"href":"https:\/\/aigeviatges.com\/es\/wp-json\/wp\/v2\/product_cat?post=574"},{"taxonomy":"product_tag","embeddable":true,"href":"https:\/\/aigeviatges.com\/es\/wp-json\/wp\/v2\/product_tag?post=574"}],"curies":[{"name":"wp","href":"https:\/\/api.w.org\/{rel}","templated":true}]}}