{"id":566,"date":"2021-02-15T14:28:11","date_gmt":"2021-02-15T14:28:11","guid":{"rendered":"https:\/\/aigeviatges.com\/?post_type=product&#038;p=566"},"modified":"2021-03-18T13:25:14","modified_gmt":"2021-03-18T13:25:14","slug":"costa-del-sol-gibraltar-i-ceuta-6-dies","status":"publish","type":"product","link":"https:\/\/aigeviatges.com\/es\/producto\/cuesta-del-sol-gibraltar-y-ceuta-6-dias\/","title":{"rendered":"COSTA DEL SOL, GIBRALTAR Y CEUTA - 6 D\u00cdAS"},"content":{"rendered":"<p>&nbsp;<\/p>\n<p><strong><img loading=\"lazy\" decoding=\"async\" class=\"alignnone size-medium wp-image-716\" src=\"https:\/\/aigeviatges.com\/wp-content\/uploads\/2021\/02\/222-300x186.jpg\" alt=\"\" width=\"300\" height=\"186\" srcset=\"https:\/\/aigeviatges.com\/wp-content\/uploads\/2021\/02\/222-300x186.jpg 300w, https:\/\/aigeviatges.com\/wp-content\/uploads\/2021\/02\/222.jpg 346w\" sizes=\"auto, (max-width: 300px) 100vw, 300px\" \/><\/strong><\/p>\n<p><strong>D\u00eda 1: BARCELONA \/ TARRAGONA \/ GIRONA - TREN AVE EN MALAGA - HOTEL<\/strong><br \/>\nSalida en tren AVE a M\u00e1laga. Almuerzo en rto. Visita de la ciudad. Recorrido por los lugares m\u00e1s representativos como la plaza de la Constituci\u00f3n, la Catedral, la calle Larios, la casa natal de Picasso etc. Traslado al hotel situado en la Costa del Sol. Cena y alojamiento.<\/p>\n<p><strong>\u00a0D\u00eda 2: GIBRALTAR<\/strong><br \/>\nSalida en la L\u00ednea de la Concepci\u00f3n, cruce de la frontera en Gibraltar. Recorrido por Punta Europa, el punto m\u00e1s meridional de Europa, desde donde apreciaremos las espectaculares vistas del Estrecho y el Norte de \u00c1frica. A continuaci\u00f3n, visitaremos la Cueva de San Miguel, con la espectacular Sala de la Catedral. Y, por supuesto, conoceremos a los famosos monos que viven en libertad. Almuerzo en rto. Tiempo libre en Main Street, la calle principal de Gibraltar. En esta calle encontraremos gran variedad de comercios en los que comprar a buenos precios y libres de impuestos. Regreso al hotel. Cena y alojamiento.<\/p>\n<p><strong>D\u00eda 3: UBRIQUE y SIERRALADA DE GRAZALEMA<\/strong><br \/>\nSalida a Ubrique, pueblo que surge sobre la Cruz del Tajo y capital de la ruta de los Pueblos Blancos, destacan la plaza del Ayuntamiento y la parroquia de Nuestra Se\u00f1ora. Almuerzo en rto. Continuaci\u00f3n a Grazalema, ubicada en plena sierra, una localidad de origen \u00e1rabe, tal y como muestra su primer nombre, Gran Zulema. Tom\u00f3 un gran auge econ\u00f3mico a partir del siglo XVII gracias a la industria de cerradura que produc\u00eda la famosa manta de Grazalema. En el centro del pueblo est\u00e1 la plaza de Espa\u00f1a y la iglesia de la Aurora, desde un mirador contemplaremos una hermosa vista de toda la Sierra. Regreso al hotel. Cena y alojamiento.<\/p>\n<p><strong>D\u00eda 4: ALGECIRAS - CEUTA<\/strong><br \/>\nTraslado al puerto de Algeciras y salida en ferry a Ceuta. Despu\u00e9s de desembarcar, visitaremos los sitios m\u00e1s emblem\u00e1ticos: Plaza e iglesia de \u00c1frica y la Catedral. Descubriremos las Murallas reales, el Fossat navegable de San Felipe y el Centro Hist\u00f3rico y Comercial. Dispondremos de tiempo libre para realizar las t\u00edpicas compras. Almuerzo en rto. Despu\u00e9s de comer, visita al Mirador de San Antonio, en el que se encuentra la ermita de San Antonio, un santo al que el pueblo de Ceuta tiene mucha devoci\u00f3n, el 13 de junio, d\u00eda de San Antonio de Padua es festivo y se celebra en esta ermita una romer\u00eda. Finalizadas las visitas regresaremos al puerto para embarcar en el ferry en Algeciras. Regreso al hotel. Cena y alojamiento.<\/p>\n<p><strong>D\u00eda 5: RONDA - MARBELLA<\/strong><br \/>\nSalida a Ronda. Visita de este bello pueblo de la sierra malague\u00f1a, conocido por su pasado romano y su impresionante puente, protagonista de todas las postales de la ciudad. Continuaci\u00f3n a Marbella. Almuerzo en ruta. Visitaremos el barrio antiguo, la Plaza de los Naranjos y la fachada del Ayuntamiento, la Avenida de la Mar, bello espacio peatonal abierto al mar Mediterr\u00e1neo donde observaremos un gran conjunto de obras escult\u00f3ricas de Salvador Dal\u00ed. Regreso al hotel. Cena y alojamiento.<\/p>\n<p><strong>D\u00eda 6: MIJAS - MALAGA - AVE - BARCELONA \/ TARRAGONA \/ GIRONA<\/strong><br \/>\nSalida a Mijas. Visitaremos su centro hist\u00f3rico (declarado Conjunto Hist\u00f3rico-art\u00edstico en 1,969) posee un trazado de origen \u00e1rabe con calles encaladas, que son un improvisado balc\u00f3n con vistas al Mediterr\u00e1neo. La plaza de toros, de forma ovalada; la iglesia Parroquial de la Inmaculada Concepci\u00f3n o el santuario de la Virgen de Pe\u00f1a (siglo XVII), la patrona del pueblo, son algunos monumentos emblem\u00e1ticos. Almuerzo en rto. Por la tarde, regreso al punto de partida en AVE. Llegada y fin de nuestros servicios.<\/p>","protected":false},"excerpt":{"rendered":"<p><strong>INCLUYE:\u00a0<\/strong><\/p>\n<ul>\n<li>Traslados origen-estaci\u00f3n y regreso (m\u00ednimo 25 pax)<\/li>\n<li>AVE BCN\/TAR\/GIR \u2013 M\u00e1laga \u2013 BCN\/TAR\/GIR<\/li>\n<li>Autocar de lujo por todo el circuito<\/li>\n<li>Minibuses por la visita de Gibraltar<\/li>\n<li>Ferry Algeciras \u2013 Ceuta \u2013 Algeciras<\/li>\n<li>Gu\u00eda acompa\u00f1ante de AIGE<\/li>\n<li>Hotel 3*** o 4**** (seg\u00fan elecci\u00f3n)<\/li>\n<li>Pensi\u00f3n completa con vino y agua (del almuerzo del d\u00eda 1 al almuerzo del d\u00eda 6)<\/li>\n<li>Entradas de Ceuta y Gibraltar seg\u00fan itinerario<\/li>\n<li>Seguro de asistencia en viaje<\/li>\n<\/ul>\n<p><strong><em>Nota sobre el alojamiento:\u00a0<\/em><\/strong><strong><em>todas las noches en el mismo hotel<\/em><\/strong><\/p>","protected":false},"featured_media":567,"template":"","meta":[],"product_cat":[52,37],"product_tag":[],"class_list":["post-566","product","type-product","status-publish","has-post-thumbnail","hentry","product_cat-amb-ave","product_cat-circuits-nacional"],"yoast_head":"<!-- This site is optimized with the Yoast SEO plugin v21.7 - https:\/\/yoast.com\/wordpress\/plugins\/seo\/ -->\n<title>COSTA DEL SOL, GIBRALTAR I CEUTA - 6 DIES - AIGE Viatges<\/title>\n<meta name=\"description\" content=\"Agencia de viajes online | Descubre nuestros viajes inolvidables a COSTA DEL SOL, GIBRALTAR I CEUTA - 6 DIES\" \/>\n<meta name=\"robots\" content=\"index, follow, max-snippet:-1, max-image-preview:large, max-video-preview:-1\" \/>\n<link rel=\"canonical\" href=\"https:\/\/aigeviatges.com\/es\/producto\/cuesta-del-sol-gibraltar-y-ceuta-6-dias\/\" \/>\n<meta property=\"og:locale\" content=\"es_ES\" \/>\n<meta property=\"og:type\" content=\"article\" \/>\n<meta property=\"og:title\" content=\"COSTA DEL SOL, GIBRALTAR I CEUTA - 6 DIES - AIGE Viatges\" \/>\n<meta property=\"og:description\" content=\"Agencia de viajes online | Descubre nuestros viajes inolvidables a COSTA DEL SOL, GIBRALTAR I CEUTA - 6 DIES\" \/>\n<meta property=\"og:url\" content=\"https:\/\/aigeviatges.com\/es\/producto\/cuesta-del-sol-gibraltar-y-ceuta-6-dias\/\" \/>\n<meta property=\"og:site_name\" content=\"AIGE Viatges\" \/>\n<meta property=\"article:publisher\" content=\"https:\/\/www.facebook.com\/viatgesaige\/\" \/>\n<meta property=\"article:modified_time\" content=\"2021-03-18T13:25:14+00:00\" \/>\n<meta property=\"og:image\" content=\"https:\/\/aigeviatges.com\/wp-content\/uploads\/2021\/02\/ubrique.jpg\" \/>\n\t<meta property=\"og:image:width\" content=\"740\" \/>\n\t<meta property=\"og:image:height\" content=\"521\" \/>\n\t<meta property=\"og:image:type\" content=\"image\/jpeg\" \/>\n<meta name=\"twitter:card\" content=\"summary_large_image\" \/>\n<meta name=\"twitter:label1\" content=\"Tiempo de lectura\" \/>\n\t<meta name=\"twitter:data1\" content=\"3 minutos\" \/>\n<script type=\"application\/ld+json\" class=\"yoast-schema-graph\">{\"@context\":\"https:\/\/schema.org\",\"@graph\":[{\"@type\":\"WebPage\",\"@id\":\"https:\/\/aigeviatges.com\/producto\/costa-del-sol-gibraltar-i-ceuta-6-dies\/\",\"url\":\"https:\/\/aigeviatges.com\/producto\/costa-del-sol-gibraltar-i-ceuta-6-dies\/\",\"name\":\"COSTA DEL SOL, GIBRALTAR I CEUTA - 6 DIES - AIGE Viatges\",\"isPartOf\":{\"@id\":\"https:\/\/aigeviatges.com\/#website\"},\"datePublished\":\"2021-02-15T14:28:11+00:00\",\"dateModified\":\"2021-03-18T13:25:14+00:00\",\"description\":\"Agencia de viajes online | Descubre nuestros viajes inolvidables a COSTA DEL SOL, GIBRALTAR I CEUTA - 6 DIES\",\"breadcrumb\":{\"@id\":\"https:\/\/aigeviatges.com\/producto\/costa-del-sol-gibraltar-i-ceuta-6-dies\/#breadcrumb\"},\"inLanguage\":\"es\",\"potentialAction\":[{\"@type\":\"ReadAction\",\"target\":[\"https:\/\/aigeviatges.com\/producto\/costa-del-sol-gibraltar-i-ceuta-6-dies\/\"]}]},{\"@type\":\"BreadcrumbList\",\"@id\":\"https:\/\/aigeviatges.com\/producto\/costa-del-sol-gibraltar-i-ceuta-6-dies\/#breadcrumb\",\"itemListElement\":[{\"@type\":\"ListItem\",\"position\":1,\"name\":\"Portada\",\"item\":\"https:\/\/aigeviatges.com\/\"},{\"@type\":\"ListItem\",\"position\":2,\"name\":\"Tienda\",\"item\":\"https:\/\/aigeviatges.com\/tienda-2\/\"},{\"@type\":\"ListItem\",\"position\":3,\"name\":\"COSTA DEL SOL, GIBRALTAR I CEUTA &#8211; 6 DIES\"}]},{\"@type\":\"WebSite\",\"@id\":\"https:\/\/aigeviatges.com\/#website\",\"url\":\"https:\/\/aigeviatges.com\/\",\"name\":\"AIGE Viatges\",\"description\":\"Agencia de viajes especializada en producto propio para grupos.\",\"publisher\":{\"@id\":\"https:\/\/aigeviatges.com\/#organization\"},\"potentialAction\":[{\"@type\":\"SearchAction\",\"target\":{\"@type\":\"EntryPoint\",\"urlTemplate\":\"https:\/\/aigeviatges.com\/?s={search_term_string}\"},\"query-input\":\"required name=search_term_string\"}],\"inLanguage\":\"es\"},{\"@type\":\"Organization\",\"@id\":\"https:\/\/aigeviatges.com\/#organization\",\"name\":\"AIGE Viatges\",\"url\":\"https:\/\/aigeviatges.com\/\",\"logo\":{\"@type\":\"ImageObject\",\"inLanguage\":\"es\",\"@id\":\"https:\/\/aigeviatges.com\/#\/schema\/logo\/image\/\",\"url\":\"https:\/\/aigeviatges.com\/wp-content\/uploads\/2020\/03\/aig-viatges-logo-web.png\",\"contentUrl\":\"https:\/\/aigeviatges.com\/wp-content\/uploads\/2020\/03\/aig-viatges-logo-web.png\",\"width\":600,\"height\":166,\"caption\":\"AIGE Viatges\"},\"image\":{\"@id\":\"https:\/\/aigeviatges.com\/#\/schema\/logo\/image\/\"},\"sameAs\":[\"https:\/\/www.facebook.com\/viatgesaige\/\"]}]}<\/script>\n<!-- \/ Yoast SEO plugin. -->","yoast_head_json":{"title":"COSTA DEL SOL, GIBRALTAR I CEUTA - 6 DIES - AIGE Viatges","description":"Agencia de viajes online | Descubre nuestros viajes inolvidables a COSTA DEL SOL, GIBRALTAR I CEUTA - 6 DIES","robots":{"index":"index","follow":"follow","max-snippet":"max-snippet:-1","max-image-preview":"max-image-preview:large","max-video-preview":"max-video-preview:-1"},"canonical":"https:\/\/aigeviatges.com\/es\/producto\/cuesta-del-sol-gibraltar-y-ceuta-6-dias\/","og_locale":"es_ES","og_type":"article","og_title":"COSTA DEL SOL, GIBRALTAR I CEUTA - 6 DIES - AIGE Viatges","og_description":"Agencia de viajes online | Descubre nuestros viajes inolvidables a COSTA DEL SOL, GIBRALTAR I CEUTA - 6 DIES","og_url":"https:\/\/aigeviatges.com\/es\/producto\/cuesta-del-sol-gibraltar-y-ceuta-6-dias\/","og_site_name":"AIGE Viatges","article_publisher":"https:\/\/www.facebook.com\/viatgesaige\/","article_modified_time":"2021-03-18T13:25:14+00:00","og_image":[{"width":740,"height":521,"url":"https:\/\/aigeviatges.com\/wp-content\/uploads\/2021\/02\/ubrique.jpg","type":"image\/jpeg"}],"twitter_card":"summary_large_image","twitter_misc":{"Tiempo de lectura":"3 minutos"},"schema":{"@context":"https:\/\/schema.org","@graph":[{"@type":"WebPage","@id":"https:\/\/aigeviatges.com\/producto\/costa-del-sol-gibraltar-i-ceuta-6-dies\/","url":"https:\/\/aigeviatges.com\/producto\/costa-del-sol-gibraltar-i-ceuta-6-dies\/","name":"COSTA DEL SOL, GIBRALTAR I CEUTA - 6 DIES - AIGE Viatges","isPartOf":{"@id":"https:\/\/aigeviatges.com\/#website"},"datePublished":"2021-02-15T14:28:11+00:00","dateModified":"2021-03-18T13:25:14+00:00","description":"Agencia de viajes online | Descubre nuestros viajes inolvidables a COSTA DEL SOL, GIBRALTAR I CEUTA - 6 DIES","breadcrumb":{"@id":"https:\/\/aigeviatges.com\/producto\/costa-del-sol-gibraltar-i-ceuta-6-dies\/#breadcrumb"},"inLanguage":"es","potentialAction":[{"@type":"ReadAction","target":["https:\/\/aigeviatges.com\/producto\/costa-del-sol-gibraltar-i-ceuta-6-dies\/"]}]},{"@type":"BreadcrumbList","@id":"https:\/\/aigeviatges.com\/producto\/costa-del-sol-gibraltar-i-ceuta-6-dies\/#breadcrumb","itemListElement":[{"@type":"ListItem","position":1,"name":"Portada","item":"https:\/\/aigeviatges.com\/"},{"@type":"ListItem","position":2,"name":"Tienda","item":"https:\/\/aigeviatges.com\/tienda-2\/"},{"@type":"ListItem","position":3,"name":"COSTA DEL SOL, GIBRALTAR I CEUTA &#8211; 6 DIES"}]},{"@type":"WebSite","@id":"https:\/\/aigeviatges.com\/#website","url":"https:\/\/aigeviatges.com\/","name":"AIGE Viatges","description":"Agencia de viajes especializada en producto propio para grupos.","publisher":{"@id":"https:\/\/aigeviatges.com\/#organization"},"potentialAction":[{"@type":"SearchAction","target":{"@type":"EntryPoint","urlTemplate":"https:\/\/aigeviatges.com\/?s={search_term_string}"},"query-input":"required name=search_term_string"}],"inLanguage":"es"},{"@type":"Organization","@id":"https:\/\/aigeviatges.com\/#organization","name":"AIGE Viatges","url":"https:\/\/aigeviatges.com\/","logo":{"@type":"ImageObject","inLanguage":"es","@id":"https:\/\/aigeviatges.com\/#\/schema\/logo\/image\/","url":"https:\/\/aigeviatges.com\/wp-content\/uploads\/2020\/03\/aig-viatges-logo-web.png","contentUrl":"https:\/\/aigeviatges.com\/wp-content\/uploads\/2020\/03\/aig-viatges-logo-web.png","width":600,"height":166,"caption":"AIGE Viatges"},"image":{"@id":"https:\/\/aigeviatges.com\/#\/schema\/logo\/image\/"},"sameAs":["https:\/\/www.facebook.com\/viatgesaige\/"]}]}},"jetpack_sharing_enabled":true,"jetpack_likes_enabled":false,"_links":{"self":[{"href":"https:\/\/aigeviatges.com\/es\/wp-json\/wp\/v2\/product\/566","targetHints":{"allow":["GET"]}}],"collection":[{"href":"https:\/\/aigeviatges.com\/es\/wp-json\/wp\/v2\/product"}],"about":[{"href":"https:\/\/aigeviatges.com\/es\/wp-json\/wp\/v2\/types\/product"}],"wp:featuredmedia":[{"embeddable":true,"href":"https:\/\/aigeviatges.com\/es\/wp-json\/wp\/v2\/media\/567"}],"wp:attachment":[{"href":"https:\/\/aigeviatges.com\/es\/wp-json\/wp\/v2\/media?parent=566"}],"wp:term":[{"taxonomy":"product_cat","embeddable":true,"href":"https:\/\/aigeviatges.com\/es\/wp-json\/wp\/v2\/product_cat?post=566"},{"taxonomy":"product_tag","embeddable":true,"href":"https:\/\/aigeviatges.com\/es\/wp-json\/wp\/v2\/product_tag?post=566"}],"curies":[{"name":"wp","href":"https:\/\/api.w.org\/{rel}","templated":true}]}}