{"id":549,"date":"2021-02-15T13:29:22","date_gmt":"2021-02-15T13:29:22","guid":{"rendered":"https:\/\/aigeviatges.com\/?post_type=product&#038;p=549"},"modified":"2021-03-18T13:31:32","modified_gmt":"2021-03-18T13:31:32","slug":"galicia-ries-altes-6-dies","status":"publish","type":"product","link":"https:\/\/aigeviatges.com\/es\/producto\/galerias-altas-6-dias\/","title":{"rendered":"GAL\u00cdCIA R\u00cdAS ALTAS \u2013 6 D\u00cdAS"},"content":{"rendered":"<p><strong>D\u00eda 1: BARCELONA - EN CORU\u00d1A<\/strong><br \/>\nTraslado al aeropuerto y salida en avi\u00f3n a La Coru\u00f1a. Traslado al hotel. Acomodaci\u00f3n y almuerzo. Por la tarde realizaremos una visita panor\u00e1mica con gu\u00eda local de la ciudad. El recorrido nos llevar\u00e1 por el puerto, la D\u00e1rsena y la Torre de H\u00e9rcules, as\u00ed como las playas de Riazor y Orz\u00e1n. Finalizaremos la visita a la plaza Mar\u00eda Pita y su gran Ayuntamiento. Cena y alojamiento en el hotel.<\/p>\n<p><strong>D\u00eda 2: COSTA DA MORTE<\/strong><br \/>\nSalida para conocer las poblaciones m\u00e1s t\u00edpicas de Costa da Morte. Empezamos por Camari\u00f1as, famosa por sus encajes, donde podremos ver a las palilleiras realizando esta labor artesanal. Visita al Museo del Encaje. Seguidamente visitaremos Fisterra (nombre de Finis Terrae, el fin del mundo), su m\u00edtico faro y sus acantilados. Continuaremos con la visita a la Catarata del \u00c9zaro para contemplar el espect\u00e1culo que forma el r\u00edo Xallas en su desembocadura en cascada sobre el mar, \u00fanico en Europa. Almuerzo en rto. Por la tarde realizaremos una breve parada en Carnota para ver el segundo h\u00f3rreo m\u00e1s grande de Galicia, con 34 m de largo y 11 pares de columnas o pies, seguidamente visitaremos Muros, declarado Conjunto Hist\u00f3rico-Art\u00edstico. En el bello cuadro arquitect\u00f3nico conservado en sus viejas calles de nombres sugerentes, destacan las construcciones religiosas sobre las civiles, lo que recuerda la pertenencia de Muros a la Mitra compostelana. Entre ellas, la Iglesia de San Pedro (sX), la antigua Colegiata de Santa Mar\u00eda y actual Iglesia parroquial de San Pedro de Muros (s.XII), en la que predomina el estilo ojival sobre los restos rom\u00e1nicas y conserva sepulcros de los s. XV y XVI. Cena y alojamiento en el hotel.<\/p>\n<p><strong>D\u00eda 3: CEDEIRA \u2013 SAN ANDRES DE TEJIDO \u2013 NING\u00daN ORTEGAL<\/strong><br \/>\nSalida a Cedeira, situada en la r\u00eda del mismo nombre, villa medieval con m\u00e1s de 4.000 a\u00f1os de historia. En la actualidad, la industria pesquera y marisquera, son sus principales fuentes de riqueza. La flota costera, con m\u00e1s de 100 barcos, sale todos los d\u00edas en busca de los preciados pescados y mariscos, que descargar\u00e1n en el dique de abrigo, dotado de los m\u00e1s modernos servicios. Visitaremos la casa del pescador, convertida en el Museo Mares, donde conoceremos c\u00f3mo trabajaban los antepasados y su relaci\u00f3n con el mar. Veremos embarcaciones, aparatos, motores, rapetas para capturar percebe, ra\u00f1os para coger berberechos, f\u00f3siles de antiguos cet\u00e1ceos, conchas, objetos que devuelve el mar etc. Seguiremos con la visita del Santuario de San Andr\u00e9s de Teixido, uno de los lugares de culto y peregrinaci\u00f3n m\u00e1s importantes de Galicia (el segundo en importancia despu\u00e9s de Santiago). Adem\u00e1s de su importancia religiosa y del arraigo de tradiciones ancestrales, destaca por la belleza de su paisaje. Almuerzo. A continuaci\u00f3n nos desplazaremos al Cabo Ortegal, que nos deslumbrar\u00e1 con sus impresionantes vistas. Cena y alojamiento en el hotel.<\/p>\n<p><strong>D\u00eda 4: PLAYA DE LAS CATEDRALES - MONDO\u00d1EDO<\/strong><br \/>\nSalida a Mari\u00f1a de Lugo. Visitaremos una de las playas m\u00e1s bonitas del mundo: La Playa de las Catedrales, sus acantilados esculpidos por el viento y el mar, forman unos arcos y b\u00f3vedas espectaculares dejando un paisaje maravilloso. Almuerzo. Por la tarde visitaremos Mondo\u00f1edo. Descubriremos una de las m\u00e1s evocadoras capitales del antiguo Reino de Galicia. Su casco antiguo ha sido declarado Bien de Inter\u00e9s Cultural, cuenta con sede Episcopal y su peculiar Catedral, conocida como la \u201carrodillada\u201d. Cena y alojamiento en el hotel.<\/p>\n<p><strong>D\u00eda 5: FERROL \u2013 MUGARDOS \u2013 PONTEDEUME<\/strong><br \/>\nPor la ma\u00f1ana visitaremos Ferrol, destaca el atractivo Paseo de Mari\u00f1a, la Praza Vieja con una fuerte irregularidad en el trazado de las calles, la Puerta del Parque (s. XIX), que comunica esta zona m\u00e1s antigua de la ciudad con el Arsenal, impresionante complejo militar construido hacia 1750. Comida en rte. Seguidamente nos trasladamos a la villa marinera de Mugardos para visitar el casco antiguo. De regreso al hotel visitaremos Pontedeume, \u201cpuente de piedra sobre el r\u00edo Eume\u201d. De pasado medieval, se respira en sus calles la huella de los Condes de Andrade, destacando la Torrassa, la Iglesia de Santiago y los restos de la muralla. Cena y alojamiento en el hotel.<\/p>\n<p><strong>D\u00eda 6: PAZO MARI\u00d1AN - BETANZOS - BARCELONA<\/strong><br \/>\nSalida a Bergondo y visita de Pazo Mari\u00f1an y sus Jardines de tipo franc\u00e9s, del siglo XVII y XVIII declarado Conjunto Hist\u00f3rico-Art\u00edstico, podremos ver el boj con motivos florales y her\u00e1ldicos; la rosaleda; uno de los primeros eucaliptos introducidos en Europa, el abeto del C\u00e1ucaso; el cipr\u00e9s de Lawson, el \u00e1rbol de J\u00fapiter y el bamb\u00fa negro. Continuaci\u00f3n a Betanzos. Almuerzo. Por la tarde visita de la llamada &quot;ciudad de los caballeros&quot;, una de las m\u00e1s importantes ciudades medievales gallegas. Paseando por el casco Hist\u00f3rico y sus calles podremos admirar muchos monumentos hist\u00f3ricos como la Font de Diana en bronce de mediados en el s. XIX de estilo versallesco, el ayuntamiento y la torre municipal del reloj etc. A la hora concertada, traslado al aeropuerto y salida en avi\u00f3n a Barcelona. Llegada y fin de nuestros servicios.<\/p>","protected":false},"excerpt":{"rendered":"<p><strong>INCLUYE:\u00a0<\/strong><\/p>\n<ul>\n<li>Traslados origen-apt y vuelta (m\u00ednimo 25 pax)<\/li>\n<li>Avi\u00f3n BCN \u2013 Galicia \u2013 BCN<\/li>\n<li>Autocar de lujo por todo el circuito<\/li>\n<li>Gu\u00eda acompa\u00f1ante de AIGE<\/li>\n<li>Gu\u00eda local en A Coru\u00f1a y Betanzos<\/li>\n<li>Hotel 3***<\/li>\n<li>Pensi\u00f3n completa con vino y agua (del almuerzo del d\u00eda 1 al almuerzo del d\u00eda 6)<\/li>\n<li>Entrada al museo del Encaix<\/li>\n<li>Entrada al museo Madres<\/li>\n<li>Entrada en la catedral de Mondo\u00f1edo<\/li>\n<li>Entrada a los jardines del Pazo Mari\u00f1an<\/li>\n<li>Seguro de asistencia en viaje<\/li>\n<\/ul>\n<p><strong><em>Nota sobre el alojamiento:\u00a0<\/em><\/strong><strong><em>todas las noches en el mismo hotel<\/em><\/strong><\/p>","protected":false},"featured_media":550,"template":"","meta":[],"product_cat":[50,37],"product_tag":[],"class_list":["post-549","product","type-product","status-publish","has-post-thumbnail","hentry","product_cat-amb-avio","product_cat-circuits-nacional"],"yoast_head":"<!-- This site is optimized with the Yoast SEO plugin v21.7 - https:\/\/yoast.com\/wordpress\/plugins\/seo\/ -->\n<title>GALICIA RIES ALTES - 6 DIES - AIGE Viatges<\/title>\n<meta name=\"description\" content=\"Agencia de viajes online | Descubre nuestros viajes inolvidables a GALICIA RIES ALTES - 6 DIES\" \/>\n<meta name=\"robots\" content=\"index, follow, max-snippet:-1, max-image-preview:large, max-video-preview:-1\" \/>\n<link rel=\"canonical\" href=\"https:\/\/aigeviatges.com\/es\/producto\/galerias-altas-6-dias\/\" \/>\n<meta property=\"og:locale\" content=\"es_ES\" \/>\n<meta property=\"og:type\" content=\"article\" \/>\n<meta property=\"og:title\" content=\"GALICIA RIES ALTES - 6 DIES - AIGE Viatges\" \/>\n<meta property=\"og:description\" content=\"Agencia de viajes online | Descubre nuestros viajes inolvidables a GALICIA RIES ALTES - 6 DIES\" \/>\n<meta property=\"og:url\" content=\"https:\/\/aigeviatges.com\/es\/producto\/galerias-altas-6-dias\/\" \/>\n<meta property=\"og:site_name\" content=\"AIGE Viatges\" \/>\n<meta property=\"article:publisher\" content=\"https:\/\/www.facebook.com\/viatgesaige\/\" \/>\n<meta property=\"article:modified_time\" content=\"2021-03-18T13:31:32+00:00\" \/>\n<meta property=\"og:image\" content=\"https:\/\/aigeviatges.com\/wp-content\/uploads\/2021\/02\/3-playa-las-catedrales.jpeg\" \/>\n\t<meta property=\"og:image:width\" content=\"784\" \/>\n\t<meta property=\"og:image:height\" content=\"523\" \/>\n\t<meta property=\"og:image:type\" content=\"image\/jpeg\" \/>\n<meta name=\"twitter:card\" content=\"summary_large_image\" \/>\n<meta name=\"twitter:label1\" content=\"Tiempo de lectura\" \/>\n\t<meta name=\"twitter:data1\" content=\"4 minutos\" \/>\n<script type=\"application\/ld+json\" class=\"yoast-schema-graph\">{\"@context\":\"https:\/\/schema.org\",\"@graph\":[{\"@type\":\"WebPage\",\"@id\":\"https:\/\/aigeviatges.com\/producto\/galicia-ries-altes-6-dies\/\",\"url\":\"https:\/\/aigeviatges.com\/producto\/galicia-ries-altes-6-dies\/\",\"name\":\"GALICIA RIES ALTES - 6 DIES - AIGE Viatges\",\"isPartOf\":{\"@id\":\"https:\/\/aigeviatges.com\/#website\"},\"datePublished\":\"2021-02-15T13:29:22+00:00\",\"dateModified\":\"2021-03-18T13:31:32+00:00\",\"description\":\"Agencia de viajes online | Descubre nuestros viajes inolvidables a GALICIA RIES ALTES - 6 DIES\",\"breadcrumb\":{\"@id\":\"https:\/\/aigeviatges.com\/producto\/galicia-ries-altes-6-dies\/#breadcrumb\"},\"inLanguage\":\"es\",\"potentialAction\":[{\"@type\":\"ReadAction\",\"target\":[\"https:\/\/aigeviatges.com\/producto\/galicia-ries-altes-6-dies\/\"]}]},{\"@type\":\"BreadcrumbList\",\"@id\":\"https:\/\/aigeviatges.com\/producto\/galicia-ries-altes-6-dies\/#breadcrumb\",\"itemListElement\":[{\"@type\":\"ListItem\",\"position\":1,\"name\":\"Portada\",\"item\":\"https:\/\/aigeviatges.com\/\"},{\"@type\":\"ListItem\",\"position\":2,\"name\":\"Tienda\",\"item\":\"https:\/\/aigeviatges.com\/tienda-2\/\"},{\"@type\":\"ListItem\",\"position\":3,\"name\":\"GALICIA RIES ALTES &#8211; 6 DIES\"}]},{\"@type\":\"WebSite\",\"@id\":\"https:\/\/aigeviatges.com\/#website\",\"url\":\"https:\/\/aigeviatges.com\/\",\"name\":\"AIGE Viatges\",\"description\":\"Agencia de viajes especializada en producto propio para grupos.\",\"publisher\":{\"@id\":\"https:\/\/aigeviatges.com\/#organization\"},\"potentialAction\":[{\"@type\":\"SearchAction\",\"target\":{\"@type\":\"EntryPoint\",\"urlTemplate\":\"https:\/\/aigeviatges.com\/?s={search_term_string}\"},\"query-input\":\"required name=search_term_string\"}],\"inLanguage\":\"es\"},{\"@type\":\"Organization\",\"@id\":\"https:\/\/aigeviatges.com\/#organization\",\"name\":\"AIGE Viatges\",\"url\":\"https:\/\/aigeviatges.com\/\",\"logo\":{\"@type\":\"ImageObject\",\"inLanguage\":\"es\",\"@id\":\"https:\/\/aigeviatges.com\/#\/schema\/logo\/image\/\",\"url\":\"https:\/\/aigeviatges.com\/wp-content\/uploads\/2020\/03\/aig-viatges-logo-web.png\",\"contentUrl\":\"https:\/\/aigeviatges.com\/wp-content\/uploads\/2020\/03\/aig-viatges-logo-web.png\",\"width\":600,\"height\":166,\"caption\":\"AIGE Viatges\"},\"image\":{\"@id\":\"https:\/\/aigeviatges.com\/#\/schema\/logo\/image\/\"},\"sameAs\":[\"https:\/\/www.facebook.com\/viatgesaige\/\"]}]}<\/script>\n<!-- \/ Yoast SEO plugin. -->","yoast_head_json":{"title":"GALICIA RIES ALTES - 6 DIES - AIGE Viatges","description":"Agencia de viajes online | Descubre nuestros viajes inolvidables a GALICIA RIES ALTES - 6 DIES","robots":{"index":"index","follow":"follow","max-snippet":"max-snippet:-1","max-image-preview":"max-image-preview:large","max-video-preview":"max-video-preview:-1"},"canonical":"https:\/\/aigeviatges.com\/es\/producto\/galerias-altas-6-dias\/","og_locale":"es_ES","og_type":"article","og_title":"GALICIA RIES ALTES - 6 DIES - AIGE Viatges","og_description":"Agencia de viajes online | Descubre nuestros viajes inolvidables a GALICIA RIES ALTES - 6 DIES","og_url":"https:\/\/aigeviatges.com\/es\/producto\/galerias-altas-6-dias\/","og_site_name":"AIGE Viatges","article_publisher":"https:\/\/www.facebook.com\/viatgesaige\/","article_modified_time":"2021-03-18T13:31:32+00:00","og_image":[{"width":784,"height":523,"url":"https:\/\/aigeviatges.com\/wp-content\/uploads\/2021\/02\/3-playa-las-catedrales.jpeg","type":"image\/jpeg"}],"twitter_card":"summary_large_image","twitter_misc":{"Tiempo de lectura":"4 minutos"},"schema":{"@context":"https:\/\/schema.org","@graph":[{"@type":"WebPage","@id":"https:\/\/aigeviatges.com\/producto\/galicia-ries-altes-6-dies\/","url":"https:\/\/aigeviatges.com\/producto\/galicia-ries-altes-6-dies\/","name":"GALICIA RIES ALTES - 6 DIES - AIGE Viatges","isPartOf":{"@id":"https:\/\/aigeviatges.com\/#website"},"datePublished":"2021-02-15T13:29:22+00:00","dateModified":"2021-03-18T13:31:32+00:00","description":"Agencia de viajes online | Descubre nuestros viajes inolvidables a GALICIA RIES ALTES - 6 DIES","breadcrumb":{"@id":"https:\/\/aigeviatges.com\/producto\/galicia-ries-altes-6-dies\/#breadcrumb"},"inLanguage":"es","potentialAction":[{"@type":"ReadAction","target":["https:\/\/aigeviatges.com\/producto\/galicia-ries-altes-6-dies\/"]}]},{"@type":"BreadcrumbList","@id":"https:\/\/aigeviatges.com\/producto\/galicia-ries-altes-6-dies\/#breadcrumb","itemListElement":[{"@type":"ListItem","position":1,"name":"Portada","item":"https:\/\/aigeviatges.com\/"},{"@type":"ListItem","position":2,"name":"Tienda","item":"https:\/\/aigeviatges.com\/tienda-2\/"},{"@type":"ListItem","position":3,"name":"GALICIA RIES ALTES &#8211; 6 DIES"}]},{"@type":"WebSite","@id":"https:\/\/aigeviatges.com\/#website","url":"https:\/\/aigeviatges.com\/","name":"AIGE Viatges","description":"Agencia de viajes especializada en producto propio para grupos.","publisher":{"@id":"https:\/\/aigeviatges.com\/#organization"},"potentialAction":[{"@type":"SearchAction","target":{"@type":"EntryPoint","urlTemplate":"https:\/\/aigeviatges.com\/?s={search_term_string}"},"query-input":"required name=search_term_string"}],"inLanguage":"es"},{"@type":"Organization","@id":"https:\/\/aigeviatges.com\/#organization","name":"AIGE Viatges","url":"https:\/\/aigeviatges.com\/","logo":{"@type":"ImageObject","inLanguage":"es","@id":"https:\/\/aigeviatges.com\/#\/schema\/logo\/image\/","url":"https:\/\/aigeviatges.com\/wp-content\/uploads\/2020\/03\/aig-viatges-logo-web.png","contentUrl":"https:\/\/aigeviatges.com\/wp-content\/uploads\/2020\/03\/aig-viatges-logo-web.png","width":600,"height":166,"caption":"AIGE Viatges"},"image":{"@id":"https:\/\/aigeviatges.com\/#\/schema\/logo\/image\/"},"sameAs":["https:\/\/www.facebook.com\/viatgesaige\/"]}]}},"jetpack_sharing_enabled":true,"jetpack_likes_enabled":false,"_links":{"self":[{"href":"https:\/\/aigeviatges.com\/es\/wp-json\/wp\/v2\/product\/549","targetHints":{"allow":["GET"]}}],"collection":[{"href":"https:\/\/aigeviatges.com\/es\/wp-json\/wp\/v2\/product"}],"about":[{"href":"https:\/\/aigeviatges.com\/es\/wp-json\/wp\/v2\/types\/product"}],"wp:featuredmedia":[{"embeddable":true,"href":"https:\/\/aigeviatges.com\/es\/wp-json\/wp\/v2\/media\/550"}],"wp:attachment":[{"href":"https:\/\/aigeviatges.com\/es\/wp-json\/wp\/v2\/media?parent=549"}],"wp:term":[{"taxonomy":"product_cat","embeddable":true,"href":"https:\/\/aigeviatges.com\/es\/wp-json\/wp\/v2\/product_cat?post=549"},{"taxonomy":"product_tag","embeddable":true,"href":"https:\/\/aigeviatges.com\/es\/wp-json\/wp\/v2\/product_tag?post=549"}],"curies":[{"name":"wp","href":"https:\/\/api.w.org\/{rel}","templated":true}]}}