{"id":548,"date":"2021-02-15T12:57:04","date_gmt":"2021-02-15T12:57:04","guid":{"rendered":"https:\/\/aigeviatges.com\/?post_type=product&#038;p=548"},"modified":"2021-03-17T12:08:20","modified_gmt":"2021-03-17T12:08:20","slug":"galicia-7-dies","status":"publish","type":"product","link":"https:\/\/aigeviatges.com\/es\/producto\/galicia-7-dias\/","title":{"rendered":"GAL\u00cdCIA R\u00cdAS BAJAS \u2013 7 D\u00cdAS"},"content":{"rendered":"<p><strong>D\u00eda 1: ORIGEN \u2013 ARANDA DE DUERO \u2013 PRUEBA DE LEON<\/strong><br \/>\nSalida a primera hora en autocar direcci\u00f3n Zaragoza, realizando paradas peri\u00f3dicas, hasta llegar a Castrillo de la Vega. Almuerzo gastron\u00f3mico en El Ventorro. Continuaci\u00f3n de la ruta en la provincia de Le\u00f3n. Acomodaci\u00f3n en el hotel, cena y alojamiento.<\/p>\n<p><strong>D\u00eda 2: PRUEBA DE LEON \u2013 RIAS BAJAS \u2013 ISLA DE LA TOJA<\/strong><br \/>\nSalida hacia Galicia R\u00edas Baixas hasta llegar al hotel. Acomodaci\u00f3n y almuerzo. Por la tarde visitaremos un m\u00edtico sitio como la isla de Toja, donde se encuentra el manantial que lo ha hecho famoso. Recorrido para conocer los sitios m\u00e1s emblem\u00e1ticos de la Isla. Cena y alojamiento en el hotel.<\/p>\n<p><strong>D\u00eda 3: VIGO \u2013 PONTEVEDRA \u2013 COMBARRO<\/strong><br \/>\nSalida a Vigo. Visita de esta bella ciudad construida entre colinas y que cuenta con uno de los puertos m\u00e1s importantes de Espa\u00f1a. Dispondremos de tiempo libre en el famoso Barrio de la Piedra, lugar ideal para hacer tapas con un buen marisco. Almuerzo en el hotel. Por la tarde visitaremos Pontevedra, paseando por su barrio antiguo, se puede visitar la Iglesia de la Virgen de la Peregrina, patrona de la ciudad, la Plaza de la Le\u00f1a, la Plaza de la Ferrer\u00eda con la Iglesia de San Francisco y las Ruinas de Santo Domingo. Continuaci\u00f3n con la visita a Combarro, poblaci\u00f3n que conserva un gran n\u00famero de h\u00f3rreos, t\u00edpicos de Galicia. Cena y alojamiento en el hotel.<\/p>\n<p><strong>D\u00eda 4: RIA DE AROUSA \u2013 CAMBADOS \u2013 O&#039; GROVE \u2013 MONASTERIO DE ARMENTEIRA<\/strong><br \/>\nPor la ma\u00f1ana realizaremos una bonita excursi\u00f3n bordeando la costa hasta la t\u00edpica poblaci\u00f3n de Villagarc\u00eda de Arousa, cruzaremos el puente que une la Isla con tierra firme con una hermosa panor\u00e1mica de la R\u00eda. Pasaremos por Cambados, capital de la denominaci\u00f3n de origen albari\u00f1o famoso vino de reconocida calidad que ha dado fama a esta localidad. Seguidamente visitaremos el puerto de O Grove. Regreso al hotel y almuerzo. Por la tarde visitaremos el monasterio de Armenteira antiguo Monasterio Cisterciense habitado por una comunidad de monjas de la misma orden. Como gustaba a los primeros monjes de Cister, el Monasterio se encuentra en un hermoso valle fecundado por las aguas, met\u00e1fora de la gracia de Dios que se derrama en los corazones. Cena y alojamiento en el hotel.<\/p>\n<p><strong>D\u00eda 5: SANTIAGO DE COMPOSTELA<\/strong><br \/>\nVisita de Santiago de Compostela, acompa\u00f1ados de un gu\u00eda local visitaremos lo m\u00e1s destacado, como la Catedral, lugar donde se encuentra la tumba del Ap\u00f3stol Santiago, podremos recorrer sus calles y plazas llenas de historia y costumbres. Cena y alojamiento en el hotel.<\/p>\n<p><strong>D\u00eda 6: RIAS BAJAS - ASTORGA - PROV. DE BURGOS<\/strong><br \/>\nSalida a Astorga. Visita de esta monumental ciudad y sede episcopal. Pese al paso de los siglos, Astorga ha mantenido su car\u00e1cter de capital cercana. La ciudad cuenta con diversas industrias relacionadas con la elaboraci\u00f3n de productos t\u00edpicos como la cecina, los mantecados. los hojaldres, el chocolate y la reposter\u00eda tradicional. almuerzo en rto. Continuaci\u00f3n de la ruta en el hotel situado en la provincia de Burgos. Acomodaci\u00f3n, cena y alojamiento.<\/p>\n<p><strong>D\u00eda 7: PROV. DE BURGOS - ORIGEN<\/strong><br \/>\nDesayuno y salida hacia Zaragoza. Almuerzo especial de despedida. Continuaci\u00f3n de la ruta hasta llegar a nuestro sitio de origen. Fin de los servicios.<\/p>","protected":false},"excerpt":{"rendered":"<div class=\"summary entry-summary\">\n<div class=\"woocommerce-product-details__short-description\">\n<p><strong>INCLUYE:\u00a0<\/strong><\/p>\n<ul>\n<li>Autocar de lujo por todo el circuito<\/li>\n<li>Autocar de sustituci\u00f3n por 1 d\u00eda (seg\u00fan normativa)<\/li>\n<li>Gu\u00eda acompa\u00f1ante de AIGE<\/li>\n<li>Gu\u00eda local en Santiago de Compostela<\/li>\n<li>Hoteles 3***<\/li>\n<li>Pensi\u00f3n completa con vino y agua (del almuerzo del d\u00eda 1 al almuerzo del d\u00eda 7)<\/li>\n<li>Entrada en el monasterio de Armenteira<\/li>\n<li>Seguro de asistencia en viaje<\/li>\n<\/ul>\n<\/div>\n<p><strong><em>Nota sobre el alojamiento: 1 noche en zona Le\u00f3n + 4 noches en R\u00edas Baixas + 1 noche en zona Burgos<\/em><\/strong><\/p>\n<\/div>","protected":false},"featured_media":543,"template":"","meta":[],"product_cat":[51,37],"product_tag":[],"class_list":["post-548","product","type-product","status-publish","has-post-thumbnail","hentry","product_cat-amb-autocar","product_cat-circuits-nacional"],"yoast_head":"<!-- This site is optimized with the Yoast SEO plugin v21.7 - https:\/\/yoast.com\/wordpress\/plugins\/seo\/ -->\n<title>GALICIA RIES BAIXES - 7 DIES - AIGE Viatges<\/title>\n<meta name=\"description\" content=\"Agencia de viajes online | Descubre nuestros viajes inolvidables a GALICIA RIES BAIXES - 7 DIES\" \/>\n<meta name=\"robots\" content=\"index, follow, max-snippet:-1, max-image-preview:large, max-video-preview:-1\" \/>\n<link rel=\"canonical\" href=\"https:\/\/aigeviatges.com\/es\/producto\/galicia-7-dias\/\" \/>\n<meta property=\"og:locale\" content=\"es_ES\" \/>\n<meta property=\"og:type\" content=\"article\" \/>\n<meta property=\"og:title\" content=\"GALICIA RIES BAIXES - 7 DIES - AIGE Viatges\" \/>\n<meta property=\"og:description\" content=\"Agencia de viajes online | Descubre nuestros viajes inolvidables a GALICIA RIES BAIXES - 7 DIES\" \/>\n<meta property=\"og:url\" content=\"https:\/\/aigeviatges.com\/es\/producto\/galicia-7-dias\/\" \/>\n<meta property=\"og:site_name\" content=\"AIGE Viatges\" \/>\n<meta property=\"article:publisher\" content=\"https:\/\/www.facebook.com\/viatgesaige\/\" \/>\n<meta property=\"article:modified_time\" content=\"2021-03-17T12:08:20+00:00\" \/>\n<meta property=\"og:image\" content=\"https:\/\/aigeviatges.com\/wp-content\/uploads\/2021\/02\/horreo.jpg\" \/>\n\t<meta property=\"og:image:width\" content=\"542\" \/>\n\t<meta property=\"og:image:height\" content=\"464\" \/>\n\t<meta property=\"og:image:type\" content=\"image\/jpeg\" \/>\n<meta name=\"twitter:card\" content=\"summary_large_image\" \/>\n<meta name=\"twitter:label1\" content=\"Tiempo de lectura\" \/>\n\t<meta name=\"twitter:data1\" content=\"3 minutos\" \/>\n<script type=\"application\/ld+json\" class=\"yoast-schema-graph\">{\"@context\":\"https:\/\/schema.org\",\"@graph\":[{\"@type\":\"WebPage\",\"@id\":\"https:\/\/aigeviatges.com\/producto\/galicia-7-dies\/\",\"url\":\"https:\/\/aigeviatges.com\/producto\/galicia-7-dies\/\",\"name\":\"GALICIA RIES BAIXES - 7 DIES - AIGE Viatges\",\"isPartOf\":{\"@id\":\"https:\/\/aigeviatges.com\/#website\"},\"datePublished\":\"2021-02-15T12:57:04+00:00\",\"dateModified\":\"2021-03-17T12:08:20+00:00\",\"description\":\"Agencia de viajes online | Descubre nuestros viajes inolvidables a GALICIA RIES BAIXES - 7 DIES\",\"breadcrumb\":{\"@id\":\"https:\/\/aigeviatges.com\/producto\/galicia-7-dies\/#breadcrumb\"},\"inLanguage\":\"es\",\"potentialAction\":[{\"@type\":\"ReadAction\",\"target\":[\"https:\/\/aigeviatges.com\/producto\/galicia-7-dies\/\"]}]},{\"@type\":\"BreadcrumbList\",\"@id\":\"https:\/\/aigeviatges.com\/producto\/galicia-7-dies\/#breadcrumb\",\"itemListElement\":[{\"@type\":\"ListItem\",\"position\":1,\"name\":\"Portada\",\"item\":\"https:\/\/aigeviatges.com\/\"},{\"@type\":\"ListItem\",\"position\":2,\"name\":\"Tienda\",\"item\":\"https:\/\/aigeviatges.com\/tienda-2\/\"},{\"@type\":\"ListItem\",\"position\":3,\"name\":\"GALICIA RIES BAIXES &#8211; 7 DIES\"}]},{\"@type\":\"WebSite\",\"@id\":\"https:\/\/aigeviatges.com\/#website\",\"url\":\"https:\/\/aigeviatges.com\/\",\"name\":\"AIGE Viatges\",\"description\":\"Agencia de viajes especializada en producto propio para grupos.\",\"publisher\":{\"@id\":\"https:\/\/aigeviatges.com\/#organization\"},\"potentialAction\":[{\"@type\":\"SearchAction\",\"target\":{\"@type\":\"EntryPoint\",\"urlTemplate\":\"https:\/\/aigeviatges.com\/?s={search_term_string}\"},\"query-input\":\"required name=search_term_string\"}],\"inLanguage\":\"es\"},{\"@type\":\"Organization\",\"@id\":\"https:\/\/aigeviatges.com\/#organization\",\"name\":\"AIGE Viatges\",\"url\":\"https:\/\/aigeviatges.com\/\",\"logo\":{\"@type\":\"ImageObject\",\"inLanguage\":\"es\",\"@id\":\"https:\/\/aigeviatges.com\/#\/schema\/logo\/image\/\",\"url\":\"https:\/\/aigeviatges.com\/wp-content\/uploads\/2020\/03\/aig-viatges-logo-web.png\",\"contentUrl\":\"https:\/\/aigeviatges.com\/wp-content\/uploads\/2020\/03\/aig-viatges-logo-web.png\",\"width\":600,\"height\":166,\"caption\":\"AIGE Viatges\"},\"image\":{\"@id\":\"https:\/\/aigeviatges.com\/#\/schema\/logo\/image\/\"},\"sameAs\":[\"https:\/\/www.facebook.com\/viatgesaige\/\"]}]}<\/script>\n<!-- \/ Yoast SEO plugin. -->","yoast_head_json":{"title":"GALICIA RIES BAIXES - 7 DIES - AIGE Viatges","description":"Agencia de viajes online | Descubre nuestros viajes inolvidables a GALICIA RIES BAIXES - 7 DIES","robots":{"index":"index","follow":"follow","max-snippet":"max-snippet:-1","max-image-preview":"max-image-preview:large","max-video-preview":"max-video-preview:-1"},"canonical":"https:\/\/aigeviatges.com\/es\/producto\/galicia-7-dias\/","og_locale":"es_ES","og_type":"article","og_title":"GALICIA RIES BAIXES - 7 DIES - AIGE Viatges","og_description":"Agencia de viajes online | Descubre nuestros viajes inolvidables a GALICIA RIES BAIXES - 7 DIES","og_url":"https:\/\/aigeviatges.com\/es\/producto\/galicia-7-dias\/","og_site_name":"AIGE Viatges","article_publisher":"https:\/\/www.facebook.com\/viatgesaige\/","article_modified_time":"2021-03-17T12:08:20+00:00","og_image":[{"width":542,"height":464,"url":"https:\/\/aigeviatges.com\/wp-content\/uploads\/2021\/02\/horreo.jpg","type":"image\/jpeg"}],"twitter_card":"summary_large_image","twitter_misc":{"Tiempo de lectura":"3 minutos"},"schema":{"@context":"https:\/\/schema.org","@graph":[{"@type":"WebPage","@id":"https:\/\/aigeviatges.com\/producto\/galicia-7-dies\/","url":"https:\/\/aigeviatges.com\/producto\/galicia-7-dies\/","name":"GALICIA RIES BAIXES - 7 DIES - AIGE Viatges","isPartOf":{"@id":"https:\/\/aigeviatges.com\/#website"},"datePublished":"2021-02-15T12:57:04+00:00","dateModified":"2021-03-17T12:08:20+00:00","description":"Agencia de viajes online | Descubre nuestros viajes inolvidables a GALICIA RIES BAIXES - 7 DIES","breadcrumb":{"@id":"https:\/\/aigeviatges.com\/producto\/galicia-7-dies\/#breadcrumb"},"inLanguage":"es","potentialAction":[{"@type":"ReadAction","target":["https:\/\/aigeviatges.com\/producto\/galicia-7-dies\/"]}]},{"@type":"BreadcrumbList","@id":"https:\/\/aigeviatges.com\/producto\/galicia-7-dies\/#breadcrumb","itemListElement":[{"@type":"ListItem","position":1,"name":"Portada","item":"https:\/\/aigeviatges.com\/"},{"@type":"ListItem","position":2,"name":"Tienda","item":"https:\/\/aigeviatges.com\/tienda-2\/"},{"@type":"ListItem","position":3,"name":"GALICIA RIES BAIXES &#8211; 7 DIES"}]},{"@type":"WebSite","@id":"https:\/\/aigeviatges.com\/#website","url":"https:\/\/aigeviatges.com\/","name":"AIGE Viatges","description":"Agencia de viajes especializada en producto propio para grupos.","publisher":{"@id":"https:\/\/aigeviatges.com\/#organization"},"potentialAction":[{"@type":"SearchAction","target":{"@type":"EntryPoint","urlTemplate":"https:\/\/aigeviatges.com\/?s={search_term_string}"},"query-input":"required name=search_term_string"}],"inLanguage":"es"},{"@type":"Organization","@id":"https:\/\/aigeviatges.com\/#organization","name":"AIGE Viatges","url":"https:\/\/aigeviatges.com\/","logo":{"@type":"ImageObject","inLanguage":"es","@id":"https:\/\/aigeviatges.com\/#\/schema\/logo\/image\/","url":"https:\/\/aigeviatges.com\/wp-content\/uploads\/2020\/03\/aig-viatges-logo-web.png","contentUrl":"https:\/\/aigeviatges.com\/wp-content\/uploads\/2020\/03\/aig-viatges-logo-web.png","width":600,"height":166,"caption":"AIGE Viatges"},"image":{"@id":"https:\/\/aigeviatges.com\/#\/schema\/logo\/image\/"},"sameAs":["https:\/\/www.facebook.com\/viatgesaige\/"]}]}},"jetpack_sharing_enabled":true,"jetpack_likes_enabled":false,"_links":{"self":[{"href":"https:\/\/aigeviatges.com\/es\/wp-json\/wp\/v2\/product\/548","targetHints":{"allow":["GET"]}}],"collection":[{"href":"https:\/\/aigeviatges.com\/es\/wp-json\/wp\/v2\/product"}],"about":[{"href":"https:\/\/aigeviatges.com\/es\/wp-json\/wp\/v2\/types\/product"}],"wp:featuredmedia":[{"embeddable":true,"href":"https:\/\/aigeviatges.com\/es\/wp-json\/wp\/v2\/media\/543"}],"wp:attachment":[{"href":"https:\/\/aigeviatges.com\/es\/wp-json\/wp\/v2\/media?parent=548"}],"wp:term":[{"taxonomy":"product_cat","embeddable":true,"href":"https:\/\/aigeviatges.com\/es\/wp-json\/wp\/v2\/product_cat?post=548"},{"taxonomy":"product_tag","embeddable":true,"href":"https:\/\/aigeviatges.com\/es\/wp-json\/wp\/v2\/product_tag?post=548"}],"curies":[{"name":"wp","href":"https:\/\/api.w.org\/{rel}","templated":true}]}}