{"id":538,"date":"2021-02-15T11:32:27","date_gmt":"2021-02-15T11:32:27","guid":{"rendered":"https:\/\/aigeviatges.com\/?post_type=product&#038;p=538"},"modified":"2024-11-19T16:11:20","modified_gmt":"2024-11-19T15:11:20","slug":"asturias","status":"publish","type":"product","link":"https:\/\/aigeviatges.com\/es\/producto\/asturias\/","title":{"rendered":"ASTURIAS \u2013 7 D\u00cdAS"},"content":{"rendered":"<p><strong>D\u00eda 1: ORIGEN - BURGOS<\/strong><br \/>\nSalida en direcci\u00f3n L\u00e9rida, Zaragoza. Almuerzo en restaurante. Continuaci\u00f3n del viaje hasta llegar a Burgos. Acomodaci\u00f3n en el hotel. Cena y alojamiento.<\/p>\n<p><strong>D\u00eda 2: BURGOS \u2013 ASTURIAS \u2013 GIJON\u00a0<\/strong><br \/>\nSalida a Asturias. Llegada, acomodaci\u00f3n en el hotel y almuerzo. Por la tarde visita panor\u00e1mica de Gij\u00f3n, importante puerto del Principado, visitaremos el barrio hist\u00f3rico de Cimadevilla, Playa de San Lorenzo y Universidad Laboral. Cena y alojamiento en el hotel.<\/p>\n<p><strong>D\u00eda 3: COVADONGA \u2013 CANGAS DE ONIS<\/strong><br \/>\nDesayuno. Salida hacia uno de los puntos m\u00e1s carism\u00e1tico y venerado por los asturianos Covadonga, lugar donde se apareci\u00f3 La Santina, tiempo libre para visitar la Bas\u00edlica y la Santa Cueva, posibilidad de realizar la impresionante subida a los Lagos de su mismo nombre (facultativamente ). Almuerzo en rto. Por la tarde dispondremos de tiempo libre en la bonita localidad de Cangas de On\u00eds. Cena y alojamiento en el hotel.<\/p>\n<p><strong>D\u00eda 4: OVIEDO \u2013 LUANCO \u2013 JEFE DE PE\u00d1AS<\/strong><br \/>\nPensi\u00f3n completa en el hotel. Por la ma\u00f1ana visitaremos la capital del principado Oviedo, pasearemos por sus calles, parques, barrio antiguo y sobre todo la Catedral y Santa Mar\u00eda del Naranco, declarado Patrimonio Mundial por la UNESCO en 1985. Regreso al hotel. Almuerzo. Por la tarde realizaremos una bonita excursi\u00f3n a Luanco, pasando por Cap de Pe\u00f1as, y sus bonitos acantilados. Cena y alojamiento en el hotel.<\/p>\n<p><strong>D\u00eda 5: SIDRERIA EL GAITERO - CUDILLERO<\/strong><br \/>\nSalida a Villaviciosa, visitaremos una muy acreditada bodega de Sidra. El Gaitero nace en una de las bodegas centenarias asturianas con m\u00e1s tradici\u00f3n, en la que realizaremos un recorrido \u00fanico para adentrarnos en los secretos del sabor de Asturias, la sidra. Desde el canig\u00fa -zona de entrada de la manzana para su clasificaci\u00f3n previa y lavada- y la Sala de Prensas -donde se tritura la manzana y se extraen sus primeros zumos-, en el tren de embotellado y embalaje - automatizado con tecnolog\u00eda l\u00edder-, la historia y las emociones se palpan en todos y cada uno de sus espacios. Regreso al hotel. Almuerzo. Por la tarde visitaremos Cudillero, precioso y original pueblo de pescadores de la Costa Cant\u00e1brica. Cena y alojamiento en el hotel.<\/p>\n<p><strong>D\u00eda 6: RIBADESELLA \u2013 LA RIOJA<\/strong><br \/>\nDesayuno. Visita a Ribadesella (en la desembocadura del r\u00edo Sella), famosa por el descenso en cayucos que se realiza cada a\u00f1o. Finalizada la visita continuaci\u00f3n direcci\u00f3n Bilbao. Almuerzo. Por la tarde seguiremos ruta hasta La Rioja. Acomodaci\u00f3n en el hotel. Cena y alojamiento.<\/p>\n<p><strong>D\u00eda 7: LA RIOJA - MONASTERIO DE TULEBRAS - BARCELONA<\/strong><br \/>\nSalida direcci\u00f3n Tulebras. Visitaremos el primer monasterio femenino del Cister en Espa\u00f1a, fronterizo entre lo que entonces eran tres reinos distintos: Navarra, Arag\u00f3n y Castilla. Tambi\u00e9n visitaremos su museo, que se compone de tres salas, una de ellas es un antiguo dormitorio del s. XII. En \u00e9l se exponen obras de pintura, escultura, orfebrer\u00eda, algunos libros de coraz\u00f3n\u2026 etc. Almuerzo de despedida en rto. Regreso a nuestra ciudad de origen. Llegada y fin de nuestros servicios.<\/p>","protected":false},"excerpt":{"rendered":"<p><strong>INCLUYE:\u00a0<\/strong><\/p>\n<ul>\n<li>Autocar de lujo por todo el circuito<\/li>\n<li>Autocar de sustituci\u00f3n por 1 d\u00eda (seg\u00fan normativa)<\/li>\n<li>Gu\u00eda acompa\u00f1ante de AIGE<\/li>\n<li>Gu\u00eda local en Oviedo y Gij\u00f3n<\/li>\n<li>Hoteles 3***<\/li>\n<li>Pensi\u00f3n completa con agua y vino (del almuerzo del d\u00eda 1 al almuerzo del d\u00eda 7)<\/li>\n<li>Todas las entradas descritas en el itinerario<\/li>\n<li>Seguro de asistencia en viaje<\/li>\n<\/ul>\n<p><strong><em>Nota sobre el alojamiento: 1 noche en zona Burgos + 4 noches en zona Perlora + 1 noche en La Rioja<\/em><\/strong><\/p>","protected":false},"featured_media":529,"template":"","meta":[],"product_cat":[51,37],"product_tag":[],"class_list":["post-538","product","type-product","status-publish","has-post-thumbnail","hentry","product_cat-amb-autocar","product_cat-circuits-nacional"],"yoast_head":"<!-- This site is optimized with the Yoast SEO plugin v21.7 - https:\/\/yoast.com\/wordpress\/plugins\/seo\/ -->\n<title>Ag\u00e8ncia de viatges en l\u00ednia. Viatges a Ast\u00faries<\/title>\n<meta name=\"description\" content=\"Ag\u00e8ncia de viatges en l\u00ednia | Descobreix els nostres viatges inoblidables a AST\u00daRIES - 7 DIES\" \/>\n<meta name=\"robots\" content=\"index, follow, max-snippet:-1, max-image-preview:large, max-video-preview:-1\" \/>\n<link rel=\"canonical\" href=\"https:\/\/aigeviatges.com\/es\/producto\/asturias\/\" \/>\n<meta property=\"og:locale\" content=\"es_ES\" \/>\n<meta property=\"og:type\" content=\"article\" \/>\n<meta property=\"og:title\" content=\"Ag\u00e8ncia de viatges en l\u00ednia. Viatges a Ast\u00faries\" \/>\n<meta property=\"og:description\" content=\"Ag\u00e8ncia de viatges en l\u00ednia | Descobreix els nostres viatges inoblidables a AST\u00daRIES - 7 DIES\" \/>\n<meta property=\"og:url\" content=\"https:\/\/aigeviatges.com\/es\/producto\/asturias\/\" \/>\n<meta property=\"og:site_name\" content=\"AIGE Viatges\" \/>\n<meta property=\"article:publisher\" content=\"https:\/\/www.facebook.com\/viatgesaige\/\" \/>\n<meta property=\"article:modified_time\" content=\"2024-11-19T15:11:20+00:00\" \/>\n<meta property=\"og:image\" content=\"https:\/\/aigeviatges.com\/wp-content\/uploads\/2021\/02\/CUDILL.jpg\" \/>\n\t<meta property=\"og:image:width\" content=\"518\" \/>\n\t<meta property=\"og:image:height\" content=\"524\" \/>\n\t<meta property=\"og:image:type\" content=\"image\/jpeg\" \/>\n<meta name=\"twitter:card\" content=\"summary_large_image\" \/>\n<meta name=\"twitter:label1\" content=\"Tiempo de lectura\" \/>\n\t<meta name=\"twitter:data1\" content=\"3 minutos\" \/>\n<script type=\"application\/ld+json\" class=\"yoast-schema-graph\">{\"@context\":\"https:\/\/schema.org\",\"@graph\":[{\"@type\":\"WebPage\",\"@id\":\"https:\/\/aigeviatges.com\/producto\/asturias\/\",\"url\":\"https:\/\/aigeviatges.com\/producto\/asturias\/\",\"name\":\"Ag\u00e8ncia de viatges en l\u00ednia. Viatges a Ast\u00faries\",\"isPartOf\":{\"@id\":\"https:\/\/aigeviatges.com\/#website\"},\"datePublished\":\"2021-02-15T11:32:27+00:00\",\"dateModified\":\"2024-11-19T15:11:20+00:00\",\"description\":\"Ag\u00e8ncia de viatges en l\u00ednia | Descobreix els nostres viatges inoblidables a AST\u00daRIES - 7 DIES\",\"breadcrumb\":{\"@id\":\"https:\/\/aigeviatges.com\/producto\/asturias\/#breadcrumb\"},\"inLanguage\":\"es\",\"potentialAction\":[{\"@type\":\"ReadAction\",\"target\":[\"https:\/\/aigeviatges.com\/producto\/asturias\/\"]}]},{\"@type\":\"BreadcrumbList\",\"@id\":\"https:\/\/aigeviatges.com\/producto\/asturias\/#breadcrumb\",\"itemListElement\":[{\"@type\":\"ListItem\",\"position\":1,\"name\":\"Portada\",\"item\":\"https:\/\/aigeviatges.com\/\"},{\"@type\":\"ListItem\",\"position\":2,\"name\":\"Tienda\",\"item\":\"https:\/\/aigeviatges.com\/tienda-2\/\"},{\"@type\":\"ListItem\",\"position\":3,\"name\":\"AST\u00daRIES &#8211; 7 DIES\"}]},{\"@type\":\"WebSite\",\"@id\":\"https:\/\/aigeviatges.com\/#website\",\"url\":\"https:\/\/aigeviatges.com\/\",\"name\":\"AIGE Viatges\",\"description\":\"Agencia de viajes especializada en producto propio para grupos.\",\"publisher\":{\"@id\":\"https:\/\/aigeviatges.com\/#organization\"},\"potentialAction\":[{\"@type\":\"SearchAction\",\"target\":{\"@type\":\"EntryPoint\",\"urlTemplate\":\"https:\/\/aigeviatges.com\/?s={search_term_string}\"},\"query-input\":\"required name=search_term_string\"}],\"inLanguage\":\"es\"},{\"@type\":\"Organization\",\"@id\":\"https:\/\/aigeviatges.com\/#organization\",\"name\":\"AIGE Viatges\",\"url\":\"https:\/\/aigeviatges.com\/\",\"logo\":{\"@type\":\"ImageObject\",\"inLanguage\":\"es\",\"@id\":\"https:\/\/aigeviatges.com\/#\/schema\/logo\/image\/\",\"url\":\"https:\/\/aigeviatges.com\/wp-content\/uploads\/2020\/03\/aig-viatges-logo-web.png\",\"contentUrl\":\"https:\/\/aigeviatges.com\/wp-content\/uploads\/2020\/03\/aig-viatges-logo-web.png\",\"width\":600,\"height\":166,\"caption\":\"AIGE Viatges\"},\"image\":{\"@id\":\"https:\/\/aigeviatges.com\/#\/schema\/logo\/image\/\"},\"sameAs\":[\"https:\/\/www.facebook.com\/viatgesaige\/\"]}]}<\/script>\n<!-- \/ Yoast SEO plugin. -->","yoast_head_json":{"title":"Ag\u00e8ncia de viatges en l\u00ednia. Viatges a Ast\u00faries","description":"Ag\u00e8ncia de viatges en l\u00ednia | Descobreix els nostres viatges inoblidables a AST\u00daRIES - 7 DIES","robots":{"index":"index","follow":"follow","max-snippet":"max-snippet:-1","max-image-preview":"max-image-preview:large","max-video-preview":"max-video-preview:-1"},"canonical":"https:\/\/aigeviatges.com\/es\/producto\/asturias\/","og_locale":"es_ES","og_type":"article","og_title":"Ag\u00e8ncia de viatges en l\u00ednia. Viatges a Ast\u00faries","og_description":"Ag\u00e8ncia de viatges en l\u00ednia | Descobreix els nostres viatges inoblidables a AST\u00daRIES - 7 DIES","og_url":"https:\/\/aigeviatges.com\/es\/producto\/asturias\/","og_site_name":"AIGE Viatges","article_publisher":"https:\/\/www.facebook.com\/viatgesaige\/","article_modified_time":"2024-11-19T15:11:20+00:00","og_image":[{"width":518,"height":524,"url":"https:\/\/aigeviatges.com\/wp-content\/uploads\/2021\/02\/CUDILL.jpg","type":"image\/jpeg"}],"twitter_card":"summary_large_image","twitter_misc":{"Tiempo de lectura":"3 minutos"},"schema":{"@context":"https:\/\/schema.org","@graph":[{"@type":"WebPage","@id":"https:\/\/aigeviatges.com\/producto\/asturias\/","url":"https:\/\/aigeviatges.com\/producto\/asturias\/","name":"Ag\u00e8ncia de viatges en l\u00ednia. Viatges a Ast\u00faries","isPartOf":{"@id":"https:\/\/aigeviatges.com\/#website"},"datePublished":"2021-02-15T11:32:27+00:00","dateModified":"2024-11-19T15:11:20+00:00","description":"Ag\u00e8ncia de viatges en l\u00ednia | Descobreix els nostres viatges inoblidables a AST\u00daRIES - 7 DIES","breadcrumb":{"@id":"https:\/\/aigeviatges.com\/producto\/asturias\/#breadcrumb"},"inLanguage":"es","potentialAction":[{"@type":"ReadAction","target":["https:\/\/aigeviatges.com\/producto\/asturias\/"]}]},{"@type":"BreadcrumbList","@id":"https:\/\/aigeviatges.com\/producto\/asturias\/#breadcrumb","itemListElement":[{"@type":"ListItem","position":1,"name":"Portada","item":"https:\/\/aigeviatges.com\/"},{"@type":"ListItem","position":2,"name":"Tienda","item":"https:\/\/aigeviatges.com\/tienda-2\/"},{"@type":"ListItem","position":3,"name":"AST\u00daRIES &#8211; 7 DIES"}]},{"@type":"WebSite","@id":"https:\/\/aigeviatges.com\/#website","url":"https:\/\/aigeviatges.com\/","name":"AIGE Viatges","description":"Agencia de viajes especializada en producto propio para grupos.","publisher":{"@id":"https:\/\/aigeviatges.com\/#organization"},"potentialAction":[{"@type":"SearchAction","target":{"@type":"EntryPoint","urlTemplate":"https:\/\/aigeviatges.com\/?s={search_term_string}"},"query-input":"required name=search_term_string"}],"inLanguage":"es"},{"@type":"Organization","@id":"https:\/\/aigeviatges.com\/#organization","name":"AIGE Viatges","url":"https:\/\/aigeviatges.com\/","logo":{"@type":"ImageObject","inLanguage":"es","@id":"https:\/\/aigeviatges.com\/#\/schema\/logo\/image\/","url":"https:\/\/aigeviatges.com\/wp-content\/uploads\/2020\/03\/aig-viatges-logo-web.png","contentUrl":"https:\/\/aigeviatges.com\/wp-content\/uploads\/2020\/03\/aig-viatges-logo-web.png","width":600,"height":166,"caption":"AIGE Viatges"},"image":{"@id":"https:\/\/aigeviatges.com\/#\/schema\/logo\/image\/"},"sameAs":["https:\/\/www.facebook.com\/viatgesaige\/"]}]}},"jetpack_sharing_enabled":true,"jetpack_likes_enabled":false,"_links":{"self":[{"href":"https:\/\/aigeviatges.com\/es\/wp-json\/wp\/v2\/product\/538","targetHints":{"allow":["GET"]}}],"collection":[{"href":"https:\/\/aigeviatges.com\/es\/wp-json\/wp\/v2\/product"}],"about":[{"href":"https:\/\/aigeviatges.com\/es\/wp-json\/wp\/v2\/types\/product"}],"wp:featuredmedia":[{"embeddable":true,"href":"https:\/\/aigeviatges.com\/es\/wp-json\/wp\/v2\/media\/529"}],"wp:attachment":[{"href":"https:\/\/aigeviatges.com\/es\/wp-json\/wp\/v2\/media?parent=538"}],"wp:term":[{"taxonomy":"product_cat","embeddable":true,"href":"https:\/\/aigeviatges.com\/es\/wp-json\/wp\/v2\/product_cat?post=538"},{"taxonomy":"product_tag","embeddable":true,"href":"https:\/\/aigeviatges.com\/es\/wp-json\/wp\/v2\/product_tag?post=538"}],"curies":[{"name":"wp","href":"https:\/\/api.w.org\/{rel}","templated":true}]}}