{"id":506,"date":"2021-02-12T12:49:34","date_gmt":"2021-02-12T12:49:34","guid":{"rendered":"https:\/\/aigeviatges.com\/?post_type=product&#038;p=506"},"modified":"2021-03-18T15:17:04","modified_gmt":"2021-03-18T15:17:04","slug":"gran-creuer-de-russia-11-dies","status":"publish","type":"product","link":"https:\/\/aigeviatges.com\/es\/producto\/gran-crucero-de-rusia-11-dias\/","title":{"rendered":"GRAN CRUCERO DE RUSIA \u2013 11 D\u00cdAS"},"content":{"rendered":"<p><strong>D\u00eda 1: BARCELONA - MOSC\u00da - EMBARC<\/strong><br \/>\nTraslado al aeropuerto y salida en avi\u00f3n a Mosc\u00fa. Llegada y traslado al barco. Acomodaci\u00f3n en la cabina escogida. Cena y alojamiento.<\/p>\n<p><strong>D\u00edas 2 y 3: MOSC\u00da<\/strong><br \/>\nCena y animaci\u00f3n. Noche a bordo.<\/p>\n<p>Durante estos d\u00edas haremos las siguientes visitas:<\/p>\n<p><strong><em>Panor\u00e1mica de la ciudad<\/em><\/strong><br \/>\nDurante el recorrido visitaremos la Plaza Roja, la Calle Varbarca (la calle m\u00e1s antigua de Mosc\u00fa), el puente de Piedra, el monasterio Novodevichy y el Lago de los Cisnes, el mirador de la Universidad y La Universidad Estatal de Mosc\u00fa, el hotel Ucrania y el Ministerio de Asuntos Exteriores (edificios de Stalin), entre otros puntos. Finalizamos en la calle Arbat Vell donde podremos pasear y conocer uno de los Barrios m\u00e1s Bohemis de Mosc\u00fa.<\/p>\n<p><strong><em>Kremlin<\/em><\/strong><br \/>\nel s\u00edmbolo de la capital rusa. Incluye 2 catedrales.<\/p>\n<p><strong><em>Metro<\/em><\/strong><br \/>\nInaugurado el 15 de mayo de 1935 por el poder sovi\u00e9tico como s\u00edmbolo del avance tecnol\u00f3gico e industrial del sistema pol\u00edtico, el Metro de Mosc\u00fa era el \u201cPalacio del Pueblo\u201d. En su decoraci\u00f3n participaron los m\u00e1s importantes artistas de la \u00e9poca y se utilizaron materiales procedentes de todos los rincones del pa\u00eds, queriendo simbolizar la unidad de los pueblos sovi\u00e9ticos. Hoy en d\u00eda es el principal medio de transporte de la ciudad y uno de los principales del mundo, con 200 km de l\u00edneas y 145 estaciones. Visitaremos las m\u00e1s importantes, construidas con lujosos materiales, con m\u00e1s de 20 variedades de m\u00e1rmol, granito, \u00f3nice y decoradas con pinturas, vidrieras, murales, mosaicos e incluso grupos escult\u00f3ricos<\/p>\n<p><strong><em>Nocturna<\/em><\/strong><br \/>\nEl Tour Nocturno es sin duda la visita m\u00e1s rom\u00e1ntica y fascinante de la capital de Rusia que, a prop\u00f3sito, se considera una de las ciudades mejor iluminadas de Europa. Completaremos la imagen de Mosc\u00fa con las inolvidables vistas de la Catedral de San Basilio que de noche parece una ilustraci\u00f3n de cuentos de hadas. Veremos las famosas fuentes rojas del Parque de la Victoria, el reflejo del Monasterio de las Doncellas en las aguas del Lago de los Cisnes, el barrio de los rascacielos \u201cMoscow City\u201d.<\/p>\n<p><strong>D\u00eda 4: UGLICH<\/strong><br \/>\nPensi\u00f3n completa a bordo. Durante la ma\u00f1ana pueden disfrutar del ritmo tranquilo de la navegaci\u00f3n observando los paisajes del r\u00edo m\u00e1s grande y caudaloso de Europa, el Volga. Despu\u00e9s de comer, llegaremos a Uglich, una ciudad medieval que forma parte del conocido \u201cAnillo de oro\u201d de Rusia. Esta peque\u00f1a localidad fue testigo de importantes eventos a lo largo de la historia. En 1591 muere aqu\u00ed el \u00faltimo hijo de Iv\u00e1n el Terrible, el Pr\u00edncipe Dimitri. Durante el paseo por el territorio del antiguo kremlin, el gu\u00eda nos ofrecer\u00e1 datos interesantes sobre Iv\u00e1n el Terrible, pr\u00edncipe Dimitri y la ciudad como tal. Animaci\u00f3n. Noche a bordo.<\/p>\n<p><strong>D\u00eda 5: YAROSLAV<\/strong><br \/>\nPensi\u00f3n completa a bordo. Por la ma\u00f1ana llegaremos a Yaroslavl, una importante ciudad medieval rusa. Por primera vez Yaroslavl se menciona en 1071. El principal centro cultural y espiritual de Yaroslavl durante mucho tiempo fue el monasterio de El Salvador. Dentro de su recinto se han conservado singulares monumentos de los siglos XVI-XVII. Aqu\u00ed, en la catedral de la Transfiguraci\u00f3n fue hallado el manuscrito de la obra \u00e9pica nacional rusa, \u201cEl Cantar de la compa\u00f1\u00eda de Igor\u201d. Visita panor\u00e1mica de la ciudad: incluye entrada a la iglesia de San Nicol\u00e1s ya la antigua casa del Gobernador. Animaci\u00f3n. Noche a bordo.<\/p>\n<p><strong>D\u00eda 6: GORITSY<\/strong><br \/>\nPensi\u00f3n completa a bordo. Nuestra ruta de hoy atraviesa el colosal sistema de r\u00edos, canales y embalses denominado canal Volga-B\u00e1ltico que fue terminado en la \u00e9poca sovi\u00e9tica y que un\u00eda los 5 mares de Rusia. Goritsy es un pueblecito situado en una regi\u00f3n de bosques exuberantes, de lagos de agua pura y de singular naturaleza. A finales del siglo XIV, el monje Cirilo de Mosc\u00fa a la edad de 60 a\u00f1os abandon\u00f3 la capital para dirigirse hacia el norte, como la voz de la Virgen le ped\u00eda en una aparici\u00f3n, y fund\u00f3 all\u00ed un monasterio que se convirti\u00f3 en lugar de peregrinaci\u00f3n. Visita al monasterio de San Cirilo sobre lago Blanco. Animaci\u00f3n. Noche a bordo.<\/p>\n<p><strong>D\u00eda 7: KIZHY (LAGO ONEGA)<\/strong><br \/>\nPensi\u00f3n completa a bordo. La primera parte del d\u00eda les brinda la oportunidad de admirar la belleza del lago Onega, uno de los mayores de Europa. En el extremo norte del lago se ubica la peque\u00f1a isla de Kizhi declarada Patrimonio de Humanidad por la UNESCO por el conjunto arquitect\u00f3nico de madera construido en esta isla. Tras la victoria en la Guerra del Norte, el Zar Pedro I mand\u00f3 a edificar en Kizhi la catedral de Transfiguraci\u00f3n que hasta la fecha representa la mayor atracci\u00f3n de la isla. La visita a pie recorre el recinto del museo de arquitectura de madera al aire libre, ofreciendo una visi\u00f3n de la vida local en estas tierras. Animaci\u00f3n. Noche a bordo.<\/p>\n<p><strong>D\u00eda 8: MANDROGUI (Parada ecol\u00f3gica)<\/strong><br \/>\nDesayuno y cena a bordo. Despu\u00e9s del desayuno llegaremos al diminuto pueblecito de M\u00e1ndrogui en las orillas del r\u00edo Svir, la v\u00eda fluvial que conecta los lagos Onega y L\u00e1doga. Las casas de este pintoresco enclave est\u00e1n adornadas con todo tipo de tallas y adornos de madera. Aqu\u00ed podremos pasear por el bosque que le rodea, visitar una exposici\u00f3n de samovares, adquirir alg\u00fan souvenir fabricado por los artesanos locales o probar vodka en el museo dedicado a esta bebida nacional. Si las condiciones meteorol\u00f3gicas son favorables, celebraremos una barbacoa rusa en las orillas del r\u00edo Svir. Por la noche, tendr\u00e1 lugar la Cena del Capit\u00e1n y la gala final del crucero. Animaci\u00f3n. Noche a bordo.<\/p>\n<p><strong>D\u00edas 9 y 10: SAN PETERSBURGO<\/strong><br \/>\nCena y animaci\u00f3n. Noche a bordo.<\/p>\n<p>Durante estos d\u00edas haremos las siguientes visitas:<\/p>\n<p><strong><em>Panor\u00e1mica de la ciudad. <\/em><\/strong><br \/>\nDenominada como la \u201cVenecia del Norte\u201d, San Petersburgo, esta hermosa ciudad alberga numerosos edificios de gran inter\u00e9s tur\u00edstico: el Palacio de Invierno, la catedral de San Isaac, la Iglesia de San Salvador sobre la Sangre Derramada, la catedral de la Virgen de Kaz\u00e1n, el Almirantazgo y numerosos palacetes de la nobleza rusa.<\/p>\n<p><strong><em>Museo Hermitage.<\/em><\/strong><br \/>\nUno de los m\u00e1s grandes y m\u00e1s antiguos del mundo, fundado por Catalina la Gran en 1764. Recorreremos las salas m\u00e1s importantes para conocer las valiosas colecciones que alberga y tambi\u00e9n disfrutar de la bella arquitectura y lujosa decoraci\u00f3n de estos palacios, bello ejemplo de arquitectura imperial rusa.<\/p>\n<p><strong><em>Palacio de Catalina (Pushkin)<\/em><\/strong><br \/>\nResidencia campestre de la familia imperial. Conocida con el nombre de Zarskoe Sel\u00f3, desde 1937 se llama Pushkin, en homenaje del famoso poeta ruso, que vivi\u00f3 en ese lugar sus a\u00f1os de instituto. Visitaremos el palacio de Catalina, obra maestra de Rastrelli, uno de los ejemplos arquitect\u00f3nicos m\u00e1s valiosos del barroco ruso. La grandiosidad y el lujo de sus exteriores coincide con lo suntuoso de su interior. En el palacio se puede admirar una verdadera joya arquitect\u00f3nica \u00fanica en su especie \u2013 el Sal\u00f3n de \u00e1mbar decorado por Rastrelli de paneles al \u00e1mbar de diferentes tonalidades. Los contempor\u00e1neos lo llamaban &quot;la octava maravilla del mundo&quot;.<\/p>\n<p><strong><em>Mini crucero por los canales<\/em><\/strong><br \/>\nEl paseo en barco por los r\u00edos y canales es una de las actividades m\u00e1s t\u00edpicas en San Petersburgo, ofrece una oportunidad estupenda para descubrir otra perspectiva de la ciudad desde el nivel del agua. San Petersburgo, conocida como Venecia del Norte, est\u00e1 llena de puentes y canales navegables que se utilizan para los circuitos. El recorrido habitual es: el canal Moika, el canal de Invierno, el r\u00edo Neva, el Fontanka, de nuevo el Moika.<\/p>\n<p><strong>D\u00eda 11: SAN PETERSBURGO \u2013 BARCELONA<\/strong><br \/>\nDespu\u00e9s del desayuno desembarco. Traslado al aeropuerto y salida en avi\u00f3n a Barcelona. Llegada y fin de nuestros servicios.<\/p>","protected":false},"excerpt":{"rendered":"<p><strong>INCLUYE:\u00a0<\/strong><\/p>\n<ul>\n<li>Traslados al apt y vuelta (m\u00ednimo 25 pax)<\/li>\n<li>Avi\u00f3n BCN - Mosc\u00fa \/ San Petersburgo - BCN + Maleta (20 kg) y tasas<\/li>\n<li>Gu\u00eda acompa\u00f1ante de AIGE<\/li>\n<li>Todas las visitas con gu\u00eda local<\/li>\n<li>Visitas a pie y en autocar<\/li>\n<li>11 d\u00edas de crucero alojados en la cabina escogida<\/li>\n<li>Pensi\u00f3n completa con agua (de la cena del d\u00eda 1 al desayuno del d\u00eda 11)<\/li>\n<li>Entrada al Kremlin (2 catedrales)<\/li>\n<li>Entrada en el Metro<\/li>\n<li>Entrada al Museo del Hermitage y palacio de invierno<\/li>\n<li>Entrada en el palacio de Catalina en Pushkin<\/li>\n<li>Crucero por los canales de San Petersburgo<\/li>\n<li>Seguro de asistencia en viaje<\/li>\n<li>Gesti\u00f3n y tasa de visado<\/li>\n<\/ul>\n<p><em><strong>Nota sobre el alojamiento: todas las noches en el crucero<\/strong><\/em><\/p>","protected":false},"featured_media":508,"template":"","meta":[],"product_cat":[25,48],"product_tag":[],"class_list":["post-506","product","type-product","status-publish","has-post-thumbnail","hentry","product_cat-circuits-tot-inclos","product_cat-russia"],"yoast_head":"<!-- This site is optimized with the Yoast SEO plugin v21.7 - https:\/\/yoast.com\/wordpress\/plugins\/seo\/ -->\n<title>GRAN CREUER DE R\u00daSSIA - 11 DIES - AIGE Viatges<\/title>\n<meta name=\"description\" content=\"Agencia de viajes online | Descubre nuestros viajes inolvidables a GRAN CREUER DE R\u00daSSIA - 11 DIES\" \/>\n<meta name=\"robots\" content=\"index, follow, max-snippet:-1, max-image-preview:large, max-video-preview:-1\" \/>\n<link rel=\"canonical\" href=\"https:\/\/aigeviatges.com\/es\/producto\/gran-crucero-de-rusia-11-dias\/\" \/>\n<meta property=\"og:locale\" content=\"es_ES\" \/>\n<meta property=\"og:type\" content=\"article\" \/>\n<meta property=\"og:title\" content=\"GRAN CREUER DE R\u00daSSIA - 11 DIES - AIGE Viatges\" \/>\n<meta property=\"og:description\" content=\"Agencia de viajes online | Descubre nuestros viajes inolvidables a GRAN CREUER DE R\u00daSSIA - 11 DIES\" \/>\n<meta property=\"og:url\" content=\"https:\/\/aigeviatges.com\/es\/producto\/gran-crucero-de-rusia-11-dias\/\" \/>\n<meta property=\"og:site_name\" content=\"AIGE Viatges\" \/>\n<meta property=\"article:publisher\" content=\"https:\/\/www.facebook.com\/viatgesaige\/\" \/>\n<meta property=\"article:modified_time\" content=\"2021-03-18T15:17:04+00:00\" \/>\n<meta property=\"og:image\" content=\"https:\/\/aigeviatges.com\/wp-content\/uploads\/2021\/02\/Kizhi-Pogost-Kizhi-Island-Russia1200-1030x644-1.jpg\" \/>\n\t<meta property=\"og:image:width\" content=\"768\" \/>\n\t<meta property=\"og:image:height\" content=\"567\" \/>\n\t<meta property=\"og:image:type\" content=\"image\/jpeg\" \/>\n<meta name=\"twitter:card\" content=\"summary_large_image\" \/>\n<meta name=\"twitter:label1\" content=\"Tiempo de lectura\" \/>\n\t<meta name=\"twitter:data1\" content=\"6 minutos\" \/>\n<script type=\"application\/ld+json\" class=\"yoast-schema-graph\">{\"@context\":\"https:\/\/schema.org\",\"@graph\":[{\"@type\":\"WebPage\",\"@id\":\"https:\/\/aigeviatges.com\/producto\/gran-creuer-de-russia-11-dies\/\",\"url\":\"https:\/\/aigeviatges.com\/producto\/gran-creuer-de-russia-11-dies\/\",\"name\":\"GRAN CREUER DE R\u00daSSIA - 11 DIES - AIGE Viatges\",\"isPartOf\":{\"@id\":\"https:\/\/aigeviatges.com\/#website\"},\"datePublished\":\"2021-02-12T12:49:34+00:00\",\"dateModified\":\"2021-03-18T15:17:04+00:00\",\"description\":\"Agencia de viajes online | Descubre nuestros viajes inolvidables a GRAN CREUER DE R\u00daSSIA - 11 DIES\",\"breadcrumb\":{\"@id\":\"https:\/\/aigeviatges.com\/producto\/gran-creuer-de-russia-11-dies\/#breadcrumb\"},\"inLanguage\":\"es\",\"potentialAction\":[{\"@type\":\"ReadAction\",\"target\":[\"https:\/\/aigeviatges.com\/producto\/gran-creuer-de-russia-11-dies\/\"]}]},{\"@type\":\"BreadcrumbList\",\"@id\":\"https:\/\/aigeviatges.com\/producto\/gran-creuer-de-russia-11-dies\/#breadcrumb\",\"itemListElement\":[{\"@type\":\"ListItem\",\"position\":1,\"name\":\"Portada\",\"item\":\"https:\/\/aigeviatges.com\/\"},{\"@type\":\"ListItem\",\"position\":2,\"name\":\"Tienda\",\"item\":\"https:\/\/aigeviatges.com\/tienda-2\/\"},{\"@type\":\"ListItem\",\"position\":3,\"name\":\"GRAN CREUER DE R\u00daSSIA &#8211; 11 DIES\"}]},{\"@type\":\"WebSite\",\"@id\":\"https:\/\/aigeviatges.com\/#website\",\"url\":\"https:\/\/aigeviatges.com\/\",\"name\":\"AIGE Viatges\",\"description\":\"Agencia de viajes especializada en producto propio para grupos.\",\"publisher\":{\"@id\":\"https:\/\/aigeviatges.com\/#organization\"},\"potentialAction\":[{\"@type\":\"SearchAction\",\"target\":{\"@type\":\"EntryPoint\",\"urlTemplate\":\"https:\/\/aigeviatges.com\/?s={search_term_string}\"},\"query-input\":\"required name=search_term_string\"}],\"inLanguage\":\"es\"},{\"@type\":\"Organization\",\"@id\":\"https:\/\/aigeviatges.com\/#organization\",\"name\":\"AIGE Viatges\",\"url\":\"https:\/\/aigeviatges.com\/\",\"logo\":{\"@type\":\"ImageObject\",\"inLanguage\":\"es\",\"@id\":\"https:\/\/aigeviatges.com\/#\/schema\/logo\/image\/\",\"url\":\"https:\/\/aigeviatges.com\/wp-content\/uploads\/2020\/03\/aig-viatges-logo-web.png\",\"contentUrl\":\"https:\/\/aigeviatges.com\/wp-content\/uploads\/2020\/03\/aig-viatges-logo-web.png\",\"width\":600,\"height\":166,\"caption\":\"AIGE Viatges\"},\"image\":{\"@id\":\"https:\/\/aigeviatges.com\/#\/schema\/logo\/image\/\"},\"sameAs\":[\"https:\/\/www.facebook.com\/viatgesaige\/\"]}]}<\/script>\n<!-- \/ Yoast SEO plugin. -->","yoast_head_json":{"title":"GRAN CREUER DE R\u00daSSIA - 11 DIES - AIGE Viatges","description":"Agencia de viajes online | Descubre nuestros viajes inolvidables a GRAN CREUER DE R\u00daSSIA - 11 DIES","robots":{"index":"index","follow":"follow","max-snippet":"max-snippet:-1","max-image-preview":"max-image-preview:large","max-video-preview":"max-video-preview:-1"},"canonical":"https:\/\/aigeviatges.com\/es\/producto\/gran-crucero-de-rusia-11-dias\/","og_locale":"es_ES","og_type":"article","og_title":"GRAN CREUER DE R\u00daSSIA - 11 DIES - AIGE Viatges","og_description":"Agencia de viajes online | Descubre nuestros viajes inolvidables a GRAN CREUER DE R\u00daSSIA - 11 DIES","og_url":"https:\/\/aigeviatges.com\/es\/producto\/gran-crucero-de-rusia-11-dias\/","og_site_name":"AIGE Viatges","article_publisher":"https:\/\/www.facebook.com\/viatgesaige\/","article_modified_time":"2021-03-18T15:17:04+00:00","og_image":[{"width":768,"height":567,"url":"https:\/\/aigeviatges.com\/wp-content\/uploads\/2021\/02\/Kizhi-Pogost-Kizhi-Island-Russia1200-1030x644-1.jpg","type":"image\/jpeg"}],"twitter_card":"summary_large_image","twitter_misc":{"Tiempo de lectura":"6 minutos"},"schema":{"@context":"https:\/\/schema.org","@graph":[{"@type":"WebPage","@id":"https:\/\/aigeviatges.com\/producto\/gran-creuer-de-russia-11-dies\/","url":"https:\/\/aigeviatges.com\/producto\/gran-creuer-de-russia-11-dies\/","name":"GRAN CREUER DE R\u00daSSIA - 11 DIES - AIGE Viatges","isPartOf":{"@id":"https:\/\/aigeviatges.com\/#website"},"datePublished":"2021-02-12T12:49:34+00:00","dateModified":"2021-03-18T15:17:04+00:00","description":"Agencia de viajes online | Descubre nuestros viajes inolvidables a GRAN CREUER DE R\u00daSSIA - 11 DIES","breadcrumb":{"@id":"https:\/\/aigeviatges.com\/producto\/gran-creuer-de-russia-11-dies\/#breadcrumb"},"inLanguage":"es","potentialAction":[{"@type":"ReadAction","target":["https:\/\/aigeviatges.com\/producto\/gran-creuer-de-russia-11-dies\/"]}]},{"@type":"BreadcrumbList","@id":"https:\/\/aigeviatges.com\/producto\/gran-creuer-de-russia-11-dies\/#breadcrumb","itemListElement":[{"@type":"ListItem","position":1,"name":"Portada","item":"https:\/\/aigeviatges.com\/"},{"@type":"ListItem","position":2,"name":"Tienda","item":"https:\/\/aigeviatges.com\/tienda-2\/"},{"@type":"ListItem","position":3,"name":"GRAN CREUER DE R\u00daSSIA &#8211; 11 DIES"}]},{"@type":"WebSite","@id":"https:\/\/aigeviatges.com\/#website","url":"https:\/\/aigeviatges.com\/","name":"AIGE Viatges","description":"Agencia de viajes especializada en producto propio para grupos.","publisher":{"@id":"https:\/\/aigeviatges.com\/#organization"},"potentialAction":[{"@type":"SearchAction","target":{"@type":"EntryPoint","urlTemplate":"https:\/\/aigeviatges.com\/?s={search_term_string}"},"query-input":"required name=search_term_string"}],"inLanguage":"es"},{"@type":"Organization","@id":"https:\/\/aigeviatges.com\/#organization","name":"AIGE Viatges","url":"https:\/\/aigeviatges.com\/","logo":{"@type":"ImageObject","inLanguage":"es","@id":"https:\/\/aigeviatges.com\/#\/schema\/logo\/image\/","url":"https:\/\/aigeviatges.com\/wp-content\/uploads\/2020\/03\/aig-viatges-logo-web.png","contentUrl":"https:\/\/aigeviatges.com\/wp-content\/uploads\/2020\/03\/aig-viatges-logo-web.png","width":600,"height":166,"caption":"AIGE Viatges"},"image":{"@id":"https:\/\/aigeviatges.com\/#\/schema\/logo\/image\/"},"sameAs":["https:\/\/www.facebook.com\/viatgesaige\/"]}]}},"jetpack_sharing_enabled":true,"jetpack_likes_enabled":false,"_links":{"self":[{"href":"https:\/\/aigeviatges.com\/es\/wp-json\/wp\/v2\/product\/506","targetHints":{"allow":["GET"]}}],"collection":[{"href":"https:\/\/aigeviatges.com\/es\/wp-json\/wp\/v2\/product"}],"about":[{"href":"https:\/\/aigeviatges.com\/es\/wp-json\/wp\/v2\/types\/product"}],"wp:featuredmedia":[{"embeddable":true,"href":"https:\/\/aigeviatges.com\/es\/wp-json\/wp\/v2\/media\/508"}],"wp:attachment":[{"href":"https:\/\/aigeviatges.com\/es\/wp-json\/wp\/v2\/media?parent=506"}],"wp:term":[{"taxonomy":"product_cat","embeddable":true,"href":"https:\/\/aigeviatges.com\/es\/wp-json\/wp\/v2\/product_cat?post=506"},{"taxonomy":"product_tag","embeddable":true,"href":"https:\/\/aigeviatges.com\/es\/wp-json\/wp\/v2\/product_tag?post=506"}],"curies":[{"name":"wp","href":"https:\/\/api.w.org\/{rel}","templated":true}]}}