{"id":498,"date":"2021-02-12T12:06:26","date_gmt":"2021-02-12T12:06:26","guid":{"rendered":"https:\/\/aigeviatges.com\/?post_type=product&#038;p=498"},"modified":"2021-03-18T15:16:12","modified_gmt":"2021-03-18T15:16:12","slug":"russia-imperial-7-dies","status":"publish","type":"product","link":"https:\/\/aigeviatges.com\/es\/producto\/rusia-imperial-7-dias\/","title":{"rendered":"RUSIA IMPERIAL - 7 D\u00cdAS"},"content":{"rendered":"<p><strong>D\u00eda 1: BARCELONA - MOSC\u00da<\/strong><br \/>\nSalida en avi\u00f3n de l\u00ednea regular con destino a Mosc\u00fa. Llegada, asistencia y traslado al hotel. Cena. Visita nocturna de Mosc\u00fa. Haremos un recorrido por los principales puntos tur\u00edsticos para ver las <strong>\u201cLuces de Mosc\u00fa\u201d. <\/strong>\u00a0Alojamiento en Mosc\u00fa.<\/p>\n<p><strong>D\u00eda 2: MOSC\u00da<\/strong><br \/>\nDesayuno en el hotel. Visita <strong>panor\u00e1mica de Mosc\u00fa<\/strong>. Recorrido por las grandes avenidas de la capital de Rusia, incluyendo la impresionante Plaza \u201cRoja\u201d, donde se encuentran la Catedral de San Basilio, el Mausoleo de Lenin, la Universidad Lomonosov,\u2026 Almuerzo en restaurante. Por la tarde visitaremos el <strong>Kremlin<\/strong>, el n\u00facleo original de la ciudad, el recinto amurallado donde se encuentra el Consejo de Ministros, el enorme Ca\u00f1\u00f3n del Zar, que nunca lleg\u00f3 a ser disparado, la monumental Campana Zarina, y varias iglesias. Cena y alojamiento en Mosc\u00fa.<\/p>\n<p><strong>D\u00eda 3: MOSC\u00da<\/strong><br \/>\nDesayuno en el hotel. Visita de <strong>Sergiev Posad<\/strong> (60 km), lugar de peregrinaci\u00f3n, conocido como el Vaticano Ruso, conoceremos el interior de la Rusia medieval y veremos de cerca al pueblo con la fe m\u00e1s profunda cristiana ortodoxa. Visita el conjunto amurallado del Monasterio Troitse Sergiev (Lavra), el \u00fanico de arquitectura de los siglos XV-XVII. Almuerzo en restaurante. Por la tarde regreso a Mosc\u00fa. Cena y alojamiento en Mosc\u00fa.<\/p>\n<p><strong>D\u00eda 4: MOSC\u00da \u2013 ST PETERSBURG<\/strong><br \/>\nDesayuno en el hotel. Visita del <strong>Metro <\/strong>de Mosc\u00fa, considerado como uno de los m\u00e1s importantes y bellos del mundo, un aut\u00e9ntico museo del arte subterr\u00e1neo. Las estaciones majestuosas, destacan por su decoraci\u00f3n de mosaicos, l\u00e1mparas, esculturas, m\u00e1rmoles, cada una de las estaciones con su propio dise\u00f1o art\u00edstico. Almuerzo en restaurante. Por la tarde salida en <strong>fast train<\/strong>* (tren de alta velocidad- duraci\u00f3n 3:50 h.) en San Petersburgo. Traslado al hotel. Acomodaci\u00f3n en el hotel, cena y alojamiento.<\/p>\n<p><strong><em>*nota: el trayecto de Mosc\u00fa a San Petersburgo se puede realizar en avi\u00f3n (consultar si se prefiere ir en avi\u00f3n)<\/em><\/strong><\/p>\n<p><strong>D\u00eda 5: ST PETERSBURGO<\/strong><br \/>\nDesayuno en el hotel. Visita <strong>panor\u00e1mica de St Petersburg<\/strong>. Denominada como la \u201cVenecia del Norte\u201d, San Petersburgo, esta hermosa ciudad alberga numerosos edificios de gran inter\u00e9s tur\u00edstico: el Palacio de Invierno, la catedral de San Isaac, la Iglesia de San Salvador sobre la Sangre Derramada, la catedral de la Virgen de Kaz\u00e1n, el Almirantazgo y numerosos palacetes de la nobleza rusa. Almuerzo en el restaurante. Por la tarde visitaremos el <strong>Palacio de Catalina<\/strong> (la ciudad de <strong>Pushkin<\/strong>, 25 km de San Petersburgo), una de las residencias veraniegas de gala de los Zares rusos, magn\u00edfico ejemplo del estilo barroco ruso creado por el arquitecto de c\u00e1mara de la emperatriz Isabel Franchesco Bartolomeo Rastrelli, que incluye una de las maravillas del mundo, la famosa <strong>Sala de Ambar<\/strong>. Cena y alojamiento en San Petersburgo.<\/p>\n<p><strong>D\u00eda 6: ST PETERSBURGO<\/strong><br \/>\nDesayuno en el hotel. Visita del <strong>Museo del Hermitage<\/strong>, uno de los museos m\u00e1s grandes e importantes del mundo. \u00c9ste, catalogado entre tales como el Louvre de Par\u00eds y el Prado de Madrid, contiene casi 3 millones de objetos de arte de todo el mundo. Recorrido por los 4 edificios del museo viendo obras maestras de la pintura y escultura europea y Salas de Gala del Palacio de Invierno, antigua residencia oficial de gala de los Zares rusos. Almuerzo en restaurante. Por la tarde <strong>Paseo en barco por los r\u00edos y canales<\/strong> de San-Petersburg, ciudad, conocida como Venecia del Norte, situada sobre 42 islas formadas por 65 r\u00edos y canales afluentes del r\u00edo principal Neva. Visita inolvidable con la perspectiva de los muelles monumentales y numerosos puentes elegantes de San Petersburgo. Dispondremos de tiempo para hacer las t\u00edpicas compras en un supermercado de artesan\u00eda rusa (matreshkas, cajas lacadas, pa\u00f1uelos, pieles, \u00e1mbar, huevos faberzhe,\u2026). Cena en el hotel<\/p>\n<p><strong>D\u00eda 7: ST PETERSBURG \u2013 BARCELONA<\/strong><br \/>\nDesayuno en el hotel. Visita al espectacular <strong>iglesia de la Sangre Derramada<\/strong>. Fue construida sobre el lugar donde el zar Alejandro II de Rusia fue asesinado, v\u00edctima de un atentado el 13 de marzo de 1881. De ah\u00ed el nombre con el que se conoce este templo, pues el nombre original era iglesia de la Resurrecci\u00f3n de Cristo. Despu\u00e9s de 27 a\u00f1os de restauraci\u00f3n, la iglesia de El Salvador sobre la Sangre Derramada fue inaugurada como museo estatal, donde los visitantes pueden conocer la historia del asesinato de Alejandro II. A la hora que se indique se efectuar\u00e1 el traslado al aeropuerto para embarcar en avi\u00f3n con destino a Barcelona. Llegada, fin del viaje y de nuestros servicios<\/p>","protected":false},"excerpt":{"rendered":"<p><strong>INCLUYE:\u00a0<\/strong><\/p>\n<ul>\n<li>Traslados al apt y vuelta (m\u00ednimo 25 pax)<\/li>\n<li>Avi\u00f3n BCN - Mosc\u00fa \/ San Petersburgo - BCN + Maleta (20 kg) y tasas<\/li>\n<li>Autocar local todo el circuito<\/li>\n<li>Gu\u00eda acompa\u00f1ante de AIGE<\/li>\n<li>Todas las visitas con gu\u00eda local<\/li>\n<li>Hotel 3*** o 4****<strong><em>\u00a0\u00a0<\/em><\/strong><em>(seg\u00fan elecci\u00f3n)<\/em><\/li>\n<li>Pensi\u00f3n completa con agua (de la cena del d\u00eda 1 al desayuno del d\u00eda 7)<\/li>\n<li>Trayecto Mosc\u00fa-San Petersburgo con fast train (opci\u00f3n avi\u00f3n)<\/li>\n<li>Entrada al Kremlin (2 catedrales)<\/li>\n<li>Entrada en el Metro<\/li>\n<li>Entrada al monasterio de Sergiev Posad<\/li>\n<li>Entrada al Museo del Hermitage y palacio de invierno<\/li>\n<li>Entrada en el palacio de Catalina en Pushkin<\/li>\n<li>Entrada a la iglesia del Salvador sobre la Sangre Derramada<\/li>\n<li>Crucero por los canales de San Petersburgo<\/li>\n<li>Seguro de asistencia en viaje<\/li>\n<li>Gesti\u00f3n y tasa de visado<\/li>\n<\/ul>\n<p><em><strong>Nota sobre el alojamiento: 3 noches en zona Mosc\u00fa + 3 noches en zona San Petersburgo\u00a0 \u00a0<\/strong><\/em><\/p>","protected":false},"featured_media":504,"template":"","meta":[],"product_cat":[25,48],"product_tag":[],"class_list":["post-498","product","type-product","status-publish","has-post-thumbnail","hentry","product_cat-circuits-tot-inclos","product_cat-russia"],"yoast_head":"<!-- This site is optimized with the Yoast SEO plugin v21.7 - https:\/\/yoast.com\/wordpress\/plugins\/seo\/ -->\n<title>R\u00daSSIA IMPERIAL - 7 DIES - AIGE Viatges<\/title>\n<meta name=\"description\" content=\"Agencia de viajes online | Descubre nuestros viajes inolvidables a R\u00daSSIA IMPERIAL - 7 DIES\" \/>\n<meta name=\"robots\" content=\"index, follow, max-snippet:-1, max-image-preview:large, max-video-preview:-1\" \/>\n<link rel=\"canonical\" href=\"https:\/\/aigeviatges.com\/es\/producto\/rusia-imperial-7-dias\/\" \/>\n<meta property=\"og:locale\" content=\"es_ES\" \/>\n<meta property=\"og:type\" content=\"article\" \/>\n<meta property=\"og:title\" content=\"R\u00daSSIA IMPERIAL - 7 DIES - AIGE Viatges\" \/>\n<meta property=\"og:description\" content=\"Agencia de viajes online | Descubre nuestros viajes inolvidables a R\u00daSSIA IMPERIAL - 7 DIES\" \/>\n<meta property=\"og:url\" content=\"https:\/\/aigeviatges.com\/es\/producto\/rusia-imperial-7-dias\/\" \/>\n<meta property=\"og:site_name\" content=\"AIGE Viatges\" \/>\n<meta property=\"article:publisher\" content=\"https:\/\/www.facebook.com\/viatgesaige\/\" \/>\n<meta property=\"article:modified_time\" content=\"2021-03-18T15:16:12+00:00\" \/>\n<meta property=\"og:image\" content=\"https:\/\/aigeviatges.com\/wp-content\/uploads\/2021\/02\/Moscu_San-Basilio-1300x731-1.jpg\" \/>\n\t<meta property=\"og:image:width\" content=\"919\" \/>\n\t<meta property=\"og:image:height\" content=\"585\" \/>\n\t<meta property=\"og:image:type\" content=\"image\/jpeg\" \/>\n<meta name=\"twitter:card\" content=\"summary_large_image\" \/>\n<meta name=\"twitter:label1\" content=\"Tiempo de lectura\" \/>\n\t<meta name=\"twitter:data1\" content=\"4 minutos\" \/>\n<script type=\"application\/ld+json\" class=\"yoast-schema-graph\">{\"@context\":\"https:\/\/schema.org\",\"@graph\":[{\"@type\":\"WebPage\",\"@id\":\"https:\/\/aigeviatges.com\/producto\/russia-imperial-7-dies\/\",\"url\":\"https:\/\/aigeviatges.com\/producto\/russia-imperial-7-dies\/\",\"name\":\"R\u00daSSIA IMPERIAL - 7 DIES - AIGE Viatges\",\"isPartOf\":{\"@id\":\"https:\/\/aigeviatges.com\/#website\"},\"datePublished\":\"2021-02-12T12:06:26+00:00\",\"dateModified\":\"2021-03-18T15:16:12+00:00\",\"description\":\"Agencia de viajes online | Descubre nuestros viajes inolvidables a R\u00daSSIA IMPERIAL - 7 DIES\",\"breadcrumb\":{\"@id\":\"https:\/\/aigeviatges.com\/producto\/russia-imperial-7-dies\/#breadcrumb\"},\"inLanguage\":\"es\",\"potentialAction\":[{\"@type\":\"ReadAction\",\"target\":[\"https:\/\/aigeviatges.com\/producto\/russia-imperial-7-dies\/\"]}]},{\"@type\":\"BreadcrumbList\",\"@id\":\"https:\/\/aigeviatges.com\/producto\/russia-imperial-7-dies\/#breadcrumb\",\"itemListElement\":[{\"@type\":\"ListItem\",\"position\":1,\"name\":\"Portada\",\"item\":\"https:\/\/aigeviatges.com\/\"},{\"@type\":\"ListItem\",\"position\":2,\"name\":\"Tienda\",\"item\":\"https:\/\/aigeviatges.com\/tienda-2\/\"},{\"@type\":\"ListItem\",\"position\":3,\"name\":\"R\u00daSSIA IMPERIAL &#8211; 7 DIES\"}]},{\"@type\":\"WebSite\",\"@id\":\"https:\/\/aigeviatges.com\/#website\",\"url\":\"https:\/\/aigeviatges.com\/\",\"name\":\"AIGE Viatges\",\"description\":\"Agencia de viajes especializada en producto propio para grupos.\",\"publisher\":{\"@id\":\"https:\/\/aigeviatges.com\/#organization\"},\"potentialAction\":[{\"@type\":\"SearchAction\",\"target\":{\"@type\":\"EntryPoint\",\"urlTemplate\":\"https:\/\/aigeviatges.com\/?s={search_term_string}\"},\"query-input\":\"required name=search_term_string\"}],\"inLanguage\":\"es\"},{\"@type\":\"Organization\",\"@id\":\"https:\/\/aigeviatges.com\/#organization\",\"name\":\"AIGE Viatges\",\"url\":\"https:\/\/aigeviatges.com\/\",\"logo\":{\"@type\":\"ImageObject\",\"inLanguage\":\"es\",\"@id\":\"https:\/\/aigeviatges.com\/#\/schema\/logo\/image\/\",\"url\":\"https:\/\/aigeviatges.com\/wp-content\/uploads\/2020\/03\/aig-viatges-logo-web.png\",\"contentUrl\":\"https:\/\/aigeviatges.com\/wp-content\/uploads\/2020\/03\/aig-viatges-logo-web.png\",\"width\":600,\"height\":166,\"caption\":\"AIGE Viatges\"},\"image\":{\"@id\":\"https:\/\/aigeviatges.com\/#\/schema\/logo\/image\/\"},\"sameAs\":[\"https:\/\/www.facebook.com\/viatgesaige\/\"]}]}<\/script>\n<!-- \/ Yoast SEO plugin. -->","yoast_head_json":{"title":"R\u00daSSIA IMPERIAL - 7 DIES - AIGE Viatges","description":"Agencia de viajes online | Descubre nuestros viajes inolvidables a R\u00daSSIA IMPERIAL - 7 DIES","robots":{"index":"index","follow":"follow","max-snippet":"max-snippet:-1","max-image-preview":"max-image-preview:large","max-video-preview":"max-video-preview:-1"},"canonical":"https:\/\/aigeviatges.com\/es\/producto\/rusia-imperial-7-dias\/","og_locale":"es_ES","og_type":"article","og_title":"R\u00daSSIA IMPERIAL - 7 DIES - AIGE Viatges","og_description":"Agencia de viajes online | Descubre nuestros viajes inolvidables a R\u00daSSIA IMPERIAL - 7 DIES","og_url":"https:\/\/aigeviatges.com\/es\/producto\/rusia-imperial-7-dias\/","og_site_name":"AIGE Viatges","article_publisher":"https:\/\/www.facebook.com\/viatgesaige\/","article_modified_time":"2021-03-18T15:16:12+00:00","og_image":[{"width":919,"height":585,"url":"https:\/\/aigeviatges.com\/wp-content\/uploads\/2021\/02\/Moscu_San-Basilio-1300x731-1.jpg","type":"image\/jpeg"}],"twitter_card":"summary_large_image","twitter_misc":{"Tiempo de lectura":"4 minutos"},"schema":{"@context":"https:\/\/schema.org","@graph":[{"@type":"WebPage","@id":"https:\/\/aigeviatges.com\/producto\/russia-imperial-7-dies\/","url":"https:\/\/aigeviatges.com\/producto\/russia-imperial-7-dies\/","name":"R\u00daSSIA IMPERIAL - 7 DIES - AIGE Viatges","isPartOf":{"@id":"https:\/\/aigeviatges.com\/#website"},"datePublished":"2021-02-12T12:06:26+00:00","dateModified":"2021-03-18T15:16:12+00:00","description":"Agencia de viajes online | Descubre nuestros viajes inolvidables a R\u00daSSIA IMPERIAL - 7 DIES","breadcrumb":{"@id":"https:\/\/aigeviatges.com\/producto\/russia-imperial-7-dies\/#breadcrumb"},"inLanguage":"es","potentialAction":[{"@type":"ReadAction","target":["https:\/\/aigeviatges.com\/producto\/russia-imperial-7-dies\/"]}]},{"@type":"BreadcrumbList","@id":"https:\/\/aigeviatges.com\/producto\/russia-imperial-7-dies\/#breadcrumb","itemListElement":[{"@type":"ListItem","position":1,"name":"Portada","item":"https:\/\/aigeviatges.com\/"},{"@type":"ListItem","position":2,"name":"Tienda","item":"https:\/\/aigeviatges.com\/tienda-2\/"},{"@type":"ListItem","position":3,"name":"R\u00daSSIA IMPERIAL &#8211; 7 DIES"}]},{"@type":"WebSite","@id":"https:\/\/aigeviatges.com\/#website","url":"https:\/\/aigeviatges.com\/","name":"AIGE Viatges","description":"Agencia de viajes especializada en producto propio para grupos.","publisher":{"@id":"https:\/\/aigeviatges.com\/#organization"},"potentialAction":[{"@type":"SearchAction","target":{"@type":"EntryPoint","urlTemplate":"https:\/\/aigeviatges.com\/?s={search_term_string}"},"query-input":"required name=search_term_string"}],"inLanguage":"es"},{"@type":"Organization","@id":"https:\/\/aigeviatges.com\/#organization","name":"AIGE Viatges","url":"https:\/\/aigeviatges.com\/","logo":{"@type":"ImageObject","inLanguage":"es","@id":"https:\/\/aigeviatges.com\/#\/schema\/logo\/image\/","url":"https:\/\/aigeviatges.com\/wp-content\/uploads\/2020\/03\/aig-viatges-logo-web.png","contentUrl":"https:\/\/aigeviatges.com\/wp-content\/uploads\/2020\/03\/aig-viatges-logo-web.png","width":600,"height":166,"caption":"AIGE Viatges"},"image":{"@id":"https:\/\/aigeviatges.com\/#\/schema\/logo\/image\/"},"sameAs":["https:\/\/www.facebook.com\/viatgesaige\/"]}]}},"jetpack_sharing_enabled":true,"jetpack_likes_enabled":false,"_links":{"self":[{"href":"https:\/\/aigeviatges.com\/es\/wp-json\/wp\/v2\/product\/498","targetHints":{"allow":["GET"]}}],"collection":[{"href":"https:\/\/aigeviatges.com\/es\/wp-json\/wp\/v2\/product"}],"about":[{"href":"https:\/\/aigeviatges.com\/es\/wp-json\/wp\/v2\/types\/product"}],"wp:featuredmedia":[{"embeddable":true,"href":"https:\/\/aigeviatges.com\/es\/wp-json\/wp\/v2\/media\/504"}],"wp:attachment":[{"href":"https:\/\/aigeviatges.com\/es\/wp-json\/wp\/v2\/media?parent=498"}],"wp:term":[{"taxonomy":"product_cat","embeddable":true,"href":"https:\/\/aigeviatges.com\/es\/wp-json\/wp\/v2\/product_cat?post=498"},{"taxonomy":"product_tag","embeddable":true,"href":"https:\/\/aigeviatges.com\/es\/wp-json\/wp\/v2\/product_tag?post=498"}],"curies":[{"name":"wp","href":"https:\/\/api.w.org\/{rel}","templated":true}]}}