{"id":489,"date":"2021-02-12T09:49:02","date_gmt":"2021-02-12T09:49:02","guid":{"rendered":"https:\/\/aigeviatges.com\/?post_type=product&#038;p=489"},"modified":"2023-11-14T14:28:19","modified_gmt":"2023-11-14T14:28:19","slug":"flandes-6-dies","status":"publish","type":"product","link":"https:\/\/aigeviatges.com\/es\/producto\/flandes-6-dias\/","title":{"rendered":"FLANDES \u2013 6 D\u00cdAS"},"content":{"rendered":"<p><strong>D\u00eda 1: BARCELONA \u2013 BRUSELAS<\/strong><br \/>\nTraslado al aeropuerto y salida en avi\u00f3n a Bruselas. Visita del barrio moderno donde se encuentra la Sede del Parlamento y comisi\u00f3n Europeo, as\u00ed como la de la OTAN, continuaremos por la zona antigua, la Grand Place y la estatua del Manneken Pis. Por la tarde visitaremos el museo de historia militar, uno de los mejores y m\u00e1s completos museos de historia militar que existen en Europa. A destacar la Guerra Civil espa\u00f1ola (1936-1939), exponi\u00e9ndose en sus vitrinas una peque\u00f1a colecci\u00f3n de armas port\u00e1tiles empleadas por ambos bandos. Cena y alojamiento en el hotel.<\/p>\n<p><strong>D\u00eda 2: LIEJA - LOVAINA \u00a0<\/strong><br \/>\nSalida a Lieja. Visita de la \u201cciudad ardiente\u201d descubriremos a pie sus numerosos encantos, como la iglesia San Bartolom\u00e9 fundada en 1010, guarda un mont\u00f3n bautismal del siglo XII, el Palacio de los Pr\u00edncipes Obispos, el m\u00e1s vasto edificio g\u00f3tico civil del mundo. Por la tarde visitaremos Lovaina, bella ciudad universitaria en la que destaca la Grand Place y la maravilla arquitect\u00f3nica del ayuntamiento. Cena y alojamiento en el hotel.<\/p>\n<p><strong>D\u00eda 3: AMBERAS - MALINAS<\/strong><br \/>\nSalida a Amberes. A bordo de un tren tur\u00edstico, conoceremos su casco antiguo, la Grand Place con la torre G\u00f3tica de la catedral y la estatua de Rubens. Por la tarde, visitaremos Malinas, capital de los Pa\u00edses Bajos en la \u00e9poca de los duques de Borgo\u00f1a. Hoy en d\u00eda es la capital eclesi\u00e1stica de B\u00e9lgica. La Plaza Mayor est\u00e1 llena de edificios hist\u00f3ricos con suntuosas fachadas, dominadas por la estatua de Margarita de Austria. El edificio m\u00e1s imponente es el Ayuntamiento, situado en el antiguo Sal\u00f3n de los Tejidos. Muy cerca se encuentra la Catedral de San Romualdo, con su imponente torre, una de las m\u00e1s bellas de Flandes. Domina la ciudad desde sus 97 metros de altura y en ella se encuentran dos famosos carillones con 49 campanas. Cena y alojamiento en el hotel.<\/p>\n<p><strong>D\u00eda 4: GANTE - JARDINES DE OOIDONK<\/strong><br \/>\nSalida a Gante. Visita con gu\u00eda local del centro hist\u00f3rico, la Catedral de San Bav\u00f3n, el campanario Belfort y el edificio del Ayuntamiento. Veremos los monumentos m\u00e1s antiguos de la ciudad: la Iglesia de San Nicol\u00e1s, la Casa Gremial de los Paletas, el peque\u00f1o puerto medieval, el Castillo de los Condes de Flandes, el barrio del Patershol, la Plaza del Viernes y los palcos de la carne y el pez. Por la tarde continuaremos en Bachte-Maria-Leerne donde visitaremos exteriormente El espectacular Chateau de Ooidonk y pasearemos por sus jardines. Cena y alojamiento en el hotel.<\/p>\n<p><strong>D\u00eda 5: BRUJAS<\/strong><br \/>\nSalida a Brujas. Visita con gu\u00eda local del recinto amurallado con sus canales y sus callejuelas llenas de encanto para llegar hasta la Grand Place donde visitaremos la Bas\u00edlica de la Sangre (S.XII) donde se guarda la sangre de Jesucristo. Por la tarde realizaremos un bonito mini crucero por los canales, descubriremos jardines secretos, encantadores puentes y deliciosos rincones detenidos en el tiempo. Cena y alojamiento en el hotel.<\/p>\n<p><strong>D\u00eda 6: BRUSELAS \u2013 ATOMIUM \u2013 BARCELONA<\/strong><br \/>\nPor la ma\u00f1ana visitaremos la zona de Laeken, el barrio donde se encuentra el Castillo Real, el Pabell\u00f3n Chino, la curiosa Torre Japonesa y el Atomium, el monumento m\u00e1s famoso de Bruselas. Almuerzo en rto. Traslado al aeropuerto y salida en avi\u00f3n a Barcelona. Llegada y fin del viaje.<\/p>","protected":false},"excerpt":{"rendered":"<p><strong>INCLUYE:<\/strong><\/p>\n<ul>\n<li>Traslados origen-apt y vuelta (m\u00ednimo 25 pax)<\/li>\n<li>Avi\u00f3n BCN \u2013 Bruselas \u2013 BCN + Maleta (20 kg) y tasas<\/li>\n<li>Autocar local todo el circuito<\/li>\n<li>Gu\u00eda acompa\u00f1ante de AIGE<\/li>\n<li>Gu\u00edas locales en Brujas y Gante<\/li>\n<li>Hotel 3*** o 4****<em><strong>\u00a0\u00a0<\/strong><\/em><em>(seg\u00fan elecci\u00f3n)<\/em><\/li>\n<li>Pensi\u00f3n completa con agua (Del almuerzo del d\u00eda 1 al almuerzo del d\u00eda 6)<\/li>\n<li>Entrada en el museo militar<\/li>\n<li>Entrada en la bas\u00edlica de la Sangre<\/li>\n<li>Entrada a los jardines de Ooidonk<\/li>\n<li>Crucero por los canales de Brujas<\/li>\n<li>Tren tur\u00edstico de Amberes<\/li>\n<li>Seguro de asistencia en viaje<\/li>\n<\/ul>\n<p><em><strong>Nota sobre el alojamiento: <\/strong><\/em><em><strong>todas las noches en el mismo hotel\u00a0 \u00a0<\/strong><\/em><\/p>","protected":false},"featured_media":490,"template":"","meta":[],"product_cat":[25,45],"product_tag":[],"class_list":["post-489","product","type-product","status-publish","has-post-thumbnail","hentry","product_cat-circuits-tot-inclos","product_cat-paisos-baixos"],"yoast_head":"<!-- This site is optimized with the Yoast SEO plugin v21.7 - https:\/\/yoast.com\/wordpress\/plugins\/seo\/ -->\n<title>FLANDES - 6 DIES - AIGE Viatges<\/title>\n<meta name=\"description\" content=\"Agencia de viajes online | Descubre nuestros viajes inolvidables a FLANDES - 6 DIES\" \/>\n<meta name=\"robots\" content=\"index, follow, max-snippet:-1, max-image-preview:large, max-video-preview:-1\" \/>\n<link rel=\"canonical\" href=\"https:\/\/aigeviatges.com\/es\/producto\/flandes-6-dias\/\" \/>\n<meta property=\"og:locale\" content=\"es_ES\" \/>\n<meta property=\"og:type\" content=\"article\" \/>\n<meta property=\"og:title\" content=\"FLANDES - 6 DIES - AIGE Viatges\" \/>\n<meta property=\"og:description\" content=\"Agencia de viajes online | Descubre nuestros viajes inolvidables a FLANDES - 6 DIES\" \/>\n<meta property=\"og:url\" content=\"https:\/\/aigeviatges.com\/es\/producto\/flandes-6-dias\/\" \/>\n<meta property=\"og:site_name\" content=\"AIGE Viatges\" \/>\n<meta property=\"article:publisher\" content=\"https:\/\/www.facebook.com\/viatgesaige\/\" \/>\n<meta property=\"article:modified_time\" content=\"2023-11-14T14:28:19+00:00\" \/>\n<meta property=\"og:image\" content=\"https:\/\/aigeviatges.com\/wp-content\/uploads\/2021\/02\/Atomium.jpg\" \/>\n\t<meta property=\"og:image:width\" content=\"640\" \/>\n\t<meta property=\"og:image:height\" content=\"480\" \/>\n\t<meta property=\"og:image:type\" content=\"image\/jpeg\" \/>\n<meta name=\"twitter:card\" content=\"summary_large_image\" \/>\n<meta name=\"twitter:label1\" content=\"Tiempo de lectura\" \/>\n\t<meta name=\"twitter:data1\" content=\"3 minutos\" \/>\n<script type=\"application\/ld+json\" class=\"yoast-schema-graph\">{\"@context\":\"https:\/\/schema.org\",\"@graph\":[{\"@type\":\"WebPage\",\"@id\":\"https:\/\/aigeviatges.com\/producto\/flandes-6-dies\/\",\"url\":\"https:\/\/aigeviatges.com\/producto\/flandes-6-dies\/\",\"name\":\"FLANDES - 6 DIES - AIGE Viatges\",\"isPartOf\":{\"@id\":\"https:\/\/aigeviatges.com\/#website\"},\"datePublished\":\"2021-02-12T09:49:02+00:00\",\"dateModified\":\"2023-11-14T14:28:19+00:00\",\"description\":\"Agencia de viajes online | Descubre nuestros viajes inolvidables a FLANDES - 6 DIES\",\"breadcrumb\":{\"@id\":\"https:\/\/aigeviatges.com\/producto\/flandes-6-dies\/#breadcrumb\"},\"inLanguage\":\"es\",\"potentialAction\":[{\"@type\":\"ReadAction\",\"target\":[\"https:\/\/aigeviatges.com\/producto\/flandes-6-dies\/\"]}]},{\"@type\":\"BreadcrumbList\",\"@id\":\"https:\/\/aigeviatges.com\/producto\/flandes-6-dies\/#breadcrumb\",\"itemListElement\":[{\"@type\":\"ListItem\",\"position\":1,\"name\":\"Portada\",\"item\":\"https:\/\/aigeviatges.com\/\"},{\"@type\":\"ListItem\",\"position\":2,\"name\":\"Tienda\",\"item\":\"https:\/\/aigeviatges.com\/tienda-2\/\"},{\"@type\":\"ListItem\",\"position\":3,\"name\":\"FLANDES &#8211; 6 DIES\"}]},{\"@type\":\"WebSite\",\"@id\":\"https:\/\/aigeviatges.com\/#website\",\"url\":\"https:\/\/aigeviatges.com\/\",\"name\":\"AIGE Viatges\",\"description\":\"Agencia de viajes especializada en producto propio para grupos.\",\"publisher\":{\"@id\":\"https:\/\/aigeviatges.com\/#organization\"},\"potentialAction\":[{\"@type\":\"SearchAction\",\"target\":{\"@type\":\"EntryPoint\",\"urlTemplate\":\"https:\/\/aigeviatges.com\/?s={search_term_string}\"},\"query-input\":\"required name=search_term_string\"}],\"inLanguage\":\"es\"},{\"@type\":\"Organization\",\"@id\":\"https:\/\/aigeviatges.com\/#organization\",\"name\":\"AIGE Viatges\",\"url\":\"https:\/\/aigeviatges.com\/\",\"logo\":{\"@type\":\"ImageObject\",\"inLanguage\":\"es\",\"@id\":\"https:\/\/aigeviatges.com\/#\/schema\/logo\/image\/\",\"url\":\"https:\/\/aigeviatges.com\/wp-content\/uploads\/2020\/03\/aig-viatges-logo-web.png\",\"contentUrl\":\"https:\/\/aigeviatges.com\/wp-content\/uploads\/2020\/03\/aig-viatges-logo-web.png\",\"width\":600,\"height\":166,\"caption\":\"AIGE Viatges\"},\"image\":{\"@id\":\"https:\/\/aigeviatges.com\/#\/schema\/logo\/image\/\"},\"sameAs\":[\"https:\/\/www.facebook.com\/viatgesaige\/\"]}]}<\/script>\n<!-- \/ Yoast SEO plugin. -->","yoast_head_json":{"title":"FLANDES - 6 DIES - AIGE Viatges","description":"Agencia de viajes online | Descubre nuestros viajes inolvidables a FLANDES - 6 DIES","robots":{"index":"index","follow":"follow","max-snippet":"max-snippet:-1","max-image-preview":"max-image-preview:large","max-video-preview":"max-video-preview:-1"},"canonical":"https:\/\/aigeviatges.com\/es\/producto\/flandes-6-dias\/","og_locale":"es_ES","og_type":"article","og_title":"FLANDES - 6 DIES - AIGE Viatges","og_description":"Agencia de viajes online | Descubre nuestros viajes inolvidables a FLANDES - 6 DIES","og_url":"https:\/\/aigeviatges.com\/es\/producto\/flandes-6-dias\/","og_site_name":"AIGE Viatges","article_publisher":"https:\/\/www.facebook.com\/viatgesaige\/","article_modified_time":"2023-11-14T14:28:19+00:00","og_image":[{"width":640,"height":480,"url":"https:\/\/aigeviatges.com\/wp-content\/uploads\/2021\/02\/Atomium.jpg","type":"image\/jpeg"}],"twitter_card":"summary_large_image","twitter_misc":{"Tiempo de lectura":"3 minutos"},"schema":{"@context":"https:\/\/schema.org","@graph":[{"@type":"WebPage","@id":"https:\/\/aigeviatges.com\/producto\/flandes-6-dies\/","url":"https:\/\/aigeviatges.com\/producto\/flandes-6-dies\/","name":"FLANDES - 6 DIES - AIGE Viatges","isPartOf":{"@id":"https:\/\/aigeviatges.com\/#website"},"datePublished":"2021-02-12T09:49:02+00:00","dateModified":"2023-11-14T14:28:19+00:00","description":"Agencia de viajes online | Descubre nuestros viajes inolvidables a FLANDES - 6 DIES","breadcrumb":{"@id":"https:\/\/aigeviatges.com\/producto\/flandes-6-dies\/#breadcrumb"},"inLanguage":"es","potentialAction":[{"@type":"ReadAction","target":["https:\/\/aigeviatges.com\/producto\/flandes-6-dies\/"]}]},{"@type":"BreadcrumbList","@id":"https:\/\/aigeviatges.com\/producto\/flandes-6-dies\/#breadcrumb","itemListElement":[{"@type":"ListItem","position":1,"name":"Portada","item":"https:\/\/aigeviatges.com\/"},{"@type":"ListItem","position":2,"name":"Tienda","item":"https:\/\/aigeviatges.com\/tienda-2\/"},{"@type":"ListItem","position":3,"name":"FLANDES &#8211; 6 DIES"}]},{"@type":"WebSite","@id":"https:\/\/aigeviatges.com\/#website","url":"https:\/\/aigeviatges.com\/","name":"AIGE Viatges","description":"Agencia de viajes especializada en producto propio para grupos.","publisher":{"@id":"https:\/\/aigeviatges.com\/#organization"},"potentialAction":[{"@type":"SearchAction","target":{"@type":"EntryPoint","urlTemplate":"https:\/\/aigeviatges.com\/?s={search_term_string}"},"query-input":"required name=search_term_string"}],"inLanguage":"es"},{"@type":"Organization","@id":"https:\/\/aigeviatges.com\/#organization","name":"AIGE Viatges","url":"https:\/\/aigeviatges.com\/","logo":{"@type":"ImageObject","inLanguage":"es","@id":"https:\/\/aigeviatges.com\/#\/schema\/logo\/image\/","url":"https:\/\/aigeviatges.com\/wp-content\/uploads\/2020\/03\/aig-viatges-logo-web.png","contentUrl":"https:\/\/aigeviatges.com\/wp-content\/uploads\/2020\/03\/aig-viatges-logo-web.png","width":600,"height":166,"caption":"AIGE Viatges"},"image":{"@id":"https:\/\/aigeviatges.com\/#\/schema\/logo\/image\/"},"sameAs":["https:\/\/www.facebook.com\/viatgesaige\/"]}]}},"jetpack_sharing_enabled":true,"jetpack_likes_enabled":false,"_links":{"self":[{"href":"https:\/\/aigeviatges.com\/es\/wp-json\/wp\/v2\/product\/489","targetHints":{"allow":["GET"]}}],"collection":[{"href":"https:\/\/aigeviatges.com\/es\/wp-json\/wp\/v2\/product"}],"about":[{"href":"https:\/\/aigeviatges.com\/es\/wp-json\/wp\/v2\/types\/product"}],"wp:featuredmedia":[{"embeddable":true,"href":"https:\/\/aigeviatges.com\/es\/wp-json\/wp\/v2\/media\/490"}],"wp:attachment":[{"href":"https:\/\/aigeviatges.com\/es\/wp-json\/wp\/v2\/media?parent=489"}],"wp:term":[{"taxonomy":"product_cat","embeddable":true,"href":"https:\/\/aigeviatges.com\/es\/wp-json\/wp\/v2\/product_cat?post=489"},{"taxonomy":"product_tag","embeddable":true,"href":"https:\/\/aigeviatges.com\/es\/wp-json\/wp\/v2\/product_tag?post=489"}],"curies":[{"name":"wp","href":"https:\/\/api.w.org\/{rel}","templated":true}]}}