{"id":482,"date":"2021-02-11T14:09:15","date_gmt":"2021-02-11T14:09:15","guid":{"rendered":"https:\/\/aigeviatges.com\/?post_type=product&#038;p=482"},"modified":"2023-11-14T14:28:08","modified_gmt":"2023-11-14T14:28:08","slug":"holanda-6-dies","status":"publish","type":"product","link":"https:\/\/aigeviatges.com\/es\/producto\/holanda-6-dias\/","title":{"rendered":"HOLANDA \u2013 6 D\u00cdAS"},"content":{"rendered":"<p><strong>D\u00eda 1: BARCELONA - HOLANDA - GOUDA<\/strong><br \/>\nTraslado al aeropuerto y salida en avi\u00f3n a Rotterdam\/Amsterdam. Almuerzo en rto. Visita de la pintoresca ciudad de Gouda. Destaca la iglesia Sint Janskerk con una nave de 123 m. es la iglesia m\u00e1s larga de Holanda, famosa por las vidrieras, y su incre\u00edble ayuntamiento donde podremos ver el carill\u00f3n que hay en el lateral derecho: a los 2 minutos de la hora y de la media, las figuras mec\u00e1nicas se animan y ofrecen al p\u00fablico un precioso espect\u00e1culo. Continuaci\u00f3n en el hotel. Cena y alojamiento.<\/p>\n<p><strong>D\u00eda 2: BARRERAS DEL PLAN DELTA - LA HAYA - ROTTERDAM \u00a0<\/strong><br \/>\nPor la ma\u00f1ana visitaremos el Pla Delta, conglomerado de puentes y diques que han permitido recortar la costa en 700 km, veremos c\u00f3mo los r\u00edos se abren paso entre las islas, la mayor\u00eda bajo el nivel del mar. Continuaremos con la visita de La Haya, una de las ciudades m\u00e1s importantes y bellas de Europa, ya que es la sede de numerosos organismos internacionales (sede del tribunal de justicia y del gobierno) y llena de edificios hist\u00f3ricos y edificios modernos que la hacen curiosa y distinta. Visitaremos el centro hist\u00f3rico, veremos las huellas de la Segunda Guerra Mundial, fuertemente bombardeada, la zona de Het Plein y Grote Markt es, sin duda, la m\u00e1s animada de La Haya. Por la tarde visitaremos Rotterdam, considerado el primer puerto mundial. Destaca las casas cubo, un conjunto de casas innovadoras dise\u00f1adas por Piet Blom. Cena y alojamiento en el hotel.<\/p>\n<p><strong>D\u00eda 3: ALSMEER \u2013 ALKMAAR \u2013 ZAANSE SCHANS<\/strong><br \/>\nPor la ma\u00f1ana, salida a Alsmeer, visitaremos el mercado de flores, asistiremos a la mayor subasta de flores del mundo. Continuaremos con la visita de Alkmaar, el mercado tradicional de queso. Podremos ver c\u00f3mo se comercializan los quesos de la misma forma que se hac\u00eda hace siglos, un espect\u00e1culo folcl\u00f3rico y lleno de color. Por la tarde visitaremos Zaanse Schans entra\u00f1able pueblo que dispone de numerosas casas de madera y varios molinos. Cena y alojamiento en el hotel.<\/p>\n<p><strong>D\u00eda 4: GRAN DIC \u2013 VOLENDAM \u2013 MARKEN \u00a0\u00a0<\/strong><br \/>\nSalida al Gran Dique del Norte de Afsluitdijk -30 km de largo y 90 m. de ancho- permiti\u00f3 controlar la furia del Mar del Norte y ganar tierras f\u00e9rtiles. Continuaci\u00f3n hasta Volendam, hermoso pueblecito costero y Marken pueblo t\u00edpico situado en una peque\u00f1a pen\u00ednsula. Cena y alojamiento en el hotel.<\/p>\n<p><strong>D\u00eda 5: AMSTERDAM \u2013 CRUCERO POR LOS CANALES<\/strong><br \/>\nPor la ma\u00f1ana visitaremos \u00c1msterdam, descubriremos la plaza Dam, lugar donde se origin\u00f3 la ciudad a finales del S. XIII. Hoy en d\u00eda considerado como el coraz\u00f3n de \u00c1msterdam, aqu\u00ed realizamos un recorrido hist\u00f3rico de los edificios m\u00e1s emblem\u00e1ticos de la plaza, Nueva Iglesia, Palacio Real, y el obelisco, construido en honor a los ca\u00eddos en la II Guerra Mundial, el mercado Flotante de Flores, el canal de Singel, la Torre de la Moneda etc. Por la tarde efectuaremos un recorrido en barco por los canales, para poder apreciar los edificios m\u00e1s emblem\u00e1ticos desde el r\u00edo. Cena y alojamiento en el hotel.<\/p>\n<p><strong>D\u00eda 6: HOLANDA \u2013 AMBERAS \u2013 BARCELONA<\/strong><br \/>\nSalida a B\u00e9lgica. Visita de Amberes, la ciudad de los diamantes, situada en el coraz\u00f3n de Flandes. Conoceremos la Groen Plats, la torre G\u00f3tica de la catedral y la estatua de Rubens. Almuerzo en rto. Traslado al aeropuerto y salida en avi\u00f3n a Barcelona. Llegada y fin del viaje.<\/p>\n<p>&nbsp;<\/p>\n<p><strong>OPCI\u00d3N VISITA AL PARQUE DE KEUKENHOF:<\/strong><br \/>\n<em>El parque floral de Keukenhof, es el sitio donde se celebra la primavera (Abril y Mayo) en Holanda. M\u00e1s de 7 millones de tulipanes, jacintos y narcisos le dan la m\u00e1xima sensaci\u00f3n de primavera.<\/em><\/p>","protected":false},"excerpt":{"rendered":"<p><strong>INCLUYE:<\/strong><\/p>\n<ul>\n<li>Traslados origen-apt y vuelta (m\u00ednimo 25 pax)<\/li>\n<li>Avi\u00f3n BCN \u2013 Rotterdam \/ Amsterdam\u2013 BCN + Maleta (20 kg) y tasas<\/li>\n<li>Autocar local todo el circuito<\/li>\n<li>Gu\u00eda acompa\u00f1ante de AIGE + gu\u00eda local en Amsterdam<\/li>\n<li>Hotel 3*** o 4****<em><strong>\u00a0<\/strong><\/em><em>(seg\u00fan elecci\u00f3n)<\/em><\/li>\n<li>Pensi\u00f3n completa con agua (Del almuerzo del d\u00eda 1 al almuerzo del d\u00eda 6)<\/li>\n<li>Entrada en la subasta de Almeer o en el parque de Keukenhof (seg\u00fan fechas)<\/li>\n<li>Entrada a la barrera del Pla Delta<\/li>\n<li>Entrada a Zaanse Schans<\/li>\n<li>Crucero por los canales de Amsterdam<\/li>\n<li>Seguro de asistencia en viaje<\/li>\n<\/ul>\n<p><em><strong>Nota sobre el alojamiento: <\/strong><\/em><em><strong>todas las noches en el mismo hotel\u00a0 \u00a0\u00a0<\/strong><\/em><\/p>","protected":false},"featured_media":483,"template":"","meta":[],"product_cat":[25,45],"product_tag":[],"class_list":["post-482","product","type-product","status-publish","has-post-thumbnail","hentry","product_cat-circuits-tot-inclos","product_cat-paisos-baixos"],"yoast_head":"<!-- This site is optimized with the Yoast SEO plugin v21.7 - https:\/\/yoast.com\/wordpress\/plugins\/seo\/ -->\n<title>HOLANDA - 6 DIES - AIGE Viatges<\/title>\n<meta name=\"description\" content=\"Agencia de viajes online | Descubre nuestros viajes inolvidables a HOLANDA - 6 DIES\" \/>\n<meta name=\"robots\" content=\"index, follow, max-snippet:-1, max-image-preview:large, max-video-preview:-1\" \/>\n<link rel=\"canonical\" href=\"https:\/\/aigeviatges.com\/es\/producto\/holanda-6-dias\/\" \/>\n<meta property=\"og:locale\" content=\"es_ES\" \/>\n<meta property=\"og:type\" content=\"article\" \/>\n<meta property=\"og:title\" content=\"HOLANDA - 6 DIES - AIGE Viatges\" \/>\n<meta property=\"og:description\" content=\"Agencia de viajes online | Descubre nuestros viajes inolvidables a HOLANDA - 6 DIES\" \/>\n<meta property=\"og:url\" content=\"https:\/\/aigeviatges.com\/es\/producto\/holanda-6-dias\/\" \/>\n<meta property=\"og:site_name\" content=\"AIGE Viatges\" \/>\n<meta property=\"article:publisher\" content=\"https:\/\/www.facebook.com\/viatgesaige\/\" \/>\n<meta property=\"article:modified_time\" content=\"2023-11-14T14:28:08+00:00\" \/>\n<meta property=\"og:image\" content=\"https:\/\/aigeviatges.com\/wp-content\/uploads\/2021\/02\/molinos.jpg\" \/>\n\t<meta property=\"og:image:width\" content=\"709\" \/>\n\t<meta property=\"og:image:height\" content=\"472\" \/>\n\t<meta property=\"og:image:type\" content=\"image\/jpeg\" \/>\n<meta name=\"twitter:card\" content=\"summary_large_image\" \/>\n<meta name=\"twitter:label1\" content=\"Tiempo de lectura\" \/>\n\t<meta name=\"twitter:data1\" content=\"3 minutos\" \/>\n<script type=\"application\/ld+json\" class=\"yoast-schema-graph\">{\"@context\":\"https:\/\/schema.org\",\"@graph\":[{\"@type\":\"WebPage\",\"@id\":\"https:\/\/aigeviatges.com\/producto\/holanda-6-dies\/\",\"url\":\"https:\/\/aigeviatges.com\/producto\/holanda-6-dies\/\",\"name\":\"HOLANDA - 6 DIES - AIGE Viatges\",\"isPartOf\":{\"@id\":\"https:\/\/aigeviatges.com\/#website\"},\"datePublished\":\"2021-02-11T14:09:15+00:00\",\"dateModified\":\"2023-11-14T14:28:08+00:00\",\"description\":\"Agencia de viajes online | Descubre nuestros viajes inolvidables a HOLANDA - 6 DIES\",\"breadcrumb\":{\"@id\":\"https:\/\/aigeviatges.com\/producto\/holanda-6-dies\/#breadcrumb\"},\"inLanguage\":\"es\",\"potentialAction\":[{\"@type\":\"ReadAction\",\"target\":[\"https:\/\/aigeviatges.com\/producto\/holanda-6-dies\/\"]}]},{\"@type\":\"BreadcrumbList\",\"@id\":\"https:\/\/aigeviatges.com\/producto\/holanda-6-dies\/#breadcrumb\",\"itemListElement\":[{\"@type\":\"ListItem\",\"position\":1,\"name\":\"Portada\",\"item\":\"https:\/\/aigeviatges.com\/\"},{\"@type\":\"ListItem\",\"position\":2,\"name\":\"Tienda\",\"item\":\"https:\/\/aigeviatges.com\/tienda-2\/\"},{\"@type\":\"ListItem\",\"position\":3,\"name\":\"HOLANDA &#8211; 6 DIES\"}]},{\"@type\":\"WebSite\",\"@id\":\"https:\/\/aigeviatges.com\/#website\",\"url\":\"https:\/\/aigeviatges.com\/\",\"name\":\"AIGE Viatges\",\"description\":\"Agencia de viajes especializada en producto propio para grupos.\",\"publisher\":{\"@id\":\"https:\/\/aigeviatges.com\/#organization\"},\"potentialAction\":[{\"@type\":\"SearchAction\",\"target\":{\"@type\":\"EntryPoint\",\"urlTemplate\":\"https:\/\/aigeviatges.com\/?s={search_term_string}\"},\"query-input\":\"required name=search_term_string\"}],\"inLanguage\":\"es\"},{\"@type\":\"Organization\",\"@id\":\"https:\/\/aigeviatges.com\/#organization\",\"name\":\"AIGE Viatges\",\"url\":\"https:\/\/aigeviatges.com\/\",\"logo\":{\"@type\":\"ImageObject\",\"inLanguage\":\"es\",\"@id\":\"https:\/\/aigeviatges.com\/#\/schema\/logo\/image\/\",\"url\":\"https:\/\/aigeviatges.com\/wp-content\/uploads\/2020\/03\/aig-viatges-logo-web.png\",\"contentUrl\":\"https:\/\/aigeviatges.com\/wp-content\/uploads\/2020\/03\/aig-viatges-logo-web.png\",\"width\":600,\"height\":166,\"caption\":\"AIGE Viatges\"},\"image\":{\"@id\":\"https:\/\/aigeviatges.com\/#\/schema\/logo\/image\/\"},\"sameAs\":[\"https:\/\/www.facebook.com\/viatgesaige\/\"]}]}<\/script>\n<!-- \/ Yoast SEO plugin. -->","yoast_head_json":{"title":"HOLANDA - 6 DIES - AIGE Viatges","description":"Agencia de viajes online | Descubre nuestros viajes inolvidables a HOLANDA - 6 DIES","robots":{"index":"index","follow":"follow","max-snippet":"max-snippet:-1","max-image-preview":"max-image-preview:large","max-video-preview":"max-video-preview:-1"},"canonical":"https:\/\/aigeviatges.com\/es\/producto\/holanda-6-dias\/","og_locale":"es_ES","og_type":"article","og_title":"HOLANDA - 6 DIES - AIGE Viatges","og_description":"Agencia de viajes online | Descubre nuestros viajes inolvidables a HOLANDA - 6 DIES","og_url":"https:\/\/aigeviatges.com\/es\/producto\/holanda-6-dias\/","og_site_name":"AIGE Viatges","article_publisher":"https:\/\/www.facebook.com\/viatgesaige\/","article_modified_time":"2023-11-14T14:28:08+00:00","og_image":[{"width":709,"height":472,"url":"https:\/\/aigeviatges.com\/wp-content\/uploads\/2021\/02\/molinos.jpg","type":"image\/jpeg"}],"twitter_card":"summary_large_image","twitter_misc":{"Tiempo de lectura":"3 minutos"},"schema":{"@context":"https:\/\/schema.org","@graph":[{"@type":"WebPage","@id":"https:\/\/aigeviatges.com\/producto\/holanda-6-dies\/","url":"https:\/\/aigeviatges.com\/producto\/holanda-6-dies\/","name":"HOLANDA - 6 DIES - AIGE Viatges","isPartOf":{"@id":"https:\/\/aigeviatges.com\/#website"},"datePublished":"2021-02-11T14:09:15+00:00","dateModified":"2023-11-14T14:28:08+00:00","description":"Agencia de viajes online | Descubre nuestros viajes inolvidables a HOLANDA - 6 DIES","breadcrumb":{"@id":"https:\/\/aigeviatges.com\/producto\/holanda-6-dies\/#breadcrumb"},"inLanguage":"es","potentialAction":[{"@type":"ReadAction","target":["https:\/\/aigeviatges.com\/producto\/holanda-6-dies\/"]}]},{"@type":"BreadcrumbList","@id":"https:\/\/aigeviatges.com\/producto\/holanda-6-dies\/#breadcrumb","itemListElement":[{"@type":"ListItem","position":1,"name":"Portada","item":"https:\/\/aigeviatges.com\/"},{"@type":"ListItem","position":2,"name":"Tienda","item":"https:\/\/aigeviatges.com\/tienda-2\/"},{"@type":"ListItem","position":3,"name":"HOLANDA &#8211; 6 DIES"}]},{"@type":"WebSite","@id":"https:\/\/aigeviatges.com\/#website","url":"https:\/\/aigeviatges.com\/","name":"AIGE Viatges","description":"Agencia de viajes especializada en producto propio para grupos.","publisher":{"@id":"https:\/\/aigeviatges.com\/#organization"},"potentialAction":[{"@type":"SearchAction","target":{"@type":"EntryPoint","urlTemplate":"https:\/\/aigeviatges.com\/?s={search_term_string}"},"query-input":"required name=search_term_string"}],"inLanguage":"es"},{"@type":"Organization","@id":"https:\/\/aigeviatges.com\/#organization","name":"AIGE Viatges","url":"https:\/\/aigeviatges.com\/","logo":{"@type":"ImageObject","inLanguage":"es","@id":"https:\/\/aigeviatges.com\/#\/schema\/logo\/image\/","url":"https:\/\/aigeviatges.com\/wp-content\/uploads\/2020\/03\/aig-viatges-logo-web.png","contentUrl":"https:\/\/aigeviatges.com\/wp-content\/uploads\/2020\/03\/aig-viatges-logo-web.png","width":600,"height":166,"caption":"AIGE Viatges"},"image":{"@id":"https:\/\/aigeviatges.com\/#\/schema\/logo\/image\/"},"sameAs":["https:\/\/www.facebook.com\/viatgesaige\/"]}]}},"jetpack_sharing_enabled":true,"jetpack_likes_enabled":false,"_links":{"self":[{"href":"https:\/\/aigeviatges.com\/es\/wp-json\/wp\/v2\/product\/482","targetHints":{"allow":["GET"]}}],"collection":[{"href":"https:\/\/aigeviatges.com\/es\/wp-json\/wp\/v2\/product"}],"about":[{"href":"https:\/\/aigeviatges.com\/es\/wp-json\/wp\/v2\/types\/product"}],"wp:featuredmedia":[{"embeddable":true,"href":"https:\/\/aigeviatges.com\/es\/wp-json\/wp\/v2\/media\/483"}],"wp:attachment":[{"href":"https:\/\/aigeviatges.com\/es\/wp-json\/wp\/v2\/media?parent=482"}],"wp:term":[{"taxonomy":"product_cat","embeddable":true,"href":"https:\/\/aigeviatges.com\/es\/wp-json\/wp\/v2\/product_cat?post=482"},{"taxonomy":"product_tag","embeddable":true,"href":"https:\/\/aigeviatges.com\/es\/wp-json\/wp\/v2\/product_tag?post=482"}],"curies":[{"name":"wp","href":"https:\/\/api.w.org\/{rel}","templated":true}]}}