{"id":462,"date":"2021-02-11T10:26:42","date_gmt":"2021-02-11T10:26:42","guid":{"rendered":"https:\/\/aigeviatges.com\/?post_type=product&#038;p=462"},"modified":"2021-12-07T09:04:42","modified_gmt":"2021-12-07T09:04:42","slug":"hallsttat-i-salzkammergut-6-dies","status":"publish","type":"product","link":"https:\/\/aigeviatges.com\/es\/producto\/hallsttat-y-salzkammergut-6-dias\/","title":{"rendered":"HALLSTTAT Y SALZKAMMERGUT \u2013 6 D\u00cdAS"},"content":{"rendered":"<p><strong>D\u00eda 1: BARCELONA \u2013 MUNICH \u2013 BURGHAUSEN \u2013 REGI\u00d3N DE LOS LAGUNOS (SALZKAMMERGUT)<\/strong><br \/>\nTraslado al aeropuerto de Barcelona y salida en avi\u00f3n a M\u00fanich y continuaci\u00f3n a Burghausen. Visitaremos el centro hist\u00f3rico, que nos ofrece un compendio de coloridos palacetes e iglesias cat\u00f3licas de corte barroco. Quien lo desee podr\u00e1 subir una colina y visitar el Castillo m\u00e1s largo de Europa, una espectacular construcci\u00f3n que se origin\u00f3 en los siglos XII-XIII y es principalmente de estilo g\u00f3tico. Almuerzo en rto. Continuaci\u00f3n a la regi\u00f3n de los lagos (regi\u00f3n de los cuentos de hadas) hasta llegar al hotel. Acomodaci\u00f3n y cena. Noche en la regi\u00f3n de los lagos.<\/p>\n<p><strong>D\u00eda 2: SANKT GILGEN \u2013 CRUCERO POR EL LAGO WOLFGANGSEE \u2013 STROBL \u2013 SANKT WOLFGANG<\/strong><br \/>\nVisita de Sankt Gilgen, encantadora poblaci\u00f3n situada a orillas del lago Wolfgangsee, donde vivi\u00f3 la familia de Mozart durante un tiempo. La plaza del ayuntamiento parece pertenecer a un cuento de Hansel y Gretel, con un balc\u00f3n en forma de bombonera y unas incre\u00edbles vistas del lago. A continuaci\u00f3n realizaremos un crucero por el lago Wolfgang donde disfrutaremos de unas maravillosas vistas sobre algunos de los lugares m\u00e1s atractivos de la zona de Salzkammergut. Almuerzo en rto. Por la tarde visitaremos la preciosa Sankt Wolfgang. El pueblo debe su nombre al santo Wolfgang que buscaba refugio en la zona hace m\u00e1s de 1000 a\u00f1os. St. Wolfgang creci\u00f3 en forma sostenida en el peque\u00f1o lugar pr\u00f3spero que en esencia sigue siendo, obteniendo el privilegio de tener un mercado propio en 1567 y convirti\u00e9ndose en un centro de peregrinaci\u00f3n, para finalmente convertirse en un sitio tur\u00edstico en el transcurso del siglo XIX. Destaca la Pfarrkirche (Iglesia Parroquial). Se dice que reposa en el mismo sitio donde San Wolfgang construy\u00f3 una ermita. Veremos la plaza del mercado y dispondremos de un rato de tiempo libre. Cena y alojamiento en el hotel.<\/p>\n<p><strong>D\u00eda 3: REGI\u00d3N DE LOS LAGOS \u2013 BAD ISCHL \u2013 HALLSTAT<\/strong><br \/>\nSalida a Bad Ischl. Visitaremos la antigua residencia veraniega del emperador Francisco Jos\u00e9 y de la m\u00edtica emperatriz Isabel de Baviera, m\u00e1s conocida como Sissi cuando eran novios. La villa imperial, conocida como Kaiservilla, fue considerada como la &quot;capital secreta de la monarqu\u00eda del Danubio&quot;. All\u00ed se encontraban los novios una y otra vez en forma furtiva y sin el asedio de las miradas ajenas. Almuerzo en ruta. Seguiremos ruta hasta el famoso pueblo a orillas del lago de Hallstat, considerado uno de los pueblos m\u00e1s bonitos de Europa, incluido en el listado del Patrimonio de la Humanidad por la UNESCO. Visitaremos lo m\u00e1s destacado de este peque\u00f1o y encantador pueblo. Destaca la Marktplatz, la iglesia y su curioso cementerio y osario. Cena y alojamiento en el hotel.<\/p>\n<p><strong>D\u00eda 4: REGI\u00d3N DE LOS LAGOS \u2013 LINZ (OPCIONAL MAUTHAUSEN)<\/strong><br \/>\nSalida a la regi\u00f3n de la Alta Austria. Visita guiada de la \u201cbella\u201d Linz, rom\u00e1ntica poblaci\u00f3n a orillas del Danubio. Sus or\u00edgenes se remontan al Imperio romano, incluso lleg\u00f3 a ser una de sus ciudades m\u00e1s importantes. Al morir el emperador Federico III de Habsburgo, a finales del siglo XV, perdi\u00f3 jerarqu\u00eda. Actualmente es la capital de la Alta Austria. Almuerzo en rto. Continuaci\u00f3n de la visita. Cena y alojamiento en el hotel.<\/p>\n<p><em><strong>SIN COSTE ADICIONAL-<\/strong> Opcionalmente y bajo petici\u00f3n se puede programar una visita al Memorial de Mauthausen, veremos los barracones y algunos de los edificios administrativos, tambi\u00e9n veremos el monumento en recuerdo de los espa\u00f1oles que estuvieron all\u00ed. En ese campo de concentraci\u00f3n estuvieron recluidos muchos espa\u00f1oles. Por eso, es f\u00e1cil encontrar textos en espa\u00f1ol en las placas de recuerdo, y en carteles en las fotograf\u00edas all\u00ed expuestas.<\/em><\/p>\n<p><strong>D\u00eda 5: REGI\u00d3N DE LOS LAGUES \u2013 CRUCERO POR EL LAGO TRAUNSEE \u2013 GMUNDEN \u2013 TRAUNKIRCHEN<\/strong><br \/>\nSalida a Ebensee. A bordo de un barco haremos un crucero por el lago Traunsee hasta Gmunden. Visita de esta encantadora poblaci\u00f3n a orillas del lago Traunsee, con lugares de inter\u00e9s como el ayuntamiento o Rathaus, con un carill\u00f3n de campanas de cer\u00e1mica, la iglesia de la Asunci\u00f3n, originalmente g\u00f3tica, fue remodelada en estilo barroco en el siglo 18; contiene un grupo esculpido de los Reyes Magos (por Thomas Schwanthaler, 1678) en el altar mayor etc. Almuerzo en rto. Seguidamente bordeando el lago llegaremos al peque\u00f1o y pintoresco pueblo de Traunkirchen, maravillosamente situado en una pen\u00ednsula en la orilla oeste del lago Traunsee en el coraz\u00f3n de la esc\u00e9nica regi\u00f3n de Salzkammergut. Visitaremos su monasterio que data del a\u00f1o 1020, y fue fundado por las monjas de la orden Benedictino que ven\u00edan desde Salzburgo y que quer\u00edan reemplazar una antigua construcci\u00f3n que estaba en este sitio con anterioridad. Con el tiempo, este sitio se ha ido consolidando como uno de los m\u00e1s importantes no s\u00f3lo de la regi\u00f3n sino de todo el estado. Cena y alojamiento en el hotel.<\/p>\n<p><strong>D\u00eda 6: REGI\u00d3N DE LOS LAGOS (SALZKAMMERGUT) \u2013 PALACIO DE HERREMCHIEMSEE \u2013 BARCELONA<\/strong><br \/>\nPor la ma\u00f1ana nos dirigiremos al lago de Chiem donde nos trasladaremos en barco a la isla de los hombres-Herremchiemsee- Luis II de Baviera orden\u00f3 construir un palacio al estilo de Versalles. Visitaremos el palacio y admiraremos especialmente el Sal\u00f3n de los Espejos. Almuerzo en rto. Por la tarde, traslado al aeropuerto y salida en avi\u00f3n a Barcelona. Llegada y fin de nuestros servicios.<\/p>","protected":false},"excerpt":{"rendered":"<p><strong>INCLUYE:\u00a0<\/strong><\/p>\n<ul>\n<li>Traslados al apt y vuelta (m\u00ednimo 25 pax)<\/li>\n<li>Avi\u00f3n BCN - Munich - BCN + Maleta (20 kg) y tasas<\/li>\n<li>Autocar local todo el circuito<\/li>\n<li>Gu\u00eda acompa\u00f1ante de AIGE + gu\u00eda local en Linz<\/li>\n<li>Hotel 3*** o 4****<em><strong> \u00a0<\/strong><\/em><em>(seg\u00fan elecci\u00f3n)<\/em><\/li>\n<li>Pensi\u00f3n completa con agua (del almuerzo del d\u00eda 1 al almuerzo del d\u00eda 6)<\/li>\n<li>Barco y entrada al palacio de Herremchiemsee<\/li>\n<li>Entrada en el Palacio Kaiservilla de Sissi<\/li>\n<li>Entrada en el monasterio de Traunkirchen<\/li>\n<li>Crucero por el lago Wolfgang<\/li>\n<li>Crucero por el lago Traunsee<\/li>\n<li>Seguro de asistencia en viaje<\/li>\n<\/ul>\n<p><em><strong>Nota sobre el alojamiento: todas las noches en el mismo hotel\u00a0 \u00a0<\/strong><\/em><\/p>","protected":false},"featured_media":464,"template":"","meta":[],"product_cat":[42,25],"product_tag":[],"class_list":["post-462","product","type-product","status-publish","has-post-thumbnail","hentry","product_cat-austria","product_cat-circuits-tot-inclos"],"yoast_head":"<!-- This site is optimized with the Yoast SEO plugin v21.7 - https:\/\/yoast.com\/wordpress\/plugins\/seo\/ -->\n<title>HALLSTTAT I SALZKAMMERGUT - 6 DIES - AIGE Viatges<\/title>\n<meta name=\"description\" content=\"Agencia de viajes online | Descubre nuestros viajes inolvidables a HALLSTTAT I SALZKAMMERGUT - 6 DIES\" \/>\n<meta name=\"robots\" content=\"index, follow, max-snippet:-1, max-image-preview:large, max-video-preview:-1\" \/>\n<link rel=\"canonical\" href=\"https:\/\/aigeviatges.com\/es\/producto\/hallsttat-y-salzkammergut-6-dias\/\" \/>\n<meta property=\"og:locale\" content=\"es_ES\" \/>\n<meta property=\"og:type\" content=\"article\" \/>\n<meta property=\"og:title\" content=\"HALLSTTAT I SALZKAMMERGUT - 6 DIES - AIGE Viatges\" \/>\n<meta property=\"og:description\" content=\"Agencia de viajes online | Descubre nuestros viajes inolvidables a HALLSTTAT I SALZKAMMERGUT - 6 DIES\" \/>\n<meta property=\"og:url\" content=\"https:\/\/aigeviatges.com\/es\/producto\/hallsttat-y-salzkammergut-6-dias\/\" \/>\n<meta property=\"og:site_name\" content=\"AIGE Viatges\" \/>\n<meta property=\"article:publisher\" content=\"https:\/\/www.facebook.com\/viatgesaige\/\" \/>\n<meta property=\"article:modified_time\" content=\"2021-12-07T09:04:42+00:00\" \/>\n<meta property=\"og:image\" content=\"https:\/\/aigeviatges.com\/wp-content\/uploads\/2021\/02\/Hallstatt1-22.jpg\" \/>\n\t<meta property=\"og:image:width\" content=\"997\" \/>\n\t<meta property=\"og:image:height\" content=\"500\" \/>\n\t<meta property=\"og:image:type\" content=\"image\/jpeg\" \/>\n<meta name=\"twitter:card\" content=\"summary_large_image\" \/>\n<meta name=\"twitter:label1\" content=\"Tiempo de lectura\" \/>\n\t<meta name=\"twitter:data1\" content=\"4 minutos\" \/>\n<script type=\"application\/ld+json\" class=\"yoast-schema-graph\">{\"@context\":\"https:\/\/schema.org\",\"@graph\":[{\"@type\":\"WebPage\",\"@id\":\"https:\/\/aigeviatges.com\/producto\/hallsttat-i-salzkammergut-6-dies\/\",\"url\":\"https:\/\/aigeviatges.com\/producto\/hallsttat-i-salzkammergut-6-dies\/\",\"name\":\"HALLSTTAT I SALZKAMMERGUT - 6 DIES - AIGE Viatges\",\"isPartOf\":{\"@id\":\"https:\/\/aigeviatges.com\/#website\"},\"datePublished\":\"2021-02-11T10:26:42+00:00\",\"dateModified\":\"2021-12-07T09:04:42+00:00\",\"description\":\"Agencia de viajes online | Descubre nuestros viajes inolvidables a HALLSTTAT I SALZKAMMERGUT - 6 DIES\",\"breadcrumb\":{\"@id\":\"https:\/\/aigeviatges.com\/producto\/hallsttat-i-salzkammergut-6-dies\/#breadcrumb\"},\"inLanguage\":\"es\",\"potentialAction\":[{\"@type\":\"ReadAction\",\"target\":[\"https:\/\/aigeviatges.com\/producto\/hallsttat-i-salzkammergut-6-dies\/\"]}]},{\"@type\":\"BreadcrumbList\",\"@id\":\"https:\/\/aigeviatges.com\/producto\/hallsttat-i-salzkammergut-6-dies\/#breadcrumb\",\"itemListElement\":[{\"@type\":\"ListItem\",\"position\":1,\"name\":\"Portada\",\"item\":\"https:\/\/aigeviatges.com\/\"},{\"@type\":\"ListItem\",\"position\":2,\"name\":\"Tienda\",\"item\":\"https:\/\/aigeviatges.com\/tienda-2\/\"},{\"@type\":\"ListItem\",\"position\":3,\"name\":\"HALLSTTAT I SALZKAMMERGUT &#8211; 6 DIES\"}]},{\"@type\":\"WebSite\",\"@id\":\"https:\/\/aigeviatges.com\/#website\",\"url\":\"https:\/\/aigeviatges.com\/\",\"name\":\"AIGE Viatges\",\"description\":\"Agencia de viajes especializada en producto propio para grupos.\",\"publisher\":{\"@id\":\"https:\/\/aigeviatges.com\/#organization\"},\"potentialAction\":[{\"@type\":\"SearchAction\",\"target\":{\"@type\":\"EntryPoint\",\"urlTemplate\":\"https:\/\/aigeviatges.com\/?s={search_term_string}\"},\"query-input\":\"required name=search_term_string\"}],\"inLanguage\":\"es\"},{\"@type\":\"Organization\",\"@id\":\"https:\/\/aigeviatges.com\/#organization\",\"name\":\"AIGE Viatges\",\"url\":\"https:\/\/aigeviatges.com\/\",\"logo\":{\"@type\":\"ImageObject\",\"inLanguage\":\"es\",\"@id\":\"https:\/\/aigeviatges.com\/#\/schema\/logo\/image\/\",\"url\":\"https:\/\/aigeviatges.com\/wp-content\/uploads\/2020\/03\/aig-viatges-logo-web.png\",\"contentUrl\":\"https:\/\/aigeviatges.com\/wp-content\/uploads\/2020\/03\/aig-viatges-logo-web.png\",\"width\":600,\"height\":166,\"caption\":\"AIGE Viatges\"},\"image\":{\"@id\":\"https:\/\/aigeviatges.com\/#\/schema\/logo\/image\/\"},\"sameAs\":[\"https:\/\/www.facebook.com\/viatgesaige\/\"]}]}<\/script>\n<!-- \/ Yoast SEO plugin. -->","yoast_head_json":{"title":"HALLSTTAT I SALZKAMMERGUT - 6 DIES - AIGE Viatges","description":"Agencia de viajes online | Descubre nuestros viajes inolvidables a HALLSTTAT I SALZKAMMERGUT - 6 DIES","robots":{"index":"index","follow":"follow","max-snippet":"max-snippet:-1","max-image-preview":"max-image-preview:large","max-video-preview":"max-video-preview:-1"},"canonical":"https:\/\/aigeviatges.com\/es\/producto\/hallsttat-y-salzkammergut-6-dias\/","og_locale":"es_ES","og_type":"article","og_title":"HALLSTTAT I SALZKAMMERGUT - 6 DIES - AIGE Viatges","og_description":"Agencia de viajes online | Descubre nuestros viajes inolvidables a HALLSTTAT I SALZKAMMERGUT - 6 DIES","og_url":"https:\/\/aigeviatges.com\/es\/producto\/hallsttat-y-salzkammergut-6-dias\/","og_site_name":"AIGE Viatges","article_publisher":"https:\/\/www.facebook.com\/viatgesaige\/","article_modified_time":"2021-12-07T09:04:42+00:00","og_image":[{"width":997,"height":500,"url":"https:\/\/aigeviatges.com\/wp-content\/uploads\/2021\/02\/Hallstatt1-22.jpg","type":"image\/jpeg"}],"twitter_card":"summary_large_image","twitter_misc":{"Tiempo de lectura":"4 minutos"},"schema":{"@context":"https:\/\/schema.org","@graph":[{"@type":"WebPage","@id":"https:\/\/aigeviatges.com\/producto\/hallsttat-i-salzkammergut-6-dies\/","url":"https:\/\/aigeviatges.com\/producto\/hallsttat-i-salzkammergut-6-dies\/","name":"HALLSTTAT I SALZKAMMERGUT - 6 DIES - AIGE Viatges","isPartOf":{"@id":"https:\/\/aigeviatges.com\/#website"},"datePublished":"2021-02-11T10:26:42+00:00","dateModified":"2021-12-07T09:04:42+00:00","description":"Agencia de viajes online | Descubre nuestros viajes inolvidables a HALLSTTAT I SALZKAMMERGUT - 6 DIES","breadcrumb":{"@id":"https:\/\/aigeviatges.com\/producto\/hallsttat-i-salzkammergut-6-dies\/#breadcrumb"},"inLanguage":"es","potentialAction":[{"@type":"ReadAction","target":["https:\/\/aigeviatges.com\/producto\/hallsttat-i-salzkammergut-6-dies\/"]}]},{"@type":"BreadcrumbList","@id":"https:\/\/aigeviatges.com\/producto\/hallsttat-i-salzkammergut-6-dies\/#breadcrumb","itemListElement":[{"@type":"ListItem","position":1,"name":"Portada","item":"https:\/\/aigeviatges.com\/"},{"@type":"ListItem","position":2,"name":"Tienda","item":"https:\/\/aigeviatges.com\/tienda-2\/"},{"@type":"ListItem","position":3,"name":"HALLSTTAT I SALZKAMMERGUT &#8211; 6 DIES"}]},{"@type":"WebSite","@id":"https:\/\/aigeviatges.com\/#website","url":"https:\/\/aigeviatges.com\/","name":"AIGE Viatges","description":"Agencia de viajes especializada en producto propio para grupos.","publisher":{"@id":"https:\/\/aigeviatges.com\/#organization"},"potentialAction":[{"@type":"SearchAction","target":{"@type":"EntryPoint","urlTemplate":"https:\/\/aigeviatges.com\/?s={search_term_string}"},"query-input":"required name=search_term_string"}],"inLanguage":"es"},{"@type":"Organization","@id":"https:\/\/aigeviatges.com\/#organization","name":"AIGE Viatges","url":"https:\/\/aigeviatges.com\/","logo":{"@type":"ImageObject","inLanguage":"es","@id":"https:\/\/aigeviatges.com\/#\/schema\/logo\/image\/","url":"https:\/\/aigeviatges.com\/wp-content\/uploads\/2020\/03\/aig-viatges-logo-web.png","contentUrl":"https:\/\/aigeviatges.com\/wp-content\/uploads\/2020\/03\/aig-viatges-logo-web.png","width":600,"height":166,"caption":"AIGE Viatges"},"image":{"@id":"https:\/\/aigeviatges.com\/#\/schema\/logo\/image\/"},"sameAs":["https:\/\/www.facebook.com\/viatgesaige\/"]}]}},"jetpack_sharing_enabled":true,"jetpack_likes_enabled":false,"_links":{"self":[{"href":"https:\/\/aigeviatges.com\/es\/wp-json\/wp\/v2\/product\/462","targetHints":{"allow":["GET"]}}],"collection":[{"href":"https:\/\/aigeviatges.com\/es\/wp-json\/wp\/v2\/product"}],"about":[{"href":"https:\/\/aigeviatges.com\/es\/wp-json\/wp\/v2\/types\/product"}],"wp:featuredmedia":[{"embeddable":true,"href":"https:\/\/aigeviatges.com\/es\/wp-json\/wp\/v2\/media\/464"}],"wp:attachment":[{"href":"https:\/\/aigeviatges.com\/es\/wp-json\/wp\/v2\/media?parent=462"}],"wp:term":[{"taxonomy":"product_cat","embeddable":true,"href":"https:\/\/aigeviatges.com\/es\/wp-json\/wp\/v2\/product_cat?post=462"},{"taxonomy":"product_tag","embeddable":true,"href":"https:\/\/aigeviatges.com\/es\/wp-json\/wp\/v2\/product_tag?post=462"}],"curies":[{"name":"wp","href":"https:\/\/api.w.org\/{rel}","templated":true}]}}