{"id":455,"date":"2021-02-10T13:51:27","date_gmt":"2021-02-10T13:51:27","guid":{"rendered":"https:\/\/aigeviatges.com\/?post_type=product&#038;p=455"},"modified":"2023-11-14T14:28:30","modified_gmt":"2023-11-14T14:28:30","slug":"carintia-6-dies","status":"publish","type":"product","link":"https:\/\/aigeviatges.com\/es\/producto\/carintia-6-dias\/","title":{"rendered":"CARINTIA - 6 D\u00cdAS"},"content":{"rendered":"<p><strong>D\u00eda 1: BARCELONA - MUNICH - BERCHTESGADEN - K\u00c4RNTEN<\/strong><br \/>\nTraslado al aeropuerto de Barcelona y salida en avi\u00f3n a Munich y continuaci\u00f3n a Kehlstein, donde subiremos con un ascensor hasta el Nido del \u00c1guila, la mansi\u00f3n que el partido nazi regal\u00f3 a Adolf Hitler por su cincuenta aniversario. Desde una amplia terraza tendremos unas vistas espectaculares de los Alpes. Almuerzo en restaurante. Continuaci\u00f3n hacia la regi\u00f3n de Carintia (Tirol del sur austr\u00edaco) hasta llegar al hotel. Acomodaci\u00f3n y cena.<\/p>\n<p><strong>D\u00eda 2: PARQUE HOHE TAUERN \u2013 OSTTIROL LIENZ<\/strong><br \/>\nSalida al Parque Nacional de Hohe Tauern. Visitaremos Heiligenblut, un precioso pueblo entre monta\u00f1as situado en el valle del Moll. Durante siglos ha tenido una gran tradici\u00f3n peregrina puesto que la iglesia guarda una reliquia con la supuesta sangre de Cristo. Al parecer, la trajo un caballero templario llamado Briccius desde Constantinopla. Por la tarde seguiremos la ruta alpina del Grossvenegiger hasta Lienz, la capital del Tirol Oriental, al pie de las Dolomitas. Un pueblecito medieval, de bellas construcciones que se ha sabido conservar muy bien a lo largo del tiempo. Regreso al hotel por el valle de Drautal. Cena y alojamiento en el hotel.<\/p>\n<p><strong>D\u00eda 3: LAGO MILSTATTER \u2013 MALTA HOCHALMSTRASSE \u2013 GMUND<\/strong><br \/>\nSalida al lago de Milstatter, de una encantadora belleza natural y rodeado de altas monta\u00f1as. Haremos un relajante crucero por el lago, descubriremos su cristalina agua, que posee un alto contenido en sales minerales. Seguidamente realizaremos un emocionante viaje por la carretera panor\u00e1mica Malta Hochalmstrasse, de 14,4 km de longitud, caracterizada por cascadas, t\u00faneles de roca y curvas cerradas. Llegaremos a la presa m\u00e1s alta de Austria, a 1.933 m, la presa K\u00f6lnbrein. Por la tarde visitaremos el encantador pueblecito de Gmund, situado en el valle del r\u00edo Lieser, una corriente proveniente del r\u00edo Drava, al este de la cadena monta\u00f1osa de HoheTauern. Cena y alojamiento en el hotel.<\/p>\n<p><strong>D\u00eda 4: ESLOVENIA (BLED \u2013 KRANJSKA GORA \u2013 PLANICA) \u2013 TARVISION (ITALIA)<\/strong><br \/>\nSalida a Eslovenia. Visitaremos el precioso pueblo de Bled y su lago, situado junto al Parque Nacional del Triglav, la monta\u00f1a m\u00e1s alta de Eslovenia. En el centro del lago, hay una peque\u00f1a isla con una Iglesia, lo que hace que sea un lugar \u00fanico en el mundo. Continuaremos ruta en el pueblo alpino de Kranjska Gora, visitaremos las espectaculares instalaciones de saltos de esqu\u00ed m\u00e1s importantes del mundo. De regreso al hotel haremos parada en Tarvisio, ubicada en una zona de grandes valles, cimas y bosques de abeto rojo que cubren 23 mil hect\u00e1reas, ciudad frontera entre Italia, Eslovenia y Austria. Cena y alojamiento en el hotel.<\/p>\n<p><strong>D\u00eda 5: REGI\u00d3N DE LOS LAGO DE CARINTIA (VELDEN, MARIA WORTH y KLAGENFURT)<\/strong><br \/>\nSalida al lago W\u00f6rthersee. Visitaremos Velden, a orillas del lago. Destaca el imponente edificio del Casino. Continuaremos con la visita de Maria Worth, un bell\u00edsimo enclave situado en una pen\u00ednsula que penetra en las aguas del lago. Su iglesia benedictina es el icono de la localidad, encontr\u00e1ndose ubicada en el punto m\u00e1s alto de la pen\u00ednsula. Por la tarde visitaremos Klagenfurt. Un recorrido a pie nos permitir\u00e1 ver la Pla\u00e7a Nova, el impresionante Font Lindwurm, el Palau Rosenberg (el antiguo ayuntamiento, un edificio de principios del siglo XVII edificado por un constructor espa\u00f1ol), la zona peatonal Karmergasse. Regreso al hotel bordeando los lagos de Afritz y Millstatter. Cena y alojamiento en el hotel.<\/p>\n<p><strong>D\u00eda 6: K\u00c4RNTEN \u2013 PALACIO DE HELLBRUNN \u2013 BARCELONA<\/strong><br \/>\nPor la ma\u00f1ana nos dirigiremos a Salzburgo. Visitaremos el palacio Hellbrunn, residencia de verano del pr\u00edncipe Von Hohenems, joya arquitect\u00f3nica con su parque y los juegos de agua \u00fanicos en el mundo, un conjunto de recreaciones de agua, escondidas a la vista. Almuerzo en restaurante. Traslado al aeropuerto y salida en avi\u00f3n a Barcelona.<\/p>","protected":false},"excerpt":{"rendered":"<p>&nbsp;<\/p>\n<p><strong>INCLUYE:<\/strong><\/p>\n<ul>\n<li>Traslados origen-apt y vuelta (m\u00ednimo 25 pax)<\/li>\n<li>Avi\u00f3n BCN - Munich - BCN + Maleta (20 kg) y tasas<\/li>\n<li>Autocar local todo el circuito<\/li>\n<li>Gu\u00eda acompa\u00f1ante de AIGE<\/li>\n<li>Hotel 3*** o 4****<em><strong> \u00a0<\/strong><\/em><em>(seg\u00fan elecci\u00f3n)<\/em><\/li>\n<li>Pensi\u00f3n completa con agua (Del almuerzo del d\u00eda 1 al almuerzo del d\u00eda 6)<\/li>\n<li>Ascenso a Bertchesgaden<\/li>\n<li>Entrada al Palacio y jardines de Hellbrunn<\/li>\n<li>Barco por el lago Millsttater<\/li>\n<li>Seguro de asistencia en viaje<\/li>\n<\/ul>\n<p><em><strong>Nota sobre el alojamiento: todas las noches en el mismo hotel\u00a0 \u00a0<\/strong><\/em><\/p>","protected":false},"featured_media":456,"template":"","meta":[],"product_cat":[42,25],"product_tag":[],"class_list":["post-455","product","type-product","status-publish","has-post-thumbnail","hentry","product_cat-austria","product_cat-circuits-tot-inclos"],"yoast_head":"<!-- This site is optimized with the Yoast SEO plugin v21.7 - https:\/\/yoast.com\/wordpress\/plugins\/seo\/ -->\n<title>CARINTIA - 6 DIES - AIGE Viatges<\/title>\n<meta name=\"description\" content=\"Agencia de viajes online | Descubre nuestros viajes inolvidables a CARINTIA - 6 DIES\" \/>\n<meta name=\"robots\" content=\"index, follow, max-snippet:-1, max-image-preview:large, max-video-preview:-1\" \/>\n<link rel=\"canonical\" href=\"https:\/\/aigeviatges.com\/es\/producto\/carintia-6-dias\/\" \/>\n<meta property=\"og:locale\" content=\"es_ES\" \/>\n<meta property=\"og:type\" content=\"article\" \/>\n<meta property=\"og:title\" content=\"CARINTIA - 6 DIES - AIGE Viatges\" \/>\n<meta property=\"og:description\" content=\"Agencia de viajes online | Descubre nuestros viajes inolvidables a CARINTIA - 6 DIES\" \/>\n<meta property=\"og:url\" content=\"https:\/\/aigeviatges.com\/es\/producto\/carintia-6-dias\/\" \/>\n<meta property=\"og:site_name\" content=\"AIGE Viatges\" \/>\n<meta property=\"article:publisher\" content=\"https:\/\/www.facebook.com\/viatgesaige\/\" \/>\n<meta property=\"article:modified_time\" content=\"2023-11-14T14:28:30+00:00\" \/>\n<meta property=\"og:image\" content=\"https:\/\/aigeviatges.com\/wp-content\/uploads\/2021\/02\/Heiligenblut.jpg\" \/>\n\t<meta property=\"og:image:width\" content=\"1024\" \/>\n\t<meta property=\"og:image:height\" content=\"682\" \/>\n\t<meta property=\"og:image:type\" content=\"image\/jpeg\" \/>\n<meta name=\"twitter:card\" content=\"summary_large_image\" \/>\n<meta name=\"twitter:label1\" content=\"Tiempo de lectura\" \/>\n\t<meta name=\"twitter:data1\" content=\"3 minutos\" \/>\n<script type=\"application\/ld+json\" class=\"yoast-schema-graph\">{\"@context\":\"https:\/\/schema.org\",\"@graph\":[{\"@type\":\"WebPage\",\"@id\":\"https:\/\/aigeviatges.com\/producto\/carintia-6-dies\/\",\"url\":\"https:\/\/aigeviatges.com\/producto\/carintia-6-dies\/\",\"name\":\"CARINTIA - 6 DIES - AIGE Viatges\",\"isPartOf\":{\"@id\":\"https:\/\/aigeviatges.com\/#website\"},\"datePublished\":\"2021-02-10T13:51:27+00:00\",\"dateModified\":\"2023-11-14T14:28:30+00:00\",\"description\":\"Agencia de viajes online | Descubre nuestros viajes inolvidables a CARINTIA - 6 DIES\",\"breadcrumb\":{\"@id\":\"https:\/\/aigeviatges.com\/producto\/carintia-6-dies\/#breadcrumb\"},\"inLanguage\":\"es\",\"potentialAction\":[{\"@type\":\"ReadAction\",\"target\":[\"https:\/\/aigeviatges.com\/producto\/carintia-6-dies\/\"]}]},{\"@type\":\"BreadcrumbList\",\"@id\":\"https:\/\/aigeviatges.com\/producto\/carintia-6-dies\/#breadcrumb\",\"itemListElement\":[{\"@type\":\"ListItem\",\"position\":1,\"name\":\"Portada\",\"item\":\"https:\/\/aigeviatges.com\/\"},{\"@type\":\"ListItem\",\"position\":2,\"name\":\"Tienda\",\"item\":\"https:\/\/aigeviatges.com\/tienda-2\/\"},{\"@type\":\"ListItem\",\"position\":3,\"name\":\"CARINTIA &#8211; 6 DIES\"}]},{\"@type\":\"WebSite\",\"@id\":\"https:\/\/aigeviatges.com\/#website\",\"url\":\"https:\/\/aigeviatges.com\/\",\"name\":\"AIGE Viatges\",\"description\":\"Agencia de viajes especializada en producto propio para grupos.\",\"publisher\":{\"@id\":\"https:\/\/aigeviatges.com\/#organization\"},\"potentialAction\":[{\"@type\":\"SearchAction\",\"target\":{\"@type\":\"EntryPoint\",\"urlTemplate\":\"https:\/\/aigeviatges.com\/?s={search_term_string}\"},\"query-input\":\"required name=search_term_string\"}],\"inLanguage\":\"es\"},{\"@type\":\"Organization\",\"@id\":\"https:\/\/aigeviatges.com\/#organization\",\"name\":\"AIGE Viatges\",\"url\":\"https:\/\/aigeviatges.com\/\",\"logo\":{\"@type\":\"ImageObject\",\"inLanguage\":\"es\",\"@id\":\"https:\/\/aigeviatges.com\/#\/schema\/logo\/image\/\",\"url\":\"https:\/\/aigeviatges.com\/wp-content\/uploads\/2020\/03\/aig-viatges-logo-web.png\",\"contentUrl\":\"https:\/\/aigeviatges.com\/wp-content\/uploads\/2020\/03\/aig-viatges-logo-web.png\",\"width\":600,\"height\":166,\"caption\":\"AIGE Viatges\"},\"image\":{\"@id\":\"https:\/\/aigeviatges.com\/#\/schema\/logo\/image\/\"},\"sameAs\":[\"https:\/\/www.facebook.com\/viatgesaige\/\"]}]}<\/script>\n<!-- \/ Yoast SEO plugin. -->","yoast_head_json":{"title":"CARINTIA - 6 DIES - AIGE Viatges","description":"Agencia de viajes online | Descubre nuestros viajes inolvidables a CARINTIA - 6 DIES","robots":{"index":"index","follow":"follow","max-snippet":"max-snippet:-1","max-image-preview":"max-image-preview:large","max-video-preview":"max-video-preview:-1"},"canonical":"https:\/\/aigeviatges.com\/es\/producto\/carintia-6-dias\/","og_locale":"es_ES","og_type":"article","og_title":"CARINTIA - 6 DIES - AIGE Viatges","og_description":"Agencia de viajes online | Descubre nuestros viajes inolvidables a CARINTIA - 6 DIES","og_url":"https:\/\/aigeviatges.com\/es\/producto\/carintia-6-dias\/","og_site_name":"AIGE Viatges","article_publisher":"https:\/\/www.facebook.com\/viatgesaige\/","article_modified_time":"2023-11-14T14:28:30+00:00","og_image":[{"width":1024,"height":682,"url":"https:\/\/aigeviatges.com\/wp-content\/uploads\/2021\/02\/Heiligenblut.jpg","type":"image\/jpeg"}],"twitter_card":"summary_large_image","twitter_misc":{"Tiempo de lectura":"3 minutos"},"schema":{"@context":"https:\/\/schema.org","@graph":[{"@type":"WebPage","@id":"https:\/\/aigeviatges.com\/producto\/carintia-6-dies\/","url":"https:\/\/aigeviatges.com\/producto\/carintia-6-dies\/","name":"CARINTIA - 6 DIES - AIGE Viatges","isPartOf":{"@id":"https:\/\/aigeviatges.com\/#website"},"datePublished":"2021-02-10T13:51:27+00:00","dateModified":"2023-11-14T14:28:30+00:00","description":"Agencia de viajes online | Descubre nuestros viajes inolvidables a CARINTIA - 6 DIES","breadcrumb":{"@id":"https:\/\/aigeviatges.com\/producto\/carintia-6-dies\/#breadcrumb"},"inLanguage":"es","potentialAction":[{"@type":"ReadAction","target":["https:\/\/aigeviatges.com\/producto\/carintia-6-dies\/"]}]},{"@type":"BreadcrumbList","@id":"https:\/\/aigeviatges.com\/producto\/carintia-6-dies\/#breadcrumb","itemListElement":[{"@type":"ListItem","position":1,"name":"Portada","item":"https:\/\/aigeviatges.com\/"},{"@type":"ListItem","position":2,"name":"Tienda","item":"https:\/\/aigeviatges.com\/tienda-2\/"},{"@type":"ListItem","position":3,"name":"CARINTIA &#8211; 6 DIES"}]},{"@type":"WebSite","@id":"https:\/\/aigeviatges.com\/#website","url":"https:\/\/aigeviatges.com\/","name":"AIGE Viatges","description":"Agencia de viajes especializada en producto propio para grupos.","publisher":{"@id":"https:\/\/aigeviatges.com\/#organization"},"potentialAction":[{"@type":"SearchAction","target":{"@type":"EntryPoint","urlTemplate":"https:\/\/aigeviatges.com\/?s={search_term_string}"},"query-input":"required name=search_term_string"}],"inLanguage":"es"},{"@type":"Organization","@id":"https:\/\/aigeviatges.com\/#organization","name":"AIGE Viatges","url":"https:\/\/aigeviatges.com\/","logo":{"@type":"ImageObject","inLanguage":"es","@id":"https:\/\/aigeviatges.com\/#\/schema\/logo\/image\/","url":"https:\/\/aigeviatges.com\/wp-content\/uploads\/2020\/03\/aig-viatges-logo-web.png","contentUrl":"https:\/\/aigeviatges.com\/wp-content\/uploads\/2020\/03\/aig-viatges-logo-web.png","width":600,"height":166,"caption":"AIGE Viatges"},"image":{"@id":"https:\/\/aigeviatges.com\/#\/schema\/logo\/image\/"},"sameAs":["https:\/\/www.facebook.com\/viatgesaige\/"]}]}},"jetpack_sharing_enabled":true,"jetpack_likes_enabled":false,"_links":{"self":[{"href":"https:\/\/aigeviatges.com\/es\/wp-json\/wp\/v2\/product\/455","targetHints":{"allow":["GET"]}}],"collection":[{"href":"https:\/\/aigeviatges.com\/es\/wp-json\/wp\/v2\/product"}],"about":[{"href":"https:\/\/aigeviatges.com\/es\/wp-json\/wp\/v2\/types\/product"}],"wp:featuredmedia":[{"embeddable":true,"href":"https:\/\/aigeviatges.com\/es\/wp-json\/wp\/v2\/media\/456"}],"wp:attachment":[{"href":"https:\/\/aigeviatges.com\/es\/wp-json\/wp\/v2\/media?parent=455"}],"wp:term":[{"taxonomy":"product_cat","embeddable":true,"href":"https:\/\/aigeviatges.com\/es\/wp-json\/wp\/v2\/product_cat?post=455"},{"taxonomy":"product_tag","embeddable":true,"href":"https:\/\/aigeviatges.com\/es\/wp-json\/wp\/v2\/product_tag?post=455"}],"curies":[{"name":"wp","href":"https:\/\/api.w.org\/{rel}","templated":true}]}}