{"id":439,"date":"2021-02-10T12:32:51","date_gmt":"2021-02-10T12:32:51","guid":{"rendered":"https:\/\/aigeviatges.com\/?post_type=product&#038;p=439"},"modified":"2021-03-18T14:51:14","modified_gmt":"2021-03-18T14:51:14","slug":"capri-i-la-costa-amalfitana-6-dies","status":"publish","type":"product","link":"https:\/\/aigeviatges.com\/es\/producto\/capri-y-la-costa-amalfitana-6-dias\/","title":{"rendered":"CAPRI Y LA COSTA AMALFITANA \u2013 6 D\u00cdAS"},"content":{"rendered":"<p><strong>D\u00eda 1: BARCELONA \u2013 CAMPAN\u00cdA (N\u00c1POLES)<\/strong><br \/>\nSalida en avi\u00f3n a N\u00e1poles. Llegada y almuerzo. Por la tarde visita panor\u00e1mica, destaca el Duomo dedicado a San Genaro, patr\u00f3n de la ciudad, las piazzas: Bellini y del Plebiscito, el Castel Nuovo, construido en el siglo XIII, el Palazzo Reale y el Teatro San Carlo, de estilo neocl\u00e1sico. Traslado al hotel. Acomodaci\u00f3n y cena.<\/p>\n<p><strong>D\u00eda 2: PALACIO REAL y JARDINES DE CASERTA<\/strong><br \/>\nVisitaremos el Palacio Real de Caserta una joya de inigualable esplendor declarada patrimonio de la Humanidad por la UNESCO. El suntuoso palacio es una fusi\u00f3n de otras dos residencias reales: el Palacio de Versalles y de El Escorial. Visitando el interior sorprende la sucesi\u00f3n de estucos, bajorrelieves, frescos, esculturas etc. Las partes m\u00e1s impresionantes son el conjunto del atrio, la monumental escalera de honor y la capilla. A continuaci\u00f3n visitaremos el parque, compuesto por fuentes y cascadas. A lo largo del eje central se suceden estanques, fuentes y cascadas adornadas con grandes conjuntos escult\u00f3ricos. El resultado es un efecto espectacular de gran impacto que culmina con la Gran Cascada. Cena y alojamiento en el hotel.<\/p>\n<p><strong>D\u00eda 3: SORRENTO y POMPEIA<\/strong><br \/>\nSalida a Sorrento, la &quot;perla del golfo de N\u00e1poles&quot; donde el producto principal es el famoso licor &quot;limoncello&quot;. Visitaremos el casco hist\u00f3rico, donde todav\u00eda se pueden ver restos de la muralla medieval. Por la tarde visitaremos la ciudad romana de Pompeya, una de las Siete Maravillas del Mundo. Fue sepultada bajo las cenizas despu\u00e9s de una violenta erupci\u00f3n del volc\u00e1n Vesubio en el a\u00f1o 79 d. de C.. La tragedia la mantuvo tal y como estaba la tr\u00e1gica ma\u00f1ana en la que qued\u00f3 sepultada. Caminar por sus calles, entrar en las casas, admirar sus frescos y los vestigios de los seres que all\u00ed habitaban es conmovedor. Cena y alojamiento en el hotel.<\/p>\n<p><strong>D\u00eda 4: LA COSTA AMALFITANA<\/strong><br \/>\nHoy haremos un bello recorrido por la Costa Amalfitana, considerada por muchos como la m\u00e1s bonita de Italia y declarada patrimonio de la Humanidad por la UNESCO. Veremos t\u00edpicos pueblos como Positano, peque\u00f1o pueblo de callejuelas empinadas, peque\u00f1as plazas y casas blancas o de colores pasteles encajadas en la monta\u00f1a. Seguiremos ruta por Praiano hasta llegar a Amalfi, donde las casas parecen descender por la monta\u00f1a, goteando hasta llegar al mar. De camino al hotel realizaremos una breve visita de Ravello, el pueblo con las mejores vistas de la Costa Amalfitana. Cena y alojamiento en el hotel.<\/p>\n<p><strong>D\u00eda 5: ISLA DE CAPRIO (CAPRI y ANACAPRI)<\/strong><br \/>\nTraslado al puerto de N\u00e1poles o Sorrento y salida en ferry a la isla de Capri. Llegada a Marina Gran y subida hasta el centro de Capri. Desde la Piazzeta nos introduciremos en el pueblo dejando atr\u00e1s el mar. La zona peatonal est\u00e1 repleta de tiendas de lujo, bares, calles empedradas, casitas blancas. Tambi\u00e9n iremos a Anacapri por una carretera panor\u00e1mica que ofrece unas grandes vistas del Golfo de N\u00e1poles, la pen\u00ednsula sorrentina y la isla de Ischia. Vuelta en ferry a Sorrento \/N\u00e1poles. Cena y alojamiento en el hotel.<\/p>\n<p><strong>D\u00eda 6: CAMPAN\u00cdA \u2013 BARCELONA<\/strong><br \/>\nVisitaremos el Museo Arqueol\u00f3gico considerado uno de los museos arqueol\u00f3gicos m\u00e1s importantes de toda Europa. Constituyen el museo cuatro n\u00facleos fundamentales: la Colecci\u00f3n Farnesio de objetos provenientes de Roma y sus inmediaciones; las colecciones pompeyanas, de Pompeya, Herculano, y otros recintos arqueol\u00f3gicos del Vesubio. Por la tarde dispondremos de tiempo en la V\u00eda Toledo y en la galer\u00eda Umberto I, aqu\u00ed se encuentran las grandes marcas y lo mejor del famoso estilo italiano en dise\u00f1o. Traslado al aeropuerto y salida en avi\u00f3n a Barcelona. Fin de nuestros servicios.<\/p>","protected":false},"excerpt":{"rendered":"<p>INCLUYE:<\/p>\n<ul>\n<li>Traslados origen-apt y vuelta (m\u00ednimo 25 pax)<\/li>\n<li>Avi\u00f3n BCN \u2013 N\u00e1poles \u2013 BCN + Maleta (20 kg) y tasas<\/li>\n<li>Autocar local todo el circuito<\/li>\n<li>Gu\u00eda acompa\u00f1ante de AIGE + gu\u00eda local en N\u00e1poles<\/li>\n<li>Hotel 3*** o 4****<em><strong>\u00a0\u00a0<\/strong><\/em><em>(seg\u00fan elecci\u00f3n)<\/em><\/li>\n<li>Pensi\u00f3n completa con agua (Del almuerzo del d\u00eda 1 al almuerzo del d\u00eda 6)<\/li>\n<li>Entrada a Pompeya<\/li>\n<li>Entrada en el museo arqueol\u00f3gico<\/li>\n<li>Entrada al Palacio y jardines de Caserta<\/li>\n<li>Barco en Capri<\/li>\n<li>Seguro de asistencia en viaje<\/li>\n<\/ul>\n<p><em><strong>Nota sobre el alojamiento: <\/strong><\/em><em><strong>todas las noches en el mismo hotel\u00a0 \u00a0<\/strong><\/em><\/p>","protected":false},"featured_media":440,"template":"","meta":[],"product_cat":[25,38],"product_tag":[],"class_list":["post-439","product","type-product","status-publish","has-post-thumbnail","hentry","product_cat-circuits-tot-inclos","product_cat-italia"],"yoast_head":"<!-- This site is optimized with the Yoast SEO plugin v21.7 - https:\/\/yoast.com\/wordpress\/plugins\/seo\/ -->\n<title>CAPRI I LA COSTA AMALFITANA - 6 DIES - AIGE Viatges<\/title>\n<meta name=\"description\" content=\"Agencia de viajes online | Descubre nuestros viajes inolvidables a CAPRI I LA COSTA AMALFITANA - 6 DIES\" \/>\n<meta name=\"robots\" content=\"index, follow, max-snippet:-1, max-image-preview:large, max-video-preview:-1\" \/>\n<link rel=\"canonical\" href=\"https:\/\/aigeviatges.com\/es\/producto\/capri-y-la-costa-amalfitana-6-dias\/\" \/>\n<meta property=\"og:locale\" content=\"es_ES\" \/>\n<meta property=\"og:type\" content=\"article\" \/>\n<meta property=\"og:title\" content=\"CAPRI I LA COSTA AMALFITANA - 6 DIES - AIGE Viatges\" \/>\n<meta property=\"og:description\" content=\"Agencia de viajes online | Descubre nuestros viajes inolvidables a CAPRI I LA COSTA AMALFITANA - 6 DIES\" \/>\n<meta property=\"og:url\" content=\"https:\/\/aigeviatges.com\/es\/producto\/capri-y-la-costa-amalfitana-6-dias\/\" \/>\n<meta property=\"og:site_name\" content=\"AIGE Viatges\" \/>\n<meta property=\"article:publisher\" content=\"https:\/\/www.facebook.com\/viatgesaige\/\" \/>\n<meta property=\"article:modified_time\" content=\"2021-03-18T14:51:14+00:00\" \/>\n<meta property=\"og:image\" content=\"https:\/\/aigeviatges.com\/wp-content\/uploads\/2021\/02\/capri.jpg\" \/>\n\t<meta property=\"og:image:width\" content=\"750\" \/>\n\t<meta property=\"og:image:height\" content=\"499\" \/>\n\t<meta property=\"og:image:type\" content=\"image\/jpeg\" \/>\n<meta name=\"twitter:card\" content=\"summary_large_image\" \/>\n<meta name=\"twitter:label1\" content=\"Tiempo de lectura\" \/>\n\t<meta name=\"twitter:data1\" content=\"3 minutos\" \/>\n<script type=\"application\/ld+json\" class=\"yoast-schema-graph\">{\"@context\":\"https:\/\/schema.org\",\"@graph\":[{\"@type\":\"WebPage\",\"@id\":\"https:\/\/aigeviatges.com\/producto\/capri-i-la-costa-amalfitana-6-dies\/\",\"url\":\"https:\/\/aigeviatges.com\/producto\/capri-i-la-costa-amalfitana-6-dies\/\",\"name\":\"CAPRI I LA COSTA AMALFITANA - 6 DIES - AIGE Viatges\",\"isPartOf\":{\"@id\":\"https:\/\/aigeviatges.com\/#website\"},\"datePublished\":\"2021-02-10T12:32:51+00:00\",\"dateModified\":\"2021-03-18T14:51:14+00:00\",\"description\":\"Agencia de viajes online | Descubre nuestros viajes inolvidables a CAPRI I LA COSTA AMALFITANA - 6 DIES\",\"breadcrumb\":{\"@id\":\"https:\/\/aigeviatges.com\/producto\/capri-i-la-costa-amalfitana-6-dies\/#breadcrumb\"},\"inLanguage\":\"es\",\"potentialAction\":[{\"@type\":\"ReadAction\",\"target\":[\"https:\/\/aigeviatges.com\/producto\/capri-i-la-costa-amalfitana-6-dies\/\"]}]},{\"@type\":\"BreadcrumbList\",\"@id\":\"https:\/\/aigeviatges.com\/producto\/capri-i-la-costa-amalfitana-6-dies\/#breadcrumb\",\"itemListElement\":[{\"@type\":\"ListItem\",\"position\":1,\"name\":\"Portada\",\"item\":\"https:\/\/aigeviatges.com\/\"},{\"@type\":\"ListItem\",\"position\":2,\"name\":\"Tienda\",\"item\":\"https:\/\/aigeviatges.com\/tienda-2\/\"},{\"@type\":\"ListItem\",\"position\":3,\"name\":\"CAPRI I LA COSTA AMALFITANA &#8211; 6 DIES\"}]},{\"@type\":\"WebSite\",\"@id\":\"https:\/\/aigeviatges.com\/#website\",\"url\":\"https:\/\/aigeviatges.com\/\",\"name\":\"AIGE Viatges\",\"description\":\"Agencia de viajes especializada en producto propio para grupos.\",\"publisher\":{\"@id\":\"https:\/\/aigeviatges.com\/#organization\"},\"potentialAction\":[{\"@type\":\"SearchAction\",\"target\":{\"@type\":\"EntryPoint\",\"urlTemplate\":\"https:\/\/aigeviatges.com\/?s={search_term_string}\"},\"query-input\":\"required name=search_term_string\"}],\"inLanguage\":\"es\"},{\"@type\":\"Organization\",\"@id\":\"https:\/\/aigeviatges.com\/#organization\",\"name\":\"AIGE Viatges\",\"url\":\"https:\/\/aigeviatges.com\/\",\"logo\":{\"@type\":\"ImageObject\",\"inLanguage\":\"es\",\"@id\":\"https:\/\/aigeviatges.com\/#\/schema\/logo\/image\/\",\"url\":\"https:\/\/aigeviatges.com\/wp-content\/uploads\/2020\/03\/aig-viatges-logo-web.png\",\"contentUrl\":\"https:\/\/aigeviatges.com\/wp-content\/uploads\/2020\/03\/aig-viatges-logo-web.png\",\"width\":600,\"height\":166,\"caption\":\"AIGE Viatges\"},\"image\":{\"@id\":\"https:\/\/aigeviatges.com\/#\/schema\/logo\/image\/\"},\"sameAs\":[\"https:\/\/www.facebook.com\/viatgesaige\/\"]}]}<\/script>\n<!-- \/ Yoast SEO plugin. -->","yoast_head_json":{"title":"CAPRI I LA COSTA AMALFITANA - 6 DIES - AIGE Viatges","description":"Agencia de viajes online | Descubre nuestros viajes inolvidables a CAPRI I LA COSTA AMALFITANA - 6 DIES","robots":{"index":"index","follow":"follow","max-snippet":"max-snippet:-1","max-image-preview":"max-image-preview:large","max-video-preview":"max-video-preview:-1"},"canonical":"https:\/\/aigeviatges.com\/es\/producto\/capri-y-la-costa-amalfitana-6-dias\/","og_locale":"es_ES","og_type":"article","og_title":"CAPRI I LA COSTA AMALFITANA - 6 DIES - AIGE Viatges","og_description":"Agencia de viajes online | Descubre nuestros viajes inolvidables a CAPRI I LA COSTA AMALFITANA - 6 DIES","og_url":"https:\/\/aigeviatges.com\/es\/producto\/capri-y-la-costa-amalfitana-6-dias\/","og_site_name":"AIGE Viatges","article_publisher":"https:\/\/www.facebook.com\/viatgesaige\/","article_modified_time":"2021-03-18T14:51:14+00:00","og_image":[{"width":750,"height":499,"url":"https:\/\/aigeviatges.com\/wp-content\/uploads\/2021\/02\/capri.jpg","type":"image\/jpeg"}],"twitter_card":"summary_large_image","twitter_misc":{"Tiempo de lectura":"3 minutos"},"schema":{"@context":"https:\/\/schema.org","@graph":[{"@type":"WebPage","@id":"https:\/\/aigeviatges.com\/producto\/capri-i-la-costa-amalfitana-6-dies\/","url":"https:\/\/aigeviatges.com\/producto\/capri-i-la-costa-amalfitana-6-dies\/","name":"CAPRI I LA COSTA AMALFITANA - 6 DIES - AIGE Viatges","isPartOf":{"@id":"https:\/\/aigeviatges.com\/#website"},"datePublished":"2021-02-10T12:32:51+00:00","dateModified":"2021-03-18T14:51:14+00:00","description":"Agencia de viajes online | Descubre nuestros viajes inolvidables a CAPRI I LA COSTA AMALFITANA - 6 DIES","breadcrumb":{"@id":"https:\/\/aigeviatges.com\/producto\/capri-i-la-costa-amalfitana-6-dies\/#breadcrumb"},"inLanguage":"es","potentialAction":[{"@type":"ReadAction","target":["https:\/\/aigeviatges.com\/producto\/capri-i-la-costa-amalfitana-6-dies\/"]}]},{"@type":"BreadcrumbList","@id":"https:\/\/aigeviatges.com\/producto\/capri-i-la-costa-amalfitana-6-dies\/#breadcrumb","itemListElement":[{"@type":"ListItem","position":1,"name":"Portada","item":"https:\/\/aigeviatges.com\/"},{"@type":"ListItem","position":2,"name":"Tienda","item":"https:\/\/aigeviatges.com\/tienda-2\/"},{"@type":"ListItem","position":3,"name":"CAPRI I LA COSTA AMALFITANA &#8211; 6 DIES"}]},{"@type":"WebSite","@id":"https:\/\/aigeviatges.com\/#website","url":"https:\/\/aigeviatges.com\/","name":"AIGE Viatges","description":"Agencia de viajes especializada en producto propio para grupos.","publisher":{"@id":"https:\/\/aigeviatges.com\/#organization"},"potentialAction":[{"@type":"SearchAction","target":{"@type":"EntryPoint","urlTemplate":"https:\/\/aigeviatges.com\/?s={search_term_string}"},"query-input":"required name=search_term_string"}],"inLanguage":"es"},{"@type":"Organization","@id":"https:\/\/aigeviatges.com\/#organization","name":"AIGE Viatges","url":"https:\/\/aigeviatges.com\/","logo":{"@type":"ImageObject","inLanguage":"es","@id":"https:\/\/aigeviatges.com\/#\/schema\/logo\/image\/","url":"https:\/\/aigeviatges.com\/wp-content\/uploads\/2020\/03\/aig-viatges-logo-web.png","contentUrl":"https:\/\/aigeviatges.com\/wp-content\/uploads\/2020\/03\/aig-viatges-logo-web.png","width":600,"height":166,"caption":"AIGE Viatges"},"image":{"@id":"https:\/\/aigeviatges.com\/#\/schema\/logo\/image\/"},"sameAs":["https:\/\/www.facebook.com\/viatgesaige\/"]}]}},"jetpack_sharing_enabled":true,"jetpack_likes_enabled":false,"_links":{"self":[{"href":"https:\/\/aigeviatges.com\/es\/wp-json\/wp\/v2\/product\/439","targetHints":{"allow":["GET"]}}],"collection":[{"href":"https:\/\/aigeviatges.com\/es\/wp-json\/wp\/v2\/product"}],"about":[{"href":"https:\/\/aigeviatges.com\/es\/wp-json\/wp\/v2\/types\/product"}],"wp:featuredmedia":[{"embeddable":true,"href":"https:\/\/aigeviatges.com\/es\/wp-json\/wp\/v2\/media\/440"}],"wp:attachment":[{"href":"https:\/\/aigeviatges.com\/es\/wp-json\/wp\/v2\/media?parent=439"}],"wp:term":[{"taxonomy":"product_cat","embeddable":true,"href":"https:\/\/aigeviatges.com\/es\/wp-json\/wp\/v2\/product_cat?post=439"},{"taxonomy":"product_tag","embeddable":true,"href":"https:\/\/aigeviatges.com\/es\/wp-json\/wp\/v2\/product_tag?post=439"}],"curies":[{"name":"wp","href":"https:\/\/api.w.org\/{rel}","templated":true}]}}