{"id":427,"date":"2021-02-09T14:06:41","date_gmt":"2021-02-09T14:06:41","guid":{"rendered":"https:\/\/aigeviatges.com\/?post_type=product&#038;p=427"},"modified":"2023-11-14T14:29:03","modified_gmt":"2023-11-14T14:29:03","slug":"llacs-d-italia-6-dies","status":"publish","type":"product","link":"https:\/\/aigeviatges.com\/es\/producto\/lagos-de-italia-6-dias\/","title":{"rendered":"LAgos de Italia - 6 D\u00cdAS"},"content":{"rendered":"<p><strong>D\u00eda 1: BARCELONA - MILAN<\/strong><br \/>\nSalida en avi\u00f3n a Milan. Almuerzo en rto. Visita panor\u00e1mica con gu\u00eda local de la ciudad. Destaca el castillo de Sforza, la Galer\u00eda Vittorio Emmanuel y el impresionante Duomo (catedral), que visitaremos por dentro. Continuaci\u00f3n en los alrededores de Milan. Acomodaci\u00f3n en el hotel. Cena y alojamiento.<\/p>\n<p><strong>D\u00eda 2: VARENNA - VILLA MONASTERO - BERGAMO<\/strong><br \/>\nSalida a Varenna, una peque\u00f1a joya en la orilla oriental del lago de Como. En este t\u00edpico pueblo se ubican unas de las m\u00e1s bellas villas de la zona. Visitaremos el jard\u00edn bot\u00e1nico de una de ellas: Villa Monastero, disfrutaremos de sus amplios y espl\u00e9ndidos jardines con magn\u00edficas vistas. Almuerzo en rto. Continuaci\u00f3n a Bergamo. Visitaremos con gu\u00eda local la parte alta a la que accederemos con un funicular, conserva a la perfecci\u00f3n su aspecto medieval gracias a las calles adoquinadas y sus preciosos edificios que se conservan como aut\u00e9nticos tesoros. La Piazza Vecchia, el antiguo coraz\u00f3n de la ciudad con importantes edificios como el Palazzo Podesta, el Palazzo Comune, el Palazzo della Ragione y la Torre C\u00edvica. Cena y alojamiento en el hotel.<\/p>\n<p><strong>D\u00eda 3: LAGO DI GARDA - SIRMIONE<\/strong><br \/>\nSalida a Sirmione, encantador pueblecito en la acera del lago Di Garda, bonita poblaci\u00f3n medieval situada en una pen\u00ednsula donde daremos un paseo por las t\u00edpicas callejuelas del casco antiguo que cuenta con el castillo medieval de los Scaligera y la iglesia. Por la tarde dispondremos de tiempo a orillas del lago. Cena y alojamiento en el hotel.<\/p>\n<p><strong>D\u00eda 4: LAGO MAGGIORE \u2013 ISLAS BORROMEAS (Isolas Bella, dei Pescatori y Madre)<\/strong><br \/>\nVisita del Lago Maggiore y las islas Borromeas, llamadas las perlas del lago. Desde Stresa, navegaremos a bordo del barco hasta Isola Bella, donde visitaremos el palacio de los Borromeas, una familia que hoy en d\u00eda todav\u00eda es propietaria. Despu\u00e9s iremos a la peque\u00f1a Isola dei Pescatori donde disfrutaremos de un ambiente de calles estrechas y casas de pescadores. Almuerzo en un rto de la isla. Seguiremos con la visita al Isola Madre donde hay un interesante jard\u00edn bot\u00e1nico y podremos disfrutar de una gran variedad de plantas y flores. Cena y alojamiento en el hotel.<\/p>\n<p><strong>D\u00eda 5: LAGO DI COMO - BELLAGIO - TREMEZZO - VILLA CARLOTTA<\/strong><br \/>\nSalida a Como, la capital del lago, visitaremos a pie esta asombrosa ciudad. Destaca la magn\u00edfica Catedral construida entre los siglos XIV y XVII y verdadero s\u00edmbolo de la ciudad. A bordo de un barco nos trasladaremos a la encantadora poblaci\u00f3n de Bellaggio, uno de los pueblos m\u00e1s bellos de toda Italia. Nuestra visita a pie nos llevar\u00e1 a visitar la entrada del famoso Grand Hotel Villa Serbelloni, la plaza de la iglesia y su fuente, el Ayuntamiento, la capilla de Sant Jordi y una interesante casa conocida como Villa G\u00f3tica. Tras el almuerzo traslado en barco a Tremezzo donde visitaremos la famosa Villa Carlotta, la joya del Lago, se construy\u00f3 en 1745 para un marqu\u00e9s de Mil\u00e1n, pero su nombre actual proviene de una princesa de Prusia, que recibi\u00f3 la casa como regalo al casarse con Jorge II de Sajonia en 1850. En la actualidad, gran parte de esta residencia se conserva al igual que en este per\u00edodo. Los muebles de \u00e9poca, ciertas obras de arte excepcionales y sus impresionantes jardines nos maravillar\u00e1n. Cena y alojamiento en el hotel.<\/p>\n<p><strong>D\u00eda 6: VILLA TARANTO \u2013 LAGO DI ORTA \u2013 BARCELONA<\/strong><br \/>\nSalida a la orilla izquierda del Lago Maggiore para visitar otro de las Joyas de la regi\u00f3n, el maravilloso jard\u00edn bot\u00e1nico de Villa Taranto. Narra la historia de Villa Taranto como en 1931, el Capit\u00e1n escoc\u00e9s Neil Mc Eacharn adquiri\u00f3 la propiedad de la Marquesa de Sant&#039; Elia para transformarla en un espectacular jard\u00edn a la inglesa en un rinc\u00f3n de Italia que se le parec\u00eda mucho en Escocia, su tierra natal. La obra deb\u00eda conciliar dos exigencias fundamentales: est\u00e9ticas y bot\u00e1nicas, ya que las bellas vegetaciones deb\u00edan encontrar condiciones de terreno y de clima, lo m\u00e1s posible, ideales. Las etapas de la creaci\u00f3n de los nuevos jardines pasaron por diversas fases hasta la finalizaci\u00f3n de los trabajos en 1940. Continuaci\u00f3n de la ruta hasta el Lago di Orta. Llegada a Orta San Giulio, peque\u00f1a y encantadora aldea medieval con poco m\u00e1s de mil habitantes. Visitaremos el burgo medieval recorreremos las calles m\u00e1s sugestivas con bonitas fachadas, la plaza del mercado con el antiguo palacio del ayuntamiento y la iglesia parroquial con un portal en piedra. Almuerzo en rto. Traslado al aeropuerto. Salida en avi\u00f3n a BCN. Llegada y fin de nuestros servicios.<\/p>","protected":false},"excerpt":{"rendered":"<p><strong>INCLUYE:<\/strong><\/p>\n<ul>\n<li>Traslados origen-apt y vuelta (m\u00ednimo 25 pax)<\/li>\n<li>Avi\u00f3n BCN - Milan - BCN + Maleta (20 kg) y tasas<\/li>\n<li>Autocar local todo el circuito<\/li>\n<li>Gu\u00eda acompa\u00f1ante de AIGE + gu\u00eda local en Isola Bella, Milan, B\u00e9rgamo<\/li>\n<li>Hotel 4****<\/li>\n<li>Pensi\u00f3n completa con agua (Del almuerzo del d\u00eda 1 al almuerzo del d\u00eda 6)<\/li>\n<li>Entrada en el Duomo de Milan<\/li>\n<li>Entrada en Villa Monastero<\/li>\n<li>Entrada en Villa Carlotta<\/li>\n<li>Entrada en Villa Taranto<\/li>\n<li>Entrada en el Palau Borromeo<\/li>\n<li>Barco Como \u2013 Bellagio \u2013 Tremezzo<\/li>\n<li>Barco Stresa \u2013 Isola Bella \u2013 Pescatorio \u2013 Madre \u2013 Stresa<\/li>\n<li>Funicular de Bergamo<\/li>\n<li>Trenecito de Orta San Giulio<\/li>\n<li>Seguro de asistencia en viaje<\/li>\n<\/ul>\n<p><em><strong>Nota sobre el alojamiento: <\/strong><\/em><em><strong>todas las noches en el mismo hotel\u00a0<\/strong><\/em><\/p>","protected":false},"featured_media":428,"template":"","meta":[],"product_cat":[25,38],"product_tag":[],"class_list":["post-427","product","type-product","status-publish","has-post-thumbnail","hentry","product_cat-circuits-tot-inclos","product_cat-italia"],"yoast_head":"<!-- This site is optimized with the Yoast SEO plugin v21.7 - https:\/\/yoast.com\/wordpress\/plugins\/seo\/ -->\n<title>LLACS D&#039; ITALIA - 6 DIES - AIGE Viatges<\/title>\n<meta name=\"description\" content=\"Agencia de viajes online | Descubre nuestros viajes inolvidables a LLACS D&#039; ITALIA - 6 DIES\" \/>\n<meta name=\"robots\" content=\"index, follow, max-snippet:-1, max-image-preview:large, max-video-preview:-1\" \/>\n<link rel=\"canonical\" href=\"https:\/\/aigeviatges.com\/es\/producto\/lagos-de-italia-6-dias\/\" \/>\n<meta property=\"og:locale\" content=\"es_ES\" \/>\n<meta property=\"og:type\" content=\"article\" \/>\n<meta property=\"og:title\" content=\"LLACS D&#039; ITALIA - 6 DIES - AIGE Viatges\" \/>\n<meta property=\"og:description\" content=\"Agencia de viajes online | Descubre nuestros viajes inolvidables a LLACS D&#039; ITALIA - 6 DIES\" \/>\n<meta property=\"og:url\" content=\"https:\/\/aigeviatges.com\/es\/producto\/lagos-de-italia-6-dias\/\" \/>\n<meta property=\"og:site_name\" content=\"AIGE Viatges\" \/>\n<meta property=\"article:publisher\" content=\"https:\/\/www.facebook.com\/viatgesaige\/\" \/>\n<meta property=\"article:modified_time\" content=\"2023-11-14T14:29:03+00:00\" \/>\n<meta property=\"og:image\" content=\"https:\/\/aigeviatges.com\/wp-content\/uploads\/2021\/02\/isla-borromeo.jpg\" \/>\n\t<meta property=\"og:image:width\" content=\"758\" \/>\n\t<meta property=\"og:image:height\" content=\"474\" \/>\n\t<meta property=\"og:image:type\" content=\"image\/jpeg\" \/>\n<meta name=\"twitter:card\" content=\"summary_large_image\" \/>\n<meta name=\"twitter:label1\" content=\"Tiempo de lectura\" \/>\n\t<meta name=\"twitter:data1\" content=\"4 minutos\" \/>\n<script type=\"application\/ld+json\" class=\"yoast-schema-graph\">{\"@context\":\"https:\/\/schema.org\",\"@graph\":[{\"@type\":\"WebPage\",\"@id\":\"https:\/\/aigeviatges.com\/producto\/llacs-d-italia-6-dies\/\",\"url\":\"https:\/\/aigeviatges.com\/producto\/llacs-d-italia-6-dies\/\",\"name\":\"LLACS D' ITALIA - 6 DIES - AIGE Viatges\",\"isPartOf\":{\"@id\":\"https:\/\/aigeviatges.com\/#website\"},\"datePublished\":\"2021-02-09T14:06:41+00:00\",\"dateModified\":\"2023-11-14T14:29:03+00:00\",\"description\":\"Agencia de viajes online | Descubre nuestros viajes inolvidables a LLACS D' ITALIA - 6 DIES\",\"breadcrumb\":{\"@id\":\"https:\/\/aigeviatges.com\/producto\/llacs-d-italia-6-dies\/#breadcrumb\"},\"inLanguage\":\"es\",\"potentialAction\":[{\"@type\":\"ReadAction\",\"target\":[\"https:\/\/aigeviatges.com\/producto\/llacs-d-italia-6-dies\/\"]}]},{\"@type\":\"BreadcrumbList\",\"@id\":\"https:\/\/aigeviatges.com\/producto\/llacs-d-italia-6-dies\/#breadcrumb\",\"itemListElement\":[{\"@type\":\"ListItem\",\"position\":1,\"name\":\"Portada\",\"item\":\"https:\/\/aigeviatges.com\/\"},{\"@type\":\"ListItem\",\"position\":2,\"name\":\"Tienda\",\"item\":\"https:\/\/aigeviatges.com\/tienda-2\/\"},{\"@type\":\"ListItem\",\"position\":3,\"name\":\"LLACS D&#8217; ITALIA &#8211; 6 DIES\"}]},{\"@type\":\"WebSite\",\"@id\":\"https:\/\/aigeviatges.com\/#website\",\"url\":\"https:\/\/aigeviatges.com\/\",\"name\":\"AIGE Viatges\",\"description\":\"Agencia de viajes especializada en producto propio para grupos.\",\"publisher\":{\"@id\":\"https:\/\/aigeviatges.com\/#organization\"},\"potentialAction\":[{\"@type\":\"SearchAction\",\"target\":{\"@type\":\"EntryPoint\",\"urlTemplate\":\"https:\/\/aigeviatges.com\/?s={search_term_string}\"},\"query-input\":\"required name=search_term_string\"}],\"inLanguage\":\"es\"},{\"@type\":\"Organization\",\"@id\":\"https:\/\/aigeviatges.com\/#organization\",\"name\":\"AIGE Viatges\",\"url\":\"https:\/\/aigeviatges.com\/\",\"logo\":{\"@type\":\"ImageObject\",\"inLanguage\":\"es\",\"@id\":\"https:\/\/aigeviatges.com\/#\/schema\/logo\/image\/\",\"url\":\"https:\/\/aigeviatges.com\/wp-content\/uploads\/2020\/03\/aig-viatges-logo-web.png\",\"contentUrl\":\"https:\/\/aigeviatges.com\/wp-content\/uploads\/2020\/03\/aig-viatges-logo-web.png\",\"width\":600,\"height\":166,\"caption\":\"AIGE Viatges\"},\"image\":{\"@id\":\"https:\/\/aigeviatges.com\/#\/schema\/logo\/image\/\"},\"sameAs\":[\"https:\/\/www.facebook.com\/viatgesaige\/\"]}]}<\/script>\n<!-- \/ Yoast SEO plugin. -->","yoast_head_json":{"title":"LLACS D' ITALIA - 6 DIES - AIGE Viatges","description":"Agencia de viajes online | Descubre nuestros viajes inolvidables a LLACS D' ITALIA - 6 DIES","robots":{"index":"index","follow":"follow","max-snippet":"max-snippet:-1","max-image-preview":"max-image-preview:large","max-video-preview":"max-video-preview:-1"},"canonical":"https:\/\/aigeviatges.com\/es\/producto\/lagos-de-italia-6-dias\/","og_locale":"es_ES","og_type":"article","og_title":"LLACS D' ITALIA - 6 DIES - AIGE Viatges","og_description":"Agencia de viajes online | Descubre nuestros viajes inolvidables a LLACS D' ITALIA - 6 DIES","og_url":"https:\/\/aigeviatges.com\/es\/producto\/lagos-de-italia-6-dias\/","og_site_name":"AIGE Viatges","article_publisher":"https:\/\/www.facebook.com\/viatgesaige\/","article_modified_time":"2023-11-14T14:29:03+00:00","og_image":[{"width":758,"height":474,"url":"https:\/\/aigeviatges.com\/wp-content\/uploads\/2021\/02\/isla-borromeo.jpg","type":"image\/jpeg"}],"twitter_card":"summary_large_image","twitter_misc":{"Tiempo de lectura":"4 minutos"},"schema":{"@context":"https:\/\/schema.org","@graph":[{"@type":"WebPage","@id":"https:\/\/aigeviatges.com\/producto\/llacs-d-italia-6-dies\/","url":"https:\/\/aigeviatges.com\/producto\/llacs-d-italia-6-dies\/","name":"LLACS D' ITALIA - 6 DIES - AIGE Viatges","isPartOf":{"@id":"https:\/\/aigeviatges.com\/#website"},"datePublished":"2021-02-09T14:06:41+00:00","dateModified":"2023-11-14T14:29:03+00:00","description":"Agencia de viajes online | Descubre nuestros viajes inolvidables a LLACS D' ITALIA - 6 DIES","breadcrumb":{"@id":"https:\/\/aigeviatges.com\/producto\/llacs-d-italia-6-dies\/#breadcrumb"},"inLanguage":"es","potentialAction":[{"@type":"ReadAction","target":["https:\/\/aigeviatges.com\/producto\/llacs-d-italia-6-dies\/"]}]},{"@type":"BreadcrumbList","@id":"https:\/\/aigeviatges.com\/producto\/llacs-d-italia-6-dies\/#breadcrumb","itemListElement":[{"@type":"ListItem","position":1,"name":"Portada","item":"https:\/\/aigeviatges.com\/"},{"@type":"ListItem","position":2,"name":"Tienda","item":"https:\/\/aigeviatges.com\/tienda-2\/"},{"@type":"ListItem","position":3,"name":"LLACS D&#8217; ITALIA &#8211; 6 DIES"}]},{"@type":"WebSite","@id":"https:\/\/aigeviatges.com\/#website","url":"https:\/\/aigeviatges.com\/","name":"AIGE Viatges","description":"Agencia de viajes especializada en producto propio para grupos.","publisher":{"@id":"https:\/\/aigeviatges.com\/#organization"},"potentialAction":[{"@type":"SearchAction","target":{"@type":"EntryPoint","urlTemplate":"https:\/\/aigeviatges.com\/?s={search_term_string}"},"query-input":"required name=search_term_string"}],"inLanguage":"es"},{"@type":"Organization","@id":"https:\/\/aigeviatges.com\/#organization","name":"AIGE Viatges","url":"https:\/\/aigeviatges.com\/","logo":{"@type":"ImageObject","inLanguage":"es","@id":"https:\/\/aigeviatges.com\/#\/schema\/logo\/image\/","url":"https:\/\/aigeviatges.com\/wp-content\/uploads\/2020\/03\/aig-viatges-logo-web.png","contentUrl":"https:\/\/aigeviatges.com\/wp-content\/uploads\/2020\/03\/aig-viatges-logo-web.png","width":600,"height":166,"caption":"AIGE Viatges"},"image":{"@id":"https:\/\/aigeviatges.com\/#\/schema\/logo\/image\/"},"sameAs":["https:\/\/www.facebook.com\/viatgesaige\/"]}]}},"jetpack_sharing_enabled":true,"jetpack_likes_enabled":false,"_links":{"self":[{"href":"https:\/\/aigeviatges.com\/es\/wp-json\/wp\/v2\/product\/427","targetHints":{"allow":["GET"]}}],"collection":[{"href":"https:\/\/aigeviatges.com\/es\/wp-json\/wp\/v2\/product"}],"about":[{"href":"https:\/\/aigeviatges.com\/es\/wp-json\/wp\/v2\/types\/product"}],"wp:featuredmedia":[{"embeddable":true,"href":"https:\/\/aigeviatges.com\/es\/wp-json\/wp\/v2\/media\/428"}],"wp:attachment":[{"href":"https:\/\/aigeviatges.com\/es\/wp-json\/wp\/v2\/media?parent=427"}],"wp:term":[{"taxonomy":"product_cat","embeddable":true,"href":"https:\/\/aigeviatges.com\/es\/wp-json\/wp\/v2\/product_cat?post=427"},{"taxonomy":"product_tag","embeddable":true,"href":"https:\/\/aigeviatges.com\/es\/wp-json\/wp\/v2\/product_tag?post=427"}],"curies":[{"name":"wp","href":"https:\/\/api.w.org\/{rel}","templated":true}]}}