{"id":409,"date":"2021-02-08T14:38:54","date_gmt":"2021-02-08T14:38:54","guid":{"rendered":"https:\/\/aigeviatges.com\/?post_type=product&#038;p=409"},"modified":"2021-03-18T14:14:10","modified_gmt":"2021-03-18T14:14:10","slug":"ruta-dels-templers-5-dies","status":"publish","type":"product","link":"https:\/\/aigeviatges.com\/es\/producto\/ruta-de-los-templarios-5-dias\/","title":{"rendered":"RUTA DE LOS TEMPLERO \u2013 5 D\u00cdAS"},"content":{"rendered":"<p><strong>D\u00eda 1: ORIGEN \u2013 LA COUVERTOIRADE \u2013 VIADUCTO DE MILLAU \u2013 HOTEL<\/strong><br \/>\nSalida en autocar por La Jonquera en direcci\u00f3n a la regi\u00f3n de Occitania, concretamente en la meseta llamada Causse de Larzac, para ir a la peque\u00f1a y encantadora poblaci\u00f3n amurallada de La Couvertoirade. Almuerzo en rto. Pasearemos por sus callejuelas. Una sugestiva visita que nos transportar\u00e1 a la Edad Media, cuando estaba dominado por los caballeros de la Orden del Temple y posteriormente por los de la Orden del Hospital. Seguidamente contemplaremos el viaducto de Millau, construido en el a\u00f1o 2.004 sobre el r\u00edo Tarn y dise\u00f1ado por el arquitecto ingl\u00e9s Norman Foster, cuyas dimensiones lo han convertido en el m\u00e1s alto de Europa y uno de los m\u00e1s altos del mundo. Continuaci\u00f3n de la ruta hasta llegar al hotel. Cena y alojamiento.<\/p>\n<p><strong>D\u00eda 2: GORGES DU TARN y JONTE \u2013 GRUTA AVEN ARMAND<\/strong><br \/>\nExcursi\u00f3n a las Gorges du Tarn, uno de los barrancos m\u00e1s espectaculares de Europa. En La Mal\u00e8ne tomaremos unas barcas con las que descubriremos el paisaje m\u00e1s agreste navegando pl\u00e1cidamente por las tranquilas aguas del r\u00edo Tarn. Almuerzo en rto. Seguiremos la ruta por Le Rozier hasta las Gargantas del Jonte que podremos admirar desde alguno de sus miradores. Continuaremos con la visita a la gruta de Aven Armand, una de las grandes maravillas subterr\u00e1neas del mundo, declarada Patrimonio Mundial por la UNESCO. Veremos el &quot;bosque&quot; de estalagmitas, con la &quot;Gran Estalagmita&quot;, que con sus 30 metros es la mayor conocida hasta la fecha en todo el mundo. Cena y alojamiento en el hotel.<\/p>\n<p><strong>D\u00eda 3: TREN A VAPOR DE CEVENNAS \u2013 JARD\u00cdN EX\u00d3TICO \u201cBAMBOUSERAIE\u201d<\/strong><br \/>\nSalida a Saint Jean de Gard, antigua capital del llamado &quot;Pa\u00eds Camisar&quot;. Tomaremos el Tren de Vapor de las C\u00e9vennes, que, con vagones de finales del siglo XIX, realizar\u00e1 un maravilloso recorrido por el interior del Parque Nacional de las C\u00e9vennes, un espect\u00e1culo impresionante entre abruptas monta\u00f1as. Llegada a Anduze, la puerta del Parque Natural de las C\u00e9vennes. Almuerzo en rto. Por la tarde visitaremos la Bambouseraie de Cevennes, catalogado como uno de los jardines m\u00e1s bellos de Francia, se trata de un magn\u00edfico y \u00fanico jard\u00edn ex\u00f3tico que nos transportar\u00e1 al continente asi\u00e1tico con m\u00e1s de 1000 variedades de bamb\u00fa, incluyendo el bamb\u00fa gigante, flores raras , \u00e1rboles y plantas nobles. Cena y alojamiento en el hotel.<\/p>\n<p><strong>D\u00eda 4: MONTPELLIER LE VIEUX \u2013 LA CAVALERIE \u2013 ROCHEFORT SUR SOULZON<\/strong><br \/>\nSalida a Montpellier le Vieux. A bordo de un peque\u00f1o tren tur\u00edstico realizaremos un recorrido por \u201cla ciudad de las piedras\u201d, un caos rocoso resultado de la erosi\u00f3n causada por el agua de la lluvia sobre rocas calc\u00e1reas de la meseta del Causse Noir, veremos bellas y singulares formaciones rocosas. Una visita asombrosa y espectacular. Seguidamente iremos a la Villa hist\u00f3rica de la Cavalerie conoceremos esta ciudadela medieval, una de las m\u00e1s importantes y mejor conservadas comandancias del orden del Temple, con sus extensas murallas y su largo camino superior de ronda, as\u00ed como la iglesia renovada del siglo XVIII con numerosas casas con una t\u00edpica arquitectura medieval. Almuerzo en rto. Por la tarde visitaremos Rochefort-sur-Soulzon, un peque\u00f1o pueblecito que se adosa a la parte interior de la monta\u00f1a partida en dos. El derrumbe de la monta\u00f1a de Combalou aflor\u00f3 una red subterr\u00e1nea de grutas y cavidades enlazadas con finas se quedas gracias a las cuales, las bodegas se ventilan naturalmente. Visita guiada de una de sus bodegas para conocer todo el proceso de fabricaci\u00f3n del queso con degustaci\u00f3n de sus productos. Cena y alojamiento en el hotel.<\/p>\n<p><strong>D\u00eda 5: SAINT GUILHEM LE DESERT \u2013 LA JONQUERA \u2013 ORIGEN<\/strong><br \/>\nSalida por carretera al hermoso pueblo medieval de Saint Guilhem le Desert, clasificado en la lista de los pueblos m\u00e1s bellos de Francia. Daremos un paseo por sus bonitas callejuelas, la preciosa plaza, adornada por un pl\u00e1tano de m\u00e1s de 150 a\u00f1os, y la bella iglesia abacial rom\u00e1nica. Continuaci\u00f3n de la ruta hacia La Jonquera. Almuerzo en rto. Seguidamente iniciaremos el regreso a nuestro sitio de origen. Llegada y fin de nuestros servicios.<\/p>","protected":false},"excerpt":{"rendered":"<p><strong>INCLUYE:<\/strong><\/p>\n<ul>\n<li>Autocar de lujo<\/li>\n<li>Gu\u00eda acompa\u00f1ante de AIGE<\/li>\n<li>Hotel t\u00edpico<\/li>\n<li>Pensi\u00f3n completa con agua y vino<\/li>\n<li>Paseo en barca por el r\u00edo Tarn<\/li>\n<li>Entrada a la grota Aven Armand<\/li>\n<li>Tren de vapor de Cevennes<\/li>\n<li>Jard\u00edn ex\u00f3tico Bambouseraie<\/li>\n<li>El peque\u00f1o train de Montpellier le Vieux<\/li>\n<li>Cava de Rochefort<\/li>\n<li>Sentadora de asistencia en viaje<\/li>\n<\/ul>\n<p><em><strong>Nota sobre el alojamiento: todas las noches en el mismo hotel<\/strong><\/em><\/p>","protected":false},"featured_media":403,"template":"","meta":[],"product_cat":[56,119,25,35],"product_tag":[],"class_list":["post-409","product","type-product","status-publish","has-post-thumbnail","hentry","product_cat-amb-bus","product_cat-circuitos-todo-incluido-2","product_cat-circuits-tot-inclos","product_cat-franca-en-autocar"],"yoast_head":"<!-- This site is optimized with the Yoast SEO plugin v21.7 - https:\/\/yoast.com\/wordpress\/plugins\/seo\/ -->\n<title>RUTA DELS TEMPLERS - 5 DIES - AIGE Viatges<\/title>\n<meta name=\"description\" content=\"Agencia de viajes online | Descubre nuestros viajes inolvidables a RUTA DELS TEMPLERS - 5 DIES\" \/>\n<meta name=\"robots\" content=\"index, follow, max-snippet:-1, max-image-preview:large, max-video-preview:-1\" \/>\n<link rel=\"canonical\" href=\"https:\/\/aigeviatges.com\/es\/producto\/ruta-de-los-templarios-5-dias\/\" \/>\n<meta property=\"og:locale\" content=\"es_ES\" \/>\n<meta property=\"og:type\" content=\"article\" \/>\n<meta property=\"og:title\" content=\"RUTA DELS TEMPLERS - 5 DIES - AIGE Viatges\" \/>\n<meta property=\"og:description\" content=\"Agencia de viajes online | Descubre nuestros viajes inolvidables a RUTA DELS TEMPLERS - 5 DIES\" \/>\n<meta property=\"og:url\" content=\"https:\/\/aigeviatges.com\/es\/producto\/ruta-de-los-templarios-5-dias\/\" \/>\n<meta property=\"og:site_name\" content=\"AIGE Viatges\" \/>\n<meta property=\"article:publisher\" content=\"https:\/\/www.facebook.com\/viatgesaige\/\" \/>\n<meta property=\"article:modified_time\" content=\"2021-03-18T14:14:10+00:00\" \/>\n<meta property=\"og:image\" content=\"https:\/\/aigeviatges.com\/wp-content\/uploads\/2021\/02\/La-Couvertoirade1.jpg\" \/>\n\t<meta property=\"og:image:width\" content=\"929\" \/>\n\t<meta property=\"og:image:height\" content=\"622\" \/>\n\t<meta property=\"og:image:type\" content=\"image\/jpeg\" \/>\n<meta name=\"twitter:card\" content=\"summary_large_image\" \/>\n<meta name=\"twitter:label1\" content=\"Tiempo de lectura\" \/>\n\t<meta name=\"twitter:data1\" content=\"3 minutos\" \/>\n<script type=\"application\/ld+json\" class=\"yoast-schema-graph\">{\"@context\":\"https:\/\/schema.org\",\"@graph\":[{\"@type\":\"WebPage\",\"@id\":\"https:\/\/aigeviatges.com\/producto\/ruta-dels-templers-5-dies\/\",\"url\":\"https:\/\/aigeviatges.com\/producto\/ruta-dels-templers-5-dies\/\",\"name\":\"RUTA DELS TEMPLERS - 5 DIES - AIGE Viatges\",\"isPartOf\":{\"@id\":\"https:\/\/aigeviatges.com\/#website\"},\"datePublished\":\"2021-02-08T14:38:54+00:00\",\"dateModified\":\"2021-03-18T14:14:10+00:00\",\"description\":\"Agencia de viajes online | Descubre nuestros viajes inolvidables a RUTA DELS TEMPLERS - 5 DIES\",\"breadcrumb\":{\"@id\":\"https:\/\/aigeviatges.com\/producto\/ruta-dels-templers-5-dies\/#breadcrumb\"},\"inLanguage\":\"es\",\"potentialAction\":[{\"@type\":\"ReadAction\",\"target\":[\"https:\/\/aigeviatges.com\/producto\/ruta-dels-templers-5-dies\/\"]}]},{\"@type\":\"BreadcrumbList\",\"@id\":\"https:\/\/aigeviatges.com\/producto\/ruta-dels-templers-5-dies\/#breadcrumb\",\"itemListElement\":[{\"@type\":\"ListItem\",\"position\":1,\"name\":\"Portada\",\"item\":\"https:\/\/aigeviatges.com\/\"},{\"@type\":\"ListItem\",\"position\":2,\"name\":\"Tienda\",\"item\":\"https:\/\/aigeviatges.com\/tienda-2\/\"},{\"@type\":\"ListItem\",\"position\":3,\"name\":\"RUTA DELS TEMPLERS &#8211; 5 DIES\"}]},{\"@type\":\"WebSite\",\"@id\":\"https:\/\/aigeviatges.com\/#website\",\"url\":\"https:\/\/aigeviatges.com\/\",\"name\":\"AIGE Viatges\",\"description\":\"Agencia de viajes especializada en producto propio para grupos.\",\"publisher\":{\"@id\":\"https:\/\/aigeviatges.com\/#organization\"},\"potentialAction\":[{\"@type\":\"SearchAction\",\"target\":{\"@type\":\"EntryPoint\",\"urlTemplate\":\"https:\/\/aigeviatges.com\/?s={search_term_string}\"},\"query-input\":\"required name=search_term_string\"}],\"inLanguage\":\"es\"},{\"@type\":\"Organization\",\"@id\":\"https:\/\/aigeviatges.com\/#organization\",\"name\":\"AIGE Viatges\",\"url\":\"https:\/\/aigeviatges.com\/\",\"logo\":{\"@type\":\"ImageObject\",\"inLanguage\":\"es\",\"@id\":\"https:\/\/aigeviatges.com\/#\/schema\/logo\/image\/\",\"url\":\"https:\/\/aigeviatges.com\/wp-content\/uploads\/2020\/03\/aig-viatges-logo-web.png\",\"contentUrl\":\"https:\/\/aigeviatges.com\/wp-content\/uploads\/2020\/03\/aig-viatges-logo-web.png\",\"width\":600,\"height\":166,\"caption\":\"AIGE Viatges\"},\"image\":{\"@id\":\"https:\/\/aigeviatges.com\/#\/schema\/logo\/image\/\"},\"sameAs\":[\"https:\/\/www.facebook.com\/viatgesaige\/\"]}]}<\/script>\n<!-- \/ Yoast SEO plugin. -->","yoast_head_json":{"title":"RUTA DELS TEMPLERS - 5 DIES - AIGE Viatges","description":"Agencia de viajes online | Descubre nuestros viajes inolvidables a RUTA DELS TEMPLERS - 5 DIES","robots":{"index":"index","follow":"follow","max-snippet":"max-snippet:-1","max-image-preview":"max-image-preview:large","max-video-preview":"max-video-preview:-1"},"canonical":"https:\/\/aigeviatges.com\/es\/producto\/ruta-de-los-templarios-5-dias\/","og_locale":"es_ES","og_type":"article","og_title":"RUTA DELS TEMPLERS - 5 DIES - AIGE Viatges","og_description":"Agencia de viajes online | Descubre nuestros viajes inolvidables a RUTA DELS TEMPLERS - 5 DIES","og_url":"https:\/\/aigeviatges.com\/es\/producto\/ruta-de-los-templarios-5-dias\/","og_site_name":"AIGE Viatges","article_publisher":"https:\/\/www.facebook.com\/viatgesaige\/","article_modified_time":"2021-03-18T14:14:10+00:00","og_image":[{"width":929,"height":622,"url":"https:\/\/aigeviatges.com\/wp-content\/uploads\/2021\/02\/La-Couvertoirade1.jpg","type":"image\/jpeg"}],"twitter_card":"summary_large_image","twitter_misc":{"Tiempo de lectura":"3 minutos"},"schema":{"@context":"https:\/\/schema.org","@graph":[{"@type":"WebPage","@id":"https:\/\/aigeviatges.com\/producto\/ruta-dels-templers-5-dies\/","url":"https:\/\/aigeviatges.com\/producto\/ruta-dels-templers-5-dies\/","name":"RUTA DELS TEMPLERS - 5 DIES - AIGE Viatges","isPartOf":{"@id":"https:\/\/aigeviatges.com\/#website"},"datePublished":"2021-02-08T14:38:54+00:00","dateModified":"2021-03-18T14:14:10+00:00","description":"Agencia de viajes online | Descubre nuestros viajes inolvidables a RUTA DELS TEMPLERS - 5 DIES","breadcrumb":{"@id":"https:\/\/aigeviatges.com\/producto\/ruta-dels-templers-5-dies\/#breadcrumb"},"inLanguage":"es","potentialAction":[{"@type":"ReadAction","target":["https:\/\/aigeviatges.com\/producto\/ruta-dels-templers-5-dies\/"]}]},{"@type":"BreadcrumbList","@id":"https:\/\/aigeviatges.com\/producto\/ruta-dels-templers-5-dies\/#breadcrumb","itemListElement":[{"@type":"ListItem","position":1,"name":"Portada","item":"https:\/\/aigeviatges.com\/"},{"@type":"ListItem","position":2,"name":"Tienda","item":"https:\/\/aigeviatges.com\/tienda-2\/"},{"@type":"ListItem","position":3,"name":"RUTA DELS TEMPLERS &#8211; 5 DIES"}]},{"@type":"WebSite","@id":"https:\/\/aigeviatges.com\/#website","url":"https:\/\/aigeviatges.com\/","name":"AIGE Viatges","description":"Agencia de viajes especializada en producto propio para grupos.","publisher":{"@id":"https:\/\/aigeviatges.com\/#organization"},"potentialAction":[{"@type":"SearchAction","target":{"@type":"EntryPoint","urlTemplate":"https:\/\/aigeviatges.com\/?s={search_term_string}"},"query-input":"required name=search_term_string"}],"inLanguage":"es"},{"@type":"Organization","@id":"https:\/\/aigeviatges.com\/#organization","name":"AIGE Viatges","url":"https:\/\/aigeviatges.com\/","logo":{"@type":"ImageObject","inLanguage":"es","@id":"https:\/\/aigeviatges.com\/#\/schema\/logo\/image\/","url":"https:\/\/aigeviatges.com\/wp-content\/uploads\/2020\/03\/aig-viatges-logo-web.png","contentUrl":"https:\/\/aigeviatges.com\/wp-content\/uploads\/2020\/03\/aig-viatges-logo-web.png","width":600,"height":166,"caption":"AIGE Viatges"},"image":{"@id":"https:\/\/aigeviatges.com\/#\/schema\/logo\/image\/"},"sameAs":["https:\/\/www.facebook.com\/viatgesaige\/"]}]}},"jetpack_sharing_enabled":true,"jetpack_likes_enabled":false,"_links":{"self":[{"href":"https:\/\/aigeviatges.com\/es\/wp-json\/wp\/v2\/product\/409","targetHints":{"allow":["GET"]}}],"collection":[{"href":"https:\/\/aigeviatges.com\/es\/wp-json\/wp\/v2\/product"}],"about":[{"href":"https:\/\/aigeviatges.com\/es\/wp-json\/wp\/v2\/types\/product"}],"wp:featuredmedia":[{"embeddable":true,"href":"https:\/\/aigeviatges.com\/es\/wp-json\/wp\/v2\/media\/403"}],"wp:attachment":[{"href":"https:\/\/aigeviatges.com\/es\/wp-json\/wp\/v2\/media?parent=409"}],"wp:term":[{"taxonomy":"product_cat","embeddable":true,"href":"https:\/\/aigeviatges.com\/es\/wp-json\/wp\/v2\/product_cat?post=409"},{"taxonomy":"product_tag","embeddable":true,"href":"https:\/\/aigeviatges.com\/es\/wp-json\/wp\/v2\/product_tag?post=409"}],"curies":[{"name":"wp","href":"https:\/\/api.w.org\/{rel}","templated":true}]}}