{"id":389,"date":"2021-02-08T13:26:38","date_gmt":"2021-02-08T13:26:38","guid":{"rendered":"https:\/\/aigeviatges.com\/?post_type=product&#038;p=389"},"modified":"2021-03-18T14:14:38","modified_gmt":"2021-03-18T14:14:38","slug":"le-perigord-5-dies","status":"publish","type":"product","link":"https:\/\/aigeviatges.com\/es\/producto\/le-perigordo-5-dias\/","title":{"rendered":"LE PERIGORD \u2013 5 D\u00cdAS"},"content":{"rendered":"<p><strong>D\u00eda 1: ORIGEN \u2013 PERIGORDO \u2013 BELVAS<\/strong><br \/>\nSalida direcci\u00f3n Toulouse hasta llegar al Perigord Negre. Acomodaci\u00f3n en el hotel y almuerzo. Por la tarde visitaremos el poblado medieval de Belv\u00e9s, destaca la torre de defensa que domina la Plaza de Armas, cubierta con 23 pilares y que ha conservado la cadena de la picota a la que se ataban los condenados. Cena y alojamiento en el hotel.<\/p>\n<p><strong>D\u00eda 2: LA ROQUE ST. CHISTOPHE \u2013 LA DOME \u2013 LA ROQUE\/GAGEAC<\/strong><br \/>\nSalida en la Roque St. Christophe situada en Peyzac-le-Moustier, cerca de los Eyzies de Tayac (en el valle de la V\u00e9zere) es una fortaleza troglodita, dentro de una cavidad natural de la roca, habitada en la prehistoria por los trogloditas, hace unos 55.000 a\u00f1os aprox. A\u00f1os m\u00e1s tarde, en la \u00e9poca medieval se convirti\u00f3 en una fortaleza-ciudad, llegando a ser habitada por unas 1000 personas, donde construyeron estancias como, un taller, sala donde mataban a los animales, otra sala donde conservaban la carne fresca (esta sala fue seleccionada por ser la parte m\u00e1s fr\u00eda de la roca). Almuerzo. Por la tarde subiremos al basti\u00f3n de la Dome en un tren tur\u00edstico. Recorrido en tren por el pueblecito y tiempo libre para poder visitar la Iglesia de la Asunci\u00f3n y admirar este caracter\u00edstico lugar medieval. Finalizada la visita, embarcaremos en una Gabarra para realizar un paseo por el r\u00edo Dordogne, y poder contemplar los 5 castillos m\u00e1s bonitos del valle hasta llegar al pintoresco sitio de la Roque-Gageac. Cena y alojamiento en el hotel.<\/p>\n<p><strong>D\u00eda 3: JARDINES DE EYRIGNAC \u2013 CHATEAU MILANDES<\/strong><br \/>\nSalida a uno de los m\u00e1s bellos jardines del P\u00e9rigord \u201cManoir de Eyrignac\u201d. Visita. Despu\u00e9s nos trasladaremos hasta el Castillo de Milandes. Almuerzo. Visita al interior donde conoceremos una exposici\u00f3n totalmente dedicada a la vida de Josephine Baker, as\u00ed como tambi\u00e9n asistiremos a una exhibici\u00f3n de aves rapaces. Cena y alojamiento en el hotel.<\/p>\n<p><strong>D\u00eda 4: GOUFFRE DE PROUMEYSSAC - BERGERAC<\/strong><br \/>\nPor la ma\u00f1ana nos dirigiremos a la gruta de Le Gouffre de Proumeyssac. Visitaremos la llamada &quot;catedral de cristal&quot;, a trav\u00e9s de un t\u00fanel accederemos f\u00e1cilmente a esta inmensa cueva subterr\u00e1nea con paredes adornadas con una multitud de cristalizaciones de una densidad excepcional y completadas con un incre\u00edble juego de luces. Almuerzo. Por la tarde visitaremos Bergerac, cuyo nombre es inseparable al del Cyrano, el poeta de la inmensa nariz que naci\u00f3 de la imaginaci\u00f3n de Edmond Rostand. El barrio antiguo conserva muchos testimonios de los S. XIV, XV y XVI, en particular las casas con entramado de madera y plantas superiores en voladizo. Cena y alojamiento en el hotel.<\/p>\n<p><strong>D\u00eda 5: PERIGORD \u2013 MIREPOIX \u2013 CASTELNAUDARY \u2013 ORIGEN<\/strong><br \/>\nSalida en direcci\u00f3n a Toulouse hasta llegar a Mirepoix. Reconstruida en el s. XIII despu\u00e9s de una inundaci\u00f3n, el andamio de Mirepoix conserva de su pasado medieval una puerta fortificada del s. XIV, as\u00ed como la magn\u00edfica plaza porticada rodeada de bellas casas de entramado sobre galer\u00edas de madera. Visita y continuaci\u00f3n a Castellnaudary, donde degustaremos una comida con el t\u00edpico cazulet. Por la tarde, seguiremos ruta por La Jonquera, Gerona hasta llegar a nuestra ciudad de origen.<\/p>","protected":false},"excerpt":{"rendered":"<p><strong>INCLUYE:<\/strong><\/p>\n<ul>\n<li>Autocar de lujo<\/li>\n<li>Gu\u00eda acompa\u00f1ante de AIGE<\/li>\n<li>Hotel t\u00edpico de la zona<\/li>\n<li>Pensi\u00f3n completa con vino y agua<\/li>\n<li>Paseo en Gabarra<\/li>\n<li>Tren de La Dome<\/li>\n<li>Entrada al Jard\u00edn Manoir<\/li>\n<li>Entrada a la gruta Gouffre de Proumeyssac<\/li>\n<li>Entrada en la Roque St Chistophe<\/li>\n<li>Entrada al Chateau Milandes<\/li>\n<li>Seguro de asistencia en viaje<\/li>\n<\/ul>\n<p><em><strong>Nota sobre el alojamiento: todas las noches en el mismo hotel<\/strong><\/em><\/p>","protected":false},"featured_media":390,"template":"","meta":[],"product_cat":[56,25,35],"product_tag":[],"class_list":["post-389","product","type-product","status-publish","has-post-thumbnail","hentry","product_cat-amb-bus","product_cat-circuits-tot-inclos","product_cat-franca-en-autocar"],"yoast_head":"<!-- This site is optimized with the Yoast SEO plugin v21.7 - https:\/\/yoast.com\/wordpress\/plugins\/seo\/ -->\n<title>LE PERIGORD - 5 DIES - AIGE Viatges<\/title>\n<meta name=\"description\" content=\"Agencia de viajes online | Descubre nuestros viajes inolvidables a LE PERIGORD - 5 DIES\" \/>\n<meta name=\"robots\" content=\"index, follow, max-snippet:-1, max-image-preview:large, max-video-preview:-1\" \/>\n<link rel=\"canonical\" href=\"https:\/\/aigeviatges.com\/es\/producto\/le-perigordo-5-dias\/\" \/>\n<meta property=\"og:locale\" content=\"es_ES\" \/>\n<meta property=\"og:type\" content=\"article\" \/>\n<meta property=\"og:title\" content=\"LE PERIGORD - 5 DIES - AIGE Viatges\" \/>\n<meta property=\"og:description\" content=\"Agencia de viajes online | Descubre nuestros viajes inolvidables a LE PERIGORD - 5 DIES\" \/>\n<meta property=\"og:url\" content=\"https:\/\/aigeviatges.com\/es\/producto\/le-perigordo-5-dias\/\" \/>\n<meta property=\"og:site_name\" content=\"AIGE Viatges\" \/>\n<meta property=\"article:publisher\" content=\"https:\/\/www.facebook.com\/viatgesaige\/\" \/>\n<meta property=\"article:modified_time\" content=\"2021-03-18T14:14:38+00:00\" \/>\n<meta property=\"og:image\" content=\"https:\/\/aigeviatges.com\/wp-content\/uploads\/2021\/02\/erignac.jpg\" \/>\n\t<meta property=\"og:image:width\" content=\"1048\" \/>\n\t<meta property=\"og:image:height\" content=\"699\" \/>\n\t<meta property=\"og:image:type\" content=\"image\/jpeg\" \/>\n<meta name=\"twitter:card\" content=\"summary_large_image\" \/>\n<meta name=\"twitter:label1\" content=\"Tiempo de lectura\" \/>\n\t<meta name=\"twitter:data1\" content=\"3 minutos\" \/>\n<script type=\"application\/ld+json\" class=\"yoast-schema-graph\">{\"@context\":\"https:\/\/schema.org\",\"@graph\":[{\"@type\":\"WebPage\",\"@id\":\"https:\/\/aigeviatges.com\/producto\/le-perigord-5-dies\/\",\"url\":\"https:\/\/aigeviatges.com\/producto\/le-perigord-5-dies\/\",\"name\":\"LE PERIGORD - 5 DIES - AIGE Viatges\",\"isPartOf\":{\"@id\":\"https:\/\/aigeviatges.com\/#website\"},\"datePublished\":\"2021-02-08T13:26:38+00:00\",\"dateModified\":\"2021-03-18T14:14:38+00:00\",\"description\":\"Agencia de viajes online | Descubre nuestros viajes inolvidables a LE PERIGORD - 5 DIES\",\"breadcrumb\":{\"@id\":\"https:\/\/aigeviatges.com\/producto\/le-perigord-5-dies\/#breadcrumb\"},\"inLanguage\":\"es\",\"potentialAction\":[{\"@type\":\"ReadAction\",\"target\":[\"https:\/\/aigeviatges.com\/producto\/le-perigord-5-dies\/\"]}]},{\"@type\":\"BreadcrumbList\",\"@id\":\"https:\/\/aigeviatges.com\/producto\/le-perigord-5-dies\/#breadcrumb\",\"itemListElement\":[{\"@type\":\"ListItem\",\"position\":1,\"name\":\"Portada\",\"item\":\"https:\/\/aigeviatges.com\/\"},{\"@type\":\"ListItem\",\"position\":2,\"name\":\"Tienda\",\"item\":\"https:\/\/aigeviatges.com\/tienda-2\/\"},{\"@type\":\"ListItem\",\"position\":3,\"name\":\"LE PERIGORD &#8211; 5 DIES\"}]},{\"@type\":\"WebSite\",\"@id\":\"https:\/\/aigeviatges.com\/#website\",\"url\":\"https:\/\/aigeviatges.com\/\",\"name\":\"AIGE Viatges\",\"description\":\"Agencia de viajes especializada en producto propio para grupos.\",\"publisher\":{\"@id\":\"https:\/\/aigeviatges.com\/#organization\"},\"potentialAction\":[{\"@type\":\"SearchAction\",\"target\":{\"@type\":\"EntryPoint\",\"urlTemplate\":\"https:\/\/aigeviatges.com\/?s={search_term_string}\"},\"query-input\":\"required name=search_term_string\"}],\"inLanguage\":\"es\"},{\"@type\":\"Organization\",\"@id\":\"https:\/\/aigeviatges.com\/#organization\",\"name\":\"AIGE Viatges\",\"url\":\"https:\/\/aigeviatges.com\/\",\"logo\":{\"@type\":\"ImageObject\",\"inLanguage\":\"es\",\"@id\":\"https:\/\/aigeviatges.com\/#\/schema\/logo\/image\/\",\"url\":\"https:\/\/aigeviatges.com\/wp-content\/uploads\/2020\/03\/aig-viatges-logo-web.png\",\"contentUrl\":\"https:\/\/aigeviatges.com\/wp-content\/uploads\/2020\/03\/aig-viatges-logo-web.png\",\"width\":600,\"height\":166,\"caption\":\"AIGE Viatges\"},\"image\":{\"@id\":\"https:\/\/aigeviatges.com\/#\/schema\/logo\/image\/\"},\"sameAs\":[\"https:\/\/www.facebook.com\/viatgesaige\/\"]}]}<\/script>\n<!-- \/ Yoast SEO plugin. -->","yoast_head_json":{"title":"LE PERIGORD - 5 DIES - AIGE Viatges","description":"Agencia de viajes online | Descubre nuestros viajes inolvidables a LE PERIGORD - 5 DIES","robots":{"index":"index","follow":"follow","max-snippet":"max-snippet:-1","max-image-preview":"max-image-preview:large","max-video-preview":"max-video-preview:-1"},"canonical":"https:\/\/aigeviatges.com\/es\/producto\/le-perigordo-5-dias\/","og_locale":"es_ES","og_type":"article","og_title":"LE PERIGORD - 5 DIES - AIGE Viatges","og_description":"Agencia de viajes online | Descubre nuestros viajes inolvidables a LE PERIGORD - 5 DIES","og_url":"https:\/\/aigeviatges.com\/es\/producto\/le-perigordo-5-dias\/","og_site_name":"AIGE Viatges","article_publisher":"https:\/\/www.facebook.com\/viatgesaige\/","article_modified_time":"2021-03-18T14:14:38+00:00","og_image":[{"width":1048,"height":699,"url":"https:\/\/aigeviatges.com\/wp-content\/uploads\/2021\/02\/erignac.jpg","type":"image\/jpeg"}],"twitter_card":"summary_large_image","twitter_misc":{"Tiempo de lectura":"3 minutos"},"schema":{"@context":"https:\/\/schema.org","@graph":[{"@type":"WebPage","@id":"https:\/\/aigeviatges.com\/producto\/le-perigord-5-dies\/","url":"https:\/\/aigeviatges.com\/producto\/le-perigord-5-dies\/","name":"LE PERIGORD - 5 DIES - AIGE Viatges","isPartOf":{"@id":"https:\/\/aigeviatges.com\/#website"},"datePublished":"2021-02-08T13:26:38+00:00","dateModified":"2021-03-18T14:14:38+00:00","description":"Agencia de viajes online | Descubre nuestros viajes inolvidables a LE PERIGORD - 5 DIES","breadcrumb":{"@id":"https:\/\/aigeviatges.com\/producto\/le-perigord-5-dies\/#breadcrumb"},"inLanguage":"es","potentialAction":[{"@type":"ReadAction","target":["https:\/\/aigeviatges.com\/producto\/le-perigord-5-dies\/"]}]},{"@type":"BreadcrumbList","@id":"https:\/\/aigeviatges.com\/producto\/le-perigord-5-dies\/#breadcrumb","itemListElement":[{"@type":"ListItem","position":1,"name":"Portada","item":"https:\/\/aigeviatges.com\/"},{"@type":"ListItem","position":2,"name":"Tienda","item":"https:\/\/aigeviatges.com\/tienda-2\/"},{"@type":"ListItem","position":3,"name":"LE PERIGORD &#8211; 5 DIES"}]},{"@type":"WebSite","@id":"https:\/\/aigeviatges.com\/#website","url":"https:\/\/aigeviatges.com\/","name":"AIGE Viatges","description":"Agencia de viajes especializada en producto propio para grupos.","publisher":{"@id":"https:\/\/aigeviatges.com\/#organization"},"potentialAction":[{"@type":"SearchAction","target":{"@type":"EntryPoint","urlTemplate":"https:\/\/aigeviatges.com\/?s={search_term_string}"},"query-input":"required name=search_term_string"}],"inLanguage":"es"},{"@type":"Organization","@id":"https:\/\/aigeviatges.com\/#organization","name":"AIGE Viatges","url":"https:\/\/aigeviatges.com\/","logo":{"@type":"ImageObject","inLanguage":"es","@id":"https:\/\/aigeviatges.com\/#\/schema\/logo\/image\/","url":"https:\/\/aigeviatges.com\/wp-content\/uploads\/2020\/03\/aig-viatges-logo-web.png","contentUrl":"https:\/\/aigeviatges.com\/wp-content\/uploads\/2020\/03\/aig-viatges-logo-web.png","width":600,"height":166,"caption":"AIGE Viatges"},"image":{"@id":"https:\/\/aigeviatges.com\/#\/schema\/logo\/image\/"},"sameAs":["https:\/\/www.facebook.com\/viatgesaige\/"]}]}},"jetpack_sharing_enabled":true,"jetpack_likes_enabled":false,"_links":{"self":[{"href":"https:\/\/aigeviatges.com\/es\/wp-json\/wp\/v2\/product\/389","targetHints":{"allow":["GET"]}}],"collection":[{"href":"https:\/\/aigeviatges.com\/es\/wp-json\/wp\/v2\/product"}],"about":[{"href":"https:\/\/aigeviatges.com\/es\/wp-json\/wp\/v2\/types\/product"}],"wp:featuredmedia":[{"embeddable":true,"href":"https:\/\/aigeviatges.com\/es\/wp-json\/wp\/v2\/media\/390"}],"wp:attachment":[{"href":"https:\/\/aigeviatges.com\/es\/wp-json\/wp\/v2\/media?parent=389"}],"wp:term":[{"taxonomy":"product_cat","embeddable":true,"href":"https:\/\/aigeviatges.com\/es\/wp-json\/wp\/v2\/product_cat?post=389"},{"taxonomy":"product_tag","embeddable":true,"href":"https:\/\/aigeviatges.com\/es\/wp-json\/wp\/v2\/product_tag?post=389"}],"curies":[{"name":"wp","href":"https:\/\/api.w.org\/{rel}","templated":true}]}}