{"id":382,"date":"2021-02-08T12:39:03","date_gmt":"2021-02-08T12:39:03","guid":{"rendered":"https:\/\/aigeviatges.com\/?post_type=product&#038;p=382"},"modified":"2021-03-18T14:15:03","modified_gmt":"2021-03-18T14:15:03","slug":"la-provence-i-pn-de-la-camarga-5-dies","status":"publish","type":"product","link":"https:\/\/aigeviatges.com\/es\/producto\/la-provence-y-pn-de-la-camarga-5-dias\/","title":{"rendered":"LA PROVENCE Y PN DE LA CAMARGA - 5 D\u00cdAS"},"content":{"rendered":"<p><strong>D\u00eda 1: ORIGEN - NIMES - LA PROVENCE<\/strong><br \/>\nSalida en direcci\u00f3n La Jonquera y continuaci\u00f3n por la Autoroute du Soleil, hasta llegar a Nimes. Almuerzo. Por la tarde visita de esta ciudad, puerta de entrada a La Camarga, destaca el Coliseo romano y la Maison Carr\u00e9. Seguiremos nuestra ruta hasta el hotel en La Provence.<\/p>\n<p><strong>D\u00eda 2: ROUSSILLON \u2013 GORDES \u2013 ISLE SUR LE SORGUE<\/strong><br \/>\nSalida a Roussillon, pueblecito situado en el coraz\u00f3n de los mayores dep\u00f3sitos de ocre en Europa, haremos un precioso recorrido por &#039;Le Sentier des Ocres&#039;, un camino donde se pueden encontrar 17 matices distintos del ocre (se recomienda calzado c\u00f3modo). Por la tarde visitaremos Gordes, una de las postales m\u00e1s bellas de Francia, situada sobre una colina, dominando toda la zona. Seguiremos con la visita de la llamada Venecia de la Provence, Isle sur Sorgue (literalmente la isla sobre el r\u00edo Sorgue), uno de los pueblos m\u00e1s bonitos del sur de Francia. Sus caf\u00e9s en la orilla del r\u00edo, los molinos de agua todav\u00eda en funci\u00f3n y los t\u00edpicos barcos que navegan a lo largo del r\u00edo, contribuyen a la belleza del sitio. Cena y alojamiento en el hotel.<\/p>\n<p><strong>D\u00eda 3: SAINTAS MARIAS DE LA MER \u2013 CRUCERO CAMARGA \u2013 AGUAS MUERTAS<\/strong><br \/>\nSalida a Saintes Maries de la Mer, la capital camarguesa por excelencia. Haremos un bonito crucero con el que descubriremos uno de los principales espacios protegidos, el Parque natural de la Camarga, podremos ver aves migratorias de Europa, como los flamencos rosas, el s\u00edmbolo de la Camarga, adem\u00e1s de numerosos ganaderos se dedican a la cr\u00eda tradicional de toros y caballos. Seguiremos hasta llegar a Aig\u00fces Mortes. Paseo por esta amurallada ciudad medieval, construida por orden de Luis XIII. Cena y alojamiento en el hotel.<\/p>\n<p><strong>D\u00eda 4: ARLES \u2013 LAS BAUX EN PROVENCE (espect\u00e1culo de luz y sonido) \u2013 SAINT REMY<\/strong><br \/>\nPor la ma\u00f1ana visitaremos Arles, importante ciudad llena de monumentos de la \u00e9poca romana. Por la tarde visitaremos dos de los pueblos catalogados como m\u00e1s bellos de Francia: Les Baux en Provence de \u00edndole medieval y Saint Remy, un pueblo de los m\u00e1s t\u00edpicos de la regi\u00f3n, donde podremos ver los comercios tradicionales, especialmente de flores y especias. En una antigua cantera de las Baux visitaremos \u201cLas Carri\u00e8res de Lumi\u00e9res\u201d, tambi\u00e9n llamado \u201cCath\u00e9drale de Images\u201d. Se proyectan im\u00e1genes de obras de arte sobre las inmensas paredes de piedra de hasta 20 metros de alto, y acompa\u00f1arlas con m\u00fasica con el objetivo de integrar por completo al espectador, un espect\u00e1culo de luz y sonido que no nos dejar\u00e1 indiferentes. Cena y alojamiento en el hotel.<\/p>\n<p><strong>D\u00eda 5: LA PROVENCE \u2013 SETE \u2013 ORIGEN<\/strong><br \/>\nSalida a S\u00e9ptimo, visitaremos esta poblaci\u00f3n de tradici\u00f3n marinera de La Provence. Almuerzo especial de despedida. Despu\u00e9s de comer, regresaremos a nuestra ciudad de origen.<\/p>","protected":false},"excerpt":{"rendered":"<p>INCLUYE:<\/p>\n<ul>\n<li>Autocar de lujo<\/li>\n<li>Gu\u00eda acompa\u00f1ante de AIGE<\/li>\n<li>Hotel t\u00edpico de la zona<\/li>\n<li>Pensi\u00f3n completa con agua y vino<\/li>\n<li>Paseo en barco por la Camarga<\/li>\n<li>Entrada al Sentier des Ocres<\/li>\n<li>Entrada a Les Carri\u00e8res de Lumi\u00e9res<\/li>\n<li>Seguro de asistencia en viaje<\/li>\n<\/ul>\n<p><em><strong>Nota sobre el alojamiento: todas las noches en el mismo hotel<\/strong><\/em><\/p>","protected":false},"featured_media":383,"template":"","meta":[],"product_cat":[56,25,35],"product_tag":[],"class_list":["post-382","product","type-product","status-publish","has-post-thumbnail","hentry","product_cat-amb-bus","product_cat-circuits-tot-inclos","product_cat-franca-en-autocar"],"yoast_head":"<!-- This site is optimized with the Yoast SEO plugin v21.7 - https:\/\/yoast.com\/wordpress\/plugins\/seo\/ -->\n<title>LA PROVENCE I P.N. DE LA CAMARGA - 5 DIES - AIGE Viatges<\/title>\n<meta name=\"description\" content=\"Agencia de viajes online | Descubre nuestros viajes inolvidables a LA PROVENCE I P.N. DE LA CAMARGA - 5 DIES\" \/>\n<meta name=\"robots\" content=\"index, follow, max-snippet:-1, max-image-preview:large, max-video-preview:-1\" \/>\n<link rel=\"canonical\" href=\"https:\/\/aigeviatges.com\/es\/producto\/la-provence-y-pn-de-la-camarga-5-dias\/\" \/>\n<meta property=\"og:locale\" content=\"es_ES\" \/>\n<meta property=\"og:type\" content=\"article\" \/>\n<meta property=\"og:title\" content=\"LA PROVENCE I P.N. DE LA CAMARGA - 5 DIES - AIGE Viatges\" \/>\n<meta property=\"og:description\" content=\"Agencia de viajes online | Descubre nuestros viajes inolvidables a LA PROVENCE I P.N. DE LA CAMARGA - 5 DIES\" \/>\n<meta property=\"og:url\" content=\"https:\/\/aigeviatges.com\/es\/producto\/la-provence-y-pn-de-la-camarga-5-dias\/\" \/>\n<meta property=\"og:site_name\" content=\"AIGE Viatges\" \/>\n<meta property=\"article:publisher\" content=\"https:\/\/www.facebook.com\/viatgesaige\/\" \/>\n<meta property=\"article:modified_time\" content=\"2021-03-18T14:15:03+00:00\" \/>\n<meta property=\"og:image\" content=\"https:\/\/aigeviatges.com\/wp-content\/uploads\/2021\/02\/lavanda.jpg\" \/>\n\t<meta property=\"og:image:width\" content=\"650\" \/>\n\t<meta property=\"og:image:height\" content=\"640\" \/>\n\t<meta property=\"og:image:type\" content=\"image\/jpeg\" \/>\n<meta name=\"twitter:card\" content=\"summary_large_image\" \/>\n<meta name=\"twitter:label1\" content=\"Tiempo de lectura\" \/>\n\t<meta name=\"twitter:data1\" content=\"2 minutos\" \/>\n<script type=\"application\/ld+json\" class=\"yoast-schema-graph\">{\"@context\":\"https:\/\/schema.org\",\"@graph\":[{\"@type\":\"WebPage\",\"@id\":\"https:\/\/aigeviatges.com\/producto\/la-provence-i-pn-de-la-camarga-5-dies\/\",\"url\":\"https:\/\/aigeviatges.com\/producto\/la-provence-i-pn-de-la-camarga-5-dies\/\",\"name\":\"LA PROVENCE I P.N. DE LA CAMARGA - 5 DIES - AIGE Viatges\",\"isPartOf\":{\"@id\":\"https:\/\/aigeviatges.com\/#website\"},\"datePublished\":\"2021-02-08T12:39:03+00:00\",\"dateModified\":\"2021-03-18T14:15:03+00:00\",\"description\":\"Agencia de viajes online | Descubre nuestros viajes inolvidables a LA PROVENCE I P.N. DE LA CAMARGA - 5 DIES\",\"breadcrumb\":{\"@id\":\"https:\/\/aigeviatges.com\/producto\/la-provence-i-pn-de-la-camarga-5-dies\/#breadcrumb\"},\"inLanguage\":\"es\",\"potentialAction\":[{\"@type\":\"ReadAction\",\"target\":[\"https:\/\/aigeviatges.com\/producto\/la-provence-i-pn-de-la-camarga-5-dies\/\"]}]},{\"@type\":\"BreadcrumbList\",\"@id\":\"https:\/\/aigeviatges.com\/producto\/la-provence-i-pn-de-la-camarga-5-dies\/#breadcrumb\",\"itemListElement\":[{\"@type\":\"ListItem\",\"position\":1,\"name\":\"Portada\",\"item\":\"https:\/\/aigeviatges.com\/\"},{\"@type\":\"ListItem\",\"position\":2,\"name\":\"Tienda\",\"item\":\"https:\/\/aigeviatges.com\/tienda-2\/\"},{\"@type\":\"ListItem\",\"position\":3,\"name\":\"LA PROVENCE I P.N. DE LA CAMARGA &#8211; 5 DIES\"}]},{\"@type\":\"WebSite\",\"@id\":\"https:\/\/aigeviatges.com\/#website\",\"url\":\"https:\/\/aigeviatges.com\/\",\"name\":\"AIGE Viatges\",\"description\":\"Agencia de viajes especializada en producto propio para grupos.\",\"publisher\":{\"@id\":\"https:\/\/aigeviatges.com\/#organization\"},\"potentialAction\":[{\"@type\":\"SearchAction\",\"target\":{\"@type\":\"EntryPoint\",\"urlTemplate\":\"https:\/\/aigeviatges.com\/?s={search_term_string}\"},\"query-input\":\"required name=search_term_string\"}],\"inLanguage\":\"es\"},{\"@type\":\"Organization\",\"@id\":\"https:\/\/aigeviatges.com\/#organization\",\"name\":\"AIGE Viatges\",\"url\":\"https:\/\/aigeviatges.com\/\",\"logo\":{\"@type\":\"ImageObject\",\"inLanguage\":\"es\",\"@id\":\"https:\/\/aigeviatges.com\/#\/schema\/logo\/image\/\",\"url\":\"https:\/\/aigeviatges.com\/wp-content\/uploads\/2020\/03\/aig-viatges-logo-web.png\",\"contentUrl\":\"https:\/\/aigeviatges.com\/wp-content\/uploads\/2020\/03\/aig-viatges-logo-web.png\",\"width\":600,\"height\":166,\"caption\":\"AIGE Viatges\"},\"image\":{\"@id\":\"https:\/\/aigeviatges.com\/#\/schema\/logo\/image\/\"},\"sameAs\":[\"https:\/\/www.facebook.com\/viatgesaige\/\"]}]}<\/script>\n<!-- \/ Yoast SEO plugin. -->","yoast_head_json":{"title":"LA PROVENCE I P.N. DE LA CAMARGA - 5 DIES - AIGE Viatges","description":"Agencia de viajes online | Descubre nuestros viajes inolvidables a LA PROVENCE I P.N. DE LA CAMARGA - 5 DIES","robots":{"index":"index","follow":"follow","max-snippet":"max-snippet:-1","max-image-preview":"max-image-preview:large","max-video-preview":"max-video-preview:-1"},"canonical":"https:\/\/aigeviatges.com\/es\/producto\/la-provence-y-pn-de-la-camarga-5-dias\/","og_locale":"es_ES","og_type":"article","og_title":"LA PROVENCE I P.N. DE LA CAMARGA - 5 DIES - AIGE Viatges","og_description":"Agencia de viajes online | Descubre nuestros viajes inolvidables a LA PROVENCE I P.N. DE LA CAMARGA - 5 DIES","og_url":"https:\/\/aigeviatges.com\/es\/producto\/la-provence-y-pn-de-la-camarga-5-dias\/","og_site_name":"AIGE Viatges","article_publisher":"https:\/\/www.facebook.com\/viatgesaige\/","article_modified_time":"2021-03-18T14:15:03+00:00","og_image":[{"width":650,"height":640,"url":"https:\/\/aigeviatges.com\/wp-content\/uploads\/2021\/02\/lavanda.jpg","type":"image\/jpeg"}],"twitter_card":"summary_large_image","twitter_misc":{"Tiempo de lectura":"2 minutos"},"schema":{"@context":"https:\/\/schema.org","@graph":[{"@type":"WebPage","@id":"https:\/\/aigeviatges.com\/producto\/la-provence-i-pn-de-la-camarga-5-dies\/","url":"https:\/\/aigeviatges.com\/producto\/la-provence-i-pn-de-la-camarga-5-dies\/","name":"LA PROVENCE I P.N. DE LA CAMARGA - 5 DIES - AIGE Viatges","isPartOf":{"@id":"https:\/\/aigeviatges.com\/#website"},"datePublished":"2021-02-08T12:39:03+00:00","dateModified":"2021-03-18T14:15:03+00:00","description":"Agencia de viajes online | Descubre nuestros viajes inolvidables a LA PROVENCE I P.N. DE LA CAMARGA - 5 DIES","breadcrumb":{"@id":"https:\/\/aigeviatges.com\/producto\/la-provence-i-pn-de-la-camarga-5-dies\/#breadcrumb"},"inLanguage":"es","potentialAction":[{"@type":"ReadAction","target":["https:\/\/aigeviatges.com\/producto\/la-provence-i-pn-de-la-camarga-5-dies\/"]}]},{"@type":"BreadcrumbList","@id":"https:\/\/aigeviatges.com\/producto\/la-provence-i-pn-de-la-camarga-5-dies\/#breadcrumb","itemListElement":[{"@type":"ListItem","position":1,"name":"Portada","item":"https:\/\/aigeviatges.com\/"},{"@type":"ListItem","position":2,"name":"Tienda","item":"https:\/\/aigeviatges.com\/tienda-2\/"},{"@type":"ListItem","position":3,"name":"LA PROVENCE I P.N. DE LA CAMARGA &#8211; 5 DIES"}]},{"@type":"WebSite","@id":"https:\/\/aigeviatges.com\/#website","url":"https:\/\/aigeviatges.com\/","name":"AIGE Viatges","description":"Agencia de viajes especializada en producto propio para grupos.","publisher":{"@id":"https:\/\/aigeviatges.com\/#organization"},"potentialAction":[{"@type":"SearchAction","target":{"@type":"EntryPoint","urlTemplate":"https:\/\/aigeviatges.com\/?s={search_term_string}"},"query-input":"required name=search_term_string"}],"inLanguage":"es"},{"@type":"Organization","@id":"https:\/\/aigeviatges.com\/#organization","name":"AIGE Viatges","url":"https:\/\/aigeviatges.com\/","logo":{"@type":"ImageObject","inLanguage":"es","@id":"https:\/\/aigeviatges.com\/#\/schema\/logo\/image\/","url":"https:\/\/aigeviatges.com\/wp-content\/uploads\/2020\/03\/aig-viatges-logo-web.png","contentUrl":"https:\/\/aigeviatges.com\/wp-content\/uploads\/2020\/03\/aig-viatges-logo-web.png","width":600,"height":166,"caption":"AIGE Viatges"},"image":{"@id":"https:\/\/aigeviatges.com\/#\/schema\/logo\/image\/"},"sameAs":["https:\/\/www.facebook.com\/viatgesaige\/"]}]}},"jetpack_sharing_enabled":true,"jetpack_likes_enabled":false,"_links":{"self":[{"href":"https:\/\/aigeviatges.com\/es\/wp-json\/wp\/v2\/product\/382","targetHints":{"allow":["GET"]}}],"collection":[{"href":"https:\/\/aigeviatges.com\/es\/wp-json\/wp\/v2\/product"}],"about":[{"href":"https:\/\/aigeviatges.com\/es\/wp-json\/wp\/v2\/types\/product"}],"wp:featuredmedia":[{"embeddable":true,"href":"https:\/\/aigeviatges.com\/es\/wp-json\/wp\/v2\/media\/383"}],"wp:attachment":[{"href":"https:\/\/aigeviatges.com\/es\/wp-json\/wp\/v2\/media?parent=382"}],"wp:term":[{"taxonomy":"product_cat","embeddable":true,"href":"https:\/\/aigeviatges.com\/es\/wp-json\/wp\/v2\/product_cat?post=382"},{"taxonomy":"product_tag","embeddable":true,"href":"https:\/\/aigeviatges.com\/es\/wp-json\/wp\/v2\/product_tag?post=382"}],"curies":[{"name":"wp","href":"https:\/\/api.w.org\/{rel}","templated":true}]}}