{"id":374,"date":"2021-02-08T11:08:47","date_gmt":"2021-02-08T11:08:47","guid":{"rendered":"https:\/\/aigeviatges.com\/?post_type=product&#038;p=374"},"modified":"2021-03-18T14:17:55","modified_gmt":"2021-03-18T14:17:55","slug":"castells-del-loire-6-dies","status":"publish","type":"product","link":"https:\/\/aigeviatges.com\/es\/producto\/castillos-del-loire-6-dias\/","title":{"rendered":"CASTILLOS DEL LOIRE \u2013 6 D\u00cdAS"},"content":{"rendered":"<p><strong>D\u00eda 1: ORIGEN \u2013 ROQUEFORT \u2013 VIADUCTO DE MILLAU \u2013 ZONA CLERMONT FERRAND<\/strong><br \/>\nSalida en autocar por La Jonquera hasta llegar al pueblo de Roquefort sur Soulzon. Almuerzo. Visitaremos una bodega del famoso queso Roquefort. La visita a la bodega de maduraci\u00f3n nos llevar\u00e1 por el laberinto subterr\u00e1neo que se ha cavado naturalmente despu\u00e9s del hundimiento de la monta\u00f1a de Cambalou. Las bodegas ventiladas por las fleurinas, fisuras naturales que permiten la circulaci\u00f3n del aire bajo tierra, albergan miles de panes de Roquefort. \u00c9stos permanecen bajo la atenta vigilancia de los maestros queseros. Continuaremos nuestra ruta realizando una parada para contemplar el viaducto de Millau con casi 2,5 km de largo. Inaugurado en el 2004. Llegada al hotel en las inmediaciones de Clermont Ferrand. Cena y alojamiento.<\/p>\n<p><strong>D\u00eda 2: ZONA CLERMONT FERRAND - ORLEANS - REGI\u00d3N DEL LOIRE<\/strong><br \/>\nSalida por carretera hacia la regi\u00f3n del Loire. Almuerzo y visita de Orleans, ba\u00f1ada por el Loire, es una de las ciudades m\u00e1s bellas de Francia. Veremos la Catedral Sainte-Croix, una maravilla arquitect\u00f3nica de estilo g\u00f3tico y Casa de Juana de Arco. Entre Juana de Arco y la ciudad de Orleans existe una verdadera historia de amor. La ciudad fue liberada de los ingleses el 8 de mayo de 1429 por quien era conocida como La Virgen. La sala multimedia de la Casa de Juana de Arco rememora su vida desde 1412 a 1431 y recuerda su paso por la ciudad de Orleans en 1429. Continuaci\u00f3n hasta llegar al hotel en la zona del Loire. Cena y alojamiento.<\/p>\n<p><strong>D\u00eda 3: AMBOISE - CHENONCEAU \u00a0<\/strong><br \/>\nSalida a Amboise. Visitaremos el magn\u00edfico Castell, cuna del renacimiento franc\u00e9s. La residencia real alberga una prestigiosa colecci\u00f3n de muebles g\u00f3ticos y renacentistas. Los elementos m\u00e1s excelentes del castillo son la sala del Consell, la sala de los tamborileros y los salones Imperio. Junto a las murallas se encuentra la capilla de Saint-Hubert, espl\u00e9ndido testigo del arte g\u00f3tico flam\u00edgero que alberga la tumba de Leonardo da Vinci. Por la tarde visitaremos el castillo de Chenonceau conocido como &quot;el castillo de las Damas&quot; la historia de Francia, le debe a las mujeres una parte importante de su encanto. Fue construido en 1513 por Catherine Bri\u00e7onnet, embellecido sucesivamente por Diana de Poitiers y Catalina de M\u00e9dicis. La se\u00f1ora Dupin lo salv\u00f3 de los peligros de la Revoluci\u00f3n francesa. Cena y alojamiento en el hotel.<\/p>\n<p><strong>D\u00eda 4: LANGEAIS \u2013 TOURS<\/strong><br \/>\nSalida a Langeais. Impresionante desde la ciudad por su gran tama\u00f1o, el castillo nos revela sus encantos m\u00e1s refinados del lado del patio y en su interior. Aqu\u00ed nos adentramos en un aut\u00e9ntico decorado medieval que cobra vida gracias a una escenograf\u00eda cautivadora. Su gran benefactor fue Jacques Siegfried. Apasionado por el arte medieval, pas\u00f3 20 a\u00f1os de su vida restaurante y amueblando el castillo de Langeais con la intenci\u00f3n de reconstituir el entorno social de la nobleza de finales de la Edad Media. En 1904, cedi\u00f3 el castillo y sus colecciones al Instituto de France al que pertenece todav\u00eda hoy. Continuaci\u00f3n a Tours donde daremos un paseo por las calles empedradas. Destacan la catedral y la plaza de Plumerau, bello rinc\u00f3n medieval y dormido en el pasado. Cena y alojamiento en el hotel.<\/p>\n<p><strong>D\u00eda 5: CHAMBORD \u2013 ZONA CAHORS<\/strong><br \/>\nSalida a Chambord. Visitaremos uno de castillos m\u00e1s conocidos del mundo debido a su arquitectura renacentista francesa muy distintiva que mezcla formas tradicionales medievales con estructuras cl\u00e1sicas italianas., en su interior se encuentra una majestuosa escalera construida por Leonardo da Vinci y cuenta con 365 chimeneas. Finalizada la visita iniciaremos el regreso a nuestra ciudad de origen. Almuerzo en ruta y continuaci\u00f3n en la zona de Cahors. Llegada al hotel. Acomodaci\u00f3n. Cena y alojamiento<\/p>\n<p><strong>D\u00eda 6: ZONA CAHORS \u2013 NARBONNE \u2013 CIUDAD DE ORIGEN<\/strong><br \/>\nSalida a Narbonne. Almuerzo especial de despedida en restaurante. Continuaci\u00f3n de la ruta por autopista hasta llegar a nuestro sitio de origen.<\/p>","protected":false},"excerpt":{"rendered":"<p><strong>INCLUYE:<\/strong><\/p>\n<ul>\n<li>Autocar de lujo<\/li>\n<li>Gu\u00eda acompa\u00f1ante de AIGE<\/li>\n<li>Hoteles 3*** tipo IBIS<\/li>\n<li>Pensi\u00f3n completa con agua<\/li>\n<li>Gu\u00eda local en Orleans<\/li>\n<li>Entrada al Castillo de Amboise<\/li>\n<li>Entrada en el Castillo de Chenonceau<\/li>\n<li>Entrada en el Burg y fortaleza de Langeais<\/li>\n<li>Entrada al Castillo de Chambord<\/li>\n<li>Seguro de asistencia en viaje<\/li>\n<\/ul>\n<p><em><strong>Nota sobre el alojamiento:\u00a0<\/strong><\/em><strong><em>1 noche en zona Clermont Ferran + 3 noches en zona Loire + 1 noche en Zona Cahors<\/em><\/strong><\/p>","protected":false},"featured_media":376,"template":"","meta":[],"product_cat":[56,25,35],"product_tag":[],"class_list":["post-374","product","type-product","status-publish","has-post-thumbnail","hentry","product_cat-amb-bus","product_cat-circuits-tot-inclos","product_cat-franca-en-autocar"],"yoast_head":"<!-- This site is optimized with the Yoast SEO plugin v21.7 - https:\/\/yoast.com\/wordpress\/plugins\/seo\/ -->\n<title>CASTELLS DEL LOIRE - 6 DIES - AIGE Viatges<\/title>\n<meta name=\"description\" content=\"Agencia de viajes online | Descubre nuestros viajes inolvidables a CASTELLS DEL LOIRE - 6 DIES\" \/>\n<meta name=\"robots\" content=\"index, follow, max-snippet:-1, max-image-preview:large, max-video-preview:-1\" \/>\n<link rel=\"canonical\" href=\"https:\/\/aigeviatges.com\/es\/producto\/castillos-del-loire-6-dias\/\" \/>\n<meta property=\"og:locale\" content=\"es_ES\" \/>\n<meta property=\"og:type\" content=\"article\" \/>\n<meta property=\"og:title\" content=\"CASTELLS DEL LOIRE - 6 DIES - AIGE Viatges\" \/>\n<meta property=\"og:description\" content=\"Agencia de viajes online | Descubre nuestros viajes inolvidables a CASTELLS DEL LOIRE - 6 DIES\" \/>\n<meta property=\"og:url\" content=\"https:\/\/aigeviatges.com\/es\/producto\/castillos-del-loire-6-dias\/\" \/>\n<meta property=\"og:site_name\" content=\"AIGE Viatges\" \/>\n<meta property=\"article:publisher\" content=\"https:\/\/www.facebook.com\/viatgesaige\/\" \/>\n<meta property=\"article:modified_time\" content=\"2021-03-18T14:17:55+00:00\" \/>\n<meta property=\"og:image\" content=\"https:\/\/aigeviatges.com\/wp-content\/uploads\/2021\/02\/chambord-1.jpg\" \/>\n\t<meta property=\"og:image:width\" content=\"1024\" \/>\n\t<meta property=\"og:image:height\" content=\"667\" \/>\n\t<meta property=\"og:image:type\" content=\"image\/jpeg\" \/>\n<meta name=\"twitter:card\" content=\"summary_large_image\" \/>\n<meta name=\"twitter:label1\" content=\"Tiempo de lectura\" \/>\n\t<meta name=\"twitter:data1\" content=\"3 minutos\" \/>\n<script type=\"application\/ld+json\" class=\"yoast-schema-graph\">{\"@context\":\"https:\/\/schema.org\",\"@graph\":[{\"@type\":\"WebPage\",\"@id\":\"https:\/\/aigeviatges.com\/producto\/castells-del-loire-6-dies\/\",\"url\":\"https:\/\/aigeviatges.com\/producto\/castells-del-loire-6-dies\/\",\"name\":\"CASTELLS DEL LOIRE - 6 DIES - AIGE Viatges\",\"isPartOf\":{\"@id\":\"https:\/\/aigeviatges.com\/#website\"},\"datePublished\":\"2021-02-08T11:08:47+00:00\",\"dateModified\":\"2021-03-18T14:17:55+00:00\",\"description\":\"Agencia de viajes online | Descubre nuestros viajes inolvidables a CASTELLS DEL LOIRE - 6 DIES\",\"breadcrumb\":{\"@id\":\"https:\/\/aigeviatges.com\/producto\/castells-del-loire-6-dies\/#breadcrumb\"},\"inLanguage\":\"es\",\"potentialAction\":[{\"@type\":\"ReadAction\",\"target\":[\"https:\/\/aigeviatges.com\/producto\/castells-del-loire-6-dies\/\"]}]},{\"@type\":\"BreadcrumbList\",\"@id\":\"https:\/\/aigeviatges.com\/producto\/castells-del-loire-6-dies\/#breadcrumb\",\"itemListElement\":[{\"@type\":\"ListItem\",\"position\":1,\"name\":\"Portada\",\"item\":\"https:\/\/aigeviatges.com\/\"},{\"@type\":\"ListItem\",\"position\":2,\"name\":\"Tienda\",\"item\":\"https:\/\/aigeviatges.com\/tienda-2\/\"},{\"@type\":\"ListItem\",\"position\":3,\"name\":\"CASTELLS DEL LOIRE &#8211; 6 DIES\"}]},{\"@type\":\"WebSite\",\"@id\":\"https:\/\/aigeviatges.com\/#website\",\"url\":\"https:\/\/aigeviatges.com\/\",\"name\":\"AIGE Viatges\",\"description\":\"Agencia de viajes especializada en producto propio para grupos.\",\"publisher\":{\"@id\":\"https:\/\/aigeviatges.com\/#organization\"},\"potentialAction\":[{\"@type\":\"SearchAction\",\"target\":{\"@type\":\"EntryPoint\",\"urlTemplate\":\"https:\/\/aigeviatges.com\/?s={search_term_string}\"},\"query-input\":\"required name=search_term_string\"}],\"inLanguage\":\"es\"},{\"@type\":\"Organization\",\"@id\":\"https:\/\/aigeviatges.com\/#organization\",\"name\":\"AIGE Viatges\",\"url\":\"https:\/\/aigeviatges.com\/\",\"logo\":{\"@type\":\"ImageObject\",\"inLanguage\":\"es\",\"@id\":\"https:\/\/aigeviatges.com\/#\/schema\/logo\/image\/\",\"url\":\"https:\/\/aigeviatges.com\/wp-content\/uploads\/2020\/03\/aig-viatges-logo-web.png\",\"contentUrl\":\"https:\/\/aigeviatges.com\/wp-content\/uploads\/2020\/03\/aig-viatges-logo-web.png\",\"width\":600,\"height\":166,\"caption\":\"AIGE Viatges\"},\"image\":{\"@id\":\"https:\/\/aigeviatges.com\/#\/schema\/logo\/image\/\"},\"sameAs\":[\"https:\/\/www.facebook.com\/viatgesaige\/\"]}]}<\/script>\n<!-- \/ Yoast SEO plugin. -->","yoast_head_json":{"title":"CASTELLS DEL LOIRE - 6 DIES - AIGE Viatges","description":"Agencia de viajes online | Descubre nuestros viajes inolvidables a CASTELLS DEL LOIRE - 6 DIES","robots":{"index":"index","follow":"follow","max-snippet":"max-snippet:-1","max-image-preview":"max-image-preview:large","max-video-preview":"max-video-preview:-1"},"canonical":"https:\/\/aigeviatges.com\/es\/producto\/castillos-del-loire-6-dias\/","og_locale":"es_ES","og_type":"article","og_title":"CASTELLS DEL LOIRE - 6 DIES - AIGE Viatges","og_description":"Agencia de viajes online | Descubre nuestros viajes inolvidables a CASTELLS DEL LOIRE - 6 DIES","og_url":"https:\/\/aigeviatges.com\/es\/producto\/castillos-del-loire-6-dias\/","og_site_name":"AIGE Viatges","article_publisher":"https:\/\/www.facebook.com\/viatgesaige\/","article_modified_time":"2021-03-18T14:17:55+00:00","og_image":[{"width":1024,"height":667,"url":"https:\/\/aigeviatges.com\/wp-content\/uploads\/2021\/02\/chambord-1.jpg","type":"image\/jpeg"}],"twitter_card":"summary_large_image","twitter_misc":{"Tiempo de lectura":"3 minutos"},"schema":{"@context":"https:\/\/schema.org","@graph":[{"@type":"WebPage","@id":"https:\/\/aigeviatges.com\/producto\/castells-del-loire-6-dies\/","url":"https:\/\/aigeviatges.com\/producto\/castells-del-loire-6-dies\/","name":"CASTELLS DEL LOIRE - 6 DIES - AIGE Viatges","isPartOf":{"@id":"https:\/\/aigeviatges.com\/#website"},"datePublished":"2021-02-08T11:08:47+00:00","dateModified":"2021-03-18T14:17:55+00:00","description":"Agencia de viajes online | Descubre nuestros viajes inolvidables a CASTELLS DEL LOIRE - 6 DIES","breadcrumb":{"@id":"https:\/\/aigeviatges.com\/producto\/castells-del-loire-6-dies\/#breadcrumb"},"inLanguage":"es","potentialAction":[{"@type":"ReadAction","target":["https:\/\/aigeviatges.com\/producto\/castells-del-loire-6-dies\/"]}]},{"@type":"BreadcrumbList","@id":"https:\/\/aigeviatges.com\/producto\/castells-del-loire-6-dies\/#breadcrumb","itemListElement":[{"@type":"ListItem","position":1,"name":"Portada","item":"https:\/\/aigeviatges.com\/"},{"@type":"ListItem","position":2,"name":"Tienda","item":"https:\/\/aigeviatges.com\/tienda-2\/"},{"@type":"ListItem","position":3,"name":"CASTELLS DEL LOIRE &#8211; 6 DIES"}]},{"@type":"WebSite","@id":"https:\/\/aigeviatges.com\/#website","url":"https:\/\/aigeviatges.com\/","name":"AIGE Viatges","description":"Agencia de viajes especializada en producto propio para grupos.","publisher":{"@id":"https:\/\/aigeviatges.com\/#organization"},"potentialAction":[{"@type":"SearchAction","target":{"@type":"EntryPoint","urlTemplate":"https:\/\/aigeviatges.com\/?s={search_term_string}"},"query-input":"required name=search_term_string"}],"inLanguage":"es"},{"@type":"Organization","@id":"https:\/\/aigeviatges.com\/#organization","name":"AIGE Viatges","url":"https:\/\/aigeviatges.com\/","logo":{"@type":"ImageObject","inLanguage":"es","@id":"https:\/\/aigeviatges.com\/#\/schema\/logo\/image\/","url":"https:\/\/aigeviatges.com\/wp-content\/uploads\/2020\/03\/aig-viatges-logo-web.png","contentUrl":"https:\/\/aigeviatges.com\/wp-content\/uploads\/2020\/03\/aig-viatges-logo-web.png","width":600,"height":166,"caption":"AIGE Viatges"},"image":{"@id":"https:\/\/aigeviatges.com\/#\/schema\/logo\/image\/"},"sameAs":["https:\/\/www.facebook.com\/viatgesaige\/"]}]}},"jetpack_sharing_enabled":true,"jetpack_likes_enabled":false,"_links":{"self":[{"href":"https:\/\/aigeviatges.com\/es\/wp-json\/wp\/v2\/product\/374","targetHints":{"allow":["GET"]}}],"collection":[{"href":"https:\/\/aigeviatges.com\/es\/wp-json\/wp\/v2\/product"}],"about":[{"href":"https:\/\/aigeviatges.com\/es\/wp-json\/wp\/v2\/types\/product"}],"wp:featuredmedia":[{"embeddable":true,"href":"https:\/\/aigeviatges.com\/es\/wp-json\/wp\/v2\/media\/376"}],"wp:attachment":[{"href":"https:\/\/aigeviatges.com\/es\/wp-json\/wp\/v2\/media?parent=374"}],"wp:term":[{"taxonomy":"product_cat","embeddable":true,"href":"https:\/\/aigeviatges.com\/es\/wp-json\/wp\/v2\/product_cat?post=374"},{"taxonomy":"product_tag","embeddable":true,"href":"https:\/\/aigeviatges.com\/es\/wp-json\/wp\/v2\/product_tag?post=374"}],"curies":[{"name":"wp","href":"https:\/\/api.w.org\/{rel}","templated":true}]}}