{"id":373,"date":"2021-02-08T10:38:16","date_gmt":"2021-02-08T10:38:16","guid":{"rendered":"https:\/\/aigeviatges.com\/?post_type=product&#038;p=373"},"modified":"2021-03-18T14:15:30","modified_gmt":"2021-03-18T14:15:30","slug":"la-vall-de-lot-5-dies","status":"publish","type":"product","link":"https:\/\/aigeviatges.com\/es\/producto\/el-valle-de-lote-5-dias\/","title":{"rendered":"EL VALLE DE LOTE \u2013 5 D\u00cdAS"},"content":{"rendered":"<p><strong>D\u00eda 1: ORIGEN - TOULOUSE - ZONA CAHORS<\/strong><br \/>\nSalida en direcci\u00f3n a La Jonquera y continuaci\u00f3n a Toulouse, llamada la \u201cCiudad Rosa\u201d debido al color dominante en los edificios antiguos, hechos con ladrillo. Almuerzo. Por la tarde visita de esta ciudad hist\u00f3rico-art\u00edstica con un importante patrimonio arquitect\u00f3nico que ha sabido preservar maravillosamente a lo largo de los siglos, es la ciudad francesa con mayor n\u00famero de palacios renacentistas. Seguiremos nuestra ruta hasta las inmediaciones de Cahors. Acomodaci\u00f3n en el hotel. Cena y alojamiento.<\/p>\n<p><strong>D\u00eda 2: CAHORS<\/strong><br \/>\nVisita panor\u00e1mica de Cahors. Descubriremos los monumentos m\u00e1s emblem\u00e1ticos de la historia de Cahors. De los vestigios del anfiteatro hasta la catedral Saint-Etienne, de las arcadas de las tiendas hasta las ventanas renacentistas de las casas de los mercaderes. Veremos el puente Valentr\u00e9, emblema de la ciudad que franquea el r\u00edo con sus tres torres fortificadas, fue declarado Patrimonio Mundial por la UNESCO en el marco de los caminos de Santiago de Compostela. Regreso al hotel. Cena y alojamiento.<\/p>\n<p><strong>D\u00eda 3: GOUFFRE DE PADIRAC \u2013 TREN TURISTICO DEL DORDOGNE<\/strong><br \/>\nSalida a Padirac. Visitaremos una de las maravillas de Francia. La cueva Gouffre Padirac. Bajaremos 103 m. de profundidad, daremos un paseo en barco por el r\u00edo subterr\u00e1neo y sus majestuosas galer\u00edas. Destaca la estalactita gigante de 60 metros de altura, caminaremos hacia el lago de Gours o la Sala de la Gran C\u00fapula cuyo techo se encuentra en 94 metros de altura. \u00c9sta ofrece una multitud de concreciones, candeleros cascadas de calcita, esculturas incre\u00edblemente barrocas y encantadoras, formadas por la naturaleza durante millones de a\u00f1os. Por la tarde realizaremos un recorrido en un tren tur\u00edstico. Una magn\u00edfica locomotora encabeza el tren para transportarnos a un fant\u00e1stico viaje. Un viaje de 13 km ida-vuelta, a m\u00e1s de 80 metros de altura, por la cornisa. Descubriremos el Valle del r\u00edo Dordogne y sus admirables paisajes siguiendo la antigua l\u00ednea de ferrocarril esculpida en los acantilados. Regreso al hotel. Cena y alojamiento.<\/p>\n<p><strong>D\u00eda 4: CHATEAU CENEVIERES \u2013 CRUCERO POR EL R\u00cdO LOTE \u2013 SAINT CIRQ LAPOPIE<\/strong><br \/>\nPor la ma\u00f1ana visitaremos el Ch\u00e2teau de C\u00e9nevi\u00e8res, construido sobre un pico rocoso, fue originalmente una importante plaza medieval, antes de ser transformado en el siglo XVI en palacio renacentista. Alrededor de su elegante patio, la residencia alberga lujosas habitaciones que conservan un magn\u00edfico techo decorado con vistas a Estambul as\u00ed como una ins\u00f3lita sala de alquimia. Continuaremos en Saint-Cirq-Lapopie, una de las villas medievales m\u00e1s bellas de Francia. Despu\u00e9s de comer daremos un paseo en Gavarra por el r\u00edo Lot y podremos contemplar las 7 maravillas del valle y la villa medieval. Regreso al hotel. Cena y alojamiento.<\/p>\n<p><strong>D\u00eda 5: ZONA CAHORS \u2013 NARNONNE (Las Grands Buffets) \u2013 ORIGEN<\/strong><br \/>\nDespu\u00e9s del desayuno, visitaremos Narbona ciudad Hist\u00f3rico-Art\u00edstica, capital de la Galia Narbonesa, residencia de reyes visig\u00f3ticos y ciudad archiepiscopal, con m\u00e1s de 2500 a\u00f1os de antig\u00fcedad, alberga un rico patrimonio. En pleno centro hist\u00f3rico, encontramos la catedral de San Justo y San Pastor declarada Monumento Hist\u00f3rico. Despu\u00e9s de la visita iremos a comer al reconocido \u201cLes Grands Buffets\u201d.<\/p>\n<p><em><strong>\u201cEste espectacular buffet fundado en 1989 por el se\u00f1or Louis Privat, fue creado para dar a conocer la aut\u00e9ntica cocina tradicional y de fiesta francesa. Gracias a sus acuerdos con los productores de la zona, se ofrece la m\u00e1xima calidad en todos sus productos. El buffet se hizo famoso gracias a la retransmisi\u00f3n de uno de los episodios de Masterchef.\u201d<\/strong><\/em><\/p>","protected":false},"excerpt":{"rendered":"<p><strong>INCLUYE:<\/strong><\/p>\n<ul>\n<li>Autocar de lujo<\/li>\n<li>Gu\u00eda acompa\u00f1ante de AIGE<\/li>\n<li>Hotel 3*** tipo IBIS<\/li>\n<li>Pensi\u00f3n completa con agua y vino<\/li>\n<li>Paseo en barco por r\u00edo Lot<\/li>\n<li>Tren de Dordogne<\/li>\n<li>Entrada a la grota de Gouffre de Padirac<\/li>\n<li>Entrada en el Chateau Cenevieres<\/li>\n<li>\u00daltima comida en Les Grands Buffets<\/li>\n<li>Seguro de asistencia en viaje<\/li>\n<\/ul>\n<p><em><strong>Nota sobre el alojamiento: todas las noches en el mismo hotel<\/strong><\/em><\/p>","protected":false},"featured_media":366,"template":"","meta":[],"product_cat":[56,25,35],"product_tag":[],"class_list":["post-373","product","type-product","status-publish","has-post-thumbnail","hentry","product_cat-amb-bus","product_cat-circuits-tot-inclos","product_cat-franca-en-autocar"],"yoast_head":"<!-- This site is optimized with the Yoast SEO plugin v21.7 - https:\/\/yoast.com\/wordpress\/plugins\/seo\/ -->\n<title>LA VALL DE LOT - 5 DIES - AIGE Viatges<\/title>\n<meta name=\"description\" content=\"Agencia de viajes online | Descubre nuestros viajes inolvidables a LA VALL DE LOT - 5 DIES\" \/>\n<meta name=\"robots\" content=\"index, follow, max-snippet:-1, max-image-preview:large, max-video-preview:-1\" \/>\n<link rel=\"canonical\" href=\"https:\/\/aigeviatges.com\/es\/producto\/el-valle-de-lote-5-dias\/\" \/>\n<meta property=\"og:locale\" content=\"es_ES\" \/>\n<meta property=\"og:type\" content=\"article\" \/>\n<meta property=\"og:title\" content=\"LA VALL DE LOT - 5 DIES - AIGE Viatges\" \/>\n<meta property=\"og:description\" content=\"Agencia de viajes online | Descubre nuestros viajes inolvidables a LA VALL DE LOT - 5 DIES\" \/>\n<meta property=\"og:url\" content=\"https:\/\/aigeviatges.com\/es\/producto\/el-valle-de-lote-5-dias\/\" \/>\n<meta property=\"og:site_name\" content=\"AIGE Viatges\" \/>\n<meta property=\"article:publisher\" content=\"https:\/\/www.facebook.com\/viatgesaige\/\" \/>\n<meta property=\"article:modified_time\" content=\"2021-03-18T14:15:30+00:00\" \/>\n<meta property=\"og:image\" content=\"https:\/\/aigeviatges.com\/wp-content\/uploads\/2021\/02\/Saint-Cirq-Lapopie-.jpg\" \/>\n\t<meta property=\"og:image:width\" content=\"922\" \/>\n\t<meta property=\"og:image:height\" content=\"691\" \/>\n\t<meta property=\"og:image:type\" content=\"image\/jpeg\" \/>\n<meta name=\"twitter:card\" content=\"summary_large_image\" \/>\n<meta name=\"twitter:label1\" content=\"Tiempo de lectura\" \/>\n\t<meta name=\"twitter:data1\" content=\"3 minutos\" \/>\n<script type=\"application\/ld+json\" class=\"yoast-schema-graph\">{\"@context\":\"https:\/\/schema.org\",\"@graph\":[{\"@type\":\"WebPage\",\"@id\":\"https:\/\/aigeviatges.com\/producto\/la-vall-de-lot-5-dies\/\",\"url\":\"https:\/\/aigeviatges.com\/producto\/la-vall-de-lot-5-dies\/\",\"name\":\"LA VALL DE LOT - 5 DIES - AIGE Viatges\",\"isPartOf\":{\"@id\":\"https:\/\/aigeviatges.com\/#website\"},\"datePublished\":\"2021-02-08T10:38:16+00:00\",\"dateModified\":\"2021-03-18T14:15:30+00:00\",\"description\":\"Agencia de viajes online | Descubre nuestros viajes inolvidables a LA VALL DE LOT - 5 DIES\",\"breadcrumb\":{\"@id\":\"https:\/\/aigeviatges.com\/producto\/la-vall-de-lot-5-dies\/#breadcrumb\"},\"inLanguage\":\"es\",\"potentialAction\":[{\"@type\":\"ReadAction\",\"target\":[\"https:\/\/aigeviatges.com\/producto\/la-vall-de-lot-5-dies\/\"]}]},{\"@type\":\"BreadcrumbList\",\"@id\":\"https:\/\/aigeviatges.com\/producto\/la-vall-de-lot-5-dies\/#breadcrumb\",\"itemListElement\":[{\"@type\":\"ListItem\",\"position\":1,\"name\":\"Portada\",\"item\":\"https:\/\/aigeviatges.com\/\"},{\"@type\":\"ListItem\",\"position\":2,\"name\":\"Tienda\",\"item\":\"https:\/\/aigeviatges.com\/tienda-2\/\"},{\"@type\":\"ListItem\",\"position\":3,\"name\":\"LA VALL DE LOT &#8211; 5 DIES\"}]},{\"@type\":\"WebSite\",\"@id\":\"https:\/\/aigeviatges.com\/#website\",\"url\":\"https:\/\/aigeviatges.com\/\",\"name\":\"AIGE Viatges\",\"description\":\"Agencia de viajes especializada en producto propio para grupos.\",\"publisher\":{\"@id\":\"https:\/\/aigeviatges.com\/#organization\"},\"potentialAction\":[{\"@type\":\"SearchAction\",\"target\":{\"@type\":\"EntryPoint\",\"urlTemplate\":\"https:\/\/aigeviatges.com\/?s={search_term_string}\"},\"query-input\":\"required name=search_term_string\"}],\"inLanguage\":\"es\"},{\"@type\":\"Organization\",\"@id\":\"https:\/\/aigeviatges.com\/#organization\",\"name\":\"AIGE Viatges\",\"url\":\"https:\/\/aigeviatges.com\/\",\"logo\":{\"@type\":\"ImageObject\",\"inLanguage\":\"es\",\"@id\":\"https:\/\/aigeviatges.com\/#\/schema\/logo\/image\/\",\"url\":\"https:\/\/aigeviatges.com\/wp-content\/uploads\/2020\/03\/aig-viatges-logo-web.png\",\"contentUrl\":\"https:\/\/aigeviatges.com\/wp-content\/uploads\/2020\/03\/aig-viatges-logo-web.png\",\"width\":600,\"height\":166,\"caption\":\"AIGE Viatges\"},\"image\":{\"@id\":\"https:\/\/aigeviatges.com\/#\/schema\/logo\/image\/\"},\"sameAs\":[\"https:\/\/www.facebook.com\/viatgesaige\/\"]}]}<\/script>\n<!-- \/ Yoast SEO plugin. -->","yoast_head_json":{"title":"LA VALL DE LOT - 5 DIES - AIGE Viatges","description":"Agencia de viajes online | Descubre nuestros viajes inolvidables a LA VALL DE LOT - 5 DIES","robots":{"index":"index","follow":"follow","max-snippet":"max-snippet:-1","max-image-preview":"max-image-preview:large","max-video-preview":"max-video-preview:-1"},"canonical":"https:\/\/aigeviatges.com\/es\/producto\/el-valle-de-lote-5-dias\/","og_locale":"es_ES","og_type":"article","og_title":"LA VALL DE LOT - 5 DIES - AIGE Viatges","og_description":"Agencia de viajes online | Descubre nuestros viajes inolvidables a LA VALL DE LOT - 5 DIES","og_url":"https:\/\/aigeviatges.com\/es\/producto\/el-valle-de-lote-5-dias\/","og_site_name":"AIGE Viatges","article_publisher":"https:\/\/www.facebook.com\/viatgesaige\/","article_modified_time":"2021-03-18T14:15:30+00:00","og_image":[{"width":922,"height":691,"url":"https:\/\/aigeviatges.com\/wp-content\/uploads\/2021\/02\/Saint-Cirq-Lapopie-.jpg","type":"image\/jpeg"}],"twitter_card":"summary_large_image","twitter_misc":{"Tiempo de lectura":"3 minutos"},"schema":{"@context":"https:\/\/schema.org","@graph":[{"@type":"WebPage","@id":"https:\/\/aigeviatges.com\/producto\/la-vall-de-lot-5-dies\/","url":"https:\/\/aigeviatges.com\/producto\/la-vall-de-lot-5-dies\/","name":"LA VALL DE LOT - 5 DIES - AIGE Viatges","isPartOf":{"@id":"https:\/\/aigeviatges.com\/#website"},"datePublished":"2021-02-08T10:38:16+00:00","dateModified":"2021-03-18T14:15:30+00:00","description":"Agencia de viajes online | Descubre nuestros viajes inolvidables a LA VALL DE LOT - 5 DIES","breadcrumb":{"@id":"https:\/\/aigeviatges.com\/producto\/la-vall-de-lot-5-dies\/#breadcrumb"},"inLanguage":"es","potentialAction":[{"@type":"ReadAction","target":["https:\/\/aigeviatges.com\/producto\/la-vall-de-lot-5-dies\/"]}]},{"@type":"BreadcrumbList","@id":"https:\/\/aigeviatges.com\/producto\/la-vall-de-lot-5-dies\/#breadcrumb","itemListElement":[{"@type":"ListItem","position":1,"name":"Portada","item":"https:\/\/aigeviatges.com\/"},{"@type":"ListItem","position":2,"name":"Tienda","item":"https:\/\/aigeviatges.com\/tienda-2\/"},{"@type":"ListItem","position":3,"name":"LA VALL DE LOT &#8211; 5 DIES"}]},{"@type":"WebSite","@id":"https:\/\/aigeviatges.com\/#website","url":"https:\/\/aigeviatges.com\/","name":"AIGE Viatges","description":"Agencia de viajes especializada en producto propio para grupos.","publisher":{"@id":"https:\/\/aigeviatges.com\/#organization"},"potentialAction":[{"@type":"SearchAction","target":{"@type":"EntryPoint","urlTemplate":"https:\/\/aigeviatges.com\/?s={search_term_string}"},"query-input":"required name=search_term_string"}],"inLanguage":"es"},{"@type":"Organization","@id":"https:\/\/aigeviatges.com\/#organization","name":"AIGE Viatges","url":"https:\/\/aigeviatges.com\/","logo":{"@type":"ImageObject","inLanguage":"es","@id":"https:\/\/aigeviatges.com\/#\/schema\/logo\/image\/","url":"https:\/\/aigeviatges.com\/wp-content\/uploads\/2020\/03\/aig-viatges-logo-web.png","contentUrl":"https:\/\/aigeviatges.com\/wp-content\/uploads\/2020\/03\/aig-viatges-logo-web.png","width":600,"height":166,"caption":"AIGE Viatges"},"image":{"@id":"https:\/\/aigeviatges.com\/#\/schema\/logo\/image\/"},"sameAs":["https:\/\/www.facebook.com\/viatgesaige\/"]}]}},"jetpack_sharing_enabled":true,"jetpack_likes_enabled":false,"_links":{"self":[{"href":"https:\/\/aigeviatges.com\/es\/wp-json\/wp\/v2\/product\/373","targetHints":{"allow":["GET"]}}],"collection":[{"href":"https:\/\/aigeviatges.com\/es\/wp-json\/wp\/v2\/product"}],"about":[{"href":"https:\/\/aigeviatges.com\/es\/wp-json\/wp\/v2\/types\/product"}],"wp:featuredmedia":[{"embeddable":true,"href":"https:\/\/aigeviatges.com\/es\/wp-json\/wp\/v2\/media\/366"}],"wp:attachment":[{"href":"https:\/\/aigeviatges.com\/es\/wp-json\/wp\/v2\/media?parent=373"}],"wp:term":[{"taxonomy":"product_cat","embeddable":true,"href":"https:\/\/aigeviatges.com\/es\/wp-json\/wp\/v2\/product_cat?post=373"},{"taxonomy":"product_tag","embeddable":true,"href":"https:\/\/aigeviatges.com\/es\/wp-json\/wp\/v2\/product_tag?post=373"}],"curies":[{"name":"wp","href":"https:\/\/api.w.org\/{rel}","templated":true}]}}