{"id":358,"date":"2021-02-05T18:20:26","date_gmt":"2021-02-05T18:20:26","guid":{"rendered":"https:\/\/aigeviatges.com\/?post_type=product&#038;p=358"},"modified":"2021-03-18T13:32:51","modified_gmt":"2021-03-18T13:32:51","slug":"alemanya-ruta-romantica-6-dies","status":"publish","type":"product","link":"https:\/\/aigeviatges.com\/es\/producto\/alemana-ruta-romantica-6-dias\/","title":{"rendered":"ALEMANIA, RUTA ROM\u00c1NTICA \u2013 6 D\u00cdAS"},"content":{"rendered":"<p><strong>D\u00eda 1: BARCELONA \u2013 NUREMBERG \u2013 FRANCONIA<\/strong><br \/>\nTraslado al aeropuerto de Barcelona y salida en avi\u00f3n a N\u00faremberg. Traslado a Ansbach, en medio de la Franconia rom\u00e1ntica. Visitaremos el casco hist\u00f3rico con sus impresionantes edificios. Destaca la Iglesia de San Gumbertus que sirvi\u00f3 a la corte como lugar de culto. En la cripta ducal bajo la iglesia reposan muchos de los pr\u00edncipes y princesas del pa\u00eds. Continuaci\u00f3n hasta el hotel. Acomodaci\u00f3n, cena y alojamiento.<\/p>\n<p><strong>D\u00eda 2: NUREMBERG<\/strong><br \/>\nSalida a Nuremberg. Visitaremos el magn\u00edfico centro hist\u00f3rico medieval, rodeado por 5 km de murallas y cerca de ochenta torreones y torres defensivas. En su interior nos encontraremos muchos edificios importantes y de gran belleza, entre los que destacan el Castillo Imperial, construido en el a\u00f1o 1040, la Iglesia de San Lorenzo y la de San Sebaldo, ambas del s. XIII, el antiguo ayuntamiento, Rathaus, del s. XIV y la casa de Albert Durero. Por la tarde seguiremos disfrutando de esta maravillosa ciudad. Cena y alojamiento en el hotel.<\/p>\n<p><strong>D\u00eda 3: RUTA DE LOS PUEBLOS ROM\u00c1NTICOS ( Schwabische Hall \u2013 Feuchtwangen \u2013 Dinkelsb\u00fchl )<\/strong><br \/>\nSalida a Schwabische Hall, uno de los pueblos m\u00e1s bellos de Alemania, de aire medieval parece haber sido dise\u00f1ado para ser fotografiado. La plaza del mercado a los pies de la iglesia de Sant Miquel, las casas t\u00edpicas con entramado de madera, el r\u00edo o sus calles empedradas, son detalles que lo han convertido en un pueblo de postal. Seguiremos ruta hasta Feuchtwangen, pasearemos por la Marktplatz, el antiguo Ayuntamiento y veremos sus orgullosas casas burguesas. Por la tarde visitaremos Dinkelsb\u00fchl, una peque\u00f1a ciudad medieval fortificada, que pese a la gran cantidad de guerras que han destruido el pa\u00eds, se ha mantenido intacta. Cena y alojamiento en el hotel.<\/p>\n<p><strong>D\u00eda 4: BAMBERG - ERLANGEN<\/strong><br \/>\nSalida a Bamberg, preciosa ciudad medieval declarada Patrimonio de la Humanidad. Visitaremos el casco hist\u00f3rico donde las aguas discurren junto a pintorescas casas y calles empedradas. Veremos el precioso Ayuntamiento situado en una peque\u00f1a isla que queda en medio del r\u00edo. Por la tarde visitaremos Erlangen, una peque\u00f1a ciudad conocida sobre todo por el centro hist\u00f3rico de estilo barroco, el m\u00e1s perfecto de toda Alemania. Fue mandado construir a finales del siglo XVII para albergar a muchos de los protestantes franceses que hab\u00edan sido expulsados de su pa\u00eds. Destaca la Hugenotenplatz, donde vemos buena parte de los edificios hist\u00f3ricos de la villa. Cena y alojamiento en el hotel.<\/p>\n<p><strong>D\u00eda 5: WURZBURG - ROTHENBURG OB DER TAUBER<\/strong><br \/>\nSalida a Wurzburg, ciudad a orillas del Main, en cuyo puente con sus estatuas, la imaginaci\u00f3n nos llevara a Praga. Pasearemos por la ciudad, con su Catedral, su mercado y sus bellas construcciones rococ\u00f3s. Visitaremos la Residencia, magn\u00edfico palacio barroco, con la espectacular escalera de Baltazar Neumann, la c\u00fapula pintada por Ti\u00e9polo, los jardines y la iglesia del palacio, obra maestra del arte barroco. Por la tarde visitaremos Rothenburg ob der Tauber, donde no parece que el tiempo no haya pasado por sus murallas, en la que recorreremos la calle de los se\u00f1ores, veremos la posici\u00f3n elevada sobre el valle del r\u00edo Taube, el antiguo Hospital, la casa del maestro de obras con sus atlantes, el bello Ayuntamiento renacentista. Cena y alojamiento en el hotel.<\/p>\n<p><strong>D\u00eda 6: FRANCONIA \u2013 LUDWISBURG \u2013 STUTTGART \u2013 BARCELONA<\/strong><br \/>\nSalida a Ludwisburgo. Visita del Palacio, uno de los mayores palacios barrocos de Alemania. Construido en 1704 por el duque Eberardo Luis de Wurtemberg, que rein\u00f3 entre 1693 y 1733. Un a\u00f1o m\u00e1s tarde, el sitio fue nombrado \u201cLudwigsburg\u201d. Empez\u00f3 como un pabell\u00f3n de caza. En 1718 se convirti\u00f3 en capital y \u00fanica residencia de los duques de Wurtemberg. Almuerzo en rto. A continuaci\u00f3n traslado al aeropuerto y salida en avi\u00f3n a Barcelona. Llegada y fin de nuestros servicios.<\/p>","protected":false},"excerpt":{"rendered":"<p><strong>INCLUYE:<\/strong><\/p>\n<ul>\n<li>Traslados origen-apt y vuelta (m\u00ednimo 25 pax)<\/li>\n<li>Avi\u00f3n BCN \u2013 Nuremberg \u2013 BCN<\/li>\n<li>Tasas y maleta<\/li>\n<li>Autocar local todo el circuito<\/li>\n<li>Gu\u00eda acompa\u00f1ante de AIGE + gu\u00eda local en Nuremberg<\/li>\n<li>Hotel 3*** o 4**** (seg\u00fan elecci\u00f3n)<\/li>\n<li>Pensi\u00f3n completa con agua (de la cena del d\u00eda 1 al almuerzo del d\u00eda 6)<\/li>\n<li>Entradas: Palacio de Ludwisburg, Residencia de Wurzburg<\/li>\n<li>Seguro de asistencia en viaje<\/li>\n<\/ul>\n<p><strong><em>Nota sobre el alojamiento:\u00a0<\/em><\/strong><strong><em>todas las noches en el mismo hotel<\/em><\/strong><\/p>","protected":false},"featured_media":359,"template":"","meta":[],"product_cat":[34,25],"product_tag":[],"class_list":["post-358","product","type-product","status-publish","has-post-thumbnail","hentry","product_cat-alemanya","product_cat-circuits-tot-inclos"],"yoast_head":"<!-- This site is optimized with the Yoast SEO plugin v21.7 - https:\/\/yoast.com\/wordpress\/plugins\/seo\/ -->\n<title>ALEMANYA, RUTA ROM\u00c0NTICA - 6 DIES - AIGE Viatges<\/title>\n<meta name=\"description\" content=\"Agencia de viajes online | Descubre nuestros viajes inolvidables a ALEMANYA, RUTA ROM\u00c0NTICA - 6 DIES\" \/>\n<meta name=\"robots\" content=\"index, follow, max-snippet:-1, max-image-preview:large, max-video-preview:-1\" \/>\n<link rel=\"canonical\" href=\"https:\/\/aigeviatges.com\/es\/producto\/alemana-ruta-romantica-6-dias\/\" \/>\n<meta property=\"og:locale\" content=\"es_ES\" \/>\n<meta property=\"og:type\" content=\"article\" \/>\n<meta property=\"og:title\" content=\"ALEMANYA, RUTA ROM\u00c0NTICA - 6 DIES - AIGE Viatges\" \/>\n<meta property=\"og:description\" content=\"Agencia de viajes online | Descubre nuestros viajes inolvidables a ALEMANYA, RUTA ROM\u00c0NTICA - 6 DIES\" \/>\n<meta property=\"og:url\" content=\"https:\/\/aigeviatges.com\/es\/producto\/alemana-ruta-romantica-6-dias\/\" \/>\n<meta property=\"og:site_name\" content=\"AIGE Viatges\" \/>\n<meta property=\"article:publisher\" content=\"https:\/\/www.facebook.com\/viatgesaige\/\" \/>\n<meta property=\"article:modified_time\" content=\"2021-03-18T13:32:51+00:00\" \/>\n<meta property=\"og:image\" content=\"https:\/\/aigeviatges.com\/wp-content\/uploads\/2021\/02\/rothenburg.jpg\" \/>\n\t<meta property=\"og:image:width\" content=\"1400\" \/>\n\t<meta property=\"og:image:height\" content=\"931\" \/>\n\t<meta property=\"og:image:type\" content=\"image\/jpeg\" \/>\n<meta name=\"twitter:card\" content=\"summary_large_image\" \/>\n<meta name=\"twitter:label1\" content=\"Tiempo de lectura\" \/>\n\t<meta name=\"twitter:data1\" content=\"3 minutos\" \/>\n<script type=\"application\/ld+json\" class=\"yoast-schema-graph\">{\"@context\":\"https:\/\/schema.org\",\"@graph\":[{\"@type\":\"WebPage\",\"@id\":\"https:\/\/aigeviatges.com\/producto\/alemanya-ruta-romantica-6-dies\/\",\"url\":\"https:\/\/aigeviatges.com\/producto\/alemanya-ruta-romantica-6-dies\/\",\"name\":\"ALEMANYA, RUTA ROM\u00c0NTICA - 6 DIES - AIGE Viatges\",\"isPartOf\":{\"@id\":\"https:\/\/aigeviatges.com\/#website\"},\"datePublished\":\"2021-02-05T18:20:26+00:00\",\"dateModified\":\"2021-03-18T13:32:51+00:00\",\"description\":\"Agencia de viajes online | Descubre nuestros viajes inolvidables a ALEMANYA, RUTA ROM\u00c0NTICA - 6 DIES\",\"breadcrumb\":{\"@id\":\"https:\/\/aigeviatges.com\/producto\/alemanya-ruta-romantica-6-dies\/#breadcrumb\"},\"inLanguage\":\"es\",\"potentialAction\":[{\"@type\":\"ReadAction\",\"target\":[\"https:\/\/aigeviatges.com\/producto\/alemanya-ruta-romantica-6-dies\/\"]}]},{\"@type\":\"BreadcrumbList\",\"@id\":\"https:\/\/aigeviatges.com\/producto\/alemanya-ruta-romantica-6-dies\/#breadcrumb\",\"itemListElement\":[{\"@type\":\"ListItem\",\"position\":1,\"name\":\"Portada\",\"item\":\"https:\/\/aigeviatges.com\/\"},{\"@type\":\"ListItem\",\"position\":2,\"name\":\"Tienda\",\"item\":\"https:\/\/aigeviatges.com\/tienda-2\/\"},{\"@type\":\"ListItem\",\"position\":3,\"name\":\"ALEMANYA, RUTA ROM\u00c0NTICA &#8211; 6 DIES\"}]},{\"@type\":\"WebSite\",\"@id\":\"https:\/\/aigeviatges.com\/#website\",\"url\":\"https:\/\/aigeviatges.com\/\",\"name\":\"AIGE Viatges\",\"description\":\"Agencia de viajes especializada en producto propio para grupos.\",\"publisher\":{\"@id\":\"https:\/\/aigeviatges.com\/#organization\"},\"potentialAction\":[{\"@type\":\"SearchAction\",\"target\":{\"@type\":\"EntryPoint\",\"urlTemplate\":\"https:\/\/aigeviatges.com\/?s={search_term_string}\"},\"query-input\":\"required name=search_term_string\"}],\"inLanguage\":\"es\"},{\"@type\":\"Organization\",\"@id\":\"https:\/\/aigeviatges.com\/#organization\",\"name\":\"AIGE Viatges\",\"url\":\"https:\/\/aigeviatges.com\/\",\"logo\":{\"@type\":\"ImageObject\",\"inLanguage\":\"es\",\"@id\":\"https:\/\/aigeviatges.com\/#\/schema\/logo\/image\/\",\"url\":\"https:\/\/aigeviatges.com\/wp-content\/uploads\/2020\/03\/aig-viatges-logo-web.png\",\"contentUrl\":\"https:\/\/aigeviatges.com\/wp-content\/uploads\/2020\/03\/aig-viatges-logo-web.png\",\"width\":600,\"height\":166,\"caption\":\"AIGE Viatges\"},\"image\":{\"@id\":\"https:\/\/aigeviatges.com\/#\/schema\/logo\/image\/\"},\"sameAs\":[\"https:\/\/www.facebook.com\/viatgesaige\/\"]}]}<\/script>\n<!-- \/ Yoast SEO plugin. -->","yoast_head_json":{"title":"ALEMANYA, RUTA ROM\u00c0NTICA - 6 DIES - AIGE Viatges","description":"Agencia de viajes online | Descubre nuestros viajes inolvidables a ALEMANYA, RUTA ROM\u00c0NTICA - 6 DIES","robots":{"index":"index","follow":"follow","max-snippet":"max-snippet:-1","max-image-preview":"max-image-preview:large","max-video-preview":"max-video-preview:-1"},"canonical":"https:\/\/aigeviatges.com\/es\/producto\/alemana-ruta-romantica-6-dias\/","og_locale":"es_ES","og_type":"article","og_title":"ALEMANYA, RUTA ROM\u00c0NTICA - 6 DIES - AIGE Viatges","og_description":"Agencia de viajes online | Descubre nuestros viajes inolvidables a ALEMANYA, RUTA ROM\u00c0NTICA - 6 DIES","og_url":"https:\/\/aigeviatges.com\/es\/producto\/alemana-ruta-romantica-6-dias\/","og_site_name":"AIGE Viatges","article_publisher":"https:\/\/www.facebook.com\/viatgesaige\/","article_modified_time":"2021-03-18T13:32:51+00:00","og_image":[{"width":1400,"height":931,"url":"https:\/\/aigeviatges.com\/wp-content\/uploads\/2021\/02\/rothenburg.jpg","type":"image\/jpeg"}],"twitter_card":"summary_large_image","twitter_misc":{"Tiempo de lectura":"3 minutos"},"schema":{"@context":"https:\/\/schema.org","@graph":[{"@type":"WebPage","@id":"https:\/\/aigeviatges.com\/producto\/alemanya-ruta-romantica-6-dies\/","url":"https:\/\/aigeviatges.com\/producto\/alemanya-ruta-romantica-6-dies\/","name":"ALEMANYA, RUTA ROM\u00c0NTICA - 6 DIES - AIGE Viatges","isPartOf":{"@id":"https:\/\/aigeviatges.com\/#website"},"datePublished":"2021-02-05T18:20:26+00:00","dateModified":"2021-03-18T13:32:51+00:00","description":"Agencia de viajes online | Descubre nuestros viajes inolvidables a ALEMANYA, RUTA ROM\u00c0NTICA - 6 DIES","breadcrumb":{"@id":"https:\/\/aigeviatges.com\/producto\/alemanya-ruta-romantica-6-dies\/#breadcrumb"},"inLanguage":"es","potentialAction":[{"@type":"ReadAction","target":["https:\/\/aigeviatges.com\/producto\/alemanya-ruta-romantica-6-dies\/"]}]},{"@type":"BreadcrumbList","@id":"https:\/\/aigeviatges.com\/producto\/alemanya-ruta-romantica-6-dies\/#breadcrumb","itemListElement":[{"@type":"ListItem","position":1,"name":"Portada","item":"https:\/\/aigeviatges.com\/"},{"@type":"ListItem","position":2,"name":"Tienda","item":"https:\/\/aigeviatges.com\/tienda-2\/"},{"@type":"ListItem","position":3,"name":"ALEMANYA, RUTA ROM\u00c0NTICA &#8211; 6 DIES"}]},{"@type":"WebSite","@id":"https:\/\/aigeviatges.com\/#website","url":"https:\/\/aigeviatges.com\/","name":"AIGE Viatges","description":"Agencia de viajes especializada en producto propio para grupos.","publisher":{"@id":"https:\/\/aigeviatges.com\/#organization"},"potentialAction":[{"@type":"SearchAction","target":{"@type":"EntryPoint","urlTemplate":"https:\/\/aigeviatges.com\/?s={search_term_string}"},"query-input":"required name=search_term_string"}],"inLanguage":"es"},{"@type":"Organization","@id":"https:\/\/aigeviatges.com\/#organization","name":"AIGE Viatges","url":"https:\/\/aigeviatges.com\/","logo":{"@type":"ImageObject","inLanguage":"es","@id":"https:\/\/aigeviatges.com\/#\/schema\/logo\/image\/","url":"https:\/\/aigeviatges.com\/wp-content\/uploads\/2020\/03\/aig-viatges-logo-web.png","contentUrl":"https:\/\/aigeviatges.com\/wp-content\/uploads\/2020\/03\/aig-viatges-logo-web.png","width":600,"height":166,"caption":"AIGE Viatges"},"image":{"@id":"https:\/\/aigeviatges.com\/#\/schema\/logo\/image\/"},"sameAs":["https:\/\/www.facebook.com\/viatgesaige\/"]}]}},"jetpack_sharing_enabled":true,"jetpack_likes_enabled":false,"_links":{"self":[{"href":"https:\/\/aigeviatges.com\/es\/wp-json\/wp\/v2\/product\/358","targetHints":{"allow":["GET"]}}],"collection":[{"href":"https:\/\/aigeviatges.com\/es\/wp-json\/wp\/v2\/product"}],"about":[{"href":"https:\/\/aigeviatges.com\/es\/wp-json\/wp\/v2\/types\/product"}],"wp:featuredmedia":[{"embeddable":true,"href":"https:\/\/aigeviatges.com\/es\/wp-json\/wp\/v2\/media\/359"}],"wp:attachment":[{"href":"https:\/\/aigeviatges.com\/es\/wp-json\/wp\/v2\/media?parent=358"}],"wp:term":[{"taxonomy":"product_cat","embeddable":true,"href":"https:\/\/aigeviatges.com\/es\/wp-json\/wp\/v2\/product_cat?post=358"},{"taxonomy":"product_tag","embeddable":true,"href":"https:\/\/aigeviatges.com\/es\/wp-json\/wp\/v2\/product_tag?post=358"}],"curies":[{"name":"wp","href":"https:\/\/api.w.org\/{rel}","templated":true}]}}