{"id":3544,"date":"2026-01-22T14:42:25","date_gmt":"2026-01-22T13:42:25","guid":{"rendered":"https:\/\/aigeviatges.com\/?post_type=product&#038;p=3544"},"modified":"2026-01-22T15:15:43","modified_gmt":"2026-01-22T14:15:43","slug":"gran-creuer-dubai-i-emirats-arabs","status":"publish","type":"product","link":"https:\/\/aigeviatges.com\/es\/producto\/gran-crucero-dubai-y-emiratos-arabes\/","title":{"rendered":"GRAN CRUCERO DUBAI Y EMIRATOS \u00c1RABE"},"content":{"rendered":"<p><strong>D\u00eda 0: BARCELONA \u2013 DUBAI \u2013 CRUCERO<\/strong><br \/>\nSalida en avi\u00f3n a Dubai (v\u00eda M\u00fanich).<\/p>\n<p><strong>D\u00eda 1: DUBAI \u2013 CRUCERO<\/strong><br \/>\nLlegada por la ma\u00f1ana y visita de Dubai. Almuerzo. Traslado al barco. Embarque.<\/p>\n<p><strong>D\u00eda 2: CRUCERO (DUBAI)<\/strong><br \/>\nExcursi\u00f3n incluida, a consultar. Por la tarde, inicio de la navegaci\u00f3n.<\/p>\n<p><strong>D\u00eda 3: CRUCERO (ISLA SIR BANI YAS)<\/strong><br \/>\nExcursi\u00f3n incluida, a consultar<\/p>\n<p><strong>D\u00eda 4: CRUCERO (ABU DABI)<\/strong><br \/>\nExcursi\u00f3n incluida, a consultar<\/p>\n<p><strong>D\u00eda 5: CRUCERO (BAHRAIN)<\/strong><br \/>\nExcursi\u00f3n incluida, a consultar<\/p>\n<p><strong>D\u00eda 6: CRUCERO (DOHA)<\/strong><br \/>\nExcursi\u00f3n incluida, a consultar<\/p>\n<p><strong>D\u00eda 7: CRUCERO<\/strong><br \/>\nNavegaci\u00f3n<\/p>\n<p><strong>D\u00eda 8: CRUCERO \u2013 FIN DE CRUCERO \u2013 DUBAI<\/strong><br \/>\nDesembarco. Excursi\u00f3n incluida, a consultar. Almuerzo y traslado al aeropuerto.<\/p>\n<p><strong>D\u00eda 9: DUBAI - BARCELONA<\/strong><br \/>\nSalida en avi\u00f3n a Barcelona (v\u00eda Frankfurt). Llegada por la ma\u00f1ana.<\/p>","protected":false},"excerpt":{"rendered":"<p><strong><u>INCLUYE:<br \/>\n<\/u><\/strong>Precio base en cabina interior<br \/>\nAvi\u00f3n con tasas y maleta<br \/>\n7 noches de crucero + tasas + EXCURSIONES Y VISITAS**<br \/>\nPensi\u00f3n completa<br \/>\nBebidas sin alcohol en las comidas a bordo del crucero<br \/>\nGu\u00eda acompa\u00f1ante + seguro de asistencia en viaje<br \/>\nWIFI<br \/>\nPropinas<\/p>\n<p><strong><u>NO INCLUYE:<br \/>\n<\/u><\/strong>Bebidas en comidas fuera del crucero<\/p>\n<p><strong><u>NOTA IMPORTANTE <\/u>:<br \/>\n**consultar las excursiones y visitas incluidas detalladas<\/strong><\/p>","protected":false},"featured_media":3546,"template":"","meta":[],"product_cat":[18],"product_tag":[],"class_list":["post-3544","product","type-product","status-publish","has-post-thumbnail","hentry","product_cat-circuitos-todo-incluido"],"yoast_head":"<!-- This site is optimized with the Yoast SEO plugin v21.7 - https:\/\/yoast.com\/wordpress\/plugins\/seo\/ -->\n<title>GRAN CREUER DUBAI I EMIRATS ARABS - AIGE Viatges<\/title>\n<meta name=\"description\" content=\"Agencia de viajes online | Descubre nuestros viajes inolvidables a GRAN CREUER DUBAI I EMIRATS ARABS\" \/>\n<meta name=\"robots\" content=\"index, follow, max-snippet:-1, max-image-preview:large, max-video-preview:-1\" \/>\n<link rel=\"canonical\" href=\"https:\/\/aigeviatges.com\/es\/producto\/gran-crucero-dubai-y-emiratos-arabes\/\" \/>\n<meta property=\"og:locale\" content=\"es_ES\" \/>\n<meta property=\"og:type\" content=\"article\" \/>\n<meta property=\"og:title\" content=\"GRAN CREUER DUBAI I EMIRATS ARABS - AIGE Viatges\" \/>\n<meta property=\"og:description\" content=\"Agencia de viajes online | Descubre nuestros viajes inolvidables a GRAN CREUER DUBAI I EMIRATS ARABS\" \/>\n<meta property=\"og:url\" content=\"https:\/\/aigeviatges.com\/es\/producto\/gran-crucero-dubai-y-emiratos-arabes\/\" \/>\n<meta property=\"og:site_name\" content=\"AIGE Viatges\" \/>\n<meta property=\"article:publisher\" content=\"https:\/\/www.facebook.com\/viatgesaige\/\" \/>\n<meta property=\"article:modified_time\" content=\"2026-01-22T14:15:43+00:00\" \/>\n<meta property=\"og:image\" content=\"https:\/\/aigeviatges.com\/wp-content\/uploads\/2026\/01\/Imagen1.jpg\" \/>\n\t<meta property=\"og:image:width\" content=\"718\" \/>\n\t<meta property=\"og:image:height\" content=\"353\" \/>\n\t<meta property=\"og:image:type\" content=\"image\/jpeg\" \/>\n<meta name=\"twitter:card\" content=\"summary_large_image\" \/>\n<meta name=\"twitter:label1\" content=\"Tiempo de lectura\" \/>\n\t<meta name=\"twitter:data1\" content=\"1 minuto\" \/>\n<script type=\"application\/ld+json\" class=\"yoast-schema-graph\">{\"@context\":\"https:\/\/schema.org\",\"@graph\":[{\"@type\":\"WebPage\",\"@id\":\"https:\/\/aigeviatges.com\/producto\/gran-creuer-dubai-i-emirats-arabs\/\",\"url\":\"https:\/\/aigeviatges.com\/producto\/gran-creuer-dubai-i-emirats-arabs\/\",\"name\":\"GRAN CREUER DUBAI I EMIRATS ARABS - AIGE Viatges\",\"isPartOf\":{\"@id\":\"https:\/\/aigeviatges.com\/#website\"},\"datePublished\":\"2026-01-22T13:42:25+00:00\",\"dateModified\":\"2026-01-22T14:15:43+00:00\",\"description\":\"Agencia de viajes online | Descubre nuestros viajes inolvidables a GRAN CREUER DUBAI I EMIRATS ARABS\",\"breadcrumb\":{\"@id\":\"https:\/\/aigeviatges.com\/producto\/gran-creuer-dubai-i-emirats-arabs\/#breadcrumb\"},\"inLanguage\":\"es\",\"potentialAction\":[{\"@type\":\"ReadAction\",\"target\":[\"https:\/\/aigeviatges.com\/producto\/gran-creuer-dubai-i-emirats-arabs\/\"]}]},{\"@type\":\"BreadcrumbList\",\"@id\":\"https:\/\/aigeviatges.com\/producto\/gran-creuer-dubai-i-emirats-arabs\/#breadcrumb\",\"itemListElement\":[{\"@type\":\"ListItem\",\"position\":1,\"name\":\"Portada\",\"item\":\"https:\/\/aigeviatges.com\/\"},{\"@type\":\"ListItem\",\"position\":2,\"name\":\"Tienda\",\"item\":\"https:\/\/aigeviatges.com\/tienda-2\/\"},{\"@type\":\"ListItem\",\"position\":3,\"name\":\"GRAN CREUER DUBAI I EMIRATS ARABS\"}]},{\"@type\":\"WebSite\",\"@id\":\"https:\/\/aigeviatges.com\/#website\",\"url\":\"https:\/\/aigeviatges.com\/\",\"name\":\"AIGE Viatges\",\"description\":\"Agencia de viajes especializada en producto propio para grupos.\",\"publisher\":{\"@id\":\"https:\/\/aigeviatges.com\/#organization\"},\"potentialAction\":[{\"@type\":\"SearchAction\",\"target\":{\"@type\":\"EntryPoint\",\"urlTemplate\":\"https:\/\/aigeviatges.com\/?s={search_term_string}\"},\"query-input\":\"required name=search_term_string\"}],\"inLanguage\":\"es\"},{\"@type\":\"Organization\",\"@id\":\"https:\/\/aigeviatges.com\/#organization\",\"name\":\"AIGE Viatges\",\"url\":\"https:\/\/aigeviatges.com\/\",\"logo\":{\"@type\":\"ImageObject\",\"inLanguage\":\"es\",\"@id\":\"https:\/\/aigeviatges.com\/#\/schema\/logo\/image\/\",\"url\":\"https:\/\/aigeviatges.com\/wp-content\/uploads\/2020\/03\/aig-viatges-logo-web.png\",\"contentUrl\":\"https:\/\/aigeviatges.com\/wp-content\/uploads\/2020\/03\/aig-viatges-logo-web.png\",\"width\":600,\"height\":166,\"caption\":\"AIGE Viatges\"},\"image\":{\"@id\":\"https:\/\/aigeviatges.com\/#\/schema\/logo\/image\/\"},\"sameAs\":[\"https:\/\/www.facebook.com\/viatgesaige\/\"]}]}<\/script>\n<!-- \/ Yoast SEO plugin. -->","yoast_head_json":{"title":"GRAN CREUER DUBAI I EMIRATS ARABS - AIGE Viatges","description":"Agencia de viajes online | Descubre nuestros viajes inolvidables a GRAN CREUER DUBAI I EMIRATS ARABS","robots":{"index":"index","follow":"follow","max-snippet":"max-snippet:-1","max-image-preview":"max-image-preview:large","max-video-preview":"max-video-preview:-1"},"canonical":"https:\/\/aigeviatges.com\/es\/producto\/gran-crucero-dubai-y-emiratos-arabes\/","og_locale":"es_ES","og_type":"article","og_title":"GRAN CREUER DUBAI I EMIRATS ARABS - AIGE Viatges","og_description":"Agencia de viajes online | Descubre nuestros viajes inolvidables a GRAN CREUER DUBAI I EMIRATS ARABS","og_url":"https:\/\/aigeviatges.com\/es\/producto\/gran-crucero-dubai-y-emiratos-arabes\/","og_site_name":"AIGE Viatges","article_publisher":"https:\/\/www.facebook.com\/viatgesaige\/","article_modified_time":"2026-01-22T14:15:43+00:00","og_image":[{"width":718,"height":353,"url":"https:\/\/aigeviatges.com\/wp-content\/uploads\/2026\/01\/Imagen1.jpg","type":"image\/jpeg"}],"twitter_card":"summary_large_image","twitter_misc":{"Tiempo de lectura":"1 minuto"},"schema":{"@context":"https:\/\/schema.org","@graph":[{"@type":"WebPage","@id":"https:\/\/aigeviatges.com\/producto\/gran-creuer-dubai-i-emirats-arabs\/","url":"https:\/\/aigeviatges.com\/producto\/gran-creuer-dubai-i-emirats-arabs\/","name":"GRAN CREUER DUBAI I EMIRATS ARABS - AIGE Viatges","isPartOf":{"@id":"https:\/\/aigeviatges.com\/#website"},"datePublished":"2026-01-22T13:42:25+00:00","dateModified":"2026-01-22T14:15:43+00:00","description":"Agencia de viajes online | Descubre nuestros viajes inolvidables a GRAN CREUER DUBAI I EMIRATS ARABS","breadcrumb":{"@id":"https:\/\/aigeviatges.com\/producto\/gran-creuer-dubai-i-emirats-arabs\/#breadcrumb"},"inLanguage":"es","potentialAction":[{"@type":"ReadAction","target":["https:\/\/aigeviatges.com\/producto\/gran-creuer-dubai-i-emirats-arabs\/"]}]},{"@type":"BreadcrumbList","@id":"https:\/\/aigeviatges.com\/producto\/gran-creuer-dubai-i-emirats-arabs\/#breadcrumb","itemListElement":[{"@type":"ListItem","position":1,"name":"Portada","item":"https:\/\/aigeviatges.com\/"},{"@type":"ListItem","position":2,"name":"Tienda","item":"https:\/\/aigeviatges.com\/tienda-2\/"},{"@type":"ListItem","position":3,"name":"GRAN CREUER DUBAI I EMIRATS ARABS"}]},{"@type":"WebSite","@id":"https:\/\/aigeviatges.com\/#website","url":"https:\/\/aigeviatges.com\/","name":"AIGE Viatges","description":"Agencia de viajes especializada en producto propio para grupos.","publisher":{"@id":"https:\/\/aigeviatges.com\/#organization"},"potentialAction":[{"@type":"SearchAction","target":{"@type":"EntryPoint","urlTemplate":"https:\/\/aigeviatges.com\/?s={search_term_string}"},"query-input":"required name=search_term_string"}],"inLanguage":"es"},{"@type":"Organization","@id":"https:\/\/aigeviatges.com\/#organization","name":"AIGE Viatges","url":"https:\/\/aigeviatges.com\/","logo":{"@type":"ImageObject","inLanguage":"es","@id":"https:\/\/aigeviatges.com\/#\/schema\/logo\/image\/","url":"https:\/\/aigeviatges.com\/wp-content\/uploads\/2020\/03\/aig-viatges-logo-web.png","contentUrl":"https:\/\/aigeviatges.com\/wp-content\/uploads\/2020\/03\/aig-viatges-logo-web.png","width":600,"height":166,"caption":"AIGE Viatges"},"image":{"@id":"https:\/\/aigeviatges.com\/#\/schema\/logo\/image\/"},"sameAs":["https:\/\/www.facebook.com\/viatgesaige\/"]}]}},"jetpack_sharing_enabled":true,"jetpack_likes_enabled":false,"_links":{"self":[{"href":"https:\/\/aigeviatges.com\/es\/wp-json\/wp\/v2\/product\/3544","targetHints":{"allow":["GET"]}}],"collection":[{"href":"https:\/\/aigeviatges.com\/es\/wp-json\/wp\/v2\/product"}],"about":[{"href":"https:\/\/aigeviatges.com\/es\/wp-json\/wp\/v2\/types\/product"}],"wp:featuredmedia":[{"embeddable":true,"href":"https:\/\/aigeviatges.com\/es\/wp-json\/wp\/v2\/media\/3546"}],"wp:attachment":[{"href":"https:\/\/aigeviatges.com\/es\/wp-json\/wp\/v2\/media?parent=3544"}],"wp:term":[{"taxonomy":"product_cat","embeddable":true,"href":"https:\/\/aigeviatges.com\/es\/wp-json\/wp\/v2\/product_cat?post=3544"},{"taxonomy":"product_tag","embeddable":true,"href":"https:\/\/aigeviatges.com\/es\/wp-json\/wp\/v2\/product_tag?post=3544"}],"curies":[{"name":"wp","href":"https:\/\/api.w.org\/{rel}","templated":true}]}}